{"id":10148,"date":"2023-04-09T17:07:21","date_gmt":"2023-04-09T17:07:21","guid":{"rendered":"https:\/\/vorulagerinn.is\/?post_type=product&#038;p=10148"},"modified":"2026-03-05T15:33:03","modified_gmt":"2026-03-05T15:33:03","slug":"geymsluholf-i-skottid-a-bilnum","status":"publish","type":"product","link":"https:\/\/vorulagerinn.is\/en\/product\/geymsluholf-i-skottid-a-bilnum\/","title":{"rendered":"Geymsluh\u00f3lf \u00ed skotti\u00f0 \u00e1 b\u00edlnum"},"content":{"rendered":"","protected":false},"excerpt":{"rendered":"<p>H\u00f3lfin skiptast \u00ed fj\u00f3ra netvasa a\u00f0 ne\u00f0an og fj\u00f6gur h\u00f3lf a\u00f0 ofan me\u00f0 loki. Geymsluh\u00f3lfin eru au\u00f0veld \u00ed uppsetningu og eru einstaklega hentug til a\u00f0 koma \u00e1 g\u00f3\u00f0u skipulagi \u00ed b\u00edlnum.<\/p>\n<p>\u2013 Litur: Svartur<br \/>\n\u2013 St\u00e6r\u00f0: 89\u00d745 cm<br \/>\n\u2013 \u00deyngd: 0,7 kg<br \/>\n\u2013 Efni: Polyester<br \/>\n\u2013 Au\u00f0velt \u00ed uppsetningu<\/p>\n","protected":false},"featured_media":10153,"template":"","meta":[],"product_brand":[],"product_cat":[236,267],"product_tag":[],"class_list":{"0":"post-10148","1":"product","2":"type-product","3":"status-publish","4":"has-post-thumbnail","6":"product_cat-billinn","7":"product_cat-skipulagsvorur","9":"first","10":"instock","11":"sale","12":"featured","13":"taxable","14":"shipping-taxable","15":"purchasable","16":"product-type-simple"},"supplier_id":null,"supplier_sku":"","barcode":null,"atum_controlled":true,"out_stock_date":null,"out_stock_threshold":null,"inheritable":false,"inbound_stock":0,"stock_on_hold":0,"sold_today":0,"sales_last_days":0,"reserved_stock":0,"customer_returns":0,"warehouse_damage":0,"lost_in_post":0,"other_logs":0,"out_stock_days":0,"lost_sales":0,"has_location":false,"update_date":"2026-04-19T00:22:44","atum_locations":[],"atum_stock_status":"instock","restock_status":false,"low_stock_amount":"","sales_update_date":"2026-04-19T00:22:44","calc_backorders":null,"yoast_head":"<!-- This site is optimized with the Yoast SEO Premium plugin v26.6 (Yoast SEO v27.3) - https:\/\/yoast.com\/product\/yoast-seo-premium-wordpress\/ -->\n<title>Geymsluh\u00f3lf \u00ed skotti\u00f0 \u00e1 b\u00edlnum me\u00f0 8 h\u00f3lfum<\/title>\n<meta name=\"description\" content=\"H\u00f3lfin skiptast \u00ed fj\u00f3ra netvasa a\u00f0 ne\u00f0an og fj\u00f6gur h\u00f3lf a\u00f0 ofan me\u00f0 loki. \u00deau eru au\u00f0veld \u00ed uppsetningu og henta vel til a\u00f0 koma \u00e1 g\u00f3\u00f0u skipulagi \u00ed b\u00edlnum.\" \/>\n<meta name=\"robots\" content=\"index, follow, max-snippet:-1, max-image-preview:large, max-video-preview:-1\" \/>\n<link rel=\"canonical\" href=\"https:\/\/vorulagerinn.is\/product\/geymsluholf-i-skottid-a-bilnum\/\" \/>\n<meta property=\"og:locale\" content=\"en_US\" \/>\n<meta property=\"og:type\" content=\"article\" \/>\n<meta property=\"og:title\" content=\"Geymsluh\u00f3lf \u00ed skotti\u00f0 \u00e1 b\u00edlnum\" \/>\n<meta property=\"og:description\" content=\"H\u00f3lfin skiptast \u00ed fj\u00f3ra netvasa a\u00f0 ne\u00f0an og fj\u00f6gur h\u00f3lf a\u00f0 ofan me\u00f0 loki. \u00deau eru au\u00f0veld \u00ed uppsetningu og henta vel til a\u00f0 koma \u00e1 g\u00f3\u00f0u skipulagi \u00ed b\u00edlnum.\" \/>\n<meta property=\"og:url\" content=\"https:\/\/vorulagerinn.is\/product\/geymsluholf-i-skottid-a-bilnum\/\" \/>\n<meta property=\"og:site_name\" content=\"V&ouml;rulagerinn\" \/>\n<meta property=\"article:publisher\" content=\"https:\/\/www.facebook.com\/vorulagerinn\" \/>\n<meta property=\"article:modified_time\" content=\"2026-03-05T15:33:03+00:00\" \/>\n<meta property=\"og:image\" content=\"https:\/\/vorulagerinn.is\/wp-content\/uploads\/2023\/04\/Geymsluholf3.jpg\" \/>\n\t<meta property=\"og:image:width\" content=\"600\" \/>\n\t<meta property=\"og:image:height\" content=\"600\" \/>\n\t<meta property=\"og:image:type\" content=\"image\/jpeg\" \/>\n<meta name=\"twitter:card\" content=\"summary_large_image\" \/>\n<meta name=\"twitter:label1\" content=\"Price\" \/>\n\t<meta name=\"twitter:data1\" content=\"2.730&nbsp;kr.\" \/>\n\t<meta name=\"twitter:label2\" content=\"Availability\" \/>\n\t<meta name=\"twitter:data2\" content=\"In stock\" \/>\n<script type=\"application\/ld+json\" class=\"yoast-schema-graph\">{\"@context\":\"https:\\\/\\\/schema.org\",\"@graph\":[{\"@type\":\"WebPage\",\"@id\":\"https:\\\/\\\/vorulagerinn.is\\\/product\\\/geymsluholf-i-skottid-a-bilnum\\\/\",\"url\":\"https:\\\/\\\/vorulagerinn.is\\\/product\\\/geymsluholf-i-skottid-a-bilnum\\\/\",\"name\":\"Geymsluh\u00f3lf \u00ed skotti\u00f0 \u00e1 b\u00edlnum me\u00f0 8 h\u00f3lfum\",\"isPartOf\":{\"@id\":\"https:\\\/\\\/vorulagerinn.is\\\/#website\"},\"primaryImageOfPage\":{\"@id\":\"https:\\\/\\\/vorulagerinn.is\\\/product\\\/geymsluholf-i-skottid-a-bilnum\\\/#primaryimage\"},\"image\":{\"@id\":\"https:\\\/\\\/vorulagerinn.is\\\/product\\\/geymsluholf-i-skottid-a-bilnum\\\/#primaryimage\"},\"thumbnailUrl\":\"https:\\\/\\\/vorulagerinn.is\\\/wp-content\\\/uploads\\\/2023\\\/04\\\/Geymsluholf3.jpg\",\"datePublished\":\"2023-04-09T17:07:21+00:00\",\"dateModified\":\"2026-03-05T15:33:03+00:00\",\"description\":\"H\u00f3lfin skiptast \u00ed fj\u00f3ra netvasa a\u00f0 ne\u00f0an og fj\u00f6gur h\u00f3lf a\u00f0 ofan me\u00f0 loki. \u00deau eru au\u00f0veld \u00ed uppsetningu og henta vel til a\u00f0 koma \u00e1 g\u00f3\u00f0u skipulagi \u00ed b\u00edlnum.\",\"breadcrumb\":{\"@id\":\"https:\\\/\\\/vorulagerinn.is\\\/product\\\/geymsluholf-i-skottid-a-bilnum\\\/#breadcrumb\"},\"inLanguage\":\"en-US\",\"potentialAction\":[{\"@type\":\"ReadAction\",\"target\":[\"https:\\\/\\\/vorulagerinn.is\\\/product\\\/geymsluholf-i-skottid-a-bilnum\\\/\"]}]},{\"@type\":\"ImageObject\",\"inLanguage\":\"en-US\",\"@id\":\"https:\\\/\\\/vorulagerinn.is\\\/product\\\/geymsluholf-i-skottid-a-bilnum\\\/#primaryimage\",\"url\":\"https:\\\/\\\/vorulagerinn.is\\\/wp-content\\\/uploads\\\/2023\\\/04\\\/Geymsluholf3.jpg\",\"contentUrl\":\"https:\\\/\\\/vorulagerinn.is\\\/wp-content\\\/uploads\\\/2023\\\/04\\\/Geymsluholf3.jpg\",\"width\":600,\"height\":600},{\"@type\":\"BreadcrumbList\",\"@id\":\"https:\\\/\\\/vorulagerinn.is\\\/product\\\/geymsluholf-i-skottid-a-bilnum\\\/#breadcrumb\",\"itemListElement\":[{\"@type\":\"ListItem\",\"position\":1,\"name\":\"Home\",\"item\":\"https:\\\/\\\/vorulagerinn.is\\\/\"},{\"@type\":\"ListItem\",\"position\":2,\"name\":\"Shop\",\"item\":\"https:\\\/\\\/vorulagerinn.is\\\/en\\\/shop\\\/\"},{\"@type\":\"ListItem\",\"position\":3,\"name\":\"Geymsluh\u00f3lf \u00ed skotti\u00f0 \u00e1 b\u00edlnum\"}]},{\"@type\":\"WebSite\",\"@id\":\"https:\\\/\\\/vorulagerinn.is\\\/#website\",\"url\":\"https:\\\/\\\/vorulagerinn.is\\\/\",\"name\":\"V\u00f6rulagerinn\",\"description\":\"L\u00e1ttu \u00fea\u00f0 eftir \u00fe\u00e9r\",\"publisher\":{\"@id\":\"https:\\\/\\\/vorulagerinn.is\\\/#organization\"},\"potentialAction\":[{\"@type\":\"SearchAction\",\"target\":{\"@type\":\"EntryPoint\",\"urlTemplate\":\"https:\\\/\\\/vorulagerinn.is\\\/?s={search_term_string}\"},\"query-input\":{\"@type\":\"PropertyValueSpecification\",\"valueRequired\":true,\"valueName\":\"search_term_string\"}}],\"inLanguage\":\"en-US\"},{\"@type\":\"Organization\",\"@id\":\"https:\\\/\\\/vorulagerinn.is\\\/#organization\",\"name\":\"V\u00f6rulagerinn\",\"url\":\"https:\\\/\\\/vorulagerinn.is\\\/\",\"logo\":{\"@type\":\"ImageObject\",\"inLanguage\":\"en-US\",\"@id\":\"https:\\\/\\\/vorulagerinn.is\\\/#\\\/schema\\\/logo\\\/image\\\/\",\"url\":\"https:\\\/\\\/vorulagerinn.is\\\/wp-content\\\/uploads\\\/2022\\\/09\\\/Vorulagerinn-Logo-588x160-1.png\",\"contentUrl\":\"https:\\\/\\\/vorulagerinn.is\\\/wp-content\\\/uploads\\\/2022\\\/09\\\/Vorulagerinn-Logo-588x160-1.png\",\"width\":588,\"height\":160,\"caption\":\"V\u00f6rulagerinn\"},\"image\":{\"@id\":\"https:\\\/\\\/vorulagerinn.is\\\/#\\\/schema\\\/logo\\\/image\\\/\"},\"sameAs\":[\"https:\\\/\\\/www.facebook.com\\\/vorulagerinn\",\"https:\\\/\\\/www.instagram.com\\\/vorulagerinn\\\/\"]}]}<\/script>\n<meta property=\"product:price:amount\" content=\"2730\" \/>\n<meta property=\"product:price:currency\" content=\"ISK\" \/>\n<meta property=\"og:availability\" content=\"instock\" \/>\n<meta property=\"product:availability\" content=\"instock\" \/>\n<meta property=\"product:retailer_item_id\" content=\"V70\" \/>\n<meta property=\"product:condition\" content=\"new\" \/>\n<!-- \/ Yoast SEO Premium plugin. -->","yoast_head_json":{"title":"Geymsluh\u00f3lf \u00ed skotti\u00f0 \u00e1 b\u00edlnum me\u00f0 8 h\u00f3lfum","description":"H\u00f3lfin skiptast \u00ed fj\u00f3ra netvasa a\u00f0 ne\u00f0an og fj\u00f6gur h\u00f3lf a\u00f0 ofan me\u00f0 loki. \u00deau eru au\u00f0veld \u00ed uppsetningu og henta vel til a\u00f0 koma \u00e1 g\u00f3\u00f0u skipulagi \u00ed b\u00edlnum.","robots":{"index":"index","follow":"follow","max-snippet":"max-snippet:-1","max-image-preview":"max-image-preview:large","max-video-preview":"max-video-preview:-1"},"canonical":"https:\/\/vorulagerinn.is\/product\/geymsluholf-i-skottid-a-bilnum\/","og_locale":"en_US","og_type":"article","og_title":"Geymsluh\u00f3lf \u00ed skotti\u00f0 \u00e1 b\u00edlnum","og_description":"H\u00f3lfin skiptast \u00ed fj\u00f3ra netvasa a\u00f0 ne\u00f0an og fj\u00f6gur h\u00f3lf a\u00f0 ofan me\u00f0 loki. \u00deau eru au\u00f0veld \u00ed uppsetningu og henta vel til a\u00f0 koma \u00e1 g\u00f3\u00f0u skipulagi \u00ed b\u00edlnum.","og_url":"https:\/\/vorulagerinn.is\/product\/geymsluholf-i-skottid-a-bilnum\/","og_site_name":"V&ouml;rulagerinn","article_publisher":"https:\/\/www.facebook.com\/vorulagerinn","article_modified_time":"2026-03-05T15:33:03+00:00","og_image":[{"width":600,"height":600,"url":"https:\/\/vorulagerinn.is\/wp-content\/uploads\/2023\/04\/Geymsluholf3.jpg","type":"image\/jpeg"}],"twitter_card":"summary_large_image","twitter_misc":{"Price":"2.730&nbsp;kr.","Availability":"In stock"},"schema":{"@context":"https:\/\/schema.org","@graph":[{"@type":"WebPage","@id":"https:\/\/vorulagerinn.is\/product\/geymsluholf-i-skottid-a-bilnum\/","url":"https:\/\/vorulagerinn.is\/product\/geymsluholf-i-skottid-a-bilnum\/","name":"Geymsluh\u00f3lf \u00ed skotti\u00f0 \u00e1 b\u00edlnum me\u00f0 8 h\u00f3lfum","isPartOf":{"@id":"https:\/\/vorulagerinn.is\/#website"},"primaryImageOfPage":{"@id":"https:\/\/vorulagerinn.is\/product\/geymsluholf-i-skottid-a-bilnum\/#primaryimage"},"image":{"@id":"https:\/\/vorulagerinn.is\/product\/geymsluholf-i-skottid-a-bilnum\/#primaryimage"},"thumbnailUrl":"https:\/\/vorulagerinn.is\/wp-content\/uploads\/2023\/04\/Geymsluholf3.jpg","datePublished":"2023-04-09T17:07:21+00:00","dateModified":"2026-03-05T15:33:03+00:00","description":"H\u00f3lfin skiptast \u00ed fj\u00f3ra netvasa a\u00f0 ne\u00f0an og fj\u00f6gur h\u00f3lf a\u00f0 ofan me\u00f0 loki. \u00deau eru au\u00f0veld \u00ed uppsetningu og henta vel til a\u00f0 koma \u00e1 g\u00f3\u00f0u skipulagi \u00ed b\u00edlnum.","breadcrumb":{"@id":"https:\/\/vorulagerinn.is\/product\/geymsluholf-i-skottid-a-bilnum\/#breadcrumb"},"inLanguage":"en-US","potentialAction":[{"@type":"ReadAction","target":["https:\/\/vorulagerinn.is\/product\/geymsluholf-i-skottid-a-bilnum\/"]}]},{"@type":"ImageObject","inLanguage":"en-US","@id":"https:\/\/vorulagerinn.is\/product\/geymsluholf-i-skottid-a-bilnum\/#primaryimage","url":"https:\/\/vorulagerinn.is\/wp-content\/uploads\/2023\/04\/Geymsluholf3.jpg","contentUrl":"https:\/\/vorulagerinn.is\/wp-content\/uploads\/2023\/04\/Geymsluholf3.jpg","width":600,"height":600},{"@type":"BreadcrumbList","@id":"https:\/\/vorulagerinn.is\/product\/geymsluholf-i-skottid-a-bilnum\/#breadcrumb","itemListElement":[{"@type":"ListItem","position":1,"name":"Home","item":"https:\/\/vorulagerinn.is\/"},{"@type":"ListItem","position":2,"name":"Shop","item":"https:\/\/vorulagerinn.is\/en\/shop\/"},{"@type":"ListItem","position":3,"name":"Geymsluh\u00f3lf \u00ed skotti\u00f0 \u00e1 b\u00edlnum"}]},{"@type":"WebSite","@id":"https:\/\/vorulagerinn.is\/#website","url":"https:\/\/vorulagerinn.is\/","name":"V\u00f6rulagerinn","description":"L\u00e1ttu \u00fea\u00f0 eftir \u00fe\u00e9r","publisher":{"@id":"https:\/\/vorulagerinn.is\/#organization"},"potentialAction":[{"@type":"SearchAction","target":{"@type":"EntryPoint","urlTemplate":"https:\/\/vorulagerinn.is\/?s={search_term_string}"},"query-input":{"@type":"PropertyValueSpecification","valueRequired":true,"valueName":"search_term_string"}}],"inLanguage":"en-US"},{"@type":"Organization","@id":"https:\/\/vorulagerinn.is\/#organization","name":"V\u00f6rulagerinn","url":"https:\/\/vorulagerinn.is\/","logo":{"@type":"ImageObject","inLanguage":"en-US","@id":"https:\/\/vorulagerinn.is\/#\/schema\/logo\/image\/","url":"https:\/\/vorulagerinn.is\/wp-content\/uploads\/2022\/09\/Vorulagerinn-Logo-588x160-1.png","contentUrl":"https:\/\/vorulagerinn.is\/wp-content\/uploads\/2022\/09\/Vorulagerinn-Logo-588x160-1.png","width":588,"height":160,"caption":"V\u00f6rulagerinn"},"image":{"@id":"https:\/\/vorulagerinn.is\/#\/schema\/logo\/image\/"},"sameAs":["https:\/\/www.facebook.com\/vorulagerinn","https:\/\/www.instagram.com\/vorulagerinn\/"]}]},"product_price_amount":"2730","product_price_currency":"ISK","og_availability":"instock","product_availability":"instock","product_retailer_item_id":"V70","product_condition":"new"},"_links":{"self":[{"href":"https:\/\/vorulagerinn.is\/en\/wp-json\/wp\/v2\/product\/10148","targetHints":{"allow":["GET"]}}],"collection":[{"href":"https:\/\/vorulagerinn.is\/en\/wp-json\/wp\/v2\/product"}],"about":[{"href":"https:\/\/vorulagerinn.is\/en\/wp-json\/wp\/v2\/types\/product"}],"wp:featuredmedia":[{"embeddable":true,"href":"https:\/\/vorulagerinn.is\/en\/wp-json\/wp\/v2\/media\/10153"}],"wp:attachment":[{"href":"https:\/\/vorulagerinn.is\/en\/wp-json\/wp\/v2\/media?parent=10148"}],"wp:term":[{"taxonomy":"product_brand","embeddable":true,"href":"https:\/\/vorulagerinn.is\/en\/wp-json\/wp\/v2\/product_brand?post=10148"},{"taxonomy":"product_cat","embeddable":true,"href":"https:\/\/vorulagerinn.is\/en\/wp-json\/wp\/v2\/product_cat?post=10148"},{"taxonomy":"product_tag","embeddable":true,"href":"https:\/\/vorulagerinn.is\/en\/wp-json\/wp\/v2\/product_tag?post=10148"}],"curies":[{"name":"wp","href":"https:\/\/api.w.org\/{rel}","templated":true}]}}