{"id":10313,"date":"2023-04-15T10:54:54","date_gmt":"2023-04-15T10:54:54","guid":{"rendered":"https:\/\/vorulagerinn.is\/?post_type=product&#038;p=10313"},"modified":"2026-02-17T08:56:50","modified_gmt":"2026-02-17T08:56:50","slug":"leikjatolva-med-10-000-innbyggdum-retro-leikjum-4k-thradlaus","status":"publish","type":"product","link":"https:\/\/vorulagerinn.is\/en\/product\/leikjatolva-med-10-000-innbyggdum-retro-leikjum-4k-thradlaus\/","title":{"rendered":"Leikjat\u00f6lva me\u00f0 15.000 innbygg\u00f0um retro leikjum (4K &amp; \u00fer\u00e1\u00f0laus)"},"content":{"rendered":"","protected":false},"excerpt":{"rendered":"<p>Leikjat\u00f6lvan (4K) er me\u00f0 15.000 innbygg\u00f0a retro t\u00f6lvuleiki fr\u00e1 mismunandi leikjav\u00e9lum \u00e1 bor\u00f0 vi\u00f0 MAME, FC, GB, GBA, GBC, MD, SFC, PS1 og ATARI. \u00dea\u00f0 fer l\u00edti\u00f0 sem ekkert fyrir leikjat\u00f6lvunni sem l\u00edtur \u00fat eins og minniskubbur sem stungi\u00f0 er aftan \u00ed sj\u00f3nvarpi\u00f0. Leikjat\u00f6lvan hentar \u00f6llum aldursh\u00f3pum fr\u00e1 5 \u00e1ra aldri og er sannk\u00f6llu\u00f0 nostralg\u00eda.<\/p>\n<p>Uppsetningin er afar einf\u00f6ld: Fyrst stingur \u00fe\u00fa USB aftan \u00e1 HDMI kubbinn. N\u00e6st er USB sn\u00farunni stungi\u00f0 aftan \u00ed HDMI kubbinn og hinn endann aftan \u00e1 sj\u00f3nvarpi\u00f0. N\u00e6st stingur \u00fe\u00fa HDMI kubbnum aftan \u00ed sj\u00f3nvarpi\u00f0 (plug and play) og byrjar a\u00f0 spila.<\/p>\n<p>&#8211; Litur: Svartur<br \/>\n&#8211; St\u00e6r\u00f0: 23,5 x 18 x 7 cm<br \/>\n&#8211; \u00deyngd: 0,8 kg<br \/>\n&#8211; Efni: ABS<br \/>\n&#8211; 2x \u00fer\u00e1\u00f0lausar fjarst\u00fdringar (AAA rafhla\u00f0a)<br \/>\n&#8211; 15.000 retro t\u00f6lvuleikir (save options)<br \/>\n&#8211; Tungum\u00e1l: Enska<br \/>\n&#8211; HDMI (plug &amp; Play)<br \/>\n&#8211; 4K<\/p>\n","protected":false},"featured_media":25852,"template":"","meta":[],"product_brand":[],"product_cat":[224],"product_tag":[],"class_list":{"0":"post-10313","1":"product","2":"type-product","3":"status-publish","4":"has-post-thumbnail","6":"product_cat-leikjavelar-raftaeki","8":"first","9":"instock","10":"sale","11":"taxable","12":"shipping-taxable","13":"purchasable","14":"product-type-simple"},"supplier_id":null,"supplier_sku":"","barcode":null,"atum_controlled":true,"out_stock_date":null,"out_stock_threshold":null,"inheritable":false,"inbound_stock":0,"stock_on_hold":0,"sold_today":0,"sales_last_days":0,"reserved_stock":0,"customer_returns":0,"warehouse_damage":0,"lost_in_post":0,"other_logs":0,"out_stock_days":0,"lost_sales":0,"has_location":false,"update_date":"2026-04-19T00:23:34","atum_locations":[],"atum_stock_status":"instock","restock_status":false,"low_stock_amount":"","sales_update_date":"2026-04-19T00:23:34","calc_backorders":null,"yoast_head":"<!-- This site is optimized with the Yoast SEO Premium plugin v26.6 (Yoast SEO v27.3) - https:\/\/yoast.com\/product\/yoast-seo-premium-wordpress\/ -->\n<title>4K leikjat\u00f6lva me\u00f0 innbygg\u00f0um 15.000 retro leikjum (\u00fer\u00e1\u00f0laus)<\/title>\n<meta name=\"description\" content=\"Leikjat\u00f6lvan er sannk\u00f6llu\u00f0 nostralg\u00eda. H\u00fan inniheldur g\u00f6mlu g\u00f3\u00f0u leikina \u00e1 bor\u00f0 vi\u00f0 Simpsons, Mortal Kombat, Aladdin, Batman o.s.frv.\" \/>\n<meta name=\"robots\" content=\"index, follow, max-snippet:-1, max-image-preview:large, max-video-preview:-1\" \/>\n<link rel=\"canonical\" href=\"https:\/\/vorulagerinn.is\/product\/leikjatolva-med-10-000-innbyggdum-retro-leikjum-4k-thradlaus\/\" \/>\n<meta property=\"og:locale\" content=\"en_US\" \/>\n<meta property=\"og:type\" content=\"article\" \/>\n<meta property=\"og:title\" content=\"Leikjat\u00f6lva me\u00f0 15.000 innbygg\u00f0um retro leikjum (4K &amp; \u00fer\u00e1\u00f0laus)\" \/>\n<meta property=\"og:description\" content=\"Leikjat\u00f6lvan er sannk\u00f6llu\u00f0 nostralg\u00eda. H\u00fan inniheldur g\u00f6mlu g\u00f3\u00f0u leikina \u00e1 bor\u00f0 vi\u00f0 Simpsons, Mortal Kombat, Aladdin, Batman o.s.frv.\" \/>\n<meta property=\"og:url\" content=\"https:\/\/vorulagerinn.is\/product\/leikjatolva-med-10-000-innbyggdum-retro-leikjum-4k-thradlaus\/\" \/>\n<meta property=\"og:site_name\" content=\"V&ouml;rulagerinn\" \/>\n<meta property=\"article:publisher\" content=\"https:\/\/www.facebook.com\/vorulagerinn\" \/>\n<meta property=\"article:modified_time\" content=\"2026-02-17T08:56:50+00:00\" \/>\n<meta property=\"og:image\" content=\"https:\/\/vorulagerinn.is\/wp-content\/uploads\/2023\/04\/Leikjatolva-15000.jpg\" \/>\n\t<meta property=\"og:image:width\" content=\"600\" \/>\n\t<meta property=\"og:image:height\" content=\"600\" \/>\n\t<meta property=\"og:image:type\" content=\"image\/jpeg\" \/>\n<meta name=\"twitter:card\" content=\"summary_large_image\" \/>\n<meta name=\"twitter:label1\" content=\"Price\" \/>\n\t<meta name=\"twitter:data1\" content=\"5.990&nbsp;kr.\" \/>\n\t<meta name=\"twitter:label2\" content=\"Availability\" \/>\n\t<meta name=\"twitter:data2\" content=\"In stock\" \/>\n<script type=\"application\/ld+json\" class=\"yoast-schema-graph\">{\"@context\":\"https:\\\/\\\/schema.org\",\"@graph\":[{\"@type\":\"WebPage\",\"@id\":\"https:\\\/\\\/vorulagerinn.is\\\/product\\\/leikjatolva-med-10-000-innbyggdum-retro-leikjum-4k-thradlaus\\\/\",\"url\":\"https:\\\/\\\/vorulagerinn.is\\\/product\\\/leikjatolva-med-10-000-innbyggdum-retro-leikjum-4k-thradlaus\\\/\",\"name\":\"4K leikjat\u00f6lva me\u00f0 innbygg\u00f0um 15.000 retro leikjum (\u00fer\u00e1\u00f0laus)\",\"isPartOf\":{\"@id\":\"https:\\\/\\\/vorulagerinn.is\\\/#website\"},\"primaryImageOfPage\":{\"@id\":\"https:\\\/\\\/vorulagerinn.is\\\/product\\\/leikjatolva-med-10-000-innbyggdum-retro-leikjum-4k-thradlaus\\\/#primaryimage\"},\"image\":{\"@id\":\"https:\\\/\\\/vorulagerinn.is\\\/product\\\/leikjatolva-med-10-000-innbyggdum-retro-leikjum-4k-thradlaus\\\/#primaryimage\"},\"thumbnailUrl\":\"https:\\\/\\\/vorulagerinn.is\\\/wp-content\\\/uploads\\\/2023\\\/04\\\/Leikjatolva-15000.jpg\",\"datePublished\":\"2023-04-15T10:54:54+00:00\",\"dateModified\":\"2026-02-17T08:56:50+00:00\",\"description\":\"Leikjat\u00f6lvan er sannk\u00f6llu\u00f0 nostralg\u00eda. H\u00fan inniheldur g\u00f6mlu g\u00f3\u00f0u leikina \u00e1 bor\u00f0 vi\u00f0 Simpsons, Mortal Kombat, Aladdin, Batman o.s.frv.\",\"breadcrumb\":{\"@id\":\"https:\\\/\\\/vorulagerinn.is\\\/product\\\/leikjatolva-med-10-000-innbyggdum-retro-leikjum-4k-thradlaus\\\/#breadcrumb\"},\"inLanguage\":\"en-US\",\"potentialAction\":[{\"@type\":\"ReadAction\",\"target\":[\"https:\\\/\\\/vorulagerinn.is\\\/product\\\/leikjatolva-med-10-000-innbyggdum-retro-leikjum-4k-thradlaus\\\/\"]}]},{\"@type\":\"ImageObject\",\"inLanguage\":\"en-US\",\"@id\":\"https:\\\/\\\/vorulagerinn.is\\\/product\\\/leikjatolva-med-10-000-innbyggdum-retro-leikjum-4k-thradlaus\\\/#primaryimage\",\"url\":\"https:\\\/\\\/vorulagerinn.is\\\/wp-content\\\/uploads\\\/2023\\\/04\\\/Leikjatolva-15000.jpg\",\"contentUrl\":\"https:\\\/\\\/vorulagerinn.is\\\/wp-content\\\/uploads\\\/2023\\\/04\\\/Leikjatolva-15000.jpg\",\"width\":600,\"height\":600},{\"@type\":\"BreadcrumbList\",\"@id\":\"https:\\\/\\\/vorulagerinn.is\\\/product\\\/leikjatolva-med-10-000-innbyggdum-retro-leikjum-4k-thradlaus\\\/#breadcrumb\",\"itemListElement\":[{\"@type\":\"ListItem\",\"position\":1,\"name\":\"Home\",\"item\":\"https:\\\/\\\/vorulagerinn.is\\\/\"},{\"@type\":\"ListItem\",\"position\":2,\"name\":\"Shop\",\"item\":\"https:\\\/\\\/vorulagerinn.is\\\/en\\\/shop\\\/\"},{\"@type\":\"ListItem\",\"position\":3,\"name\":\"Leikjat\u00f6lva me\u00f0 15.000 innbygg\u00f0um retro leikjum (4K &amp; \u00fer\u00e1\u00f0laus)\"}]},{\"@type\":\"WebSite\",\"@id\":\"https:\\\/\\\/vorulagerinn.is\\\/#website\",\"url\":\"https:\\\/\\\/vorulagerinn.is\\\/\",\"name\":\"V\u00f6rulagerinn\",\"description\":\"L\u00e1ttu \u00fea\u00f0 eftir \u00fe\u00e9r\",\"publisher\":{\"@id\":\"https:\\\/\\\/vorulagerinn.is\\\/#organization\"},\"potentialAction\":[{\"@type\":\"SearchAction\",\"target\":{\"@type\":\"EntryPoint\",\"urlTemplate\":\"https:\\\/\\\/vorulagerinn.is\\\/?s={search_term_string}\"},\"query-input\":{\"@type\":\"PropertyValueSpecification\",\"valueRequired\":true,\"valueName\":\"search_term_string\"}}],\"inLanguage\":\"en-US\"},{\"@type\":\"Organization\",\"@id\":\"https:\\\/\\\/vorulagerinn.is\\\/#organization\",\"name\":\"V\u00f6rulagerinn\",\"url\":\"https:\\\/\\\/vorulagerinn.is\\\/\",\"logo\":{\"@type\":\"ImageObject\",\"inLanguage\":\"en-US\",\"@id\":\"https:\\\/\\\/vorulagerinn.is\\\/#\\\/schema\\\/logo\\\/image\\\/\",\"url\":\"https:\\\/\\\/vorulagerinn.is\\\/wp-content\\\/uploads\\\/2022\\\/09\\\/Vorulagerinn-Logo-588x160-1.png\",\"contentUrl\":\"https:\\\/\\\/vorulagerinn.is\\\/wp-content\\\/uploads\\\/2022\\\/09\\\/Vorulagerinn-Logo-588x160-1.png\",\"width\":588,\"height\":160,\"caption\":\"V\u00f6rulagerinn\"},\"image\":{\"@id\":\"https:\\\/\\\/vorulagerinn.is\\\/#\\\/schema\\\/logo\\\/image\\\/\"},\"sameAs\":[\"https:\\\/\\\/www.facebook.com\\\/vorulagerinn\",\"https:\\\/\\\/www.instagram.com\\\/vorulagerinn\\\/\"]}]}<\/script>\n<meta property=\"product:price:amount\" content=\"5990\" \/>\n<meta property=\"product:price:currency\" content=\"ISK\" \/>\n<meta property=\"og:availability\" content=\"instock\" \/>\n<meta property=\"product:availability\" content=\"instock\" \/>\n<meta property=\"product:retailer_item_id\" content=\"V68\" \/>\n<meta property=\"product:condition\" content=\"new\" \/>\n<!-- \/ Yoast SEO Premium plugin. -->","yoast_head_json":{"title":"4K leikjat\u00f6lva me\u00f0 innbygg\u00f0um 15.000 retro leikjum (\u00fer\u00e1\u00f0laus)","description":"Leikjat\u00f6lvan er sannk\u00f6llu\u00f0 nostralg\u00eda. H\u00fan inniheldur g\u00f6mlu g\u00f3\u00f0u leikina \u00e1 bor\u00f0 vi\u00f0 Simpsons, Mortal Kombat, Aladdin, Batman o.s.frv.","robots":{"index":"index","follow":"follow","max-snippet":"max-snippet:-1","max-image-preview":"max-image-preview:large","max-video-preview":"max-video-preview:-1"},"canonical":"https:\/\/vorulagerinn.is\/product\/leikjatolva-med-10-000-innbyggdum-retro-leikjum-4k-thradlaus\/","og_locale":"en_US","og_type":"article","og_title":"Leikjat\u00f6lva me\u00f0 15.000 innbygg\u00f0um retro leikjum (4K &amp; \u00fer\u00e1\u00f0laus)","og_description":"Leikjat\u00f6lvan er sannk\u00f6llu\u00f0 nostralg\u00eda. H\u00fan inniheldur g\u00f6mlu g\u00f3\u00f0u leikina \u00e1 bor\u00f0 vi\u00f0 Simpsons, Mortal Kombat, Aladdin, Batman o.s.frv.","og_url":"https:\/\/vorulagerinn.is\/product\/leikjatolva-med-10-000-innbyggdum-retro-leikjum-4k-thradlaus\/","og_site_name":"V&ouml;rulagerinn","article_publisher":"https:\/\/www.facebook.com\/vorulagerinn","article_modified_time":"2026-02-17T08:56:50+00:00","og_image":[{"width":600,"height":600,"url":"https:\/\/vorulagerinn.is\/wp-content\/uploads\/2023\/04\/Leikjatolva-15000.jpg","type":"image\/jpeg"}],"twitter_card":"summary_large_image","twitter_misc":{"Price":"5.990&nbsp;kr.","Availability":"In stock"},"schema":{"@context":"https:\/\/schema.org","@graph":[{"@type":"WebPage","@id":"https:\/\/vorulagerinn.is\/product\/leikjatolva-med-10-000-innbyggdum-retro-leikjum-4k-thradlaus\/","url":"https:\/\/vorulagerinn.is\/product\/leikjatolva-med-10-000-innbyggdum-retro-leikjum-4k-thradlaus\/","name":"4K leikjat\u00f6lva me\u00f0 innbygg\u00f0um 15.000 retro leikjum (\u00fer\u00e1\u00f0laus)","isPartOf":{"@id":"https:\/\/vorulagerinn.is\/#website"},"primaryImageOfPage":{"@id":"https:\/\/vorulagerinn.is\/product\/leikjatolva-med-10-000-innbyggdum-retro-leikjum-4k-thradlaus\/#primaryimage"},"image":{"@id":"https:\/\/vorulagerinn.is\/product\/leikjatolva-med-10-000-innbyggdum-retro-leikjum-4k-thradlaus\/#primaryimage"},"thumbnailUrl":"https:\/\/vorulagerinn.is\/wp-content\/uploads\/2023\/04\/Leikjatolva-15000.jpg","datePublished":"2023-04-15T10:54:54+00:00","dateModified":"2026-02-17T08:56:50+00:00","description":"Leikjat\u00f6lvan er sannk\u00f6llu\u00f0 nostralg\u00eda. H\u00fan inniheldur g\u00f6mlu g\u00f3\u00f0u leikina \u00e1 bor\u00f0 vi\u00f0 Simpsons, Mortal Kombat, Aladdin, Batman o.s.frv.","breadcrumb":{"@id":"https:\/\/vorulagerinn.is\/product\/leikjatolva-med-10-000-innbyggdum-retro-leikjum-4k-thradlaus\/#breadcrumb"},"inLanguage":"en-US","potentialAction":[{"@type":"ReadAction","target":["https:\/\/vorulagerinn.is\/product\/leikjatolva-med-10-000-innbyggdum-retro-leikjum-4k-thradlaus\/"]}]},{"@type":"ImageObject","inLanguage":"en-US","@id":"https:\/\/vorulagerinn.is\/product\/leikjatolva-med-10-000-innbyggdum-retro-leikjum-4k-thradlaus\/#primaryimage","url":"https:\/\/vorulagerinn.is\/wp-content\/uploads\/2023\/04\/Leikjatolva-15000.jpg","contentUrl":"https:\/\/vorulagerinn.is\/wp-content\/uploads\/2023\/04\/Leikjatolva-15000.jpg","width":600,"height":600},{"@type":"BreadcrumbList","@id":"https:\/\/vorulagerinn.is\/product\/leikjatolva-med-10-000-innbyggdum-retro-leikjum-4k-thradlaus\/#breadcrumb","itemListElement":[{"@type":"ListItem","position":1,"name":"Home","item":"https:\/\/vorulagerinn.is\/"},{"@type":"ListItem","position":2,"name":"Shop","item":"https:\/\/vorulagerinn.is\/en\/shop\/"},{"@type":"ListItem","position":3,"name":"Leikjat\u00f6lva me\u00f0 15.000 innbygg\u00f0um retro leikjum (4K &amp; \u00fer\u00e1\u00f0laus)"}]},{"@type":"WebSite","@id":"https:\/\/vorulagerinn.is\/#website","url":"https:\/\/vorulagerinn.is\/","name":"V\u00f6rulagerinn","description":"L\u00e1ttu \u00fea\u00f0 eftir \u00fe\u00e9r","publisher":{"@id":"https:\/\/vorulagerinn.is\/#organization"},"potentialAction":[{"@type":"SearchAction","target":{"@type":"EntryPoint","urlTemplate":"https:\/\/vorulagerinn.is\/?s={search_term_string}"},"query-input":{"@type":"PropertyValueSpecification","valueRequired":true,"valueName":"search_term_string"}}],"inLanguage":"en-US"},{"@type":"Organization","@id":"https:\/\/vorulagerinn.is\/#organization","name":"V\u00f6rulagerinn","url":"https:\/\/vorulagerinn.is\/","logo":{"@type":"ImageObject","inLanguage":"en-US","@id":"https:\/\/vorulagerinn.is\/#\/schema\/logo\/image\/","url":"https:\/\/vorulagerinn.is\/wp-content\/uploads\/2022\/09\/Vorulagerinn-Logo-588x160-1.png","contentUrl":"https:\/\/vorulagerinn.is\/wp-content\/uploads\/2022\/09\/Vorulagerinn-Logo-588x160-1.png","width":588,"height":160,"caption":"V\u00f6rulagerinn"},"image":{"@id":"https:\/\/vorulagerinn.is\/#\/schema\/logo\/image\/"},"sameAs":["https:\/\/www.facebook.com\/vorulagerinn","https:\/\/www.instagram.com\/vorulagerinn\/"]}]},"product_price_amount":"5990","product_price_currency":"ISK","og_availability":"instock","product_availability":"instock","product_retailer_item_id":"V68","product_condition":"new"},"_links":{"self":[{"href":"https:\/\/vorulagerinn.is\/en\/wp-json\/wp\/v2\/product\/10313","targetHints":{"allow":["GET"]}}],"collection":[{"href":"https:\/\/vorulagerinn.is\/en\/wp-json\/wp\/v2\/product"}],"about":[{"href":"https:\/\/vorulagerinn.is\/en\/wp-json\/wp\/v2\/types\/product"}],"wp:featuredmedia":[{"embeddable":true,"href":"https:\/\/vorulagerinn.is\/en\/wp-json\/wp\/v2\/media\/25852"}],"wp:attachment":[{"href":"https:\/\/vorulagerinn.is\/en\/wp-json\/wp\/v2\/media?parent=10313"}],"wp:term":[{"taxonomy":"product_brand","embeddable":true,"href":"https:\/\/vorulagerinn.is\/en\/wp-json\/wp\/v2\/product_brand?post=10313"},{"taxonomy":"product_cat","embeddable":true,"href":"https:\/\/vorulagerinn.is\/en\/wp-json\/wp\/v2\/product_cat?post=10313"},{"taxonomy":"product_tag","embeddable":true,"href":"https:\/\/vorulagerinn.is\/en\/wp-json\/wp\/v2\/product_tag?post=10313"}],"curies":[{"name":"wp","href":"https:\/\/api.w.org\/{rel}","templated":true}]}}