{"id":11551,"date":"2023-06-03T18:33:46","date_gmt":"2023-06-03T18:33:46","guid":{"rendered":"https:\/\/vorulagerinn.is\/?post_type=product&#038;p=11551"},"modified":"2026-02-17T12:40:34","modified_gmt":"2026-02-17T12:40:34","slug":"skartgripabox-ur-ledri-3-litir","status":"publish","type":"product","link":"https:\/\/vorulagerinn.is\/en\/product\/skartgripabox-ur-ledri-3-litir\/","title":{"rendered":"Skartgripabox \u00far le\u00f0ri (3 litir)"},"content":{"rendered":"","protected":false},"excerpt":{"rendered":"<p>Gl\u00e6silegt skartgripabox \u00far le\u00f0ri sem er loka\u00f0 me\u00f0 rennil\u00e1s. Skartgripaboxi\u00f0 er tv\u00edskipt me\u00f0 fj\u00f3rum h\u00f3lfum (ni\u00f0ri) fyrir armb\u00f6nd, eyrnalokka og p\u00fa\u00f0a fyrir hringi. \u00c1 efri hluta eru \u00ferj\u00fa hengi fyrir h\u00e1lsmen og vasi fyrir hva\u00f0 sem er. Skartgripaboxi\u00f0 er g\u00f3\u00f0 gj\u00f6f fyrir alla aldursh\u00f3pa.<\/p>\n<p>&#8211; Litur: Bleikur, hv\u00edtur og svartur.<br \/>\n&#8211; St\u00e6r\u00f0: 10x10x5 cm<br \/>\n&#8211; Efni: Le\u00f0ur<br \/>\n&#8211; Loka\u00f0 me\u00f0 rennil\u00e1s<br \/>\n&#8211; Upplagt a\u00f0 eiga heima og taka me\u00f0 \u00ed fer\u00f0alagi\u00f0.<\/p>\n","protected":false},"featured_media":25133,"template":"","meta":[],"product_brand":[],"product_cat":[463],"product_tag":[],"class_list":{"0":"post-11551","1":"product","2":"type-product","3":"status-publish","4":"has-post-thumbnail","6":"product_cat-outlet","8":"first","9":"instock","10":"sale","11":"featured","12":"taxable","13":"shipping-taxable","14":"purchasable","15":"product-type-variable"},"supplier_id":null,"supplier_sku":"","barcode":null,"atum_controlled":true,"out_stock_date":null,"out_stock_threshold":null,"inheritable":true,"inbound_stock":null,"stock_on_hold":0,"sold_today":0,"sales_last_days":0,"reserved_stock":null,"customer_returns":null,"warehouse_damage":null,"lost_in_post":null,"other_logs":null,"out_stock_days":0,"lost_sales":0,"has_location":false,"update_date":"2026-04-19T00:22:42","atum_locations":[],"atum_stock_status":"instock","restock_status":false,"low_stock_amount":"","sales_update_date":"2026-04-19T00:22:42","calc_backorders":null,"yoast_head":"<!-- This site is optimized with the Yoast SEO Premium plugin v26.6 (Yoast SEO v27.3) - https:\/\/yoast.com\/product\/yoast-seo-premium-wordpress\/ -->\n<title>Skartgripabox \u00far le\u00f0ri og loka\u00f0 me\u00f0 rennil\u00e1s<\/title>\n<meta name=\"description\" content=\"Skartgripabox er tv\u00edskipt me\u00f0 fj\u00f3rum h\u00f3lfum (ni\u00f0ri) fyrir armb\u00f6nd, eyrnalokka og p\u00fa\u00f0a fyrir hringi. Uppi er vasi og \u00ferj\u00fa hengi fyrir h\u00e1lsmen\" \/>\n<meta name=\"robots\" content=\"index, follow, max-snippet:-1, max-image-preview:large, max-video-preview:-1\" \/>\n<link rel=\"canonical\" href=\"https:\/\/vorulagerinn.is\/product\/skartgripabox-ur-ledri-3-litir\/\" \/>\n<meta property=\"og:locale\" content=\"en_US\" \/>\n<meta property=\"og:type\" content=\"article\" \/>\n<meta property=\"og:title\" content=\"Skartgripabox \u00far le\u00f0ri (3 litir)\" \/>\n<meta property=\"og:description\" content=\"Skartgripabox er tv\u00edskipt me\u00f0 fj\u00f3rum h\u00f3lfum (ni\u00f0ri) fyrir armb\u00f6nd, eyrnalokka og p\u00fa\u00f0a fyrir hringi. Uppi er vasi og \u00ferj\u00fa hengi fyrir h\u00e1lsmen\" \/>\n<meta property=\"og:url\" content=\"https:\/\/vorulagerinn.is\/product\/skartgripabox-ur-ledri-3-litir\/\" \/>\n<meta property=\"og:site_name\" content=\"V&ouml;rulagerinn\" \/>\n<meta property=\"article:publisher\" content=\"https:\/\/www.facebook.com\/vorulagerinn\" \/>\n<meta property=\"article:modified_time\" content=\"2026-02-17T12:40:34+00:00\" \/>\n<meta property=\"og:image\" content=\"https:\/\/vorulagerinn.is\/wp-content\/uploads\/2023\/06\/Skartgripaskrin-ur-ledri_b-1.jpg\" \/>\n\t<meta property=\"og:image:width\" content=\"600\" \/>\n\t<meta property=\"og:image:height\" content=\"600\" \/>\n\t<meta property=\"og:image:type\" content=\"image\/jpeg\" \/>\n<meta name=\"twitter:card\" content=\"summary_large_image\" \/>\n<meta name=\"twitter:label1\" content=\"Availability\" \/>\n\t<meta name=\"twitter:data1\" content=\"In stock\" \/>\n<script type=\"application\/ld+json\" class=\"yoast-schema-graph\">{\"@context\":\"https:\\\/\\\/schema.org\",\"@graph\":[{\"@type\":\"WebPage\",\"@id\":\"https:\\\/\\\/vorulagerinn.is\\\/product\\\/skartgripabox-ur-ledri-3-litir\\\/\",\"url\":\"https:\\\/\\\/vorulagerinn.is\\\/product\\\/skartgripabox-ur-ledri-3-litir\\\/\",\"name\":\"Skartgripabox \u00far le\u00f0ri og loka\u00f0 me\u00f0 rennil\u00e1s\",\"isPartOf\":{\"@id\":\"https:\\\/\\\/vorulagerinn.is\\\/#website\"},\"primaryImageOfPage\":{\"@id\":\"https:\\\/\\\/vorulagerinn.is\\\/product\\\/skartgripabox-ur-ledri-3-litir\\\/#primaryimage\"},\"image\":{\"@id\":\"https:\\\/\\\/vorulagerinn.is\\\/product\\\/skartgripabox-ur-ledri-3-litir\\\/#primaryimage\"},\"thumbnailUrl\":\"https:\\\/\\\/vorulagerinn.is\\\/wp-content\\\/uploads\\\/2023\\\/06\\\/Skartgripaskrin-ur-ledri_b-1.jpg\",\"datePublished\":\"2023-06-03T18:33:46+00:00\",\"dateModified\":\"2026-02-17T12:40:34+00:00\",\"description\":\"Skartgripabox er tv\u00edskipt me\u00f0 fj\u00f3rum h\u00f3lfum (ni\u00f0ri) fyrir armb\u00f6nd, eyrnalokka og p\u00fa\u00f0a fyrir hringi. Uppi er vasi og \u00ferj\u00fa hengi fyrir h\u00e1lsmen\",\"breadcrumb\":{\"@id\":\"https:\\\/\\\/vorulagerinn.is\\\/product\\\/skartgripabox-ur-ledri-3-litir\\\/#breadcrumb\"},\"inLanguage\":\"en-US\",\"potentialAction\":[{\"@type\":\"ReadAction\",\"target\":[\"https:\\\/\\\/vorulagerinn.is\\\/product\\\/skartgripabox-ur-ledri-3-litir\\\/\"]}]},{\"@type\":\"ImageObject\",\"inLanguage\":\"en-US\",\"@id\":\"https:\\\/\\\/vorulagerinn.is\\\/product\\\/skartgripabox-ur-ledri-3-litir\\\/#primaryimage\",\"url\":\"https:\\\/\\\/vorulagerinn.is\\\/wp-content\\\/uploads\\\/2023\\\/06\\\/Skartgripaskrin-ur-ledri_b-1.jpg\",\"contentUrl\":\"https:\\\/\\\/vorulagerinn.is\\\/wp-content\\\/uploads\\\/2023\\\/06\\\/Skartgripaskrin-ur-ledri_b-1.jpg\",\"width\":600,\"height\":600},{\"@type\":\"BreadcrumbList\",\"@id\":\"https:\\\/\\\/vorulagerinn.is\\\/product\\\/skartgripabox-ur-ledri-3-litir\\\/#breadcrumb\",\"itemListElement\":[{\"@type\":\"ListItem\",\"position\":1,\"name\":\"Home\",\"item\":\"https:\\\/\\\/vorulagerinn.is\\\/\"},{\"@type\":\"ListItem\",\"position\":2,\"name\":\"Shop\",\"item\":\"https:\\\/\\\/vorulagerinn.is\\\/en\\\/shop\\\/\"},{\"@type\":\"ListItem\",\"position\":3,\"name\":\"Skartgripabox \u00far le\u00f0ri (3 litir)\"}]},{\"@type\":\"WebSite\",\"@id\":\"https:\\\/\\\/vorulagerinn.is\\\/#website\",\"url\":\"https:\\\/\\\/vorulagerinn.is\\\/\",\"name\":\"V\u00f6rulagerinn\",\"description\":\"L\u00e1ttu \u00fea\u00f0 eftir \u00fe\u00e9r\",\"publisher\":{\"@id\":\"https:\\\/\\\/vorulagerinn.is\\\/#organization\"},\"potentialAction\":[{\"@type\":\"SearchAction\",\"target\":{\"@type\":\"EntryPoint\",\"urlTemplate\":\"https:\\\/\\\/vorulagerinn.is\\\/?s={search_term_string}\"},\"query-input\":{\"@type\":\"PropertyValueSpecification\",\"valueRequired\":true,\"valueName\":\"search_term_string\"}}],\"inLanguage\":\"en-US\"},{\"@type\":\"Organization\",\"@id\":\"https:\\\/\\\/vorulagerinn.is\\\/#organization\",\"name\":\"V\u00f6rulagerinn\",\"url\":\"https:\\\/\\\/vorulagerinn.is\\\/\",\"logo\":{\"@type\":\"ImageObject\",\"inLanguage\":\"en-US\",\"@id\":\"https:\\\/\\\/vorulagerinn.is\\\/#\\\/schema\\\/logo\\\/image\\\/\",\"url\":\"https:\\\/\\\/vorulagerinn.is\\\/wp-content\\\/uploads\\\/2022\\\/09\\\/Vorulagerinn-Logo-588x160-1.png\",\"contentUrl\":\"https:\\\/\\\/vorulagerinn.is\\\/wp-content\\\/uploads\\\/2022\\\/09\\\/Vorulagerinn-Logo-588x160-1.png\",\"width\":588,\"height\":160,\"caption\":\"V\u00f6rulagerinn\"},\"image\":{\"@id\":\"https:\\\/\\\/vorulagerinn.is\\\/#\\\/schema\\\/logo\\\/image\\\/\"},\"sameAs\":[\"https:\\\/\\\/www.facebook.com\\\/vorulagerinn\",\"https:\\\/\\\/www.instagram.com\\\/vorulagerinn\\\/\"]}]}<\/script>\n<meta property=\"og:availability\" content=\"instock\" \/>\n<meta property=\"product:availability\" content=\"instock\" \/>\n<meta property=\"product:retailer_item_id\" content=\"V94\" \/>\n<meta property=\"product:condition\" content=\"new\" \/>\n<!-- \/ Yoast SEO Premium plugin. -->","yoast_head_json":{"title":"Skartgripabox \u00far le\u00f0ri og loka\u00f0 me\u00f0 rennil\u00e1s","description":"Skartgripabox er tv\u00edskipt me\u00f0 fj\u00f3rum h\u00f3lfum (ni\u00f0ri) fyrir armb\u00f6nd, eyrnalokka og p\u00fa\u00f0a fyrir hringi. Uppi er vasi og \u00ferj\u00fa hengi fyrir h\u00e1lsmen","robots":{"index":"index","follow":"follow","max-snippet":"max-snippet:-1","max-image-preview":"max-image-preview:large","max-video-preview":"max-video-preview:-1"},"canonical":"https:\/\/vorulagerinn.is\/product\/skartgripabox-ur-ledri-3-litir\/","og_locale":"en_US","og_type":"article","og_title":"Skartgripabox \u00far le\u00f0ri (3 litir)","og_description":"Skartgripabox er tv\u00edskipt me\u00f0 fj\u00f3rum h\u00f3lfum (ni\u00f0ri) fyrir armb\u00f6nd, eyrnalokka og p\u00fa\u00f0a fyrir hringi. Uppi er vasi og \u00ferj\u00fa hengi fyrir h\u00e1lsmen","og_url":"https:\/\/vorulagerinn.is\/product\/skartgripabox-ur-ledri-3-litir\/","og_site_name":"V&ouml;rulagerinn","article_publisher":"https:\/\/www.facebook.com\/vorulagerinn","article_modified_time":"2026-02-17T12:40:34+00:00","og_image":[{"width":600,"height":600,"url":"https:\/\/vorulagerinn.is\/wp-content\/uploads\/2023\/06\/Skartgripaskrin-ur-ledri_b-1.jpg","type":"image\/jpeg"}],"twitter_card":"summary_large_image","twitter_misc":{"Availability":"In stock"},"schema":{"@context":"https:\/\/schema.org","@graph":[{"@type":"WebPage","@id":"https:\/\/vorulagerinn.is\/product\/skartgripabox-ur-ledri-3-litir\/","url":"https:\/\/vorulagerinn.is\/product\/skartgripabox-ur-ledri-3-litir\/","name":"Skartgripabox \u00far le\u00f0ri og loka\u00f0 me\u00f0 rennil\u00e1s","isPartOf":{"@id":"https:\/\/vorulagerinn.is\/#website"},"primaryImageOfPage":{"@id":"https:\/\/vorulagerinn.is\/product\/skartgripabox-ur-ledri-3-litir\/#primaryimage"},"image":{"@id":"https:\/\/vorulagerinn.is\/product\/skartgripabox-ur-ledri-3-litir\/#primaryimage"},"thumbnailUrl":"https:\/\/vorulagerinn.is\/wp-content\/uploads\/2023\/06\/Skartgripaskrin-ur-ledri_b-1.jpg","datePublished":"2023-06-03T18:33:46+00:00","dateModified":"2026-02-17T12:40:34+00:00","description":"Skartgripabox er tv\u00edskipt me\u00f0 fj\u00f3rum h\u00f3lfum (ni\u00f0ri) fyrir armb\u00f6nd, eyrnalokka og p\u00fa\u00f0a fyrir hringi. Uppi er vasi og \u00ferj\u00fa hengi fyrir h\u00e1lsmen","breadcrumb":{"@id":"https:\/\/vorulagerinn.is\/product\/skartgripabox-ur-ledri-3-litir\/#breadcrumb"},"inLanguage":"en-US","potentialAction":[{"@type":"ReadAction","target":["https:\/\/vorulagerinn.is\/product\/skartgripabox-ur-ledri-3-litir\/"]}]},{"@type":"ImageObject","inLanguage":"en-US","@id":"https:\/\/vorulagerinn.is\/product\/skartgripabox-ur-ledri-3-litir\/#primaryimage","url":"https:\/\/vorulagerinn.is\/wp-content\/uploads\/2023\/06\/Skartgripaskrin-ur-ledri_b-1.jpg","contentUrl":"https:\/\/vorulagerinn.is\/wp-content\/uploads\/2023\/06\/Skartgripaskrin-ur-ledri_b-1.jpg","width":600,"height":600},{"@type":"BreadcrumbList","@id":"https:\/\/vorulagerinn.is\/product\/skartgripabox-ur-ledri-3-litir\/#breadcrumb","itemListElement":[{"@type":"ListItem","position":1,"name":"Home","item":"https:\/\/vorulagerinn.is\/"},{"@type":"ListItem","position":2,"name":"Shop","item":"https:\/\/vorulagerinn.is\/en\/shop\/"},{"@type":"ListItem","position":3,"name":"Skartgripabox \u00far le\u00f0ri (3 litir)"}]},{"@type":"WebSite","@id":"https:\/\/vorulagerinn.is\/#website","url":"https:\/\/vorulagerinn.is\/","name":"V\u00f6rulagerinn","description":"L\u00e1ttu \u00fea\u00f0 eftir \u00fe\u00e9r","publisher":{"@id":"https:\/\/vorulagerinn.is\/#organization"},"potentialAction":[{"@type":"SearchAction","target":{"@type":"EntryPoint","urlTemplate":"https:\/\/vorulagerinn.is\/?s={search_term_string}"},"query-input":{"@type":"PropertyValueSpecification","valueRequired":true,"valueName":"search_term_string"}}],"inLanguage":"en-US"},{"@type":"Organization","@id":"https:\/\/vorulagerinn.is\/#organization","name":"V\u00f6rulagerinn","url":"https:\/\/vorulagerinn.is\/","logo":{"@type":"ImageObject","inLanguage":"en-US","@id":"https:\/\/vorulagerinn.is\/#\/schema\/logo\/image\/","url":"https:\/\/vorulagerinn.is\/wp-content\/uploads\/2022\/09\/Vorulagerinn-Logo-588x160-1.png","contentUrl":"https:\/\/vorulagerinn.is\/wp-content\/uploads\/2022\/09\/Vorulagerinn-Logo-588x160-1.png","width":588,"height":160,"caption":"V\u00f6rulagerinn"},"image":{"@id":"https:\/\/vorulagerinn.is\/#\/schema\/logo\/image\/"},"sameAs":["https:\/\/www.facebook.com\/vorulagerinn","https:\/\/www.instagram.com\/vorulagerinn\/"]}]},"og_availability":"instock","product_availability":"instock","product_retailer_item_id":"V94","product_condition":"new"},"_links":{"self":[{"href":"https:\/\/vorulagerinn.is\/en\/wp-json\/wp\/v2\/product\/11551","targetHints":{"allow":["GET"]}}],"collection":[{"href":"https:\/\/vorulagerinn.is\/en\/wp-json\/wp\/v2\/product"}],"about":[{"href":"https:\/\/vorulagerinn.is\/en\/wp-json\/wp\/v2\/types\/product"}],"wp:featuredmedia":[{"embeddable":true,"href":"https:\/\/vorulagerinn.is\/en\/wp-json\/wp\/v2\/media\/25133"}],"wp:attachment":[{"href":"https:\/\/vorulagerinn.is\/en\/wp-json\/wp\/v2\/media?parent=11551"}],"wp:term":[{"taxonomy":"product_brand","embeddable":true,"href":"https:\/\/vorulagerinn.is\/en\/wp-json\/wp\/v2\/product_brand?post=11551"},{"taxonomy":"product_cat","embeddable":true,"href":"https:\/\/vorulagerinn.is\/en\/wp-json\/wp\/v2\/product_cat?post=11551"},{"taxonomy":"product_tag","embeddable":true,"href":"https:\/\/vorulagerinn.is\/en\/wp-json\/wp\/v2\/product_tag?post=11551"}],"curies":[{"name":"wp","href":"https:\/\/api.w.org\/{rel}","templated":true}]}}