{"id":11571,"date":"2023-06-04T09:03:06","date_gmt":"2023-06-04T09:03:06","guid":{"rendered":"https:\/\/vorulagerinn.is\/?post_type=product&#038;p=11571"},"modified":"2026-02-17T12:44:11","modified_gmt":"2026-02-17T12:44:11","slug":"hringabox-ur-ledri","status":"publish","type":"product","link":"https:\/\/vorulagerinn.is\/en\/product\/hringabox-ur-ledri\/","title":{"rendered":"Hringabox \u00far le\u00f0ri"},"content":{"rendered":"","protected":false},"excerpt":{"rendered":"<p>Fallegt hringabox \u00far le\u00f0ri sem er loka\u00f0 me\u00f0 smellu. \u00dea\u00f0 er me\u00f0 fj\u00f3rum p\u00fa\u00f0um fyrir hringi og eyrnalokka. Hringaboxi\u00f0 er g\u00f3\u00f0 gj\u00f6f fyrir alla aldursh\u00f3pa og upplagt a\u00f0 taka me\u00f0 \u00ed fer\u00f0alagi\u00f0.<\/p>\n<p>&#8211; Litur: Bleikur og hv\u00edtur<br \/>\n&#8211; St\u00e6r\u00f0: 6,5&#215;3,9&#215;4,7 cm<br \/>\n&#8211; Efni: Le\u00f0ur<br \/>\n&#8211; Loka\u00f0 me\u00f0 smellu<br \/>\n&#8211; Upplagt a\u00f0 eiga heima og taka me\u00f0 \u00ed fer\u00f0alagi\u00f0.<\/p>\n","protected":false},"featured_media":25020,"template":"","meta":[],"product_brand":[],"product_cat":[463],"product_tag":[],"class_list":{"0":"post-11571","1":"product","2":"type-product","3":"status-publish","4":"has-post-thumbnail","6":"product_cat-outlet","8":"first","9":"instock","10":"sale","11":"featured","12":"taxable","13":"shipping-taxable","14":"purchasable","15":"product-type-variable"},"supplier_id":null,"supplier_sku":"","barcode":null,"atum_controlled":true,"out_stock_date":null,"out_stock_threshold":null,"inheritable":true,"inbound_stock":null,"stock_on_hold":0,"sold_today":0,"sales_last_days":0,"reserved_stock":null,"customer_returns":null,"warehouse_damage":null,"lost_in_post":null,"other_logs":null,"out_stock_days":0,"lost_sales":0,"has_location":false,"update_date":"2026-04-19T00:22:40","atum_locations":[],"atum_stock_status":"instock","restock_status":false,"low_stock_amount":"","sales_update_date":"2026-04-19T00:22:40","calc_backorders":null,"yoast_head":"<!-- This site is optimized with the Yoast SEO Premium plugin v26.6 (Yoast SEO v27.3) - https:\/\/yoast.com\/product\/yoast-seo-premium-wordpress\/ -->\n<title>Hringabox \u00far le\u00f0ri sem er loka\u00f0 me\u00f0 smellu - v\u00f6rulagerinn.is<\/title>\n<meta name=\"description\" content=\"Fallegt hringabox me\u00f0 fj\u00f3rum p\u00fa\u00f0um til a\u00f0 geyma hringi og eyrnalokka. Hringaboxi\u00f0 er \u00far le\u00f0ri og loka\u00f0 me\u00f0 smellu. Tveir litir: Bleikur og hv\u00edtur.\" \/>\n<meta name=\"robots\" content=\"index, follow, max-snippet:-1, max-image-preview:large, max-video-preview:-1\" \/>\n<link rel=\"canonical\" href=\"https:\/\/vorulagerinn.is\/product\/hringabox-ur-ledri\/\" \/>\n<meta property=\"og:locale\" content=\"en_US\" \/>\n<meta property=\"og:type\" content=\"article\" \/>\n<meta property=\"og:title\" content=\"Hringabox \u00far le\u00f0ri\" \/>\n<meta property=\"og:description\" content=\"Fallegt hringabox me\u00f0 fj\u00f3rum p\u00fa\u00f0um til a\u00f0 geyma hringi og eyrnalokka. Hringaboxi\u00f0 er \u00far le\u00f0ri og loka\u00f0 me\u00f0 smellu. Tveir litir: Bleikur og hv\u00edtur.\" \/>\n<meta property=\"og:url\" content=\"https:\/\/vorulagerinn.is\/product\/hringabox-ur-ledri\/\" \/>\n<meta property=\"og:site_name\" content=\"V&ouml;rulagerinn\" \/>\n<meta property=\"article:publisher\" content=\"https:\/\/www.facebook.com\/vorulagerinn\" \/>\n<meta property=\"article:modified_time\" content=\"2026-02-17T12:44:11+00:00\" \/>\n<meta property=\"og:image\" content=\"https:\/\/vorulagerinn.is\/wp-content\/uploads\/2023\/06\/Hringabox-ur-ledri_-Photoroom-1.jpg\" \/>\n\t<meta property=\"og:image:width\" content=\"600\" \/>\n\t<meta property=\"og:image:height\" content=\"600\" \/>\n\t<meta property=\"og:image:type\" content=\"image\/jpeg\" \/>\n<meta name=\"twitter:card\" content=\"summary_large_image\" \/>\n<meta name=\"twitter:label1\" content=\"Availability\" \/>\n\t<meta name=\"twitter:data1\" content=\"In stock\" \/>\n<script type=\"application\/ld+json\" class=\"yoast-schema-graph\">{\"@context\":\"https:\\\/\\\/schema.org\",\"@graph\":[{\"@type\":\"WebPage\",\"@id\":\"https:\\\/\\\/vorulagerinn.is\\\/product\\\/hringabox-ur-ledri\\\/\",\"url\":\"https:\\\/\\\/vorulagerinn.is\\\/product\\\/hringabox-ur-ledri\\\/\",\"name\":\"Hringabox \u00far le\u00f0ri sem er loka\u00f0 me\u00f0 smellu - v\u00f6rulagerinn.is\",\"isPartOf\":{\"@id\":\"https:\\\/\\\/vorulagerinn.is\\\/#website\"},\"primaryImageOfPage\":{\"@id\":\"https:\\\/\\\/vorulagerinn.is\\\/product\\\/hringabox-ur-ledri\\\/#primaryimage\"},\"image\":{\"@id\":\"https:\\\/\\\/vorulagerinn.is\\\/product\\\/hringabox-ur-ledri\\\/#primaryimage\"},\"thumbnailUrl\":\"https:\\\/\\\/vorulagerinn.is\\\/wp-content\\\/uploads\\\/2023\\\/06\\\/Hringabox-ur-ledri_-Photoroom-1.jpg\",\"datePublished\":\"2023-06-04T09:03:06+00:00\",\"dateModified\":\"2026-02-17T12:44:11+00:00\",\"description\":\"Fallegt hringabox me\u00f0 fj\u00f3rum p\u00fa\u00f0um til a\u00f0 geyma hringi og eyrnalokka. Hringaboxi\u00f0 er \u00far le\u00f0ri og loka\u00f0 me\u00f0 smellu. Tveir litir: Bleikur og hv\u00edtur.\",\"breadcrumb\":{\"@id\":\"https:\\\/\\\/vorulagerinn.is\\\/product\\\/hringabox-ur-ledri\\\/#breadcrumb\"},\"inLanguage\":\"en-US\",\"potentialAction\":[{\"@type\":\"ReadAction\",\"target\":[\"https:\\\/\\\/vorulagerinn.is\\\/product\\\/hringabox-ur-ledri\\\/\"]}]},{\"@type\":\"ImageObject\",\"inLanguage\":\"en-US\",\"@id\":\"https:\\\/\\\/vorulagerinn.is\\\/product\\\/hringabox-ur-ledri\\\/#primaryimage\",\"url\":\"https:\\\/\\\/vorulagerinn.is\\\/wp-content\\\/uploads\\\/2023\\\/06\\\/Hringabox-ur-ledri_-Photoroom-1.jpg\",\"contentUrl\":\"https:\\\/\\\/vorulagerinn.is\\\/wp-content\\\/uploads\\\/2023\\\/06\\\/Hringabox-ur-ledri_-Photoroom-1.jpg\",\"width\":600,\"height\":600},{\"@type\":\"BreadcrumbList\",\"@id\":\"https:\\\/\\\/vorulagerinn.is\\\/product\\\/hringabox-ur-ledri\\\/#breadcrumb\",\"itemListElement\":[{\"@type\":\"ListItem\",\"position\":1,\"name\":\"Home\",\"item\":\"https:\\\/\\\/vorulagerinn.is\\\/\"},{\"@type\":\"ListItem\",\"position\":2,\"name\":\"Shop\",\"item\":\"https:\\\/\\\/vorulagerinn.is\\\/en\\\/shop\\\/\"},{\"@type\":\"ListItem\",\"position\":3,\"name\":\"Hringabox \u00far le\u00f0ri\"}]},{\"@type\":\"WebSite\",\"@id\":\"https:\\\/\\\/vorulagerinn.is\\\/#website\",\"url\":\"https:\\\/\\\/vorulagerinn.is\\\/\",\"name\":\"V\u00f6rulagerinn\",\"description\":\"L\u00e1ttu \u00fea\u00f0 eftir \u00fe\u00e9r\",\"publisher\":{\"@id\":\"https:\\\/\\\/vorulagerinn.is\\\/#organization\"},\"potentialAction\":[{\"@type\":\"SearchAction\",\"target\":{\"@type\":\"EntryPoint\",\"urlTemplate\":\"https:\\\/\\\/vorulagerinn.is\\\/?s={search_term_string}\"},\"query-input\":{\"@type\":\"PropertyValueSpecification\",\"valueRequired\":true,\"valueName\":\"search_term_string\"}}],\"inLanguage\":\"en-US\"},{\"@type\":\"Organization\",\"@id\":\"https:\\\/\\\/vorulagerinn.is\\\/#organization\",\"name\":\"V\u00f6rulagerinn\",\"url\":\"https:\\\/\\\/vorulagerinn.is\\\/\",\"logo\":{\"@type\":\"ImageObject\",\"inLanguage\":\"en-US\",\"@id\":\"https:\\\/\\\/vorulagerinn.is\\\/#\\\/schema\\\/logo\\\/image\\\/\",\"url\":\"https:\\\/\\\/vorulagerinn.is\\\/wp-content\\\/uploads\\\/2022\\\/09\\\/Vorulagerinn-Logo-588x160-1.png\",\"contentUrl\":\"https:\\\/\\\/vorulagerinn.is\\\/wp-content\\\/uploads\\\/2022\\\/09\\\/Vorulagerinn-Logo-588x160-1.png\",\"width\":588,\"height\":160,\"caption\":\"V\u00f6rulagerinn\"},\"image\":{\"@id\":\"https:\\\/\\\/vorulagerinn.is\\\/#\\\/schema\\\/logo\\\/image\\\/\"},\"sameAs\":[\"https:\\\/\\\/www.facebook.com\\\/vorulagerinn\",\"https:\\\/\\\/www.instagram.com\\\/vorulagerinn\\\/\"]}]}<\/script>\n<meta property=\"og:availability\" content=\"instock\" \/>\n<meta property=\"product:availability\" content=\"instock\" \/>\n<meta property=\"product:retailer_item_id\" content=\"V93\" \/>\n<meta property=\"product:condition\" content=\"new\" \/>\n<!-- \/ Yoast SEO Premium plugin. -->","yoast_head_json":{"title":"Hringabox \u00far le\u00f0ri sem er loka\u00f0 me\u00f0 smellu - v\u00f6rulagerinn.is","description":"Fallegt hringabox me\u00f0 fj\u00f3rum p\u00fa\u00f0um til a\u00f0 geyma hringi og eyrnalokka. Hringaboxi\u00f0 er \u00far le\u00f0ri og loka\u00f0 me\u00f0 smellu. Tveir litir: Bleikur og hv\u00edtur.","robots":{"index":"index","follow":"follow","max-snippet":"max-snippet:-1","max-image-preview":"max-image-preview:large","max-video-preview":"max-video-preview:-1"},"canonical":"https:\/\/vorulagerinn.is\/product\/hringabox-ur-ledri\/","og_locale":"en_US","og_type":"article","og_title":"Hringabox \u00far le\u00f0ri","og_description":"Fallegt hringabox me\u00f0 fj\u00f3rum p\u00fa\u00f0um til a\u00f0 geyma hringi og eyrnalokka. Hringaboxi\u00f0 er \u00far le\u00f0ri og loka\u00f0 me\u00f0 smellu. Tveir litir: Bleikur og hv\u00edtur.","og_url":"https:\/\/vorulagerinn.is\/product\/hringabox-ur-ledri\/","og_site_name":"V&ouml;rulagerinn","article_publisher":"https:\/\/www.facebook.com\/vorulagerinn","article_modified_time":"2026-02-17T12:44:11+00:00","og_image":[{"width":600,"height":600,"url":"https:\/\/vorulagerinn.is\/wp-content\/uploads\/2023\/06\/Hringabox-ur-ledri_-Photoroom-1.jpg","type":"image\/jpeg"}],"twitter_card":"summary_large_image","twitter_misc":{"Availability":"In stock"},"schema":{"@context":"https:\/\/schema.org","@graph":[{"@type":"WebPage","@id":"https:\/\/vorulagerinn.is\/product\/hringabox-ur-ledri\/","url":"https:\/\/vorulagerinn.is\/product\/hringabox-ur-ledri\/","name":"Hringabox \u00far le\u00f0ri sem er loka\u00f0 me\u00f0 smellu - v\u00f6rulagerinn.is","isPartOf":{"@id":"https:\/\/vorulagerinn.is\/#website"},"primaryImageOfPage":{"@id":"https:\/\/vorulagerinn.is\/product\/hringabox-ur-ledri\/#primaryimage"},"image":{"@id":"https:\/\/vorulagerinn.is\/product\/hringabox-ur-ledri\/#primaryimage"},"thumbnailUrl":"https:\/\/vorulagerinn.is\/wp-content\/uploads\/2023\/06\/Hringabox-ur-ledri_-Photoroom-1.jpg","datePublished":"2023-06-04T09:03:06+00:00","dateModified":"2026-02-17T12:44:11+00:00","description":"Fallegt hringabox me\u00f0 fj\u00f3rum p\u00fa\u00f0um til a\u00f0 geyma hringi og eyrnalokka. Hringaboxi\u00f0 er \u00far le\u00f0ri og loka\u00f0 me\u00f0 smellu. Tveir litir: Bleikur og hv\u00edtur.","breadcrumb":{"@id":"https:\/\/vorulagerinn.is\/product\/hringabox-ur-ledri\/#breadcrumb"},"inLanguage":"en-US","potentialAction":[{"@type":"ReadAction","target":["https:\/\/vorulagerinn.is\/product\/hringabox-ur-ledri\/"]}]},{"@type":"ImageObject","inLanguage":"en-US","@id":"https:\/\/vorulagerinn.is\/product\/hringabox-ur-ledri\/#primaryimage","url":"https:\/\/vorulagerinn.is\/wp-content\/uploads\/2023\/06\/Hringabox-ur-ledri_-Photoroom-1.jpg","contentUrl":"https:\/\/vorulagerinn.is\/wp-content\/uploads\/2023\/06\/Hringabox-ur-ledri_-Photoroom-1.jpg","width":600,"height":600},{"@type":"BreadcrumbList","@id":"https:\/\/vorulagerinn.is\/product\/hringabox-ur-ledri\/#breadcrumb","itemListElement":[{"@type":"ListItem","position":1,"name":"Home","item":"https:\/\/vorulagerinn.is\/"},{"@type":"ListItem","position":2,"name":"Shop","item":"https:\/\/vorulagerinn.is\/en\/shop\/"},{"@type":"ListItem","position":3,"name":"Hringabox \u00far le\u00f0ri"}]},{"@type":"WebSite","@id":"https:\/\/vorulagerinn.is\/#website","url":"https:\/\/vorulagerinn.is\/","name":"V\u00f6rulagerinn","description":"L\u00e1ttu \u00fea\u00f0 eftir \u00fe\u00e9r","publisher":{"@id":"https:\/\/vorulagerinn.is\/#organization"},"potentialAction":[{"@type":"SearchAction","target":{"@type":"EntryPoint","urlTemplate":"https:\/\/vorulagerinn.is\/?s={search_term_string}"},"query-input":{"@type":"PropertyValueSpecification","valueRequired":true,"valueName":"search_term_string"}}],"inLanguage":"en-US"},{"@type":"Organization","@id":"https:\/\/vorulagerinn.is\/#organization","name":"V\u00f6rulagerinn","url":"https:\/\/vorulagerinn.is\/","logo":{"@type":"ImageObject","inLanguage":"en-US","@id":"https:\/\/vorulagerinn.is\/#\/schema\/logo\/image\/","url":"https:\/\/vorulagerinn.is\/wp-content\/uploads\/2022\/09\/Vorulagerinn-Logo-588x160-1.png","contentUrl":"https:\/\/vorulagerinn.is\/wp-content\/uploads\/2022\/09\/Vorulagerinn-Logo-588x160-1.png","width":588,"height":160,"caption":"V\u00f6rulagerinn"},"image":{"@id":"https:\/\/vorulagerinn.is\/#\/schema\/logo\/image\/"},"sameAs":["https:\/\/www.facebook.com\/vorulagerinn","https:\/\/www.instagram.com\/vorulagerinn\/"]}]},"og_availability":"instock","product_availability":"instock","product_retailer_item_id":"V93","product_condition":"new"},"_links":{"self":[{"href":"https:\/\/vorulagerinn.is\/en\/wp-json\/wp\/v2\/product\/11571","targetHints":{"allow":["GET"]}}],"collection":[{"href":"https:\/\/vorulagerinn.is\/en\/wp-json\/wp\/v2\/product"}],"about":[{"href":"https:\/\/vorulagerinn.is\/en\/wp-json\/wp\/v2\/types\/product"}],"wp:featuredmedia":[{"embeddable":true,"href":"https:\/\/vorulagerinn.is\/en\/wp-json\/wp\/v2\/media\/25020"}],"wp:attachment":[{"href":"https:\/\/vorulagerinn.is\/en\/wp-json\/wp\/v2\/media?parent=11571"}],"wp:term":[{"taxonomy":"product_brand","embeddable":true,"href":"https:\/\/vorulagerinn.is\/en\/wp-json\/wp\/v2\/product_brand?post=11571"},{"taxonomy":"product_cat","embeddable":true,"href":"https:\/\/vorulagerinn.is\/en\/wp-json\/wp\/v2\/product_cat?post=11571"},{"taxonomy":"product_tag","embeddable":true,"href":"https:\/\/vorulagerinn.is\/en\/wp-json\/wp\/v2\/product_tag?post=11571"}],"curies":[{"name":"wp","href":"https:\/\/api.w.org\/{rel}","templated":true}]}}