{"id":11769,"date":"2023-06-08T14:37:44","date_gmt":"2023-06-08T14:37:44","guid":{"rendered":"https:\/\/vorulagerinn.is\/?post_type=product&#038;p=11769"},"modified":"2025-11-17T07:02:35","modified_gmt":"2025-11-17T07:02:35","slug":"ruslabox","status":"publish","type":"product","link":"https:\/\/vorulagerinn.is\/en\/product\/ruslabox\/","title":{"rendered":"Ruslabox"},"content":{"rendered":"","protected":false},"excerpt":{"rendered":"<p>Flott og vanda\u00f0 ruslabox \u00ed b\u00edlinn sem kemur a\u00f0 g\u00f3\u00f0um notum til a\u00f0 safna saman papp\u00edr, plasti, tyggj\u00f3 e\u00f0a \u00f6\u00f0ru minna sorpi \u00e1 einum sta\u00f0. Ruslaboxi\u00f0 passar \u00ed drykkjarh\u00f3lfi\u00f0 \u00e1 milli frams\u00e6ta b\u00edlsins, \u00ed opna h\u00f3lfi\u00f0 \u00e1 b\u00edlhur\u00f0inni og \u00ed vasann \u00e1 s\u00e6tisbakinu. Ruslaboxi\u00f0 hentar \u00f6llum ger\u00f0um af b\u00edlum.<\/p>\n<p>\u2013 Litur: Svart<br \/>\n\u2013 St\u00e6r\u00f0: 14,2 x 77 cm<br \/>\n\u2013 Efni: Plast<br \/>\n\u2013 Vatnshelt<\/p>\n","protected":false},"featured_media":11772,"template":"","meta":[],"product_brand":[],"product_cat":[236,267],"product_tag":[],"class_list":{"0":"post-11769","1":"product","2":"type-product","3":"status-publish","4":"has-post-thumbnail","6":"product_cat-billinn","7":"product_cat-skipulagsvorur","9":"first","10":"outofstock","11":"featured","12":"taxable","13":"shipping-taxable","14":"purchasable","15":"product-type-simple"},"supplier_id":null,"supplier_sku":"","barcode":null,"atum_controlled":true,"out_stock_date":null,"out_stock_threshold":null,"inheritable":false,"inbound_stock":0,"stock_on_hold":0,"sold_today":0,"sales_last_days":0,"reserved_stock":0,"customer_returns":0,"warehouse_damage":0,"lost_in_post":0,"other_logs":0,"out_stock_days":0,"lost_sales":0,"has_location":false,"update_date":"2026-04-19T00:22:44","atum_locations":[],"atum_stock_status":"outofstock","restock_status":false,"low_stock_amount":"","sales_update_date":"2026-04-19T00:22:44","calc_backorders":null,"yoast_head":"<!-- This site is optimized with the Yoast SEO Premium plugin v26.6 (Yoast SEO v27.3) - https:\/\/yoast.com\/product\/yoast-seo-premium-wordpress\/ -->\n<title>Ruslabox \u00ed b\u00edlinn | Hentar \u00f6llum ger\u00f0um af b\u00edlum - vorulagerinn.is<\/title>\n<meta name=\"description\" content=\"Ruslabox \u00ed b\u00edlinn kemur a\u00f0 g\u00f3\u00f0um notum til a\u00f0 safna saman papp\u00edr, plasti, tyggj\u00f3 e\u00f0a \u00f6\u00f0ru minna sorpi \u00e1 einum sta\u00f0. Ruslaboxi\u00f0 hentar \u00f6llum ger\u00f0um af b\u00edlum.\" \/>\n<meta name=\"robots\" content=\"index, follow, max-snippet:-1, max-image-preview:large, max-video-preview:-1\" \/>\n<link rel=\"canonical\" href=\"https:\/\/vorulagerinn.is\/product\/ruslabox\/\" \/>\n<meta property=\"og:locale\" content=\"en_US\" \/>\n<meta property=\"og:type\" content=\"article\" \/>\n<meta property=\"og:title\" content=\"Ruslabox\" \/>\n<meta property=\"og:description\" content=\"Ruslabox \u00ed b\u00edlinn kemur a\u00f0 g\u00f3\u00f0um notum til a\u00f0 safna saman papp\u00edr, plasti, tyggj\u00f3 e\u00f0a \u00f6\u00f0ru minna sorpi \u00e1 einum sta\u00f0. Ruslaboxi\u00f0 hentar \u00f6llum ger\u00f0um af b\u00edlum.\" \/>\n<meta property=\"og:url\" content=\"https:\/\/vorulagerinn.is\/product\/ruslabox\/\" \/>\n<meta property=\"og:site_name\" content=\"V&ouml;rulagerinn\" \/>\n<meta property=\"article:publisher\" content=\"https:\/\/www.facebook.com\/vorulagerinn\" \/>\n<meta property=\"article:modified_time\" content=\"2025-11-17T07:02:35+00:00\" \/>\n<meta property=\"og:image\" content=\"https:\/\/vorulagerinn.is\/wp-content\/uploads\/2023\/06\/Ruslabox2.jpg\" \/>\n\t<meta property=\"og:image:width\" content=\"600\" \/>\n\t<meta property=\"og:image:height\" content=\"600\" \/>\n\t<meta property=\"og:image:type\" content=\"image\/jpeg\" \/>\n<meta name=\"twitter:card\" content=\"summary_large_image\" \/>\n<meta name=\"twitter:label1\" content=\"Price\" \/>\n\t<meta name=\"twitter:data1\" content=\"3.300&nbsp;kr.\" \/>\n\t<meta name=\"twitter:label2\" content=\"Availability\" \/>\n\t<meta name=\"twitter:data2\" content=\"Out of stock\" \/>\n<script type=\"application\/ld+json\" class=\"yoast-schema-graph\">{\"@context\":\"https:\\\/\\\/schema.org\",\"@graph\":[{\"@type\":\"WebPage\",\"@id\":\"https:\\\/\\\/vorulagerinn.is\\\/product\\\/ruslabox\\\/\",\"url\":\"https:\\\/\\\/vorulagerinn.is\\\/product\\\/ruslabox\\\/\",\"name\":\"Ruslabox \u00ed b\u00edlinn | Hentar \u00f6llum ger\u00f0um af b\u00edlum - vorulagerinn.is\",\"isPartOf\":{\"@id\":\"https:\\\/\\\/vorulagerinn.is\\\/#website\"},\"primaryImageOfPage\":{\"@id\":\"https:\\\/\\\/vorulagerinn.is\\\/product\\\/ruslabox\\\/#primaryimage\"},\"image\":{\"@id\":\"https:\\\/\\\/vorulagerinn.is\\\/product\\\/ruslabox\\\/#primaryimage\"},\"thumbnailUrl\":\"https:\\\/\\\/vorulagerinn.is\\\/wp-content\\\/uploads\\\/2023\\\/06\\\/Ruslabox2.jpg\",\"datePublished\":\"2023-06-08T14:37:44+00:00\",\"dateModified\":\"2025-11-17T07:02:35+00:00\",\"description\":\"Ruslabox \u00ed b\u00edlinn kemur a\u00f0 g\u00f3\u00f0um notum til a\u00f0 safna saman papp\u00edr, plasti, tyggj\u00f3 e\u00f0a \u00f6\u00f0ru minna sorpi \u00e1 einum sta\u00f0. Ruslaboxi\u00f0 hentar \u00f6llum ger\u00f0um af b\u00edlum.\",\"breadcrumb\":{\"@id\":\"https:\\\/\\\/vorulagerinn.is\\\/product\\\/ruslabox\\\/#breadcrumb\"},\"inLanguage\":\"en-US\",\"potentialAction\":[{\"@type\":\"ReadAction\",\"target\":[\"https:\\\/\\\/vorulagerinn.is\\\/product\\\/ruslabox\\\/\"]}]},{\"@type\":\"ImageObject\",\"inLanguage\":\"en-US\",\"@id\":\"https:\\\/\\\/vorulagerinn.is\\\/product\\\/ruslabox\\\/#primaryimage\",\"url\":\"https:\\\/\\\/vorulagerinn.is\\\/wp-content\\\/uploads\\\/2023\\\/06\\\/Ruslabox2.jpg\",\"contentUrl\":\"https:\\\/\\\/vorulagerinn.is\\\/wp-content\\\/uploads\\\/2023\\\/06\\\/Ruslabox2.jpg\",\"width\":600,\"height\":600},{\"@type\":\"BreadcrumbList\",\"@id\":\"https:\\\/\\\/vorulagerinn.is\\\/product\\\/ruslabox\\\/#breadcrumb\",\"itemListElement\":[{\"@type\":\"ListItem\",\"position\":1,\"name\":\"Home\",\"item\":\"https:\\\/\\\/vorulagerinn.is\\\/\"},{\"@type\":\"ListItem\",\"position\":2,\"name\":\"Shop\",\"item\":\"https:\\\/\\\/vorulagerinn.is\\\/en\\\/shop\\\/\"},{\"@type\":\"ListItem\",\"position\":3,\"name\":\"Ruslabox\"}]},{\"@type\":\"WebSite\",\"@id\":\"https:\\\/\\\/vorulagerinn.is\\\/#website\",\"url\":\"https:\\\/\\\/vorulagerinn.is\\\/\",\"name\":\"V\u00f6rulagerinn\",\"description\":\"L\u00e1ttu \u00fea\u00f0 eftir \u00fe\u00e9r\",\"publisher\":{\"@id\":\"https:\\\/\\\/vorulagerinn.is\\\/#organization\"},\"potentialAction\":[{\"@type\":\"SearchAction\",\"target\":{\"@type\":\"EntryPoint\",\"urlTemplate\":\"https:\\\/\\\/vorulagerinn.is\\\/?s={search_term_string}\"},\"query-input\":{\"@type\":\"PropertyValueSpecification\",\"valueRequired\":true,\"valueName\":\"search_term_string\"}}],\"inLanguage\":\"en-US\"},{\"@type\":\"Organization\",\"@id\":\"https:\\\/\\\/vorulagerinn.is\\\/#organization\",\"name\":\"V\u00f6rulagerinn\",\"url\":\"https:\\\/\\\/vorulagerinn.is\\\/\",\"logo\":{\"@type\":\"ImageObject\",\"inLanguage\":\"en-US\",\"@id\":\"https:\\\/\\\/vorulagerinn.is\\\/#\\\/schema\\\/logo\\\/image\\\/\",\"url\":\"https:\\\/\\\/vorulagerinn.is\\\/wp-content\\\/uploads\\\/2022\\\/09\\\/Vorulagerinn-Logo-588x160-1.png\",\"contentUrl\":\"https:\\\/\\\/vorulagerinn.is\\\/wp-content\\\/uploads\\\/2022\\\/09\\\/Vorulagerinn-Logo-588x160-1.png\",\"width\":588,\"height\":160,\"caption\":\"V\u00f6rulagerinn\"},\"image\":{\"@id\":\"https:\\\/\\\/vorulagerinn.is\\\/#\\\/schema\\\/logo\\\/image\\\/\"},\"sameAs\":[\"https:\\\/\\\/www.facebook.com\\\/vorulagerinn\",\"https:\\\/\\\/www.instagram.com\\\/vorulagerinn\\\/\"]}]}<\/script>\n<meta property=\"product:price:amount\" content=\"3300\" \/>\n<meta property=\"product:price:currency\" content=\"ISK\" \/>\n<meta property=\"og:availability\" content=\"out of stock\" \/>\n<meta property=\"product:availability\" content=\"out of stock\" \/>\n<meta property=\"product:retailer_item_id\" content=\"V85\" \/>\n<meta property=\"product:condition\" content=\"new\" \/>\n<!-- \/ Yoast SEO Premium plugin. -->","yoast_head_json":{"title":"Ruslabox \u00ed b\u00edlinn | Hentar \u00f6llum ger\u00f0um af b\u00edlum - vorulagerinn.is","description":"Ruslabox \u00ed b\u00edlinn kemur a\u00f0 g\u00f3\u00f0um notum til a\u00f0 safna saman papp\u00edr, plasti, tyggj\u00f3 e\u00f0a \u00f6\u00f0ru minna sorpi \u00e1 einum sta\u00f0. Ruslaboxi\u00f0 hentar \u00f6llum ger\u00f0um af b\u00edlum.","robots":{"index":"index","follow":"follow","max-snippet":"max-snippet:-1","max-image-preview":"max-image-preview:large","max-video-preview":"max-video-preview:-1"},"canonical":"https:\/\/vorulagerinn.is\/product\/ruslabox\/","og_locale":"en_US","og_type":"article","og_title":"Ruslabox","og_description":"Ruslabox \u00ed b\u00edlinn kemur a\u00f0 g\u00f3\u00f0um notum til a\u00f0 safna saman papp\u00edr, plasti, tyggj\u00f3 e\u00f0a \u00f6\u00f0ru minna sorpi \u00e1 einum sta\u00f0. Ruslaboxi\u00f0 hentar \u00f6llum ger\u00f0um af b\u00edlum.","og_url":"https:\/\/vorulagerinn.is\/product\/ruslabox\/","og_site_name":"V&ouml;rulagerinn","article_publisher":"https:\/\/www.facebook.com\/vorulagerinn","article_modified_time":"2025-11-17T07:02:35+00:00","og_image":[{"width":600,"height":600,"url":"https:\/\/vorulagerinn.is\/wp-content\/uploads\/2023\/06\/Ruslabox2.jpg","type":"image\/jpeg"}],"twitter_card":"summary_large_image","twitter_misc":{"Price":"3.300&nbsp;kr.","Availability":"Out of stock"},"schema":{"@context":"https:\/\/schema.org","@graph":[{"@type":"WebPage","@id":"https:\/\/vorulagerinn.is\/product\/ruslabox\/","url":"https:\/\/vorulagerinn.is\/product\/ruslabox\/","name":"Ruslabox \u00ed b\u00edlinn | Hentar \u00f6llum ger\u00f0um af b\u00edlum - vorulagerinn.is","isPartOf":{"@id":"https:\/\/vorulagerinn.is\/#website"},"primaryImageOfPage":{"@id":"https:\/\/vorulagerinn.is\/product\/ruslabox\/#primaryimage"},"image":{"@id":"https:\/\/vorulagerinn.is\/product\/ruslabox\/#primaryimage"},"thumbnailUrl":"https:\/\/vorulagerinn.is\/wp-content\/uploads\/2023\/06\/Ruslabox2.jpg","datePublished":"2023-06-08T14:37:44+00:00","dateModified":"2025-11-17T07:02:35+00:00","description":"Ruslabox \u00ed b\u00edlinn kemur a\u00f0 g\u00f3\u00f0um notum til a\u00f0 safna saman papp\u00edr, plasti, tyggj\u00f3 e\u00f0a \u00f6\u00f0ru minna sorpi \u00e1 einum sta\u00f0. Ruslaboxi\u00f0 hentar \u00f6llum ger\u00f0um af b\u00edlum.","breadcrumb":{"@id":"https:\/\/vorulagerinn.is\/product\/ruslabox\/#breadcrumb"},"inLanguage":"en-US","potentialAction":[{"@type":"ReadAction","target":["https:\/\/vorulagerinn.is\/product\/ruslabox\/"]}]},{"@type":"ImageObject","inLanguage":"en-US","@id":"https:\/\/vorulagerinn.is\/product\/ruslabox\/#primaryimage","url":"https:\/\/vorulagerinn.is\/wp-content\/uploads\/2023\/06\/Ruslabox2.jpg","contentUrl":"https:\/\/vorulagerinn.is\/wp-content\/uploads\/2023\/06\/Ruslabox2.jpg","width":600,"height":600},{"@type":"BreadcrumbList","@id":"https:\/\/vorulagerinn.is\/product\/ruslabox\/#breadcrumb","itemListElement":[{"@type":"ListItem","position":1,"name":"Home","item":"https:\/\/vorulagerinn.is\/"},{"@type":"ListItem","position":2,"name":"Shop","item":"https:\/\/vorulagerinn.is\/en\/shop\/"},{"@type":"ListItem","position":3,"name":"Ruslabox"}]},{"@type":"WebSite","@id":"https:\/\/vorulagerinn.is\/#website","url":"https:\/\/vorulagerinn.is\/","name":"V\u00f6rulagerinn","description":"L\u00e1ttu \u00fea\u00f0 eftir \u00fe\u00e9r","publisher":{"@id":"https:\/\/vorulagerinn.is\/#organization"},"potentialAction":[{"@type":"SearchAction","target":{"@type":"EntryPoint","urlTemplate":"https:\/\/vorulagerinn.is\/?s={search_term_string}"},"query-input":{"@type":"PropertyValueSpecification","valueRequired":true,"valueName":"search_term_string"}}],"inLanguage":"en-US"},{"@type":"Organization","@id":"https:\/\/vorulagerinn.is\/#organization","name":"V\u00f6rulagerinn","url":"https:\/\/vorulagerinn.is\/","logo":{"@type":"ImageObject","inLanguage":"en-US","@id":"https:\/\/vorulagerinn.is\/#\/schema\/logo\/image\/","url":"https:\/\/vorulagerinn.is\/wp-content\/uploads\/2022\/09\/Vorulagerinn-Logo-588x160-1.png","contentUrl":"https:\/\/vorulagerinn.is\/wp-content\/uploads\/2022\/09\/Vorulagerinn-Logo-588x160-1.png","width":588,"height":160,"caption":"V\u00f6rulagerinn"},"image":{"@id":"https:\/\/vorulagerinn.is\/#\/schema\/logo\/image\/"},"sameAs":["https:\/\/www.facebook.com\/vorulagerinn","https:\/\/www.instagram.com\/vorulagerinn\/"]}]},"product_price_amount":"3300","product_price_currency":"ISK","og_availability":"out of stock","product_availability":"out of stock","product_retailer_item_id":"V85","product_condition":"new"},"_links":{"self":[{"href":"https:\/\/vorulagerinn.is\/en\/wp-json\/wp\/v2\/product\/11769","targetHints":{"allow":["GET"]}}],"collection":[{"href":"https:\/\/vorulagerinn.is\/en\/wp-json\/wp\/v2\/product"}],"about":[{"href":"https:\/\/vorulagerinn.is\/en\/wp-json\/wp\/v2\/types\/product"}],"wp:featuredmedia":[{"embeddable":true,"href":"https:\/\/vorulagerinn.is\/en\/wp-json\/wp\/v2\/media\/11772"}],"wp:attachment":[{"href":"https:\/\/vorulagerinn.is\/en\/wp-json\/wp\/v2\/media?parent=11769"}],"wp:term":[{"taxonomy":"product_brand","embeddable":true,"href":"https:\/\/vorulagerinn.is\/en\/wp-json\/wp\/v2\/product_brand?post=11769"},{"taxonomy":"product_cat","embeddable":true,"href":"https:\/\/vorulagerinn.is\/en\/wp-json\/wp\/v2\/product_cat?post=11769"},{"taxonomy":"product_tag","embeddable":true,"href":"https:\/\/vorulagerinn.is\/en\/wp-json\/wp\/v2\/product_tag?post=11769"}],"curies":[{"name":"wp","href":"https:\/\/api.w.org\/{rel}","templated":true}]}}