{"id":12772,"date":"2023-07-11T18:59:25","date_gmt":"2023-07-11T18:59:25","guid":{"rendered":"https:\/\/vorulagerinn.is\/?post_type=product&#038;p=12772"},"modified":"2026-02-18T08:28:25","modified_gmt":"2026-02-18T08:28:25","slug":"krokur-festur-aftan-a-hofudpuda-2-stk","status":"publish","type":"product","link":"https:\/\/vorulagerinn.is\/en\/product\/krokur-festur-aftan-a-hofudpuda-2-stk\/","title":{"rendered":"Kr\u00f3kur festur aftan \u00e1 h\u00f6fu\u00f0p\u00fa\u00f0a (2 stk)"},"content":{"rendered":"","protected":false},"excerpt":{"rendered":"<p>Kr\u00f3karnir koma a\u00f0 g\u00f3\u00f0um notum \u00feegar hengja \u00fearf upp jakka, poka, t\u00f6ksur o.fl. Kr\u00f3kurinn \u00feolir allt a\u00f0 20 kg.<\/p>\n<p>&#8211; Litur: Svartur<br \/>\n&#8211; St\u00e6r\u00f0: 11&#215;7 cm<br \/>\n&#8211; \u00deyngd: 0,030 kg<br \/>\n&#8211; Heldur allt a\u00f0 20 kg<\/p>\n","protected":false},"featured_media":12773,"template":"","meta":[],"product_brand":[],"product_cat":[236,267],"product_tag":[],"class_list":{"0":"post-12772","1":"product","2":"type-product","3":"status-publish","4":"has-post-thumbnail","6":"product_cat-billinn","7":"product_cat-skipulagsvorur","9":"first","10":"instock","11":"sale","12":"featured","13":"taxable","14":"shipping-taxable","15":"purchasable","16":"product-type-simple"},"supplier_id":null,"supplier_sku":"","barcode":null,"atum_controlled":true,"out_stock_date":null,"out_stock_threshold":null,"inheritable":false,"inbound_stock":0,"stock_on_hold":0,"sold_today":0,"sales_last_days":0,"reserved_stock":0,"customer_returns":0,"warehouse_damage":0,"lost_in_post":0,"other_logs":0,"out_stock_days":0,"lost_sales":0,"has_location":false,"update_date":"2026-04-12T00:15:22","atum_locations":[],"atum_stock_status":"instock","restock_status":false,"low_stock_amount":"","sales_update_date":"2026-04-12T00:15:22","calc_backorders":null,"yoast_head":"<!-- This site is optimized with the Yoast SEO Premium plugin v26.6 (Yoast SEO v27.3) - https:\/\/yoast.com\/product\/yoast-seo-premium-wordpress\/ -->\n<title>Kr\u00f3kur festur aftan \u00e1 h\u00f6fu\u00f0p\u00fa\u00f0a (2 stk) - vorulagerinn.is<\/title>\n<meta name=\"description\" content=\"Kr\u00f3karnir koma a\u00f0 g\u00f3\u00f0um notum \u00feegar hengja \u00fearf jakka, poka, t\u00f6ksur o.fl. Kr\u00f3kurinn \u00feolir allt a\u00f0 20 kg. Litur: Svartur. St\u00e6r\u00f0: 11 x 7 cm.\" \/>\n<meta name=\"robots\" content=\"index, follow, max-snippet:-1, max-image-preview:large, max-video-preview:-1\" \/>\n<link rel=\"canonical\" href=\"https:\/\/vorulagerinn.is\/product\/krokur-festur-aftan-a-hofudpuda-2-stk\/\" \/>\n<meta property=\"og:locale\" content=\"en_US\" \/>\n<meta property=\"og:type\" content=\"article\" \/>\n<meta property=\"og:title\" content=\"Kr\u00f3kur festur aftan \u00e1 h\u00f6fu\u00f0p\u00fa\u00f0a (2 stk)\" \/>\n<meta property=\"og:description\" content=\"Kr\u00f3karnir koma a\u00f0 g\u00f3\u00f0um notum \u00feegar hengja \u00fearf jakka, poka, t\u00f6ksur o.fl. Kr\u00f3kurinn \u00feolir allt a\u00f0 20 kg. Litur: Svartur. St\u00e6r\u00f0: 11 x 7 cm.\" \/>\n<meta property=\"og:url\" content=\"https:\/\/vorulagerinn.is\/product\/krokur-festur-aftan-a-hofudpuda-2-stk\/\" \/>\n<meta property=\"og:site_name\" content=\"V&ouml;rulagerinn\" \/>\n<meta property=\"article:publisher\" content=\"https:\/\/www.facebook.com\/vorulagerinn\" \/>\n<meta property=\"article:modified_time\" content=\"2026-02-18T08:28:25+00:00\" \/>\n<meta property=\"og:image\" content=\"https:\/\/vorulagerinn.is\/wp-content\/uploads\/2023\/07\/Krokur.jpg\" \/>\n\t<meta property=\"og:image:width\" content=\"600\" \/>\n\t<meta property=\"og:image:height\" content=\"600\" \/>\n\t<meta property=\"og:image:type\" content=\"image\/jpeg\" \/>\n<meta name=\"twitter:card\" content=\"summary_large_image\" \/>\n<meta name=\"twitter:label1\" content=\"Price\" \/>\n\t<meta name=\"twitter:data1\" content=\"1.040&nbsp;kr.\" \/>\n\t<meta name=\"twitter:label2\" content=\"Availability\" \/>\n\t<meta name=\"twitter:data2\" content=\"In stock\" \/>\n<script type=\"application\/ld+json\" class=\"yoast-schema-graph\">{\"@context\":\"https:\\\/\\\/schema.org\",\"@graph\":[{\"@type\":\"WebPage\",\"@id\":\"https:\\\/\\\/vorulagerinn.is\\\/product\\\/krokur-festur-aftan-a-hofudpuda-2-stk\\\/\",\"url\":\"https:\\\/\\\/vorulagerinn.is\\\/product\\\/krokur-festur-aftan-a-hofudpuda-2-stk\\\/\",\"name\":\"Kr\u00f3kur festur aftan \u00e1 h\u00f6fu\u00f0p\u00fa\u00f0a (2 stk) - vorulagerinn.is\",\"isPartOf\":{\"@id\":\"https:\\\/\\\/vorulagerinn.is\\\/#website\"},\"primaryImageOfPage\":{\"@id\":\"https:\\\/\\\/vorulagerinn.is\\\/product\\\/krokur-festur-aftan-a-hofudpuda-2-stk\\\/#primaryimage\"},\"image\":{\"@id\":\"https:\\\/\\\/vorulagerinn.is\\\/product\\\/krokur-festur-aftan-a-hofudpuda-2-stk\\\/#primaryimage\"},\"thumbnailUrl\":\"https:\\\/\\\/vorulagerinn.is\\\/wp-content\\\/uploads\\\/2023\\\/07\\\/Krokur.jpg\",\"datePublished\":\"2023-07-11T18:59:25+00:00\",\"dateModified\":\"2026-02-18T08:28:25+00:00\",\"description\":\"Kr\u00f3karnir koma a\u00f0 g\u00f3\u00f0um notum \u00feegar hengja \u00fearf jakka, poka, t\u00f6ksur o.fl. Kr\u00f3kurinn \u00feolir allt a\u00f0 20 kg. Litur: Svartur. St\u00e6r\u00f0: 11 x 7 cm.\",\"breadcrumb\":{\"@id\":\"https:\\\/\\\/vorulagerinn.is\\\/product\\\/krokur-festur-aftan-a-hofudpuda-2-stk\\\/#breadcrumb\"},\"inLanguage\":\"en-US\",\"potentialAction\":[{\"@type\":\"ReadAction\",\"target\":[\"https:\\\/\\\/vorulagerinn.is\\\/product\\\/krokur-festur-aftan-a-hofudpuda-2-stk\\\/\"]}]},{\"@type\":\"ImageObject\",\"inLanguage\":\"en-US\",\"@id\":\"https:\\\/\\\/vorulagerinn.is\\\/product\\\/krokur-festur-aftan-a-hofudpuda-2-stk\\\/#primaryimage\",\"url\":\"https:\\\/\\\/vorulagerinn.is\\\/wp-content\\\/uploads\\\/2023\\\/07\\\/Krokur.jpg\",\"contentUrl\":\"https:\\\/\\\/vorulagerinn.is\\\/wp-content\\\/uploads\\\/2023\\\/07\\\/Krokur.jpg\",\"width\":600,\"height\":600},{\"@type\":\"BreadcrumbList\",\"@id\":\"https:\\\/\\\/vorulagerinn.is\\\/product\\\/krokur-festur-aftan-a-hofudpuda-2-stk\\\/#breadcrumb\",\"itemListElement\":[{\"@type\":\"ListItem\",\"position\":1,\"name\":\"Home\",\"item\":\"https:\\\/\\\/vorulagerinn.is\\\/\"},{\"@type\":\"ListItem\",\"position\":2,\"name\":\"Shop\",\"item\":\"https:\\\/\\\/vorulagerinn.is\\\/en\\\/shop\\\/\"},{\"@type\":\"ListItem\",\"position\":3,\"name\":\"Kr\u00f3kur festur aftan \u00e1 h\u00f6fu\u00f0p\u00fa\u00f0a (2 stk)\"}]},{\"@type\":\"WebSite\",\"@id\":\"https:\\\/\\\/vorulagerinn.is\\\/#website\",\"url\":\"https:\\\/\\\/vorulagerinn.is\\\/\",\"name\":\"V\u00f6rulagerinn\",\"description\":\"L\u00e1ttu \u00fea\u00f0 eftir \u00fe\u00e9r\",\"publisher\":{\"@id\":\"https:\\\/\\\/vorulagerinn.is\\\/#organization\"},\"potentialAction\":[{\"@type\":\"SearchAction\",\"target\":{\"@type\":\"EntryPoint\",\"urlTemplate\":\"https:\\\/\\\/vorulagerinn.is\\\/?s={search_term_string}\"},\"query-input\":{\"@type\":\"PropertyValueSpecification\",\"valueRequired\":true,\"valueName\":\"search_term_string\"}}],\"inLanguage\":\"en-US\"},{\"@type\":\"Organization\",\"@id\":\"https:\\\/\\\/vorulagerinn.is\\\/#organization\",\"name\":\"V\u00f6rulagerinn\",\"url\":\"https:\\\/\\\/vorulagerinn.is\\\/\",\"logo\":{\"@type\":\"ImageObject\",\"inLanguage\":\"en-US\",\"@id\":\"https:\\\/\\\/vorulagerinn.is\\\/#\\\/schema\\\/logo\\\/image\\\/\",\"url\":\"https:\\\/\\\/vorulagerinn.is\\\/wp-content\\\/uploads\\\/2022\\\/09\\\/Vorulagerinn-Logo-588x160-1.png\",\"contentUrl\":\"https:\\\/\\\/vorulagerinn.is\\\/wp-content\\\/uploads\\\/2022\\\/09\\\/Vorulagerinn-Logo-588x160-1.png\",\"width\":588,\"height\":160,\"caption\":\"V\u00f6rulagerinn\"},\"image\":{\"@id\":\"https:\\\/\\\/vorulagerinn.is\\\/#\\\/schema\\\/logo\\\/image\\\/\"},\"sameAs\":[\"https:\\\/\\\/www.facebook.com\\\/vorulagerinn\",\"https:\\\/\\\/www.instagram.com\\\/vorulagerinn\\\/\"]}]}<\/script>\n<meta property=\"product:price:amount\" content=\"1040\" \/>\n<meta property=\"product:price:currency\" content=\"ISK\" \/>\n<meta property=\"og:availability\" content=\"instock\" \/>\n<meta property=\"product:availability\" content=\"instock\" \/>\n<meta property=\"product:retailer_item_id\" content=\"V112\" \/>\n<meta property=\"product:condition\" content=\"new\" \/>\n<!-- \/ Yoast SEO Premium plugin. -->","yoast_head_json":{"title":"Kr\u00f3kur festur aftan \u00e1 h\u00f6fu\u00f0p\u00fa\u00f0a (2 stk) - vorulagerinn.is","description":"Kr\u00f3karnir koma a\u00f0 g\u00f3\u00f0um notum \u00feegar hengja \u00fearf jakka, poka, t\u00f6ksur o.fl. Kr\u00f3kurinn \u00feolir allt a\u00f0 20 kg. Litur: Svartur. St\u00e6r\u00f0: 11 x 7 cm.","robots":{"index":"index","follow":"follow","max-snippet":"max-snippet:-1","max-image-preview":"max-image-preview:large","max-video-preview":"max-video-preview:-1"},"canonical":"https:\/\/vorulagerinn.is\/product\/krokur-festur-aftan-a-hofudpuda-2-stk\/","og_locale":"en_US","og_type":"article","og_title":"Kr\u00f3kur festur aftan \u00e1 h\u00f6fu\u00f0p\u00fa\u00f0a (2 stk)","og_description":"Kr\u00f3karnir koma a\u00f0 g\u00f3\u00f0um notum \u00feegar hengja \u00fearf jakka, poka, t\u00f6ksur o.fl. Kr\u00f3kurinn \u00feolir allt a\u00f0 20 kg. Litur: Svartur. St\u00e6r\u00f0: 11 x 7 cm.","og_url":"https:\/\/vorulagerinn.is\/product\/krokur-festur-aftan-a-hofudpuda-2-stk\/","og_site_name":"V&ouml;rulagerinn","article_publisher":"https:\/\/www.facebook.com\/vorulagerinn","article_modified_time":"2026-02-18T08:28:25+00:00","og_image":[{"width":600,"height":600,"url":"https:\/\/vorulagerinn.is\/wp-content\/uploads\/2023\/07\/Krokur.jpg","type":"image\/jpeg"}],"twitter_card":"summary_large_image","twitter_misc":{"Price":"1.040&nbsp;kr.","Availability":"In stock"},"schema":{"@context":"https:\/\/schema.org","@graph":[{"@type":"WebPage","@id":"https:\/\/vorulagerinn.is\/product\/krokur-festur-aftan-a-hofudpuda-2-stk\/","url":"https:\/\/vorulagerinn.is\/product\/krokur-festur-aftan-a-hofudpuda-2-stk\/","name":"Kr\u00f3kur festur aftan \u00e1 h\u00f6fu\u00f0p\u00fa\u00f0a (2 stk) - vorulagerinn.is","isPartOf":{"@id":"https:\/\/vorulagerinn.is\/#website"},"primaryImageOfPage":{"@id":"https:\/\/vorulagerinn.is\/product\/krokur-festur-aftan-a-hofudpuda-2-stk\/#primaryimage"},"image":{"@id":"https:\/\/vorulagerinn.is\/product\/krokur-festur-aftan-a-hofudpuda-2-stk\/#primaryimage"},"thumbnailUrl":"https:\/\/vorulagerinn.is\/wp-content\/uploads\/2023\/07\/Krokur.jpg","datePublished":"2023-07-11T18:59:25+00:00","dateModified":"2026-02-18T08:28:25+00:00","description":"Kr\u00f3karnir koma a\u00f0 g\u00f3\u00f0um notum \u00feegar hengja \u00fearf jakka, poka, t\u00f6ksur o.fl. Kr\u00f3kurinn \u00feolir allt a\u00f0 20 kg. Litur: Svartur. St\u00e6r\u00f0: 11 x 7 cm.","breadcrumb":{"@id":"https:\/\/vorulagerinn.is\/product\/krokur-festur-aftan-a-hofudpuda-2-stk\/#breadcrumb"},"inLanguage":"en-US","potentialAction":[{"@type":"ReadAction","target":["https:\/\/vorulagerinn.is\/product\/krokur-festur-aftan-a-hofudpuda-2-stk\/"]}]},{"@type":"ImageObject","inLanguage":"en-US","@id":"https:\/\/vorulagerinn.is\/product\/krokur-festur-aftan-a-hofudpuda-2-stk\/#primaryimage","url":"https:\/\/vorulagerinn.is\/wp-content\/uploads\/2023\/07\/Krokur.jpg","contentUrl":"https:\/\/vorulagerinn.is\/wp-content\/uploads\/2023\/07\/Krokur.jpg","width":600,"height":600},{"@type":"BreadcrumbList","@id":"https:\/\/vorulagerinn.is\/product\/krokur-festur-aftan-a-hofudpuda-2-stk\/#breadcrumb","itemListElement":[{"@type":"ListItem","position":1,"name":"Home","item":"https:\/\/vorulagerinn.is\/"},{"@type":"ListItem","position":2,"name":"Shop","item":"https:\/\/vorulagerinn.is\/en\/shop\/"},{"@type":"ListItem","position":3,"name":"Kr\u00f3kur festur aftan \u00e1 h\u00f6fu\u00f0p\u00fa\u00f0a (2 stk)"}]},{"@type":"WebSite","@id":"https:\/\/vorulagerinn.is\/#website","url":"https:\/\/vorulagerinn.is\/","name":"V\u00f6rulagerinn","description":"L\u00e1ttu \u00fea\u00f0 eftir \u00fe\u00e9r","publisher":{"@id":"https:\/\/vorulagerinn.is\/#organization"},"potentialAction":[{"@type":"SearchAction","target":{"@type":"EntryPoint","urlTemplate":"https:\/\/vorulagerinn.is\/?s={search_term_string}"},"query-input":{"@type":"PropertyValueSpecification","valueRequired":true,"valueName":"search_term_string"}}],"inLanguage":"en-US"},{"@type":"Organization","@id":"https:\/\/vorulagerinn.is\/#organization","name":"V\u00f6rulagerinn","url":"https:\/\/vorulagerinn.is\/","logo":{"@type":"ImageObject","inLanguage":"en-US","@id":"https:\/\/vorulagerinn.is\/#\/schema\/logo\/image\/","url":"https:\/\/vorulagerinn.is\/wp-content\/uploads\/2022\/09\/Vorulagerinn-Logo-588x160-1.png","contentUrl":"https:\/\/vorulagerinn.is\/wp-content\/uploads\/2022\/09\/Vorulagerinn-Logo-588x160-1.png","width":588,"height":160,"caption":"V\u00f6rulagerinn"},"image":{"@id":"https:\/\/vorulagerinn.is\/#\/schema\/logo\/image\/"},"sameAs":["https:\/\/www.facebook.com\/vorulagerinn","https:\/\/www.instagram.com\/vorulagerinn\/"]}]},"product_price_amount":"1040","product_price_currency":"ISK","og_availability":"instock","product_availability":"instock","product_retailer_item_id":"V112","product_condition":"new"},"_links":{"self":[{"href":"https:\/\/vorulagerinn.is\/en\/wp-json\/wp\/v2\/product\/12772","targetHints":{"allow":["GET"]}}],"collection":[{"href":"https:\/\/vorulagerinn.is\/en\/wp-json\/wp\/v2\/product"}],"about":[{"href":"https:\/\/vorulagerinn.is\/en\/wp-json\/wp\/v2\/types\/product"}],"wp:featuredmedia":[{"embeddable":true,"href":"https:\/\/vorulagerinn.is\/en\/wp-json\/wp\/v2\/media\/12773"}],"wp:attachment":[{"href":"https:\/\/vorulagerinn.is\/en\/wp-json\/wp\/v2\/media?parent=12772"}],"wp:term":[{"taxonomy":"product_brand","embeddable":true,"href":"https:\/\/vorulagerinn.is\/en\/wp-json\/wp\/v2\/product_brand?post=12772"},{"taxonomy":"product_cat","embeddable":true,"href":"https:\/\/vorulagerinn.is\/en\/wp-json\/wp\/v2\/product_cat?post=12772"},{"taxonomy":"product_tag","embeddable":true,"href":"https:\/\/vorulagerinn.is\/en\/wp-json\/wp\/v2\/product_tag?post=12772"}],"curies":[{"name":"wp","href":"https:\/\/api.w.org\/{rel}","templated":true}]}}