{"id":13066,"date":"2023-07-19T09:33:50","date_gmt":"2023-07-19T09:33:50","guid":{"rendered":"https:\/\/vorulagerinn.is\/?post_type=product&#038;p=13066"},"modified":"2025-12-09T22:51:37","modified_gmt":"2025-12-09T22:51:37","slug":"endurskinspinnar","status":"publish","type":"product","link":"https:\/\/vorulagerinn.is\/en\/product\/endurskinspinnar\/","title":{"rendered":"Endurskinspinnar (12 stk \u00ed pakka) sem smellast \u00e1 teinana \u00e1 rei\u00f0hj\u00f3linu"},"content":{"rendered":"","protected":false},"excerpt":{"rendered":"<p>Vertu s\u00fdnilegur \u00e1 rei\u00f0hj\u00f3linu \u00feegar myrkra tekur me\u00f0 endurskinspinnum. \u00de\u00fa smellir \u00feeim einfaldlega \u00e1 teinana og rei\u00f0hj\u00f3li\u00f0 ver\u00f0ur s\u00fdnilegt \u00feegar b\u00edllj\u00f3s beinast \u00ed \u00e1ttina a\u00f0 hj\u00f3linu. \u00dea\u00f0 \u00e6ttu allir a\u00f0 nota endurskynspinna \u00e1 rei\u00f0hj\u00f3lum s\u00ednum \u00ed umfer\u00f0inni.<\/p>\n<p>&#8211; Litur: Gr\u00e1r<br \/>\n&#8211; 12 stk \u00ed pakka.<br \/>\n&#8211; Au\u00f0velt a\u00f0 smella \u00e1 teinana og fjarl\u00e6gja<\/p>\n","protected":false},"featured_media":13082,"template":"","meta":[],"product_brand":[],"product_cat":[167],"product_tag":[],"class_list":{"0":"post-13066","1":"product","2":"type-product","3":"status-publish","4":"has-post-thumbnail","6":"product_cat-heimilid","8":"first","9":"instock","10":"featured","11":"taxable","12":"shipping-taxable","13":"purchasable","14":"product-type-simple"},"supplier_id":null,"supplier_sku":"","barcode":null,"atum_controlled":true,"out_stock_date":null,"out_stock_threshold":null,"inheritable":false,"inbound_stock":0,"stock_on_hold":0,"sold_today":0,"sales_last_days":0,"reserved_stock":0,"customer_returns":0,"warehouse_damage":0,"lost_in_post":0,"other_logs":0,"out_stock_days":0,"lost_sales":0,"has_location":false,"update_date":"2026-04-12T00:15:19","atum_locations":[],"atum_stock_status":"instock","restock_status":false,"low_stock_amount":"","sales_update_date":"2026-04-12T00:15:19","calc_backorders":null,"yoast_head":"<!-- This site is optimized with the Yoast SEO Premium plugin v26.6 (Yoast SEO v27.3) - https:\/\/yoast.com\/product\/yoast-seo-premium-wordpress\/ -->\n<title>Endurskinspinnar (12 stk) sem smellast \u00e1 teinana \u00e1 rei\u00f0hj\u00f3lum<\/title>\n<meta name=\"description\" content=\"Vertu s\u00fdnilegur \u00e1 rei\u00f0hj\u00f3linu \u00ed skammdeginu me\u00f0 endurskinspinnum. \u00de\u00fa smellir \u00feeim einfaldlega \u00e1 teinana og ver\u00f0ur s\u00fdnilegur \u00ed myrkrinu. 12 stk \u00ed pakka.\" \/>\n<meta name=\"robots\" content=\"index, follow, max-snippet:-1, max-image-preview:large, max-video-preview:-1\" \/>\n<link rel=\"canonical\" href=\"https:\/\/vorulagerinn.is\/product\/endurskinspinnar\/\" \/>\n<meta property=\"og:locale\" content=\"en_US\" \/>\n<meta property=\"og:type\" content=\"article\" \/>\n<meta property=\"og:title\" content=\"Endurskinspinnar (12 stk \u00ed pakka) sem smellast \u00e1 teinana \u00e1 rei\u00f0hj\u00f3linu\" \/>\n<meta property=\"og:description\" content=\"Vertu s\u00fdnilegur \u00e1 rei\u00f0hj\u00f3linu \u00ed skammdeginu me\u00f0 endurskinspinnum. \u00de\u00fa smellir \u00feeim einfaldlega \u00e1 teinana og ver\u00f0ur s\u00fdnilegur \u00ed myrkrinu. 12 stk \u00ed pakka.\" \/>\n<meta property=\"og:url\" content=\"https:\/\/vorulagerinn.is\/product\/endurskinspinnar\/\" \/>\n<meta property=\"og:site_name\" content=\"V&ouml;rulagerinn\" \/>\n<meta property=\"article:publisher\" content=\"https:\/\/www.facebook.com\/vorulagerinn\" \/>\n<meta property=\"article:modified_time\" content=\"2025-12-09T22:51:37+00:00\" \/>\n<meta property=\"og:image\" content=\"https:\/\/vorulagerinn.is\/wp-content\/uploads\/2023\/07\/Endurskinspinnar4.jpg\" \/>\n\t<meta property=\"og:image:width\" content=\"600\" \/>\n\t<meta property=\"og:image:height\" content=\"600\" \/>\n\t<meta property=\"og:image:type\" content=\"image\/jpeg\" \/>\n<meta name=\"twitter:card\" content=\"summary_large_image\" \/>\n<meta name=\"twitter:label1\" content=\"Price\" \/>\n\t<meta name=\"twitter:data1\" content=\"1.690&nbsp;kr.\" \/>\n\t<meta name=\"twitter:label2\" content=\"Availability\" \/>\n\t<meta name=\"twitter:data2\" content=\"In stock\" \/>\n<script type=\"application\/ld+json\" class=\"yoast-schema-graph\">{\"@context\":\"https:\\\/\\\/schema.org\",\"@graph\":[{\"@type\":\"WebPage\",\"@id\":\"https:\\\/\\\/vorulagerinn.is\\\/product\\\/endurskinspinnar\\\/\",\"url\":\"https:\\\/\\\/vorulagerinn.is\\\/product\\\/endurskinspinnar\\\/\",\"name\":\"Endurskinspinnar (12 stk) sem smellast \u00e1 teinana \u00e1 rei\u00f0hj\u00f3lum\",\"isPartOf\":{\"@id\":\"https:\\\/\\\/vorulagerinn.is\\\/#website\"},\"primaryImageOfPage\":{\"@id\":\"https:\\\/\\\/vorulagerinn.is\\\/product\\\/endurskinspinnar\\\/#primaryimage\"},\"image\":{\"@id\":\"https:\\\/\\\/vorulagerinn.is\\\/product\\\/endurskinspinnar\\\/#primaryimage\"},\"thumbnailUrl\":\"https:\\\/\\\/vorulagerinn.is\\\/wp-content\\\/uploads\\\/2023\\\/07\\\/Endurskinspinnar4.jpg\",\"datePublished\":\"2023-07-19T09:33:50+00:00\",\"dateModified\":\"2025-12-09T22:51:37+00:00\",\"description\":\"Vertu s\u00fdnilegur \u00e1 rei\u00f0hj\u00f3linu \u00ed skammdeginu me\u00f0 endurskinspinnum. \u00de\u00fa smellir \u00feeim einfaldlega \u00e1 teinana og ver\u00f0ur s\u00fdnilegur \u00ed myrkrinu. 12 stk \u00ed pakka.\",\"breadcrumb\":{\"@id\":\"https:\\\/\\\/vorulagerinn.is\\\/product\\\/endurskinspinnar\\\/#breadcrumb\"},\"inLanguage\":\"en-US\",\"potentialAction\":[{\"@type\":\"ReadAction\",\"target\":[\"https:\\\/\\\/vorulagerinn.is\\\/product\\\/endurskinspinnar\\\/\"]}]},{\"@type\":\"ImageObject\",\"inLanguage\":\"en-US\",\"@id\":\"https:\\\/\\\/vorulagerinn.is\\\/product\\\/endurskinspinnar\\\/#primaryimage\",\"url\":\"https:\\\/\\\/vorulagerinn.is\\\/wp-content\\\/uploads\\\/2023\\\/07\\\/Endurskinspinnar4.jpg\",\"contentUrl\":\"https:\\\/\\\/vorulagerinn.is\\\/wp-content\\\/uploads\\\/2023\\\/07\\\/Endurskinspinnar4.jpg\",\"width\":600,\"height\":600},{\"@type\":\"BreadcrumbList\",\"@id\":\"https:\\\/\\\/vorulagerinn.is\\\/product\\\/endurskinspinnar\\\/#breadcrumb\",\"itemListElement\":[{\"@type\":\"ListItem\",\"position\":1,\"name\":\"Home\",\"item\":\"https:\\\/\\\/vorulagerinn.is\\\/\"},{\"@type\":\"ListItem\",\"position\":2,\"name\":\"Shop\",\"item\":\"https:\\\/\\\/vorulagerinn.is\\\/en\\\/shop\\\/\"},{\"@type\":\"ListItem\",\"position\":3,\"name\":\"Endurskinspinnar (12 stk \u00ed pakka) sem smellast \u00e1 teinana \u00e1 rei\u00f0hj\u00f3linu\"}]},{\"@type\":\"WebSite\",\"@id\":\"https:\\\/\\\/vorulagerinn.is\\\/#website\",\"url\":\"https:\\\/\\\/vorulagerinn.is\\\/\",\"name\":\"V\u00f6rulagerinn\",\"description\":\"L\u00e1ttu \u00fea\u00f0 eftir \u00fe\u00e9r\",\"publisher\":{\"@id\":\"https:\\\/\\\/vorulagerinn.is\\\/#organization\"},\"potentialAction\":[{\"@type\":\"SearchAction\",\"target\":{\"@type\":\"EntryPoint\",\"urlTemplate\":\"https:\\\/\\\/vorulagerinn.is\\\/?s={search_term_string}\"},\"query-input\":{\"@type\":\"PropertyValueSpecification\",\"valueRequired\":true,\"valueName\":\"search_term_string\"}}],\"inLanguage\":\"en-US\"},{\"@type\":\"Organization\",\"@id\":\"https:\\\/\\\/vorulagerinn.is\\\/#organization\",\"name\":\"V\u00f6rulagerinn\",\"url\":\"https:\\\/\\\/vorulagerinn.is\\\/\",\"logo\":{\"@type\":\"ImageObject\",\"inLanguage\":\"en-US\",\"@id\":\"https:\\\/\\\/vorulagerinn.is\\\/#\\\/schema\\\/logo\\\/image\\\/\",\"url\":\"https:\\\/\\\/vorulagerinn.is\\\/wp-content\\\/uploads\\\/2022\\\/09\\\/Vorulagerinn-Logo-588x160-1.png\",\"contentUrl\":\"https:\\\/\\\/vorulagerinn.is\\\/wp-content\\\/uploads\\\/2022\\\/09\\\/Vorulagerinn-Logo-588x160-1.png\",\"width\":588,\"height\":160,\"caption\":\"V\u00f6rulagerinn\"},\"image\":{\"@id\":\"https:\\\/\\\/vorulagerinn.is\\\/#\\\/schema\\\/logo\\\/image\\\/\"},\"sameAs\":[\"https:\\\/\\\/www.facebook.com\\\/vorulagerinn\",\"https:\\\/\\\/www.instagram.com\\\/vorulagerinn\\\/\"]}]}<\/script>\n<meta property=\"product:price:amount\" content=\"1690\" \/>\n<meta property=\"product:price:currency\" content=\"ISK\" \/>\n<meta property=\"og:availability\" content=\"instock\" \/>\n<meta property=\"product:availability\" content=\"instock\" \/>\n<meta property=\"product:retailer_item_id\" content=\"V103\" \/>\n<meta property=\"product:condition\" content=\"new\" \/>\n<!-- \/ Yoast SEO Premium plugin. -->","yoast_head_json":{"title":"Endurskinspinnar (12 stk) sem smellast \u00e1 teinana \u00e1 rei\u00f0hj\u00f3lum","description":"Vertu s\u00fdnilegur \u00e1 rei\u00f0hj\u00f3linu \u00ed skammdeginu me\u00f0 endurskinspinnum. \u00de\u00fa smellir \u00feeim einfaldlega \u00e1 teinana og ver\u00f0ur s\u00fdnilegur \u00ed myrkrinu. 12 stk \u00ed pakka.","robots":{"index":"index","follow":"follow","max-snippet":"max-snippet:-1","max-image-preview":"max-image-preview:large","max-video-preview":"max-video-preview:-1"},"canonical":"https:\/\/vorulagerinn.is\/product\/endurskinspinnar\/","og_locale":"en_US","og_type":"article","og_title":"Endurskinspinnar (12 stk \u00ed pakka) sem smellast \u00e1 teinana \u00e1 rei\u00f0hj\u00f3linu","og_description":"Vertu s\u00fdnilegur \u00e1 rei\u00f0hj\u00f3linu \u00ed skammdeginu me\u00f0 endurskinspinnum. \u00de\u00fa smellir \u00feeim einfaldlega \u00e1 teinana og ver\u00f0ur s\u00fdnilegur \u00ed myrkrinu. 12 stk \u00ed pakka.","og_url":"https:\/\/vorulagerinn.is\/product\/endurskinspinnar\/","og_site_name":"V&ouml;rulagerinn","article_publisher":"https:\/\/www.facebook.com\/vorulagerinn","article_modified_time":"2025-12-09T22:51:37+00:00","og_image":[{"width":600,"height":600,"url":"https:\/\/vorulagerinn.is\/wp-content\/uploads\/2023\/07\/Endurskinspinnar4.jpg","type":"image\/jpeg"}],"twitter_card":"summary_large_image","twitter_misc":{"Price":"1.690&nbsp;kr.","Availability":"In stock"},"schema":{"@context":"https:\/\/schema.org","@graph":[{"@type":"WebPage","@id":"https:\/\/vorulagerinn.is\/product\/endurskinspinnar\/","url":"https:\/\/vorulagerinn.is\/product\/endurskinspinnar\/","name":"Endurskinspinnar (12 stk) sem smellast \u00e1 teinana \u00e1 rei\u00f0hj\u00f3lum","isPartOf":{"@id":"https:\/\/vorulagerinn.is\/#website"},"primaryImageOfPage":{"@id":"https:\/\/vorulagerinn.is\/product\/endurskinspinnar\/#primaryimage"},"image":{"@id":"https:\/\/vorulagerinn.is\/product\/endurskinspinnar\/#primaryimage"},"thumbnailUrl":"https:\/\/vorulagerinn.is\/wp-content\/uploads\/2023\/07\/Endurskinspinnar4.jpg","datePublished":"2023-07-19T09:33:50+00:00","dateModified":"2025-12-09T22:51:37+00:00","description":"Vertu s\u00fdnilegur \u00e1 rei\u00f0hj\u00f3linu \u00ed skammdeginu me\u00f0 endurskinspinnum. \u00de\u00fa smellir \u00feeim einfaldlega \u00e1 teinana og ver\u00f0ur s\u00fdnilegur \u00ed myrkrinu. 12 stk \u00ed pakka.","breadcrumb":{"@id":"https:\/\/vorulagerinn.is\/product\/endurskinspinnar\/#breadcrumb"},"inLanguage":"en-US","potentialAction":[{"@type":"ReadAction","target":["https:\/\/vorulagerinn.is\/product\/endurskinspinnar\/"]}]},{"@type":"ImageObject","inLanguage":"en-US","@id":"https:\/\/vorulagerinn.is\/product\/endurskinspinnar\/#primaryimage","url":"https:\/\/vorulagerinn.is\/wp-content\/uploads\/2023\/07\/Endurskinspinnar4.jpg","contentUrl":"https:\/\/vorulagerinn.is\/wp-content\/uploads\/2023\/07\/Endurskinspinnar4.jpg","width":600,"height":600},{"@type":"BreadcrumbList","@id":"https:\/\/vorulagerinn.is\/product\/endurskinspinnar\/#breadcrumb","itemListElement":[{"@type":"ListItem","position":1,"name":"Home","item":"https:\/\/vorulagerinn.is\/"},{"@type":"ListItem","position":2,"name":"Shop","item":"https:\/\/vorulagerinn.is\/en\/shop\/"},{"@type":"ListItem","position":3,"name":"Endurskinspinnar (12 stk \u00ed pakka) sem smellast \u00e1 teinana \u00e1 rei\u00f0hj\u00f3linu"}]},{"@type":"WebSite","@id":"https:\/\/vorulagerinn.is\/#website","url":"https:\/\/vorulagerinn.is\/","name":"V\u00f6rulagerinn","description":"L\u00e1ttu \u00fea\u00f0 eftir \u00fe\u00e9r","publisher":{"@id":"https:\/\/vorulagerinn.is\/#organization"},"potentialAction":[{"@type":"SearchAction","target":{"@type":"EntryPoint","urlTemplate":"https:\/\/vorulagerinn.is\/?s={search_term_string}"},"query-input":{"@type":"PropertyValueSpecification","valueRequired":true,"valueName":"search_term_string"}}],"inLanguage":"en-US"},{"@type":"Organization","@id":"https:\/\/vorulagerinn.is\/#organization","name":"V\u00f6rulagerinn","url":"https:\/\/vorulagerinn.is\/","logo":{"@type":"ImageObject","inLanguage":"en-US","@id":"https:\/\/vorulagerinn.is\/#\/schema\/logo\/image\/","url":"https:\/\/vorulagerinn.is\/wp-content\/uploads\/2022\/09\/Vorulagerinn-Logo-588x160-1.png","contentUrl":"https:\/\/vorulagerinn.is\/wp-content\/uploads\/2022\/09\/Vorulagerinn-Logo-588x160-1.png","width":588,"height":160,"caption":"V\u00f6rulagerinn"},"image":{"@id":"https:\/\/vorulagerinn.is\/#\/schema\/logo\/image\/"},"sameAs":["https:\/\/www.facebook.com\/vorulagerinn","https:\/\/www.instagram.com\/vorulagerinn\/"]}]},"product_price_amount":"1690","product_price_currency":"ISK","og_availability":"instock","product_availability":"instock","product_retailer_item_id":"V103","product_condition":"new"},"_links":{"self":[{"href":"https:\/\/vorulagerinn.is\/en\/wp-json\/wp\/v2\/product\/13066","targetHints":{"allow":["GET"]}}],"collection":[{"href":"https:\/\/vorulagerinn.is\/en\/wp-json\/wp\/v2\/product"}],"about":[{"href":"https:\/\/vorulagerinn.is\/en\/wp-json\/wp\/v2\/types\/product"}],"wp:featuredmedia":[{"embeddable":true,"href":"https:\/\/vorulagerinn.is\/en\/wp-json\/wp\/v2\/media\/13082"}],"wp:attachment":[{"href":"https:\/\/vorulagerinn.is\/en\/wp-json\/wp\/v2\/media?parent=13066"}],"wp:term":[{"taxonomy":"product_brand","embeddable":true,"href":"https:\/\/vorulagerinn.is\/en\/wp-json\/wp\/v2\/product_brand?post=13066"},{"taxonomy":"product_cat","embeddable":true,"href":"https:\/\/vorulagerinn.is\/en\/wp-json\/wp\/v2\/product_cat?post=13066"},{"taxonomy":"product_tag","embeddable":true,"href":"https:\/\/vorulagerinn.is\/en\/wp-json\/wp\/v2\/product_tag?post=13066"}],"curies":[{"name":"wp","href":"https:\/\/api.w.org\/{rel}","templated":true}]}}