{"id":14165,"date":"2023-08-23T11:46:49","date_gmt":"2023-08-23T11:46:49","guid":{"rendered":"https:\/\/vorulagerinn.is\/?post_type=product&#038;p=14165"},"modified":"2026-02-11T15:22:49","modified_gmt":"2026-02-11T15:22:49","slug":"nidurfallslok-4-litir-fyrir-badherbergi-eldhus-og-thvottahus","status":"publish","type":"product","link":"https:\/\/vorulagerinn.is\/en\/product\/nidurfallslok-4-litir-fyrir-badherbergi-eldhus-og-thvottahus\/","title":{"rendered":"Ni\u00f0urfallslok (4 litir) fyrir ba\u00f0herbergi, eldh\u00fas og \u00fevottah\u00fas"},"content":{"rendered":"","protected":false},"excerpt":{"rendered":"<p>Ni\u00f0urfallslokinu er komi\u00f0 fyrir ofan \u00e1 ni\u00f0urfalli\u00f0 \u00ed ba\u00f0herberginu, eldh\u00fasinu e\u00f0a \u00ed \u00fevottah\u00fasinu. \u00dea\u00f0 er annars vegar h\u00e6gt a\u00f0 hafa loki\u00f0 fyrir mi\u00f0ju opi\u00f0 og hleypa vatninu \u00ed gegn e\u00f0a \u00fdta \u00e1 loki\u00f0 sem kemur \u00ed veg fyrir a\u00f0 vatni\u00f0 fari ofan \u00ed ni\u00f0urfalli\u00f0. Fj\u00f3rir litir \u00ed bo\u00f0i.<\/p>\n<p>&#8211; Litur: Appels\u00ednuguldur, gr\u00e6nn, gulur og bl\u00e1r<br \/>\n&#8211; St\u00e6r\u00f0:10&#215;10,5&#215;2 cm<br \/>\n&#8211; \u00deyngd: 52g<br \/>\n&#8211; Ni\u00f0urf\u00f6ll \u00ed ba\u00f0herbergi, eldh\u00fasi og \u00fevottah\u00fasi<\/p>\n","protected":false},"featured_media":14164,"template":"","meta":[],"product_brand":[],"product_cat":[167],"product_tag":[],"class_list":{"0":"post-14165","1":"product","2":"type-product","3":"status-publish","4":"has-post-thumbnail","6":"product_cat-heimilid","8":"first","9":"instock","10":"featured","11":"taxable","12":"shipping-taxable","13":"purchasable","14":"product-type-variable"},"supplier_id":null,"supplier_sku":"","barcode":null,"atum_controlled":true,"out_stock_date":null,"out_stock_threshold":null,"inheritable":true,"inbound_stock":null,"stock_on_hold":0,"sold_today":0,"sales_last_days":0,"reserved_stock":null,"customer_returns":null,"warehouse_damage":null,"lost_in_post":null,"other_logs":null,"out_stock_days":0,"lost_sales":0,"has_location":false,"update_date":"2026-04-12T00:15:19","atum_locations":[],"atum_stock_status":"instock","restock_status":false,"low_stock_amount":"","sales_update_date":"2026-04-12T00:15:19","calc_backorders":null,"yoast_head":"<!-- This site is optimized with the Yoast SEO Premium plugin v26.6 (Yoast SEO v27.3) - https:\/\/yoast.com\/product\/yoast-seo-premium-wordpress\/ -->\n<title>Ni\u00f0urfallslok (4 litir \u00ed bo\u00f0i) fyrir ba\u00f0herbergi, eldh\u00fas og \u00fevottah\u00fas<\/title>\n<meta name=\"description\" content=\"\u00dea\u00f0 er annars vegar h\u00e6gt a\u00f0 hafa loki\u00f0 fyrir mi\u00f0ju opi\u00f0 og hleypa vatninu \u00ed gegn e\u00f0a \u00fdta \u00e1 loki\u00f0 sem kemur \u00ed veg fyrir a\u00f0 vatni\u00f0 fari ofan \u00ed ni\u00f0urfalli\u00f0.\" \/>\n<meta name=\"robots\" content=\"index, follow, max-snippet:-1, max-image-preview:large, max-video-preview:-1\" \/>\n<link rel=\"canonical\" href=\"https:\/\/vorulagerinn.is\/product\/nidurfallslok-4-litir-fyrir-badherbergi-eldhus-og-thvottahus\/\" \/>\n<meta property=\"og:locale\" content=\"en_US\" \/>\n<meta property=\"og:type\" content=\"article\" \/>\n<meta property=\"og:title\" content=\"Ni\u00f0urfallslok (4 litir) fyrir ba\u00f0herbergi, eldh\u00fas og \u00fevottah\u00fas\" \/>\n<meta property=\"og:description\" content=\"\u00dea\u00f0 er annars vegar h\u00e6gt a\u00f0 hafa loki\u00f0 fyrir mi\u00f0ju opi\u00f0 og hleypa vatninu \u00ed gegn e\u00f0a \u00fdta \u00e1 loki\u00f0 sem kemur \u00ed veg fyrir a\u00f0 vatni\u00f0 fari ofan \u00ed ni\u00f0urfalli\u00f0.\" \/>\n<meta property=\"og:url\" content=\"https:\/\/vorulagerinn.is\/product\/nidurfallslok-4-litir-fyrir-badherbergi-eldhus-og-thvottahus\/\" \/>\n<meta property=\"og:site_name\" content=\"V&ouml;rulagerinn\" \/>\n<meta property=\"article:publisher\" content=\"https:\/\/www.facebook.com\/vorulagerinn\" \/>\n<meta property=\"article:modified_time\" content=\"2026-02-11T15:22:49+00:00\" \/>\n<meta property=\"og:image\" content=\"https:\/\/vorulagerinn.is\/wp-content\/uploads\/2023\/08\/Nidurfallslok.jpg\" \/>\n\t<meta property=\"og:image:width\" content=\"600\" \/>\n\t<meta property=\"og:image:height\" content=\"600\" \/>\n\t<meta property=\"og:image:type\" content=\"image\/jpeg\" \/>\n<meta name=\"twitter:card\" content=\"summary_large_image\" \/>\n<meta name=\"twitter:label1\" content=\"Availability\" \/>\n\t<meta name=\"twitter:data1\" content=\"In stock\" \/>\n<script type=\"application\/ld+json\" class=\"yoast-schema-graph\">{\"@context\":\"https:\\\/\\\/schema.org\",\"@graph\":[{\"@type\":\"WebPage\",\"@id\":\"https:\\\/\\\/vorulagerinn.is\\\/product\\\/nidurfallslok-4-litir-fyrir-badherbergi-eldhus-og-thvottahus\\\/\",\"url\":\"https:\\\/\\\/vorulagerinn.is\\\/product\\\/nidurfallslok-4-litir-fyrir-badherbergi-eldhus-og-thvottahus\\\/\",\"name\":\"Ni\u00f0urfallslok (4 litir \u00ed bo\u00f0i) fyrir ba\u00f0herbergi, eldh\u00fas og \u00fevottah\u00fas\",\"isPartOf\":{\"@id\":\"https:\\\/\\\/vorulagerinn.is\\\/#website\"},\"primaryImageOfPage\":{\"@id\":\"https:\\\/\\\/vorulagerinn.is\\\/product\\\/nidurfallslok-4-litir-fyrir-badherbergi-eldhus-og-thvottahus\\\/#primaryimage\"},\"image\":{\"@id\":\"https:\\\/\\\/vorulagerinn.is\\\/product\\\/nidurfallslok-4-litir-fyrir-badherbergi-eldhus-og-thvottahus\\\/#primaryimage\"},\"thumbnailUrl\":\"https:\\\/\\\/vorulagerinn.is\\\/wp-content\\\/uploads\\\/2023\\\/08\\\/Nidurfallslok.jpg\",\"datePublished\":\"2023-08-23T11:46:49+00:00\",\"dateModified\":\"2026-02-11T15:22:49+00:00\",\"description\":\"\u00dea\u00f0 er annars vegar h\u00e6gt a\u00f0 hafa loki\u00f0 fyrir mi\u00f0ju opi\u00f0 og hleypa vatninu \u00ed gegn e\u00f0a \u00fdta \u00e1 loki\u00f0 sem kemur \u00ed veg fyrir a\u00f0 vatni\u00f0 fari ofan \u00ed ni\u00f0urfalli\u00f0.\",\"breadcrumb\":{\"@id\":\"https:\\\/\\\/vorulagerinn.is\\\/product\\\/nidurfallslok-4-litir-fyrir-badherbergi-eldhus-og-thvottahus\\\/#breadcrumb\"},\"inLanguage\":\"en-US\",\"potentialAction\":[{\"@type\":\"ReadAction\",\"target\":[\"https:\\\/\\\/vorulagerinn.is\\\/product\\\/nidurfallslok-4-litir-fyrir-badherbergi-eldhus-og-thvottahus\\\/\"]}]},{\"@type\":\"ImageObject\",\"inLanguage\":\"en-US\",\"@id\":\"https:\\\/\\\/vorulagerinn.is\\\/product\\\/nidurfallslok-4-litir-fyrir-badherbergi-eldhus-og-thvottahus\\\/#primaryimage\",\"url\":\"https:\\\/\\\/vorulagerinn.is\\\/wp-content\\\/uploads\\\/2023\\\/08\\\/Nidurfallslok.jpg\",\"contentUrl\":\"https:\\\/\\\/vorulagerinn.is\\\/wp-content\\\/uploads\\\/2023\\\/08\\\/Nidurfallslok.jpg\",\"width\":600,\"height\":600},{\"@type\":\"BreadcrumbList\",\"@id\":\"https:\\\/\\\/vorulagerinn.is\\\/product\\\/nidurfallslok-4-litir-fyrir-badherbergi-eldhus-og-thvottahus\\\/#breadcrumb\",\"itemListElement\":[{\"@type\":\"ListItem\",\"position\":1,\"name\":\"Home\",\"item\":\"https:\\\/\\\/vorulagerinn.is\\\/\"},{\"@type\":\"ListItem\",\"position\":2,\"name\":\"Shop\",\"item\":\"https:\\\/\\\/vorulagerinn.is\\\/en\\\/shop\\\/\"},{\"@type\":\"ListItem\",\"position\":3,\"name\":\"Ni\u00f0urfallslok (4 litir) fyrir ba\u00f0herbergi, eldh\u00fas og \u00fevottah\u00fas\"}]},{\"@type\":\"WebSite\",\"@id\":\"https:\\\/\\\/vorulagerinn.is\\\/#website\",\"url\":\"https:\\\/\\\/vorulagerinn.is\\\/\",\"name\":\"V\u00f6rulagerinn\",\"description\":\"L\u00e1ttu \u00fea\u00f0 eftir \u00fe\u00e9r\",\"publisher\":{\"@id\":\"https:\\\/\\\/vorulagerinn.is\\\/#organization\"},\"potentialAction\":[{\"@type\":\"SearchAction\",\"target\":{\"@type\":\"EntryPoint\",\"urlTemplate\":\"https:\\\/\\\/vorulagerinn.is\\\/?s={search_term_string}\"},\"query-input\":{\"@type\":\"PropertyValueSpecification\",\"valueRequired\":true,\"valueName\":\"search_term_string\"}}],\"inLanguage\":\"en-US\"},{\"@type\":\"Organization\",\"@id\":\"https:\\\/\\\/vorulagerinn.is\\\/#organization\",\"name\":\"V\u00f6rulagerinn\",\"url\":\"https:\\\/\\\/vorulagerinn.is\\\/\",\"logo\":{\"@type\":\"ImageObject\",\"inLanguage\":\"en-US\",\"@id\":\"https:\\\/\\\/vorulagerinn.is\\\/#\\\/schema\\\/logo\\\/image\\\/\",\"url\":\"https:\\\/\\\/vorulagerinn.is\\\/wp-content\\\/uploads\\\/2022\\\/09\\\/Vorulagerinn-Logo-588x160-1.png\",\"contentUrl\":\"https:\\\/\\\/vorulagerinn.is\\\/wp-content\\\/uploads\\\/2022\\\/09\\\/Vorulagerinn-Logo-588x160-1.png\",\"width\":588,\"height\":160,\"caption\":\"V\u00f6rulagerinn\"},\"image\":{\"@id\":\"https:\\\/\\\/vorulagerinn.is\\\/#\\\/schema\\\/logo\\\/image\\\/\"},\"sameAs\":[\"https:\\\/\\\/www.facebook.com\\\/vorulagerinn\",\"https:\\\/\\\/www.instagram.com\\\/vorulagerinn\\\/\"]}]}<\/script>\n<meta property=\"og:availability\" content=\"instock\" \/>\n<meta property=\"product:availability\" content=\"instock\" \/>\n<meta property=\"product:retailer_item_id\" content=\"V133\" \/>\n<meta property=\"product:condition\" content=\"new\" \/>\n<!-- \/ Yoast SEO Premium plugin. -->","yoast_head_json":{"title":"Ni\u00f0urfallslok (4 litir \u00ed bo\u00f0i) fyrir ba\u00f0herbergi, eldh\u00fas og \u00fevottah\u00fas","description":"\u00dea\u00f0 er annars vegar h\u00e6gt a\u00f0 hafa loki\u00f0 fyrir mi\u00f0ju opi\u00f0 og hleypa vatninu \u00ed gegn e\u00f0a \u00fdta \u00e1 loki\u00f0 sem kemur \u00ed veg fyrir a\u00f0 vatni\u00f0 fari ofan \u00ed ni\u00f0urfalli\u00f0.","robots":{"index":"index","follow":"follow","max-snippet":"max-snippet:-1","max-image-preview":"max-image-preview:large","max-video-preview":"max-video-preview:-1"},"canonical":"https:\/\/vorulagerinn.is\/product\/nidurfallslok-4-litir-fyrir-badherbergi-eldhus-og-thvottahus\/","og_locale":"en_US","og_type":"article","og_title":"Ni\u00f0urfallslok (4 litir) fyrir ba\u00f0herbergi, eldh\u00fas og \u00fevottah\u00fas","og_description":"\u00dea\u00f0 er annars vegar h\u00e6gt a\u00f0 hafa loki\u00f0 fyrir mi\u00f0ju opi\u00f0 og hleypa vatninu \u00ed gegn e\u00f0a \u00fdta \u00e1 loki\u00f0 sem kemur \u00ed veg fyrir a\u00f0 vatni\u00f0 fari ofan \u00ed ni\u00f0urfalli\u00f0.","og_url":"https:\/\/vorulagerinn.is\/product\/nidurfallslok-4-litir-fyrir-badherbergi-eldhus-og-thvottahus\/","og_site_name":"V&ouml;rulagerinn","article_publisher":"https:\/\/www.facebook.com\/vorulagerinn","article_modified_time":"2026-02-11T15:22:49+00:00","og_image":[{"width":600,"height":600,"url":"https:\/\/vorulagerinn.is\/wp-content\/uploads\/2023\/08\/Nidurfallslok.jpg","type":"image\/jpeg"}],"twitter_card":"summary_large_image","twitter_misc":{"Availability":"In stock"},"schema":{"@context":"https:\/\/schema.org","@graph":[{"@type":"WebPage","@id":"https:\/\/vorulagerinn.is\/product\/nidurfallslok-4-litir-fyrir-badherbergi-eldhus-og-thvottahus\/","url":"https:\/\/vorulagerinn.is\/product\/nidurfallslok-4-litir-fyrir-badherbergi-eldhus-og-thvottahus\/","name":"Ni\u00f0urfallslok (4 litir \u00ed bo\u00f0i) fyrir ba\u00f0herbergi, eldh\u00fas og \u00fevottah\u00fas","isPartOf":{"@id":"https:\/\/vorulagerinn.is\/#website"},"primaryImageOfPage":{"@id":"https:\/\/vorulagerinn.is\/product\/nidurfallslok-4-litir-fyrir-badherbergi-eldhus-og-thvottahus\/#primaryimage"},"image":{"@id":"https:\/\/vorulagerinn.is\/product\/nidurfallslok-4-litir-fyrir-badherbergi-eldhus-og-thvottahus\/#primaryimage"},"thumbnailUrl":"https:\/\/vorulagerinn.is\/wp-content\/uploads\/2023\/08\/Nidurfallslok.jpg","datePublished":"2023-08-23T11:46:49+00:00","dateModified":"2026-02-11T15:22:49+00:00","description":"\u00dea\u00f0 er annars vegar h\u00e6gt a\u00f0 hafa loki\u00f0 fyrir mi\u00f0ju opi\u00f0 og hleypa vatninu \u00ed gegn e\u00f0a \u00fdta \u00e1 loki\u00f0 sem kemur \u00ed veg fyrir a\u00f0 vatni\u00f0 fari ofan \u00ed ni\u00f0urfalli\u00f0.","breadcrumb":{"@id":"https:\/\/vorulagerinn.is\/product\/nidurfallslok-4-litir-fyrir-badherbergi-eldhus-og-thvottahus\/#breadcrumb"},"inLanguage":"en-US","potentialAction":[{"@type":"ReadAction","target":["https:\/\/vorulagerinn.is\/product\/nidurfallslok-4-litir-fyrir-badherbergi-eldhus-og-thvottahus\/"]}]},{"@type":"ImageObject","inLanguage":"en-US","@id":"https:\/\/vorulagerinn.is\/product\/nidurfallslok-4-litir-fyrir-badherbergi-eldhus-og-thvottahus\/#primaryimage","url":"https:\/\/vorulagerinn.is\/wp-content\/uploads\/2023\/08\/Nidurfallslok.jpg","contentUrl":"https:\/\/vorulagerinn.is\/wp-content\/uploads\/2023\/08\/Nidurfallslok.jpg","width":600,"height":600},{"@type":"BreadcrumbList","@id":"https:\/\/vorulagerinn.is\/product\/nidurfallslok-4-litir-fyrir-badherbergi-eldhus-og-thvottahus\/#breadcrumb","itemListElement":[{"@type":"ListItem","position":1,"name":"Home","item":"https:\/\/vorulagerinn.is\/"},{"@type":"ListItem","position":2,"name":"Shop","item":"https:\/\/vorulagerinn.is\/en\/shop\/"},{"@type":"ListItem","position":3,"name":"Ni\u00f0urfallslok (4 litir) fyrir ba\u00f0herbergi, eldh\u00fas og \u00fevottah\u00fas"}]},{"@type":"WebSite","@id":"https:\/\/vorulagerinn.is\/#website","url":"https:\/\/vorulagerinn.is\/","name":"V\u00f6rulagerinn","description":"L\u00e1ttu \u00fea\u00f0 eftir \u00fe\u00e9r","publisher":{"@id":"https:\/\/vorulagerinn.is\/#organization"},"potentialAction":[{"@type":"SearchAction","target":{"@type":"EntryPoint","urlTemplate":"https:\/\/vorulagerinn.is\/?s={search_term_string}"},"query-input":{"@type":"PropertyValueSpecification","valueRequired":true,"valueName":"search_term_string"}}],"inLanguage":"en-US"},{"@type":"Organization","@id":"https:\/\/vorulagerinn.is\/#organization","name":"V\u00f6rulagerinn","url":"https:\/\/vorulagerinn.is\/","logo":{"@type":"ImageObject","inLanguage":"en-US","@id":"https:\/\/vorulagerinn.is\/#\/schema\/logo\/image\/","url":"https:\/\/vorulagerinn.is\/wp-content\/uploads\/2022\/09\/Vorulagerinn-Logo-588x160-1.png","contentUrl":"https:\/\/vorulagerinn.is\/wp-content\/uploads\/2022\/09\/Vorulagerinn-Logo-588x160-1.png","width":588,"height":160,"caption":"V\u00f6rulagerinn"},"image":{"@id":"https:\/\/vorulagerinn.is\/#\/schema\/logo\/image\/"},"sameAs":["https:\/\/www.facebook.com\/vorulagerinn","https:\/\/www.instagram.com\/vorulagerinn\/"]}]},"og_availability":"instock","product_availability":"instock","product_retailer_item_id":"V133","product_condition":"new"},"_links":{"self":[{"href":"https:\/\/vorulagerinn.is\/en\/wp-json\/wp\/v2\/product\/14165","targetHints":{"allow":["GET"]}}],"collection":[{"href":"https:\/\/vorulagerinn.is\/en\/wp-json\/wp\/v2\/product"}],"about":[{"href":"https:\/\/vorulagerinn.is\/en\/wp-json\/wp\/v2\/types\/product"}],"wp:featuredmedia":[{"embeddable":true,"href":"https:\/\/vorulagerinn.is\/en\/wp-json\/wp\/v2\/media\/14164"}],"wp:attachment":[{"href":"https:\/\/vorulagerinn.is\/en\/wp-json\/wp\/v2\/media?parent=14165"}],"wp:term":[{"taxonomy":"product_brand","embeddable":true,"href":"https:\/\/vorulagerinn.is\/en\/wp-json\/wp\/v2\/product_brand?post=14165"},{"taxonomy":"product_cat","embeddable":true,"href":"https:\/\/vorulagerinn.is\/en\/wp-json\/wp\/v2\/product_cat?post=14165"},{"taxonomy":"product_tag","embeddable":true,"href":"https:\/\/vorulagerinn.is\/en\/wp-json\/wp\/v2\/product_tag?post=14165"}],"curies":[{"name":"wp","href":"https:\/\/api.w.org\/{rel}","templated":true}]}}