{"id":14175,"date":"2023-08-23T12:31:54","date_gmt":"2023-08-23T12:31:54","guid":{"rendered":"https:\/\/vorulagerinn.is\/?post_type=product&#038;p=14175"},"modified":"2026-02-11T15:29:26","modified_gmt":"2026-02-11T15:29:26","slug":"nidurfallsmottur-3-staerdir","status":"publish","type":"product","link":"https:\/\/vorulagerinn.is\/en\/product\/nidurfallsmottur-3-staerdir\/","title":{"rendered":"Ni\u00f0urfallsmottur (3 st\u00e6r\u00f0ir)"},"content":{"rendered":"","protected":false},"excerpt":{"rendered":"<p>Ni\u00f0urfallsmottunni er komi\u00f0 fyrir ofan \u00e1 ni\u00f0urfalli\u00f0 \u00ed ba\u00f0herberginu, eldh\u00fasinu e\u00f0a \u00ed \u00fevottah\u00fasinu. H\u00fan lokar fyrir rennsli vatns ofan \u00ed ni\u00f0urfalli\u00f0. Til a\u00f0 fjarl\u00e6gja mottuna er toga\u00f0 \u00ed lykkju \u00e1 horni ni\u00f0urfallsmottunar. \u00derj\u00e1r st\u00e6r\u00f0ir \u00ed bo\u00f0i. 20&#215;20 cm, 15&#215;15 cm og 12&#215;12 cm.<\/p>\n<p>&#8211; Litur: Gl\u00e6r<br \/>\n&#8211; \u00derj\u00e1r st\u00e6r\u00f0ir: 20&#215;20 cm, 15&#215;15 cm og 12&#215;12 cm<br \/>\n&#8211; \u00deyngd: 50g, 31,5g og 22g<\/p>\n","protected":false},"featured_media":14176,"template":"","meta":[],"product_brand":[],"product_cat":[167],"product_tag":[],"class_list":{"0":"post-14175","1":"product","2":"type-product","3":"status-publish","4":"has-post-thumbnail","6":"product_cat-heimilid","8":"first","9":"instock","10":"featured","11":"taxable","12":"shipping-taxable","13":"purchasable","14":"product-type-variable"},"supplier_id":null,"supplier_sku":"","barcode":null,"atum_controlled":true,"out_stock_date":null,"out_stock_threshold":null,"inheritable":true,"inbound_stock":0,"stock_on_hold":0,"sold_today":0,"sales_last_days":0,"reserved_stock":0,"customer_returns":0,"warehouse_damage":0,"lost_in_post":0,"other_logs":0,"out_stock_days":0,"lost_sales":0,"has_location":false,"update_date":"2026-04-12T00:15:22","atum_locations":[],"atum_stock_status":"instock","restock_status":false,"low_stock_amount":"","sales_update_date":"2026-04-12T00:15:22","calc_backorders":null,"yoast_head":"<!-- This site is optimized with the Yoast SEO Premium plugin v26.6 (Yoast SEO v27.3) - https:\/\/yoast.com\/product\/yoast-seo-premium-wordpress\/ -->\n<title>Ni\u00f0urfallsmottur (3 st\u00e6r\u00f0ir \u00ed bo\u00f0i) - V\u00f6rulagerinn<\/title>\n<meta name=\"description\" content=\"Ni\u00f0urfallsmottunni lokar fyrir rennsli vatns ofan \u00ed ni\u00f0urfalli\u00f0. Til a\u00f0 fjarl\u00e6gja mottuna er toga\u00f0 \u00ed lykkju \u00e1 horni ni\u00f0urfallsmottunar. \u00derj\u00e1r st\u00e6r\u00f0ir \u00ed bo\u00f0i\" \/>\n<meta name=\"robots\" content=\"index, follow, max-snippet:-1, max-image-preview:large, max-video-preview:-1\" \/>\n<link rel=\"canonical\" href=\"https:\/\/vorulagerinn.is\/product\/nidurfallsmottur-3-staerdir\/\" \/>\n<meta property=\"og:locale\" content=\"en_US\" \/>\n<meta property=\"og:type\" content=\"article\" \/>\n<meta property=\"og:title\" content=\"Ni\u00f0urfallsmottur (3 st\u00e6r\u00f0ir)\" \/>\n<meta property=\"og:description\" content=\"Ni\u00f0urfallsmottunni lokar fyrir rennsli vatns ofan \u00ed ni\u00f0urfalli\u00f0. Til a\u00f0 fjarl\u00e6gja mottuna er toga\u00f0 \u00ed lykkju \u00e1 horni ni\u00f0urfallsmottunar. \u00derj\u00e1r st\u00e6r\u00f0ir \u00ed bo\u00f0i\" \/>\n<meta property=\"og:url\" content=\"https:\/\/vorulagerinn.is\/product\/nidurfallsmottur-3-staerdir\/\" \/>\n<meta property=\"og:site_name\" content=\"V&ouml;rulagerinn\" \/>\n<meta property=\"article:publisher\" content=\"https:\/\/www.facebook.com\/vorulagerinn\" \/>\n<meta property=\"article:modified_time\" content=\"2026-02-11T15:29:26+00:00\" \/>\n<meta property=\"og:image\" content=\"https:\/\/vorulagerinn.is\/wp-content\/uploads\/2023\/08\/Nidurfallsmottur.jpg\" \/>\n\t<meta property=\"og:image:width\" content=\"600\" \/>\n\t<meta property=\"og:image:height\" content=\"600\" \/>\n\t<meta property=\"og:image:type\" content=\"image\/jpeg\" \/>\n<meta name=\"twitter:card\" content=\"summary_large_image\" \/>\n<meta name=\"twitter:label1\" content=\"Availability\" \/>\n\t<meta name=\"twitter:data1\" content=\"In stock\" \/>\n<script type=\"application\/ld+json\" class=\"yoast-schema-graph\">{\"@context\":\"https:\\\/\\\/schema.org\",\"@graph\":[{\"@type\":\"WebPage\",\"@id\":\"https:\\\/\\\/vorulagerinn.is\\\/product\\\/nidurfallsmottur-3-staerdir\\\/\",\"url\":\"https:\\\/\\\/vorulagerinn.is\\\/product\\\/nidurfallsmottur-3-staerdir\\\/\",\"name\":\"Ni\u00f0urfallsmottur (3 st\u00e6r\u00f0ir \u00ed bo\u00f0i) - V\u00f6rulagerinn\",\"isPartOf\":{\"@id\":\"https:\\\/\\\/vorulagerinn.is\\\/#website\"},\"primaryImageOfPage\":{\"@id\":\"https:\\\/\\\/vorulagerinn.is\\\/product\\\/nidurfallsmottur-3-staerdir\\\/#primaryimage\"},\"image\":{\"@id\":\"https:\\\/\\\/vorulagerinn.is\\\/product\\\/nidurfallsmottur-3-staerdir\\\/#primaryimage\"},\"thumbnailUrl\":\"https:\\\/\\\/vorulagerinn.is\\\/wp-content\\\/uploads\\\/2023\\\/08\\\/Nidurfallsmottur.jpg\",\"datePublished\":\"2023-08-23T12:31:54+00:00\",\"dateModified\":\"2026-02-11T15:29:26+00:00\",\"description\":\"Ni\u00f0urfallsmottunni lokar fyrir rennsli vatns ofan \u00ed ni\u00f0urfalli\u00f0. Til a\u00f0 fjarl\u00e6gja mottuna er toga\u00f0 \u00ed lykkju \u00e1 horni ni\u00f0urfallsmottunar. \u00derj\u00e1r st\u00e6r\u00f0ir \u00ed bo\u00f0i\",\"breadcrumb\":{\"@id\":\"https:\\\/\\\/vorulagerinn.is\\\/product\\\/nidurfallsmottur-3-staerdir\\\/#breadcrumb\"},\"inLanguage\":\"en-US\",\"potentialAction\":[{\"@type\":\"ReadAction\",\"target\":[\"https:\\\/\\\/vorulagerinn.is\\\/product\\\/nidurfallsmottur-3-staerdir\\\/\"]}]},{\"@type\":\"ImageObject\",\"inLanguage\":\"en-US\",\"@id\":\"https:\\\/\\\/vorulagerinn.is\\\/product\\\/nidurfallsmottur-3-staerdir\\\/#primaryimage\",\"url\":\"https:\\\/\\\/vorulagerinn.is\\\/wp-content\\\/uploads\\\/2023\\\/08\\\/Nidurfallsmottur.jpg\",\"contentUrl\":\"https:\\\/\\\/vorulagerinn.is\\\/wp-content\\\/uploads\\\/2023\\\/08\\\/Nidurfallsmottur.jpg\",\"width\":600,\"height\":600},{\"@type\":\"BreadcrumbList\",\"@id\":\"https:\\\/\\\/vorulagerinn.is\\\/product\\\/nidurfallsmottur-3-staerdir\\\/#breadcrumb\",\"itemListElement\":[{\"@type\":\"ListItem\",\"position\":1,\"name\":\"Home\",\"item\":\"https:\\\/\\\/vorulagerinn.is\\\/\"},{\"@type\":\"ListItem\",\"position\":2,\"name\":\"Shop\",\"item\":\"https:\\\/\\\/vorulagerinn.is\\\/en\\\/shop\\\/\"},{\"@type\":\"ListItem\",\"position\":3,\"name\":\"Ni\u00f0urfallsmottur (3 st\u00e6r\u00f0ir)\"}]},{\"@type\":\"WebSite\",\"@id\":\"https:\\\/\\\/vorulagerinn.is\\\/#website\",\"url\":\"https:\\\/\\\/vorulagerinn.is\\\/\",\"name\":\"V\u00f6rulagerinn\",\"description\":\"L\u00e1ttu \u00fea\u00f0 eftir \u00fe\u00e9r\",\"publisher\":{\"@id\":\"https:\\\/\\\/vorulagerinn.is\\\/#organization\"},\"potentialAction\":[{\"@type\":\"SearchAction\",\"target\":{\"@type\":\"EntryPoint\",\"urlTemplate\":\"https:\\\/\\\/vorulagerinn.is\\\/?s={search_term_string}\"},\"query-input\":{\"@type\":\"PropertyValueSpecification\",\"valueRequired\":true,\"valueName\":\"search_term_string\"}}],\"inLanguage\":\"en-US\"},{\"@type\":\"Organization\",\"@id\":\"https:\\\/\\\/vorulagerinn.is\\\/#organization\",\"name\":\"V\u00f6rulagerinn\",\"url\":\"https:\\\/\\\/vorulagerinn.is\\\/\",\"logo\":{\"@type\":\"ImageObject\",\"inLanguage\":\"en-US\",\"@id\":\"https:\\\/\\\/vorulagerinn.is\\\/#\\\/schema\\\/logo\\\/image\\\/\",\"url\":\"https:\\\/\\\/vorulagerinn.is\\\/wp-content\\\/uploads\\\/2022\\\/09\\\/Vorulagerinn-Logo-588x160-1.png\",\"contentUrl\":\"https:\\\/\\\/vorulagerinn.is\\\/wp-content\\\/uploads\\\/2022\\\/09\\\/Vorulagerinn-Logo-588x160-1.png\",\"width\":588,\"height\":160,\"caption\":\"V\u00f6rulagerinn\"},\"image\":{\"@id\":\"https:\\\/\\\/vorulagerinn.is\\\/#\\\/schema\\\/logo\\\/image\\\/\"},\"sameAs\":[\"https:\\\/\\\/www.facebook.com\\\/vorulagerinn\",\"https:\\\/\\\/www.instagram.com\\\/vorulagerinn\\\/\"]}]}<\/script>\n<meta property=\"og:availability\" content=\"instock\" \/>\n<meta property=\"product:availability\" content=\"instock\" \/>\n<meta property=\"product:retailer_item_id\" content=\"V132\" \/>\n<meta property=\"product:condition\" content=\"new\" \/>\n<!-- \/ Yoast SEO Premium plugin. -->","yoast_head_json":{"title":"Ni\u00f0urfallsmottur (3 st\u00e6r\u00f0ir \u00ed bo\u00f0i) - V\u00f6rulagerinn","description":"Ni\u00f0urfallsmottunni lokar fyrir rennsli vatns ofan \u00ed ni\u00f0urfalli\u00f0. Til a\u00f0 fjarl\u00e6gja mottuna er toga\u00f0 \u00ed lykkju \u00e1 horni ni\u00f0urfallsmottunar. \u00derj\u00e1r st\u00e6r\u00f0ir \u00ed bo\u00f0i","robots":{"index":"index","follow":"follow","max-snippet":"max-snippet:-1","max-image-preview":"max-image-preview:large","max-video-preview":"max-video-preview:-1"},"canonical":"https:\/\/vorulagerinn.is\/product\/nidurfallsmottur-3-staerdir\/","og_locale":"en_US","og_type":"article","og_title":"Ni\u00f0urfallsmottur (3 st\u00e6r\u00f0ir)","og_description":"Ni\u00f0urfallsmottunni lokar fyrir rennsli vatns ofan \u00ed ni\u00f0urfalli\u00f0. Til a\u00f0 fjarl\u00e6gja mottuna er toga\u00f0 \u00ed lykkju \u00e1 horni ni\u00f0urfallsmottunar. \u00derj\u00e1r st\u00e6r\u00f0ir \u00ed bo\u00f0i","og_url":"https:\/\/vorulagerinn.is\/product\/nidurfallsmottur-3-staerdir\/","og_site_name":"V&ouml;rulagerinn","article_publisher":"https:\/\/www.facebook.com\/vorulagerinn","article_modified_time":"2026-02-11T15:29:26+00:00","og_image":[{"width":600,"height":600,"url":"https:\/\/vorulagerinn.is\/wp-content\/uploads\/2023\/08\/Nidurfallsmottur.jpg","type":"image\/jpeg"}],"twitter_card":"summary_large_image","twitter_misc":{"Availability":"In stock"},"schema":{"@context":"https:\/\/schema.org","@graph":[{"@type":"WebPage","@id":"https:\/\/vorulagerinn.is\/product\/nidurfallsmottur-3-staerdir\/","url":"https:\/\/vorulagerinn.is\/product\/nidurfallsmottur-3-staerdir\/","name":"Ni\u00f0urfallsmottur (3 st\u00e6r\u00f0ir \u00ed bo\u00f0i) - V\u00f6rulagerinn","isPartOf":{"@id":"https:\/\/vorulagerinn.is\/#website"},"primaryImageOfPage":{"@id":"https:\/\/vorulagerinn.is\/product\/nidurfallsmottur-3-staerdir\/#primaryimage"},"image":{"@id":"https:\/\/vorulagerinn.is\/product\/nidurfallsmottur-3-staerdir\/#primaryimage"},"thumbnailUrl":"https:\/\/vorulagerinn.is\/wp-content\/uploads\/2023\/08\/Nidurfallsmottur.jpg","datePublished":"2023-08-23T12:31:54+00:00","dateModified":"2026-02-11T15:29:26+00:00","description":"Ni\u00f0urfallsmottunni lokar fyrir rennsli vatns ofan \u00ed ni\u00f0urfalli\u00f0. Til a\u00f0 fjarl\u00e6gja mottuna er toga\u00f0 \u00ed lykkju \u00e1 horni ni\u00f0urfallsmottunar. \u00derj\u00e1r st\u00e6r\u00f0ir \u00ed bo\u00f0i","breadcrumb":{"@id":"https:\/\/vorulagerinn.is\/product\/nidurfallsmottur-3-staerdir\/#breadcrumb"},"inLanguage":"en-US","potentialAction":[{"@type":"ReadAction","target":["https:\/\/vorulagerinn.is\/product\/nidurfallsmottur-3-staerdir\/"]}]},{"@type":"ImageObject","inLanguage":"en-US","@id":"https:\/\/vorulagerinn.is\/product\/nidurfallsmottur-3-staerdir\/#primaryimage","url":"https:\/\/vorulagerinn.is\/wp-content\/uploads\/2023\/08\/Nidurfallsmottur.jpg","contentUrl":"https:\/\/vorulagerinn.is\/wp-content\/uploads\/2023\/08\/Nidurfallsmottur.jpg","width":600,"height":600},{"@type":"BreadcrumbList","@id":"https:\/\/vorulagerinn.is\/product\/nidurfallsmottur-3-staerdir\/#breadcrumb","itemListElement":[{"@type":"ListItem","position":1,"name":"Home","item":"https:\/\/vorulagerinn.is\/"},{"@type":"ListItem","position":2,"name":"Shop","item":"https:\/\/vorulagerinn.is\/en\/shop\/"},{"@type":"ListItem","position":3,"name":"Ni\u00f0urfallsmottur (3 st\u00e6r\u00f0ir)"}]},{"@type":"WebSite","@id":"https:\/\/vorulagerinn.is\/#website","url":"https:\/\/vorulagerinn.is\/","name":"V\u00f6rulagerinn","description":"L\u00e1ttu \u00fea\u00f0 eftir \u00fe\u00e9r","publisher":{"@id":"https:\/\/vorulagerinn.is\/#organization"},"potentialAction":[{"@type":"SearchAction","target":{"@type":"EntryPoint","urlTemplate":"https:\/\/vorulagerinn.is\/?s={search_term_string}"},"query-input":{"@type":"PropertyValueSpecification","valueRequired":true,"valueName":"search_term_string"}}],"inLanguage":"en-US"},{"@type":"Organization","@id":"https:\/\/vorulagerinn.is\/#organization","name":"V\u00f6rulagerinn","url":"https:\/\/vorulagerinn.is\/","logo":{"@type":"ImageObject","inLanguage":"en-US","@id":"https:\/\/vorulagerinn.is\/#\/schema\/logo\/image\/","url":"https:\/\/vorulagerinn.is\/wp-content\/uploads\/2022\/09\/Vorulagerinn-Logo-588x160-1.png","contentUrl":"https:\/\/vorulagerinn.is\/wp-content\/uploads\/2022\/09\/Vorulagerinn-Logo-588x160-1.png","width":588,"height":160,"caption":"V\u00f6rulagerinn"},"image":{"@id":"https:\/\/vorulagerinn.is\/#\/schema\/logo\/image\/"},"sameAs":["https:\/\/www.facebook.com\/vorulagerinn","https:\/\/www.instagram.com\/vorulagerinn\/"]}]},"og_availability":"instock","product_availability":"instock","product_retailer_item_id":"V132","product_condition":"new"},"_links":{"self":[{"href":"https:\/\/vorulagerinn.is\/en\/wp-json\/wp\/v2\/product\/14175","targetHints":{"allow":["GET"]}}],"collection":[{"href":"https:\/\/vorulagerinn.is\/en\/wp-json\/wp\/v2\/product"}],"about":[{"href":"https:\/\/vorulagerinn.is\/en\/wp-json\/wp\/v2\/types\/product"}],"wp:featuredmedia":[{"embeddable":true,"href":"https:\/\/vorulagerinn.is\/en\/wp-json\/wp\/v2\/media\/14176"}],"wp:attachment":[{"href":"https:\/\/vorulagerinn.is\/en\/wp-json\/wp\/v2\/media?parent=14175"}],"wp:term":[{"taxonomy":"product_brand","embeddable":true,"href":"https:\/\/vorulagerinn.is\/en\/wp-json\/wp\/v2\/product_brand?post=14175"},{"taxonomy":"product_cat","embeddable":true,"href":"https:\/\/vorulagerinn.is\/en\/wp-json\/wp\/v2\/product_cat?post=14175"},{"taxonomy":"product_tag","embeddable":true,"href":"https:\/\/vorulagerinn.is\/en\/wp-json\/wp\/v2\/product_tag?post=14175"}],"curies":[{"name":"wp","href":"https:\/\/api.w.org\/{rel}","templated":true}]}}