{"id":14259,"date":"2023-08-25T09:23:29","date_gmt":"2023-08-25T09:23:29","guid":{"rendered":"https:\/\/vorulagerinn.is\/?post_type=product&#038;p=14259"},"modified":"2026-02-17T11:42:31","modified_gmt":"2026-02-17T11:42:31","slug":"saetisbeltahlif","status":"publish","type":"product","link":"https:\/\/vorulagerinn.is\/en\/product\/saetisbeltahlif\/","title":{"rendered":"S\u00e6tisbeltahl\u00edf"},"content":{"rendered":"","protected":false},"excerpt":{"rendered":"<p>S\u00e6tisbeltahl\u00edfin er au\u00f0veld \u00ed uppsetningu og veitir far\u00feegum betri og \u00fe\u00e6ginlegri upplifun \u00ed \u00f6kut\u00e6kinu. Hl\u00edfin verndar h\u00fa\u00f0ina fyrir n\u00faningi og dregur \u00far ertingu vi\u00f0 h\u00e1ls og h\u00f6fu\u00f0. H\u00fan passar \u00ed allar ger\u00f0ir b\u00edla.<\/p>\n<p>&#8211; Litur: Svartur<br \/>\n&#8211; St\u00e6r\u00f0: 6.5&#215;23 cm<br \/>\n&#8211; Efni: Le\u00f0ur<\/p>\n","protected":false},"featured_media":14260,"template":"","meta":[],"product_brand":[],"product_cat":[236],"product_tag":[],"class_list":{"0":"post-14259","1":"product","2":"type-product","3":"status-publish","4":"has-post-thumbnail","6":"product_cat-billinn","8":"first","9":"instock","10":"sale","11":"featured","12":"taxable","13":"shipping-taxable","14":"purchasable","15":"product-type-simple"},"supplier_id":null,"supplier_sku":"","barcode":null,"atum_controlled":true,"out_stock_date":null,"out_stock_threshold":null,"inheritable":false,"inbound_stock":0,"stock_on_hold":0,"sold_today":0,"sales_last_days":0,"reserved_stock":0,"customer_returns":0,"warehouse_damage":0,"lost_in_post":0,"other_logs":0,"out_stock_days":0,"lost_sales":0,"has_location":false,"update_date":"2026-04-19T00:22:44","atum_locations":[],"atum_stock_status":"instock","restock_status":false,"low_stock_amount":"","sales_update_date":"2026-04-19T00:22:44","calc_backorders":null,"yoast_head":"<!-- This site is optimized with the Yoast SEO Premium plugin v26.6 (Yoast SEO v27.3) - https:\/\/yoast.com\/product\/yoast-seo-premium-wordpress\/ -->\n<title>S\u00e6tisbeltahl\u00edf | Verndar h\u00fa\u00f0ina fyrir ertingu vi\u00f0 h\u00e1ls og h\u00f6fu\u00f0<\/title>\n<meta name=\"description\" content=\"S\u00e6tisbeltahl\u00edfin er au\u00f0veld \u00ed uppsetningu og veitir far\u00feegum betri og \u00fe\u00e6ginlegri upplifun \u00ed \u00f6kut\u00e6kinu. S\u00e6tisbeltahl\u00edfin passar \u00ed allar ger\u00f0ir b\u00edla.\" \/>\n<meta name=\"robots\" content=\"index, follow, max-snippet:-1, max-image-preview:large, max-video-preview:-1\" \/>\n<link rel=\"canonical\" href=\"https:\/\/vorulagerinn.is\/product\/saetisbeltahlif\/\" \/>\n<meta property=\"og:locale\" content=\"en_US\" \/>\n<meta property=\"og:type\" content=\"article\" \/>\n<meta property=\"og:title\" content=\"S\u00e6tisbeltahl\u00edf\" \/>\n<meta property=\"og:description\" content=\"S\u00e6tisbeltahl\u00edfin er au\u00f0veld \u00ed uppsetningu og veitir far\u00feegum betri og \u00fe\u00e6ginlegri upplifun \u00ed \u00f6kut\u00e6kinu. S\u00e6tisbeltahl\u00edfin passar \u00ed allar ger\u00f0ir b\u00edla.\" \/>\n<meta property=\"og:url\" content=\"https:\/\/vorulagerinn.is\/product\/saetisbeltahlif\/\" \/>\n<meta property=\"og:site_name\" content=\"V&ouml;rulagerinn\" \/>\n<meta property=\"article:publisher\" content=\"https:\/\/www.facebook.com\/vorulagerinn\" \/>\n<meta property=\"article:modified_time\" content=\"2026-02-17T11:42:31+00:00\" \/>\n<meta property=\"og:image\" content=\"https:\/\/vorulagerinn.is\/wp-content\/uploads\/2023\/08\/Saetisbeltahlif.jpg\" \/>\n\t<meta property=\"og:image:width\" content=\"600\" \/>\n\t<meta property=\"og:image:height\" content=\"600\" \/>\n\t<meta property=\"og:image:type\" content=\"image\/jpeg\" \/>\n<meta name=\"twitter:card\" content=\"summary_large_image\" \/>\n<meta name=\"twitter:label1\" content=\"Price\" \/>\n\t<meta name=\"twitter:data1\" content=\"1.960&nbsp;kr.\" \/>\n\t<meta name=\"twitter:label2\" content=\"Availability\" \/>\n\t<meta name=\"twitter:data2\" content=\"In stock\" \/>\n<script type=\"application\/ld+json\" class=\"yoast-schema-graph\">{\"@context\":\"https:\\\/\\\/schema.org\",\"@graph\":[{\"@type\":\"WebPage\",\"@id\":\"https:\\\/\\\/vorulagerinn.is\\\/product\\\/saetisbeltahlif\\\/\",\"url\":\"https:\\\/\\\/vorulagerinn.is\\\/product\\\/saetisbeltahlif\\\/\",\"name\":\"S\u00e6tisbeltahl\u00edf | Verndar h\u00fa\u00f0ina fyrir ertingu vi\u00f0 h\u00e1ls og h\u00f6fu\u00f0\",\"isPartOf\":{\"@id\":\"https:\\\/\\\/vorulagerinn.is\\\/#website\"},\"primaryImageOfPage\":{\"@id\":\"https:\\\/\\\/vorulagerinn.is\\\/product\\\/saetisbeltahlif\\\/#primaryimage\"},\"image\":{\"@id\":\"https:\\\/\\\/vorulagerinn.is\\\/product\\\/saetisbeltahlif\\\/#primaryimage\"},\"thumbnailUrl\":\"https:\\\/\\\/vorulagerinn.is\\\/wp-content\\\/uploads\\\/2023\\\/08\\\/Saetisbeltahlif.jpg\",\"datePublished\":\"2023-08-25T09:23:29+00:00\",\"dateModified\":\"2026-02-17T11:42:31+00:00\",\"description\":\"S\u00e6tisbeltahl\u00edfin er au\u00f0veld \u00ed uppsetningu og veitir far\u00feegum betri og \u00fe\u00e6ginlegri upplifun \u00ed \u00f6kut\u00e6kinu. S\u00e6tisbeltahl\u00edfin passar \u00ed allar ger\u00f0ir b\u00edla.\",\"breadcrumb\":{\"@id\":\"https:\\\/\\\/vorulagerinn.is\\\/product\\\/saetisbeltahlif\\\/#breadcrumb\"},\"inLanguage\":\"en-US\",\"potentialAction\":[{\"@type\":\"ReadAction\",\"target\":[\"https:\\\/\\\/vorulagerinn.is\\\/product\\\/saetisbeltahlif\\\/\"]}]},{\"@type\":\"ImageObject\",\"inLanguage\":\"en-US\",\"@id\":\"https:\\\/\\\/vorulagerinn.is\\\/product\\\/saetisbeltahlif\\\/#primaryimage\",\"url\":\"https:\\\/\\\/vorulagerinn.is\\\/wp-content\\\/uploads\\\/2023\\\/08\\\/Saetisbeltahlif.jpg\",\"contentUrl\":\"https:\\\/\\\/vorulagerinn.is\\\/wp-content\\\/uploads\\\/2023\\\/08\\\/Saetisbeltahlif.jpg\",\"width\":600,\"height\":600},{\"@type\":\"BreadcrumbList\",\"@id\":\"https:\\\/\\\/vorulagerinn.is\\\/product\\\/saetisbeltahlif\\\/#breadcrumb\",\"itemListElement\":[{\"@type\":\"ListItem\",\"position\":1,\"name\":\"Home\",\"item\":\"https:\\\/\\\/vorulagerinn.is\\\/\"},{\"@type\":\"ListItem\",\"position\":2,\"name\":\"Shop\",\"item\":\"https:\\\/\\\/vorulagerinn.is\\\/en\\\/shop\\\/\"},{\"@type\":\"ListItem\",\"position\":3,\"name\":\"S\u00e6tisbeltahl\u00edf\"}]},{\"@type\":\"WebSite\",\"@id\":\"https:\\\/\\\/vorulagerinn.is\\\/#website\",\"url\":\"https:\\\/\\\/vorulagerinn.is\\\/\",\"name\":\"V\u00f6rulagerinn\",\"description\":\"L\u00e1ttu \u00fea\u00f0 eftir \u00fe\u00e9r\",\"publisher\":{\"@id\":\"https:\\\/\\\/vorulagerinn.is\\\/#organization\"},\"potentialAction\":[{\"@type\":\"SearchAction\",\"target\":{\"@type\":\"EntryPoint\",\"urlTemplate\":\"https:\\\/\\\/vorulagerinn.is\\\/?s={search_term_string}\"},\"query-input\":{\"@type\":\"PropertyValueSpecification\",\"valueRequired\":true,\"valueName\":\"search_term_string\"}}],\"inLanguage\":\"en-US\"},{\"@type\":\"Organization\",\"@id\":\"https:\\\/\\\/vorulagerinn.is\\\/#organization\",\"name\":\"V\u00f6rulagerinn\",\"url\":\"https:\\\/\\\/vorulagerinn.is\\\/\",\"logo\":{\"@type\":\"ImageObject\",\"inLanguage\":\"en-US\",\"@id\":\"https:\\\/\\\/vorulagerinn.is\\\/#\\\/schema\\\/logo\\\/image\\\/\",\"url\":\"https:\\\/\\\/vorulagerinn.is\\\/wp-content\\\/uploads\\\/2022\\\/09\\\/Vorulagerinn-Logo-588x160-1.png\",\"contentUrl\":\"https:\\\/\\\/vorulagerinn.is\\\/wp-content\\\/uploads\\\/2022\\\/09\\\/Vorulagerinn-Logo-588x160-1.png\",\"width\":588,\"height\":160,\"caption\":\"V\u00f6rulagerinn\"},\"image\":{\"@id\":\"https:\\\/\\\/vorulagerinn.is\\\/#\\\/schema\\\/logo\\\/image\\\/\"},\"sameAs\":[\"https:\\\/\\\/www.facebook.com\\\/vorulagerinn\",\"https:\\\/\\\/www.instagram.com\\\/vorulagerinn\\\/\"]}]}<\/script>\n<meta property=\"product:price:amount\" content=\"1960\" \/>\n<meta property=\"product:price:currency\" content=\"ISK\" \/>\n<meta property=\"og:availability\" content=\"instock\" \/>\n<meta property=\"product:availability\" content=\"instock\" \/>\n<meta property=\"product:retailer_item_id\" content=\"V130\" \/>\n<meta property=\"product:condition\" content=\"new\" \/>\n<!-- \/ Yoast SEO Premium plugin. -->","yoast_head_json":{"title":"S\u00e6tisbeltahl\u00edf | Verndar h\u00fa\u00f0ina fyrir ertingu vi\u00f0 h\u00e1ls og h\u00f6fu\u00f0","description":"S\u00e6tisbeltahl\u00edfin er au\u00f0veld \u00ed uppsetningu og veitir far\u00feegum betri og \u00fe\u00e6ginlegri upplifun \u00ed \u00f6kut\u00e6kinu. S\u00e6tisbeltahl\u00edfin passar \u00ed allar ger\u00f0ir b\u00edla.","robots":{"index":"index","follow":"follow","max-snippet":"max-snippet:-1","max-image-preview":"max-image-preview:large","max-video-preview":"max-video-preview:-1"},"canonical":"https:\/\/vorulagerinn.is\/product\/saetisbeltahlif\/","og_locale":"en_US","og_type":"article","og_title":"S\u00e6tisbeltahl\u00edf","og_description":"S\u00e6tisbeltahl\u00edfin er au\u00f0veld \u00ed uppsetningu og veitir far\u00feegum betri og \u00fe\u00e6ginlegri upplifun \u00ed \u00f6kut\u00e6kinu. S\u00e6tisbeltahl\u00edfin passar \u00ed allar ger\u00f0ir b\u00edla.","og_url":"https:\/\/vorulagerinn.is\/product\/saetisbeltahlif\/","og_site_name":"V&ouml;rulagerinn","article_publisher":"https:\/\/www.facebook.com\/vorulagerinn","article_modified_time":"2026-02-17T11:42:31+00:00","og_image":[{"width":600,"height":600,"url":"https:\/\/vorulagerinn.is\/wp-content\/uploads\/2023\/08\/Saetisbeltahlif.jpg","type":"image\/jpeg"}],"twitter_card":"summary_large_image","twitter_misc":{"Price":"1.960&nbsp;kr.","Availability":"In stock"},"schema":{"@context":"https:\/\/schema.org","@graph":[{"@type":"WebPage","@id":"https:\/\/vorulagerinn.is\/product\/saetisbeltahlif\/","url":"https:\/\/vorulagerinn.is\/product\/saetisbeltahlif\/","name":"S\u00e6tisbeltahl\u00edf | Verndar h\u00fa\u00f0ina fyrir ertingu vi\u00f0 h\u00e1ls og h\u00f6fu\u00f0","isPartOf":{"@id":"https:\/\/vorulagerinn.is\/#website"},"primaryImageOfPage":{"@id":"https:\/\/vorulagerinn.is\/product\/saetisbeltahlif\/#primaryimage"},"image":{"@id":"https:\/\/vorulagerinn.is\/product\/saetisbeltahlif\/#primaryimage"},"thumbnailUrl":"https:\/\/vorulagerinn.is\/wp-content\/uploads\/2023\/08\/Saetisbeltahlif.jpg","datePublished":"2023-08-25T09:23:29+00:00","dateModified":"2026-02-17T11:42:31+00:00","description":"S\u00e6tisbeltahl\u00edfin er au\u00f0veld \u00ed uppsetningu og veitir far\u00feegum betri og \u00fe\u00e6ginlegri upplifun \u00ed \u00f6kut\u00e6kinu. S\u00e6tisbeltahl\u00edfin passar \u00ed allar ger\u00f0ir b\u00edla.","breadcrumb":{"@id":"https:\/\/vorulagerinn.is\/product\/saetisbeltahlif\/#breadcrumb"},"inLanguage":"en-US","potentialAction":[{"@type":"ReadAction","target":["https:\/\/vorulagerinn.is\/product\/saetisbeltahlif\/"]}]},{"@type":"ImageObject","inLanguage":"en-US","@id":"https:\/\/vorulagerinn.is\/product\/saetisbeltahlif\/#primaryimage","url":"https:\/\/vorulagerinn.is\/wp-content\/uploads\/2023\/08\/Saetisbeltahlif.jpg","contentUrl":"https:\/\/vorulagerinn.is\/wp-content\/uploads\/2023\/08\/Saetisbeltahlif.jpg","width":600,"height":600},{"@type":"BreadcrumbList","@id":"https:\/\/vorulagerinn.is\/product\/saetisbeltahlif\/#breadcrumb","itemListElement":[{"@type":"ListItem","position":1,"name":"Home","item":"https:\/\/vorulagerinn.is\/"},{"@type":"ListItem","position":2,"name":"Shop","item":"https:\/\/vorulagerinn.is\/en\/shop\/"},{"@type":"ListItem","position":3,"name":"S\u00e6tisbeltahl\u00edf"}]},{"@type":"WebSite","@id":"https:\/\/vorulagerinn.is\/#website","url":"https:\/\/vorulagerinn.is\/","name":"V\u00f6rulagerinn","description":"L\u00e1ttu \u00fea\u00f0 eftir \u00fe\u00e9r","publisher":{"@id":"https:\/\/vorulagerinn.is\/#organization"},"potentialAction":[{"@type":"SearchAction","target":{"@type":"EntryPoint","urlTemplate":"https:\/\/vorulagerinn.is\/?s={search_term_string}"},"query-input":{"@type":"PropertyValueSpecification","valueRequired":true,"valueName":"search_term_string"}}],"inLanguage":"en-US"},{"@type":"Organization","@id":"https:\/\/vorulagerinn.is\/#organization","name":"V\u00f6rulagerinn","url":"https:\/\/vorulagerinn.is\/","logo":{"@type":"ImageObject","inLanguage":"en-US","@id":"https:\/\/vorulagerinn.is\/#\/schema\/logo\/image\/","url":"https:\/\/vorulagerinn.is\/wp-content\/uploads\/2022\/09\/Vorulagerinn-Logo-588x160-1.png","contentUrl":"https:\/\/vorulagerinn.is\/wp-content\/uploads\/2022\/09\/Vorulagerinn-Logo-588x160-1.png","width":588,"height":160,"caption":"V\u00f6rulagerinn"},"image":{"@id":"https:\/\/vorulagerinn.is\/#\/schema\/logo\/image\/"},"sameAs":["https:\/\/www.facebook.com\/vorulagerinn","https:\/\/www.instagram.com\/vorulagerinn\/"]}]},"product_price_amount":"1960","product_price_currency":"ISK","og_availability":"instock","product_availability":"instock","product_retailer_item_id":"V130","product_condition":"new"},"_links":{"self":[{"href":"https:\/\/vorulagerinn.is\/en\/wp-json\/wp\/v2\/product\/14259","targetHints":{"allow":["GET"]}}],"collection":[{"href":"https:\/\/vorulagerinn.is\/en\/wp-json\/wp\/v2\/product"}],"about":[{"href":"https:\/\/vorulagerinn.is\/en\/wp-json\/wp\/v2\/types\/product"}],"wp:featuredmedia":[{"embeddable":true,"href":"https:\/\/vorulagerinn.is\/en\/wp-json\/wp\/v2\/media\/14260"}],"wp:attachment":[{"href":"https:\/\/vorulagerinn.is\/en\/wp-json\/wp\/v2\/media?parent=14259"}],"wp:term":[{"taxonomy":"product_brand","embeddable":true,"href":"https:\/\/vorulagerinn.is\/en\/wp-json\/wp\/v2\/product_brand?post=14259"},{"taxonomy":"product_cat","embeddable":true,"href":"https:\/\/vorulagerinn.is\/en\/wp-json\/wp\/v2\/product_cat?post=14259"},{"taxonomy":"product_tag","embeddable":true,"href":"https:\/\/vorulagerinn.is\/en\/wp-json\/wp\/v2\/product_tag?post=14259"}],"curies":[{"name":"wp","href":"https:\/\/api.w.org\/{rel}","templated":true}]}}