{"id":14390,"date":"2023-08-29T09:36:13","date_gmt":"2023-08-29T09:36:13","guid":{"rendered":"https:\/\/vorulagerinn.is\/?post_type=product&#038;p=14390"},"modified":"2026-02-17T11:57:55","modified_gmt":"2026-02-17T11:57:55","slug":"fordunartaska-makeup-taska","status":"publish","type":"product","link":"https:\/\/vorulagerinn.is\/en\/product\/fordunartaska-makeup-taska\/","title":{"rendered":"F\u00f6r\u00f0unartaska \/ Makeup taska"},"content":{"rendered":"","protected":false},"excerpt":{"rendered":"<p>V\u00f6ndu\u00f0 og gl\u00e6sileg f\u00f6r\u00f0unartaska me\u00f0 haldfangi, v\u00f6sum, h\u00f3lfum og er loku\u00f0 me\u00f0 rennil\u00e1s. F\u00f6r\u00f0unartaskan er me\u00f0 festingu sem passa \u00e1 flestar fer\u00f0at\u00f6skur og kemst au\u00f0veldlega fyrir \u00ed farangursh\u00f3lfinu \u00ed flugv\u00e9linni. Falleg taska sem l\u00edtur einstaklega vel \u00fat \u00e1 skrifbor\u00f0inu og er au\u00f0velt a\u00f0 fer\u00f0ast me\u00f0 innanlands e\u00f0a erlendis.<\/p>\n<p>&#8211; Litur: Bleikur<br \/>\n&#8211; St\u00e6r\u00f0: 40x30x10 cm<br \/>\n&#8211; \u00deyngd: 0,3 kg<br \/>\n&#8211; Efni: PU<br \/>\n&#8211; Vatnshelt<\/p>\n","protected":false},"featured_media":14391,"template":"","meta":[],"product_brand":[],"product_cat":[167,463],"product_tag":[],"class_list":{"0":"post-14390","1":"product","2":"type-product","3":"status-publish","4":"has-post-thumbnail","6":"product_cat-heimilid","7":"product_cat-outlet","9":"first","10":"instock","11":"sale","12":"featured","13":"taxable","14":"shipping-taxable","15":"purchasable","16":"product-type-simple"},"supplier_id":null,"supplier_sku":"","barcode":null,"atum_controlled":true,"out_stock_date":null,"out_stock_threshold":null,"inheritable":false,"inbound_stock":null,"stock_on_hold":0,"sold_today":0,"sales_last_days":0,"reserved_stock":null,"customer_returns":null,"warehouse_damage":null,"lost_in_post":null,"other_logs":null,"out_stock_days":0,"lost_sales":0,"has_location":false,"update_date":"2026-04-22T00:24:42","atum_locations":[],"atum_stock_status":"instock","restock_status":false,"low_stock_amount":"","sales_update_date":"2026-04-22T00:24:42","calc_backorders":null,"yoast_head":"<!-- This site is optimized with the Yoast SEO Premium plugin v26.6 (Yoast SEO v27.3) - https:\/\/yoast.com\/product\/yoast-seo-premium-wordpress\/ -->\n<title>F\u00f6r\u00f0unartaska \/ Makeup taska | Falleg eign me\u00f0 haldfangi, h\u00f3lfum og v\u00f6sum<\/title>\n<meta name=\"description\" content=\"V\u00f6ndu\u00f0 f\u00f6r\u00f0unartaska me\u00f0 haldfangi, v\u00f6sum, h\u00f3lfum og er loku\u00f0 me\u00f0 rennil\u00e1s. F\u00f6r\u00f0unartaskan er me\u00f0 festingu sem passa \u00e1 flestar fer\u00f0at\u00f6skur.\" \/>\n<meta name=\"robots\" content=\"index, follow, max-snippet:-1, max-image-preview:large, max-video-preview:-1\" \/>\n<link rel=\"canonical\" href=\"https:\/\/vorulagerinn.is\/product\/fordunartaska-makeup-taska\/\" \/>\n<meta property=\"og:locale\" content=\"en_US\" \/>\n<meta property=\"og:type\" content=\"article\" \/>\n<meta property=\"og:title\" content=\"F\u00f6r\u00f0unartaska \/ Makeup taska\" \/>\n<meta property=\"og:description\" content=\"V\u00f6ndu\u00f0 f\u00f6r\u00f0unartaska me\u00f0 haldfangi, v\u00f6sum, h\u00f3lfum og er loku\u00f0 me\u00f0 rennil\u00e1s. F\u00f6r\u00f0unartaskan er me\u00f0 festingu sem passa \u00e1 flestar fer\u00f0at\u00f6skur.\" \/>\n<meta property=\"og:url\" content=\"https:\/\/vorulagerinn.is\/product\/fordunartaska-makeup-taska\/\" \/>\n<meta property=\"og:site_name\" content=\"V&ouml;rulagerinn\" \/>\n<meta property=\"article:publisher\" content=\"https:\/\/www.facebook.com\/vorulagerinn\" \/>\n<meta property=\"article:modified_time\" content=\"2026-02-17T11:57:55+00:00\" \/>\n<meta property=\"og:image\" content=\"https:\/\/vorulagerinn.is\/wp-content\/uploads\/2023\/08\/Fordunartaska.jpg\" \/>\n\t<meta property=\"og:image:width\" content=\"600\" \/>\n\t<meta property=\"og:image:height\" content=\"600\" \/>\n\t<meta property=\"og:image:type\" content=\"image\/jpeg\" \/>\n<meta name=\"twitter:card\" content=\"summary_large_image\" \/>\n<meta name=\"twitter:label1\" content=\"Price\" \/>\n\t<meta name=\"twitter:data1\" content=\"4.350&nbsp;kr.\" \/>\n\t<meta name=\"twitter:label2\" content=\"Availability\" \/>\n\t<meta name=\"twitter:data2\" content=\"In stock\" \/>\n<script type=\"application\/ld+json\" class=\"yoast-schema-graph\">{\"@context\":\"https:\\\/\\\/schema.org\",\"@graph\":[{\"@type\":\"WebPage\",\"@id\":\"https:\\\/\\\/vorulagerinn.is\\\/product\\\/fordunartaska-makeup-taska\\\/\",\"url\":\"https:\\\/\\\/vorulagerinn.is\\\/product\\\/fordunartaska-makeup-taska\\\/\",\"name\":\"F\u00f6r\u00f0unartaska \\\/ Makeup taska | Falleg eign me\u00f0 haldfangi, h\u00f3lfum og v\u00f6sum\",\"isPartOf\":{\"@id\":\"https:\\\/\\\/vorulagerinn.is\\\/#website\"},\"primaryImageOfPage\":{\"@id\":\"https:\\\/\\\/vorulagerinn.is\\\/product\\\/fordunartaska-makeup-taska\\\/#primaryimage\"},\"image\":{\"@id\":\"https:\\\/\\\/vorulagerinn.is\\\/product\\\/fordunartaska-makeup-taska\\\/#primaryimage\"},\"thumbnailUrl\":\"https:\\\/\\\/vorulagerinn.is\\\/wp-content\\\/uploads\\\/2023\\\/08\\\/Fordunartaska.jpg\",\"datePublished\":\"2023-08-29T09:36:13+00:00\",\"dateModified\":\"2026-02-17T11:57:55+00:00\",\"description\":\"V\u00f6ndu\u00f0 f\u00f6r\u00f0unartaska me\u00f0 haldfangi, v\u00f6sum, h\u00f3lfum og er loku\u00f0 me\u00f0 rennil\u00e1s. F\u00f6r\u00f0unartaskan er me\u00f0 festingu sem passa \u00e1 flestar fer\u00f0at\u00f6skur.\",\"breadcrumb\":{\"@id\":\"https:\\\/\\\/vorulagerinn.is\\\/product\\\/fordunartaska-makeup-taska\\\/#breadcrumb\"},\"inLanguage\":\"en-US\",\"potentialAction\":[{\"@type\":\"ReadAction\",\"target\":[\"https:\\\/\\\/vorulagerinn.is\\\/product\\\/fordunartaska-makeup-taska\\\/\"]}]},{\"@type\":\"ImageObject\",\"inLanguage\":\"en-US\",\"@id\":\"https:\\\/\\\/vorulagerinn.is\\\/product\\\/fordunartaska-makeup-taska\\\/#primaryimage\",\"url\":\"https:\\\/\\\/vorulagerinn.is\\\/wp-content\\\/uploads\\\/2023\\\/08\\\/Fordunartaska.jpg\",\"contentUrl\":\"https:\\\/\\\/vorulagerinn.is\\\/wp-content\\\/uploads\\\/2023\\\/08\\\/Fordunartaska.jpg\",\"width\":600,\"height\":600},{\"@type\":\"BreadcrumbList\",\"@id\":\"https:\\\/\\\/vorulagerinn.is\\\/product\\\/fordunartaska-makeup-taska\\\/#breadcrumb\",\"itemListElement\":[{\"@type\":\"ListItem\",\"position\":1,\"name\":\"Home\",\"item\":\"https:\\\/\\\/vorulagerinn.is\\\/\"},{\"@type\":\"ListItem\",\"position\":2,\"name\":\"Shop\",\"item\":\"https:\\\/\\\/vorulagerinn.is\\\/en\\\/shop\\\/\"},{\"@type\":\"ListItem\",\"position\":3,\"name\":\"F\u00f6r\u00f0unartaska \\\/ Makeup taska\"}]},{\"@type\":\"WebSite\",\"@id\":\"https:\\\/\\\/vorulagerinn.is\\\/#website\",\"url\":\"https:\\\/\\\/vorulagerinn.is\\\/\",\"name\":\"V\u00f6rulagerinn\",\"description\":\"L\u00e1ttu \u00fea\u00f0 eftir \u00fe\u00e9r\",\"publisher\":{\"@id\":\"https:\\\/\\\/vorulagerinn.is\\\/#organization\"},\"potentialAction\":[{\"@type\":\"SearchAction\",\"target\":{\"@type\":\"EntryPoint\",\"urlTemplate\":\"https:\\\/\\\/vorulagerinn.is\\\/?s={search_term_string}\"},\"query-input\":{\"@type\":\"PropertyValueSpecification\",\"valueRequired\":true,\"valueName\":\"search_term_string\"}}],\"inLanguage\":\"en-US\"},{\"@type\":\"Organization\",\"@id\":\"https:\\\/\\\/vorulagerinn.is\\\/#organization\",\"name\":\"V\u00f6rulagerinn\",\"url\":\"https:\\\/\\\/vorulagerinn.is\\\/\",\"logo\":{\"@type\":\"ImageObject\",\"inLanguage\":\"en-US\",\"@id\":\"https:\\\/\\\/vorulagerinn.is\\\/#\\\/schema\\\/logo\\\/image\\\/\",\"url\":\"https:\\\/\\\/vorulagerinn.is\\\/wp-content\\\/uploads\\\/2022\\\/09\\\/Vorulagerinn-Logo-588x160-1.png\",\"contentUrl\":\"https:\\\/\\\/vorulagerinn.is\\\/wp-content\\\/uploads\\\/2022\\\/09\\\/Vorulagerinn-Logo-588x160-1.png\",\"width\":588,\"height\":160,\"caption\":\"V\u00f6rulagerinn\"},\"image\":{\"@id\":\"https:\\\/\\\/vorulagerinn.is\\\/#\\\/schema\\\/logo\\\/image\\\/\"},\"sameAs\":[\"https:\\\/\\\/www.facebook.com\\\/vorulagerinn\",\"https:\\\/\\\/www.instagram.com\\\/vorulagerinn\\\/\"]}]}<\/script>\n<meta property=\"product:price:amount\" content=\"4350\" \/>\n<meta property=\"product:price:currency\" content=\"ISK\" \/>\n<meta property=\"og:availability\" content=\"instock\" \/>\n<meta property=\"product:availability\" content=\"instock\" \/>\n<meta property=\"product:retailer_item_id\" content=\"V124\" \/>\n<meta property=\"product:condition\" content=\"new\" \/>\n<!-- \/ Yoast SEO Premium plugin. -->","yoast_head_json":{"title":"F\u00f6r\u00f0unartaska \/ Makeup taska | Falleg eign me\u00f0 haldfangi, h\u00f3lfum og v\u00f6sum","description":"V\u00f6ndu\u00f0 f\u00f6r\u00f0unartaska me\u00f0 haldfangi, v\u00f6sum, h\u00f3lfum og er loku\u00f0 me\u00f0 rennil\u00e1s. F\u00f6r\u00f0unartaskan er me\u00f0 festingu sem passa \u00e1 flestar fer\u00f0at\u00f6skur.","robots":{"index":"index","follow":"follow","max-snippet":"max-snippet:-1","max-image-preview":"max-image-preview:large","max-video-preview":"max-video-preview:-1"},"canonical":"https:\/\/vorulagerinn.is\/product\/fordunartaska-makeup-taska\/","og_locale":"en_US","og_type":"article","og_title":"F\u00f6r\u00f0unartaska \/ Makeup taska","og_description":"V\u00f6ndu\u00f0 f\u00f6r\u00f0unartaska me\u00f0 haldfangi, v\u00f6sum, h\u00f3lfum og er loku\u00f0 me\u00f0 rennil\u00e1s. F\u00f6r\u00f0unartaskan er me\u00f0 festingu sem passa \u00e1 flestar fer\u00f0at\u00f6skur.","og_url":"https:\/\/vorulagerinn.is\/product\/fordunartaska-makeup-taska\/","og_site_name":"V&ouml;rulagerinn","article_publisher":"https:\/\/www.facebook.com\/vorulagerinn","article_modified_time":"2026-02-17T11:57:55+00:00","og_image":[{"width":600,"height":600,"url":"https:\/\/vorulagerinn.is\/wp-content\/uploads\/2023\/08\/Fordunartaska.jpg","type":"image\/jpeg"}],"twitter_card":"summary_large_image","twitter_misc":{"Price":"4.350&nbsp;kr.","Availability":"In stock"},"schema":{"@context":"https:\/\/schema.org","@graph":[{"@type":"WebPage","@id":"https:\/\/vorulagerinn.is\/product\/fordunartaska-makeup-taska\/","url":"https:\/\/vorulagerinn.is\/product\/fordunartaska-makeup-taska\/","name":"F\u00f6r\u00f0unartaska \/ Makeup taska | Falleg eign me\u00f0 haldfangi, h\u00f3lfum og v\u00f6sum","isPartOf":{"@id":"https:\/\/vorulagerinn.is\/#website"},"primaryImageOfPage":{"@id":"https:\/\/vorulagerinn.is\/product\/fordunartaska-makeup-taska\/#primaryimage"},"image":{"@id":"https:\/\/vorulagerinn.is\/product\/fordunartaska-makeup-taska\/#primaryimage"},"thumbnailUrl":"https:\/\/vorulagerinn.is\/wp-content\/uploads\/2023\/08\/Fordunartaska.jpg","datePublished":"2023-08-29T09:36:13+00:00","dateModified":"2026-02-17T11:57:55+00:00","description":"V\u00f6ndu\u00f0 f\u00f6r\u00f0unartaska me\u00f0 haldfangi, v\u00f6sum, h\u00f3lfum og er loku\u00f0 me\u00f0 rennil\u00e1s. F\u00f6r\u00f0unartaskan er me\u00f0 festingu sem passa \u00e1 flestar fer\u00f0at\u00f6skur.","breadcrumb":{"@id":"https:\/\/vorulagerinn.is\/product\/fordunartaska-makeup-taska\/#breadcrumb"},"inLanguage":"en-US","potentialAction":[{"@type":"ReadAction","target":["https:\/\/vorulagerinn.is\/product\/fordunartaska-makeup-taska\/"]}]},{"@type":"ImageObject","inLanguage":"en-US","@id":"https:\/\/vorulagerinn.is\/product\/fordunartaska-makeup-taska\/#primaryimage","url":"https:\/\/vorulagerinn.is\/wp-content\/uploads\/2023\/08\/Fordunartaska.jpg","contentUrl":"https:\/\/vorulagerinn.is\/wp-content\/uploads\/2023\/08\/Fordunartaska.jpg","width":600,"height":600},{"@type":"BreadcrumbList","@id":"https:\/\/vorulagerinn.is\/product\/fordunartaska-makeup-taska\/#breadcrumb","itemListElement":[{"@type":"ListItem","position":1,"name":"Home","item":"https:\/\/vorulagerinn.is\/"},{"@type":"ListItem","position":2,"name":"Shop","item":"https:\/\/vorulagerinn.is\/en\/shop\/"},{"@type":"ListItem","position":3,"name":"F\u00f6r\u00f0unartaska \/ Makeup taska"}]},{"@type":"WebSite","@id":"https:\/\/vorulagerinn.is\/#website","url":"https:\/\/vorulagerinn.is\/","name":"V\u00f6rulagerinn","description":"L\u00e1ttu \u00fea\u00f0 eftir \u00fe\u00e9r","publisher":{"@id":"https:\/\/vorulagerinn.is\/#organization"},"potentialAction":[{"@type":"SearchAction","target":{"@type":"EntryPoint","urlTemplate":"https:\/\/vorulagerinn.is\/?s={search_term_string}"},"query-input":{"@type":"PropertyValueSpecification","valueRequired":true,"valueName":"search_term_string"}}],"inLanguage":"en-US"},{"@type":"Organization","@id":"https:\/\/vorulagerinn.is\/#organization","name":"V\u00f6rulagerinn","url":"https:\/\/vorulagerinn.is\/","logo":{"@type":"ImageObject","inLanguage":"en-US","@id":"https:\/\/vorulagerinn.is\/#\/schema\/logo\/image\/","url":"https:\/\/vorulagerinn.is\/wp-content\/uploads\/2022\/09\/Vorulagerinn-Logo-588x160-1.png","contentUrl":"https:\/\/vorulagerinn.is\/wp-content\/uploads\/2022\/09\/Vorulagerinn-Logo-588x160-1.png","width":588,"height":160,"caption":"V\u00f6rulagerinn"},"image":{"@id":"https:\/\/vorulagerinn.is\/#\/schema\/logo\/image\/"},"sameAs":["https:\/\/www.facebook.com\/vorulagerinn","https:\/\/www.instagram.com\/vorulagerinn\/"]}]},"product_price_amount":"4350","product_price_currency":"ISK","og_availability":"instock","product_availability":"instock","product_retailer_item_id":"V124","product_condition":"new"},"_links":{"self":[{"href":"https:\/\/vorulagerinn.is\/en\/wp-json\/wp\/v2\/product\/14390","targetHints":{"allow":["GET"]}}],"collection":[{"href":"https:\/\/vorulagerinn.is\/en\/wp-json\/wp\/v2\/product"}],"about":[{"href":"https:\/\/vorulagerinn.is\/en\/wp-json\/wp\/v2\/types\/product"}],"wp:featuredmedia":[{"embeddable":true,"href":"https:\/\/vorulagerinn.is\/en\/wp-json\/wp\/v2\/media\/14391"}],"wp:attachment":[{"href":"https:\/\/vorulagerinn.is\/en\/wp-json\/wp\/v2\/media?parent=14390"}],"wp:term":[{"taxonomy":"product_brand","embeddable":true,"href":"https:\/\/vorulagerinn.is\/en\/wp-json\/wp\/v2\/product_brand?post=14390"},{"taxonomy":"product_cat","embeddable":true,"href":"https:\/\/vorulagerinn.is\/en\/wp-json\/wp\/v2\/product_cat?post=14390"},{"taxonomy":"product_tag","embeddable":true,"href":"https:\/\/vorulagerinn.is\/en\/wp-json\/wp\/v2\/product_tag?post=14390"}],"curies":[{"name":"wp","href":"https:\/\/api.w.org\/{rel}","templated":true}]}}