{"id":15473,"date":"2023-10-07T13:54:59","date_gmt":"2023-10-07T13:54:59","guid":{"rendered":"https:\/\/vorulagerinn.is\/?post_type=product&#038;p=15473"},"modified":"2026-04-13T13:36:57","modified_gmt":"2026-04-13T13:36:57","slug":"armpudi-ofan-a-geymsluholfid-milli-framsaeta-bilsins","status":"publish","type":"product","link":"https:\/\/vorulagerinn.is\/en\/product\/armpudi-ofan-a-geymsluholfid-milli-framsaeta-bilsins\/","title":{"rendered":"Armp\u00fa\u00f0i ofan \u00e1 geymsluh\u00f3lfi\u00f0 milli frams\u00e6ta b\u00edlsins"},"content":{"rendered":"","protected":false},"excerpt":{"rendered":"<p>Fallegur og \u00fe\u00e6gilegur armp\u00fa\u00f0i sem komi\u00f0 er fyrir ofan \u00e1 geymsluh\u00f3lfi\u00f0 \u00ed b\u00edlnum. \u00dea\u00f0 er enn \u00fe\u00e6gilegra a\u00f0 hv\u00edla handlegginn ofan \u00e1 geymsluh\u00f3lfinu vi\u00f0 akstur. Armb\u00fa\u00f0inn er festur me\u00f0 tveimur teyjub\u00f6ndum utan um geymsluloki\u00f0 og helst fastur \u00e1 s\u00ednum sta\u00f0. Sj\u00e1\u00f0u video ne\u00f0ar \u00e1 s\u00ed\u00f0unni.<\/p>\n<p>\u2013 Litur: Svartur<br \/>\n\u2013 St\u00e6r\u00f0: 30\u00d721 cm<br \/>\n\u2013 \u00deyngd: 0,1 kg<br \/>\n\u2013 Efni: Le\u00f0ur<\/p>\n","protected":false},"featured_media":15478,"template":"","meta":[],"product_brand":[],"product_cat":[236],"product_tag":[],"class_list":{"0":"post-15473","1":"product","2":"type-product","3":"status-publish","4":"has-post-thumbnail","6":"product_cat-billinn","8":"first","9":"outofstock","10":"featured","11":"taxable","12":"shipping-taxable","13":"purchasable","14":"product-type-simple"},"supplier_id":null,"supplier_sku":"","barcode":null,"atum_controlled":true,"out_stock_date":"2026-04-13 13:36:07","out_stock_threshold":null,"inheritable":false,"inbound_stock":null,"stock_on_hold":0,"sold_today":0,"sales_last_days":2,"reserved_stock":null,"customer_returns":null,"warehouse_damage":null,"lost_in_post":null,"other_logs":null,"out_stock_days":8,"lost_sales":6834,"has_location":false,"update_date":"2026-04-22T00:25:35","atum_locations":[],"atum_stock_status":"outofstock","restock_status":false,"low_stock_amount":"","sales_update_date":"2026-04-22T00:25:35","calc_backorders":null,"yoast_head":"<!-- This site is optimized with the Yoast SEO Premium plugin v26.6 (Yoast SEO v27.3) - https:\/\/yoast.com\/product\/yoast-seo-premium-wordpress\/ -->\n<title>Armp\u00fa\u00f0i \u00e1 geymsluh\u00f3lfi\u00f0 milli frams\u00e6ta b\u00edlsins<\/title>\n<meta name=\"description\" content=\"Armb\u00fa\u00f0inn er festur me\u00f0 tveimur teyjub\u00f6ndum utan um geymsluloki\u00f0 og helst fastur \u00e1 s\u00ednum sta\u00f0. Fallegur og \u00fe\u00e6gilegur fyrir handlegginn.\" \/>\n<meta name=\"robots\" content=\"index, follow, max-snippet:-1, max-image-preview:large, max-video-preview:-1\" \/>\n<link rel=\"canonical\" href=\"https:\/\/vorulagerinn.is\/product\/armpudi-ofan-a-geymsluholfid-milli-framsaeta-bilsins\/\" \/>\n<meta property=\"og:locale\" content=\"en_US\" \/>\n<meta property=\"og:type\" content=\"article\" \/>\n<meta property=\"og:title\" content=\"Armp\u00fa\u00f0i ofan \u00e1 geymsluh\u00f3lfi\u00f0 milli frams\u00e6ta b\u00edlsins\" \/>\n<meta property=\"og:description\" content=\"Armb\u00fa\u00f0inn er festur me\u00f0 tveimur teyjub\u00f6ndum utan um geymsluloki\u00f0 og helst fastur \u00e1 s\u00ednum sta\u00f0. Fallegur og \u00fe\u00e6gilegur fyrir handlegginn.\" \/>\n<meta property=\"og:url\" content=\"https:\/\/vorulagerinn.is\/product\/armpudi-ofan-a-geymsluholfid-milli-framsaeta-bilsins\/\" \/>\n<meta property=\"og:site_name\" content=\"V&ouml;rulagerinn\" \/>\n<meta property=\"article:publisher\" content=\"https:\/\/www.facebook.com\/vorulagerinn\" \/>\n<meta property=\"article:modified_time\" content=\"2026-04-13T13:36:57+00:00\" \/>\n<meta property=\"og:image\" content=\"https:\/\/vorulagerinn.is\/wp-content\/uploads\/2023\/10\/Armpudi-2.jpg\" \/>\n\t<meta property=\"og:image:width\" content=\"600\" \/>\n\t<meta property=\"og:image:height\" content=\"600\" \/>\n\t<meta property=\"og:image:type\" content=\"image\/jpeg\" \/>\n<meta name=\"twitter:card\" content=\"summary_large_image\" \/>\n<meta name=\"twitter:label1\" content=\"Price\" \/>\n\t<meta name=\"twitter:data1\" content=\"2.990&nbsp;kr.\" \/>\n\t<meta name=\"twitter:label2\" content=\"Availability\" \/>\n\t<meta name=\"twitter:data2\" content=\"Out of stock\" \/>\n<script type=\"application\/ld+json\" class=\"yoast-schema-graph\">{\"@context\":\"https:\\\/\\\/schema.org\",\"@graph\":[{\"@type\":\"WebPage\",\"@id\":\"https:\\\/\\\/vorulagerinn.is\\\/product\\\/armpudi-ofan-a-geymsluholfid-milli-framsaeta-bilsins\\\/\",\"url\":\"https:\\\/\\\/vorulagerinn.is\\\/product\\\/armpudi-ofan-a-geymsluholfid-milli-framsaeta-bilsins\\\/\",\"name\":\"Armp\u00fa\u00f0i \u00e1 geymsluh\u00f3lfi\u00f0 milli frams\u00e6ta b\u00edlsins\",\"isPartOf\":{\"@id\":\"https:\\\/\\\/vorulagerinn.is\\\/#website\"},\"primaryImageOfPage\":{\"@id\":\"https:\\\/\\\/vorulagerinn.is\\\/product\\\/armpudi-ofan-a-geymsluholfid-milli-framsaeta-bilsins\\\/#primaryimage\"},\"image\":{\"@id\":\"https:\\\/\\\/vorulagerinn.is\\\/product\\\/armpudi-ofan-a-geymsluholfid-milli-framsaeta-bilsins\\\/#primaryimage\"},\"thumbnailUrl\":\"https:\\\/\\\/vorulagerinn.is\\\/wp-content\\\/uploads\\\/2023\\\/10\\\/Armpudi-2.jpg\",\"datePublished\":\"2023-10-07T13:54:59+00:00\",\"dateModified\":\"2026-04-13T13:36:57+00:00\",\"description\":\"Armb\u00fa\u00f0inn er festur me\u00f0 tveimur teyjub\u00f6ndum utan um geymsluloki\u00f0 og helst fastur \u00e1 s\u00ednum sta\u00f0. Fallegur og \u00fe\u00e6gilegur fyrir handlegginn.\",\"breadcrumb\":{\"@id\":\"https:\\\/\\\/vorulagerinn.is\\\/product\\\/armpudi-ofan-a-geymsluholfid-milli-framsaeta-bilsins\\\/#breadcrumb\"},\"inLanguage\":\"en-US\",\"potentialAction\":[{\"@type\":\"ReadAction\",\"target\":[\"https:\\\/\\\/vorulagerinn.is\\\/product\\\/armpudi-ofan-a-geymsluholfid-milli-framsaeta-bilsins\\\/\"]}]},{\"@type\":\"ImageObject\",\"inLanguage\":\"en-US\",\"@id\":\"https:\\\/\\\/vorulagerinn.is\\\/product\\\/armpudi-ofan-a-geymsluholfid-milli-framsaeta-bilsins\\\/#primaryimage\",\"url\":\"https:\\\/\\\/vorulagerinn.is\\\/wp-content\\\/uploads\\\/2023\\\/10\\\/Armpudi-2.jpg\",\"contentUrl\":\"https:\\\/\\\/vorulagerinn.is\\\/wp-content\\\/uploads\\\/2023\\\/10\\\/Armpudi-2.jpg\",\"width\":600,\"height\":600},{\"@type\":\"BreadcrumbList\",\"@id\":\"https:\\\/\\\/vorulagerinn.is\\\/product\\\/armpudi-ofan-a-geymsluholfid-milli-framsaeta-bilsins\\\/#breadcrumb\",\"itemListElement\":[{\"@type\":\"ListItem\",\"position\":1,\"name\":\"Home\",\"item\":\"https:\\\/\\\/vorulagerinn.is\\\/\"},{\"@type\":\"ListItem\",\"position\":2,\"name\":\"Shop\",\"item\":\"https:\\\/\\\/vorulagerinn.is\\\/en\\\/shop\\\/\"},{\"@type\":\"ListItem\",\"position\":3,\"name\":\"Armp\u00fa\u00f0i ofan \u00e1 geymsluh\u00f3lfi\u00f0 milli frams\u00e6ta b\u00edlsins\"}]},{\"@type\":\"WebSite\",\"@id\":\"https:\\\/\\\/vorulagerinn.is\\\/#website\",\"url\":\"https:\\\/\\\/vorulagerinn.is\\\/\",\"name\":\"V\u00f6rulagerinn\",\"description\":\"L\u00e1ttu \u00fea\u00f0 eftir \u00fe\u00e9r\",\"publisher\":{\"@id\":\"https:\\\/\\\/vorulagerinn.is\\\/#organization\"},\"potentialAction\":[{\"@type\":\"SearchAction\",\"target\":{\"@type\":\"EntryPoint\",\"urlTemplate\":\"https:\\\/\\\/vorulagerinn.is\\\/?s={search_term_string}\"},\"query-input\":{\"@type\":\"PropertyValueSpecification\",\"valueRequired\":true,\"valueName\":\"search_term_string\"}}],\"inLanguage\":\"en-US\"},{\"@type\":\"Organization\",\"@id\":\"https:\\\/\\\/vorulagerinn.is\\\/#organization\",\"name\":\"V\u00f6rulagerinn\",\"url\":\"https:\\\/\\\/vorulagerinn.is\\\/\",\"logo\":{\"@type\":\"ImageObject\",\"inLanguage\":\"en-US\",\"@id\":\"https:\\\/\\\/vorulagerinn.is\\\/#\\\/schema\\\/logo\\\/image\\\/\",\"url\":\"https:\\\/\\\/vorulagerinn.is\\\/wp-content\\\/uploads\\\/2022\\\/09\\\/Vorulagerinn-Logo-588x160-1.png\",\"contentUrl\":\"https:\\\/\\\/vorulagerinn.is\\\/wp-content\\\/uploads\\\/2022\\\/09\\\/Vorulagerinn-Logo-588x160-1.png\",\"width\":588,\"height\":160,\"caption\":\"V\u00f6rulagerinn\"},\"image\":{\"@id\":\"https:\\\/\\\/vorulagerinn.is\\\/#\\\/schema\\\/logo\\\/image\\\/\"},\"sameAs\":[\"https:\\\/\\\/www.facebook.com\\\/vorulagerinn\",\"https:\\\/\\\/www.instagram.com\\\/vorulagerinn\\\/\"]}]}<\/script>\n<meta property=\"product:price:amount\" content=\"2990\" \/>\n<meta property=\"product:price:currency\" content=\"ISK\" \/>\n<meta property=\"og:availability\" content=\"out of stock\" \/>\n<meta property=\"product:availability\" content=\"out of stock\" \/>\n<meta property=\"product:retailer_item_id\" content=\"V151\" \/>\n<meta property=\"product:condition\" content=\"new\" \/>\n<!-- \/ Yoast SEO Premium plugin. -->","yoast_head_json":{"title":"Armp\u00fa\u00f0i \u00e1 geymsluh\u00f3lfi\u00f0 milli frams\u00e6ta b\u00edlsins","description":"Armb\u00fa\u00f0inn er festur me\u00f0 tveimur teyjub\u00f6ndum utan um geymsluloki\u00f0 og helst fastur \u00e1 s\u00ednum sta\u00f0. Fallegur og \u00fe\u00e6gilegur fyrir handlegginn.","robots":{"index":"index","follow":"follow","max-snippet":"max-snippet:-1","max-image-preview":"max-image-preview:large","max-video-preview":"max-video-preview:-1"},"canonical":"https:\/\/vorulagerinn.is\/product\/armpudi-ofan-a-geymsluholfid-milli-framsaeta-bilsins\/","og_locale":"en_US","og_type":"article","og_title":"Armp\u00fa\u00f0i ofan \u00e1 geymsluh\u00f3lfi\u00f0 milli frams\u00e6ta b\u00edlsins","og_description":"Armb\u00fa\u00f0inn er festur me\u00f0 tveimur teyjub\u00f6ndum utan um geymsluloki\u00f0 og helst fastur \u00e1 s\u00ednum sta\u00f0. Fallegur og \u00fe\u00e6gilegur fyrir handlegginn.","og_url":"https:\/\/vorulagerinn.is\/product\/armpudi-ofan-a-geymsluholfid-milli-framsaeta-bilsins\/","og_site_name":"V&ouml;rulagerinn","article_publisher":"https:\/\/www.facebook.com\/vorulagerinn","article_modified_time":"2026-04-13T13:36:57+00:00","og_image":[{"width":600,"height":600,"url":"https:\/\/vorulagerinn.is\/wp-content\/uploads\/2023\/10\/Armpudi-2.jpg","type":"image\/jpeg"}],"twitter_card":"summary_large_image","twitter_misc":{"Price":"2.990&nbsp;kr.","Availability":"Out of stock"},"schema":{"@context":"https:\/\/schema.org","@graph":[{"@type":"WebPage","@id":"https:\/\/vorulagerinn.is\/product\/armpudi-ofan-a-geymsluholfid-milli-framsaeta-bilsins\/","url":"https:\/\/vorulagerinn.is\/product\/armpudi-ofan-a-geymsluholfid-milli-framsaeta-bilsins\/","name":"Armp\u00fa\u00f0i \u00e1 geymsluh\u00f3lfi\u00f0 milli frams\u00e6ta b\u00edlsins","isPartOf":{"@id":"https:\/\/vorulagerinn.is\/#website"},"primaryImageOfPage":{"@id":"https:\/\/vorulagerinn.is\/product\/armpudi-ofan-a-geymsluholfid-milli-framsaeta-bilsins\/#primaryimage"},"image":{"@id":"https:\/\/vorulagerinn.is\/product\/armpudi-ofan-a-geymsluholfid-milli-framsaeta-bilsins\/#primaryimage"},"thumbnailUrl":"https:\/\/vorulagerinn.is\/wp-content\/uploads\/2023\/10\/Armpudi-2.jpg","datePublished":"2023-10-07T13:54:59+00:00","dateModified":"2026-04-13T13:36:57+00:00","description":"Armb\u00fa\u00f0inn er festur me\u00f0 tveimur teyjub\u00f6ndum utan um geymsluloki\u00f0 og helst fastur \u00e1 s\u00ednum sta\u00f0. Fallegur og \u00fe\u00e6gilegur fyrir handlegginn.","breadcrumb":{"@id":"https:\/\/vorulagerinn.is\/product\/armpudi-ofan-a-geymsluholfid-milli-framsaeta-bilsins\/#breadcrumb"},"inLanguage":"en-US","potentialAction":[{"@type":"ReadAction","target":["https:\/\/vorulagerinn.is\/product\/armpudi-ofan-a-geymsluholfid-milli-framsaeta-bilsins\/"]}]},{"@type":"ImageObject","inLanguage":"en-US","@id":"https:\/\/vorulagerinn.is\/product\/armpudi-ofan-a-geymsluholfid-milli-framsaeta-bilsins\/#primaryimage","url":"https:\/\/vorulagerinn.is\/wp-content\/uploads\/2023\/10\/Armpudi-2.jpg","contentUrl":"https:\/\/vorulagerinn.is\/wp-content\/uploads\/2023\/10\/Armpudi-2.jpg","width":600,"height":600},{"@type":"BreadcrumbList","@id":"https:\/\/vorulagerinn.is\/product\/armpudi-ofan-a-geymsluholfid-milli-framsaeta-bilsins\/#breadcrumb","itemListElement":[{"@type":"ListItem","position":1,"name":"Home","item":"https:\/\/vorulagerinn.is\/"},{"@type":"ListItem","position":2,"name":"Shop","item":"https:\/\/vorulagerinn.is\/en\/shop\/"},{"@type":"ListItem","position":3,"name":"Armp\u00fa\u00f0i ofan \u00e1 geymsluh\u00f3lfi\u00f0 milli frams\u00e6ta b\u00edlsins"}]},{"@type":"WebSite","@id":"https:\/\/vorulagerinn.is\/#website","url":"https:\/\/vorulagerinn.is\/","name":"V\u00f6rulagerinn","description":"L\u00e1ttu \u00fea\u00f0 eftir \u00fe\u00e9r","publisher":{"@id":"https:\/\/vorulagerinn.is\/#organization"},"potentialAction":[{"@type":"SearchAction","target":{"@type":"EntryPoint","urlTemplate":"https:\/\/vorulagerinn.is\/?s={search_term_string}"},"query-input":{"@type":"PropertyValueSpecification","valueRequired":true,"valueName":"search_term_string"}}],"inLanguage":"en-US"},{"@type":"Organization","@id":"https:\/\/vorulagerinn.is\/#organization","name":"V\u00f6rulagerinn","url":"https:\/\/vorulagerinn.is\/","logo":{"@type":"ImageObject","inLanguage":"en-US","@id":"https:\/\/vorulagerinn.is\/#\/schema\/logo\/image\/","url":"https:\/\/vorulagerinn.is\/wp-content\/uploads\/2022\/09\/Vorulagerinn-Logo-588x160-1.png","contentUrl":"https:\/\/vorulagerinn.is\/wp-content\/uploads\/2022\/09\/Vorulagerinn-Logo-588x160-1.png","width":588,"height":160,"caption":"V\u00f6rulagerinn"},"image":{"@id":"https:\/\/vorulagerinn.is\/#\/schema\/logo\/image\/"},"sameAs":["https:\/\/www.facebook.com\/vorulagerinn","https:\/\/www.instagram.com\/vorulagerinn\/"]}]},"product_price_amount":"2990","product_price_currency":"ISK","og_availability":"out of stock","product_availability":"out of stock","product_retailer_item_id":"V151","product_condition":"new"},"_links":{"self":[{"href":"https:\/\/vorulagerinn.is\/en\/wp-json\/wp\/v2\/product\/15473","targetHints":{"allow":["GET"]}}],"collection":[{"href":"https:\/\/vorulagerinn.is\/en\/wp-json\/wp\/v2\/product"}],"about":[{"href":"https:\/\/vorulagerinn.is\/en\/wp-json\/wp\/v2\/types\/product"}],"wp:featuredmedia":[{"embeddable":true,"href":"https:\/\/vorulagerinn.is\/en\/wp-json\/wp\/v2\/media\/15478"}],"wp:attachment":[{"href":"https:\/\/vorulagerinn.is\/en\/wp-json\/wp\/v2\/media?parent=15473"}],"wp:term":[{"taxonomy":"product_brand","embeddable":true,"href":"https:\/\/vorulagerinn.is\/en\/wp-json\/wp\/v2\/product_brand?post=15473"},{"taxonomy":"product_cat","embeddable":true,"href":"https:\/\/vorulagerinn.is\/en\/wp-json\/wp\/v2\/product_cat?post=15473"},{"taxonomy":"product_tag","embeddable":true,"href":"https:\/\/vorulagerinn.is\/en\/wp-json\/wp\/v2\/product_tag?post=15473"}],"curies":[{"name":"wp","href":"https:\/\/api.w.org\/{rel}","templated":true}]}}