{"id":15502,"date":"2023-10-08T08:41:23","date_gmt":"2023-10-08T08:41:23","guid":{"rendered":"https:\/\/vorulagerinn.is\/?post_type=product&#038;p=15502"},"modified":"2026-02-17T12:12:52","modified_gmt":"2026-02-17T12:12:52","slug":"snyrtitaska-med-4-snyrtibuddum","status":"publish","type":"product","link":"https:\/\/vorulagerinn.is\/en\/product\/snyrtitaska-med-4-snyrtibuddum\/","title":{"rendered":"Snyrtitaska me\u00f0 4 snyrtibuddum"},"content":{"rendered":"","protected":false},"excerpt":{"rendered":"<p>Snyrtitaskan er me\u00f0 fj\u00f3rum snyrtibuddum sem eru loka\u00f0ar me\u00f0 rennil\u00e1s. Snyrtibuddurnar eru festar \u00e1 snyrtit\u00f6skuna me\u00f0 fr\u00f6nskum rennil\u00e1s. \u00dea\u00f0 er h\u00e6gt a\u00f0 fjarl\u00e6gja \u00fe\u00e6r, endurra\u00f0a \u00feeim e\u00f0a nota s\u00e9r \u00e1n snyrtit\u00f6skunnar. Til a\u00f0 loka snyrtit\u00f6skunni er henni r\u00falla\u00f0 saman og fest me\u00f0 tveimur b\u00f6ndum.<\/p>\n<p>&#8211; Litur: Bleikur og svartur<br \/>\n&#8211; St\u00e6r\u00f0: 55\u00d724 cm<br \/>\n&#8211; Efni: Nylon<\/p>\n","protected":false},"featured_media":14779,"template":"","meta":[],"product_brand":[],"product_cat":[463],"product_tag":[],"class_list":{"0":"post-15502","1":"product","2":"type-product","3":"status-publish","4":"has-post-thumbnail","6":"product_cat-outlet","8":"first","9":"instock","10":"sale","11":"featured","12":"taxable","13":"shipping-taxable","14":"purchasable","15":"product-type-simple"},"supplier_id":null,"supplier_sku":"","barcode":null,"atum_controlled":true,"out_stock_date":null,"out_stock_threshold":null,"inheritable":false,"inbound_stock":null,"stock_on_hold":0,"sold_today":0,"sales_last_days":0,"reserved_stock":null,"customer_returns":null,"warehouse_damage":null,"lost_in_post":null,"other_logs":null,"out_stock_days":0,"lost_sales":0,"has_location":false,"update_date":"2026-04-29T00:41:39","atum_locations":[],"atum_stock_status":"instock","restock_status":false,"low_stock_amount":"","sales_update_date":"2026-04-29T00:41:39","calc_backorders":null,"yoast_head":"<!-- This site is optimized with the Yoast SEO Premium plugin v26.6 (Yoast SEO v27.4) - https:\/\/yoast.com\/product\/yoast-seo-premium-wordpress\/ -->\n<title>Snyrtitaska me\u00f0 4 snyrtibuddum | H\u00e6gt a\u00f0 a\u00f0skilja og nota s\u00e9r<\/title>\n<meta name=\"description\" content=\"Snyrtitaskan er me\u00f0 fj\u00f3rum snyrtibuddum sem eru loka\u00f0ar me\u00f0 rennil\u00e1s. Snyrtibuddurnar eru festar \u00e1 snyrtit\u00f6skuna me\u00f0 fr\u00f6nskum rennil\u00e1s.\" \/>\n<meta name=\"robots\" content=\"index, follow, max-snippet:-1, max-image-preview:large, max-video-preview:-1\" \/>\n<link rel=\"canonical\" href=\"https:\/\/vorulagerinn.is\/product\/snyrtitaska-med-4-snyrtibuddum\/\" \/>\n<meta property=\"og:locale\" content=\"en_US\" \/>\n<meta property=\"og:type\" content=\"article\" \/>\n<meta property=\"og:title\" content=\"Snyrtitaska me\u00f0 4 snyrtibuddum\" \/>\n<meta property=\"og:description\" content=\"Snyrtitaskan er me\u00f0 fj\u00f3rum snyrtibuddum sem eru loka\u00f0ar me\u00f0 rennil\u00e1s. Snyrtibuddurnar eru festar \u00e1 snyrtit\u00f6skuna me\u00f0 fr\u00f6nskum rennil\u00e1s.\" \/>\n<meta property=\"og:url\" content=\"https:\/\/vorulagerinn.is\/product\/snyrtitaska-med-4-snyrtibuddum\/\" \/>\n<meta property=\"og:site_name\" content=\"V&ouml;rulagerinn\" \/>\n<meta property=\"article:publisher\" content=\"https:\/\/www.facebook.com\/vorulagerinn\" \/>\n<meta property=\"article:modified_time\" content=\"2026-02-17T12:12:52+00:00\" \/>\n<meta property=\"og:image\" content=\"https:\/\/vorulagerinn.is\/wp-content\/uploads\/2023\/09\/Snyrtitaska4.jpg\" \/>\n\t<meta property=\"og:image:width\" content=\"600\" \/>\n\t<meta property=\"og:image:height\" content=\"600\" \/>\n\t<meta property=\"og:image:type\" content=\"image\/jpeg\" \/>\n<meta name=\"twitter:card\" content=\"summary_large_image\" \/>\n<meta name=\"twitter:label1\" content=\"Price\" \/>\n\t<meta name=\"twitter:data1\" content=\"1.650&nbsp;kr.\" \/>\n\t<meta name=\"twitter:label2\" content=\"Availability\" \/>\n\t<meta name=\"twitter:data2\" content=\"In stock\" \/>\n<script type=\"application\/ld+json\" class=\"yoast-schema-graph\">{\"@context\":\"https:\\\/\\\/schema.org\",\"@graph\":[{\"@type\":\"WebPage\",\"@id\":\"https:\\\/\\\/vorulagerinn.is\\\/product\\\/snyrtitaska-med-4-snyrtibuddum\\\/\",\"url\":\"https:\\\/\\\/vorulagerinn.is\\\/product\\\/snyrtitaska-med-4-snyrtibuddum\\\/\",\"name\":\"Snyrtitaska me\u00f0 4 snyrtibuddum | H\u00e6gt a\u00f0 a\u00f0skilja og nota s\u00e9r\",\"isPartOf\":{\"@id\":\"https:\\\/\\\/vorulagerinn.is\\\/#website\"},\"primaryImageOfPage\":{\"@id\":\"https:\\\/\\\/vorulagerinn.is\\\/product\\\/snyrtitaska-med-4-snyrtibuddum\\\/#primaryimage\"},\"image\":{\"@id\":\"https:\\\/\\\/vorulagerinn.is\\\/product\\\/snyrtitaska-med-4-snyrtibuddum\\\/#primaryimage\"},\"thumbnailUrl\":\"https:\\\/\\\/vorulagerinn.is\\\/wp-content\\\/uploads\\\/2023\\\/09\\\/Snyrtitaska4.jpg\",\"datePublished\":\"2023-10-08T08:41:23+00:00\",\"dateModified\":\"2026-02-17T12:12:52+00:00\",\"description\":\"Snyrtitaskan er me\u00f0 fj\u00f3rum snyrtibuddum sem eru loka\u00f0ar me\u00f0 rennil\u00e1s. Snyrtibuddurnar eru festar \u00e1 snyrtit\u00f6skuna me\u00f0 fr\u00f6nskum rennil\u00e1s.\",\"breadcrumb\":{\"@id\":\"https:\\\/\\\/vorulagerinn.is\\\/product\\\/snyrtitaska-med-4-snyrtibuddum\\\/#breadcrumb\"},\"inLanguage\":\"en-US\",\"potentialAction\":[{\"@type\":\"ReadAction\",\"target\":[\"https:\\\/\\\/vorulagerinn.is\\\/product\\\/snyrtitaska-med-4-snyrtibuddum\\\/\"]}]},{\"@type\":\"ImageObject\",\"inLanguage\":\"en-US\",\"@id\":\"https:\\\/\\\/vorulagerinn.is\\\/product\\\/snyrtitaska-med-4-snyrtibuddum\\\/#primaryimage\",\"url\":\"https:\\\/\\\/vorulagerinn.is\\\/wp-content\\\/uploads\\\/2023\\\/09\\\/Snyrtitaska4.jpg\",\"contentUrl\":\"https:\\\/\\\/vorulagerinn.is\\\/wp-content\\\/uploads\\\/2023\\\/09\\\/Snyrtitaska4.jpg\",\"width\":600,\"height\":600},{\"@type\":\"BreadcrumbList\",\"@id\":\"https:\\\/\\\/vorulagerinn.is\\\/product\\\/snyrtitaska-med-4-snyrtibuddum\\\/#breadcrumb\",\"itemListElement\":[{\"@type\":\"ListItem\",\"position\":1,\"name\":\"Home\",\"item\":\"https:\\\/\\\/vorulagerinn.is\\\/\"},{\"@type\":\"ListItem\",\"position\":2,\"name\":\"Shop\",\"item\":\"https:\\\/\\\/vorulagerinn.is\\\/en\\\/shop\\\/\"},{\"@type\":\"ListItem\",\"position\":3,\"name\":\"Snyrtitaska me\u00f0 4 snyrtibuddum\"}]},{\"@type\":\"WebSite\",\"@id\":\"https:\\\/\\\/vorulagerinn.is\\\/#website\",\"url\":\"https:\\\/\\\/vorulagerinn.is\\\/\",\"name\":\"V\u00f6rulagerinn\",\"description\":\"L\u00e1ttu \u00fea\u00f0 eftir \u00fe\u00e9r\",\"publisher\":{\"@id\":\"https:\\\/\\\/vorulagerinn.is\\\/#organization\"},\"potentialAction\":[{\"@type\":\"SearchAction\",\"target\":{\"@type\":\"EntryPoint\",\"urlTemplate\":\"https:\\\/\\\/vorulagerinn.is\\\/?s={search_term_string}\"},\"query-input\":{\"@type\":\"PropertyValueSpecification\",\"valueRequired\":true,\"valueName\":\"search_term_string\"}}],\"inLanguage\":\"en-US\"},{\"@type\":\"Organization\",\"@id\":\"https:\\\/\\\/vorulagerinn.is\\\/#organization\",\"name\":\"V\u00f6rulagerinn\",\"url\":\"https:\\\/\\\/vorulagerinn.is\\\/\",\"logo\":{\"@type\":\"ImageObject\",\"inLanguage\":\"en-US\",\"@id\":\"https:\\\/\\\/vorulagerinn.is\\\/#\\\/schema\\\/logo\\\/image\\\/\",\"url\":\"https:\\\/\\\/vorulagerinn.is\\\/wp-content\\\/uploads\\\/2022\\\/09\\\/Vorulagerinn-Logo-588x160-1.png\",\"contentUrl\":\"https:\\\/\\\/vorulagerinn.is\\\/wp-content\\\/uploads\\\/2022\\\/09\\\/Vorulagerinn-Logo-588x160-1.png\",\"width\":588,\"height\":160,\"caption\":\"V\u00f6rulagerinn\"},\"image\":{\"@id\":\"https:\\\/\\\/vorulagerinn.is\\\/#\\\/schema\\\/logo\\\/image\\\/\"},\"sameAs\":[\"https:\\\/\\\/www.facebook.com\\\/vorulagerinn\",\"https:\\\/\\\/www.instagram.com\\\/vorulagerinn\\\/\"]}]}<\/script>\n<meta property=\"product:price:amount\" content=\"1650\" \/>\n<meta property=\"product:price:currency\" content=\"ISK\" \/>\n<meta property=\"og:availability\" content=\"instock\" \/>\n<meta property=\"product:availability\" content=\"instock\" \/>\n<meta property=\"product:retailer_item_id\" content=\"V149\" \/>\n<meta property=\"product:condition\" content=\"new\" \/>\n<!-- \/ Yoast SEO Premium plugin. -->","yoast_head_json":{"title":"Snyrtitaska me\u00f0 4 snyrtibuddum | H\u00e6gt a\u00f0 a\u00f0skilja og nota s\u00e9r","description":"Snyrtitaskan er me\u00f0 fj\u00f3rum snyrtibuddum sem eru loka\u00f0ar me\u00f0 rennil\u00e1s. Snyrtibuddurnar eru festar \u00e1 snyrtit\u00f6skuna me\u00f0 fr\u00f6nskum rennil\u00e1s.","robots":{"index":"index","follow":"follow","max-snippet":"max-snippet:-1","max-image-preview":"max-image-preview:large","max-video-preview":"max-video-preview:-1"},"canonical":"https:\/\/vorulagerinn.is\/product\/snyrtitaska-med-4-snyrtibuddum\/","og_locale":"en_US","og_type":"article","og_title":"Snyrtitaska me\u00f0 4 snyrtibuddum","og_description":"Snyrtitaskan er me\u00f0 fj\u00f3rum snyrtibuddum sem eru loka\u00f0ar me\u00f0 rennil\u00e1s. Snyrtibuddurnar eru festar \u00e1 snyrtit\u00f6skuna me\u00f0 fr\u00f6nskum rennil\u00e1s.","og_url":"https:\/\/vorulagerinn.is\/product\/snyrtitaska-med-4-snyrtibuddum\/","og_site_name":"V&ouml;rulagerinn","article_publisher":"https:\/\/www.facebook.com\/vorulagerinn","article_modified_time":"2026-02-17T12:12:52+00:00","og_image":[{"width":600,"height":600,"url":"https:\/\/vorulagerinn.is\/wp-content\/uploads\/2023\/09\/Snyrtitaska4.jpg","type":"image\/jpeg"}],"twitter_card":"summary_large_image","twitter_misc":{"Price":"1.650&nbsp;kr.","Availability":"In stock"},"schema":{"@context":"https:\/\/schema.org","@graph":[{"@type":"WebPage","@id":"https:\/\/vorulagerinn.is\/product\/snyrtitaska-med-4-snyrtibuddum\/","url":"https:\/\/vorulagerinn.is\/product\/snyrtitaska-med-4-snyrtibuddum\/","name":"Snyrtitaska me\u00f0 4 snyrtibuddum | H\u00e6gt a\u00f0 a\u00f0skilja og nota s\u00e9r","isPartOf":{"@id":"https:\/\/vorulagerinn.is\/#website"},"primaryImageOfPage":{"@id":"https:\/\/vorulagerinn.is\/product\/snyrtitaska-med-4-snyrtibuddum\/#primaryimage"},"image":{"@id":"https:\/\/vorulagerinn.is\/product\/snyrtitaska-med-4-snyrtibuddum\/#primaryimage"},"thumbnailUrl":"https:\/\/vorulagerinn.is\/wp-content\/uploads\/2023\/09\/Snyrtitaska4.jpg","datePublished":"2023-10-08T08:41:23+00:00","dateModified":"2026-02-17T12:12:52+00:00","description":"Snyrtitaskan er me\u00f0 fj\u00f3rum snyrtibuddum sem eru loka\u00f0ar me\u00f0 rennil\u00e1s. Snyrtibuddurnar eru festar \u00e1 snyrtit\u00f6skuna me\u00f0 fr\u00f6nskum rennil\u00e1s.","breadcrumb":{"@id":"https:\/\/vorulagerinn.is\/product\/snyrtitaska-med-4-snyrtibuddum\/#breadcrumb"},"inLanguage":"en-US","potentialAction":[{"@type":"ReadAction","target":["https:\/\/vorulagerinn.is\/product\/snyrtitaska-med-4-snyrtibuddum\/"]}]},{"@type":"ImageObject","inLanguage":"en-US","@id":"https:\/\/vorulagerinn.is\/product\/snyrtitaska-med-4-snyrtibuddum\/#primaryimage","url":"https:\/\/vorulagerinn.is\/wp-content\/uploads\/2023\/09\/Snyrtitaska4.jpg","contentUrl":"https:\/\/vorulagerinn.is\/wp-content\/uploads\/2023\/09\/Snyrtitaska4.jpg","width":600,"height":600},{"@type":"BreadcrumbList","@id":"https:\/\/vorulagerinn.is\/product\/snyrtitaska-med-4-snyrtibuddum\/#breadcrumb","itemListElement":[{"@type":"ListItem","position":1,"name":"Home","item":"https:\/\/vorulagerinn.is\/"},{"@type":"ListItem","position":2,"name":"Shop","item":"https:\/\/vorulagerinn.is\/en\/shop\/"},{"@type":"ListItem","position":3,"name":"Snyrtitaska me\u00f0 4 snyrtibuddum"}]},{"@type":"WebSite","@id":"https:\/\/vorulagerinn.is\/#website","url":"https:\/\/vorulagerinn.is\/","name":"V\u00f6rulagerinn","description":"L\u00e1ttu \u00fea\u00f0 eftir \u00fe\u00e9r","publisher":{"@id":"https:\/\/vorulagerinn.is\/#organization"},"potentialAction":[{"@type":"SearchAction","target":{"@type":"EntryPoint","urlTemplate":"https:\/\/vorulagerinn.is\/?s={search_term_string}"},"query-input":{"@type":"PropertyValueSpecification","valueRequired":true,"valueName":"search_term_string"}}],"inLanguage":"en-US"},{"@type":"Organization","@id":"https:\/\/vorulagerinn.is\/#organization","name":"V\u00f6rulagerinn","url":"https:\/\/vorulagerinn.is\/","logo":{"@type":"ImageObject","inLanguage":"en-US","@id":"https:\/\/vorulagerinn.is\/#\/schema\/logo\/image\/","url":"https:\/\/vorulagerinn.is\/wp-content\/uploads\/2022\/09\/Vorulagerinn-Logo-588x160-1.png","contentUrl":"https:\/\/vorulagerinn.is\/wp-content\/uploads\/2022\/09\/Vorulagerinn-Logo-588x160-1.png","width":588,"height":160,"caption":"V\u00f6rulagerinn"},"image":{"@id":"https:\/\/vorulagerinn.is\/#\/schema\/logo\/image\/"},"sameAs":["https:\/\/www.facebook.com\/vorulagerinn","https:\/\/www.instagram.com\/vorulagerinn\/"]}]},"product_price_amount":"1650","product_price_currency":"ISK","og_availability":"instock","product_availability":"instock","product_retailer_item_id":"V149","product_condition":"new"},"_links":{"self":[{"href":"https:\/\/vorulagerinn.is\/en\/wp-json\/wp\/v2\/product\/15502","targetHints":{"allow":["GET"]}}],"collection":[{"href":"https:\/\/vorulagerinn.is\/en\/wp-json\/wp\/v2\/product"}],"about":[{"href":"https:\/\/vorulagerinn.is\/en\/wp-json\/wp\/v2\/types\/product"}],"wp:featuredmedia":[{"embeddable":true,"href":"https:\/\/vorulagerinn.is\/en\/wp-json\/wp\/v2\/media\/14779"}],"wp:attachment":[{"href":"https:\/\/vorulagerinn.is\/en\/wp-json\/wp\/v2\/media?parent=15502"}],"wp:term":[{"taxonomy":"product_brand","embeddable":true,"href":"https:\/\/vorulagerinn.is\/en\/wp-json\/wp\/v2\/product_brand?post=15502"},{"taxonomy":"product_cat","embeddable":true,"href":"https:\/\/vorulagerinn.is\/en\/wp-json\/wp\/v2\/product_cat?post=15502"},{"taxonomy":"product_tag","embeddable":true,"href":"https:\/\/vorulagerinn.is\/en\/wp-json\/wp\/v2\/product_tag?post=15502"}],"curies":[{"name":"wp","href":"https:\/\/api.w.org\/{rel}","templated":true}]}}