{"id":19252,"date":"2024-01-19T10:00:09","date_gmt":"2024-01-19T10:00:09","guid":{"rendered":"https:\/\/vorulagerinn.is\/?post_type=product&#038;p=19252"},"modified":"2026-03-05T10:15:23","modified_gmt":"2026-03-05T10:15:23","slug":"stalglas-075-litra-ur-rydfriu-stali-med-loki-og-rori","status":"publish","type":"product","link":"https:\/\/vorulagerinn.is\/en\/product\/stalglas-075-litra-ur-rydfriu-stali-med-loki-og-rori\/","title":{"rendered":"St\u00e1lglas 0,75 l\u00edtra \u00far ry\u00f0fr\u00edu st\u00e1li me\u00f0 loki og r\u00f6ri"},"content":{"rendered":"","protected":false},"excerpt":{"rendered":"<p class=\"ai-optimize-23\">Gl\u00e6silegt 0,75 l\u00edtra st\u00e1lglas \u00far ry\u00f0fr\u00edu st\u00e1li me\u00f0 loki og r\u00f6ri sem getur haldi\u00f0 heitu \u00ed allt a\u00f0 6 klst og k\u00f6ldu \u00ed 12 klst. \u00dea\u00f0 er upplagt a\u00f0 taka st\u00e1lglasi\u00f0 me\u00f0 \u00ed b\u00edlinn, vinnuna, r\u00e6ktina, skrifstofuna e\u00f0a \u00ed fer\u00f0alagi\u00f0.<\/p>\n<p class=\"ai-optimize-24\">\u2013 Litur: Svartur og tv\u00edlita\u00f0<br \/>\n\u2013 St\u00e6r\u00f0: 7 x 21,5 cm<br \/>\n\u2013 Efni: 304 ry\u00f0fr\u00edtt st\u00e1l<br \/>\n\u2013 0,75 l\u00edtrar<\/p>\n","protected":false},"featured_media":19253,"template":"","meta":[],"product_brand":[],"product_cat":[167,359],"product_tag":[],"class_list":{"0":"post-19252","1":"product","2":"type-product","3":"status-publish","4":"has-post-thumbnail","6":"product_cat-heimilid","7":"product_cat-stalbrusar-glos","9":"first","10":"instock","11":"featured","12":"taxable","13":"shipping-taxable","14":"purchasable","15":"product-type-variable"},"supplier_id":null,"supplier_sku":"","barcode":null,"atum_controlled":true,"out_stock_date":null,"out_stock_threshold":null,"inheritable":true,"inbound_stock":null,"stock_on_hold":0,"sold_today":0,"sales_last_days":0,"reserved_stock":null,"customer_returns":null,"warehouse_damage":null,"lost_in_post":null,"other_logs":null,"out_stock_days":0,"lost_sales":0,"has_location":false,"update_date":"2026-04-19T00:23:34","atum_locations":[],"atum_stock_status":"instock","restock_status":false,"low_stock_amount":"","sales_update_date":"2026-04-19T00:23:34","calc_backorders":null,"yoast_head":"<!-- This site is optimized with the Yoast SEO Premium plugin v26.6 (Yoast SEO v27.3) - https:\/\/yoast.com\/product\/yoast-seo-premium-wordpress\/ -->\n<title>St\u00e1lglas 0,75 l\u00edtra \u00far ry\u00f0fr\u00edu st\u00e1li me\u00f0 loki og r\u00f6ri<\/title>\n<meta name=\"description\" content=\"St\u00e1lglas 0,750 l\u00edtra \u00far ry\u00f0fr\u00edu st\u00e1li me\u00f0 loki sem getur haldi\u00f0 heitu \u00ed allt a\u00f0 6 klst og k\u00f6ldu \u00ed 12 klst. Upplagt a\u00f0 taka me\u00f0 \u00ed b\u00edlinn, vinnuna, sk\u00f3lann, vinnuna o.s.frv.\" \/>\n<meta name=\"robots\" content=\"index, follow, max-snippet:-1, max-image-preview:large, max-video-preview:-1\" \/>\n<link rel=\"canonical\" href=\"https:\/\/vorulagerinn.is\/product\/stalglas-075-litra-ur-rydfriu-stali-med-loki-og-rori\/\" \/>\n<meta property=\"og:locale\" content=\"en_US\" \/>\n<meta property=\"og:type\" content=\"article\" \/>\n<meta property=\"og:title\" content=\"St\u00e1lglas 0,75 l\u00edtra \u00far ry\u00f0fr\u00edu st\u00e1li me\u00f0 loki og r\u00f6ri\" \/>\n<meta property=\"og:description\" content=\"St\u00e1lglas 0,750 l\u00edtra \u00far ry\u00f0fr\u00edu st\u00e1li me\u00f0 loki sem getur haldi\u00f0 heitu \u00ed allt a\u00f0 6 klst og k\u00f6ldu \u00ed 12 klst. Upplagt a\u00f0 taka me\u00f0 \u00ed b\u00edlinn, vinnuna, sk\u00f3lann, vinnuna o.s.frv.\" \/>\n<meta property=\"og:url\" content=\"https:\/\/vorulagerinn.is\/product\/stalglas-075-litra-ur-rydfriu-stali-med-loki-og-rori\/\" \/>\n<meta property=\"og:site_name\" content=\"V&ouml;rulagerinn\" \/>\n<meta property=\"article:publisher\" content=\"https:\/\/www.facebook.com\/vorulagerinn\" \/>\n<meta property=\"article:modified_time\" content=\"2026-03-05T10:15:23+00:00\" \/>\n<meta property=\"og:image\" content=\"https:\/\/vorulagerinn.is\/wp-content\/uploads\/2024\/01\/Stalglas-075-litra-ur-rydfriu-stali-med-loki-og-rori.jpg\" \/>\n\t<meta property=\"og:image:width\" content=\"600\" \/>\n\t<meta property=\"og:image:height\" content=\"600\" \/>\n\t<meta property=\"og:image:type\" content=\"image\/jpeg\" \/>\n<meta name=\"twitter:card\" content=\"summary_large_image\" \/>\n<meta name=\"twitter:label1\" content=\"Availability\" \/>\n\t<meta name=\"twitter:data1\" content=\"In stock\" \/>\n<script type=\"application\/ld+json\" class=\"yoast-schema-graph\">{\"@context\":\"https:\\\/\\\/schema.org\",\"@graph\":[{\"@type\":\"WebPage\",\"@id\":\"https:\\\/\\\/vorulagerinn.is\\\/product\\\/stalglas-075-litra-ur-rydfriu-stali-med-loki-og-rori\\\/\",\"url\":\"https:\\\/\\\/vorulagerinn.is\\\/product\\\/stalglas-075-litra-ur-rydfriu-stali-med-loki-og-rori\\\/\",\"name\":\"St\u00e1lglas 0,75 l\u00edtra \u00far ry\u00f0fr\u00edu st\u00e1li me\u00f0 loki og r\u00f6ri\",\"isPartOf\":{\"@id\":\"https:\\\/\\\/vorulagerinn.is\\\/#website\"},\"primaryImageOfPage\":{\"@id\":\"https:\\\/\\\/vorulagerinn.is\\\/product\\\/stalglas-075-litra-ur-rydfriu-stali-med-loki-og-rori\\\/#primaryimage\"},\"image\":{\"@id\":\"https:\\\/\\\/vorulagerinn.is\\\/product\\\/stalglas-075-litra-ur-rydfriu-stali-med-loki-og-rori\\\/#primaryimage\"},\"thumbnailUrl\":\"https:\\\/\\\/vorulagerinn.is\\\/wp-content\\\/uploads\\\/2024\\\/01\\\/Stalglas-075-litra-ur-rydfriu-stali-med-loki-og-rori.jpg\",\"datePublished\":\"2024-01-19T10:00:09+00:00\",\"dateModified\":\"2026-03-05T10:15:23+00:00\",\"description\":\"St\u00e1lglas 0,750 l\u00edtra \u00far ry\u00f0fr\u00edu st\u00e1li me\u00f0 loki sem getur haldi\u00f0 heitu \u00ed allt a\u00f0 6 klst og k\u00f6ldu \u00ed 12 klst. Upplagt a\u00f0 taka me\u00f0 \u00ed b\u00edlinn, vinnuna, sk\u00f3lann, vinnuna o.s.frv.\",\"breadcrumb\":{\"@id\":\"https:\\\/\\\/vorulagerinn.is\\\/product\\\/stalglas-075-litra-ur-rydfriu-stali-med-loki-og-rori\\\/#breadcrumb\"},\"inLanguage\":\"en-US\",\"potentialAction\":[{\"@type\":\"ReadAction\",\"target\":[\"https:\\\/\\\/vorulagerinn.is\\\/product\\\/stalglas-075-litra-ur-rydfriu-stali-med-loki-og-rori\\\/\"]}]},{\"@type\":\"ImageObject\",\"inLanguage\":\"en-US\",\"@id\":\"https:\\\/\\\/vorulagerinn.is\\\/product\\\/stalglas-075-litra-ur-rydfriu-stali-med-loki-og-rori\\\/#primaryimage\",\"url\":\"https:\\\/\\\/vorulagerinn.is\\\/wp-content\\\/uploads\\\/2024\\\/01\\\/Stalglas-075-litra-ur-rydfriu-stali-med-loki-og-rori.jpg\",\"contentUrl\":\"https:\\\/\\\/vorulagerinn.is\\\/wp-content\\\/uploads\\\/2024\\\/01\\\/Stalglas-075-litra-ur-rydfriu-stali-med-loki-og-rori.jpg\",\"width\":600,\"height\":600},{\"@type\":\"BreadcrumbList\",\"@id\":\"https:\\\/\\\/vorulagerinn.is\\\/product\\\/stalglas-075-litra-ur-rydfriu-stali-med-loki-og-rori\\\/#breadcrumb\",\"itemListElement\":[{\"@type\":\"ListItem\",\"position\":1,\"name\":\"Home\",\"item\":\"https:\\\/\\\/vorulagerinn.is\\\/\"},{\"@type\":\"ListItem\",\"position\":2,\"name\":\"Shop\",\"item\":\"https:\\\/\\\/vorulagerinn.is\\\/en\\\/shop\\\/\"},{\"@type\":\"ListItem\",\"position\":3,\"name\":\"St\u00e1lglas 0,75 l\u00edtra \u00far ry\u00f0fr\u00edu st\u00e1li me\u00f0 loki og r\u00f6ri\"}]},{\"@type\":\"WebSite\",\"@id\":\"https:\\\/\\\/vorulagerinn.is\\\/#website\",\"url\":\"https:\\\/\\\/vorulagerinn.is\\\/\",\"name\":\"V\u00f6rulagerinn\",\"description\":\"L\u00e1ttu \u00fea\u00f0 eftir \u00fe\u00e9r\",\"publisher\":{\"@id\":\"https:\\\/\\\/vorulagerinn.is\\\/#organization\"},\"potentialAction\":[{\"@type\":\"SearchAction\",\"target\":{\"@type\":\"EntryPoint\",\"urlTemplate\":\"https:\\\/\\\/vorulagerinn.is\\\/?s={search_term_string}\"},\"query-input\":{\"@type\":\"PropertyValueSpecification\",\"valueRequired\":true,\"valueName\":\"search_term_string\"}}],\"inLanguage\":\"en-US\"},{\"@type\":\"Organization\",\"@id\":\"https:\\\/\\\/vorulagerinn.is\\\/#organization\",\"name\":\"V\u00f6rulagerinn\",\"url\":\"https:\\\/\\\/vorulagerinn.is\\\/\",\"logo\":{\"@type\":\"ImageObject\",\"inLanguage\":\"en-US\",\"@id\":\"https:\\\/\\\/vorulagerinn.is\\\/#\\\/schema\\\/logo\\\/image\\\/\",\"url\":\"https:\\\/\\\/vorulagerinn.is\\\/wp-content\\\/uploads\\\/2022\\\/09\\\/Vorulagerinn-Logo-588x160-1.png\",\"contentUrl\":\"https:\\\/\\\/vorulagerinn.is\\\/wp-content\\\/uploads\\\/2022\\\/09\\\/Vorulagerinn-Logo-588x160-1.png\",\"width\":588,\"height\":160,\"caption\":\"V\u00f6rulagerinn\"},\"image\":{\"@id\":\"https:\\\/\\\/vorulagerinn.is\\\/#\\\/schema\\\/logo\\\/image\\\/\"},\"sameAs\":[\"https:\\\/\\\/www.facebook.com\\\/vorulagerinn\",\"https:\\\/\\\/www.instagram.com\\\/vorulagerinn\\\/\"]}]}<\/script>\n<meta property=\"og:availability\" content=\"instock\" \/>\n<meta property=\"product:availability\" content=\"instock\" \/>\n<meta property=\"product:retailer_item_id\" content=\"V162\" \/>\n<meta property=\"product:condition\" content=\"new\" \/>\n<!-- \/ Yoast SEO Premium plugin. -->","yoast_head_json":{"title":"St\u00e1lglas 0,75 l\u00edtra \u00far ry\u00f0fr\u00edu st\u00e1li me\u00f0 loki og r\u00f6ri","description":"St\u00e1lglas 0,750 l\u00edtra \u00far ry\u00f0fr\u00edu st\u00e1li me\u00f0 loki sem getur haldi\u00f0 heitu \u00ed allt a\u00f0 6 klst og k\u00f6ldu \u00ed 12 klst. Upplagt a\u00f0 taka me\u00f0 \u00ed b\u00edlinn, vinnuna, sk\u00f3lann, vinnuna o.s.frv.","robots":{"index":"index","follow":"follow","max-snippet":"max-snippet:-1","max-image-preview":"max-image-preview:large","max-video-preview":"max-video-preview:-1"},"canonical":"https:\/\/vorulagerinn.is\/product\/stalglas-075-litra-ur-rydfriu-stali-med-loki-og-rori\/","og_locale":"en_US","og_type":"article","og_title":"St\u00e1lglas 0,75 l\u00edtra \u00far ry\u00f0fr\u00edu st\u00e1li me\u00f0 loki og r\u00f6ri","og_description":"St\u00e1lglas 0,750 l\u00edtra \u00far ry\u00f0fr\u00edu st\u00e1li me\u00f0 loki sem getur haldi\u00f0 heitu \u00ed allt a\u00f0 6 klst og k\u00f6ldu \u00ed 12 klst. Upplagt a\u00f0 taka me\u00f0 \u00ed b\u00edlinn, vinnuna, sk\u00f3lann, vinnuna o.s.frv.","og_url":"https:\/\/vorulagerinn.is\/product\/stalglas-075-litra-ur-rydfriu-stali-med-loki-og-rori\/","og_site_name":"V&ouml;rulagerinn","article_publisher":"https:\/\/www.facebook.com\/vorulagerinn","article_modified_time":"2026-03-05T10:15:23+00:00","og_image":[{"width":600,"height":600,"url":"https:\/\/vorulagerinn.is\/wp-content\/uploads\/2024\/01\/Stalglas-075-litra-ur-rydfriu-stali-med-loki-og-rori.jpg","type":"image\/jpeg"}],"twitter_card":"summary_large_image","twitter_misc":{"Availability":"In stock"},"schema":{"@context":"https:\/\/schema.org","@graph":[{"@type":"WebPage","@id":"https:\/\/vorulagerinn.is\/product\/stalglas-075-litra-ur-rydfriu-stali-med-loki-og-rori\/","url":"https:\/\/vorulagerinn.is\/product\/stalglas-075-litra-ur-rydfriu-stali-med-loki-og-rori\/","name":"St\u00e1lglas 0,75 l\u00edtra \u00far ry\u00f0fr\u00edu st\u00e1li me\u00f0 loki og r\u00f6ri","isPartOf":{"@id":"https:\/\/vorulagerinn.is\/#website"},"primaryImageOfPage":{"@id":"https:\/\/vorulagerinn.is\/product\/stalglas-075-litra-ur-rydfriu-stali-med-loki-og-rori\/#primaryimage"},"image":{"@id":"https:\/\/vorulagerinn.is\/product\/stalglas-075-litra-ur-rydfriu-stali-med-loki-og-rori\/#primaryimage"},"thumbnailUrl":"https:\/\/vorulagerinn.is\/wp-content\/uploads\/2024\/01\/Stalglas-075-litra-ur-rydfriu-stali-med-loki-og-rori.jpg","datePublished":"2024-01-19T10:00:09+00:00","dateModified":"2026-03-05T10:15:23+00:00","description":"St\u00e1lglas 0,750 l\u00edtra \u00far ry\u00f0fr\u00edu st\u00e1li me\u00f0 loki sem getur haldi\u00f0 heitu \u00ed allt a\u00f0 6 klst og k\u00f6ldu \u00ed 12 klst. Upplagt a\u00f0 taka me\u00f0 \u00ed b\u00edlinn, vinnuna, sk\u00f3lann, vinnuna o.s.frv.","breadcrumb":{"@id":"https:\/\/vorulagerinn.is\/product\/stalglas-075-litra-ur-rydfriu-stali-med-loki-og-rori\/#breadcrumb"},"inLanguage":"en-US","potentialAction":[{"@type":"ReadAction","target":["https:\/\/vorulagerinn.is\/product\/stalglas-075-litra-ur-rydfriu-stali-med-loki-og-rori\/"]}]},{"@type":"ImageObject","inLanguage":"en-US","@id":"https:\/\/vorulagerinn.is\/product\/stalglas-075-litra-ur-rydfriu-stali-med-loki-og-rori\/#primaryimage","url":"https:\/\/vorulagerinn.is\/wp-content\/uploads\/2024\/01\/Stalglas-075-litra-ur-rydfriu-stali-med-loki-og-rori.jpg","contentUrl":"https:\/\/vorulagerinn.is\/wp-content\/uploads\/2024\/01\/Stalglas-075-litra-ur-rydfriu-stali-med-loki-og-rori.jpg","width":600,"height":600},{"@type":"BreadcrumbList","@id":"https:\/\/vorulagerinn.is\/product\/stalglas-075-litra-ur-rydfriu-stali-med-loki-og-rori\/#breadcrumb","itemListElement":[{"@type":"ListItem","position":1,"name":"Home","item":"https:\/\/vorulagerinn.is\/"},{"@type":"ListItem","position":2,"name":"Shop","item":"https:\/\/vorulagerinn.is\/en\/shop\/"},{"@type":"ListItem","position":3,"name":"St\u00e1lglas 0,75 l\u00edtra \u00far ry\u00f0fr\u00edu st\u00e1li me\u00f0 loki og r\u00f6ri"}]},{"@type":"WebSite","@id":"https:\/\/vorulagerinn.is\/#website","url":"https:\/\/vorulagerinn.is\/","name":"V\u00f6rulagerinn","description":"L\u00e1ttu \u00fea\u00f0 eftir \u00fe\u00e9r","publisher":{"@id":"https:\/\/vorulagerinn.is\/#organization"},"potentialAction":[{"@type":"SearchAction","target":{"@type":"EntryPoint","urlTemplate":"https:\/\/vorulagerinn.is\/?s={search_term_string}"},"query-input":{"@type":"PropertyValueSpecification","valueRequired":true,"valueName":"search_term_string"}}],"inLanguage":"en-US"},{"@type":"Organization","@id":"https:\/\/vorulagerinn.is\/#organization","name":"V\u00f6rulagerinn","url":"https:\/\/vorulagerinn.is\/","logo":{"@type":"ImageObject","inLanguage":"en-US","@id":"https:\/\/vorulagerinn.is\/#\/schema\/logo\/image\/","url":"https:\/\/vorulagerinn.is\/wp-content\/uploads\/2022\/09\/Vorulagerinn-Logo-588x160-1.png","contentUrl":"https:\/\/vorulagerinn.is\/wp-content\/uploads\/2022\/09\/Vorulagerinn-Logo-588x160-1.png","width":588,"height":160,"caption":"V\u00f6rulagerinn"},"image":{"@id":"https:\/\/vorulagerinn.is\/#\/schema\/logo\/image\/"},"sameAs":["https:\/\/www.facebook.com\/vorulagerinn","https:\/\/www.instagram.com\/vorulagerinn\/"]}]},"og_availability":"instock","product_availability":"instock","product_retailer_item_id":"V162","product_condition":"new"},"_links":{"self":[{"href":"https:\/\/vorulagerinn.is\/en\/wp-json\/wp\/v2\/product\/19252","targetHints":{"allow":["GET"]}}],"collection":[{"href":"https:\/\/vorulagerinn.is\/en\/wp-json\/wp\/v2\/product"}],"about":[{"href":"https:\/\/vorulagerinn.is\/en\/wp-json\/wp\/v2\/types\/product"}],"wp:featuredmedia":[{"embeddable":true,"href":"https:\/\/vorulagerinn.is\/en\/wp-json\/wp\/v2\/media\/19253"}],"wp:attachment":[{"href":"https:\/\/vorulagerinn.is\/en\/wp-json\/wp\/v2\/media?parent=19252"}],"wp:term":[{"taxonomy":"product_brand","embeddable":true,"href":"https:\/\/vorulagerinn.is\/en\/wp-json\/wp\/v2\/product_brand?post=19252"},{"taxonomy":"product_cat","embeddable":true,"href":"https:\/\/vorulagerinn.is\/en\/wp-json\/wp\/v2\/product_cat?post=19252"},{"taxonomy":"product_tag","embeddable":true,"href":"https:\/\/vorulagerinn.is\/en\/wp-json\/wp\/v2\/product_tag?post=19252"}],"curies":[{"name":"wp","href":"https:\/\/api.w.org\/{rel}","templated":true}]}}