{"id":21228,"date":"2024-04-23T11:40:53","date_gmt":"2024-04-23T11:40:53","guid":{"rendered":"https:\/\/vorulagerinn.is\/?post_type=product&#038;p=21228"},"modified":"2026-02-17T11:48:13","modified_gmt":"2026-02-17T11:48:13","slug":"geymslupoki-i-bilinn-undir-rusl-floskur-og-dosir","status":"publish","type":"product","link":"https:\/\/vorulagerinn.is\/en\/product\/geymslupoki-i-bilinn-undir-rusl-floskur-og-dosir\/","title":{"rendered":"Geymslupoki \u00ed b\u00edlinn undir rusl, fl\u00f6skur, d\u00f3sir o.fl."},"content":{"rendered":"","protected":false},"excerpt":{"rendered":"<p>St\u00edlhreinn og g\u00f3\u00f0ur geymslupoki \u00ed b\u00edlinn sem er au\u00f0veldur \u00ed uppsetningu og h\u00e6gt a\u00f0 brj\u00f3ta saman \u00feegar hann er ekki \u00ed notkun. Pokinn hentar einstaklega vel undir rusl, fl\u00f6skur, d\u00f3sir, sm\u00e1hluti o.fl.<\/p>\n<p>\u2013 Litur: Gr\u00e1r og svartur<br \/>\n\u2013 St\u00e6r\u00f0: 16&#215;20 cm<br \/>\n\u2013 \u00deyngd: 0,250 kg<br \/>\n&#8211; PU le\u00f0ur<br \/>\n&#8211; Vatnsheldur<\/p>\n","protected":false},"featured_media":21231,"template":"","meta":[],"product_brand":[],"product_cat":[236,267],"product_tag":[],"class_list":{"0":"post-21228","1":"product","2":"type-product","3":"status-publish","4":"has-post-thumbnail","6":"product_cat-billinn","7":"product_cat-skipulagsvorur","9":"first","10":"instock","11":"sale","12":"featured","13":"taxable","14":"shipping-taxable","15":"purchasable","16":"product-type-variable"},"supplier_id":null,"supplier_sku":"","barcode":null,"atum_controlled":true,"out_stock_date":null,"out_stock_threshold":null,"inheritable":true,"inbound_stock":null,"stock_on_hold":0,"sold_today":0,"sales_last_days":0,"reserved_stock":null,"customer_returns":null,"warehouse_damage":null,"lost_in_post":null,"other_logs":null,"out_stock_days":0,"lost_sales":0,"has_location":false,"update_date":"2026-04-19T00:22:49","atum_locations":[],"atum_stock_status":"instock","restock_status":false,"low_stock_amount":"","sales_update_date":"2026-04-19T00:22:49","calc_backorders":null,"yoast_head":"<!-- This site is optimized with the Yoast SEO Premium plugin v26.6 (Yoast SEO v27.3) - https:\/\/yoast.com\/product\/yoast-seo-premium-wordpress\/ -->\n<title>Geymslupoki \u00ed b\u00edlinn undir rusl, fl\u00f6skur, d\u00f3sir o.fl.<\/title>\n<meta name=\"description\" content=\"St\u00edlhreinn og g\u00f3\u00f0ur geymslupoki sem er au\u00f0veldur \u00ed uppsetningu og h\u00e6gt a\u00f0 brj\u00f3ta saman \u00feegar hann er ekki \u00ed notkun. Hentar undir rusl, fl\u00f6skur og sm\u00e1hluti.\" \/>\n<meta name=\"robots\" content=\"index, follow, max-snippet:-1, max-image-preview:large, max-video-preview:-1\" \/>\n<link rel=\"canonical\" href=\"https:\/\/vorulagerinn.is\/product\/geymslupoki-i-bilinn-undir-rusl-floskur-og-dosir\/\" \/>\n<meta property=\"og:locale\" content=\"en_US\" \/>\n<meta property=\"og:type\" content=\"article\" \/>\n<meta property=\"og:title\" content=\"Geymslupoki \u00ed b\u00edlinn undir rusl, fl\u00f6skur, d\u00f3sir o.fl.\" \/>\n<meta property=\"og:description\" content=\"St\u00edlhreinn og g\u00f3\u00f0ur geymslupoki sem er au\u00f0veldur \u00ed uppsetningu og h\u00e6gt a\u00f0 brj\u00f3ta saman \u00feegar hann er ekki \u00ed notkun. Hentar undir rusl, fl\u00f6skur og sm\u00e1hluti.\" \/>\n<meta property=\"og:url\" content=\"https:\/\/vorulagerinn.is\/product\/geymslupoki-i-bilinn-undir-rusl-floskur-og-dosir\/\" \/>\n<meta property=\"og:site_name\" content=\"V&ouml;rulagerinn\" \/>\n<meta property=\"article:publisher\" content=\"https:\/\/www.facebook.com\/vorulagerinn\" \/>\n<meta property=\"article:modified_time\" content=\"2026-02-17T11:48:13+00:00\" \/>\n<meta property=\"og:image\" content=\"https:\/\/vorulagerinn.is\/wp-content\/uploads\/2024\/04\/Geymslupoki-i-bilinn.jpg\" \/>\n\t<meta property=\"og:image:width\" content=\"600\" \/>\n\t<meta property=\"og:image:height\" content=\"600\" \/>\n\t<meta property=\"og:image:type\" content=\"image\/jpeg\" \/>\n<meta name=\"twitter:card\" content=\"summary_large_image\" \/>\n<meta name=\"twitter:label1\" content=\"Availability\" \/>\n\t<meta name=\"twitter:data1\" content=\"In stock\" \/>\n<script type=\"application\/ld+json\" class=\"yoast-schema-graph\">{\"@context\":\"https:\\\/\\\/schema.org\",\"@graph\":[{\"@type\":\"WebPage\",\"@id\":\"https:\\\/\\\/vorulagerinn.is\\\/product\\\/geymslupoki-i-bilinn-undir-rusl-floskur-og-dosir\\\/\",\"url\":\"https:\\\/\\\/vorulagerinn.is\\\/product\\\/geymslupoki-i-bilinn-undir-rusl-floskur-og-dosir\\\/\",\"name\":\"Geymslupoki \u00ed b\u00edlinn undir rusl, fl\u00f6skur, d\u00f3sir o.fl.\",\"isPartOf\":{\"@id\":\"https:\\\/\\\/vorulagerinn.is\\\/#website\"},\"primaryImageOfPage\":{\"@id\":\"https:\\\/\\\/vorulagerinn.is\\\/product\\\/geymslupoki-i-bilinn-undir-rusl-floskur-og-dosir\\\/#primaryimage\"},\"image\":{\"@id\":\"https:\\\/\\\/vorulagerinn.is\\\/product\\\/geymslupoki-i-bilinn-undir-rusl-floskur-og-dosir\\\/#primaryimage\"},\"thumbnailUrl\":\"https:\\\/\\\/vorulagerinn.is\\\/wp-content\\\/uploads\\\/2024\\\/04\\\/Geymslupoki-i-bilinn.jpg\",\"datePublished\":\"2024-04-23T11:40:53+00:00\",\"dateModified\":\"2026-02-17T11:48:13+00:00\",\"description\":\"St\u00edlhreinn og g\u00f3\u00f0ur geymslupoki sem er au\u00f0veldur \u00ed uppsetningu og h\u00e6gt a\u00f0 brj\u00f3ta saman \u00feegar hann er ekki \u00ed notkun. Hentar undir rusl, fl\u00f6skur og sm\u00e1hluti.\",\"breadcrumb\":{\"@id\":\"https:\\\/\\\/vorulagerinn.is\\\/product\\\/geymslupoki-i-bilinn-undir-rusl-floskur-og-dosir\\\/#breadcrumb\"},\"inLanguage\":\"en-US\",\"potentialAction\":[{\"@type\":\"ReadAction\",\"target\":[\"https:\\\/\\\/vorulagerinn.is\\\/product\\\/geymslupoki-i-bilinn-undir-rusl-floskur-og-dosir\\\/\"]}]},{\"@type\":\"ImageObject\",\"inLanguage\":\"en-US\",\"@id\":\"https:\\\/\\\/vorulagerinn.is\\\/product\\\/geymslupoki-i-bilinn-undir-rusl-floskur-og-dosir\\\/#primaryimage\",\"url\":\"https:\\\/\\\/vorulagerinn.is\\\/wp-content\\\/uploads\\\/2024\\\/04\\\/Geymslupoki-i-bilinn.jpg\",\"contentUrl\":\"https:\\\/\\\/vorulagerinn.is\\\/wp-content\\\/uploads\\\/2024\\\/04\\\/Geymslupoki-i-bilinn.jpg\",\"width\":600,\"height\":600},{\"@type\":\"BreadcrumbList\",\"@id\":\"https:\\\/\\\/vorulagerinn.is\\\/product\\\/geymslupoki-i-bilinn-undir-rusl-floskur-og-dosir\\\/#breadcrumb\",\"itemListElement\":[{\"@type\":\"ListItem\",\"position\":1,\"name\":\"Home\",\"item\":\"https:\\\/\\\/vorulagerinn.is\\\/\"},{\"@type\":\"ListItem\",\"position\":2,\"name\":\"Shop\",\"item\":\"https:\\\/\\\/vorulagerinn.is\\\/en\\\/shop\\\/\"},{\"@type\":\"ListItem\",\"position\":3,\"name\":\"Geymslupoki \u00ed b\u00edlinn undir rusl, fl\u00f6skur, d\u00f3sir o.fl.\"}]},{\"@type\":\"WebSite\",\"@id\":\"https:\\\/\\\/vorulagerinn.is\\\/#website\",\"url\":\"https:\\\/\\\/vorulagerinn.is\\\/\",\"name\":\"V\u00f6rulagerinn\",\"description\":\"L\u00e1ttu \u00fea\u00f0 eftir \u00fe\u00e9r\",\"publisher\":{\"@id\":\"https:\\\/\\\/vorulagerinn.is\\\/#organization\"},\"potentialAction\":[{\"@type\":\"SearchAction\",\"target\":{\"@type\":\"EntryPoint\",\"urlTemplate\":\"https:\\\/\\\/vorulagerinn.is\\\/?s={search_term_string}\"},\"query-input\":{\"@type\":\"PropertyValueSpecification\",\"valueRequired\":true,\"valueName\":\"search_term_string\"}}],\"inLanguage\":\"en-US\"},{\"@type\":\"Organization\",\"@id\":\"https:\\\/\\\/vorulagerinn.is\\\/#organization\",\"name\":\"V\u00f6rulagerinn\",\"url\":\"https:\\\/\\\/vorulagerinn.is\\\/\",\"logo\":{\"@type\":\"ImageObject\",\"inLanguage\":\"en-US\",\"@id\":\"https:\\\/\\\/vorulagerinn.is\\\/#\\\/schema\\\/logo\\\/image\\\/\",\"url\":\"https:\\\/\\\/vorulagerinn.is\\\/wp-content\\\/uploads\\\/2022\\\/09\\\/Vorulagerinn-Logo-588x160-1.png\",\"contentUrl\":\"https:\\\/\\\/vorulagerinn.is\\\/wp-content\\\/uploads\\\/2022\\\/09\\\/Vorulagerinn-Logo-588x160-1.png\",\"width\":588,\"height\":160,\"caption\":\"V\u00f6rulagerinn\"},\"image\":{\"@id\":\"https:\\\/\\\/vorulagerinn.is\\\/#\\\/schema\\\/logo\\\/image\\\/\"},\"sameAs\":[\"https:\\\/\\\/www.facebook.com\\\/vorulagerinn\",\"https:\\\/\\\/www.instagram.com\\\/vorulagerinn\\\/\"]}]}<\/script>\n<meta property=\"og:availability\" content=\"instock\" \/>\n<meta property=\"product:availability\" content=\"instock\" \/>\n<meta property=\"product:retailer_item_id\" content=\"V208\" \/>\n<meta property=\"product:condition\" content=\"new\" \/>\n<!-- \/ Yoast SEO Premium plugin. -->","yoast_head_json":{"title":"Geymslupoki \u00ed b\u00edlinn undir rusl, fl\u00f6skur, d\u00f3sir o.fl.","description":"St\u00edlhreinn og g\u00f3\u00f0ur geymslupoki sem er au\u00f0veldur \u00ed uppsetningu og h\u00e6gt a\u00f0 brj\u00f3ta saman \u00feegar hann er ekki \u00ed notkun. Hentar undir rusl, fl\u00f6skur og sm\u00e1hluti.","robots":{"index":"index","follow":"follow","max-snippet":"max-snippet:-1","max-image-preview":"max-image-preview:large","max-video-preview":"max-video-preview:-1"},"canonical":"https:\/\/vorulagerinn.is\/product\/geymslupoki-i-bilinn-undir-rusl-floskur-og-dosir\/","og_locale":"en_US","og_type":"article","og_title":"Geymslupoki \u00ed b\u00edlinn undir rusl, fl\u00f6skur, d\u00f3sir o.fl.","og_description":"St\u00edlhreinn og g\u00f3\u00f0ur geymslupoki sem er au\u00f0veldur \u00ed uppsetningu og h\u00e6gt a\u00f0 brj\u00f3ta saman \u00feegar hann er ekki \u00ed notkun. Hentar undir rusl, fl\u00f6skur og sm\u00e1hluti.","og_url":"https:\/\/vorulagerinn.is\/product\/geymslupoki-i-bilinn-undir-rusl-floskur-og-dosir\/","og_site_name":"V&ouml;rulagerinn","article_publisher":"https:\/\/www.facebook.com\/vorulagerinn","article_modified_time":"2026-02-17T11:48:13+00:00","og_image":[{"width":600,"height":600,"url":"https:\/\/vorulagerinn.is\/wp-content\/uploads\/2024\/04\/Geymslupoki-i-bilinn.jpg","type":"image\/jpeg"}],"twitter_card":"summary_large_image","twitter_misc":{"Availability":"In stock"},"schema":{"@context":"https:\/\/schema.org","@graph":[{"@type":"WebPage","@id":"https:\/\/vorulagerinn.is\/product\/geymslupoki-i-bilinn-undir-rusl-floskur-og-dosir\/","url":"https:\/\/vorulagerinn.is\/product\/geymslupoki-i-bilinn-undir-rusl-floskur-og-dosir\/","name":"Geymslupoki \u00ed b\u00edlinn undir rusl, fl\u00f6skur, d\u00f3sir o.fl.","isPartOf":{"@id":"https:\/\/vorulagerinn.is\/#website"},"primaryImageOfPage":{"@id":"https:\/\/vorulagerinn.is\/product\/geymslupoki-i-bilinn-undir-rusl-floskur-og-dosir\/#primaryimage"},"image":{"@id":"https:\/\/vorulagerinn.is\/product\/geymslupoki-i-bilinn-undir-rusl-floskur-og-dosir\/#primaryimage"},"thumbnailUrl":"https:\/\/vorulagerinn.is\/wp-content\/uploads\/2024\/04\/Geymslupoki-i-bilinn.jpg","datePublished":"2024-04-23T11:40:53+00:00","dateModified":"2026-02-17T11:48:13+00:00","description":"St\u00edlhreinn og g\u00f3\u00f0ur geymslupoki sem er au\u00f0veldur \u00ed uppsetningu og h\u00e6gt a\u00f0 brj\u00f3ta saman \u00feegar hann er ekki \u00ed notkun. Hentar undir rusl, fl\u00f6skur og sm\u00e1hluti.","breadcrumb":{"@id":"https:\/\/vorulagerinn.is\/product\/geymslupoki-i-bilinn-undir-rusl-floskur-og-dosir\/#breadcrumb"},"inLanguage":"en-US","potentialAction":[{"@type":"ReadAction","target":["https:\/\/vorulagerinn.is\/product\/geymslupoki-i-bilinn-undir-rusl-floskur-og-dosir\/"]}]},{"@type":"ImageObject","inLanguage":"en-US","@id":"https:\/\/vorulagerinn.is\/product\/geymslupoki-i-bilinn-undir-rusl-floskur-og-dosir\/#primaryimage","url":"https:\/\/vorulagerinn.is\/wp-content\/uploads\/2024\/04\/Geymslupoki-i-bilinn.jpg","contentUrl":"https:\/\/vorulagerinn.is\/wp-content\/uploads\/2024\/04\/Geymslupoki-i-bilinn.jpg","width":600,"height":600},{"@type":"BreadcrumbList","@id":"https:\/\/vorulagerinn.is\/product\/geymslupoki-i-bilinn-undir-rusl-floskur-og-dosir\/#breadcrumb","itemListElement":[{"@type":"ListItem","position":1,"name":"Home","item":"https:\/\/vorulagerinn.is\/"},{"@type":"ListItem","position":2,"name":"Shop","item":"https:\/\/vorulagerinn.is\/en\/shop\/"},{"@type":"ListItem","position":3,"name":"Geymslupoki \u00ed b\u00edlinn undir rusl, fl\u00f6skur, d\u00f3sir o.fl."}]},{"@type":"WebSite","@id":"https:\/\/vorulagerinn.is\/#website","url":"https:\/\/vorulagerinn.is\/","name":"V\u00f6rulagerinn","description":"L\u00e1ttu \u00fea\u00f0 eftir \u00fe\u00e9r","publisher":{"@id":"https:\/\/vorulagerinn.is\/#organization"},"potentialAction":[{"@type":"SearchAction","target":{"@type":"EntryPoint","urlTemplate":"https:\/\/vorulagerinn.is\/?s={search_term_string}"},"query-input":{"@type":"PropertyValueSpecification","valueRequired":true,"valueName":"search_term_string"}}],"inLanguage":"en-US"},{"@type":"Organization","@id":"https:\/\/vorulagerinn.is\/#organization","name":"V\u00f6rulagerinn","url":"https:\/\/vorulagerinn.is\/","logo":{"@type":"ImageObject","inLanguage":"en-US","@id":"https:\/\/vorulagerinn.is\/#\/schema\/logo\/image\/","url":"https:\/\/vorulagerinn.is\/wp-content\/uploads\/2022\/09\/Vorulagerinn-Logo-588x160-1.png","contentUrl":"https:\/\/vorulagerinn.is\/wp-content\/uploads\/2022\/09\/Vorulagerinn-Logo-588x160-1.png","width":588,"height":160,"caption":"V\u00f6rulagerinn"},"image":{"@id":"https:\/\/vorulagerinn.is\/#\/schema\/logo\/image\/"},"sameAs":["https:\/\/www.facebook.com\/vorulagerinn","https:\/\/www.instagram.com\/vorulagerinn\/"]}]},"og_availability":"instock","product_availability":"instock","product_retailer_item_id":"V208","product_condition":"new"},"_links":{"self":[{"href":"https:\/\/vorulagerinn.is\/en\/wp-json\/wp\/v2\/product\/21228","targetHints":{"allow":["GET"]}}],"collection":[{"href":"https:\/\/vorulagerinn.is\/en\/wp-json\/wp\/v2\/product"}],"about":[{"href":"https:\/\/vorulagerinn.is\/en\/wp-json\/wp\/v2\/types\/product"}],"wp:featuredmedia":[{"embeddable":true,"href":"https:\/\/vorulagerinn.is\/en\/wp-json\/wp\/v2\/media\/21231"}],"wp:attachment":[{"href":"https:\/\/vorulagerinn.is\/en\/wp-json\/wp\/v2\/media?parent=21228"}],"wp:term":[{"taxonomy":"product_brand","embeddable":true,"href":"https:\/\/vorulagerinn.is\/en\/wp-json\/wp\/v2\/product_brand?post=21228"},{"taxonomy":"product_cat","embeddable":true,"href":"https:\/\/vorulagerinn.is\/en\/wp-json\/wp\/v2\/product_cat?post=21228"},{"taxonomy":"product_tag","embeddable":true,"href":"https:\/\/vorulagerinn.is\/en\/wp-json\/wp\/v2\/product_tag?post=21228"}],"curies":[{"name":"wp","href":"https:\/\/api.w.org\/{rel}","templated":true}]}}