{"id":22953,"date":"2024-08-01T21:57:10","date_gmt":"2024-08-01T21:57:10","guid":{"rendered":"https:\/\/vorulagerinn.is\/?post_type=product&#038;p=22953"},"modified":"2025-09-18T13:45:51","modified_gmt":"2025-09-18T13:45:51","slug":"bord-og-ferdahledslustandur-samanbrjotanlegur-med-2x-usb-c-fyrir-farsima-og-heyrnartol-2-usb-a-tengi-fyrir-onnur-taeki","status":"publish","type":"product","link":"https:\/\/vorulagerinn.is\/en\/product\/bord-og-ferdahledslustandur-samanbrjotanlegur-med-2x-usb-c-fyrir-farsima-og-heyrnartol-2-usb-a-tengi-fyrir-onnur-taeki\/","title":{"rendered":"Bor\u00f0- og fer\u00f0ahle\u00f0slustandur (samanbrj\u00f3tanlegur) me\u00f0 2x USB-C fyrir fars\u00edma og heyrnart\u00f3l, 2 USB-A"},"content":{"rendered":"<div class=\"J_module\">\n<div id=\"ali-anchor-AliMagic-c3iu6l\" class=\"magic-3\" data-section=\"AliMagic-c3iu6l\" data-section-title=\"Products Description\"><\/div>\n<\/div>\n<div class=\"J_module\">\n<div class=\"ife-detail-decorate-table\">\n<table class=\"hight-light-first-column all magic-4\">\n<tbody>\n<tr>\n<td colspan=\"1\" rowspan=\"1\">\n<div class=\"magic-5\"><strong>Name<\/strong><\/div>\n<\/td>\n<td colspan=\"1\" rowspan=\"1\">\n<div class=\"magic-6\">JOYROOM Portable Desktop Mobile Phone Wireless Charger Station 4 in 1 Folding Magnetic Foldable 15w Wireless Charger<\/div>\n<\/td>\n<\/tr>\n<tr>\n<td colspan=\"1\" rowspan=\"1\">\n<div class=\"magic-5\"><strong>Output<\/strong><\/div>\n<\/td>\n<td colspan=\"1\" rowspan=\"1\">\n<div class=\"magic-6\">USB-A Output: 5W Phone Output: 7.5W Earbuds Output: 5W Watch Output: 2.5W Total Output: 15W<\/div>\n<\/td>\n<\/tr>\n<tr>\n<td colspan=\"1\" rowspan=\"1\">\n<div class=\"magic-5\"><strong>Input<\/strong><\/div>\n<\/td>\n<td colspan=\"1\" rowspan=\"1\">\n<div class=\"magic-6\">\n<div data-spm-anchor-id=\"a2700.pc-decorate.0.i7.45803333pTvrtZ\">5V=3A<\/div>\n<\/div>\n<\/td>\n<\/tr>\n<tr>\n<td colspan=\"1\" rowspan=\"1\">\n<div class=\"magic-5\"><strong>Maximum power<\/strong><\/div>\n<\/td>\n<td colspan=\"1\" rowspan=\"1\">\n<div class=\"magic-6\" data-spm-anchor-id=\"a2700.details.0.i54.71734506C7qyRi\">15W<\/div>\n<\/td>\n<\/tr>\n<tr>\n<td colspan=\"1\" rowspan=\"1\">\n<div class=\"magic-5\"><strong>Material<\/strong><\/div>\n<\/td>\n<td colspan=\"1\" rowspan=\"1\">\n<div class=\"magic-6\" data-spm-anchor-id=\"a2700.details.0.i53.71734506C7qyRi\">PC, ABS<\/div>\n<\/td>\n<\/tr>\n<\/tbody>\n<\/table>\n<\/div>\n<\/div>\n","protected":false},"excerpt":{"rendered":"<p>Name JOYROOM Portable Desktop Mobile Phone Wireless Charger Station 4 in 1 Folding Magnetic Foldable 15w Wireless Charger Output USB-A Output: 5W Phone Output: 7.5W Earbuds Output: 5W Watch Output: 2.5W Total Output: 15W Input 5V=3A Maximum power 15W Material PC, ABS<\/p>\n","protected":false},"featured_media":22960,"template":"","meta":[],"product_brand":[],"product_cat":[381,369],"product_tag":[],"class_list":{"0":"post-22953","1":"product","2":"type-product","3":"status-publish","4":"has-post-thumbnail","6":"product_cat-hledslustandur","7":"product_cat-joyroom","9":"first","10":"outofstock","11":"taxable","12":"shipping-taxable","13":"purchasable","14":"product-type-simple"},"supplier_id":null,"supplier_sku":"","barcode":null,"atum_controlled":true,"out_stock_date":null,"out_stock_threshold":null,"inheritable":false,"inbound_stock":0,"stock_on_hold":0,"sold_today":0,"sales_last_days":0,"reserved_stock":0,"customer_returns":0,"warehouse_damage":0,"lost_in_post":0,"other_logs":0,"out_stock_days":0,"lost_sales":0,"has_location":false,"update_date":"2026-04-13T00:15:27","atum_locations":[],"atum_stock_status":"outofstock","restock_status":false,"low_stock_amount":"","sales_update_date":"2026-04-13T00:15:27","calc_backorders":null,"yoast_head":"<!-- This site is optimized with the Yoast SEO Premium plugin v26.6 (Yoast SEO v27.3) - https:\/\/yoast.com\/product\/yoast-seo-premium-wordpress\/ -->\n<title>Bor\u00f0- og fer\u00f0ahle\u00f0slustandur (samanbrj\u00f3tanlegur) me\u00f0 4x USB<\/title>\n<meta name=\"description\" content=\"Name JOYROOM Portable Desktop Mobile Phone Wireless Charger Station 4 in 1 Folding Magnetic Foldable 15w Wireless Charger Output USB-A Output: 5W Phone\" \/>\n<meta name=\"robots\" content=\"index, follow, max-snippet:-1, max-image-preview:large, max-video-preview:-1\" \/>\n<link rel=\"canonical\" href=\"https:\/\/vorulagerinn.is\/product\/bord-og-ferdahledslustandur-samanbrjotanlegur-med-2x-usb-c-fyrir-farsima-og-heyrnartol-2-usb-a-tengi-fyrir-onnur-taeki\/\" \/>\n<meta property=\"og:locale\" content=\"en_US\" \/>\n<meta property=\"og:type\" content=\"article\" \/>\n<meta property=\"og:title\" content=\"Bor\u00f0- og fer\u00f0ahle\u00f0slustandur (samanbrj\u00f3tanlegur) me\u00f0 2x USB-C fyrir fars\u00edma og heyrnart\u00f3l, 2 USB-A\" \/>\n<meta property=\"og:description\" content=\"Name JOYROOM Portable Desktop Mobile Phone Wireless Charger Station 4 in 1 Folding Magnetic Foldable 15w Wireless Charger Output USB-A Output: 5W Phone\" \/>\n<meta property=\"og:url\" content=\"https:\/\/vorulagerinn.is\/product\/bord-og-ferdahledslustandur-samanbrjotanlegur-med-2x-usb-c-fyrir-farsima-og-heyrnartol-2-usb-a-tengi-fyrir-onnur-taeki\/\" \/>\n<meta property=\"og:site_name\" content=\"V&ouml;rulagerinn\" \/>\n<meta property=\"article:publisher\" content=\"https:\/\/www.facebook.com\/vorulagerinn\" \/>\n<meta property=\"article:modified_time\" content=\"2025-09-18T13:45:51+00:00\" \/>\n<meta property=\"og:image\" content=\"https:\/\/vorulagerinn.is\/wp-content\/uploads\/2024\/07\/Ferdahledslustandur.jpg\" \/>\n\t<meta property=\"og:image:width\" content=\"600\" \/>\n\t<meta property=\"og:image:height\" content=\"600\" \/>\n\t<meta property=\"og:image:type\" content=\"image\/jpeg\" \/>\n<meta name=\"twitter:card\" content=\"summary_large_image\" \/>\n<meta name=\"twitter:label1\" content=\"Price\" \/>\n\t<meta name=\"twitter:data1\" content=\"9.490&nbsp;kr.\" \/>\n\t<meta name=\"twitter:label2\" content=\"Availability\" \/>\n\t<meta name=\"twitter:data2\" content=\"Out of stock\" \/>\n<script type=\"application\/ld+json\" class=\"yoast-schema-graph\">{\"@context\":\"https:\\\/\\\/schema.org\",\"@graph\":[{\"@type\":\"WebPage\",\"@id\":\"https:\\\/\\\/vorulagerinn.is\\\/product\\\/bord-og-ferdahledslustandur-samanbrjotanlegur-med-2x-usb-c-fyrir-farsima-og-heyrnartol-2-usb-a-tengi-fyrir-onnur-taeki\\\/\",\"url\":\"https:\\\/\\\/vorulagerinn.is\\\/product\\\/bord-og-ferdahledslustandur-samanbrjotanlegur-med-2x-usb-c-fyrir-farsima-og-heyrnartol-2-usb-a-tengi-fyrir-onnur-taeki\\\/\",\"name\":\"Bor\u00f0- og fer\u00f0ahle\u00f0slustandur (samanbrj\u00f3tanlegur) me\u00f0 4x USB\",\"isPartOf\":{\"@id\":\"https:\\\/\\\/vorulagerinn.is\\\/#website\"},\"primaryImageOfPage\":{\"@id\":\"https:\\\/\\\/vorulagerinn.is\\\/product\\\/bord-og-ferdahledslustandur-samanbrjotanlegur-med-2x-usb-c-fyrir-farsima-og-heyrnartol-2-usb-a-tengi-fyrir-onnur-taeki\\\/#primaryimage\"},\"image\":{\"@id\":\"https:\\\/\\\/vorulagerinn.is\\\/product\\\/bord-og-ferdahledslustandur-samanbrjotanlegur-med-2x-usb-c-fyrir-farsima-og-heyrnartol-2-usb-a-tengi-fyrir-onnur-taeki\\\/#primaryimage\"},\"thumbnailUrl\":\"https:\\\/\\\/vorulagerinn.is\\\/wp-content\\\/uploads\\\/2024\\\/07\\\/Ferdahledslustandur.jpg\",\"datePublished\":\"2024-08-01T21:57:10+00:00\",\"dateModified\":\"2025-09-18T13:45:51+00:00\",\"description\":\"Name JOYROOM Portable Desktop Mobile Phone Wireless Charger Station 4 in 1 Folding Magnetic Foldable 15w Wireless Charger Output USB-A Output: 5W Phone\",\"breadcrumb\":{\"@id\":\"https:\\\/\\\/vorulagerinn.is\\\/product\\\/bord-og-ferdahledslustandur-samanbrjotanlegur-med-2x-usb-c-fyrir-farsima-og-heyrnartol-2-usb-a-tengi-fyrir-onnur-taeki\\\/#breadcrumb\"},\"inLanguage\":\"en-US\",\"potentialAction\":[{\"@type\":\"ReadAction\",\"target\":[\"https:\\\/\\\/vorulagerinn.is\\\/product\\\/bord-og-ferdahledslustandur-samanbrjotanlegur-med-2x-usb-c-fyrir-farsima-og-heyrnartol-2-usb-a-tengi-fyrir-onnur-taeki\\\/\"]}]},{\"@type\":\"ImageObject\",\"inLanguage\":\"en-US\",\"@id\":\"https:\\\/\\\/vorulagerinn.is\\\/product\\\/bord-og-ferdahledslustandur-samanbrjotanlegur-med-2x-usb-c-fyrir-farsima-og-heyrnartol-2-usb-a-tengi-fyrir-onnur-taeki\\\/#primaryimage\",\"url\":\"https:\\\/\\\/vorulagerinn.is\\\/wp-content\\\/uploads\\\/2024\\\/07\\\/Ferdahledslustandur.jpg\",\"contentUrl\":\"https:\\\/\\\/vorulagerinn.is\\\/wp-content\\\/uploads\\\/2024\\\/07\\\/Ferdahledslustandur.jpg\",\"width\":600,\"height\":600},{\"@type\":\"BreadcrumbList\",\"@id\":\"https:\\\/\\\/vorulagerinn.is\\\/product\\\/bord-og-ferdahledslustandur-samanbrjotanlegur-med-2x-usb-c-fyrir-farsima-og-heyrnartol-2-usb-a-tengi-fyrir-onnur-taeki\\\/#breadcrumb\",\"itemListElement\":[{\"@type\":\"ListItem\",\"position\":1,\"name\":\"Home\",\"item\":\"https:\\\/\\\/vorulagerinn.is\\\/\"},{\"@type\":\"ListItem\",\"position\":2,\"name\":\"Shop\",\"item\":\"https:\\\/\\\/vorulagerinn.is\\\/en\\\/shop\\\/\"},{\"@type\":\"ListItem\",\"position\":3,\"name\":\"Bor\u00f0- og fer\u00f0ahle\u00f0slustandur (samanbrj\u00f3tanlegur) me\u00f0 2x USB-C fyrir fars\u00edma og heyrnart\u00f3l, 2 USB-A\"}]},{\"@type\":\"WebSite\",\"@id\":\"https:\\\/\\\/vorulagerinn.is\\\/#website\",\"url\":\"https:\\\/\\\/vorulagerinn.is\\\/\",\"name\":\"V\u00f6rulagerinn\",\"description\":\"L\u00e1ttu \u00fea\u00f0 eftir \u00fe\u00e9r\",\"publisher\":{\"@id\":\"https:\\\/\\\/vorulagerinn.is\\\/#organization\"},\"potentialAction\":[{\"@type\":\"SearchAction\",\"target\":{\"@type\":\"EntryPoint\",\"urlTemplate\":\"https:\\\/\\\/vorulagerinn.is\\\/?s={search_term_string}\"},\"query-input\":{\"@type\":\"PropertyValueSpecification\",\"valueRequired\":true,\"valueName\":\"search_term_string\"}}],\"inLanguage\":\"en-US\"},{\"@type\":\"Organization\",\"@id\":\"https:\\\/\\\/vorulagerinn.is\\\/#organization\",\"name\":\"V\u00f6rulagerinn\",\"url\":\"https:\\\/\\\/vorulagerinn.is\\\/\",\"logo\":{\"@type\":\"ImageObject\",\"inLanguage\":\"en-US\",\"@id\":\"https:\\\/\\\/vorulagerinn.is\\\/#\\\/schema\\\/logo\\\/image\\\/\",\"url\":\"https:\\\/\\\/vorulagerinn.is\\\/wp-content\\\/uploads\\\/2022\\\/09\\\/Vorulagerinn-Logo-588x160-1.png\",\"contentUrl\":\"https:\\\/\\\/vorulagerinn.is\\\/wp-content\\\/uploads\\\/2022\\\/09\\\/Vorulagerinn-Logo-588x160-1.png\",\"width\":588,\"height\":160,\"caption\":\"V\u00f6rulagerinn\"},\"image\":{\"@id\":\"https:\\\/\\\/vorulagerinn.is\\\/#\\\/schema\\\/logo\\\/image\\\/\"},\"sameAs\":[\"https:\\\/\\\/www.facebook.com\\\/vorulagerinn\",\"https:\\\/\\\/www.instagram.com\\\/vorulagerinn\\\/\"]}]}<\/script>\n<meta property=\"product:price:amount\" content=\"9490\" \/>\n<meta property=\"product:price:currency\" content=\"ISK\" \/>\n<meta property=\"og:availability\" content=\"out of stock\" \/>\n<meta property=\"product:availability\" content=\"out of stock\" \/>\n<meta property=\"product:retailer_item_id\" content=\"JR-WQS01\" \/>\n<meta property=\"product:condition\" content=\"new\" \/>\n<!-- \/ Yoast SEO Premium plugin. -->","yoast_head_json":{"title":"Bor\u00f0- og fer\u00f0ahle\u00f0slustandur (samanbrj\u00f3tanlegur) me\u00f0 4x USB","description":"Name JOYROOM Portable Desktop Mobile Phone Wireless Charger Station 4 in 1 Folding Magnetic Foldable 15w Wireless Charger Output USB-A Output: 5W Phone","robots":{"index":"index","follow":"follow","max-snippet":"max-snippet:-1","max-image-preview":"max-image-preview:large","max-video-preview":"max-video-preview:-1"},"canonical":"https:\/\/vorulagerinn.is\/product\/bord-og-ferdahledslustandur-samanbrjotanlegur-med-2x-usb-c-fyrir-farsima-og-heyrnartol-2-usb-a-tengi-fyrir-onnur-taeki\/","og_locale":"en_US","og_type":"article","og_title":"Bor\u00f0- og fer\u00f0ahle\u00f0slustandur (samanbrj\u00f3tanlegur) me\u00f0 2x USB-C fyrir fars\u00edma og heyrnart\u00f3l, 2 USB-A","og_description":"Name JOYROOM Portable Desktop Mobile Phone Wireless Charger Station 4 in 1 Folding Magnetic Foldable 15w Wireless Charger Output USB-A Output: 5W Phone","og_url":"https:\/\/vorulagerinn.is\/product\/bord-og-ferdahledslustandur-samanbrjotanlegur-med-2x-usb-c-fyrir-farsima-og-heyrnartol-2-usb-a-tengi-fyrir-onnur-taeki\/","og_site_name":"V&ouml;rulagerinn","article_publisher":"https:\/\/www.facebook.com\/vorulagerinn","article_modified_time":"2025-09-18T13:45:51+00:00","og_image":[{"width":600,"height":600,"url":"https:\/\/vorulagerinn.is\/wp-content\/uploads\/2024\/07\/Ferdahledslustandur.jpg","type":"image\/jpeg"}],"twitter_card":"summary_large_image","twitter_misc":{"Price":"9.490&nbsp;kr.","Availability":"Out of stock"},"schema":{"@context":"https:\/\/schema.org","@graph":[{"@type":"WebPage","@id":"https:\/\/vorulagerinn.is\/product\/bord-og-ferdahledslustandur-samanbrjotanlegur-med-2x-usb-c-fyrir-farsima-og-heyrnartol-2-usb-a-tengi-fyrir-onnur-taeki\/","url":"https:\/\/vorulagerinn.is\/product\/bord-og-ferdahledslustandur-samanbrjotanlegur-med-2x-usb-c-fyrir-farsima-og-heyrnartol-2-usb-a-tengi-fyrir-onnur-taeki\/","name":"Bor\u00f0- og fer\u00f0ahle\u00f0slustandur (samanbrj\u00f3tanlegur) me\u00f0 4x USB","isPartOf":{"@id":"https:\/\/vorulagerinn.is\/#website"},"primaryImageOfPage":{"@id":"https:\/\/vorulagerinn.is\/product\/bord-og-ferdahledslustandur-samanbrjotanlegur-med-2x-usb-c-fyrir-farsima-og-heyrnartol-2-usb-a-tengi-fyrir-onnur-taeki\/#primaryimage"},"image":{"@id":"https:\/\/vorulagerinn.is\/product\/bord-og-ferdahledslustandur-samanbrjotanlegur-med-2x-usb-c-fyrir-farsima-og-heyrnartol-2-usb-a-tengi-fyrir-onnur-taeki\/#primaryimage"},"thumbnailUrl":"https:\/\/vorulagerinn.is\/wp-content\/uploads\/2024\/07\/Ferdahledslustandur.jpg","datePublished":"2024-08-01T21:57:10+00:00","dateModified":"2025-09-18T13:45:51+00:00","description":"Name JOYROOM Portable Desktop Mobile Phone Wireless Charger Station 4 in 1 Folding Magnetic Foldable 15w Wireless Charger Output USB-A Output: 5W Phone","breadcrumb":{"@id":"https:\/\/vorulagerinn.is\/product\/bord-og-ferdahledslustandur-samanbrjotanlegur-med-2x-usb-c-fyrir-farsima-og-heyrnartol-2-usb-a-tengi-fyrir-onnur-taeki\/#breadcrumb"},"inLanguage":"en-US","potentialAction":[{"@type":"ReadAction","target":["https:\/\/vorulagerinn.is\/product\/bord-og-ferdahledslustandur-samanbrjotanlegur-med-2x-usb-c-fyrir-farsima-og-heyrnartol-2-usb-a-tengi-fyrir-onnur-taeki\/"]}]},{"@type":"ImageObject","inLanguage":"en-US","@id":"https:\/\/vorulagerinn.is\/product\/bord-og-ferdahledslustandur-samanbrjotanlegur-med-2x-usb-c-fyrir-farsima-og-heyrnartol-2-usb-a-tengi-fyrir-onnur-taeki\/#primaryimage","url":"https:\/\/vorulagerinn.is\/wp-content\/uploads\/2024\/07\/Ferdahledslustandur.jpg","contentUrl":"https:\/\/vorulagerinn.is\/wp-content\/uploads\/2024\/07\/Ferdahledslustandur.jpg","width":600,"height":600},{"@type":"BreadcrumbList","@id":"https:\/\/vorulagerinn.is\/product\/bord-og-ferdahledslustandur-samanbrjotanlegur-med-2x-usb-c-fyrir-farsima-og-heyrnartol-2-usb-a-tengi-fyrir-onnur-taeki\/#breadcrumb","itemListElement":[{"@type":"ListItem","position":1,"name":"Home","item":"https:\/\/vorulagerinn.is\/"},{"@type":"ListItem","position":2,"name":"Shop","item":"https:\/\/vorulagerinn.is\/en\/shop\/"},{"@type":"ListItem","position":3,"name":"Bor\u00f0- og fer\u00f0ahle\u00f0slustandur (samanbrj\u00f3tanlegur) me\u00f0 2x USB-C fyrir fars\u00edma og heyrnart\u00f3l, 2 USB-A"}]},{"@type":"WebSite","@id":"https:\/\/vorulagerinn.is\/#website","url":"https:\/\/vorulagerinn.is\/","name":"V\u00f6rulagerinn","description":"L\u00e1ttu \u00fea\u00f0 eftir \u00fe\u00e9r","publisher":{"@id":"https:\/\/vorulagerinn.is\/#organization"},"potentialAction":[{"@type":"SearchAction","target":{"@type":"EntryPoint","urlTemplate":"https:\/\/vorulagerinn.is\/?s={search_term_string}"},"query-input":{"@type":"PropertyValueSpecification","valueRequired":true,"valueName":"search_term_string"}}],"inLanguage":"en-US"},{"@type":"Organization","@id":"https:\/\/vorulagerinn.is\/#organization","name":"V\u00f6rulagerinn","url":"https:\/\/vorulagerinn.is\/","logo":{"@type":"ImageObject","inLanguage":"en-US","@id":"https:\/\/vorulagerinn.is\/#\/schema\/logo\/image\/","url":"https:\/\/vorulagerinn.is\/wp-content\/uploads\/2022\/09\/Vorulagerinn-Logo-588x160-1.png","contentUrl":"https:\/\/vorulagerinn.is\/wp-content\/uploads\/2022\/09\/Vorulagerinn-Logo-588x160-1.png","width":588,"height":160,"caption":"V\u00f6rulagerinn"},"image":{"@id":"https:\/\/vorulagerinn.is\/#\/schema\/logo\/image\/"},"sameAs":["https:\/\/www.facebook.com\/vorulagerinn","https:\/\/www.instagram.com\/vorulagerinn\/"]}]},"product_price_amount":"9490","product_price_currency":"ISK","og_availability":"out of stock","product_availability":"out of stock","product_retailer_item_id":"JR-WQS01","product_condition":"new"},"_links":{"self":[{"href":"https:\/\/vorulagerinn.is\/en\/wp-json\/wp\/v2\/product\/22953","targetHints":{"allow":["GET"]}}],"collection":[{"href":"https:\/\/vorulagerinn.is\/en\/wp-json\/wp\/v2\/product"}],"about":[{"href":"https:\/\/vorulagerinn.is\/en\/wp-json\/wp\/v2\/types\/product"}],"wp:featuredmedia":[{"embeddable":true,"href":"https:\/\/vorulagerinn.is\/en\/wp-json\/wp\/v2\/media\/22960"}],"wp:attachment":[{"href":"https:\/\/vorulagerinn.is\/en\/wp-json\/wp\/v2\/media?parent=22953"}],"wp:term":[{"taxonomy":"product_brand","embeddable":true,"href":"https:\/\/vorulagerinn.is\/en\/wp-json\/wp\/v2\/product_brand?post=22953"},{"taxonomy":"product_cat","embeddable":true,"href":"https:\/\/vorulagerinn.is\/en\/wp-json\/wp\/v2\/product_cat?post=22953"},{"taxonomy":"product_tag","embeddable":true,"href":"https:\/\/vorulagerinn.is\/en\/wp-json\/wp\/v2\/product_tag?post=22953"}],"curies":[{"name":"wp","href":"https:\/\/api.w.org\/{rel}","templated":true}]}}