{"id":23306,"date":"2024-08-01T22:12:43","date_gmt":"2024-08-01T22:12:43","guid":{"rendered":"https:\/\/vorulagerinn.is\/?post_type=product&#038;p=23306"},"modified":"2026-02-15T19:43:27","modified_gmt":"2026-02-15T19:43:27","slug":"2-in-1-thradlaus-hradhledslustod-15w-fyrir-iphone-iwatch-og-airpods","status":"publish","type":"product","link":"https:\/\/vorulagerinn.is\/en\/product\/2-in-1-thradlaus-hradhledslustod-15w-fyrir-iphone-iwatch-og-airpods\/","title":{"rendered":"2 in 1 \u00fer\u00e1\u00f0laus hra\u00f0hle\u00f0slust\u00f6\u00f0 (15W) fyrir iPhone, iWatch og AirPods"},"content":{"rendered":"","protected":false},"excerpt":{"rendered":"<p>\u00der\u00e1\u00f0lausa hra\u00f0hle\u00f0slust\u00f6\u00f0in (15W) er samanbrj\u00f3tanleg og \u00fev\u00ed au\u00f0velt a\u00f0 taka me\u00f0 \u00ed fer\u00f0alagi\u00f0. \u00dea\u00f0 er h\u00e6gt a\u00f0 hla\u00f0a snjalls\u00edmann, snjall\u00fari\u00f0 og heyrnat\u00f3lin.<\/p>\n<p>&#8211; Litur: Svartur<br \/>\n&#8211; 69,4 x 7 x 12,16 cm<br \/>\n&#8211; \u00deyngd: 122g<br \/>\n&#8211; 15W hra\u00f0hle\u00f0sla<br \/>\n&#8211; Inn: 5V=3A 9V=3A 12V=2A<br \/>\n&#8211; \u00dat (s\u00edmar): 5W\/7.5W\/10W\/15W<br \/>\n&#8211; \u00dat (\u00far) 2,5W<br \/>\n&#8211; H\u00e6gt a\u00f0 hla\u00f0a iPhone, iWatch og AirPods<br \/>\n&#8211; Hle\u00f0slusn\u00fara: USB-C \u00ed USB-c tengi<br \/>\n&#8211; Framlei\u00f0andi: Joyroom<br \/>\n&#8211; Vottun: CE, RHOS, FCC og UKCA<\/p>\n","protected":false},"featured_media":26606,"template":"","meta":[],"product_brand":[420],"product_cat":[461],"product_tag":[],"class_list":{"0":"post-23306","1":"product","2":"type-product","3":"status-publish","4":"has-post-thumbnail","6":"product_brand-joyroom","7":"product_cat-hledslustandar","9":"first","10":"instock","11":"sale","12":"taxable","13":"shipping-taxable","14":"purchasable","15":"product-type-simple"},"supplier_id":null,"supplier_sku":"","barcode":null,"atum_controlled":true,"out_stock_date":null,"out_stock_threshold":null,"inheritable":false,"inbound_stock":null,"stock_on_hold":0,"sold_today":0,"sales_last_days":0,"reserved_stock":null,"customer_returns":null,"warehouse_damage":null,"lost_in_post":null,"other_logs":null,"out_stock_days":0,"lost_sales":0,"has_location":false,"update_date":"2026-04-19T00:22:51","atum_locations":[],"atum_stock_status":"instock","restock_status":false,"low_stock_amount":"","sales_update_date":"2026-04-19T00:22:51","calc_backorders":null,"yoast_head":"<!-- This site is optimized with the Yoast SEO Premium plugin v26.6 (Yoast SEO v27.3) - https:\/\/yoast.com\/product\/yoast-seo-premium-wordpress\/ -->\n<title>2 in 1 \u00fer\u00e1\u00f0laus hra\u00f0hle\u00f0slust\u00f6\u00f0 (15W) fyrir iPhone, iWatch og AirPods<\/title>\n<meta name=\"description\" content=\"\u00der\u00e1\u00f0lausa hra\u00f0hle\u00f0slust\u00f6\u00f0in (15W) er samanbrj\u00f3tanleg og \u00fev\u00ed au\u00f0velt a\u00f0 taka me\u00f0 \u00ed fer\u00f0alagi\u00f0. \u00dea\u00f0 er h\u00e6gt a\u00f0 hla\u00f0a snjalls\u00edmann, snjall\u00fari\u00f0 og heyrnat\u00f3lin.\" \/>\n<meta name=\"robots\" content=\"index, follow, max-snippet:-1, max-image-preview:large, max-video-preview:-1\" \/>\n<link rel=\"canonical\" href=\"https:\/\/vorulagerinn.is\/product\/2-in-1-thradlaus-hradhledslustod-15w-fyrir-iphone-iwatch-og-airpods\/\" \/>\n<meta property=\"og:locale\" content=\"en_US\" \/>\n<meta property=\"og:type\" content=\"article\" \/>\n<meta property=\"og:title\" content=\"2 in 1 \u00fer\u00e1\u00f0laus hra\u00f0hle\u00f0slust\u00f6\u00f0 (15W) fyrir iPhone, iWatch og AirPods\" \/>\n<meta property=\"og:description\" content=\"\u00der\u00e1\u00f0lausa hra\u00f0hle\u00f0slust\u00f6\u00f0in (15W) er samanbrj\u00f3tanleg og \u00fev\u00ed au\u00f0velt a\u00f0 taka me\u00f0 \u00ed fer\u00f0alagi\u00f0. \u00dea\u00f0 er h\u00e6gt a\u00f0 hla\u00f0a snjalls\u00edmann, snjall\u00fari\u00f0 og heyrnat\u00f3lin.\" \/>\n<meta property=\"og:url\" content=\"https:\/\/vorulagerinn.is\/product\/2-in-1-thradlaus-hradhledslustod-15w-fyrir-iphone-iwatch-og-airpods\/\" \/>\n<meta property=\"og:site_name\" content=\"V&ouml;rulagerinn\" \/>\n<meta property=\"article:publisher\" content=\"https:\/\/www.facebook.com\/vorulagerinn\" \/>\n<meta property=\"article:modified_time\" content=\"2026-02-15T19:43:27+00:00\" \/>\n<meta property=\"og:image\" content=\"https:\/\/vorulagerinn.is\/wp-content\/uploads\/2024\/08\/JR-WQN05-2-in-1-thradlaus-hradhledslustod-15W-fyrir-Apple.jpg\" \/>\n\t<meta property=\"og:image:width\" content=\"600\" \/>\n\t<meta property=\"og:image:height\" content=\"600\" \/>\n\t<meta property=\"og:image:type\" content=\"image\/jpeg\" \/>\n<meta name=\"twitter:card\" content=\"summary_large_image\" \/>\n<meta name=\"twitter:label1\" content=\"Price\" \/>\n\t<meta name=\"twitter:data1\" content=\"6.230&nbsp;kr.\" \/>\n\t<meta name=\"twitter:label2\" content=\"Availability\" \/>\n\t<meta name=\"twitter:data2\" content=\"In stock\" \/>\n<script type=\"application\/ld+json\" class=\"yoast-schema-graph\">{\"@context\":\"https:\\\/\\\/schema.org\",\"@graph\":[{\"@type\":\"WebPage\",\"@id\":\"https:\\\/\\\/vorulagerinn.is\\\/product\\\/2-in-1-thradlaus-hradhledslustod-15w-fyrir-iphone-iwatch-og-airpods\\\/\",\"url\":\"https:\\\/\\\/vorulagerinn.is\\\/product\\\/2-in-1-thradlaus-hradhledslustod-15w-fyrir-iphone-iwatch-og-airpods\\\/\",\"name\":\"2 in 1 \u00fer\u00e1\u00f0laus hra\u00f0hle\u00f0slust\u00f6\u00f0 (15W) fyrir iPhone, iWatch og AirPods\",\"isPartOf\":{\"@id\":\"https:\\\/\\\/vorulagerinn.is\\\/#website\"},\"primaryImageOfPage\":{\"@id\":\"https:\\\/\\\/vorulagerinn.is\\\/product\\\/2-in-1-thradlaus-hradhledslustod-15w-fyrir-iphone-iwatch-og-airpods\\\/#primaryimage\"},\"image\":{\"@id\":\"https:\\\/\\\/vorulagerinn.is\\\/product\\\/2-in-1-thradlaus-hradhledslustod-15w-fyrir-iphone-iwatch-og-airpods\\\/#primaryimage\"},\"thumbnailUrl\":\"https:\\\/\\\/vorulagerinn.is\\\/wp-content\\\/uploads\\\/2024\\\/08\\\/JR-WQN05-2-in-1-thradlaus-hradhledslustod-15W-fyrir-Apple.jpg\",\"datePublished\":\"2024-08-01T22:12:43+00:00\",\"dateModified\":\"2026-02-15T19:43:27+00:00\",\"description\":\"\u00der\u00e1\u00f0lausa hra\u00f0hle\u00f0slust\u00f6\u00f0in (15W) er samanbrj\u00f3tanleg og \u00fev\u00ed au\u00f0velt a\u00f0 taka me\u00f0 \u00ed fer\u00f0alagi\u00f0. \u00dea\u00f0 er h\u00e6gt a\u00f0 hla\u00f0a snjalls\u00edmann, snjall\u00fari\u00f0 og heyrnat\u00f3lin.\",\"breadcrumb\":{\"@id\":\"https:\\\/\\\/vorulagerinn.is\\\/product\\\/2-in-1-thradlaus-hradhledslustod-15w-fyrir-iphone-iwatch-og-airpods\\\/#breadcrumb\"},\"inLanguage\":\"en-US\",\"potentialAction\":[{\"@type\":\"ReadAction\",\"target\":[\"https:\\\/\\\/vorulagerinn.is\\\/product\\\/2-in-1-thradlaus-hradhledslustod-15w-fyrir-iphone-iwatch-og-airpods\\\/\"]}]},{\"@type\":\"ImageObject\",\"inLanguage\":\"en-US\",\"@id\":\"https:\\\/\\\/vorulagerinn.is\\\/product\\\/2-in-1-thradlaus-hradhledslustod-15w-fyrir-iphone-iwatch-og-airpods\\\/#primaryimage\",\"url\":\"https:\\\/\\\/vorulagerinn.is\\\/wp-content\\\/uploads\\\/2024\\\/08\\\/JR-WQN05-2-in-1-thradlaus-hradhledslustod-15W-fyrir-Apple.jpg\",\"contentUrl\":\"https:\\\/\\\/vorulagerinn.is\\\/wp-content\\\/uploads\\\/2024\\\/08\\\/JR-WQN05-2-in-1-thradlaus-hradhledslustod-15W-fyrir-Apple.jpg\",\"width\":600,\"height\":600},{\"@type\":\"BreadcrumbList\",\"@id\":\"https:\\\/\\\/vorulagerinn.is\\\/product\\\/2-in-1-thradlaus-hradhledslustod-15w-fyrir-iphone-iwatch-og-airpods\\\/#breadcrumb\",\"itemListElement\":[{\"@type\":\"ListItem\",\"position\":1,\"name\":\"Home\",\"item\":\"https:\\\/\\\/vorulagerinn.is\\\/\"},{\"@type\":\"ListItem\",\"position\":2,\"name\":\"Shop\",\"item\":\"https:\\\/\\\/vorulagerinn.is\\\/en\\\/shop\\\/\"},{\"@type\":\"ListItem\",\"position\":3,\"name\":\"2 in 1 \u00fer\u00e1\u00f0laus hra\u00f0hle\u00f0slust\u00f6\u00f0 (15W) fyrir iPhone, iWatch og AirPods\"}]},{\"@type\":\"WebSite\",\"@id\":\"https:\\\/\\\/vorulagerinn.is\\\/#website\",\"url\":\"https:\\\/\\\/vorulagerinn.is\\\/\",\"name\":\"V\u00f6rulagerinn\",\"description\":\"L\u00e1ttu \u00fea\u00f0 eftir \u00fe\u00e9r\",\"publisher\":{\"@id\":\"https:\\\/\\\/vorulagerinn.is\\\/#organization\"},\"potentialAction\":[{\"@type\":\"SearchAction\",\"target\":{\"@type\":\"EntryPoint\",\"urlTemplate\":\"https:\\\/\\\/vorulagerinn.is\\\/?s={search_term_string}\"},\"query-input\":{\"@type\":\"PropertyValueSpecification\",\"valueRequired\":true,\"valueName\":\"search_term_string\"}}],\"inLanguage\":\"en-US\"},{\"@type\":\"Organization\",\"@id\":\"https:\\\/\\\/vorulagerinn.is\\\/#organization\",\"name\":\"V\u00f6rulagerinn\",\"url\":\"https:\\\/\\\/vorulagerinn.is\\\/\",\"logo\":{\"@type\":\"ImageObject\",\"inLanguage\":\"en-US\",\"@id\":\"https:\\\/\\\/vorulagerinn.is\\\/#\\\/schema\\\/logo\\\/image\\\/\",\"url\":\"https:\\\/\\\/vorulagerinn.is\\\/wp-content\\\/uploads\\\/2022\\\/09\\\/Vorulagerinn-Logo-588x160-1.png\",\"contentUrl\":\"https:\\\/\\\/vorulagerinn.is\\\/wp-content\\\/uploads\\\/2022\\\/09\\\/Vorulagerinn-Logo-588x160-1.png\",\"width\":588,\"height\":160,\"caption\":\"V\u00f6rulagerinn\"},\"image\":{\"@id\":\"https:\\\/\\\/vorulagerinn.is\\\/#\\\/schema\\\/logo\\\/image\\\/\"},\"sameAs\":[\"https:\\\/\\\/www.facebook.com\\\/vorulagerinn\",\"https:\\\/\\\/www.instagram.com\\\/vorulagerinn\\\/\"]}]}<\/script>\n<meta property=\"product:price:amount\" content=\"6230\" \/>\n<meta property=\"product:price:currency\" content=\"ISK\" \/>\n<meta property=\"og:availability\" content=\"instock\" \/>\n<meta property=\"product:availability\" content=\"instock\" \/>\n<meta property=\"product:retailer_item_id\" content=\"JR-WQN05\" \/>\n<meta property=\"product:condition\" content=\"new\" \/>\n<!-- \/ Yoast SEO Premium plugin. -->","yoast_head_json":{"title":"2 in 1 \u00fer\u00e1\u00f0laus hra\u00f0hle\u00f0slust\u00f6\u00f0 (15W) fyrir iPhone, iWatch og AirPods","description":"\u00der\u00e1\u00f0lausa hra\u00f0hle\u00f0slust\u00f6\u00f0in (15W) er samanbrj\u00f3tanleg og \u00fev\u00ed au\u00f0velt a\u00f0 taka me\u00f0 \u00ed fer\u00f0alagi\u00f0. \u00dea\u00f0 er h\u00e6gt a\u00f0 hla\u00f0a snjalls\u00edmann, snjall\u00fari\u00f0 og heyrnat\u00f3lin.","robots":{"index":"index","follow":"follow","max-snippet":"max-snippet:-1","max-image-preview":"max-image-preview:large","max-video-preview":"max-video-preview:-1"},"canonical":"https:\/\/vorulagerinn.is\/product\/2-in-1-thradlaus-hradhledslustod-15w-fyrir-iphone-iwatch-og-airpods\/","og_locale":"en_US","og_type":"article","og_title":"2 in 1 \u00fer\u00e1\u00f0laus hra\u00f0hle\u00f0slust\u00f6\u00f0 (15W) fyrir iPhone, iWatch og AirPods","og_description":"\u00der\u00e1\u00f0lausa hra\u00f0hle\u00f0slust\u00f6\u00f0in (15W) er samanbrj\u00f3tanleg og \u00fev\u00ed au\u00f0velt a\u00f0 taka me\u00f0 \u00ed fer\u00f0alagi\u00f0. \u00dea\u00f0 er h\u00e6gt a\u00f0 hla\u00f0a snjalls\u00edmann, snjall\u00fari\u00f0 og heyrnat\u00f3lin.","og_url":"https:\/\/vorulagerinn.is\/product\/2-in-1-thradlaus-hradhledslustod-15w-fyrir-iphone-iwatch-og-airpods\/","og_site_name":"V&ouml;rulagerinn","article_publisher":"https:\/\/www.facebook.com\/vorulagerinn","article_modified_time":"2026-02-15T19:43:27+00:00","og_image":[{"width":600,"height":600,"url":"https:\/\/vorulagerinn.is\/wp-content\/uploads\/2024\/08\/JR-WQN05-2-in-1-thradlaus-hradhledslustod-15W-fyrir-Apple.jpg","type":"image\/jpeg"}],"twitter_card":"summary_large_image","twitter_misc":{"Price":"6.230&nbsp;kr.","Availability":"In stock"},"schema":{"@context":"https:\/\/schema.org","@graph":[{"@type":"WebPage","@id":"https:\/\/vorulagerinn.is\/product\/2-in-1-thradlaus-hradhledslustod-15w-fyrir-iphone-iwatch-og-airpods\/","url":"https:\/\/vorulagerinn.is\/product\/2-in-1-thradlaus-hradhledslustod-15w-fyrir-iphone-iwatch-og-airpods\/","name":"2 in 1 \u00fer\u00e1\u00f0laus hra\u00f0hle\u00f0slust\u00f6\u00f0 (15W) fyrir iPhone, iWatch og AirPods","isPartOf":{"@id":"https:\/\/vorulagerinn.is\/#website"},"primaryImageOfPage":{"@id":"https:\/\/vorulagerinn.is\/product\/2-in-1-thradlaus-hradhledslustod-15w-fyrir-iphone-iwatch-og-airpods\/#primaryimage"},"image":{"@id":"https:\/\/vorulagerinn.is\/product\/2-in-1-thradlaus-hradhledslustod-15w-fyrir-iphone-iwatch-og-airpods\/#primaryimage"},"thumbnailUrl":"https:\/\/vorulagerinn.is\/wp-content\/uploads\/2024\/08\/JR-WQN05-2-in-1-thradlaus-hradhledslustod-15W-fyrir-Apple.jpg","datePublished":"2024-08-01T22:12:43+00:00","dateModified":"2026-02-15T19:43:27+00:00","description":"\u00der\u00e1\u00f0lausa hra\u00f0hle\u00f0slust\u00f6\u00f0in (15W) er samanbrj\u00f3tanleg og \u00fev\u00ed au\u00f0velt a\u00f0 taka me\u00f0 \u00ed fer\u00f0alagi\u00f0. \u00dea\u00f0 er h\u00e6gt a\u00f0 hla\u00f0a snjalls\u00edmann, snjall\u00fari\u00f0 og heyrnat\u00f3lin.","breadcrumb":{"@id":"https:\/\/vorulagerinn.is\/product\/2-in-1-thradlaus-hradhledslustod-15w-fyrir-iphone-iwatch-og-airpods\/#breadcrumb"},"inLanguage":"en-US","potentialAction":[{"@type":"ReadAction","target":["https:\/\/vorulagerinn.is\/product\/2-in-1-thradlaus-hradhledslustod-15w-fyrir-iphone-iwatch-og-airpods\/"]}]},{"@type":"ImageObject","inLanguage":"en-US","@id":"https:\/\/vorulagerinn.is\/product\/2-in-1-thradlaus-hradhledslustod-15w-fyrir-iphone-iwatch-og-airpods\/#primaryimage","url":"https:\/\/vorulagerinn.is\/wp-content\/uploads\/2024\/08\/JR-WQN05-2-in-1-thradlaus-hradhledslustod-15W-fyrir-Apple.jpg","contentUrl":"https:\/\/vorulagerinn.is\/wp-content\/uploads\/2024\/08\/JR-WQN05-2-in-1-thradlaus-hradhledslustod-15W-fyrir-Apple.jpg","width":600,"height":600},{"@type":"BreadcrumbList","@id":"https:\/\/vorulagerinn.is\/product\/2-in-1-thradlaus-hradhledslustod-15w-fyrir-iphone-iwatch-og-airpods\/#breadcrumb","itemListElement":[{"@type":"ListItem","position":1,"name":"Home","item":"https:\/\/vorulagerinn.is\/"},{"@type":"ListItem","position":2,"name":"Shop","item":"https:\/\/vorulagerinn.is\/en\/shop\/"},{"@type":"ListItem","position":3,"name":"2 in 1 \u00fer\u00e1\u00f0laus hra\u00f0hle\u00f0slust\u00f6\u00f0 (15W) fyrir iPhone, iWatch og AirPods"}]},{"@type":"WebSite","@id":"https:\/\/vorulagerinn.is\/#website","url":"https:\/\/vorulagerinn.is\/","name":"V\u00f6rulagerinn","description":"L\u00e1ttu \u00fea\u00f0 eftir \u00fe\u00e9r","publisher":{"@id":"https:\/\/vorulagerinn.is\/#organization"},"potentialAction":[{"@type":"SearchAction","target":{"@type":"EntryPoint","urlTemplate":"https:\/\/vorulagerinn.is\/?s={search_term_string}"},"query-input":{"@type":"PropertyValueSpecification","valueRequired":true,"valueName":"search_term_string"}}],"inLanguage":"en-US"},{"@type":"Organization","@id":"https:\/\/vorulagerinn.is\/#organization","name":"V\u00f6rulagerinn","url":"https:\/\/vorulagerinn.is\/","logo":{"@type":"ImageObject","inLanguage":"en-US","@id":"https:\/\/vorulagerinn.is\/#\/schema\/logo\/image\/","url":"https:\/\/vorulagerinn.is\/wp-content\/uploads\/2022\/09\/Vorulagerinn-Logo-588x160-1.png","contentUrl":"https:\/\/vorulagerinn.is\/wp-content\/uploads\/2022\/09\/Vorulagerinn-Logo-588x160-1.png","width":588,"height":160,"caption":"V\u00f6rulagerinn"},"image":{"@id":"https:\/\/vorulagerinn.is\/#\/schema\/logo\/image\/"},"sameAs":["https:\/\/www.facebook.com\/vorulagerinn","https:\/\/www.instagram.com\/vorulagerinn\/"]}]},"product_price_amount":"6230","product_price_currency":"ISK","og_availability":"instock","product_availability":"instock","product_retailer_item_id":"JR-WQN05","product_condition":"new"},"_links":{"self":[{"href":"https:\/\/vorulagerinn.is\/en\/wp-json\/wp\/v2\/product\/23306","targetHints":{"allow":["GET"]}}],"collection":[{"href":"https:\/\/vorulagerinn.is\/en\/wp-json\/wp\/v2\/product"}],"about":[{"href":"https:\/\/vorulagerinn.is\/en\/wp-json\/wp\/v2\/types\/product"}],"wp:featuredmedia":[{"embeddable":true,"href":"https:\/\/vorulagerinn.is\/en\/wp-json\/wp\/v2\/media\/26606"}],"wp:attachment":[{"href":"https:\/\/vorulagerinn.is\/en\/wp-json\/wp\/v2\/media?parent=23306"}],"wp:term":[{"taxonomy":"product_brand","embeddable":true,"href":"https:\/\/vorulagerinn.is\/en\/wp-json\/wp\/v2\/product_brand?post=23306"},{"taxonomy":"product_cat","embeddable":true,"href":"https:\/\/vorulagerinn.is\/en\/wp-json\/wp\/v2\/product_cat?post=23306"},{"taxonomy":"product_tag","embeddable":true,"href":"https:\/\/vorulagerinn.is\/en\/wp-json\/wp\/v2\/product_tag?post=23306"}],"curies":[{"name":"wp","href":"https:\/\/api.w.org\/{rel}","templated":true}]}}