{"id":25052,"date":"2024-08-28T16:50:51","date_gmt":"2024-08-28T16:50:51","guid":{"rendered":"https:\/\/vorulagerinn.is\/?post_type=product&#038;p=25052"},"modified":"2026-03-20T14:15:35","modified_gmt":"2026-03-20T14:15:35","slug":"snyrtitaska_med_threfaldri_opnun","status":"publish","type":"product","link":"https:\/\/vorulagerinn.is\/en\/product\/snyrtitaska_med_threfaldri_opnun\/","title":{"rendered":"Snyrtitaska me\u00f0 \u00ferefaldri opnun"},"content":{"rendered":"","protected":false},"excerpt":{"rendered":"<p>Gl\u00e6sileg og r\u00famg\u00f3\u00f0 snyrtitaska me\u00f0 handfangi og vasa a\u00f0 framan. Efst \u00e1 t\u00f6skunni er kr\u00f3kur til a\u00f0 hengja hana \u00e1 hur\u00f0 e\u00f0a snaga sem veitir eiganda s\u00ednum fullt yfirs\u00fdn \u00e1 innihaldi t\u00f6skunnar. \u00cd t\u00f6skunni eru m\u00f6rg h\u00f3lf sem \u00f6ll eru loku\u00f0 me\u00f0 rennil\u00e1s. Snyrtitaskan kemur a\u00f0 g\u00f3\u00f0um notum \u00feegar fari\u00f0 er \u00ed b\u00fasta\u00f0inn, fer\u00f0alagi\u00f0 e\u00f0a til \u00fatlanda.<\/p>\n<p>&#8211; Litur: Svartur<br \/>\n&#8211; St\u00e6r\u00f0: 27x8x18 cm<br \/>\n&#8211; Efni: Oxford Nylon<br \/>\n&#8211; Kr\u00f3kur og haldfang<\/p>\n","protected":false},"featured_media":25053,"template":"","meta":[],"product_brand":[],"product_cat":[463],"product_tag":[],"class_list":{"0":"post-25052","1":"product","2":"type-product","3":"status-publish","4":"has-post-thumbnail","6":"product_cat-outlet","8":"first","9":"instock","10":"sale","11":"taxable","12":"shipping-taxable","13":"purchasable","14":"product-type-simple"},"supplier_id":null,"supplier_sku":"","barcode":null,"atum_controlled":true,"out_stock_date":null,"out_stock_threshold":null,"inheritable":false,"inbound_stock":null,"stock_on_hold":0,"sold_today":0,"sales_last_days":0,"reserved_stock":null,"customer_returns":null,"warehouse_damage":null,"lost_in_post":null,"other_logs":null,"out_stock_days":0,"lost_sales":0,"has_location":false,"update_date":"2026-04-19T00:23:37","atum_locations":[],"atum_stock_status":"instock","restock_status":false,"low_stock_amount":"","sales_update_date":"2026-04-19T00:23:37","calc_backorders":null,"yoast_head":"<!-- This site is optimized with the Yoast SEO Premium plugin v26.6 (Yoast SEO v27.3) - https:\/\/yoast.com\/product\/yoast-seo-premium-wordpress\/ -->\n<title>Snyrtitaska me\u00f0 \u00ferefaldri opnun - V&ouml;rulagerinn<\/title>\n<meta name=\"description\" content=\"Efst \u00e1 t\u00f6skunni er kr\u00f3kur til a\u00f0 hengja hana \u00e1 hur\u00f0 e\u00f0a snaga sem veitir eiganda s\u00ednum fullt yfirs\u00fdn \u00e1 innihaldi t\u00f6skunnar. \u00cd t\u00f6skunni eru m\u00f6rg h\u00f3lf sem \u00f6ll eru loku\u00f0 me\u00f0 rennil\u00e1s.\" \/>\n<meta name=\"robots\" content=\"index, follow, max-snippet:-1, max-image-preview:large, max-video-preview:-1\" \/>\n<link rel=\"canonical\" href=\"https:\/\/vorulagerinn.is\/product\/snyrtitaska_med_threfaldri_opnun\/\" \/>\n<meta property=\"og:locale\" content=\"en_US\" \/>\n<meta property=\"og:type\" content=\"article\" \/>\n<meta property=\"og:title\" content=\"Snyrtitaska me\u00f0 \u00ferefaldri opnun\" \/>\n<meta property=\"og:description\" content=\"Efst \u00e1 t\u00f6skunni er kr\u00f3kur til a\u00f0 hengja hana \u00e1 hur\u00f0 e\u00f0a snaga sem veitir eiganda s\u00ednum fullt yfirs\u00fdn \u00e1 innihaldi t\u00f6skunnar. \u00cd t\u00f6skunni eru m\u00f6rg h\u00f3lf sem \u00f6ll eru loku\u00f0 me\u00f0 rennil\u00e1s.\" \/>\n<meta property=\"og:url\" content=\"https:\/\/vorulagerinn.is\/product\/snyrtitaska_med_threfaldri_opnun\/\" \/>\n<meta property=\"og:site_name\" content=\"V&ouml;rulagerinn\" \/>\n<meta property=\"article:publisher\" content=\"https:\/\/www.facebook.com\/vorulagerinn\" \/>\n<meta property=\"article:modified_time\" content=\"2026-03-20T14:15:35+00:00\" \/>\n<meta property=\"og:image\" content=\"https:\/\/vorulagerinn.is\/wp-content\/uploads\/2024\/09\/Snyrtitaska-med-threfaldri-opnun.jpg\" \/>\n\t<meta property=\"og:image:width\" content=\"600\" \/>\n\t<meta property=\"og:image:height\" content=\"600\" \/>\n\t<meta property=\"og:image:type\" content=\"image\/jpeg\" \/>\n<meta name=\"twitter:card\" content=\"summary_large_image\" \/>\n<meta name=\"twitter:label1\" content=\"Price\" \/>\n\t<meta name=\"twitter:data1\" content=\"2.850&nbsp;kr.\" \/>\n\t<meta name=\"twitter:label2\" content=\"Availability\" \/>\n\t<meta name=\"twitter:data2\" content=\"In stock\" \/>\n<script type=\"application\/ld+json\" class=\"yoast-schema-graph\">{\"@context\":\"https:\\\/\\\/schema.org\",\"@graph\":[{\"@type\":\"WebPage\",\"@id\":\"https:\\\/\\\/vorulagerinn.is\\\/product\\\/snyrtitaska_med_threfaldri_opnun\\\/\",\"url\":\"https:\\\/\\\/vorulagerinn.is\\\/product\\\/snyrtitaska_med_threfaldri_opnun\\\/\",\"name\":\"Snyrtitaska me\u00f0 \u00ferefaldri opnun - V&ouml;rulagerinn\",\"isPartOf\":{\"@id\":\"https:\\\/\\\/vorulagerinn.is\\\/#website\"},\"primaryImageOfPage\":{\"@id\":\"https:\\\/\\\/vorulagerinn.is\\\/product\\\/snyrtitaska_med_threfaldri_opnun\\\/#primaryimage\"},\"image\":{\"@id\":\"https:\\\/\\\/vorulagerinn.is\\\/product\\\/snyrtitaska_med_threfaldri_opnun\\\/#primaryimage\"},\"thumbnailUrl\":\"https:\\\/\\\/vorulagerinn.is\\\/wp-content\\\/uploads\\\/2024\\\/09\\\/Snyrtitaska-med-threfaldri-opnun.jpg\",\"datePublished\":\"2024-08-28T16:50:51+00:00\",\"dateModified\":\"2026-03-20T14:15:35+00:00\",\"description\":\"Efst \u00e1 t\u00f6skunni er kr\u00f3kur til a\u00f0 hengja hana \u00e1 hur\u00f0 e\u00f0a snaga sem veitir eiganda s\u00ednum fullt yfirs\u00fdn \u00e1 innihaldi t\u00f6skunnar. \u00cd t\u00f6skunni eru m\u00f6rg h\u00f3lf sem \u00f6ll eru loku\u00f0 me\u00f0 rennil\u00e1s.\",\"breadcrumb\":{\"@id\":\"https:\\\/\\\/vorulagerinn.is\\\/product\\\/snyrtitaska_med_threfaldri_opnun\\\/#breadcrumb\"},\"inLanguage\":\"en-US\",\"potentialAction\":[{\"@type\":\"ReadAction\",\"target\":[\"https:\\\/\\\/vorulagerinn.is\\\/product\\\/snyrtitaska_med_threfaldri_opnun\\\/\"]}]},{\"@type\":\"ImageObject\",\"inLanguage\":\"en-US\",\"@id\":\"https:\\\/\\\/vorulagerinn.is\\\/product\\\/snyrtitaska_med_threfaldri_opnun\\\/#primaryimage\",\"url\":\"https:\\\/\\\/vorulagerinn.is\\\/wp-content\\\/uploads\\\/2024\\\/09\\\/Snyrtitaska-med-threfaldri-opnun.jpg\",\"contentUrl\":\"https:\\\/\\\/vorulagerinn.is\\\/wp-content\\\/uploads\\\/2024\\\/09\\\/Snyrtitaska-med-threfaldri-opnun.jpg\",\"width\":600,\"height\":600},{\"@type\":\"BreadcrumbList\",\"@id\":\"https:\\\/\\\/vorulagerinn.is\\\/product\\\/snyrtitaska_med_threfaldri_opnun\\\/#breadcrumb\",\"itemListElement\":[{\"@type\":\"ListItem\",\"position\":1,\"name\":\"Home\",\"item\":\"https:\\\/\\\/vorulagerinn.is\\\/\"},{\"@type\":\"ListItem\",\"position\":2,\"name\":\"Shop\",\"item\":\"https:\\\/\\\/vorulagerinn.is\\\/en\\\/shop\\\/\"},{\"@type\":\"ListItem\",\"position\":3,\"name\":\"Snyrtitaska me\u00f0 \u00ferefaldri opnun\"}]},{\"@type\":\"WebSite\",\"@id\":\"https:\\\/\\\/vorulagerinn.is\\\/#website\",\"url\":\"https:\\\/\\\/vorulagerinn.is\\\/\",\"name\":\"V\u00f6rulagerinn\",\"description\":\"L\u00e1ttu \u00fea\u00f0 eftir \u00fe\u00e9r\",\"publisher\":{\"@id\":\"https:\\\/\\\/vorulagerinn.is\\\/#organization\"},\"potentialAction\":[{\"@type\":\"SearchAction\",\"target\":{\"@type\":\"EntryPoint\",\"urlTemplate\":\"https:\\\/\\\/vorulagerinn.is\\\/?s={search_term_string}\"},\"query-input\":{\"@type\":\"PropertyValueSpecification\",\"valueRequired\":true,\"valueName\":\"search_term_string\"}}],\"inLanguage\":\"en-US\"},{\"@type\":\"Organization\",\"@id\":\"https:\\\/\\\/vorulagerinn.is\\\/#organization\",\"name\":\"V\u00f6rulagerinn\",\"url\":\"https:\\\/\\\/vorulagerinn.is\\\/\",\"logo\":{\"@type\":\"ImageObject\",\"inLanguage\":\"en-US\",\"@id\":\"https:\\\/\\\/vorulagerinn.is\\\/#\\\/schema\\\/logo\\\/image\\\/\",\"url\":\"https:\\\/\\\/vorulagerinn.is\\\/wp-content\\\/uploads\\\/2022\\\/09\\\/Vorulagerinn-Logo-588x160-1.png\",\"contentUrl\":\"https:\\\/\\\/vorulagerinn.is\\\/wp-content\\\/uploads\\\/2022\\\/09\\\/Vorulagerinn-Logo-588x160-1.png\",\"width\":588,\"height\":160,\"caption\":\"V\u00f6rulagerinn\"},\"image\":{\"@id\":\"https:\\\/\\\/vorulagerinn.is\\\/#\\\/schema\\\/logo\\\/image\\\/\"},\"sameAs\":[\"https:\\\/\\\/www.facebook.com\\\/vorulagerinn\",\"https:\\\/\\\/www.instagram.com\\\/vorulagerinn\\\/\"]}]}<\/script>\n<meta property=\"product:price:amount\" content=\"2850\" \/>\n<meta property=\"product:price:currency\" content=\"ISK\" \/>\n<meta property=\"og:availability\" content=\"instock\" \/>\n<meta property=\"product:availability\" content=\"instock\" \/>\n<meta property=\"product:retailer_item_id\" content=\"V193-1\" \/>\n<meta property=\"product:condition\" content=\"new\" \/>\n<!-- \/ Yoast SEO Premium plugin. -->","yoast_head_json":{"title":"Snyrtitaska me\u00f0 \u00ferefaldri opnun - V&ouml;rulagerinn","description":"Efst \u00e1 t\u00f6skunni er kr\u00f3kur til a\u00f0 hengja hana \u00e1 hur\u00f0 e\u00f0a snaga sem veitir eiganda s\u00ednum fullt yfirs\u00fdn \u00e1 innihaldi t\u00f6skunnar. \u00cd t\u00f6skunni eru m\u00f6rg h\u00f3lf sem \u00f6ll eru loku\u00f0 me\u00f0 rennil\u00e1s.","robots":{"index":"index","follow":"follow","max-snippet":"max-snippet:-1","max-image-preview":"max-image-preview:large","max-video-preview":"max-video-preview:-1"},"canonical":"https:\/\/vorulagerinn.is\/product\/snyrtitaska_med_threfaldri_opnun\/","og_locale":"en_US","og_type":"article","og_title":"Snyrtitaska me\u00f0 \u00ferefaldri opnun","og_description":"Efst \u00e1 t\u00f6skunni er kr\u00f3kur til a\u00f0 hengja hana \u00e1 hur\u00f0 e\u00f0a snaga sem veitir eiganda s\u00ednum fullt yfirs\u00fdn \u00e1 innihaldi t\u00f6skunnar. \u00cd t\u00f6skunni eru m\u00f6rg h\u00f3lf sem \u00f6ll eru loku\u00f0 me\u00f0 rennil\u00e1s.","og_url":"https:\/\/vorulagerinn.is\/product\/snyrtitaska_med_threfaldri_opnun\/","og_site_name":"V&ouml;rulagerinn","article_publisher":"https:\/\/www.facebook.com\/vorulagerinn","article_modified_time":"2026-03-20T14:15:35+00:00","og_image":[{"width":600,"height":600,"url":"https:\/\/vorulagerinn.is\/wp-content\/uploads\/2024\/09\/Snyrtitaska-med-threfaldri-opnun.jpg","type":"image\/jpeg"}],"twitter_card":"summary_large_image","twitter_misc":{"Price":"2.850&nbsp;kr.","Availability":"In stock"},"schema":{"@context":"https:\/\/schema.org","@graph":[{"@type":"WebPage","@id":"https:\/\/vorulagerinn.is\/product\/snyrtitaska_med_threfaldri_opnun\/","url":"https:\/\/vorulagerinn.is\/product\/snyrtitaska_med_threfaldri_opnun\/","name":"Snyrtitaska me\u00f0 \u00ferefaldri opnun - V&ouml;rulagerinn","isPartOf":{"@id":"https:\/\/vorulagerinn.is\/#website"},"primaryImageOfPage":{"@id":"https:\/\/vorulagerinn.is\/product\/snyrtitaska_med_threfaldri_opnun\/#primaryimage"},"image":{"@id":"https:\/\/vorulagerinn.is\/product\/snyrtitaska_med_threfaldri_opnun\/#primaryimage"},"thumbnailUrl":"https:\/\/vorulagerinn.is\/wp-content\/uploads\/2024\/09\/Snyrtitaska-med-threfaldri-opnun.jpg","datePublished":"2024-08-28T16:50:51+00:00","dateModified":"2026-03-20T14:15:35+00:00","description":"Efst \u00e1 t\u00f6skunni er kr\u00f3kur til a\u00f0 hengja hana \u00e1 hur\u00f0 e\u00f0a snaga sem veitir eiganda s\u00ednum fullt yfirs\u00fdn \u00e1 innihaldi t\u00f6skunnar. \u00cd t\u00f6skunni eru m\u00f6rg h\u00f3lf sem \u00f6ll eru loku\u00f0 me\u00f0 rennil\u00e1s.","breadcrumb":{"@id":"https:\/\/vorulagerinn.is\/product\/snyrtitaska_med_threfaldri_opnun\/#breadcrumb"},"inLanguage":"en-US","potentialAction":[{"@type":"ReadAction","target":["https:\/\/vorulagerinn.is\/product\/snyrtitaska_med_threfaldri_opnun\/"]}]},{"@type":"ImageObject","inLanguage":"en-US","@id":"https:\/\/vorulagerinn.is\/product\/snyrtitaska_med_threfaldri_opnun\/#primaryimage","url":"https:\/\/vorulagerinn.is\/wp-content\/uploads\/2024\/09\/Snyrtitaska-med-threfaldri-opnun.jpg","contentUrl":"https:\/\/vorulagerinn.is\/wp-content\/uploads\/2024\/09\/Snyrtitaska-med-threfaldri-opnun.jpg","width":600,"height":600},{"@type":"BreadcrumbList","@id":"https:\/\/vorulagerinn.is\/product\/snyrtitaska_med_threfaldri_opnun\/#breadcrumb","itemListElement":[{"@type":"ListItem","position":1,"name":"Home","item":"https:\/\/vorulagerinn.is\/"},{"@type":"ListItem","position":2,"name":"Shop","item":"https:\/\/vorulagerinn.is\/en\/shop\/"},{"@type":"ListItem","position":3,"name":"Snyrtitaska me\u00f0 \u00ferefaldri opnun"}]},{"@type":"WebSite","@id":"https:\/\/vorulagerinn.is\/#website","url":"https:\/\/vorulagerinn.is\/","name":"V\u00f6rulagerinn","description":"L\u00e1ttu \u00fea\u00f0 eftir \u00fe\u00e9r","publisher":{"@id":"https:\/\/vorulagerinn.is\/#organization"},"potentialAction":[{"@type":"SearchAction","target":{"@type":"EntryPoint","urlTemplate":"https:\/\/vorulagerinn.is\/?s={search_term_string}"},"query-input":{"@type":"PropertyValueSpecification","valueRequired":true,"valueName":"search_term_string"}}],"inLanguage":"en-US"},{"@type":"Organization","@id":"https:\/\/vorulagerinn.is\/#organization","name":"V\u00f6rulagerinn","url":"https:\/\/vorulagerinn.is\/","logo":{"@type":"ImageObject","inLanguage":"en-US","@id":"https:\/\/vorulagerinn.is\/#\/schema\/logo\/image\/","url":"https:\/\/vorulagerinn.is\/wp-content\/uploads\/2022\/09\/Vorulagerinn-Logo-588x160-1.png","contentUrl":"https:\/\/vorulagerinn.is\/wp-content\/uploads\/2022\/09\/Vorulagerinn-Logo-588x160-1.png","width":588,"height":160,"caption":"V\u00f6rulagerinn"},"image":{"@id":"https:\/\/vorulagerinn.is\/#\/schema\/logo\/image\/"},"sameAs":["https:\/\/www.facebook.com\/vorulagerinn","https:\/\/www.instagram.com\/vorulagerinn\/"]}]},"product_price_amount":"2850","product_price_currency":"ISK","og_availability":"instock","product_availability":"instock","product_retailer_item_id":"V193-1","product_condition":"new"},"_links":{"self":[{"href":"https:\/\/vorulagerinn.is\/en\/wp-json\/wp\/v2\/product\/25052","targetHints":{"allow":["GET"]}}],"collection":[{"href":"https:\/\/vorulagerinn.is\/en\/wp-json\/wp\/v2\/product"}],"about":[{"href":"https:\/\/vorulagerinn.is\/en\/wp-json\/wp\/v2\/types\/product"}],"wp:featuredmedia":[{"embeddable":true,"href":"https:\/\/vorulagerinn.is\/en\/wp-json\/wp\/v2\/media\/25053"}],"wp:attachment":[{"href":"https:\/\/vorulagerinn.is\/en\/wp-json\/wp\/v2\/media?parent=25052"}],"wp:term":[{"taxonomy":"product_brand","embeddable":true,"href":"https:\/\/vorulagerinn.is\/en\/wp-json\/wp\/v2\/product_brand?post=25052"},{"taxonomy":"product_cat","embeddable":true,"href":"https:\/\/vorulagerinn.is\/en\/wp-json\/wp\/v2\/product_cat?post=25052"},{"taxonomy":"product_tag","embeddable":true,"href":"https:\/\/vorulagerinn.is\/en\/wp-json\/wp\/v2\/product_tag?post=25052"}],"curies":[{"name":"wp","href":"https:\/\/api.w.org\/{rel}","templated":true}]}}