{"id":25700,"date":"2024-11-12T17:22:17","date_gmt":"2024-11-12T17:22:17","guid":{"rendered":"https:\/\/vorulagerinn.is\/?post_type=product&#038;p=25700"},"modified":"2026-02-17T08:55:54","modified_gmt":"2026-02-17T08:55:54","slug":"r36s-air-leikjavel-med-innbyggdum-15-000-retro-tolvuleikjum","status":"publish","type":"product","link":"https:\/\/vorulagerinn.is\/en\/product\/r36s-air-leikjavel-med-innbyggdum-15-000-retro-tolvuleikjum\/","title":{"rendered":"R36S Air leikjav\u00e9l me\u00f0 innbygg\u00f0um 15.000 retro  t\u00f6lvuleikjum"},"content":{"rendered":"","protected":false},"excerpt":{"rendered":"<p>Fr\u00e1b\u00e6r leikjav\u00e9l fr\u00e1 Game Master me\u00f0 innbygg\u00f0um 15.000 retro t\u00f6lvuleiki \u00far 20 mismunandi leikjav\u00e9lum \u00feannig a\u00f0 allir \u00e6ttu a\u00f0 finna eitthva\u00f0 fyrir sig og s\u00edna. Leikjat\u00f6lvan hentar \u00f6llum aldursh\u00f3pum fr\u00e1 6 \u00e1ra aldri og er tilvalin \u00ed fer\u00f0alagi\u00f0, flugv\u00e9lina, b\u00fasta\u00f0inn e\u00f0a \u00fatileiguna.\u00a0Minniskorti\u00f0 me\u00f0 leikjunum er \u00ed lei\u00f0beiningum sem fylgja v\u00e9linni.<\/p>\n<p>Litur: Hv\u00edtur og svartur<br \/>\nFj\u00f6ldi leikja: 15.127<br \/>\nSave option<br \/>\nSt\u00fdrikerfi: Lynux<br \/>\nMicro minniskort: 64 gb<br \/>\nRam: DDR3L 2gb<br \/>\n\u00d6rgj\u00f6rvi<br \/>\nSkj\u00e1r: 3,5&#8243; IPS 640&#215;480<br \/>\nRafhla\u00f0a: 3500mAh (5 klst spilun)<br \/>\nTungum\u00e1l: Enska<br \/>\nLei\u00f0beiningar og USB-C hle\u00f0slusn\u00fara fylgja me\u00f0<\/p>\n","protected":false},"featured_media":25740,"template":"","meta":[],"product_brand":[],"product_cat":[224],"product_tag":[],"class_list":{"0":"post-25700","1":"product","2":"type-product","3":"status-publish","4":"has-post-thumbnail","6":"product_cat-leikjavelar-raftaeki","8":"first","9":"instock","10":"taxable","11":"shipping-taxable","12":"purchasable","13":"product-type-simple"},"supplier_id":null,"supplier_sku":"","barcode":null,"atum_controlled":true,"out_stock_date":null,"out_stock_threshold":null,"inheritable":false,"inbound_stock":0,"stock_on_hold":0,"sold_today":0,"sales_last_days":0,"reserved_stock":0,"customer_returns":0,"warehouse_damage":0,"lost_in_post":0,"other_logs":0,"out_stock_days":0,"lost_sales":0,"has_location":false,"update_date":"2026-04-19T00:23:37","atum_locations":[],"atum_stock_status":"instock","restock_status":false,"low_stock_amount":"","sales_update_date":"2026-04-19T00:23:37","calc_backorders":null,"yoast_head":"<!-- This site is optimized with the Yoast SEO Premium plugin v26.6 (Yoast SEO v27.3) - https:\/\/yoast.com\/product\/yoast-seo-premium-wordpress\/ -->\n<title>R36S Air leikjav\u00e9l me\u00f0 innbygg\u00f0um 15.000 retro t\u00f6lvuleikjum - V&ouml;rulagerinn<\/title>\n<meta name=\"description\" content=\"Fr\u00e1b\u00e6r leikjav\u00e9l fr\u00e1 Game Master me\u00f0 innbygg\u00f0um 15.000 retro t\u00f6lvuleiki \u00far 20 mismunandi leikjav\u00e9lum. Tilvalin \u00ed fer\u00f0alagi\u00f0, b\u00fasta\u00f0inn e\u00f0a \u00fatileiguna.\" \/>\n<meta name=\"robots\" content=\"index, follow, max-snippet:-1, max-image-preview:large, max-video-preview:-1\" \/>\n<link rel=\"canonical\" href=\"https:\/\/vorulagerinn.is\/product\/r36s-air-leikjavel-med-innbyggdum-15-000-retro-tolvuleikjum\/\" \/>\n<meta property=\"og:locale\" content=\"en_US\" \/>\n<meta property=\"og:type\" content=\"article\" \/>\n<meta property=\"og:title\" content=\"R36S Air leikjav\u00e9l me\u00f0 innbygg\u00f0um 15.000 retro t\u00f6lvuleikjum\" \/>\n<meta property=\"og:description\" content=\"Fr\u00e1b\u00e6r leikjav\u00e9l fr\u00e1 Game Master me\u00f0 innbygg\u00f0um 15.000 retro t\u00f6lvuleiki \u00far 20 mismunandi leikjav\u00e9lum. Tilvalin \u00ed fer\u00f0alagi\u00f0, b\u00fasta\u00f0inn e\u00f0a \u00fatileiguna.\" \/>\n<meta property=\"og:url\" content=\"https:\/\/vorulagerinn.is\/product\/r36s-air-leikjavel-med-innbyggdum-15-000-retro-tolvuleikjum\/\" \/>\n<meta property=\"og:site_name\" content=\"V&ouml;rulagerinn\" \/>\n<meta property=\"article:publisher\" content=\"https:\/\/www.facebook.com\/vorulagerinn\" \/>\n<meta property=\"article:modified_time\" content=\"2026-02-17T08:55:54+00:00\" \/>\n<meta property=\"og:image\" content=\"https:\/\/vorulagerinn.is\/wp-content\/uploads\/2024\/11\/R36S-Air-leikjavel-med-innbyggdum-15.000-retro-tolvuleikjum.jpg\" \/>\n\t<meta property=\"og:image:width\" content=\"600\" \/>\n\t<meta property=\"og:image:height\" content=\"600\" \/>\n\t<meta property=\"og:image:type\" content=\"image\/jpeg\" \/>\n<meta name=\"twitter:card\" content=\"summary_large_image\" \/>\n<meta name=\"twitter:label1\" content=\"Price\" \/>\n\t<meta name=\"twitter:data1\" content=\"11.995&nbsp;kr.\" \/>\n\t<meta name=\"twitter:label2\" content=\"Availability\" \/>\n\t<meta name=\"twitter:data2\" content=\"In stock\" \/>\n<script type=\"application\/ld+json\" class=\"yoast-schema-graph\">{\"@context\":\"https:\\\/\\\/schema.org\",\"@graph\":[{\"@type\":\"WebPage\",\"@id\":\"https:\\\/\\\/vorulagerinn.is\\\/product\\\/r36s-air-leikjavel-med-innbyggdum-15-000-retro-tolvuleikjum\\\/\",\"url\":\"https:\\\/\\\/vorulagerinn.is\\\/product\\\/r36s-air-leikjavel-med-innbyggdum-15-000-retro-tolvuleikjum\\\/\",\"name\":\"R36S Air leikjav\u00e9l me\u00f0 innbygg\u00f0um 15.000 retro t\u00f6lvuleikjum - V&ouml;rulagerinn\",\"isPartOf\":{\"@id\":\"https:\\\/\\\/vorulagerinn.is\\\/#website\"},\"primaryImageOfPage\":{\"@id\":\"https:\\\/\\\/vorulagerinn.is\\\/product\\\/r36s-air-leikjavel-med-innbyggdum-15-000-retro-tolvuleikjum\\\/#primaryimage\"},\"image\":{\"@id\":\"https:\\\/\\\/vorulagerinn.is\\\/product\\\/r36s-air-leikjavel-med-innbyggdum-15-000-retro-tolvuleikjum\\\/#primaryimage\"},\"thumbnailUrl\":\"https:\\\/\\\/vorulagerinn.is\\\/wp-content\\\/uploads\\\/2024\\\/11\\\/R36S-Air-leikjavel-med-innbyggdum-15.000-retro-tolvuleikjum.jpg\",\"datePublished\":\"2024-11-12T17:22:17+00:00\",\"dateModified\":\"2026-02-17T08:55:54+00:00\",\"description\":\"Fr\u00e1b\u00e6r leikjav\u00e9l fr\u00e1 Game Master me\u00f0 innbygg\u00f0um 15.000 retro t\u00f6lvuleiki \u00far 20 mismunandi leikjav\u00e9lum. Tilvalin \u00ed fer\u00f0alagi\u00f0, b\u00fasta\u00f0inn e\u00f0a \u00fatileiguna.\",\"breadcrumb\":{\"@id\":\"https:\\\/\\\/vorulagerinn.is\\\/product\\\/r36s-air-leikjavel-med-innbyggdum-15-000-retro-tolvuleikjum\\\/#breadcrumb\"},\"inLanguage\":\"en-US\",\"potentialAction\":[{\"@type\":\"ReadAction\",\"target\":[\"https:\\\/\\\/vorulagerinn.is\\\/product\\\/r36s-air-leikjavel-med-innbyggdum-15-000-retro-tolvuleikjum\\\/\"]}]},{\"@type\":\"ImageObject\",\"inLanguage\":\"en-US\",\"@id\":\"https:\\\/\\\/vorulagerinn.is\\\/product\\\/r36s-air-leikjavel-med-innbyggdum-15-000-retro-tolvuleikjum\\\/#primaryimage\",\"url\":\"https:\\\/\\\/vorulagerinn.is\\\/wp-content\\\/uploads\\\/2024\\\/11\\\/R36S-Air-leikjavel-med-innbyggdum-15.000-retro-tolvuleikjum.jpg\",\"contentUrl\":\"https:\\\/\\\/vorulagerinn.is\\\/wp-content\\\/uploads\\\/2024\\\/11\\\/R36S-Air-leikjavel-med-innbyggdum-15.000-retro-tolvuleikjum.jpg\",\"width\":600,\"height\":600},{\"@type\":\"BreadcrumbList\",\"@id\":\"https:\\\/\\\/vorulagerinn.is\\\/product\\\/r36s-air-leikjavel-med-innbyggdum-15-000-retro-tolvuleikjum\\\/#breadcrumb\",\"itemListElement\":[{\"@type\":\"ListItem\",\"position\":1,\"name\":\"Home\",\"item\":\"https:\\\/\\\/vorulagerinn.is\\\/\"},{\"@type\":\"ListItem\",\"position\":2,\"name\":\"Shop\",\"item\":\"https:\\\/\\\/vorulagerinn.is\\\/en\\\/shop\\\/\"},{\"@type\":\"ListItem\",\"position\":3,\"name\":\"R36S Air leikjav\u00e9l me\u00f0 innbygg\u00f0um 15.000 retro t\u00f6lvuleikjum\"}]},{\"@type\":\"WebSite\",\"@id\":\"https:\\\/\\\/vorulagerinn.is\\\/#website\",\"url\":\"https:\\\/\\\/vorulagerinn.is\\\/\",\"name\":\"V\u00f6rulagerinn\",\"description\":\"L\u00e1ttu \u00fea\u00f0 eftir \u00fe\u00e9r\",\"publisher\":{\"@id\":\"https:\\\/\\\/vorulagerinn.is\\\/#organization\"},\"potentialAction\":[{\"@type\":\"SearchAction\",\"target\":{\"@type\":\"EntryPoint\",\"urlTemplate\":\"https:\\\/\\\/vorulagerinn.is\\\/?s={search_term_string}\"},\"query-input\":{\"@type\":\"PropertyValueSpecification\",\"valueRequired\":true,\"valueName\":\"search_term_string\"}}],\"inLanguage\":\"en-US\"},{\"@type\":\"Organization\",\"@id\":\"https:\\\/\\\/vorulagerinn.is\\\/#organization\",\"name\":\"V\u00f6rulagerinn\",\"url\":\"https:\\\/\\\/vorulagerinn.is\\\/\",\"logo\":{\"@type\":\"ImageObject\",\"inLanguage\":\"en-US\",\"@id\":\"https:\\\/\\\/vorulagerinn.is\\\/#\\\/schema\\\/logo\\\/image\\\/\",\"url\":\"https:\\\/\\\/vorulagerinn.is\\\/wp-content\\\/uploads\\\/2022\\\/09\\\/Vorulagerinn-Logo-588x160-1.png\",\"contentUrl\":\"https:\\\/\\\/vorulagerinn.is\\\/wp-content\\\/uploads\\\/2022\\\/09\\\/Vorulagerinn-Logo-588x160-1.png\",\"width\":588,\"height\":160,\"caption\":\"V\u00f6rulagerinn\"},\"image\":{\"@id\":\"https:\\\/\\\/vorulagerinn.is\\\/#\\\/schema\\\/logo\\\/image\\\/\"},\"sameAs\":[\"https:\\\/\\\/www.facebook.com\\\/vorulagerinn\",\"https:\\\/\\\/www.instagram.com\\\/vorulagerinn\\\/\"]}]}<\/script>\n<meta property=\"product:price:amount\" content=\"11995\" \/>\n<meta property=\"product:price:currency\" content=\"ISK\" \/>\n<meta property=\"og:availability\" content=\"instock\" \/>\n<meta property=\"product:availability\" content=\"instock\" \/>\n<meta property=\"product:retailer_item_id\" content=\"R36SAir\" \/>\n<meta property=\"product:condition\" content=\"new\" \/>\n<!-- \/ Yoast SEO Premium plugin. -->","yoast_head_json":{"title":"R36S Air leikjav\u00e9l me\u00f0 innbygg\u00f0um 15.000 retro t\u00f6lvuleikjum - V&ouml;rulagerinn","description":"Fr\u00e1b\u00e6r leikjav\u00e9l fr\u00e1 Game Master me\u00f0 innbygg\u00f0um 15.000 retro t\u00f6lvuleiki \u00far 20 mismunandi leikjav\u00e9lum. Tilvalin \u00ed fer\u00f0alagi\u00f0, b\u00fasta\u00f0inn e\u00f0a \u00fatileiguna.","robots":{"index":"index","follow":"follow","max-snippet":"max-snippet:-1","max-image-preview":"max-image-preview:large","max-video-preview":"max-video-preview:-1"},"canonical":"https:\/\/vorulagerinn.is\/product\/r36s-air-leikjavel-med-innbyggdum-15-000-retro-tolvuleikjum\/","og_locale":"en_US","og_type":"article","og_title":"R36S Air leikjav\u00e9l me\u00f0 innbygg\u00f0um 15.000 retro t\u00f6lvuleikjum","og_description":"Fr\u00e1b\u00e6r leikjav\u00e9l fr\u00e1 Game Master me\u00f0 innbygg\u00f0um 15.000 retro t\u00f6lvuleiki \u00far 20 mismunandi leikjav\u00e9lum. Tilvalin \u00ed fer\u00f0alagi\u00f0, b\u00fasta\u00f0inn e\u00f0a \u00fatileiguna.","og_url":"https:\/\/vorulagerinn.is\/product\/r36s-air-leikjavel-med-innbyggdum-15-000-retro-tolvuleikjum\/","og_site_name":"V&ouml;rulagerinn","article_publisher":"https:\/\/www.facebook.com\/vorulagerinn","article_modified_time":"2026-02-17T08:55:54+00:00","og_image":[{"width":600,"height":600,"url":"https:\/\/vorulagerinn.is\/wp-content\/uploads\/2024\/11\/R36S-Air-leikjavel-med-innbyggdum-15.000-retro-tolvuleikjum.jpg","type":"image\/jpeg"}],"twitter_card":"summary_large_image","twitter_misc":{"Price":"11.995&nbsp;kr.","Availability":"In stock"},"schema":{"@context":"https:\/\/schema.org","@graph":[{"@type":"WebPage","@id":"https:\/\/vorulagerinn.is\/product\/r36s-air-leikjavel-med-innbyggdum-15-000-retro-tolvuleikjum\/","url":"https:\/\/vorulagerinn.is\/product\/r36s-air-leikjavel-med-innbyggdum-15-000-retro-tolvuleikjum\/","name":"R36S Air leikjav\u00e9l me\u00f0 innbygg\u00f0um 15.000 retro t\u00f6lvuleikjum - V&ouml;rulagerinn","isPartOf":{"@id":"https:\/\/vorulagerinn.is\/#website"},"primaryImageOfPage":{"@id":"https:\/\/vorulagerinn.is\/product\/r36s-air-leikjavel-med-innbyggdum-15-000-retro-tolvuleikjum\/#primaryimage"},"image":{"@id":"https:\/\/vorulagerinn.is\/product\/r36s-air-leikjavel-med-innbyggdum-15-000-retro-tolvuleikjum\/#primaryimage"},"thumbnailUrl":"https:\/\/vorulagerinn.is\/wp-content\/uploads\/2024\/11\/R36S-Air-leikjavel-med-innbyggdum-15.000-retro-tolvuleikjum.jpg","datePublished":"2024-11-12T17:22:17+00:00","dateModified":"2026-02-17T08:55:54+00:00","description":"Fr\u00e1b\u00e6r leikjav\u00e9l fr\u00e1 Game Master me\u00f0 innbygg\u00f0um 15.000 retro t\u00f6lvuleiki \u00far 20 mismunandi leikjav\u00e9lum. Tilvalin \u00ed fer\u00f0alagi\u00f0, b\u00fasta\u00f0inn e\u00f0a \u00fatileiguna.","breadcrumb":{"@id":"https:\/\/vorulagerinn.is\/product\/r36s-air-leikjavel-med-innbyggdum-15-000-retro-tolvuleikjum\/#breadcrumb"},"inLanguage":"en-US","potentialAction":[{"@type":"ReadAction","target":["https:\/\/vorulagerinn.is\/product\/r36s-air-leikjavel-med-innbyggdum-15-000-retro-tolvuleikjum\/"]}]},{"@type":"ImageObject","inLanguage":"en-US","@id":"https:\/\/vorulagerinn.is\/product\/r36s-air-leikjavel-med-innbyggdum-15-000-retro-tolvuleikjum\/#primaryimage","url":"https:\/\/vorulagerinn.is\/wp-content\/uploads\/2024\/11\/R36S-Air-leikjavel-med-innbyggdum-15.000-retro-tolvuleikjum.jpg","contentUrl":"https:\/\/vorulagerinn.is\/wp-content\/uploads\/2024\/11\/R36S-Air-leikjavel-med-innbyggdum-15.000-retro-tolvuleikjum.jpg","width":600,"height":600},{"@type":"BreadcrumbList","@id":"https:\/\/vorulagerinn.is\/product\/r36s-air-leikjavel-med-innbyggdum-15-000-retro-tolvuleikjum\/#breadcrumb","itemListElement":[{"@type":"ListItem","position":1,"name":"Home","item":"https:\/\/vorulagerinn.is\/"},{"@type":"ListItem","position":2,"name":"Shop","item":"https:\/\/vorulagerinn.is\/en\/shop\/"},{"@type":"ListItem","position":3,"name":"R36S Air leikjav\u00e9l me\u00f0 innbygg\u00f0um 15.000 retro t\u00f6lvuleikjum"}]},{"@type":"WebSite","@id":"https:\/\/vorulagerinn.is\/#website","url":"https:\/\/vorulagerinn.is\/","name":"V\u00f6rulagerinn","description":"L\u00e1ttu \u00fea\u00f0 eftir \u00fe\u00e9r","publisher":{"@id":"https:\/\/vorulagerinn.is\/#organization"},"potentialAction":[{"@type":"SearchAction","target":{"@type":"EntryPoint","urlTemplate":"https:\/\/vorulagerinn.is\/?s={search_term_string}"},"query-input":{"@type":"PropertyValueSpecification","valueRequired":true,"valueName":"search_term_string"}}],"inLanguage":"en-US"},{"@type":"Organization","@id":"https:\/\/vorulagerinn.is\/#organization","name":"V\u00f6rulagerinn","url":"https:\/\/vorulagerinn.is\/","logo":{"@type":"ImageObject","inLanguage":"en-US","@id":"https:\/\/vorulagerinn.is\/#\/schema\/logo\/image\/","url":"https:\/\/vorulagerinn.is\/wp-content\/uploads\/2022\/09\/Vorulagerinn-Logo-588x160-1.png","contentUrl":"https:\/\/vorulagerinn.is\/wp-content\/uploads\/2022\/09\/Vorulagerinn-Logo-588x160-1.png","width":588,"height":160,"caption":"V\u00f6rulagerinn"},"image":{"@id":"https:\/\/vorulagerinn.is\/#\/schema\/logo\/image\/"},"sameAs":["https:\/\/www.facebook.com\/vorulagerinn","https:\/\/www.instagram.com\/vorulagerinn\/"]}]},"product_price_amount":"11995","product_price_currency":"ISK","og_availability":"instock","product_availability":"instock","product_retailer_item_id":"R36SAir","product_condition":"new"},"_links":{"self":[{"href":"https:\/\/vorulagerinn.is\/en\/wp-json\/wp\/v2\/product\/25700","targetHints":{"allow":["GET"]}}],"collection":[{"href":"https:\/\/vorulagerinn.is\/en\/wp-json\/wp\/v2\/product"}],"about":[{"href":"https:\/\/vorulagerinn.is\/en\/wp-json\/wp\/v2\/types\/product"}],"wp:featuredmedia":[{"embeddable":true,"href":"https:\/\/vorulagerinn.is\/en\/wp-json\/wp\/v2\/media\/25740"}],"wp:attachment":[{"href":"https:\/\/vorulagerinn.is\/en\/wp-json\/wp\/v2\/media?parent=25700"}],"wp:term":[{"taxonomy":"product_brand","embeddable":true,"href":"https:\/\/vorulagerinn.is\/en\/wp-json\/wp\/v2\/product_brand?post=25700"},{"taxonomy":"product_cat","embeddable":true,"href":"https:\/\/vorulagerinn.is\/en\/wp-json\/wp\/v2\/product_cat?post=25700"},{"taxonomy":"product_tag","embeddable":true,"href":"https:\/\/vorulagerinn.is\/en\/wp-json\/wp\/v2\/product_tag?post=25700"}],"curies":[{"name":"wp","href":"https:\/\/api.w.org\/{rel}","templated":true}]}}