{"id":25837,"date":"2024-12-03T08:13:34","date_gmt":"2024-12-03T08:13:34","guid":{"rendered":"https:\/\/vorulagerinn.is\/?post_type=product&#038;p=25837"},"modified":"2026-02-17T08:55:47","modified_gmt":"2026-02-17T08:55:47","slug":"x9-pro-leikjavel-med-30-000-innbyggdum-leikjum","status":"publish","type":"product","link":"https:\/\/vorulagerinn.is\/en\/product\/x9-pro-leikjavel-med-30-000-innbyggdum-leikjum\/","title":{"rendered":"X9 Pro leikjav\u00e9l me\u00f0 30.000 innbygg\u00f0um leikjum"},"content":{"rendered":"","protected":false},"excerpt":{"rendered":"<p>\u00d6flug leikjav\u00e9l me\u00f0 30.000 retro leikjum \u00far 45 mismunandi leikjav\u00e9lum. HDMI kubbi er stungi\u00f0 aftan \u00ed sj\u00f3nvarp e\u00f0a t\u00f6lvu og \u00fev\u00ed er au\u00f0velt a\u00f0 taka v\u00e9lina me\u00f0 s\u00e9r \u00ed fer\u00f0alagi\u00f0. Tv\u00e6r \u00fer\u00e1\u00f0lausar fjarst\u00fdringar fylgja me\u00f0<\/p>\n<p>Leikir: 30.000 me\u00f0 &#8220;save option&#8221;<br \/>\nFjarst\u00fdringar: 2 stk fylgja me\u00f0<br \/>\nTungum\u00e1l: Enska<\/p>\n","protected":false},"featured_media":25838,"template":"","meta":[],"product_brand":[],"product_cat":[224],"product_tag":[],"class_list":{"0":"post-25837","1":"product","2":"type-product","3":"status-publish","4":"has-post-thumbnail","6":"product_cat-leikjavelar-raftaeki","8":"first","9":"instock","10":"taxable","11":"shipping-taxable","12":"purchasable","13":"product-type-simple"},"supplier_id":null,"supplier_sku":"","barcode":null,"atum_controlled":true,"out_stock_date":null,"out_stock_threshold":null,"inheritable":false,"inbound_stock":0,"stock_on_hold":0,"sold_today":0,"sales_last_days":0,"reserved_stock":0,"customer_returns":0,"warehouse_damage":0,"lost_in_post":0,"other_logs":0,"out_stock_days":0,"lost_sales":0,"has_location":false,"update_date":"2026-04-19T00:22:48","atum_locations":[],"atum_stock_status":"instock","restock_status":false,"low_stock_amount":"","sales_update_date":"2026-04-19T00:22:48","calc_backorders":null,"yoast_head":"<!-- This site is optimized with the Yoast SEO Premium plugin v26.6 (Yoast SEO v27.3) - https:\/\/yoast.com\/product\/yoast-seo-premium-wordpress\/ -->\n<title>X9 Pro leikjav\u00e9l me\u00f0 30.000 innbygg\u00f0um leikjum<\/title>\n<meta name=\"description\" content=\"\u00d6flug leikjav\u00e9l me\u00f0 30.000 retro leikjum \u00far 45 mismunandi leikjav\u00e9lum. HDMI kubbi er stungi\u00f0 aftan \u00ed tv e\u00f0a t\u00f6lvu og \u00fev\u00ed er au\u00f0velt a\u00f0 taka me\u00f0 \u00ed fer\u00f0alagi\u00f0\" \/>\n<meta name=\"robots\" content=\"index, follow, max-snippet:-1, max-image-preview:large, max-video-preview:-1\" \/>\n<link rel=\"canonical\" href=\"https:\/\/vorulagerinn.is\/product\/x9-pro-leikjavel-med-30-000-innbyggdum-leikjum\/\" \/>\n<meta property=\"og:locale\" content=\"en_US\" \/>\n<meta property=\"og:type\" content=\"article\" \/>\n<meta property=\"og:title\" content=\"X9 Pro leikjav\u00e9l me\u00f0 30.000 innbygg\u00f0um leikjum\" \/>\n<meta property=\"og:description\" content=\"\u00d6flug leikjav\u00e9l me\u00f0 30.000 retro leikjum \u00far 45 mismunandi leikjav\u00e9lum. HDMI kubbi er stungi\u00f0 aftan \u00ed tv e\u00f0a t\u00f6lvu og \u00fev\u00ed er au\u00f0velt a\u00f0 taka me\u00f0 \u00ed fer\u00f0alagi\u00f0\" \/>\n<meta property=\"og:url\" content=\"https:\/\/vorulagerinn.is\/product\/x9-pro-leikjavel-med-30-000-innbyggdum-leikjum\/\" \/>\n<meta property=\"og:site_name\" content=\"V&ouml;rulagerinn\" \/>\n<meta property=\"article:publisher\" content=\"https:\/\/www.facebook.com\/vorulagerinn\" \/>\n<meta property=\"article:modified_time\" content=\"2026-02-17T08:55:47+00:00\" \/>\n<meta property=\"og:image\" content=\"https:\/\/vorulagerinn.is\/wp-content\/uploads\/2024\/12\/X9-PRO.jpg\" \/>\n\t<meta property=\"og:image:width\" content=\"722\" \/>\n\t<meta property=\"og:image:height\" content=\"636\" \/>\n\t<meta property=\"og:image:type\" content=\"image\/jpeg\" \/>\n<meta name=\"twitter:card\" content=\"summary_large_image\" \/>\n<meta name=\"twitter:label1\" content=\"Price\" \/>\n\t<meta name=\"twitter:data1\" content=\"11.995&nbsp;kr.\" \/>\n\t<meta name=\"twitter:label2\" content=\"Availability\" \/>\n\t<meta name=\"twitter:data2\" content=\"In stock\" \/>\n<script type=\"application\/ld+json\" class=\"yoast-schema-graph\">{\"@context\":\"https:\\\/\\\/schema.org\",\"@graph\":[{\"@type\":\"WebPage\",\"@id\":\"https:\\\/\\\/vorulagerinn.is\\\/product\\\/x9-pro-leikjavel-med-30-000-innbyggdum-leikjum\\\/\",\"url\":\"https:\\\/\\\/vorulagerinn.is\\\/product\\\/x9-pro-leikjavel-med-30-000-innbyggdum-leikjum\\\/\",\"name\":\"X9 Pro leikjav\u00e9l me\u00f0 30.000 innbygg\u00f0um leikjum\",\"isPartOf\":{\"@id\":\"https:\\\/\\\/vorulagerinn.is\\\/#website\"},\"primaryImageOfPage\":{\"@id\":\"https:\\\/\\\/vorulagerinn.is\\\/product\\\/x9-pro-leikjavel-med-30-000-innbyggdum-leikjum\\\/#primaryimage\"},\"image\":{\"@id\":\"https:\\\/\\\/vorulagerinn.is\\\/product\\\/x9-pro-leikjavel-med-30-000-innbyggdum-leikjum\\\/#primaryimage\"},\"thumbnailUrl\":\"https:\\\/\\\/vorulagerinn.is\\\/wp-content\\\/uploads\\\/2024\\\/12\\\/X9-PRO.jpg\",\"datePublished\":\"2024-12-03T08:13:34+00:00\",\"dateModified\":\"2026-02-17T08:55:47+00:00\",\"description\":\"\u00d6flug leikjav\u00e9l me\u00f0 30.000 retro leikjum \u00far 45 mismunandi leikjav\u00e9lum. HDMI kubbi er stungi\u00f0 aftan \u00ed tv e\u00f0a t\u00f6lvu og \u00fev\u00ed er au\u00f0velt a\u00f0 taka me\u00f0 \u00ed fer\u00f0alagi\u00f0\",\"breadcrumb\":{\"@id\":\"https:\\\/\\\/vorulagerinn.is\\\/product\\\/x9-pro-leikjavel-med-30-000-innbyggdum-leikjum\\\/#breadcrumb\"},\"inLanguage\":\"en-US\",\"potentialAction\":[{\"@type\":\"ReadAction\",\"target\":[\"https:\\\/\\\/vorulagerinn.is\\\/product\\\/x9-pro-leikjavel-med-30-000-innbyggdum-leikjum\\\/\"]}]},{\"@type\":\"ImageObject\",\"inLanguage\":\"en-US\",\"@id\":\"https:\\\/\\\/vorulagerinn.is\\\/product\\\/x9-pro-leikjavel-med-30-000-innbyggdum-leikjum\\\/#primaryimage\",\"url\":\"https:\\\/\\\/vorulagerinn.is\\\/wp-content\\\/uploads\\\/2024\\\/12\\\/X9-PRO.jpg\",\"contentUrl\":\"https:\\\/\\\/vorulagerinn.is\\\/wp-content\\\/uploads\\\/2024\\\/12\\\/X9-PRO.jpg\",\"width\":722,\"height\":636},{\"@type\":\"BreadcrumbList\",\"@id\":\"https:\\\/\\\/vorulagerinn.is\\\/product\\\/x9-pro-leikjavel-med-30-000-innbyggdum-leikjum\\\/#breadcrumb\",\"itemListElement\":[{\"@type\":\"ListItem\",\"position\":1,\"name\":\"Home\",\"item\":\"https:\\\/\\\/vorulagerinn.is\\\/\"},{\"@type\":\"ListItem\",\"position\":2,\"name\":\"Shop\",\"item\":\"https:\\\/\\\/vorulagerinn.is\\\/en\\\/shop\\\/\"},{\"@type\":\"ListItem\",\"position\":3,\"name\":\"X9 Pro leikjav\u00e9l me\u00f0 30.000 innbygg\u00f0um leikjum\"}]},{\"@type\":\"WebSite\",\"@id\":\"https:\\\/\\\/vorulagerinn.is\\\/#website\",\"url\":\"https:\\\/\\\/vorulagerinn.is\\\/\",\"name\":\"V\u00f6rulagerinn\",\"description\":\"L\u00e1ttu \u00fea\u00f0 eftir \u00fe\u00e9r\",\"publisher\":{\"@id\":\"https:\\\/\\\/vorulagerinn.is\\\/#organization\"},\"potentialAction\":[{\"@type\":\"SearchAction\",\"target\":{\"@type\":\"EntryPoint\",\"urlTemplate\":\"https:\\\/\\\/vorulagerinn.is\\\/?s={search_term_string}\"},\"query-input\":{\"@type\":\"PropertyValueSpecification\",\"valueRequired\":true,\"valueName\":\"search_term_string\"}}],\"inLanguage\":\"en-US\"},{\"@type\":\"Organization\",\"@id\":\"https:\\\/\\\/vorulagerinn.is\\\/#organization\",\"name\":\"V\u00f6rulagerinn\",\"url\":\"https:\\\/\\\/vorulagerinn.is\\\/\",\"logo\":{\"@type\":\"ImageObject\",\"inLanguage\":\"en-US\",\"@id\":\"https:\\\/\\\/vorulagerinn.is\\\/#\\\/schema\\\/logo\\\/image\\\/\",\"url\":\"https:\\\/\\\/vorulagerinn.is\\\/wp-content\\\/uploads\\\/2022\\\/09\\\/Vorulagerinn-Logo-588x160-1.png\",\"contentUrl\":\"https:\\\/\\\/vorulagerinn.is\\\/wp-content\\\/uploads\\\/2022\\\/09\\\/Vorulagerinn-Logo-588x160-1.png\",\"width\":588,\"height\":160,\"caption\":\"V\u00f6rulagerinn\"},\"image\":{\"@id\":\"https:\\\/\\\/vorulagerinn.is\\\/#\\\/schema\\\/logo\\\/image\\\/\"},\"sameAs\":[\"https:\\\/\\\/www.facebook.com\\\/vorulagerinn\",\"https:\\\/\\\/www.instagram.com\\\/vorulagerinn\\\/\"]}]}<\/script>\n<meta property=\"product:price:amount\" content=\"11995\" \/>\n<meta property=\"product:price:currency\" content=\"ISK\" \/>\n<meta property=\"og:availability\" content=\"instock\" \/>\n<meta property=\"product:availability\" content=\"instock\" \/>\n<meta property=\"product:retailer_item_id\" content=\"X9 Pro\" \/>\n<meta property=\"product:condition\" content=\"new\" \/>\n<!-- \/ Yoast SEO Premium plugin. -->","yoast_head_json":{"title":"X9 Pro leikjav\u00e9l me\u00f0 30.000 innbygg\u00f0um leikjum","description":"\u00d6flug leikjav\u00e9l me\u00f0 30.000 retro leikjum \u00far 45 mismunandi leikjav\u00e9lum. HDMI kubbi er stungi\u00f0 aftan \u00ed tv e\u00f0a t\u00f6lvu og \u00fev\u00ed er au\u00f0velt a\u00f0 taka me\u00f0 \u00ed fer\u00f0alagi\u00f0","robots":{"index":"index","follow":"follow","max-snippet":"max-snippet:-1","max-image-preview":"max-image-preview:large","max-video-preview":"max-video-preview:-1"},"canonical":"https:\/\/vorulagerinn.is\/product\/x9-pro-leikjavel-med-30-000-innbyggdum-leikjum\/","og_locale":"en_US","og_type":"article","og_title":"X9 Pro leikjav\u00e9l me\u00f0 30.000 innbygg\u00f0um leikjum","og_description":"\u00d6flug leikjav\u00e9l me\u00f0 30.000 retro leikjum \u00far 45 mismunandi leikjav\u00e9lum. HDMI kubbi er stungi\u00f0 aftan \u00ed tv e\u00f0a t\u00f6lvu og \u00fev\u00ed er au\u00f0velt a\u00f0 taka me\u00f0 \u00ed fer\u00f0alagi\u00f0","og_url":"https:\/\/vorulagerinn.is\/product\/x9-pro-leikjavel-med-30-000-innbyggdum-leikjum\/","og_site_name":"V&ouml;rulagerinn","article_publisher":"https:\/\/www.facebook.com\/vorulagerinn","article_modified_time":"2026-02-17T08:55:47+00:00","og_image":[{"width":722,"height":636,"url":"https:\/\/vorulagerinn.is\/wp-content\/uploads\/2024\/12\/X9-PRO.jpg","type":"image\/jpeg"}],"twitter_card":"summary_large_image","twitter_misc":{"Price":"11.995&nbsp;kr.","Availability":"In stock"},"schema":{"@context":"https:\/\/schema.org","@graph":[{"@type":"WebPage","@id":"https:\/\/vorulagerinn.is\/product\/x9-pro-leikjavel-med-30-000-innbyggdum-leikjum\/","url":"https:\/\/vorulagerinn.is\/product\/x9-pro-leikjavel-med-30-000-innbyggdum-leikjum\/","name":"X9 Pro leikjav\u00e9l me\u00f0 30.000 innbygg\u00f0um leikjum","isPartOf":{"@id":"https:\/\/vorulagerinn.is\/#website"},"primaryImageOfPage":{"@id":"https:\/\/vorulagerinn.is\/product\/x9-pro-leikjavel-med-30-000-innbyggdum-leikjum\/#primaryimage"},"image":{"@id":"https:\/\/vorulagerinn.is\/product\/x9-pro-leikjavel-med-30-000-innbyggdum-leikjum\/#primaryimage"},"thumbnailUrl":"https:\/\/vorulagerinn.is\/wp-content\/uploads\/2024\/12\/X9-PRO.jpg","datePublished":"2024-12-03T08:13:34+00:00","dateModified":"2026-02-17T08:55:47+00:00","description":"\u00d6flug leikjav\u00e9l me\u00f0 30.000 retro leikjum \u00far 45 mismunandi leikjav\u00e9lum. HDMI kubbi er stungi\u00f0 aftan \u00ed tv e\u00f0a t\u00f6lvu og \u00fev\u00ed er au\u00f0velt a\u00f0 taka me\u00f0 \u00ed fer\u00f0alagi\u00f0","breadcrumb":{"@id":"https:\/\/vorulagerinn.is\/product\/x9-pro-leikjavel-med-30-000-innbyggdum-leikjum\/#breadcrumb"},"inLanguage":"en-US","potentialAction":[{"@type":"ReadAction","target":["https:\/\/vorulagerinn.is\/product\/x9-pro-leikjavel-med-30-000-innbyggdum-leikjum\/"]}]},{"@type":"ImageObject","inLanguage":"en-US","@id":"https:\/\/vorulagerinn.is\/product\/x9-pro-leikjavel-med-30-000-innbyggdum-leikjum\/#primaryimage","url":"https:\/\/vorulagerinn.is\/wp-content\/uploads\/2024\/12\/X9-PRO.jpg","contentUrl":"https:\/\/vorulagerinn.is\/wp-content\/uploads\/2024\/12\/X9-PRO.jpg","width":722,"height":636},{"@type":"BreadcrumbList","@id":"https:\/\/vorulagerinn.is\/product\/x9-pro-leikjavel-med-30-000-innbyggdum-leikjum\/#breadcrumb","itemListElement":[{"@type":"ListItem","position":1,"name":"Home","item":"https:\/\/vorulagerinn.is\/"},{"@type":"ListItem","position":2,"name":"Shop","item":"https:\/\/vorulagerinn.is\/en\/shop\/"},{"@type":"ListItem","position":3,"name":"X9 Pro leikjav\u00e9l me\u00f0 30.000 innbygg\u00f0um leikjum"}]},{"@type":"WebSite","@id":"https:\/\/vorulagerinn.is\/#website","url":"https:\/\/vorulagerinn.is\/","name":"V\u00f6rulagerinn","description":"L\u00e1ttu \u00fea\u00f0 eftir \u00fe\u00e9r","publisher":{"@id":"https:\/\/vorulagerinn.is\/#organization"},"potentialAction":[{"@type":"SearchAction","target":{"@type":"EntryPoint","urlTemplate":"https:\/\/vorulagerinn.is\/?s={search_term_string}"},"query-input":{"@type":"PropertyValueSpecification","valueRequired":true,"valueName":"search_term_string"}}],"inLanguage":"en-US"},{"@type":"Organization","@id":"https:\/\/vorulagerinn.is\/#organization","name":"V\u00f6rulagerinn","url":"https:\/\/vorulagerinn.is\/","logo":{"@type":"ImageObject","inLanguage":"en-US","@id":"https:\/\/vorulagerinn.is\/#\/schema\/logo\/image\/","url":"https:\/\/vorulagerinn.is\/wp-content\/uploads\/2022\/09\/Vorulagerinn-Logo-588x160-1.png","contentUrl":"https:\/\/vorulagerinn.is\/wp-content\/uploads\/2022\/09\/Vorulagerinn-Logo-588x160-1.png","width":588,"height":160,"caption":"V\u00f6rulagerinn"},"image":{"@id":"https:\/\/vorulagerinn.is\/#\/schema\/logo\/image\/"},"sameAs":["https:\/\/www.facebook.com\/vorulagerinn","https:\/\/www.instagram.com\/vorulagerinn\/"]}]},"product_price_amount":"11995","product_price_currency":"ISK","og_availability":"instock","product_availability":"instock","product_retailer_item_id":"X9 Pro","product_condition":"new"},"_links":{"self":[{"href":"https:\/\/vorulagerinn.is\/en\/wp-json\/wp\/v2\/product\/25837","targetHints":{"allow":["GET"]}}],"collection":[{"href":"https:\/\/vorulagerinn.is\/en\/wp-json\/wp\/v2\/product"}],"about":[{"href":"https:\/\/vorulagerinn.is\/en\/wp-json\/wp\/v2\/types\/product"}],"wp:featuredmedia":[{"embeddable":true,"href":"https:\/\/vorulagerinn.is\/en\/wp-json\/wp\/v2\/media\/25838"}],"wp:attachment":[{"href":"https:\/\/vorulagerinn.is\/en\/wp-json\/wp\/v2\/media?parent=25837"}],"wp:term":[{"taxonomy":"product_brand","embeddable":true,"href":"https:\/\/vorulagerinn.is\/en\/wp-json\/wp\/v2\/product_brand?post=25837"},{"taxonomy":"product_cat","embeddable":true,"href":"https:\/\/vorulagerinn.is\/en\/wp-json\/wp\/v2\/product_cat?post=25837"},{"taxonomy":"product_tag","embeddable":true,"href":"https:\/\/vorulagerinn.is\/en\/wp-json\/wp\/v2\/product_tag?post=25837"}],"curies":[{"name":"wp","href":"https:\/\/api.w.org\/{rel}","templated":true}]}}