{"id":25875,"date":"2024-12-05T09:00:59","date_gmt":"2024-12-05T09:00:59","guid":{"rendered":"https:\/\/vorulagerinn.is\/?post_type=product&#038;p=25875"},"modified":"2025-09-18T15:09:25","modified_gmt":"2025-09-18T15:09:25","slug":"stjornuvarpi-geimfarans-fyrir-bornin","status":"publish","type":"product","link":"https:\/\/vorulagerinn.is\/en\/product\/stjornuvarpi-geimfarans-fyrir-bornin\/","title":{"rendered":"Stj\u00f6rnuvarpi geimfarans"},"content":{"rendered":"","protected":false},"excerpt":{"rendered":"<p>Skemmtilegur stj\u00f6rnuvarpi fyrir b\u00f6rnin me\u00f0 \u00e1tta mismunandi stillingum af vetrarbrautinni, \u00feokum og stj\u00f6rnum. \u00deegar kveikt er \u00e1 stj\u00f6rnuvarpanum kastar hann n\u00e6turhimninum \u00e1 lofti\u00f0 \u00ed herberginu heima og f\u00e6rir \u00fe\u00e9r himingeiminn \u00e1 hreyfingu. Fr\u00e1b\u00e6r gj\u00f6f fyrir yngri kynsl\u00f3\u00f0ina.<\/p>\n<p>Litur: Hv\u00edtur og svartur<br \/>\nSt\u00e6r\u00f0: 8,6 x 7,6 x 12,5 cm<br \/>\n\u00deyngd: 170g<br \/>\n8 mismunandi<br \/>\nFjarst\u00fdring (2x AAA rafhla\u00f0a)<br \/>\nLei\u00f0beiningar og USB sn\u00fara fylgja me\u00f0<\/p>\n","protected":false},"featured_media":25880,"template":"","meta":[],"product_brand":[],"product_cat":[167],"product_tag":[],"class_list":{"0":"post-25875","1":"product","2":"type-product","3":"status-publish","4":"has-post-thumbnail","6":"product_cat-heimilid","8":"first","9":"outofstock","10":"taxable","11":"shipping-taxable","12":"purchasable","13":"product-type-variable"},"supplier_id":null,"supplier_sku":"","barcode":null,"atum_controlled":true,"out_stock_date":null,"out_stock_threshold":null,"inheritable":false,"inbound_stock":0,"stock_on_hold":0,"sold_today":0,"sales_last_days":0,"reserved_stock":0,"customer_returns":0,"warehouse_damage":0,"lost_in_post":0,"other_logs":0,"out_stock_days":0,"lost_sales":0,"has_location":null,"update_date":"2026-04-19T00:22:37","atum_locations":[],"atum_stock_status":"outofstock","restock_status":false,"low_stock_amount":"","sales_update_date":"2026-04-19T00:22:37","calc_backorders":null,"yoast_head":"<!-- This site is optimized with the Yoast SEO Premium plugin v26.6 (Yoast SEO v27.3) - https:\/\/yoast.com\/product\/yoast-seo-premium-wordpress\/ -->\n<title>Stj\u00f6rnuvarpi geimfarans - V&ouml;rulagerinn<\/title>\n<meta name=\"description\" content=\"Skemmtilegur stj\u00f6rnuvarpi fyrir b\u00f6rnin me\u00f0 \u00e1tta mismunandi stillingum af vetrarbrautinni, \u00feokum og stj\u00f6rnum. Fr\u00e1b\u00e6r gj\u00f6f fyrir yngri kynsl\u00f3\u00f0ina.\" \/>\n<meta name=\"robots\" content=\"index, follow, max-snippet:-1, max-image-preview:large, max-video-preview:-1\" \/>\n<link rel=\"canonical\" href=\"https:\/\/vorulagerinn.is\/product\/stjornuvarpi-geimfarans-fyrir-bornin\/\" \/>\n<meta property=\"og:locale\" content=\"en_US\" \/>\n<meta property=\"og:type\" content=\"article\" \/>\n<meta property=\"og:title\" content=\"Stj\u00f6rnuvarpi geimfarans\" \/>\n<meta property=\"og:description\" content=\"Skemmtilegur stj\u00f6rnuvarpi fyrir b\u00f6rnin me\u00f0 \u00e1tta mismunandi stillingum af vetrarbrautinni, \u00feokum og stj\u00f6rnum. Fr\u00e1b\u00e6r gj\u00f6f fyrir yngri kynsl\u00f3\u00f0ina.\" \/>\n<meta property=\"og:url\" content=\"https:\/\/vorulagerinn.is\/product\/stjornuvarpi-geimfarans-fyrir-bornin\/\" \/>\n<meta property=\"og:site_name\" content=\"V&ouml;rulagerinn\" \/>\n<meta property=\"article:publisher\" content=\"https:\/\/www.facebook.com\/vorulagerinn\" \/>\n<meta property=\"article:modified_time\" content=\"2025-09-18T15:09:25+00:00\" \/>\n<meta property=\"og:image\" content=\"https:\/\/vorulagerinn.is\/wp-content\/uploads\/2024\/12\/Stjornuvarpi-geimfarans-fyrir-bornin_.jpg\" \/>\n\t<meta property=\"og:image:width\" content=\"600\" \/>\n\t<meta property=\"og:image:height\" content=\"600\" \/>\n\t<meta property=\"og:image:type\" content=\"image\/jpeg\" \/>\n<meta name=\"twitter:card\" content=\"summary_large_image\" \/>\n<meta name=\"twitter:label1\" content=\"Availability\" \/>\n\t<meta name=\"twitter:data1\" content=\"Out of stock\" \/>\n<script type=\"application\/ld+json\" class=\"yoast-schema-graph\">{\"@context\":\"https:\\\/\\\/schema.org\",\"@graph\":[{\"@type\":\"WebPage\",\"@id\":\"https:\\\/\\\/vorulagerinn.is\\\/product\\\/stjornuvarpi-geimfarans-fyrir-bornin\\\/\",\"url\":\"https:\\\/\\\/vorulagerinn.is\\\/product\\\/stjornuvarpi-geimfarans-fyrir-bornin\\\/\",\"name\":\"Stj\u00f6rnuvarpi geimfarans - V&ouml;rulagerinn\",\"isPartOf\":{\"@id\":\"https:\\\/\\\/vorulagerinn.is\\\/#website\"},\"primaryImageOfPage\":{\"@id\":\"https:\\\/\\\/vorulagerinn.is\\\/product\\\/stjornuvarpi-geimfarans-fyrir-bornin\\\/#primaryimage\"},\"image\":{\"@id\":\"https:\\\/\\\/vorulagerinn.is\\\/product\\\/stjornuvarpi-geimfarans-fyrir-bornin\\\/#primaryimage\"},\"thumbnailUrl\":\"https:\\\/\\\/vorulagerinn.is\\\/wp-content\\\/uploads\\\/2024\\\/12\\\/Stjornuvarpi-geimfarans-fyrir-bornin_.jpg\",\"datePublished\":\"2024-12-05T09:00:59+00:00\",\"dateModified\":\"2025-09-18T15:09:25+00:00\",\"description\":\"Skemmtilegur stj\u00f6rnuvarpi fyrir b\u00f6rnin me\u00f0 \u00e1tta mismunandi stillingum af vetrarbrautinni, \u00feokum og stj\u00f6rnum. Fr\u00e1b\u00e6r gj\u00f6f fyrir yngri kynsl\u00f3\u00f0ina.\",\"breadcrumb\":{\"@id\":\"https:\\\/\\\/vorulagerinn.is\\\/product\\\/stjornuvarpi-geimfarans-fyrir-bornin\\\/#breadcrumb\"},\"inLanguage\":\"en-US\",\"potentialAction\":[{\"@type\":\"ReadAction\",\"target\":[\"https:\\\/\\\/vorulagerinn.is\\\/product\\\/stjornuvarpi-geimfarans-fyrir-bornin\\\/\"]}]},{\"@type\":\"ImageObject\",\"inLanguage\":\"en-US\",\"@id\":\"https:\\\/\\\/vorulagerinn.is\\\/product\\\/stjornuvarpi-geimfarans-fyrir-bornin\\\/#primaryimage\",\"url\":\"https:\\\/\\\/vorulagerinn.is\\\/wp-content\\\/uploads\\\/2024\\\/12\\\/Stjornuvarpi-geimfarans-fyrir-bornin_.jpg\",\"contentUrl\":\"https:\\\/\\\/vorulagerinn.is\\\/wp-content\\\/uploads\\\/2024\\\/12\\\/Stjornuvarpi-geimfarans-fyrir-bornin_.jpg\",\"width\":600,\"height\":600},{\"@type\":\"BreadcrumbList\",\"@id\":\"https:\\\/\\\/vorulagerinn.is\\\/product\\\/stjornuvarpi-geimfarans-fyrir-bornin\\\/#breadcrumb\",\"itemListElement\":[{\"@type\":\"ListItem\",\"position\":1,\"name\":\"Home\",\"item\":\"https:\\\/\\\/vorulagerinn.is\\\/\"},{\"@type\":\"ListItem\",\"position\":2,\"name\":\"Shop\",\"item\":\"https:\\\/\\\/vorulagerinn.is\\\/en\\\/shop\\\/\"},{\"@type\":\"ListItem\",\"position\":3,\"name\":\"Stj\u00f6rnuvarpi geimfarans\"}]},{\"@type\":\"WebSite\",\"@id\":\"https:\\\/\\\/vorulagerinn.is\\\/#website\",\"url\":\"https:\\\/\\\/vorulagerinn.is\\\/\",\"name\":\"V\u00f6rulagerinn\",\"description\":\"L\u00e1ttu \u00fea\u00f0 eftir \u00fe\u00e9r\",\"publisher\":{\"@id\":\"https:\\\/\\\/vorulagerinn.is\\\/#organization\"},\"potentialAction\":[{\"@type\":\"SearchAction\",\"target\":{\"@type\":\"EntryPoint\",\"urlTemplate\":\"https:\\\/\\\/vorulagerinn.is\\\/?s={search_term_string}\"},\"query-input\":{\"@type\":\"PropertyValueSpecification\",\"valueRequired\":true,\"valueName\":\"search_term_string\"}}],\"inLanguage\":\"en-US\"},{\"@type\":\"Organization\",\"@id\":\"https:\\\/\\\/vorulagerinn.is\\\/#organization\",\"name\":\"V\u00f6rulagerinn\",\"url\":\"https:\\\/\\\/vorulagerinn.is\\\/\",\"logo\":{\"@type\":\"ImageObject\",\"inLanguage\":\"en-US\",\"@id\":\"https:\\\/\\\/vorulagerinn.is\\\/#\\\/schema\\\/logo\\\/image\\\/\",\"url\":\"https:\\\/\\\/vorulagerinn.is\\\/wp-content\\\/uploads\\\/2022\\\/09\\\/Vorulagerinn-Logo-588x160-1.png\",\"contentUrl\":\"https:\\\/\\\/vorulagerinn.is\\\/wp-content\\\/uploads\\\/2022\\\/09\\\/Vorulagerinn-Logo-588x160-1.png\",\"width\":588,\"height\":160,\"caption\":\"V\u00f6rulagerinn\"},\"image\":{\"@id\":\"https:\\\/\\\/vorulagerinn.is\\\/#\\\/schema\\\/logo\\\/image\\\/\"},\"sameAs\":[\"https:\\\/\\\/www.facebook.com\\\/vorulagerinn\",\"https:\\\/\\\/www.instagram.com\\\/vorulagerinn\\\/\"]}]}<\/script>\n<meta property=\"og:availability\" content=\"out of stock\" \/>\n<meta property=\"product:availability\" content=\"out of stock\" \/>\n<meta property=\"product:retailer_item_id\" content=\"VSG-01\" \/>\n<meta property=\"product:condition\" content=\"new\" \/>\n<!-- \/ Yoast SEO Premium plugin. -->","yoast_head_json":{"title":"Stj\u00f6rnuvarpi geimfarans - V&ouml;rulagerinn","description":"Skemmtilegur stj\u00f6rnuvarpi fyrir b\u00f6rnin me\u00f0 \u00e1tta mismunandi stillingum af vetrarbrautinni, \u00feokum og stj\u00f6rnum. Fr\u00e1b\u00e6r gj\u00f6f fyrir yngri kynsl\u00f3\u00f0ina.","robots":{"index":"index","follow":"follow","max-snippet":"max-snippet:-1","max-image-preview":"max-image-preview:large","max-video-preview":"max-video-preview:-1"},"canonical":"https:\/\/vorulagerinn.is\/product\/stjornuvarpi-geimfarans-fyrir-bornin\/","og_locale":"en_US","og_type":"article","og_title":"Stj\u00f6rnuvarpi geimfarans","og_description":"Skemmtilegur stj\u00f6rnuvarpi fyrir b\u00f6rnin me\u00f0 \u00e1tta mismunandi stillingum af vetrarbrautinni, \u00feokum og stj\u00f6rnum. Fr\u00e1b\u00e6r gj\u00f6f fyrir yngri kynsl\u00f3\u00f0ina.","og_url":"https:\/\/vorulagerinn.is\/product\/stjornuvarpi-geimfarans-fyrir-bornin\/","og_site_name":"V&ouml;rulagerinn","article_publisher":"https:\/\/www.facebook.com\/vorulagerinn","article_modified_time":"2025-09-18T15:09:25+00:00","og_image":[{"width":600,"height":600,"url":"https:\/\/vorulagerinn.is\/wp-content\/uploads\/2024\/12\/Stjornuvarpi-geimfarans-fyrir-bornin_.jpg","type":"image\/jpeg"}],"twitter_card":"summary_large_image","twitter_misc":{"Availability":"Out of stock"},"schema":{"@context":"https:\/\/schema.org","@graph":[{"@type":"WebPage","@id":"https:\/\/vorulagerinn.is\/product\/stjornuvarpi-geimfarans-fyrir-bornin\/","url":"https:\/\/vorulagerinn.is\/product\/stjornuvarpi-geimfarans-fyrir-bornin\/","name":"Stj\u00f6rnuvarpi geimfarans - V&ouml;rulagerinn","isPartOf":{"@id":"https:\/\/vorulagerinn.is\/#website"},"primaryImageOfPage":{"@id":"https:\/\/vorulagerinn.is\/product\/stjornuvarpi-geimfarans-fyrir-bornin\/#primaryimage"},"image":{"@id":"https:\/\/vorulagerinn.is\/product\/stjornuvarpi-geimfarans-fyrir-bornin\/#primaryimage"},"thumbnailUrl":"https:\/\/vorulagerinn.is\/wp-content\/uploads\/2024\/12\/Stjornuvarpi-geimfarans-fyrir-bornin_.jpg","datePublished":"2024-12-05T09:00:59+00:00","dateModified":"2025-09-18T15:09:25+00:00","description":"Skemmtilegur stj\u00f6rnuvarpi fyrir b\u00f6rnin me\u00f0 \u00e1tta mismunandi stillingum af vetrarbrautinni, \u00feokum og stj\u00f6rnum. Fr\u00e1b\u00e6r gj\u00f6f fyrir yngri kynsl\u00f3\u00f0ina.","breadcrumb":{"@id":"https:\/\/vorulagerinn.is\/product\/stjornuvarpi-geimfarans-fyrir-bornin\/#breadcrumb"},"inLanguage":"en-US","potentialAction":[{"@type":"ReadAction","target":["https:\/\/vorulagerinn.is\/product\/stjornuvarpi-geimfarans-fyrir-bornin\/"]}]},{"@type":"ImageObject","inLanguage":"en-US","@id":"https:\/\/vorulagerinn.is\/product\/stjornuvarpi-geimfarans-fyrir-bornin\/#primaryimage","url":"https:\/\/vorulagerinn.is\/wp-content\/uploads\/2024\/12\/Stjornuvarpi-geimfarans-fyrir-bornin_.jpg","contentUrl":"https:\/\/vorulagerinn.is\/wp-content\/uploads\/2024\/12\/Stjornuvarpi-geimfarans-fyrir-bornin_.jpg","width":600,"height":600},{"@type":"BreadcrumbList","@id":"https:\/\/vorulagerinn.is\/product\/stjornuvarpi-geimfarans-fyrir-bornin\/#breadcrumb","itemListElement":[{"@type":"ListItem","position":1,"name":"Home","item":"https:\/\/vorulagerinn.is\/"},{"@type":"ListItem","position":2,"name":"Shop","item":"https:\/\/vorulagerinn.is\/en\/shop\/"},{"@type":"ListItem","position":3,"name":"Stj\u00f6rnuvarpi geimfarans"}]},{"@type":"WebSite","@id":"https:\/\/vorulagerinn.is\/#website","url":"https:\/\/vorulagerinn.is\/","name":"V\u00f6rulagerinn","description":"L\u00e1ttu \u00fea\u00f0 eftir \u00fe\u00e9r","publisher":{"@id":"https:\/\/vorulagerinn.is\/#organization"},"potentialAction":[{"@type":"SearchAction","target":{"@type":"EntryPoint","urlTemplate":"https:\/\/vorulagerinn.is\/?s={search_term_string}"},"query-input":{"@type":"PropertyValueSpecification","valueRequired":true,"valueName":"search_term_string"}}],"inLanguage":"en-US"},{"@type":"Organization","@id":"https:\/\/vorulagerinn.is\/#organization","name":"V\u00f6rulagerinn","url":"https:\/\/vorulagerinn.is\/","logo":{"@type":"ImageObject","inLanguage":"en-US","@id":"https:\/\/vorulagerinn.is\/#\/schema\/logo\/image\/","url":"https:\/\/vorulagerinn.is\/wp-content\/uploads\/2022\/09\/Vorulagerinn-Logo-588x160-1.png","contentUrl":"https:\/\/vorulagerinn.is\/wp-content\/uploads\/2022\/09\/Vorulagerinn-Logo-588x160-1.png","width":588,"height":160,"caption":"V\u00f6rulagerinn"},"image":{"@id":"https:\/\/vorulagerinn.is\/#\/schema\/logo\/image\/"},"sameAs":["https:\/\/www.facebook.com\/vorulagerinn","https:\/\/www.instagram.com\/vorulagerinn\/"]}]},"og_availability":"out of stock","product_availability":"out of stock","product_retailer_item_id":"VSG-01","product_condition":"new"},"_links":{"self":[{"href":"https:\/\/vorulagerinn.is\/en\/wp-json\/wp\/v2\/product\/25875","targetHints":{"allow":["GET"]}}],"collection":[{"href":"https:\/\/vorulagerinn.is\/en\/wp-json\/wp\/v2\/product"}],"about":[{"href":"https:\/\/vorulagerinn.is\/en\/wp-json\/wp\/v2\/types\/product"}],"wp:featuredmedia":[{"embeddable":true,"href":"https:\/\/vorulagerinn.is\/en\/wp-json\/wp\/v2\/media\/25880"}],"wp:attachment":[{"href":"https:\/\/vorulagerinn.is\/en\/wp-json\/wp\/v2\/media?parent=25875"}],"wp:term":[{"taxonomy":"product_brand","embeddable":true,"href":"https:\/\/vorulagerinn.is\/en\/wp-json\/wp\/v2\/product_brand?post=25875"},{"taxonomy":"product_cat","embeddable":true,"href":"https:\/\/vorulagerinn.is\/en\/wp-json\/wp\/v2\/product_cat?post=25875"},{"taxonomy":"product_tag","embeddable":true,"href":"https:\/\/vorulagerinn.is\/en\/wp-json\/wp\/v2\/product_tag?post=25875"}],"curies":[{"name":"wp","href":"https:\/\/api.w.org\/{rel}","templated":true}]}}