{"id":25894,"date":"2024-12-07T09:49:03","date_gmt":"2024-12-07T09:49:03","guid":{"rendered":"https:\/\/vorulagerinn.is\/?post_type=product&#038;p=25894"},"modified":"2026-02-11T08:20:54","modified_gmt":"2026-02-11T08:20:54","slug":"stjornuvarpi-i-formi-risaedlueggs","status":"publish","type":"product","link":"https:\/\/vorulagerinn.is\/en\/product\/stjornuvarpi-i-formi-risaedlueggs\/","title":{"rendered":"Stj\u00f6rnuvarpi \u00ed formi risae\u00f0lueggs"},"content":{"rendered":"","protected":false},"excerpt":{"rendered":"<p>N\u00e6turlj\u00f3s sem kastar n\u00e6turhimninum \u00e1 hreyfingu \u00e1 lofti\u00f0 heima hj\u00e1 \u00fe\u00e9r. Skemmtileg h\u00f6nnun \u00ed formi risae\u00f0lueggs me\u00f0 Bluetooth og innbygg\u00f0um h\u00e1talara, svefnstillingu og breytilegum lj\u00f3sastillingum. Tilvalin gjafavara sem hittir beint \u00ed mark.<\/p>\n<p>\u2013 Litur Hv\u00edtur me\u00f0 sv\u00f6rtum l\u00ednum<br \/>\n\u2013 St\u00e6r\u00f0: 16\u00d712 cm<br \/>\n\u2013 Fjarst\u00fdring, lei\u00f0beiningar og UPS-C hle\u00f0slusn\u00fara fylgja me\u00f0<\/p>\n<p>&nbsp;<\/p>\n","protected":false},"featured_media":25924,"template":"","meta":[],"product_brand":[],"product_cat":[167],"product_tag":[],"class_list":{"0":"post-25894","1":"product","2":"type-product","3":"status-publish","4":"has-post-thumbnail","6":"product_cat-heimilid","8":"first","9":"instock","10":"taxable","11":"shipping-taxable","12":"purchasable","13":"product-type-simple"},"supplier_id":null,"supplier_sku":"","barcode":null,"atum_controlled":true,"out_stock_date":null,"out_stock_threshold":null,"inheritable":false,"inbound_stock":0,"stock_on_hold":0,"sold_today":0,"sales_last_days":0,"reserved_stock":0,"customer_returns":0,"warehouse_damage":0,"lost_in_post":0,"other_logs":0,"out_stock_days":0,"lost_sales":0,"has_location":false,"update_date":"2026-04-12T00:15:23","atum_locations":[],"atum_stock_status":"instock","restock_status":false,"low_stock_amount":"","sales_update_date":"2026-04-12T00:15:23","calc_backorders":null,"yoast_head":"<!-- This site is optimized with the Yoast SEO Premium plugin v26.6 (Yoast SEO v27.3) - https:\/\/yoast.com\/product\/yoast-seo-premium-wordpress\/ -->\n<title>Stj\u00f6rnuvarpi \u00ed formi risae\u00f0lueggs - vorulagerinn.is<\/title>\n<meta name=\"description\" content=\"N\u00e6turlj\u00f3s sem kastar n\u00e6turhimninum \u00e1 lofti\u00f0 heima hj\u00e1 \u00fe\u00e9r. Skemmtileg h\u00f6nnun \u00ed formi risae\u00f0lueggs me\u00f0 BT, h\u00e1talara, svefnstillingu &amp; lj\u00f3sastillingum.\" \/>\n<meta name=\"robots\" content=\"index, follow, max-snippet:-1, max-image-preview:large, max-video-preview:-1\" \/>\n<link rel=\"canonical\" href=\"https:\/\/vorulagerinn.is\/product\/stjornuvarpi-i-formi-risaedlueggs\/\" \/>\n<meta property=\"og:locale\" content=\"en_US\" \/>\n<meta property=\"og:type\" content=\"article\" \/>\n<meta property=\"og:title\" content=\"Stj\u00f6rnuvarpi \u00ed formi risae\u00f0lueggs\" \/>\n<meta property=\"og:description\" content=\"N\u00e6turlj\u00f3s sem kastar n\u00e6turhimninum \u00e1 lofti\u00f0 heima hj\u00e1 \u00fe\u00e9r. Skemmtileg h\u00f6nnun \u00ed formi risae\u00f0lueggs me\u00f0 BT, h\u00e1talara, svefnstillingu &amp; lj\u00f3sastillingum.\" \/>\n<meta property=\"og:url\" content=\"https:\/\/vorulagerinn.is\/product\/stjornuvarpi-i-formi-risaedlueggs\/\" \/>\n<meta property=\"og:site_name\" content=\"V&ouml;rulagerinn\" \/>\n<meta property=\"article:publisher\" content=\"https:\/\/www.facebook.com\/vorulagerinn\" \/>\n<meta property=\"article:modified_time\" content=\"2026-02-11T08:20:54+00:00\" \/>\n<meta property=\"og:image\" content=\"https:\/\/vorulagerinn.is\/wp-content\/uploads\/2024\/12\/Stjornuvarpi-i-formi-risaedlueggs-vorulagerinn.is_.jpg\" \/>\n\t<meta property=\"og:image:width\" content=\"600\" \/>\n\t<meta property=\"og:image:height\" content=\"600\" \/>\n\t<meta property=\"og:image:type\" content=\"image\/jpeg\" \/>\n<meta name=\"twitter:card\" content=\"summary_large_image\" \/>\n<meta name=\"twitter:label1\" content=\"Price\" \/>\n\t<meta name=\"twitter:data1\" content=\"9.900&nbsp;kr.\" \/>\n\t<meta name=\"twitter:label2\" content=\"Availability\" \/>\n\t<meta name=\"twitter:data2\" content=\"In stock\" \/>\n<script type=\"application\/ld+json\" class=\"yoast-schema-graph\">{\"@context\":\"https:\\\/\\\/schema.org\",\"@graph\":[{\"@type\":\"WebPage\",\"@id\":\"https:\\\/\\\/vorulagerinn.is\\\/product\\\/stjornuvarpi-i-formi-risaedlueggs\\\/\",\"url\":\"https:\\\/\\\/vorulagerinn.is\\\/product\\\/stjornuvarpi-i-formi-risaedlueggs\\\/\",\"name\":\"Stj\u00f6rnuvarpi \u00ed formi risae\u00f0lueggs - vorulagerinn.is\",\"isPartOf\":{\"@id\":\"https:\\\/\\\/vorulagerinn.is\\\/#website\"},\"primaryImageOfPage\":{\"@id\":\"https:\\\/\\\/vorulagerinn.is\\\/product\\\/stjornuvarpi-i-formi-risaedlueggs\\\/#primaryimage\"},\"image\":{\"@id\":\"https:\\\/\\\/vorulagerinn.is\\\/product\\\/stjornuvarpi-i-formi-risaedlueggs\\\/#primaryimage\"},\"thumbnailUrl\":\"https:\\\/\\\/vorulagerinn.is\\\/wp-content\\\/uploads\\\/2024\\\/12\\\/Stjornuvarpi-i-formi-risaedlueggs-vorulagerinn.is_.jpg\",\"datePublished\":\"2024-12-07T09:49:03+00:00\",\"dateModified\":\"2026-02-11T08:20:54+00:00\",\"description\":\"N\u00e6turlj\u00f3s sem kastar n\u00e6turhimninum \u00e1 lofti\u00f0 heima hj\u00e1 \u00fe\u00e9r. Skemmtileg h\u00f6nnun \u00ed formi risae\u00f0lueggs me\u00f0 BT, h\u00e1talara, svefnstillingu & lj\u00f3sastillingum.\",\"breadcrumb\":{\"@id\":\"https:\\\/\\\/vorulagerinn.is\\\/product\\\/stjornuvarpi-i-formi-risaedlueggs\\\/#breadcrumb\"},\"inLanguage\":\"en-US\",\"potentialAction\":[{\"@type\":\"ReadAction\",\"target\":[\"https:\\\/\\\/vorulagerinn.is\\\/product\\\/stjornuvarpi-i-formi-risaedlueggs\\\/\"]}]},{\"@type\":\"ImageObject\",\"inLanguage\":\"en-US\",\"@id\":\"https:\\\/\\\/vorulagerinn.is\\\/product\\\/stjornuvarpi-i-formi-risaedlueggs\\\/#primaryimage\",\"url\":\"https:\\\/\\\/vorulagerinn.is\\\/wp-content\\\/uploads\\\/2024\\\/12\\\/Stjornuvarpi-i-formi-risaedlueggs-vorulagerinn.is_.jpg\",\"contentUrl\":\"https:\\\/\\\/vorulagerinn.is\\\/wp-content\\\/uploads\\\/2024\\\/12\\\/Stjornuvarpi-i-formi-risaedlueggs-vorulagerinn.is_.jpg\",\"width\":600,\"height\":600},{\"@type\":\"BreadcrumbList\",\"@id\":\"https:\\\/\\\/vorulagerinn.is\\\/product\\\/stjornuvarpi-i-formi-risaedlueggs\\\/#breadcrumb\",\"itemListElement\":[{\"@type\":\"ListItem\",\"position\":1,\"name\":\"Home\",\"item\":\"https:\\\/\\\/vorulagerinn.is\\\/\"},{\"@type\":\"ListItem\",\"position\":2,\"name\":\"Shop\",\"item\":\"https:\\\/\\\/vorulagerinn.is\\\/en\\\/shop\\\/\"},{\"@type\":\"ListItem\",\"position\":3,\"name\":\"Stj\u00f6rnuvarpi \u00ed formi risae\u00f0lueggs\"}]},{\"@type\":\"WebSite\",\"@id\":\"https:\\\/\\\/vorulagerinn.is\\\/#website\",\"url\":\"https:\\\/\\\/vorulagerinn.is\\\/\",\"name\":\"V\u00f6rulagerinn\",\"description\":\"L\u00e1ttu \u00fea\u00f0 eftir \u00fe\u00e9r\",\"publisher\":{\"@id\":\"https:\\\/\\\/vorulagerinn.is\\\/#organization\"},\"potentialAction\":[{\"@type\":\"SearchAction\",\"target\":{\"@type\":\"EntryPoint\",\"urlTemplate\":\"https:\\\/\\\/vorulagerinn.is\\\/?s={search_term_string}\"},\"query-input\":{\"@type\":\"PropertyValueSpecification\",\"valueRequired\":true,\"valueName\":\"search_term_string\"}}],\"inLanguage\":\"en-US\"},{\"@type\":\"Organization\",\"@id\":\"https:\\\/\\\/vorulagerinn.is\\\/#organization\",\"name\":\"V\u00f6rulagerinn\",\"url\":\"https:\\\/\\\/vorulagerinn.is\\\/\",\"logo\":{\"@type\":\"ImageObject\",\"inLanguage\":\"en-US\",\"@id\":\"https:\\\/\\\/vorulagerinn.is\\\/#\\\/schema\\\/logo\\\/image\\\/\",\"url\":\"https:\\\/\\\/vorulagerinn.is\\\/wp-content\\\/uploads\\\/2022\\\/09\\\/Vorulagerinn-Logo-588x160-1.png\",\"contentUrl\":\"https:\\\/\\\/vorulagerinn.is\\\/wp-content\\\/uploads\\\/2022\\\/09\\\/Vorulagerinn-Logo-588x160-1.png\",\"width\":588,\"height\":160,\"caption\":\"V\u00f6rulagerinn\"},\"image\":{\"@id\":\"https:\\\/\\\/vorulagerinn.is\\\/#\\\/schema\\\/logo\\\/image\\\/\"},\"sameAs\":[\"https:\\\/\\\/www.facebook.com\\\/vorulagerinn\",\"https:\\\/\\\/www.instagram.com\\\/vorulagerinn\\\/\"]}]}<\/script>\n<meta property=\"product:price:amount\" content=\"9900\" \/>\n<meta property=\"product:price:currency\" content=\"ISK\" \/>\n<meta property=\"og:availability\" content=\"instock\" \/>\n<meta property=\"product:availability\" content=\"instock\" \/>\n<meta property=\"product:retailer_item_id\" content=\"VSRE-02\" \/>\n<meta property=\"product:condition\" content=\"new\" \/>\n<!-- \/ Yoast SEO Premium plugin. -->","yoast_head_json":{"title":"Stj\u00f6rnuvarpi \u00ed formi risae\u00f0lueggs - vorulagerinn.is","description":"N\u00e6turlj\u00f3s sem kastar n\u00e6turhimninum \u00e1 lofti\u00f0 heima hj\u00e1 \u00fe\u00e9r. Skemmtileg h\u00f6nnun \u00ed formi risae\u00f0lueggs me\u00f0 BT, h\u00e1talara, svefnstillingu & lj\u00f3sastillingum.","robots":{"index":"index","follow":"follow","max-snippet":"max-snippet:-1","max-image-preview":"max-image-preview:large","max-video-preview":"max-video-preview:-1"},"canonical":"https:\/\/vorulagerinn.is\/product\/stjornuvarpi-i-formi-risaedlueggs\/","og_locale":"en_US","og_type":"article","og_title":"Stj\u00f6rnuvarpi \u00ed formi risae\u00f0lueggs","og_description":"N\u00e6turlj\u00f3s sem kastar n\u00e6turhimninum \u00e1 lofti\u00f0 heima hj\u00e1 \u00fe\u00e9r. Skemmtileg h\u00f6nnun \u00ed formi risae\u00f0lueggs me\u00f0 BT, h\u00e1talara, svefnstillingu & lj\u00f3sastillingum.","og_url":"https:\/\/vorulagerinn.is\/product\/stjornuvarpi-i-formi-risaedlueggs\/","og_site_name":"V&ouml;rulagerinn","article_publisher":"https:\/\/www.facebook.com\/vorulagerinn","article_modified_time":"2026-02-11T08:20:54+00:00","og_image":[{"width":600,"height":600,"url":"https:\/\/vorulagerinn.is\/wp-content\/uploads\/2024\/12\/Stjornuvarpi-i-formi-risaedlueggs-vorulagerinn.is_.jpg","type":"image\/jpeg"}],"twitter_card":"summary_large_image","twitter_misc":{"Price":"9.900&nbsp;kr.","Availability":"In stock"},"schema":{"@context":"https:\/\/schema.org","@graph":[{"@type":"WebPage","@id":"https:\/\/vorulagerinn.is\/product\/stjornuvarpi-i-formi-risaedlueggs\/","url":"https:\/\/vorulagerinn.is\/product\/stjornuvarpi-i-formi-risaedlueggs\/","name":"Stj\u00f6rnuvarpi \u00ed formi risae\u00f0lueggs - vorulagerinn.is","isPartOf":{"@id":"https:\/\/vorulagerinn.is\/#website"},"primaryImageOfPage":{"@id":"https:\/\/vorulagerinn.is\/product\/stjornuvarpi-i-formi-risaedlueggs\/#primaryimage"},"image":{"@id":"https:\/\/vorulagerinn.is\/product\/stjornuvarpi-i-formi-risaedlueggs\/#primaryimage"},"thumbnailUrl":"https:\/\/vorulagerinn.is\/wp-content\/uploads\/2024\/12\/Stjornuvarpi-i-formi-risaedlueggs-vorulagerinn.is_.jpg","datePublished":"2024-12-07T09:49:03+00:00","dateModified":"2026-02-11T08:20:54+00:00","description":"N\u00e6turlj\u00f3s sem kastar n\u00e6turhimninum \u00e1 lofti\u00f0 heima hj\u00e1 \u00fe\u00e9r. Skemmtileg h\u00f6nnun \u00ed formi risae\u00f0lueggs me\u00f0 BT, h\u00e1talara, svefnstillingu & lj\u00f3sastillingum.","breadcrumb":{"@id":"https:\/\/vorulagerinn.is\/product\/stjornuvarpi-i-formi-risaedlueggs\/#breadcrumb"},"inLanguage":"en-US","potentialAction":[{"@type":"ReadAction","target":["https:\/\/vorulagerinn.is\/product\/stjornuvarpi-i-formi-risaedlueggs\/"]}]},{"@type":"ImageObject","inLanguage":"en-US","@id":"https:\/\/vorulagerinn.is\/product\/stjornuvarpi-i-formi-risaedlueggs\/#primaryimage","url":"https:\/\/vorulagerinn.is\/wp-content\/uploads\/2024\/12\/Stjornuvarpi-i-formi-risaedlueggs-vorulagerinn.is_.jpg","contentUrl":"https:\/\/vorulagerinn.is\/wp-content\/uploads\/2024\/12\/Stjornuvarpi-i-formi-risaedlueggs-vorulagerinn.is_.jpg","width":600,"height":600},{"@type":"BreadcrumbList","@id":"https:\/\/vorulagerinn.is\/product\/stjornuvarpi-i-formi-risaedlueggs\/#breadcrumb","itemListElement":[{"@type":"ListItem","position":1,"name":"Home","item":"https:\/\/vorulagerinn.is\/"},{"@type":"ListItem","position":2,"name":"Shop","item":"https:\/\/vorulagerinn.is\/en\/shop\/"},{"@type":"ListItem","position":3,"name":"Stj\u00f6rnuvarpi \u00ed formi risae\u00f0lueggs"}]},{"@type":"WebSite","@id":"https:\/\/vorulagerinn.is\/#website","url":"https:\/\/vorulagerinn.is\/","name":"V\u00f6rulagerinn","description":"L\u00e1ttu \u00fea\u00f0 eftir \u00fe\u00e9r","publisher":{"@id":"https:\/\/vorulagerinn.is\/#organization"},"potentialAction":[{"@type":"SearchAction","target":{"@type":"EntryPoint","urlTemplate":"https:\/\/vorulagerinn.is\/?s={search_term_string}"},"query-input":{"@type":"PropertyValueSpecification","valueRequired":true,"valueName":"search_term_string"}}],"inLanguage":"en-US"},{"@type":"Organization","@id":"https:\/\/vorulagerinn.is\/#organization","name":"V\u00f6rulagerinn","url":"https:\/\/vorulagerinn.is\/","logo":{"@type":"ImageObject","inLanguage":"en-US","@id":"https:\/\/vorulagerinn.is\/#\/schema\/logo\/image\/","url":"https:\/\/vorulagerinn.is\/wp-content\/uploads\/2022\/09\/Vorulagerinn-Logo-588x160-1.png","contentUrl":"https:\/\/vorulagerinn.is\/wp-content\/uploads\/2022\/09\/Vorulagerinn-Logo-588x160-1.png","width":588,"height":160,"caption":"V\u00f6rulagerinn"},"image":{"@id":"https:\/\/vorulagerinn.is\/#\/schema\/logo\/image\/"},"sameAs":["https:\/\/www.facebook.com\/vorulagerinn","https:\/\/www.instagram.com\/vorulagerinn\/"]}]},"product_price_amount":"9900","product_price_currency":"ISK","og_availability":"instock","product_availability":"instock","product_retailer_item_id":"VSRE-02","product_condition":"new"},"_links":{"self":[{"href":"https:\/\/vorulagerinn.is\/en\/wp-json\/wp\/v2\/product\/25894","targetHints":{"allow":["GET"]}}],"collection":[{"href":"https:\/\/vorulagerinn.is\/en\/wp-json\/wp\/v2\/product"}],"about":[{"href":"https:\/\/vorulagerinn.is\/en\/wp-json\/wp\/v2\/types\/product"}],"wp:featuredmedia":[{"embeddable":true,"href":"https:\/\/vorulagerinn.is\/en\/wp-json\/wp\/v2\/media\/25924"}],"wp:attachment":[{"href":"https:\/\/vorulagerinn.is\/en\/wp-json\/wp\/v2\/media?parent=25894"}],"wp:term":[{"taxonomy":"product_brand","embeddable":true,"href":"https:\/\/vorulagerinn.is\/en\/wp-json\/wp\/v2\/product_brand?post=25894"},{"taxonomy":"product_cat","embeddable":true,"href":"https:\/\/vorulagerinn.is\/en\/wp-json\/wp\/v2\/product_cat?post=25894"},{"taxonomy":"product_tag","embeddable":true,"href":"https:\/\/vorulagerinn.is\/en\/wp-json\/wp\/v2\/product_tag?post=25894"}],"curies":[{"name":"wp","href":"https:\/\/api.w.org\/{rel}","templated":true}]}}