{"id":26095,"date":"2024-12-17T12:29:07","date_gmt":"2024-12-17T12:29:07","guid":{"rendered":"https:\/\/vorulagerinn.is\/?post_type=product&#038;p=26095"},"modified":"2026-02-17T12:37:21","modified_gmt":"2026-02-17T12:37:21","slug":"skartgripabox-med-holdu","status":"publish","type":"product","link":"https:\/\/vorulagerinn.is\/en\/product\/skartgripabox-med-holdu\/","title":{"rendered":"Skartgripabox me\u00f0 h\u00f6ldu"},"content":{"rendered":"","protected":false},"excerpt":{"rendered":"<p>Fallegt skartgripabox sem er loka\u00f0 me\u00f0 smellu. Skartgripaboxi\u00f0 er tv\u00edskipt me\u00f0 \u00feremur h\u00f3lfum (ni\u00f0ri) fyrir armb\u00f6nd, eyrnalokka og p\u00fa\u00f0a fyrir hringi. \u00c1 efri hluta eru \u00ferj\u00fa hengi fyrir h\u00e1lsmen og vasi fyrir hva\u00f0 sem er. Fr\u00e1b\u00e6r t\u00e6kif\u00e6isgj\u00f6f<\/p>\n<p>\u2013 Litur: Bleikur og hv\u00edtur<br \/>\n\u2013 10 x 9 x 5 cm<\/p>\n","protected":false},"featured_media":26096,"template":"","meta":[],"product_brand":[],"product_cat":[463],"product_tag":[],"class_list":{"0":"post-26095","1":"product","2":"type-product","3":"status-publish","4":"has-post-thumbnail","6":"product_cat-outlet","8":"first","9":"instock","10":"sale","11":"taxable","12":"shipping-taxable","13":"purchasable","14":"product-type-variable"},"supplier_id":null,"supplier_sku":"","barcode":null,"atum_controlled":true,"out_stock_date":null,"out_stock_threshold":null,"inheritable":true,"inbound_stock":null,"stock_on_hold":0,"sold_today":0,"sales_last_days":0,"reserved_stock":null,"customer_returns":null,"warehouse_damage":null,"lost_in_post":null,"other_logs":null,"out_stock_days":0,"lost_sales":0,"has_location":false,"update_date":"2026-04-19T00:22:47","atum_locations":[],"atum_stock_status":"instock","restock_status":false,"low_stock_amount":"","sales_update_date":"2026-04-19T00:22:47","calc_backorders":null,"yoast_head":"<!-- This site is optimized with the Yoast SEO Premium plugin v26.6 (Yoast SEO v27.3) - https:\/\/yoast.com\/product\/yoast-seo-premium-wordpress\/ -->\n<title>Skartgripabox me\u00f0 h\u00f6ldu fyrir hringa og h\u00e1lsmen<\/title>\n<meta name=\"description\" content=\"Skartgripaboxi\u00f0 er tv\u00edskipt me\u00f0 \u00feremur h\u00f3lfum (ni\u00f0ri) fyrir armb\u00f6nd, eyrnalokka og p\u00fa\u00f0a fyrir hringi. Uppi eru \u00ferj\u00fa hengi fyrir h\u00e1lsmen og hva\u00f0 sem er\" \/>\n<meta name=\"robots\" content=\"index, follow, max-snippet:-1, max-image-preview:large, max-video-preview:-1\" \/>\n<link rel=\"canonical\" href=\"https:\/\/vorulagerinn.is\/product\/skartgripabox-med-holdu\/\" \/>\n<meta property=\"og:locale\" content=\"en_US\" \/>\n<meta property=\"og:type\" content=\"article\" \/>\n<meta property=\"og:title\" content=\"Skartgripabox me\u00f0 h\u00f6ldu\" \/>\n<meta property=\"og:description\" content=\"Skartgripaboxi\u00f0 er tv\u00edskipt me\u00f0 \u00feremur h\u00f3lfum (ni\u00f0ri) fyrir armb\u00f6nd, eyrnalokka og p\u00fa\u00f0a fyrir hringi. Uppi eru \u00ferj\u00fa hengi fyrir h\u00e1lsmen og hva\u00f0 sem er\" \/>\n<meta property=\"og:url\" content=\"https:\/\/vorulagerinn.is\/product\/skartgripabox-med-holdu\/\" \/>\n<meta property=\"og:site_name\" content=\"V&ouml;rulagerinn\" \/>\n<meta property=\"article:publisher\" content=\"https:\/\/www.facebook.com\/vorulagerinn\" \/>\n<meta property=\"article:modified_time\" content=\"2026-02-17T12:37:21+00:00\" \/>\n<meta property=\"og:image\" content=\"https:\/\/vorulagerinn.is\/wp-content\/uploads\/2024\/12\/Skartgripabox-med-holdu.jpg\" \/>\n\t<meta property=\"og:image:width\" content=\"600\" \/>\n\t<meta property=\"og:image:height\" content=\"600\" \/>\n\t<meta property=\"og:image:type\" content=\"image\/jpeg\" \/>\n<meta name=\"twitter:card\" content=\"summary_large_image\" \/>\n<meta name=\"twitter:label1\" content=\"Availability\" \/>\n\t<meta name=\"twitter:data1\" content=\"In stock\" \/>\n<script type=\"application\/ld+json\" class=\"yoast-schema-graph\">{\"@context\":\"https:\\\/\\\/schema.org\",\"@graph\":[{\"@type\":\"WebPage\",\"@id\":\"https:\\\/\\\/vorulagerinn.is\\\/product\\\/skartgripabox-med-holdu\\\/\",\"url\":\"https:\\\/\\\/vorulagerinn.is\\\/product\\\/skartgripabox-med-holdu\\\/\",\"name\":\"Skartgripabox me\u00f0 h\u00f6ldu fyrir hringa og h\u00e1lsmen\",\"isPartOf\":{\"@id\":\"https:\\\/\\\/vorulagerinn.is\\\/#website\"},\"primaryImageOfPage\":{\"@id\":\"https:\\\/\\\/vorulagerinn.is\\\/product\\\/skartgripabox-med-holdu\\\/#primaryimage\"},\"image\":{\"@id\":\"https:\\\/\\\/vorulagerinn.is\\\/product\\\/skartgripabox-med-holdu\\\/#primaryimage\"},\"thumbnailUrl\":\"https:\\\/\\\/vorulagerinn.is\\\/wp-content\\\/uploads\\\/2024\\\/12\\\/Skartgripabox-med-holdu.jpg\",\"datePublished\":\"2024-12-17T12:29:07+00:00\",\"dateModified\":\"2026-02-17T12:37:21+00:00\",\"description\":\"Skartgripaboxi\u00f0 er tv\u00edskipt me\u00f0 \u00feremur h\u00f3lfum (ni\u00f0ri) fyrir armb\u00f6nd, eyrnalokka og p\u00fa\u00f0a fyrir hringi. Uppi eru \u00ferj\u00fa hengi fyrir h\u00e1lsmen og hva\u00f0 sem er\",\"breadcrumb\":{\"@id\":\"https:\\\/\\\/vorulagerinn.is\\\/product\\\/skartgripabox-med-holdu\\\/#breadcrumb\"},\"inLanguage\":\"en-US\",\"potentialAction\":[{\"@type\":\"ReadAction\",\"target\":[\"https:\\\/\\\/vorulagerinn.is\\\/product\\\/skartgripabox-med-holdu\\\/\"]}]},{\"@type\":\"ImageObject\",\"inLanguage\":\"en-US\",\"@id\":\"https:\\\/\\\/vorulagerinn.is\\\/product\\\/skartgripabox-med-holdu\\\/#primaryimage\",\"url\":\"https:\\\/\\\/vorulagerinn.is\\\/wp-content\\\/uploads\\\/2024\\\/12\\\/Skartgripabox-med-holdu.jpg\",\"contentUrl\":\"https:\\\/\\\/vorulagerinn.is\\\/wp-content\\\/uploads\\\/2024\\\/12\\\/Skartgripabox-med-holdu.jpg\",\"width\":600,\"height\":600},{\"@type\":\"BreadcrumbList\",\"@id\":\"https:\\\/\\\/vorulagerinn.is\\\/product\\\/skartgripabox-med-holdu\\\/#breadcrumb\",\"itemListElement\":[{\"@type\":\"ListItem\",\"position\":1,\"name\":\"Home\",\"item\":\"https:\\\/\\\/vorulagerinn.is\\\/\"},{\"@type\":\"ListItem\",\"position\":2,\"name\":\"Shop\",\"item\":\"https:\\\/\\\/vorulagerinn.is\\\/en\\\/shop\\\/\"},{\"@type\":\"ListItem\",\"position\":3,\"name\":\"Skartgripabox me\u00f0 h\u00f6ldu\"}]},{\"@type\":\"WebSite\",\"@id\":\"https:\\\/\\\/vorulagerinn.is\\\/#website\",\"url\":\"https:\\\/\\\/vorulagerinn.is\\\/\",\"name\":\"V\u00f6rulagerinn\",\"description\":\"L\u00e1ttu \u00fea\u00f0 eftir \u00fe\u00e9r\",\"publisher\":{\"@id\":\"https:\\\/\\\/vorulagerinn.is\\\/#organization\"},\"potentialAction\":[{\"@type\":\"SearchAction\",\"target\":{\"@type\":\"EntryPoint\",\"urlTemplate\":\"https:\\\/\\\/vorulagerinn.is\\\/?s={search_term_string}\"},\"query-input\":{\"@type\":\"PropertyValueSpecification\",\"valueRequired\":true,\"valueName\":\"search_term_string\"}}],\"inLanguage\":\"en-US\"},{\"@type\":\"Organization\",\"@id\":\"https:\\\/\\\/vorulagerinn.is\\\/#organization\",\"name\":\"V\u00f6rulagerinn\",\"url\":\"https:\\\/\\\/vorulagerinn.is\\\/\",\"logo\":{\"@type\":\"ImageObject\",\"inLanguage\":\"en-US\",\"@id\":\"https:\\\/\\\/vorulagerinn.is\\\/#\\\/schema\\\/logo\\\/image\\\/\",\"url\":\"https:\\\/\\\/vorulagerinn.is\\\/wp-content\\\/uploads\\\/2022\\\/09\\\/Vorulagerinn-Logo-588x160-1.png\",\"contentUrl\":\"https:\\\/\\\/vorulagerinn.is\\\/wp-content\\\/uploads\\\/2022\\\/09\\\/Vorulagerinn-Logo-588x160-1.png\",\"width\":588,\"height\":160,\"caption\":\"V\u00f6rulagerinn\"},\"image\":{\"@id\":\"https:\\\/\\\/vorulagerinn.is\\\/#\\\/schema\\\/logo\\\/image\\\/\"},\"sameAs\":[\"https:\\\/\\\/www.facebook.com\\\/vorulagerinn\",\"https:\\\/\\\/www.instagram.com\\\/vorulagerinn\\\/\"]}]}<\/script>\n<meta property=\"og:availability\" content=\"instock\" \/>\n<meta property=\"product:availability\" content=\"instock\" \/>\n<meta property=\"product:retailer_item_id\" content=\"VSB22\" \/>\n<meta property=\"product:condition\" content=\"new\" \/>\n<!-- \/ Yoast SEO Premium plugin. -->","yoast_head_json":{"title":"Skartgripabox me\u00f0 h\u00f6ldu fyrir hringa og h\u00e1lsmen","description":"Skartgripaboxi\u00f0 er tv\u00edskipt me\u00f0 \u00feremur h\u00f3lfum (ni\u00f0ri) fyrir armb\u00f6nd, eyrnalokka og p\u00fa\u00f0a fyrir hringi. Uppi eru \u00ferj\u00fa hengi fyrir h\u00e1lsmen og hva\u00f0 sem er","robots":{"index":"index","follow":"follow","max-snippet":"max-snippet:-1","max-image-preview":"max-image-preview:large","max-video-preview":"max-video-preview:-1"},"canonical":"https:\/\/vorulagerinn.is\/product\/skartgripabox-med-holdu\/","og_locale":"en_US","og_type":"article","og_title":"Skartgripabox me\u00f0 h\u00f6ldu","og_description":"Skartgripaboxi\u00f0 er tv\u00edskipt me\u00f0 \u00feremur h\u00f3lfum (ni\u00f0ri) fyrir armb\u00f6nd, eyrnalokka og p\u00fa\u00f0a fyrir hringi. Uppi eru \u00ferj\u00fa hengi fyrir h\u00e1lsmen og hva\u00f0 sem er","og_url":"https:\/\/vorulagerinn.is\/product\/skartgripabox-med-holdu\/","og_site_name":"V&ouml;rulagerinn","article_publisher":"https:\/\/www.facebook.com\/vorulagerinn","article_modified_time":"2026-02-17T12:37:21+00:00","og_image":[{"width":600,"height":600,"url":"https:\/\/vorulagerinn.is\/wp-content\/uploads\/2024\/12\/Skartgripabox-med-holdu.jpg","type":"image\/jpeg"}],"twitter_card":"summary_large_image","twitter_misc":{"Availability":"In stock"},"schema":{"@context":"https:\/\/schema.org","@graph":[{"@type":"WebPage","@id":"https:\/\/vorulagerinn.is\/product\/skartgripabox-med-holdu\/","url":"https:\/\/vorulagerinn.is\/product\/skartgripabox-med-holdu\/","name":"Skartgripabox me\u00f0 h\u00f6ldu fyrir hringa og h\u00e1lsmen","isPartOf":{"@id":"https:\/\/vorulagerinn.is\/#website"},"primaryImageOfPage":{"@id":"https:\/\/vorulagerinn.is\/product\/skartgripabox-med-holdu\/#primaryimage"},"image":{"@id":"https:\/\/vorulagerinn.is\/product\/skartgripabox-med-holdu\/#primaryimage"},"thumbnailUrl":"https:\/\/vorulagerinn.is\/wp-content\/uploads\/2024\/12\/Skartgripabox-med-holdu.jpg","datePublished":"2024-12-17T12:29:07+00:00","dateModified":"2026-02-17T12:37:21+00:00","description":"Skartgripaboxi\u00f0 er tv\u00edskipt me\u00f0 \u00feremur h\u00f3lfum (ni\u00f0ri) fyrir armb\u00f6nd, eyrnalokka og p\u00fa\u00f0a fyrir hringi. Uppi eru \u00ferj\u00fa hengi fyrir h\u00e1lsmen og hva\u00f0 sem er","breadcrumb":{"@id":"https:\/\/vorulagerinn.is\/product\/skartgripabox-med-holdu\/#breadcrumb"},"inLanguage":"en-US","potentialAction":[{"@type":"ReadAction","target":["https:\/\/vorulagerinn.is\/product\/skartgripabox-med-holdu\/"]}]},{"@type":"ImageObject","inLanguage":"en-US","@id":"https:\/\/vorulagerinn.is\/product\/skartgripabox-med-holdu\/#primaryimage","url":"https:\/\/vorulagerinn.is\/wp-content\/uploads\/2024\/12\/Skartgripabox-med-holdu.jpg","contentUrl":"https:\/\/vorulagerinn.is\/wp-content\/uploads\/2024\/12\/Skartgripabox-med-holdu.jpg","width":600,"height":600},{"@type":"BreadcrumbList","@id":"https:\/\/vorulagerinn.is\/product\/skartgripabox-med-holdu\/#breadcrumb","itemListElement":[{"@type":"ListItem","position":1,"name":"Home","item":"https:\/\/vorulagerinn.is\/"},{"@type":"ListItem","position":2,"name":"Shop","item":"https:\/\/vorulagerinn.is\/en\/shop\/"},{"@type":"ListItem","position":3,"name":"Skartgripabox me\u00f0 h\u00f6ldu"}]},{"@type":"WebSite","@id":"https:\/\/vorulagerinn.is\/#website","url":"https:\/\/vorulagerinn.is\/","name":"V\u00f6rulagerinn","description":"L\u00e1ttu \u00fea\u00f0 eftir \u00fe\u00e9r","publisher":{"@id":"https:\/\/vorulagerinn.is\/#organization"},"potentialAction":[{"@type":"SearchAction","target":{"@type":"EntryPoint","urlTemplate":"https:\/\/vorulagerinn.is\/?s={search_term_string}"},"query-input":{"@type":"PropertyValueSpecification","valueRequired":true,"valueName":"search_term_string"}}],"inLanguage":"en-US"},{"@type":"Organization","@id":"https:\/\/vorulagerinn.is\/#organization","name":"V\u00f6rulagerinn","url":"https:\/\/vorulagerinn.is\/","logo":{"@type":"ImageObject","inLanguage":"en-US","@id":"https:\/\/vorulagerinn.is\/#\/schema\/logo\/image\/","url":"https:\/\/vorulagerinn.is\/wp-content\/uploads\/2022\/09\/Vorulagerinn-Logo-588x160-1.png","contentUrl":"https:\/\/vorulagerinn.is\/wp-content\/uploads\/2022\/09\/Vorulagerinn-Logo-588x160-1.png","width":588,"height":160,"caption":"V\u00f6rulagerinn"},"image":{"@id":"https:\/\/vorulagerinn.is\/#\/schema\/logo\/image\/"},"sameAs":["https:\/\/www.facebook.com\/vorulagerinn","https:\/\/www.instagram.com\/vorulagerinn\/"]}]},"og_availability":"instock","product_availability":"instock","product_retailer_item_id":"VSB22","product_condition":"new"},"_links":{"self":[{"href":"https:\/\/vorulagerinn.is\/en\/wp-json\/wp\/v2\/product\/26095","targetHints":{"allow":["GET"]}}],"collection":[{"href":"https:\/\/vorulagerinn.is\/en\/wp-json\/wp\/v2\/product"}],"about":[{"href":"https:\/\/vorulagerinn.is\/en\/wp-json\/wp\/v2\/types\/product"}],"wp:featuredmedia":[{"embeddable":true,"href":"https:\/\/vorulagerinn.is\/en\/wp-json\/wp\/v2\/media\/26096"}],"wp:attachment":[{"href":"https:\/\/vorulagerinn.is\/en\/wp-json\/wp\/v2\/media?parent=26095"}],"wp:term":[{"taxonomy":"product_brand","embeddable":true,"href":"https:\/\/vorulagerinn.is\/en\/wp-json\/wp\/v2\/product_brand?post=26095"},{"taxonomy":"product_cat","embeddable":true,"href":"https:\/\/vorulagerinn.is\/en\/wp-json\/wp\/v2\/product_cat?post=26095"},{"taxonomy":"product_tag","embeddable":true,"href":"https:\/\/vorulagerinn.is\/en\/wp-json\/wp\/v2\/product_tag?post=26095"}],"curies":[{"name":"wp","href":"https:\/\/api.w.org\/{rel}","templated":true}]}}