{"id":26148,"date":"2025-01-01T08:22:53","date_gmt":"2025-01-01T08:22:53","guid":{"rendered":"https:\/\/vorulagerinn.is\/?post_type=product&#038;p=26148"},"modified":"2026-03-02T14:03:19","modified_gmt":"2026-03-02T14:03:19","slug":"stafraenn-101-wifi-svartur-32g-snjallmyndarammi-med-snertiskja","status":"publish","type":"product","link":"https:\/\/vorulagerinn.is\/en\/product\/stafraenn-101-wifi-svartur-32g-snjallmyndarammi-med-snertiskja\/","title":{"rendered":"Stafr\u00e6nn 10,1&#8243; WIFI svartur 32g snjallmyndarammi me\u00f0 IPS snertiskj\u00e1"},"content":{"rendered":"","protected":false},"excerpt":{"rendered":"<p>Fallegur 10,1&#8243; stafr\u00e6nn snjallmyndarammi me\u00f0 32gb minni og IPS snertiskj\u00e1 sem gerir \u00fe\u00e9r kleift a\u00f0 fletta \u00e1 milli lj\u00f3smynda \u00e1 skj\u00e1num. Myndaramminn er WIFI tengdur heimanetinu og \u00fev\u00ed er au\u00f0velt a\u00f0 deila lj\u00f3smyndum fr\u00e1 snjalls\u00edmanum me\u00f0 vinum og fj\u00f6lskyldu hvar sem er \u00ed heiminum. \u00de\u00fa tengir snjallmyndarammann vi\u00f0 WIFI, s\u00e6kir Frameo appi\u00f0 \u00ed snjalls\u00edmann og sl\u00e6r\u00f0 inn k\u00f3\u00f0a til a\u00f0 para s\u00edmann og myndaramman saman. \u00cd framhaldinu getur \u00fe\u00fa deilt lj\u00f3smyndum og myndb\u00f6ndum beint \u00ed snjallmyndarammann t.d. heima hj\u00e1 m\u00f6mmu, pabba, afa og \u00f6mmu.<\/p>\n<p style=\"text-align: center;\"><strong>Fr\u00e1b\u00e6r gj\u00f6f til a\u00f0 deila mikilv\u00e6gum stundum me\u00f0 vinum og fj\u00f6lskyldu.<\/strong><\/p>\n<p>&#8211; Litur: Svartur<br \/>\n&#8211; 10,1&#8243; HD 1280x800px 16:10 IPS snertiskj\u00e1r<br \/>\n&#8211; WIFI \u00fer\u00e1\u00f0laus tenging<br \/>\n&#8211; App fyrir IOS og Android<br \/>\n&#8211; Innbyggt 32gb minni + Micro SD rauf fyrir minniskort<br \/>\n&#8211; Hlutf\u00f6ll: 16:10<br \/>\n&#8211; Skj\u00e1r: IPS + snertiskj\u00e1r<br \/>\n&#8211; Myndaramminn getur sta\u00f0i\u00f0 l\u00e1r\u00e9tt og l\u00f3\u00f0r\u00e9tt<br \/>\n&#8211; Lei\u00f0beiningar fylgja me\u00f0<br \/>\n&#8211; Vottun: CE, RIHS og FCC<\/p>\n","protected":false},"featured_media":26149,"template":"","meta":[],"product_brand":[],"product_cat":[407],"product_tag":[],"class_list":{"0":"post-26148","1":"product","2":"type-product","3":"status-publish","4":"has-post-thumbnail","6":"product_cat-stafraenir-myndarammar","8":"first","9":"instock","10":"sale","11":"taxable","12":"shipping-taxable","13":"purchasable","14":"product-type-simple"},"supplier_id":null,"supplier_sku":"","barcode":null,"atum_controlled":true,"out_stock_date":null,"out_stock_threshold":null,"inheritable":false,"inbound_stock":0,"stock_on_hold":0,"sold_today":0,"sales_last_days":0,"reserved_stock":0,"customer_returns":0,"warehouse_damage":0,"lost_in_post":0,"other_logs":0,"out_stock_days":0,"lost_sales":0,"has_location":false,"update_date":"2026-04-13T00:15:48","atum_locations":[],"atum_stock_status":"instock","restock_status":false,"low_stock_amount":"","sales_update_date":"2026-04-13T00:15:47","calc_backorders":null,"yoast_head":"<!-- This site is optimized with the Yoast SEO Premium plugin v26.6 (Yoast SEO v27.3) - https:\/\/yoast.com\/product\/yoast-seo-premium-wordpress\/ -->\n<title>Stafr\u00e6nn 10,1&quot; WIFI svartur 32g snjallmyndarammi me\u00f0 snertiskj\u00e1<\/title>\n<meta name=\"description\" content=\"Fallegur myndarammi sem gerir \u00fe\u00e9r kleift a\u00f0 deila myndum me\u00f0 vinum og fj\u00f6lskyldu \u00ed gegnum snjalls\u00edmann. Fr\u00e1b\u00e6r gj\u00f6f fyrir m\u00f6mmu, pabba, afa og \u00f6mmu\" \/>\n<meta name=\"robots\" content=\"index, follow, max-snippet:-1, max-image-preview:large, max-video-preview:-1\" \/>\n<link rel=\"canonical\" href=\"https:\/\/vorulagerinn.is\/product\/stafraenn-101-wifi-svartur-32g-snjallmyndarammi-med-snertiskja\/\" \/>\n<meta property=\"og:locale\" content=\"en_US\" \/>\n<meta property=\"og:type\" content=\"article\" \/>\n<meta property=\"og:title\" content=\"Stafr\u00e6nn 10,1&quot; WIFI svartur 32g snjallmyndarammi me\u00f0 IPS snertiskj\u00e1\" \/>\n<meta property=\"og:description\" content=\"Fallegur myndarammi sem gerir \u00fe\u00e9r kleift a\u00f0 deila myndum me\u00f0 vinum og fj\u00f6lskyldu \u00ed gegnum snjalls\u00edmann. Fr\u00e1b\u00e6r gj\u00f6f fyrir m\u00f6mmu, pabba, afa og \u00f6mmu\" \/>\n<meta property=\"og:url\" content=\"https:\/\/vorulagerinn.is\/product\/stafraenn-101-wifi-svartur-32g-snjallmyndarammi-med-snertiskja\/\" \/>\n<meta property=\"og:site_name\" content=\"V&ouml;rulagerinn\" \/>\n<meta property=\"article:publisher\" content=\"https:\/\/www.facebook.com\/vorulagerinn\" \/>\n<meta property=\"article:modified_time\" content=\"2026-03-02T14:03:19+00:00\" \/>\n<meta property=\"og:image\" content=\"https:\/\/vorulagerinn.is\/wp-content\/uploads\/2024\/12\/Stafraenn-101-WIFI-svartur-32g-myndarammi-med-snertiskja.jpg\" \/>\n\t<meta property=\"og:image:width\" content=\"600\" \/>\n\t<meta property=\"og:image:height\" content=\"600\" \/>\n\t<meta property=\"og:image:type\" content=\"image\/jpeg\" \/>\n<meta name=\"twitter:card\" content=\"summary_large_image\" \/>\n<meta name=\"twitter:label1\" content=\"Price\" \/>\n\t<meta name=\"twitter:data1\" content=\"11.130&nbsp;kr.\" \/>\n\t<meta name=\"twitter:label2\" content=\"Availability\" \/>\n\t<meta name=\"twitter:data2\" content=\"In stock\" \/>\n<script type=\"application\/ld+json\" class=\"yoast-schema-graph\">{\"@context\":\"https:\\\/\\\/schema.org\",\"@graph\":[{\"@type\":\"WebPage\",\"@id\":\"https:\\\/\\\/vorulagerinn.is\\\/product\\\/stafraenn-101-wifi-svartur-32g-snjallmyndarammi-med-snertiskja\\\/\",\"url\":\"https:\\\/\\\/vorulagerinn.is\\\/product\\\/stafraenn-101-wifi-svartur-32g-snjallmyndarammi-med-snertiskja\\\/\",\"name\":\"Stafr\u00e6nn 10,1\\\" WIFI svartur 32g snjallmyndarammi me\u00f0 snertiskj\u00e1\",\"isPartOf\":{\"@id\":\"https:\\\/\\\/vorulagerinn.is\\\/#website\"},\"primaryImageOfPage\":{\"@id\":\"https:\\\/\\\/vorulagerinn.is\\\/product\\\/stafraenn-101-wifi-svartur-32g-snjallmyndarammi-med-snertiskja\\\/#primaryimage\"},\"image\":{\"@id\":\"https:\\\/\\\/vorulagerinn.is\\\/product\\\/stafraenn-101-wifi-svartur-32g-snjallmyndarammi-med-snertiskja\\\/#primaryimage\"},\"thumbnailUrl\":\"https:\\\/\\\/vorulagerinn.is\\\/wp-content\\\/uploads\\\/2024\\\/12\\\/Stafraenn-101-WIFI-svartur-32g-myndarammi-med-snertiskja.jpg\",\"datePublished\":\"2025-01-01T08:22:53+00:00\",\"dateModified\":\"2026-03-02T14:03:19+00:00\",\"description\":\"Fallegur myndarammi sem gerir \u00fe\u00e9r kleift a\u00f0 deila myndum me\u00f0 vinum og fj\u00f6lskyldu \u00ed gegnum snjalls\u00edmann. Fr\u00e1b\u00e6r gj\u00f6f fyrir m\u00f6mmu, pabba, afa og \u00f6mmu\",\"breadcrumb\":{\"@id\":\"https:\\\/\\\/vorulagerinn.is\\\/product\\\/stafraenn-101-wifi-svartur-32g-snjallmyndarammi-med-snertiskja\\\/#breadcrumb\"},\"inLanguage\":\"en-US\",\"potentialAction\":[{\"@type\":\"ReadAction\",\"target\":[\"https:\\\/\\\/vorulagerinn.is\\\/product\\\/stafraenn-101-wifi-svartur-32g-snjallmyndarammi-med-snertiskja\\\/\"]}]},{\"@type\":\"ImageObject\",\"inLanguage\":\"en-US\",\"@id\":\"https:\\\/\\\/vorulagerinn.is\\\/product\\\/stafraenn-101-wifi-svartur-32g-snjallmyndarammi-med-snertiskja\\\/#primaryimage\",\"url\":\"https:\\\/\\\/vorulagerinn.is\\\/wp-content\\\/uploads\\\/2024\\\/12\\\/Stafraenn-101-WIFI-svartur-32g-myndarammi-med-snertiskja.jpg\",\"contentUrl\":\"https:\\\/\\\/vorulagerinn.is\\\/wp-content\\\/uploads\\\/2024\\\/12\\\/Stafraenn-101-WIFI-svartur-32g-myndarammi-med-snertiskja.jpg\",\"width\":600,\"height\":600},{\"@type\":\"BreadcrumbList\",\"@id\":\"https:\\\/\\\/vorulagerinn.is\\\/product\\\/stafraenn-101-wifi-svartur-32g-snjallmyndarammi-med-snertiskja\\\/#breadcrumb\",\"itemListElement\":[{\"@type\":\"ListItem\",\"position\":1,\"name\":\"Home\",\"item\":\"https:\\\/\\\/vorulagerinn.is\\\/\"},{\"@type\":\"ListItem\",\"position\":2,\"name\":\"Shop\",\"item\":\"https:\\\/\\\/vorulagerinn.is\\\/en\\\/shop\\\/\"},{\"@type\":\"ListItem\",\"position\":3,\"name\":\"Stafr\u00e6nn 10,1&#8243; WIFI svartur 32g snjallmyndarammi me\u00f0 IPS snertiskj\u00e1\"}]},{\"@type\":\"WebSite\",\"@id\":\"https:\\\/\\\/vorulagerinn.is\\\/#website\",\"url\":\"https:\\\/\\\/vorulagerinn.is\\\/\",\"name\":\"V\u00f6rulagerinn\",\"description\":\"L\u00e1ttu \u00fea\u00f0 eftir \u00fe\u00e9r\",\"publisher\":{\"@id\":\"https:\\\/\\\/vorulagerinn.is\\\/#organization\"},\"potentialAction\":[{\"@type\":\"SearchAction\",\"target\":{\"@type\":\"EntryPoint\",\"urlTemplate\":\"https:\\\/\\\/vorulagerinn.is\\\/?s={search_term_string}\"},\"query-input\":{\"@type\":\"PropertyValueSpecification\",\"valueRequired\":true,\"valueName\":\"search_term_string\"}}],\"inLanguage\":\"en-US\"},{\"@type\":\"Organization\",\"@id\":\"https:\\\/\\\/vorulagerinn.is\\\/#organization\",\"name\":\"V\u00f6rulagerinn\",\"url\":\"https:\\\/\\\/vorulagerinn.is\\\/\",\"logo\":{\"@type\":\"ImageObject\",\"inLanguage\":\"en-US\",\"@id\":\"https:\\\/\\\/vorulagerinn.is\\\/#\\\/schema\\\/logo\\\/image\\\/\",\"url\":\"https:\\\/\\\/vorulagerinn.is\\\/wp-content\\\/uploads\\\/2022\\\/09\\\/Vorulagerinn-Logo-588x160-1.png\",\"contentUrl\":\"https:\\\/\\\/vorulagerinn.is\\\/wp-content\\\/uploads\\\/2022\\\/09\\\/Vorulagerinn-Logo-588x160-1.png\",\"width\":588,\"height\":160,\"caption\":\"V\u00f6rulagerinn\"},\"image\":{\"@id\":\"https:\\\/\\\/vorulagerinn.is\\\/#\\\/schema\\\/logo\\\/image\\\/\"},\"sameAs\":[\"https:\\\/\\\/www.facebook.com\\\/vorulagerinn\",\"https:\\\/\\\/www.instagram.com\\\/vorulagerinn\\\/\"]}]}<\/script>\n<meta property=\"product:price:amount\" content=\"11130\" \/>\n<meta property=\"product:price:currency\" content=\"ISK\" \/>\n<meta property=\"og:availability\" content=\"instock\" \/>\n<meta property=\"product:availability\" content=\"instock\" \/>\n<meta property=\"product:retailer_item_id\" content=\"S10WIFISMMS\" \/>\n<meta property=\"product:condition\" content=\"new\" \/>\n<!-- \/ Yoast SEO Premium plugin. -->","yoast_head_json":{"title":"Stafr\u00e6nn 10,1\" WIFI svartur 32g snjallmyndarammi me\u00f0 snertiskj\u00e1","description":"Fallegur myndarammi sem gerir \u00fe\u00e9r kleift a\u00f0 deila myndum me\u00f0 vinum og fj\u00f6lskyldu \u00ed gegnum snjalls\u00edmann. Fr\u00e1b\u00e6r gj\u00f6f fyrir m\u00f6mmu, pabba, afa og \u00f6mmu","robots":{"index":"index","follow":"follow","max-snippet":"max-snippet:-1","max-image-preview":"max-image-preview:large","max-video-preview":"max-video-preview:-1"},"canonical":"https:\/\/vorulagerinn.is\/product\/stafraenn-101-wifi-svartur-32g-snjallmyndarammi-med-snertiskja\/","og_locale":"en_US","og_type":"article","og_title":"Stafr\u00e6nn 10,1\" WIFI svartur 32g snjallmyndarammi me\u00f0 IPS snertiskj\u00e1","og_description":"Fallegur myndarammi sem gerir \u00fe\u00e9r kleift a\u00f0 deila myndum me\u00f0 vinum og fj\u00f6lskyldu \u00ed gegnum snjalls\u00edmann. Fr\u00e1b\u00e6r gj\u00f6f fyrir m\u00f6mmu, pabba, afa og \u00f6mmu","og_url":"https:\/\/vorulagerinn.is\/product\/stafraenn-101-wifi-svartur-32g-snjallmyndarammi-med-snertiskja\/","og_site_name":"V&ouml;rulagerinn","article_publisher":"https:\/\/www.facebook.com\/vorulagerinn","article_modified_time":"2026-03-02T14:03:19+00:00","og_image":[{"width":600,"height":600,"url":"https:\/\/vorulagerinn.is\/wp-content\/uploads\/2024\/12\/Stafraenn-101-WIFI-svartur-32g-myndarammi-med-snertiskja.jpg","type":"image\/jpeg"}],"twitter_card":"summary_large_image","twitter_misc":{"Price":"11.130&nbsp;kr.","Availability":"In stock"},"schema":{"@context":"https:\/\/schema.org","@graph":[{"@type":"WebPage","@id":"https:\/\/vorulagerinn.is\/product\/stafraenn-101-wifi-svartur-32g-snjallmyndarammi-med-snertiskja\/","url":"https:\/\/vorulagerinn.is\/product\/stafraenn-101-wifi-svartur-32g-snjallmyndarammi-med-snertiskja\/","name":"Stafr\u00e6nn 10,1\" WIFI svartur 32g snjallmyndarammi me\u00f0 snertiskj\u00e1","isPartOf":{"@id":"https:\/\/vorulagerinn.is\/#website"},"primaryImageOfPage":{"@id":"https:\/\/vorulagerinn.is\/product\/stafraenn-101-wifi-svartur-32g-snjallmyndarammi-med-snertiskja\/#primaryimage"},"image":{"@id":"https:\/\/vorulagerinn.is\/product\/stafraenn-101-wifi-svartur-32g-snjallmyndarammi-med-snertiskja\/#primaryimage"},"thumbnailUrl":"https:\/\/vorulagerinn.is\/wp-content\/uploads\/2024\/12\/Stafraenn-101-WIFI-svartur-32g-myndarammi-med-snertiskja.jpg","datePublished":"2025-01-01T08:22:53+00:00","dateModified":"2026-03-02T14:03:19+00:00","description":"Fallegur myndarammi sem gerir \u00fe\u00e9r kleift a\u00f0 deila myndum me\u00f0 vinum og fj\u00f6lskyldu \u00ed gegnum snjalls\u00edmann. Fr\u00e1b\u00e6r gj\u00f6f fyrir m\u00f6mmu, pabba, afa og \u00f6mmu","breadcrumb":{"@id":"https:\/\/vorulagerinn.is\/product\/stafraenn-101-wifi-svartur-32g-snjallmyndarammi-med-snertiskja\/#breadcrumb"},"inLanguage":"en-US","potentialAction":[{"@type":"ReadAction","target":["https:\/\/vorulagerinn.is\/product\/stafraenn-101-wifi-svartur-32g-snjallmyndarammi-med-snertiskja\/"]}]},{"@type":"ImageObject","inLanguage":"en-US","@id":"https:\/\/vorulagerinn.is\/product\/stafraenn-101-wifi-svartur-32g-snjallmyndarammi-med-snertiskja\/#primaryimage","url":"https:\/\/vorulagerinn.is\/wp-content\/uploads\/2024\/12\/Stafraenn-101-WIFI-svartur-32g-myndarammi-med-snertiskja.jpg","contentUrl":"https:\/\/vorulagerinn.is\/wp-content\/uploads\/2024\/12\/Stafraenn-101-WIFI-svartur-32g-myndarammi-med-snertiskja.jpg","width":600,"height":600},{"@type":"BreadcrumbList","@id":"https:\/\/vorulagerinn.is\/product\/stafraenn-101-wifi-svartur-32g-snjallmyndarammi-med-snertiskja\/#breadcrumb","itemListElement":[{"@type":"ListItem","position":1,"name":"Home","item":"https:\/\/vorulagerinn.is\/"},{"@type":"ListItem","position":2,"name":"Shop","item":"https:\/\/vorulagerinn.is\/en\/shop\/"},{"@type":"ListItem","position":3,"name":"Stafr\u00e6nn 10,1&#8243; WIFI svartur 32g snjallmyndarammi me\u00f0 IPS snertiskj\u00e1"}]},{"@type":"WebSite","@id":"https:\/\/vorulagerinn.is\/#website","url":"https:\/\/vorulagerinn.is\/","name":"V\u00f6rulagerinn","description":"L\u00e1ttu \u00fea\u00f0 eftir \u00fe\u00e9r","publisher":{"@id":"https:\/\/vorulagerinn.is\/#organization"},"potentialAction":[{"@type":"SearchAction","target":{"@type":"EntryPoint","urlTemplate":"https:\/\/vorulagerinn.is\/?s={search_term_string}"},"query-input":{"@type":"PropertyValueSpecification","valueRequired":true,"valueName":"search_term_string"}}],"inLanguage":"en-US"},{"@type":"Organization","@id":"https:\/\/vorulagerinn.is\/#organization","name":"V\u00f6rulagerinn","url":"https:\/\/vorulagerinn.is\/","logo":{"@type":"ImageObject","inLanguage":"en-US","@id":"https:\/\/vorulagerinn.is\/#\/schema\/logo\/image\/","url":"https:\/\/vorulagerinn.is\/wp-content\/uploads\/2022\/09\/Vorulagerinn-Logo-588x160-1.png","contentUrl":"https:\/\/vorulagerinn.is\/wp-content\/uploads\/2022\/09\/Vorulagerinn-Logo-588x160-1.png","width":588,"height":160,"caption":"V\u00f6rulagerinn"},"image":{"@id":"https:\/\/vorulagerinn.is\/#\/schema\/logo\/image\/"},"sameAs":["https:\/\/www.facebook.com\/vorulagerinn","https:\/\/www.instagram.com\/vorulagerinn\/"]}]},"product_price_amount":"11130","product_price_currency":"ISK","og_availability":"instock","product_availability":"instock","product_retailer_item_id":"S10WIFISMMS","product_condition":"new"},"_links":{"self":[{"href":"https:\/\/vorulagerinn.is\/en\/wp-json\/wp\/v2\/product\/26148","targetHints":{"allow":["GET"]}}],"collection":[{"href":"https:\/\/vorulagerinn.is\/en\/wp-json\/wp\/v2\/product"}],"about":[{"href":"https:\/\/vorulagerinn.is\/en\/wp-json\/wp\/v2\/types\/product"}],"wp:featuredmedia":[{"embeddable":true,"href":"https:\/\/vorulagerinn.is\/en\/wp-json\/wp\/v2\/media\/26149"}],"wp:attachment":[{"href":"https:\/\/vorulagerinn.is\/en\/wp-json\/wp\/v2\/media?parent=26148"}],"wp:term":[{"taxonomy":"product_brand","embeddable":true,"href":"https:\/\/vorulagerinn.is\/en\/wp-json\/wp\/v2\/product_brand?post=26148"},{"taxonomy":"product_cat","embeddable":true,"href":"https:\/\/vorulagerinn.is\/en\/wp-json\/wp\/v2\/product_cat?post=26148"},{"taxonomy":"product_tag","embeddable":true,"href":"https:\/\/vorulagerinn.is\/en\/wp-json\/wp\/v2\/product_tag?post=26148"}],"curies":[{"name":"wp","href":"https:\/\/api.w.org\/{rel}","templated":true}]}}