{"id":28544,"date":"2025-06-24T19:16:47","date_gmt":"2025-06-24T19:16:47","guid":{"rendered":"https:\/\/vorulagerinn.is\/product\/bone-x1\/"},"modified":"2026-03-31T09:56:42","modified_gmt":"2026-03-31T09:56:42","slug":"bone-x1","status":"publish","type":"product","link":"https:\/\/vorulagerinn.is\/en\/product\/bone-x1\/","title":{"rendered":"Bone X1 beinlei\u00f0ni heyrnart\u00f3l me\u00f0 IPX5 vatnsv\u00f6rn"},"content":{"rendered":"<div style=\"width: 960px;\" class=\"wp-video\"><video class=\"wp-video-shortcode\" id=\"video-28544-1\" width=\"960\" height=\"540\" preload=\"metadata\" controls=\"controls\"><source type=\"video\/mp4\" src=\"https:\/\/fodurlandid.is\/wp-content\/uploads\/2025\/06\/Bone-X1.mp4?_=1\" \/><a href=\"https:\/\/fodurlandid.is\/wp-content\/uploads\/2025\/06\/Bone-X1.mp4\">https:\/\/fodurlandid.is\/wp-content\/uploads\/2025\/06\/Bone-X1.mp4<\/a><\/video><\/div>\n","protected":false},"excerpt":{"rendered":"<p>St\u00edlhrein \u00fer\u00e1\u00f0laus beinlei\u00f0ni heyrnart\u00f3l me\u00f0 hlj\u00f3\u00f0nema og IPX5 vatnsv\u00f6rn sem \u00feola svita og rigningu. Heyrnart\u00f3lin eru a\u00f0eins 28 gr\u00f6mm a\u00f0 \u00feyngd. \u00dea\u00f0 er h\u00e6gt a\u00f0 hlusta \u00ed allt a\u00f0 7 klukkut\u00edma \u00ed stanslausri spilun, 6 klst tal \u00ed s\u00edma og 12 daga \u00ed bi\u00f0 \u00e1 einni hle\u00f0slu. Beinlei\u00f0nit\u00e6kni gerir \u00fe\u00e9r kleift a\u00f0 hlusta \u00e1 t\u00f3nlist \u00e1 sama t\u00edma og \u00fe\u00fa heyrir fullkomlega vel \u00ed umhverfinu hvort sem \u00fe\u00fa ert \u00ed vinnunni, r\u00e6ktinni, \u00ed g\u00f6ngut\u00far, a\u00f0 hlaupa e\u00f0a golfi me\u00f0 f\u00e9l\u00f6gunum \u00e1n \u00feess a\u00f0 missa athygli og f\u00f3rna hlj\u00f3mg\u00e6\u00f0um. \u00de\u00e1 m\u00e1 einnig nota heyrnart\u00f3lin til a\u00f0 hlusta \u00e1 hlj\u00f3\u00f0b\u00e6kur, Youtube, t\u00f3nlist e\u00f0a sj\u00f3nvarpi\u00f0.<\/p>\n<p>Mj\u00f6g g\u00f3\u00f0 samh\u00e6fni og hr\u00f6\u00f0 tenging vi\u00f0 \u00f6ll helstu bluetooth t\u00e6ki. St\u00fdringin er \u00e1 h\u00e6gri hli\u00f0 vi\u00f0 eyra en \u00fear getur \u00fe\u00fa stj\u00f3rna\u00f0 afspilun, h\u00e6kka\u00f0, l\u00e6kka\u00f0, svara\u00f0, kveikt og sl\u00f6kkt.<\/p>\n<p>\u2013 Sj\u00e1 video ne\u00f0ar \u00e1 s\u00ed\u00f0u<br \/>\n\u2013 Litur: Svartur<br \/>\n\u2013 \u00deyngd: 28g<br \/>\n\u2013 Bluetooth: 5.2 (allt a\u00f0 10m dr\u00e6gni)<br \/>\n\u2013 Rafhl\u00f6\u00f0uending: 7 klst spilun \/ 6 klst tal \u00ed s\u00edma<br \/>\n\u2013 Vatnsv\u00f6rn: IPX5 (rigning og sviti)<br \/>\n\u2013 Segulhle\u00f0slusn\u00fara fylgir me\u00f0<br \/>\n\u2013 Vottun: CE, ROHS og FCC<\/p>\n","protected":false},"featured_media":28542,"template":"","meta":[],"product_brand":[429],"product_cat":[431,432,378],"product_tag":[],"class_list":{"0":"post-28544","1":"product","2":"type-product","3":"status-publish","4":"has-post-thumbnail","6":"product_brand-openear","7":"product_cat-a-eyru-on-ear","8":"product_cat-beinleidni-bone-conduction","9":"product_cat-heyrnartol","11":"first","12":"instock","13":"sale","14":"taxable","15":"shipping-taxable","16":"purchasable","17":"product-type-simple"},"supplier_id":null,"supplier_sku":"","barcode":null,"atum_controlled":true,"out_stock_date":null,"out_stock_threshold":null,"inheritable":false,"inbound_stock":0,"stock_on_hold":0,"sold_today":0,"sales_last_days":0,"reserved_stock":0,"customer_returns":0,"warehouse_damage":0,"lost_in_post":0,"other_logs":0,"out_stock_days":0,"lost_sales":0,"has_location":false,"update_date":"2026-04-22T00:25:35","atum_locations":[],"atum_stock_status":"instock","restock_status":false,"low_stock_amount":"","sales_update_date":"2026-04-22T00:25:35","calc_backorders":null,"yoast_head":"<!-- This site is optimized with the Yoast SEO Premium plugin v26.6 (Yoast SEO v27.3) - https:\/\/yoast.com\/product\/yoast-seo-premium-wordpress\/ -->\n<title>Bone X1 beinlei\u00f0ni \u00fer\u00e1\u00f0laus heyrnart\u00f3l me\u00f0 IPX5 vatnsv\u00f6rn<\/title>\n<meta name=\"description\" content=\"Beinlei\u00f0ni heyrnart\u00f3l gerir \u00fe\u00e9r kleift a\u00f0 hlusta \u00e1 t\u00f3nlist \u00e1 sama t\u00edma &amp; \u00fe\u00fa heyrir fullkomlega \u00ed umhverfinu t.d. \u00ed g\u00f6ngut\u00far, \u00ed vinnunni e\u00f0a \u00ed r\u00e6ktinni.\" \/>\n<meta name=\"robots\" content=\"index, follow, max-snippet:-1, max-image-preview:large, max-video-preview:-1\" \/>\n<link rel=\"canonical\" href=\"https:\/\/vorulagerinn.is\/product\/bone-x1\/\" \/>\n<meta property=\"og:locale\" content=\"en_US\" \/>\n<meta property=\"og:type\" content=\"article\" \/>\n<meta property=\"og:title\" content=\"Bone X1 beinlei\u00f0ni heyrnart\u00f3l me\u00f0 IPX5 vatnsv\u00f6rn\" \/>\n<meta property=\"og:description\" content=\"Beinlei\u00f0ni heyrnart\u00f3l gerir \u00fe\u00e9r kleift a\u00f0 hlusta \u00e1 t\u00f3nlist \u00e1 sama t\u00edma &amp; \u00fe\u00fa heyrir fullkomlega \u00ed umhverfinu t.d. \u00ed g\u00f6ngut\u00far, \u00ed vinnunni e\u00f0a \u00ed r\u00e6ktinni.\" \/>\n<meta property=\"og:url\" content=\"https:\/\/vorulagerinn.is\/product\/bone-x1\/\" \/>\n<meta property=\"og:site_name\" content=\"V&ouml;rulagerinn\" \/>\n<meta property=\"article:publisher\" content=\"https:\/\/www.facebook.com\/vorulagerinn\" \/>\n<meta property=\"article:modified_time\" content=\"2026-03-31T09:56:42+00:00\" \/>\n<meta property=\"og:image\" content=\"https:\/\/vorulagerinn.is\/wp-content\/uploads\/2025\/09\/Bone_X1.jpg\" \/>\n\t<meta property=\"og:image:width\" content=\"600\" \/>\n\t<meta property=\"og:image:height\" content=\"600\" \/>\n\t<meta property=\"og:image:type\" content=\"image\/jpeg\" \/>\n<meta name=\"twitter:card\" content=\"summary_large_image\" \/>\n<meta name=\"twitter:label1\" content=\"Price\" \/>\n\t<meta name=\"twitter:data1\" content=\"6.990&nbsp;kr.\" \/>\n\t<meta name=\"twitter:label2\" content=\"Availability\" \/>\n\t<meta name=\"twitter:data2\" content=\"In stock\" \/>\n<script type=\"application\/ld+json\" class=\"yoast-schema-graph\">{\"@context\":\"https:\\\/\\\/schema.org\",\"@graph\":[{\"@type\":\"WebPage\",\"@id\":\"https:\\\/\\\/vorulagerinn.is\\\/product\\\/bone-x1\\\/\",\"url\":\"https:\\\/\\\/vorulagerinn.is\\\/product\\\/bone-x1\\\/\",\"name\":\"Bone X1 beinlei\u00f0ni \u00fer\u00e1\u00f0laus heyrnart\u00f3l me\u00f0 IPX5 vatnsv\u00f6rn\",\"isPartOf\":{\"@id\":\"https:\\\/\\\/vorulagerinn.is\\\/#website\"},\"primaryImageOfPage\":{\"@id\":\"https:\\\/\\\/vorulagerinn.is\\\/product\\\/bone-x1\\\/#primaryimage\"},\"image\":{\"@id\":\"https:\\\/\\\/vorulagerinn.is\\\/product\\\/bone-x1\\\/#primaryimage\"},\"thumbnailUrl\":\"https:\\\/\\\/vorulagerinn.is\\\/wp-content\\\/uploads\\\/2025\\\/09\\\/Bone_X1.jpg\",\"datePublished\":\"2025-06-24T19:16:47+00:00\",\"dateModified\":\"2026-03-31T09:56:42+00:00\",\"description\":\"Beinlei\u00f0ni heyrnart\u00f3l gerir \u00fe\u00e9r kleift a\u00f0 hlusta \u00e1 t\u00f3nlist \u00e1 sama t\u00edma & \u00fe\u00fa heyrir fullkomlega \u00ed umhverfinu t.d. \u00ed g\u00f6ngut\u00far, \u00ed vinnunni e\u00f0a \u00ed r\u00e6ktinni.\",\"breadcrumb\":{\"@id\":\"https:\\\/\\\/vorulagerinn.is\\\/product\\\/bone-x1\\\/#breadcrumb\"},\"inLanguage\":\"en-US\",\"potentialAction\":[{\"@type\":\"ReadAction\",\"target\":[\"https:\\\/\\\/vorulagerinn.is\\\/product\\\/bone-x1\\\/\"]}]},{\"@type\":\"ImageObject\",\"inLanguage\":\"en-US\",\"@id\":\"https:\\\/\\\/vorulagerinn.is\\\/product\\\/bone-x1\\\/#primaryimage\",\"url\":\"https:\\\/\\\/vorulagerinn.is\\\/wp-content\\\/uploads\\\/2025\\\/09\\\/Bone_X1.jpg\",\"contentUrl\":\"https:\\\/\\\/vorulagerinn.is\\\/wp-content\\\/uploads\\\/2025\\\/09\\\/Bone_X1.jpg\",\"width\":600,\"height\":600},{\"@type\":\"BreadcrumbList\",\"@id\":\"https:\\\/\\\/vorulagerinn.is\\\/product\\\/bone-x1\\\/#breadcrumb\",\"itemListElement\":[{\"@type\":\"ListItem\",\"position\":1,\"name\":\"Home\",\"item\":\"https:\\\/\\\/vorulagerinn.is\\\/\"},{\"@type\":\"ListItem\",\"position\":2,\"name\":\"Shop\",\"item\":\"https:\\\/\\\/vorulagerinn.is\\\/en\\\/shop\\\/\"},{\"@type\":\"ListItem\",\"position\":3,\"name\":\"Bone X1 beinlei\u00f0ni heyrnart\u00f3l me\u00f0 IPX5 vatnsv\u00f6rn\"}]},{\"@type\":\"WebSite\",\"@id\":\"https:\\\/\\\/vorulagerinn.is\\\/#website\",\"url\":\"https:\\\/\\\/vorulagerinn.is\\\/\",\"name\":\"V\u00f6rulagerinn\",\"description\":\"L\u00e1ttu \u00fea\u00f0 eftir \u00fe\u00e9r\",\"publisher\":{\"@id\":\"https:\\\/\\\/vorulagerinn.is\\\/#organization\"},\"potentialAction\":[{\"@type\":\"SearchAction\",\"target\":{\"@type\":\"EntryPoint\",\"urlTemplate\":\"https:\\\/\\\/vorulagerinn.is\\\/?s={search_term_string}\"},\"query-input\":{\"@type\":\"PropertyValueSpecification\",\"valueRequired\":true,\"valueName\":\"search_term_string\"}}],\"inLanguage\":\"en-US\"},{\"@type\":\"Organization\",\"@id\":\"https:\\\/\\\/vorulagerinn.is\\\/#organization\",\"name\":\"V\u00f6rulagerinn\",\"url\":\"https:\\\/\\\/vorulagerinn.is\\\/\",\"logo\":{\"@type\":\"ImageObject\",\"inLanguage\":\"en-US\",\"@id\":\"https:\\\/\\\/vorulagerinn.is\\\/#\\\/schema\\\/logo\\\/image\\\/\",\"url\":\"https:\\\/\\\/vorulagerinn.is\\\/wp-content\\\/uploads\\\/2022\\\/09\\\/Vorulagerinn-Logo-588x160-1.png\",\"contentUrl\":\"https:\\\/\\\/vorulagerinn.is\\\/wp-content\\\/uploads\\\/2022\\\/09\\\/Vorulagerinn-Logo-588x160-1.png\",\"width\":588,\"height\":160,\"caption\":\"V\u00f6rulagerinn\"},\"image\":{\"@id\":\"https:\\\/\\\/vorulagerinn.is\\\/#\\\/schema\\\/logo\\\/image\\\/\"},\"sameAs\":[\"https:\\\/\\\/www.facebook.com\\\/vorulagerinn\",\"https:\\\/\\\/www.instagram.com\\\/vorulagerinn\\\/\"]}]}<\/script>\n<meta property=\"product:price:amount\" content=\"6990\" \/>\n<meta property=\"product:price:currency\" content=\"ISK\" \/>\n<meta property=\"og:availability\" content=\"instock\" \/>\n<meta property=\"product:availability\" content=\"instock\" \/>\n<meta property=\"product:retailer_item_id\" content=\"OPENEAR-X1\" \/>\n<meta property=\"product:condition\" content=\"new\" \/>\n<!-- \/ Yoast SEO Premium plugin. -->","yoast_head_json":{"title":"Bone X1 beinlei\u00f0ni \u00fer\u00e1\u00f0laus heyrnart\u00f3l me\u00f0 IPX5 vatnsv\u00f6rn","description":"Beinlei\u00f0ni heyrnart\u00f3l gerir \u00fe\u00e9r kleift a\u00f0 hlusta \u00e1 t\u00f3nlist \u00e1 sama t\u00edma & \u00fe\u00fa heyrir fullkomlega \u00ed umhverfinu t.d. \u00ed g\u00f6ngut\u00far, \u00ed vinnunni e\u00f0a \u00ed r\u00e6ktinni.","robots":{"index":"index","follow":"follow","max-snippet":"max-snippet:-1","max-image-preview":"max-image-preview:large","max-video-preview":"max-video-preview:-1"},"canonical":"https:\/\/vorulagerinn.is\/product\/bone-x1\/","og_locale":"en_US","og_type":"article","og_title":"Bone X1 beinlei\u00f0ni heyrnart\u00f3l me\u00f0 IPX5 vatnsv\u00f6rn","og_description":"Beinlei\u00f0ni heyrnart\u00f3l gerir \u00fe\u00e9r kleift a\u00f0 hlusta \u00e1 t\u00f3nlist \u00e1 sama t\u00edma & \u00fe\u00fa heyrir fullkomlega \u00ed umhverfinu t.d. \u00ed g\u00f6ngut\u00far, \u00ed vinnunni e\u00f0a \u00ed r\u00e6ktinni.","og_url":"https:\/\/vorulagerinn.is\/product\/bone-x1\/","og_site_name":"V&ouml;rulagerinn","article_publisher":"https:\/\/www.facebook.com\/vorulagerinn","article_modified_time":"2026-03-31T09:56:42+00:00","og_image":[{"width":600,"height":600,"url":"https:\/\/vorulagerinn.is\/wp-content\/uploads\/2025\/09\/Bone_X1.jpg","type":"image\/jpeg"}],"twitter_card":"summary_large_image","twitter_misc":{"Price":"6.990&nbsp;kr.","Availability":"In stock"},"schema":{"@context":"https:\/\/schema.org","@graph":[{"@type":"WebPage","@id":"https:\/\/vorulagerinn.is\/product\/bone-x1\/","url":"https:\/\/vorulagerinn.is\/product\/bone-x1\/","name":"Bone X1 beinlei\u00f0ni \u00fer\u00e1\u00f0laus heyrnart\u00f3l me\u00f0 IPX5 vatnsv\u00f6rn","isPartOf":{"@id":"https:\/\/vorulagerinn.is\/#website"},"primaryImageOfPage":{"@id":"https:\/\/vorulagerinn.is\/product\/bone-x1\/#primaryimage"},"image":{"@id":"https:\/\/vorulagerinn.is\/product\/bone-x1\/#primaryimage"},"thumbnailUrl":"https:\/\/vorulagerinn.is\/wp-content\/uploads\/2025\/09\/Bone_X1.jpg","datePublished":"2025-06-24T19:16:47+00:00","dateModified":"2026-03-31T09:56:42+00:00","description":"Beinlei\u00f0ni heyrnart\u00f3l gerir \u00fe\u00e9r kleift a\u00f0 hlusta \u00e1 t\u00f3nlist \u00e1 sama t\u00edma & \u00fe\u00fa heyrir fullkomlega \u00ed umhverfinu t.d. \u00ed g\u00f6ngut\u00far, \u00ed vinnunni e\u00f0a \u00ed r\u00e6ktinni.","breadcrumb":{"@id":"https:\/\/vorulagerinn.is\/product\/bone-x1\/#breadcrumb"},"inLanguage":"en-US","potentialAction":[{"@type":"ReadAction","target":["https:\/\/vorulagerinn.is\/product\/bone-x1\/"]}]},{"@type":"ImageObject","inLanguage":"en-US","@id":"https:\/\/vorulagerinn.is\/product\/bone-x1\/#primaryimage","url":"https:\/\/vorulagerinn.is\/wp-content\/uploads\/2025\/09\/Bone_X1.jpg","contentUrl":"https:\/\/vorulagerinn.is\/wp-content\/uploads\/2025\/09\/Bone_X1.jpg","width":600,"height":600},{"@type":"BreadcrumbList","@id":"https:\/\/vorulagerinn.is\/product\/bone-x1\/#breadcrumb","itemListElement":[{"@type":"ListItem","position":1,"name":"Home","item":"https:\/\/vorulagerinn.is\/"},{"@type":"ListItem","position":2,"name":"Shop","item":"https:\/\/vorulagerinn.is\/en\/shop\/"},{"@type":"ListItem","position":3,"name":"Bone X1 beinlei\u00f0ni heyrnart\u00f3l me\u00f0 IPX5 vatnsv\u00f6rn"}]},{"@type":"WebSite","@id":"https:\/\/vorulagerinn.is\/#website","url":"https:\/\/vorulagerinn.is\/","name":"V\u00f6rulagerinn","description":"L\u00e1ttu \u00fea\u00f0 eftir \u00fe\u00e9r","publisher":{"@id":"https:\/\/vorulagerinn.is\/#organization"},"potentialAction":[{"@type":"SearchAction","target":{"@type":"EntryPoint","urlTemplate":"https:\/\/vorulagerinn.is\/?s={search_term_string}"},"query-input":{"@type":"PropertyValueSpecification","valueRequired":true,"valueName":"search_term_string"}}],"inLanguage":"en-US"},{"@type":"Organization","@id":"https:\/\/vorulagerinn.is\/#organization","name":"V\u00f6rulagerinn","url":"https:\/\/vorulagerinn.is\/","logo":{"@type":"ImageObject","inLanguage":"en-US","@id":"https:\/\/vorulagerinn.is\/#\/schema\/logo\/image\/","url":"https:\/\/vorulagerinn.is\/wp-content\/uploads\/2022\/09\/Vorulagerinn-Logo-588x160-1.png","contentUrl":"https:\/\/vorulagerinn.is\/wp-content\/uploads\/2022\/09\/Vorulagerinn-Logo-588x160-1.png","width":588,"height":160,"caption":"V\u00f6rulagerinn"},"image":{"@id":"https:\/\/vorulagerinn.is\/#\/schema\/logo\/image\/"},"sameAs":["https:\/\/www.facebook.com\/vorulagerinn","https:\/\/www.instagram.com\/vorulagerinn\/"]}]},"product_price_amount":"6990","product_price_currency":"ISK","og_availability":"instock","product_availability":"instock","product_retailer_item_id":"OPENEAR-X1","product_condition":"new"},"_links":{"self":[{"href":"https:\/\/vorulagerinn.is\/en\/wp-json\/wp\/v2\/product\/28544","targetHints":{"allow":["GET"]}}],"collection":[{"href":"https:\/\/vorulagerinn.is\/en\/wp-json\/wp\/v2\/product"}],"about":[{"href":"https:\/\/vorulagerinn.is\/en\/wp-json\/wp\/v2\/types\/product"}],"wp:featuredmedia":[{"embeddable":true,"href":"https:\/\/vorulagerinn.is\/en\/wp-json\/wp\/v2\/media\/28542"}],"wp:attachment":[{"href":"https:\/\/vorulagerinn.is\/en\/wp-json\/wp\/v2\/media?parent=28544"}],"wp:term":[{"taxonomy":"product_brand","embeddable":true,"href":"https:\/\/vorulagerinn.is\/en\/wp-json\/wp\/v2\/product_brand?post=28544"},{"taxonomy":"product_cat","embeddable":true,"href":"https:\/\/vorulagerinn.is\/en\/wp-json\/wp\/v2\/product_cat?post=28544"},{"taxonomy":"product_tag","embeddable":true,"href":"https:\/\/vorulagerinn.is\/en\/wp-json\/wp\/v2\/product_tag?post=28544"}],"curies":[{"name":"wp","href":"https:\/\/api.w.org\/{rel}","templated":true}]}}