{"id":28562,"date":"2025-06-25T08:43:35","date_gmt":"2025-06-25T08:43:35","guid":{"rendered":"https:\/\/vorulagerinn.is\/product\/bone-f1\/"},"modified":"2026-04-17T15:48:40","modified_gmt":"2026-04-17T15:48:40","slug":"bone-f1","status":"publish","type":"product","link":"https:\/\/vorulagerinn.is\/en\/product\/bone-f1\/","title":{"rendered":"Bone F1 \u00fer\u00e1\u00f0laus beinlei\u00f0ni heyrnart\u00f3l me\u00f0 IP68 vatnsv\u00f6rn, 32gb minni fyrir t\u00f3nlist og Bluetooth 5,3"},"content":{"rendered":"","protected":false},"excerpt":{"rendered":"<p>\u00der\u00e1\u00f0laus beinlei\u00f0ni (bone conduction) heyrnart\u00f3l eru me\u00f0 IP68 vatnsv\u00f6rn sem gerir \u00fe\u00e9r kleift a\u00f0 taka \u00feau me\u00f0 \u00fe\u00e9r \u00ed sturtu og \u00ed sund \u00ed ferskvatni (allt a\u00f0 2 metra d\u00fdpi). Heyrnart\u00f3lin eru a\u00f0eins 34 gr\u00f6mm og koma me\u00f0 innbygg\u00f0u 32GB minni (allt a\u00f0 6.000 l\u00f6g) sem \u00fe\u00fa getur hlusta\u00f0 \u00e1 \u00e1n \u00feess a\u00f0 s\u00edminn s\u00e9 n\u00e1l\u00e6gt. Rafhla\u00f0an er 180 mAh sem \u00fe\u00fd\u00f0ir a\u00f0 h\u00e6gt er a\u00f0 hlusta t\u00f3nlist \u00ed 7 klukkustundir. \u00c1 me\u00f0an \u00fe\u00fa hlustar \u00e1 t\u00f3nlist getur \u00fe\u00fa heyrt fullkomlega vel \u00ed umhverfinu hvort sem \u00fe\u00fa ert \u00ed vinnunni, r\u00e6ktinni, \u00ed g\u00f6ngut\u00far, a\u00f0 hlaupa e\u00f0a \u00ed golfi me\u00f0 f\u00e9l\u00f6gunum \u00e1n \u00feess a\u00f0 missa athygli og f\u00f3rna hlj\u00f3mg\u00e6\u00f0um. Heyrnart\u00f3lin eru me\u00f0 Bluetooth 5.3 og 10 metra dr\u00e6gni.<\/p>\n<p>Mj\u00f6g g\u00f3\u00f0 samh\u00e6fni og hr\u00f6\u00f0 tenging vi\u00f0 alla helstu snjalls\u00edma. St\u00fdringin er \u00e1 h\u00e6gri hli\u00f0 vi\u00f0 eyra en \u00fear getur \u00fe\u00fa stj\u00f3rna\u00f0 afspilun, h\u00e6kka\u00f0, l\u00e6kka\u00f0, svara\u00f0, kveikt og sl\u00f6kkt. Heyrnat\u00f3lin sty\u00f0ja tengingu vi\u00f0 tv\u00f6 t\u00e6ki samt\u00edmis.<\/p>\n<p>\u2013 Sj\u00e1 video ne\u00f0ar \u00e1 s\u00ed\u00f0u<br \/>\n\u2013 Litur: Hv\u00edtur<br \/>\n\u2013 \u00deyngd: 34 gr\u00f6mm<br \/>\n\u2013 Vatnsheldni: IP68<br \/>\n\u2013 Bluetooth: 5.3 (allt a\u00f0 10 metra dr\u00e6gni)<br \/>\n\u2013 Innbyggt 32 gb minni fyrir t\u00f3nlist<br \/>\n\u2013 \u00dej\u00f6ppunarsta\u00f0lar MP3 og WAV<br \/>\n\u2013 Vottun CE, ROHS og FCC<\/p>\n","protected":false},"featured_media":28560,"template":"","meta":[],"product_brand":[429],"product_cat":[431,432,378],"product_tag":[],"class_list":{"0":"post-28562","1":"product","2":"type-product","3":"status-publish","4":"has-post-thumbnail","6":"product_brand-openear","7":"product_cat-a-eyru-on-ear","8":"product_cat-beinleidni-bone-conduction","9":"product_cat-heyrnartol","11":"first","12":"instock","13":"sale","14":"taxable","15":"shipping-taxable","16":"purchasable","17":"product-type-simple"},"supplier_id":null,"supplier_sku":"","barcode":null,"atum_controlled":true,"out_stock_date":null,"out_stock_threshold":null,"inheritable":false,"inbound_stock":0,"stock_on_hold":2,"sold_today":1,"sales_last_days":7,"reserved_stock":0,"customer_returns":0,"warehouse_damage":0,"lost_in_post":0,"other_logs":0,"out_stock_days":0,"lost_sales":0,"has_location":false,"update_date":"2026-04-19T10:50:01","atum_locations":[],"atum_stock_status":"instock","restock_status":false,"low_stock_amount":"","sales_update_date":"2026-04-19T10:50:01","calc_backorders":null,"yoast_head":"<!-- This site is optimized with the Yoast SEO Premium plugin v26.6 (Yoast SEO v27.3) - https:\/\/yoast.com\/product\/yoast-seo-premium-wordpress\/ -->\n<title>Beinlei\u00f0ni heyrnart\u00f3l me\u00f0 IP68 vatnsv\u00f6rn, 32gb minni &amp; BT 5,3<\/title>\n<meta name=\"description\" content=\"\u00der\u00e1\u00f0laus beinlei\u00f0ni (bone conduction) heyrnart\u00f3l me\u00f0 IP68 vatnsv\u00f6rn sem nota m\u00e1 \u00ed ba\u00f0i, sturtu &amp; \u00ed sundi. Bluetooth 5,3 &amp; 32 gb innbyggt minni fyrir t\u00f3nlist\" \/>\n<meta name=\"robots\" content=\"index, follow, max-snippet:-1, max-image-preview:large, max-video-preview:-1\" \/>\n<link rel=\"canonical\" href=\"https:\/\/vorulagerinn.is\/product\/bone-f1\/\" \/>\n<meta property=\"og:locale\" content=\"en_US\" \/>\n<meta property=\"og:type\" content=\"article\" \/>\n<meta property=\"og:title\" content=\"Bone F1 \u00fer\u00e1\u00f0laus beinlei\u00f0ni heyrnart\u00f3l me\u00f0 IP68 vatnsv\u00f6rn, 32gb minni fyrir t\u00f3nlist og Bluetooth 5,3\" \/>\n<meta property=\"og:description\" content=\"\u00der\u00e1\u00f0laus beinlei\u00f0ni (bone conduction) heyrnart\u00f3l me\u00f0 IP68 vatnsv\u00f6rn sem nota m\u00e1 \u00ed ba\u00f0i, sturtu &amp; \u00ed sundi. Bluetooth 5,3 &amp; 32 gb innbyggt minni fyrir t\u00f3nlist\" \/>\n<meta property=\"og:url\" content=\"https:\/\/vorulagerinn.is\/product\/bone-f1\/\" \/>\n<meta property=\"og:site_name\" content=\"V&ouml;rulagerinn\" \/>\n<meta property=\"article:publisher\" content=\"https:\/\/www.facebook.com\/vorulagerinn\" \/>\n<meta property=\"article:modified_time\" content=\"2026-04-17T15:48:40+00:00\" \/>\n<meta property=\"og:image\" content=\"https:\/\/vorulagerinn.is\/wp-content\/uploads\/2025\/09\/Bone-F1.jpg\" \/>\n\t<meta property=\"og:image:width\" content=\"600\" \/>\n\t<meta property=\"og:image:height\" content=\"600\" \/>\n\t<meta property=\"og:image:type\" content=\"image\/jpeg\" \/>\n<meta name=\"twitter:card\" content=\"summary_large_image\" \/>\n<meta name=\"twitter:label1\" content=\"Price\" \/>\n\t<meta name=\"twitter:data1\" content=\"13.230&nbsp;kr.\" \/>\n\t<meta name=\"twitter:label2\" content=\"Availability\" \/>\n\t<meta name=\"twitter:data2\" content=\"In stock\" \/>\n<script type=\"application\/ld+json\" class=\"yoast-schema-graph\">{\"@context\":\"https:\\\/\\\/schema.org\",\"@graph\":[{\"@type\":\"WebPage\",\"@id\":\"https:\\\/\\\/vorulagerinn.is\\\/product\\\/bone-f1\\\/\",\"url\":\"https:\\\/\\\/vorulagerinn.is\\\/product\\\/bone-f1\\\/\",\"name\":\"Beinlei\u00f0ni heyrnart\u00f3l me\u00f0 IP68 vatnsv\u00f6rn, 32gb minni & BT 5,3\",\"isPartOf\":{\"@id\":\"https:\\\/\\\/vorulagerinn.is\\\/#website\"},\"primaryImageOfPage\":{\"@id\":\"https:\\\/\\\/vorulagerinn.is\\\/product\\\/bone-f1\\\/#primaryimage\"},\"image\":{\"@id\":\"https:\\\/\\\/vorulagerinn.is\\\/product\\\/bone-f1\\\/#primaryimage\"},\"thumbnailUrl\":\"https:\\\/\\\/vorulagerinn.is\\\/wp-content\\\/uploads\\\/2025\\\/09\\\/Bone-F1.jpg\",\"datePublished\":\"2025-06-25T08:43:35+00:00\",\"dateModified\":\"2026-04-17T15:48:40+00:00\",\"description\":\"\u00der\u00e1\u00f0laus beinlei\u00f0ni (bone conduction) heyrnart\u00f3l me\u00f0 IP68 vatnsv\u00f6rn sem nota m\u00e1 \u00ed ba\u00f0i, sturtu & \u00ed sundi. Bluetooth 5,3 & 32 gb innbyggt minni fyrir t\u00f3nlist\",\"breadcrumb\":{\"@id\":\"https:\\\/\\\/vorulagerinn.is\\\/product\\\/bone-f1\\\/#breadcrumb\"},\"inLanguage\":\"en-US\",\"potentialAction\":[{\"@type\":\"ReadAction\",\"target\":[\"https:\\\/\\\/vorulagerinn.is\\\/product\\\/bone-f1\\\/\"]}]},{\"@type\":\"ImageObject\",\"inLanguage\":\"en-US\",\"@id\":\"https:\\\/\\\/vorulagerinn.is\\\/product\\\/bone-f1\\\/#primaryimage\",\"url\":\"https:\\\/\\\/vorulagerinn.is\\\/wp-content\\\/uploads\\\/2025\\\/09\\\/Bone-F1.jpg\",\"contentUrl\":\"https:\\\/\\\/vorulagerinn.is\\\/wp-content\\\/uploads\\\/2025\\\/09\\\/Bone-F1.jpg\",\"width\":600,\"height\":600},{\"@type\":\"BreadcrumbList\",\"@id\":\"https:\\\/\\\/vorulagerinn.is\\\/product\\\/bone-f1\\\/#breadcrumb\",\"itemListElement\":[{\"@type\":\"ListItem\",\"position\":1,\"name\":\"Home\",\"item\":\"https:\\\/\\\/vorulagerinn.is\\\/\"},{\"@type\":\"ListItem\",\"position\":2,\"name\":\"Shop\",\"item\":\"https:\\\/\\\/vorulagerinn.is\\\/en\\\/shop\\\/\"},{\"@type\":\"ListItem\",\"position\":3,\"name\":\"Bone F1 \u00fer\u00e1\u00f0laus beinlei\u00f0ni heyrnart\u00f3l me\u00f0 IP68 vatnsv\u00f6rn, 32gb minni fyrir t\u00f3nlist og Bluetooth 5,3\"}]},{\"@type\":\"WebSite\",\"@id\":\"https:\\\/\\\/vorulagerinn.is\\\/#website\",\"url\":\"https:\\\/\\\/vorulagerinn.is\\\/\",\"name\":\"V\u00f6rulagerinn\",\"description\":\"L\u00e1ttu \u00fea\u00f0 eftir \u00fe\u00e9r\",\"publisher\":{\"@id\":\"https:\\\/\\\/vorulagerinn.is\\\/#organization\"},\"potentialAction\":[{\"@type\":\"SearchAction\",\"target\":{\"@type\":\"EntryPoint\",\"urlTemplate\":\"https:\\\/\\\/vorulagerinn.is\\\/?s={search_term_string}\"},\"query-input\":{\"@type\":\"PropertyValueSpecification\",\"valueRequired\":true,\"valueName\":\"search_term_string\"}}],\"inLanguage\":\"en-US\"},{\"@type\":\"Organization\",\"@id\":\"https:\\\/\\\/vorulagerinn.is\\\/#organization\",\"name\":\"V\u00f6rulagerinn\",\"url\":\"https:\\\/\\\/vorulagerinn.is\\\/\",\"logo\":{\"@type\":\"ImageObject\",\"inLanguage\":\"en-US\",\"@id\":\"https:\\\/\\\/vorulagerinn.is\\\/#\\\/schema\\\/logo\\\/image\\\/\",\"url\":\"https:\\\/\\\/vorulagerinn.is\\\/wp-content\\\/uploads\\\/2022\\\/09\\\/Vorulagerinn-Logo-588x160-1.png\",\"contentUrl\":\"https:\\\/\\\/vorulagerinn.is\\\/wp-content\\\/uploads\\\/2022\\\/09\\\/Vorulagerinn-Logo-588x160-1.png\",\"width\":588,\"height\":160,\"caption\":\"V\u00f6rulagerinn\"},\"image\":{\"@id\":\"https:\\\/\\\/vorulagerinn.is\\\/#\\\/schema\\\/logo\\\/image\\\/\"},\"sameAs\":[\"https:\\\/\\\/www.facebook.com\\\/vorulagerinn\",\"https:\\\/\\\/www.instagram.com\\\/vorulagerinn\\\/\"]}]}<\/script>\n<meta property=\"product:price:amount\" content=\"13230\" \/>\n<meta property=\"product:price:currency\" content=\"ISK\" \/>\n<meta property=\"og:availability\" content=\"instock\" \/>\n<meta property=\"product:availability\" content=\"instock\" \/>\n<meta property=\"product:retailer_item_id\" content=\"Bone F1\" \/>\n<meta property=\"product:condition\" content=\"new\" \/>\n<!-- \/ Yoast SEO Premium plugin. -->","yoast_head_json":{"title":"Beinlei\u00f0ni heyrnart\u00f3l me\u00f0 IP68 vatnsv\u00f6rn, 32gb minni & BT 5,3","description":"\u00der\u00e1\u00f0laus beinlei\u00f0ni (bone conduction) heyrnart\u00f3l me\u00f0 IP68 vatnsv\u00f6rn sem nota m\u00e1 \u00ed ba\u00f0i, sturtu & \u00ed sundi. Bluetooth 5,3 & 32 gb innbyggt minni fyrir t\u00f3nlist","robots":{"index":"index","follow":"follow","max-snippet":"max-snippet:-1","max-image-preview":"max-image-preview:large","max-video-preview":"max-video-preview:-1"},"canonical":"https:\/\/vorulagerinn.is\/product\/bone-f1\/","og_locale":"en_US","og_type":"article","og_title":"Bone F1 \u00fer\u00e1\u00f0laus beinlei\u00f0ni heyrnart\u00f3l me\u00f0 IP68 vatnsv\u00f6rn, 32gb minni fyrir t\u00f3nlist og Bluetooth 5,3","og_description":"\u00der\u00e1\u00f0laus beinlei\u00f0ni (bone conduction) heyrnart\u00f3l me\u00f0 IP68 vatnsv\u00f6rn sem nota m\u00e1 \u00ed ba\u00f0i, sturtu & \u00ed sundi. Bluetooth 5,3 & 32 gb innbyggt minni fyrir t\u00f3nlist","og_url":"https:\/\/vorulagerinn.is\/product\/bone-f1\/","og_site_name":"V&ouml;rulagerinn","article_publisher":"https:\/\/www.facebook.com\/vorulagerinn","article_modified_time":"2026-04-17T15:48:40+00:00","og_image":[{"width":600,"height":600,"url":"https:\/\/vorulagerinn.is\/wp-content\/uploads\/2025\/09\/Bone-F1.jpg","type":"image\/jpeg"}],"twitter_card":"summary_large_image","twitter_misc":{"Price":"13.230&nbsp;kr.","Availability":"In stock"},"schema":{"@context":"https:\/\/schema.org","@graph":[{"@type":"WebPage","@id":"https:\/\/vorulagerinn.is\/product\/bone-f1\/","url":"https:\/\/vorulagerinn.is\/product\/bone-f1\/","name":"Beinlei\u00f0ni heyrnart\u00f3l me\u00f0 IP68 vatnsv\u00f6rn, 32gb minni & BT 5,3","isPartOf":{"@id":"https:\/\/vorulagerinn.is\/#website"},"primaryImageOfPage":{"@id":"https:\/\/vorulagerinn.is\/product\/bone-f1\/#primaryimage"},"image":{"@id":"https:\/\/vorulagerinn.is\/product\/bone-f1\/#primaryimage"},"thumbnailUrl":"https:\/\/vorulagerinn.is\/wp-content\/uploads\/2025\/09\/Bone-F1.jpg","datePublished":"2025-06-25T08:43:35+00:00","dateModified":"2026-04-17T15:48:40+00:00","description":"\u00der\u00e1\u00f0laus beinlei\u00f0ni (bone conduction) heyrnart\u00f3l me\u00f0 IP68 vatnsv\u00f6rn sem nota m\u00e1 \u00ed ba\u00f0i, sturtu & \u00ed sundi. Bluetooth 5,3 & 32 gb innbyggt minni fyrir t\u00f3nlist","breadcrumb":{"@id":"https:\/\/vorulagerinn.is\/product\/bone-f1\/#breadcrumb"},"inLanguage":"en-US","potentialAction":[{"@type":"ReadAction","target":["https:\/\/vorulagerinn.is\/product\/bone-f1\/"]}]},{"@type":"ImageObject","inLanguage":"en-US","@id":"https:\/\/vorulagerinn.is\/product\/bone-f1\/#primaryimage","url":"https:\/\/vorulagerinn.is\/wp-content\/uploads\/2025\/09\/Bone-F1.jpg","contentUrl":"https:\/\/vorulagerinn.is\/wp-content\/uploads\/2025\/09\/Bone-F1.jpg","width":600,"height":600},{"@type":"BreadcrumbList","@id":"https:\/\/vorulagerinn.is\/product\/bone-f1\/#breadcrumb","itemListElement":[{"@type":"ListItem","position":1,"name":"Home","item":"https:\/\/vorulagerinn.is\/"},{"@type":"ListItem","position":2,"name":"Shop","item":"https:\/\/vorulagerinn.is\/en\/shop\/"},{"@type":"ListItem","position":3,"name":"Bone F1 \u00fer\u00e1\u00f0laus beinlei\u00f0ni heyrnart\u00f3l me\u00f0 IP68 vatnsv\u00f6rn, 32gb minni fyrir t\u00f3nlist og Bluetooth 5,3"}]},{"@type":"WebSite","@id":"https:\/\/vorulagerinn.is\/#website","url":"https:\/\/vorulagerinn.is\/","name":"V\u00f6rulagerinn","description":"L\u00e1ttu \u00fea\u00f0 eftir \u00fe\u00e9r","publisher":{"@id":"https:\/\/vorulagerinn.is\/#organization"},"potentialAction":[{"@type":"SearchAction","target":{"@type":"EntryPoint","urlTemplate":"https:\/\/vorulagerinn.is\/?s={search_term_string}"},"query-input":{"@type":"PropertyValueSpecification","valueRequired":true,"valueName":"search_term_string"}}],"inLanguage":"en-US"},{"@type":"Organization","@id":"https:\/\/vorulagerinn.is\/#organization","name":"V\u00f6rulagerinn","url":"https:\/\/vorulagerinn.is\/","logo":{"@type":"ImageObject","inLanguage":"en-US","@id":"https:\/\/vorulagerinn.is\/#\/schema\/logo\/image\/","url":"https:\/\/vorulagerinn.is\/wp-content\/uploads\/2022\/09\/Vorulagerinn-Logo-588x160-1.png","contentUrl":"https:\/\/vorulagerinn.is\/wp-content\/uploads\/2022\/09\/Vorulagerinn-Logo-588x160-1.png","width":588,"height":160,"caption":"V\u00f6rulagerinn"},"image":{"@id":"https:\/\/vorulagerinn.is\/#\/schema\/logo\/image\/"},"sameAs":["https:\/\/www.facebook.com\/vorulagerinn","https:\/\/www.instagram.com\/vorulagerinn\/"]}]},"product_price_amount":"13230","product_price_currency":"ISK","og_availability":"instock","product_availability":"instock","product_retailer_item_id":"Bone F1","product_condition":"new"},"_links":{"self":[{"href":"https:\/\/vorulagerinn.is\/en\/wp-json\/wp\/v2\/product\/28562","targetHints":{"allow":["GET"]}}],"collection":[{"href":"https:\/\/vorulagerinn.is\/en\/wp-json\/wp\/v2\/product"}],"about":[{"href":"https:\/\/vorulagerinn.is\/en\/wp-json\/wp\/v2\/types\/product"}],"wp:featuredmedia":[{"embeddable":true,"href":"https:\/\/vorulagerinn.is\/en\/wp-json\/wp\/v2\/media\/28560"}],"wp:attachment":[{"href":"https:\/\/vorulagerinn.is\/en\/wp-json\/wp\/v2\/media?parent=28562"}],"wp:term":[{"taxonomy":"product_brand","embeddable":true,"href":"https:\/\/vorulagerinn.is\/en\/wp-json\/wp\/v2\/product_brand?post=28562"},{"taxonomy":"product_cat","embeddable":true,"href":"https:\/\/vorulagerinn.is\/en\/wp-json\/wp\/v2\/product_cat?post=28562"},{"taxonomy":"product_tag","embeddable":true,"href":"https:\/\/vorulagerinn.is\/en\/wp-json\/wp\/v2\/product_tag?post=28562"}],"curies":[{"name":"wp","href":"https:\/\/api.w.org\/{rel}","templated":true}]}}