{"id":28565,"date":"2025-06-25T08:02:58","date_gmt":"2025-06-25T08:02:58","guid":{"rendered":"https:\/\/vorulagerinn.is\/product\/bonehearing-s1\/"},"modified":"2026-03-31T09:56:24","modified_gmt":"2026-03-31T09:56:24","slug":"bonehearing-s1","status":"publish","type":"product","link":"https:\/\/vorulagerinn.is\/en\/product\/bonehearing-s1\/","title":{"rendered":"BoneHearing S1 beinlei\u00f0ni heyrnart\u00f3l (Sound Amplifier Headphones)"},"content":{"rendered":"<h1><strong>Hva\u00f0 er beinlei\u00f0ni heyrnart\u00f3l?<\/strong><\/h1>\n<p>Beinlei\u00f0ini heyrnart\u00f3l (bone conduction) er s\u00e9rst\u00f6k ger\u00f0 af heyrnart\u00f3lum sem hv\u00edla beint \u00e1 kinnbeinum hlustandans. \u00d3l\u00edkt hef\u00f0bundnum heyrnart\u00f3lum sem hylja eyrun e\u00f0a tappar settir \u00ed \u00feau (airpods \/ airbuds) titrar hlj\u00f3\u00f0himnan ekki til a\u00f0 senda hlj\u00f3\u00f0bylgjur \u00e1fram til ku\u00f0ungssins. \u00cd sta\u00f0inn sendist titringur fr\u00e1 kinnbeinum me\u00f0 beinlei\u00f0ni \u00ed ku\u00f0unginn. \u00dea\u00f0 ver\u00f0ur engin \u00fer\u00fdstingur \u00ed eyrum eins og gerist \u00feegar tappar (in-ear) heyrnart\u00f3l eru notu\u00f0. Fyrir langa notkun eru beinlei\u00f0ni heyrnart\u00f3l \u00fe\u00e6ginlegri.<\/p>\n<p>Beinlei\u00f0ni heyrnart\u00f3l hentar f\u00f3lki \u00e1 \u00f6llum aldri og getur hj\u00e1lpa\u00f0 \u00feeim sem eru me\u00f0 skerta heyrn vegna vandam\u00e1la \u00ed mi\u00f0eyra e\u00f0a hlj\u00f3\u00f0himnu \u00fear sem beinlei\u00f0ni titringur berst me\u00f0 kinnbeinum. Beinlei\u00f0nit\u00e6kni gerir \u00fe\u00e9r kleift a\u00f0 hlusta \u00e1 t\u00f3nlist \u00e1 sama t\u00edma og \u00fe\u00fa heyrir fullkomlega \u00ed umhverfinu og ert me\u00f0vita\u00f0um um \u00fea\u00f0 sem er a\u00f0 gerast \u00ed kringum \u00feig. Heyrnart\u00f3lin henta einstaklega vel hvort sem \u00fe\u00fa ert \u00ed vinnunni, r\u00e6ktinni, \u00ed g\u00f6ngut\u00far, a\u00f0 hlaupa e\u00f0a golfi me\u00f0 f\u00e9l\u00f6gunum \u00e1n \u00feess a\u00f0 missa athygli og f\u00f3rna hlj\u00f3mg\u00e6\u00f0um.<\/p>\n","protected":false},"excerpt":{"rendered":"<p>St\u00edlhrein \u00fer\u00e1\u00f0laus beinlei\u00f0ni (bone conduction) heyrnart\u00f3l me\u00f0 innbygg\u00f0um magnara (sound ampifier) sem hj\u00e1lpar einstaklingum me\u00f0 heyrnarsker\u00f0ingu a\u00f0 heyra betur \u00ed samt\u00f6lum, \u00fatvarpi e\u00f0a \u00feegar horft er \u00e1 sj\u00f3nvarp. G\u00f3\u00f0 samh\u00e6fni og hr\u00f6\u00f0 tenging vi\u00f0 alla helstu snjalls\u00edma, spjaldt\u00f6lvur, Apple tv og snjall sj\u00f3nv\u00f6rp. \u00de\u00fa getur hlusta\u00f0 \u00e1 hlj\u00f3\u00f0b\u00e6kur, \u00fatvarp e\u00f0a t\u00f3nlist \u00ed s\u00edmanum. \u00de\u00e1 er h\u00e6gt a\u00f0 smella \u00e1 hnapp til a\u00f0 skipta yfir \u00e1 hlj\u00f3\u00f0magnara (sound amplifier) \u00feegar \u00feess er \u00fe\u00f6rf t.d. \u00ed samt\u00f6lum, \u00feegar horft er \u00e1 sj\u00f3nvarp o.s.frv.<\/p>\n<p>Rafhla\u00f0an endist \u00ed allt a\u00f0 10 klst \u00feegar stillt er \u00e1 hlj\u00f3\u00f0 magnara (sound amplifier) og 6 klst \u00ed spilun\/s\u00edmt\u00f6l. Heyrnart\u00f3lin er me\u00f0 IPX5 vatnsv\u00f6rn og \u00feola svita og l\u00e9tta rigningu.<\/p>\n<p>\u2013 Uppl. um beinlei\u00f0ni heyrnart\u00f3l eru ne\u00f0ar \u00e1 \u00feessari s\u00ed\u00f0u<br \/>\n\u2013 Litur: Svartur<br \/>\n\u2013 \u00deyngd: 27g<br \/>\n\u2013 Bluetooth: 5,3<br \/>\n\u2013 Hlj\u00f3\u00f0 magnari (sound amplifier)<br \/>\n&#8211; Vatnsheldni IPX5<br \/>\n\u2013 Vottun CE, ROHS og FCC<\/p>\n","protected":false},"featured_media":28563,"template":"","meta":[],"product_brand":[429],"product_cat":[431,432],"product_tag":[],"class_list":{"0":"post-28565","1":"product","2":"type-product","3":"status-publish","4":"has-post-thumbnail","6":"product_brand-openear","7":"product_cat-a-eyru-on-ear","8":"product_cat-beinleidni-bone-conduction","10":"first","11":"instock","12":"sale","13":"taxable","14":"shipping-taxable","15":"purchasable","16":"product-type-simple"},"supplier_id":null,"supplier_sku":"","barcode":null,"atum_controlled":true,"out_stock_date":null,"out_stock_threshold":null,"inheritable":false,"inbound_stock":0,"stock_on_hold":0,"sold_today":0,"sales_last_days":0,"reserved_stock":0,"customer_returns":0,"warehouse_damage":0,"lost_in_post":0,"other_logs":0,"out_stock_days":0,"lost_sales":0,"has_location":false,"update_date":"2026-04-12T00:16:10","atum_locations":[],"atum_stock_status":"instock","restock_status":false,"low_stock_amount":"","sales_update_date":"2026-04-12T00:16:09","calc_backorders":null,"yoast_head":"<!-- This site is optimized with the Yoast SEO Premium plugin v26.6 (Yoast SEO v27.3) - https:\/\/yoast.com\/product\/yoast-seo-premium-wordpress\/ -->\n<title>BoneHearing S1 beinlei\u00f0ni heyrnat\u00f3l | Sound Amplifier Headphones<\/title>\n<meta name=\"description\" content=\"\u00der\u00e1\u00f0laus heyrnart\u00f3l me\u00f0 innbygg\u00f0um magnara (sound ampifier) sem hj\u00e1lpar f\u00f3lki me\u00f0 heyrnarsker\u00f0ingu a\u00f0 heyra betur \u00ed umhverfinu, samt\u00f6lum, \u00fatvarpi &amp; TV\" \/>\n<meta name=\"robots\" content=\"index, follow, max-snippet:-1, max-image-preview:large, max-video-preview:-1\" \/>\n<link rel=\"canonical\" href=\"https:\/\/vorulagerinn.is\/product\/bonehearing-s1\/\" \/>\n<meta property=\"og:locale\" content=\"en_US\" \/>\n<meta property=\"og:type\" content=\"article\" \/>\n<meta property=\"og:title\" content=\"BoneHearing S1 beinlei\u00f0ni heyrnart\u00f3l (Sound Amplifier Headphones)\" \/>\n<meta property=\"og:description\" content=\"\u00der\u00e1\u00f0laus heyrnart\u00f3l me\u00f0 innbygg\u00f0um magnara (sound ampifier) sem hj\u00e1lpar f\u00f3lki me\u00f0 heyrnarsker\u00f0ingu a\u00f0 heyra betur \u00ed umhverfinu, samt\u00f6lum, \u00fatvarpi &amp; TV\" \/>\n<meta property=\"og:url\" content=\"https:\/\/vorulagerinn.is\/product\/bonehearing-s1\/\" \/>\n<meta property=\"og:site_name\" content=\"V&ouml;rulagerinn\" \/>\n<meta property=\"article:publisher\" content=\"https:\/\/www.facebook.com\/vorulagerinn\" \/>\n<meta property=\"article:modified_time\" content=\"2026-03-31T09:56:24+00:00\" \/>\n<meta property=\"og:image\" content=\"https:\/\/vorulagerinn.is\/wp-content\/uploads\/2025\/09\/BoneHearing-S1.jpg\" \/>\n\t<meta property=\"og:image:width\" content=\"600\" \/>\n\t<meta property=\"og:image:height\" content=\"600\" \/>\n\t<meta property=\"og:image:type\" content=\"image\/jpeg\" \/>\n<meta name=\"twitter:card\" content=\"summary_large_image\" \/>\n<meta name=\"twitter:label1\" content=\"Price\" \/>\n\t<meta name=\"twitter:data1\" content=\"10.430&nbsp;kr.\" \/>\n\t<meta name=\"twitter:label2\" content=\"Availability\" \/>\n\t<meta name=\"twitter:data2\" content=\"In stock\" \/>\n<script type=\"application\/ld+json\" class=\"yoast-schema-graph\">{\"@context\":\"https:\\\/\\\/schema.org\",\"@graph\":[{\"@type\":\"WebPage\",\"@id\":\"https:\\\/\\\/vorulagerinn.is\\\/product\\\/bonehearing-s1\\\/\",\"url\":\"https:\\\/\\\/vorulagerinn.is\\\/product\\\/bonehearing-s1\\\/\",\"name\":\"BoneHearing S1 beinlei\u00f0ni heyrnat\u00f3l | Sound Amplifier Headphones\",\"isPartOf\":{\"@id\":\"https:\\\/\\\/vorulagerinn.is\\\/#website\"},\"primaryImageOfPage\":{\"@id\":\"https:\\\/\\\/vorulagerinn.is\\\/product\\\/bonehearing-s1\\\/#primaryimage\"},\"image\":{\"@id\":\"https:\\\/\\\/vorulagerinn.is\\\/product\\\/bonehearing-s1\\\/#primaryimage\"},\"thumbnailUrl\":\"https:\\\/\\\/vorulagerinn.is\\\/wp-content\\\/uploads\\\/2025\\\/09\\\/BoneHearing-S1.jpg\",\"datePublished\":\"2025-06-25T08:02:58+00:00\",\"dateModified\":\"2026-03-31T09:56:24+00:00\",\"description\":\"\u00der\u00e1\u00f0laus heyrnart\u00f3l me\u00f0 innbygg\u00f0um magnara (sound ampifier) sem hj\u00e1lpar f\u00f3lki me\u00f0 heyrnarsker\u00f0ingu a\u00f0 heyra betur \u00ed umhverfinu, samt\u00f6lum, \u00fatvarpi & TV\",\"breadcrumb\":{\"@id\":\"https:\\\/\\\/vorulagerinn.is\\\/product\\\/bonehearing-s1\\\/#breadcrumb\"},\"inLanguage\":\"en-US\",\"potentialAction\":[{\"@type\":\"ReadAction\",\"target\":[\"https:\\\/\\\/vorulagerinn.is\\\/product\\\/bonehearing-s1\\\/\"]}]},{\"@type\":\"ImageObject\",\"inLanguage\":\"en-US\",\"@id\":\"https:\\\/\\\/vorulagerinn.is\\\/product\\\/bonehearing-s1\\\/#primaryimage\",\"url\":\"https:\\\/\\\/vorulagerinn.is\\\/wp-content\\\/uploads\\\/2025\\\/09\\\/BoneHearing-S1.jpg\",\"contentUrl\":\"https:\\\/\\\/vorulagerinn.is\\\/wp-content\\\/uploads\\\/2025\\\/09\\\/BoneHearing-S1.jpg\",\"width\":600,\"height\":600},{\"@type\":\"BreadcrumbList\",\"@id\":\"https:\\\/\\\/vorulagerinn.is\\\/product\\\/bonehearing-s1\\\/#breadcrumb\",\"itemListElement\":[{\"@type\":\"ListItem\",\"position\":1,\"name\":\"Home\",\"item\":\"https:\\\/\\\/vorulagerinn.is\\\/\"},{\"@type\":\"ListItem\",\"position\":2,\"name\":\"Shop\",\"item\":\"https:\\\/\\\/vorulagerinn.is\\\/en\\\/shop\\\/\"},{\"@type\":\"ListItem\",\"position\":3,\"name\":\"BoneHearing S1 beinlei\u00f0ni heyrnart\u00f3l (Sound Amplifier Headphones)\"}]},{\"@type\":\"WebSite\",\"@id\":\"https:\\\/\\\/vorulagerinn.is\\\/#website\",\"url\":\"https:\\\/\\\/vorulagerinn.is\\\/\",\"name\":\"V\u00f6rulagerinn\",\"description\":\"L\u00e1ttu \u00fea\u00f0 eftir \u00fe\u00e9r\",\"publisher\":{\"@id\":\"https:\\\/\\\/vorulagerinn.is\\\/#organization\"},\"potentialAction\":[{\"@type\":\"SearchAction\",\"target\":{\"@type\":\"EntryPoint\",\"urlTemplate\":\"https:\\\/\\\/vorulagerinn.is\\\/?s={search_term_string}\"},\"query-input\":{\"@type\":\"PropertyValueSpecification\",\"valueRequired\":true,\"valueName\":\"search_term_string\"}}],\"inLanguage\":\"en-US\"},{\"@type\":\"Organization\",\"@id\":\"https:\\\/\\\/vorulagerinn.is\\\/#organization\",\"name\":\"V\u00f6rulagerinn\",\"url\":\"https:\\\/\\\/vorulagerinn.is\\\/\",\"logo\":{\"@type\":\"ImageObject\",\"inLanguage\":\"en-US\",\"@id\":\"https:\\\/\\\/vorulagerinn.is\\\/#\\\/schema\\\/logo\\\/image\\\/\",\"url\":\"https:\\\/\\\/vorulagerinn.is\\\/wp-content\\\/uploads\\\/2022\\\/09\\\/Vorulagerinn-Logo-588x160-1.png\",\"contentUrl\":\"https:\\\/\\\/vorulagerinn.is\\\/wp-content\\\/uploads\\\/2022\\\/09\\\/Vorulagerinn-Logo-588x160-1.png\",\"width\":588,\"height\":160,\"caption\":\"V\u00f6rulagerinn\"},\"image\":{\"@id\":\"https:\\\/\\\/vorulagerinn.is\\\/#\\\/schema\\\/logo\\\/image\\\/\"},\"sameAs\":[\"https:\\\/\\\/www.facebook.com\\\/vorulagerinn\",\"https:\\\/\\\/www.instagram.com\\\/vorulagerinn\\\/\"]}]}<\/script>\n<meta property=\"product:price:amount\" content=\"10430\" \/>\n<meta property=\"product:price:currency\" content=\"ISK\" \/>\n<meta property=\"og:availability\" content=\"instock\" \/>\n<meta property=\"product:availability\" content=\"instock\" \/>\n<meta property=\"product:retailer_item_id\" content=\"BoneHearing S1\" \/>\n<meta property=\"product:condition\" content=\"new\" \/>\n<!-- \/ Yoast SEO Premium plugin. -->","yoast_head_json":{"title":"BoneHearing S1 beinlei\u00f0ni heyrnat\u00f3l | Sound Amplifier Headphones","description":"\u00der\u00e1\u00f0laus heyrnart\u00f3l me\u00f0 innbygg\u00f0um magnara (sound ampifier) sem hj\u00e1lpar f\u00f3lki me\u00f0 heyrnarsker\u00f0ingu a\u00f0 heyra betur \u00ed umhverfinu, samt\u00f6lum, \u00fatvarpi & TV","robots":{"index":"index","follow":"follow","max-snippet":"max-snippet:-1","max-image-preview":"max-image-preview:large","max-video-preview":"max-video-preview:-1"},"canonical":"https:\/\/vorulagerinn.is\/product\/bonehearing-s1\/","og_locale":"en_US","og_type":"article","og_title":"BoneHearing S1 beinlei\u00f0ni heyrnart\u00f3l (Sound Amplifier Headphones)","og_description":"\u00der\u00e1\u00f0laus heyrnart\u00f3l me\u00f0 innbygg\u00f0um magnara (sound ampifier) sem hj\u00e1lpar f\u00f3lki me\u00f0 heyrnarsker\u00f0ingu a\u00f0 heyra betur \u00ed umhverfinu, samt\u00f6lum, \u00fatvarpi & TV","og_url":"https:\/\/vorulagerinn.is\/product\/bonehearing-s1\/","og_site_name":"V&ouml;rulagerinn","article_publisher":"https:\/\/www.facebook.com\/vorulagerinn","article_modified_time":"2026-03-31T09:56:24+00:00","og_image":[{"width":600,"height":600,"url":"https:\/\/vorulagerinn.is\/wp-content\/uploads\/2025\/09\/BoneHearing-S1.jpg","type":"image\/jpeg"}],"twitter_card":"summary_large_image","twitter_misc":{"Price":"10.430&nbsp;kr.","Availability":"In stock"},"schema":{"@context":"https:\/\/schema.org","@graph":[{"@type":"WebPage","@id":"https:\/\/vorulagerinn.is\/product\/bonehearing-s1\/","url":"https:\/\/vorulagerinn.is\/product\/bonehearing-s1\/","name":"BoneHearing S1 beinlei\u00f0ni heyrnat\u00f3l | Sound Amplifier Headphones","isPartOf":{"@id":"https:\/\/vorulagerinn.is\/#website"},"primaryImageOfPage":{"@id":"https:\/\/vorulagerinn.is\/product\/bonehearing-s1\/#primaryimage"},"image":{"@id":"https:\/\/vorulagerinn.is\/product\/bonehearing-s1\/#primaryimage"},"thumbnailUrl":"https:\/\/vorulagerinn.is\/wp-content\/uploads\/2025\/09\/BoneHearing-S1.jpg","datePublished":"2025-06-25T08:02:58+00:00","dateModified":"2026-03-31T09:56:24+00:00","description":"\u00der\u00e1\u00f0laus heyrnart\u00f3l me\u00f0 innbygg\u00f0um magnara (sound ampifier) sem hj\u00e1lpar f\u00f3lki me\u00f0 heyrnarsker\u00f0ingu a\u00f0 heyra betur \u00ed umhverfinu, samt\u00f6lum, \u00fatvarpi & TV","breadcrumb":{"@id":"https:\/\/vorulagerinn.is\/product\/bonehearing-s1\/#breadcrumb"},"inLanguage":"en-US","potentialAction":[{"@type":"ReadAction","target":["https:\/\/vorulagerinn.is\/product\/bonehearing-s1\/"]}]},{"@type":"ImageObject","inLanguage":"en-US","@id":"https:\/\/vorulagerinn.is\/product\/bonehearing-s1\/#primaryimage","url":"https:\/\/vorulagerinn.is\/wp-content\/uploads\/2025\/09\/BoneHearing-S1.jpg","contentUrl":"https:\/\/vorulagerinn.is\/wp-content\/uploads\/2025\/09\/BoneHearing-S1.jpg","width":600,"height":600},{"@type":"BreadcrumbList","@id":"https:\/\/vorulagerinn.is\/product\/bonehearing-s1\/#breadcrumb","itemListElement":[{"@type":"ListItem","position":1,"name":"Home","item":"https:\/\/vorulagerinn.is\/"},{"@type":"ListItem","position":2,"name":"Shop","item":"https:\/\/vorulagerinn.is\/en\/shop\/"},{"@type":"ListItem","position":3,"name":"BoneHearing S1 beinlei\u00f0ni heyrnart\u00f3l (Sound Amplifier Headphones)"}]},{"@type":"WebSite","@id":"https:\/\/vorulagerinn.is\/#website","url":"https:\/\/vorulagerinn.is\/","name":"V\u00f6rulagerinn","description":"L\u00e1ttu \u00fea\u00f0 eftir \u00fe\u00e9r","publisher":{"@id":"https:\/\/vorulagerinn.is\/#organization"},"potentialAction":[{"@type":"SearchAction","target":{"@type":"EntryPoint","urlTemplate":"https:\/\/vorulagerinn.is\/?s={search_term_string}"},"query-input":{"@type":"PropertyValueSpecification","valueRequired":true,"valueName":"search_term_string"}}],"inLanguage":"en-US"},{"@type":"Organization","@id":"https:\/\/vorulagerinn.is\/#organization","name":"V\u00f6rulagerinn","url":"https:\/\/vorulagerinn.is\/","logo":{"@type":"ImageObject","inLanguage":"en-US","@id":"https:\/\/vorulagerinn.is\/#\/schema\/logo\/image\/","url":"https:\/\/vorulagerinn.is\/wp-content\/uploads\/2022\/09\/Vorulagerinn-Logo-588x160-1.png","contentUrl":"https:\/\/vorulagerinn.is\/wp-content\/uploads\/2022\/09\/Vorulagerinn-Logo-588x160-1.png","width":588,"height":160,"caption":"V\u00f6rulagerinn"},"image":{"@id":"https:\/\/vorulagerinn.is\/#\/schema\/logo\/image\/"},"sameAs":["https:\/\/www.facebook.com\/vorulagerinn","https:\/\/www.instagram.com\/vorulagerinn\/"]}]},"product_price_amount":"10430","product_price_currency":"ISK","og_availability":"instock","product_availability":"instock","product_retailer_item_id":"BoneHearing S1","product_condition":"new"},"_links":{"self":[{"href":"https:\/\/vorulagerinn.is\/en\/wp-json\/wp\/v2\/product\/28565","targetHints":{"allow":["GET"]}}],"collection":[{"href":"https:\/\/vorulagerinn.is\/en\/wp-json\/wp\/v2\/product"}],"about":[{"href":"https:\/\/vorulagerinn.is\/en\/wp-json\/wp\/v2\/types\/product"}],"wp:featuredmedia":[{"embeddable":true,"href":"https:\/\/vorulagerinn.is\/en\/wp-json\/wp\/v2\/media\/28563"}],"wp:attachment":[{"href":"https:\/\/vorulagerinn.is\/en\/wp-json\/wp\/v2\/media?parent=28565"}],"wp:term":[{"taxonomy":"product_brand","embeddable":true,"href":"https:\/\/vorulagerinn.is\/en\/wp-json\/wp\/v2\/product_brand?post=28565"},{"taxonomy":"product_cat","embeddable":true,"href":"https:\/\/vorulagerinn.is\/en\/wp-json\/wp\/v2\/product_cat?post=28565"},{"taxonomy":"product_tag","embeddable":true,"href":"https:\/\/vorulagerinn.is\/en\/wp-json\/wp\/v2\/product_tag?post=28565"}],"curies":[{"name":"wp","href":"https:\/\/api.w.org\/{rel}","templated":true}]}}