{"id":28577,"date":"2025-06-25T11:14:48","date_gmt":"2025-06-25T11:14:48","guid":{"rendered":"https:\/\/vorulagerinn.is\/product\/forte\/"},"modified":"2026-03-31T09:54:54","modified_gmt":"2026-03-31T09:54:54","slug":"forte","status":"publish","type":"product","link":"https:\/\/vorulagerinn.is\/en\/product\/forte\/","title":{"rendered":"Forte OpenEar \u00fer\u00e1\u00f0laus heyrnart\u00f3l, Noise Canceling ENC \u00e1 hlj\u00f3\u00f0nema, BT 5.3 og IPX6 vatnsv\u00f6rn"},"content":{"rendered":"<p><strong>The Description of Product<\/strong><\/p>\n<p>Introducing the Openear Forte \u2013 the pinnacle of bone conduction headphones that redefine your listening experience. Harnessing original and patented technology, Openear Forte offers a safe, open-ear design, ensuring you stay connected to your surroundings while enjoying high-fidelity audio. With Type-C fast charging, a mere 10 minutes powers your headphones up to 70%, so you\u2019re ready to go in no time. Designed for durability, these headphones boast an IPX6 waterproof rating, perfect for intense workouts and outdoor adventures. Clarity is never compromised, thanks to the dual microphone setup with environmental noise cancellation. Plus, with CE, ROHS, FCC, and MSDS certifications, you can trust Openear Forte to deliver quality and safety in every note. Ready, set, immerse!<\/p>\n<p><strong>The Advantage of Product<\/strong><\/p>\n<p>Openear Forte Bone Conduction Headphones:<br \/>\n1. Quick Type-C charge: 70% battery in just 10min, 8 hours play time.<br \/>\n2. IPX6 waterproof: Sweatproof and rainproof for all-weather use.<br \/>\n3. Crystal clear calls: Dual Mic with noise cancellation.<br \/>\n4. Advanced connectivity: Bluetooth v5.3, 10-15m range.<br \/>\n5. Lightweight and durable: Weighs 26.3g, made with ABS, PC, and Titanium Allo<\/p>\n<p><strong>The Details of Product<\/strong><\/p>\n<p>Bluetooth Standard: Bluetooth v5.3<br \/>\nConnection Distance: 10-15m<br \/>\nCharging Voltage: DC 5V<br \/>\nMusic Format: MP3, WMA, APE, FLAC, M4A, WAV<br \/>\nPlay time: \u22488 hours (80% Volume)<br \/>\nBattery capacity: 180 mAh<br \/>\nStandby time: 300 hrs<br \/>\nCharging time: 2 hours<br \/>\nCharging port: Type-C Fast Charge<br \/>\nMaterial: ABS+PC+Titanium Alloy Band<br \/>\nWeight: 26.3 g<br \/>\nSize: 131.2*101.73*49.83 mm<\/p>\n","protected":false},"excerpt":{"rendered":"<p>\u00der\u00e1\u00f0laus OpenEar heyrnart\u00f3l me\u00f0 Noise Canceling Dual Mic Enc, bluetooth 5.3, IPX6 vatnsv\u00f6rn og 8 klst rafhl\u00f6\u00f0uendingu. \u00de\u00fa heyrir \u00ed umhverfinu \u00ed kringum \u00feig \u00e1 sama t\u00edma og \u00fe\u00fa hlustar \u00e1 hvort sem \u00fe\u00fa ert \u00ed vinnunni, r\u00e6ktinni, \u00ed g\u00f6ngut\u00far, \u00fati a\u00f0 hlaupa e\u00f0a golfi me\u00f0 f\u00e9l\u00f6gunum \u00e1n \u00feess a\u00f0 missa athygli og f\u00f3rna hlj\u00f3mg\u00e6\u00f0um. Heyrnart\u00f3lin eru me\u00f0 Bluetooth 5.3 og allt a\u00f0 10 metra dr\u00e6gni.<\/p>\n<p>Mj\u00f6g g\u00f3\u00f0 samh\u00e6fni og hr\u00f6\u00f0 tenging vi\u00f0 alla helstu snjalls\u00edma og bluetooth t\u00e6ki. St\u00fdringin er \u00e1 h\u00e6gri hli\u00f0 vi\u00f0 eyra en \u00fear getur \u00fe\u00fa stj\u00f3rna\u00f0 afspilun, h\u00e6kka\u00f0, l\u00e6kka\u00f0, svara\u00f0, kveikt og sl\u00f6kkt.<\/p>\n<p>&#8211; Litur: Svartur<br \/>\n&#8211; \u00deyngd: 26,3g<br \/>\n&#8211; Noise Canceling Dual Mic Enc<br \/>\n&#8211; Bluetooth: 5.3 (allt a\u00f0 10m dr\u00e6gni)<br \/>\n&#8211; Rafhl\u00f6\u00f0uending: 8 klst spilun \u00e1 einni hle\u00f0slu<br \/>\n&#8211; Vatnsv\u00f6rn: IPX5<br \/>\n&#8211; Hle\u00f0slusn\u00fanra: USB-A \u00ed USB-C tengi fylgir me\u00f0<br \/>\n&#8211; Vottun: CE, ROHS og FCC<br \/>\n&#8211; N\u00e1nari uppl\u00fdsingar ne\u00f0ar \u00e1 \u00feessari s\u00ed\u00f0u<\/p>\n","protected":false},"featured_media":28575,"template":"","meta":[],"product_brand":[429],"product_cat":[431],"product_tag":[],"class_list":{"0":"post-28577","1":"product","2":"type-product","3":"status-publish","4":"has-post-thumbnail","6":"product_brand-openear","7":"product_cat-a-eyru-on-ear","9":"first","10":"instock","11":"sale","12":"taxable","13":"shipping-taxable","14":"purchasable","15":"product-type-simple"},"supplier_id":null,"supplier_sku":"","barcode":null,"atum_controlled":true,"out_stock_date":null,"out_stock_threshold":null,"inheritable":false,"inbound_stock":0,"stock_on_hold":0,"sold_today":0,"sales_last_days":0,"reserved_stock":0,"customer_returns":0,"warehouse_damage":0,"lost_in_post":0,"other_logs":0,"out_stock_days":0,"lost_sales":0,"has_location":false,"update_date":"2026-04-19T00:23:37","atum_locations":[],"atum_stock_status":"instock","restock_status":false,"low_stock_amount":"","sales_update_date":"2026-04-19T00:23:36","calc_backorders":null,"yoast_head":"<!-- This site is optimized with the Yoast SEO Premium plugin v26.6 (Yoast SEO v27.3) - https:\/\/yoast.com\/product\/yoast-seo-premium-wordpress\/ -->\n<title>Forte OpenEar \u00fer\u00e1\u00f0laus heyrnart\u00f3l, Noise Canceling ENC &amp; IPX6<\/title>\n<meta name=\"description\" content=\"\u00der\u00e1\u00f0laus heyrnart\u00f3l me\u00f0 8 klst rafhl\u00f6\u00f0uendingu, IPX6 vatnsv\u00f6rn. Fullkomi\u00f0 fyrir r\u00e6ktina, g\u00f6ngu, hlaup, hj\u00f3lrei\u00f0ar og vinnuna. \u00de\u00fa heyrir \u00ed umhverfinu\" \/>\n<meta name=\"robots\" content=\"index, follow, max-snippet:-1, max-image-preview:large, max-video-preview:-1\" \/>\n<link rel=\"canonical\" href=\"https:\/\/vorulagerinn.is\/product\/forte\/\" \/>\n<meta property=\"og:locale\" content=\"en_US\" \/>\n<meta property=\"og:type\" content=\"article\" \/>\n<meta property=\"og:title\" content=\"Forte OpenEar \u00fer\u00e1\u00f0laus heyrnart\u00f3l, Noise Canceling ENC \u00e1 hlj\u00f3\u00f0nema, BT 5.3 og IPX6 vatnsv\u00f6rn\" \/>\n<meta property=\"og:description\" content=\"\u00der\u00e1\u00f0laus heyrnart\u00f3l me\u00f0 8 klst rafhl\u00f6\u00f0uendingu, IPX6 vatnsv\u00f6rn. Fullkomi\u00f0 fyrir r\u00e6ktina, g\u00f6ngu, hlaup, hj\u00f3lrei\u00f0ar og vinnuna. \u00de\u00fa heyrir \u00ed umhverfinu\" \/>\n<meta property=\"og:url\" content=\"https:\/\/vorulagerinn.is\/product\/forte\/\" \/>\n<meta property=\"og:site_name\" content=\"V&ouml;rulagerinn\" \/>\n<meta property=\"article:publisher\" content=\"https:\/\/www.facebook.com\/vorulagerinn\" \/>\n<meta property=\"article:modified_time\" content=\"2026-03-31T09:54:54+00:00\" \/>\n<meta property=\"og:image\" content=\"https:\/\/vorulagerinn.is\/wp-content\/uploads\/2025\/09\/OPENEAR-Forte.jpg\" \/>\n\t<meta property=\"og:image:width\" content=\"800\" \/>\n\t<meta property=\"og:image:height\" content=\"800\" \/>\n\t<meta property=\"og:image:type\" content=\"image\/jpeg\" \/>\n<meta name=\"twitter:card\" content=\"summary_large_image\" \/>\n<meta name=\"twitter:label1\" content=\"Price\" \/>\n\t<meta name=\"twitter:data1\" content=\"6.230&nbsp;kr.\" \/>\n\t<meta name=\"twitter:label2\" content=\"Availability\" \/>\n\t<meta name=\"twitter:data2\" content=\"In stock\" \/>\n<script type=\"application\/ld+json\" class=\"yoast-schema-graph\">{\"@context\":\"https:\\\/\\\/schema.org\",\"@graph\":[{\"@type\":\"WebPage\",\"@id\":\"https:\\\/\\\/vorulagerinn.is\\\/product\\\/forte\\\/\",\"url\":\"https:\\\/\\\/vorulagerinn.is\\\/product\\\/forte\\\/\",\"name\":\"Forte OpenEar \u00fer\u00e1\u00f0laus heyrnart\u00f3l, Noise Canceling ENC & IPX6\",\"isPartOf\":{\"@id\":\"https:\\\/\\\/vorulagerinn.is\\\/#website\"},\"primaryImageOfPage\":{\"@id\":\"https:\\\/\\\/vorulagerinn.is\\\/product\\\/forte\\\/#primaryimage\"},\"image\":{\"@id\":\"https:\\\/\\\/vorulagerinn.is\\\/product\\\/forte\\\/#primaryimage\"},\"thumbnailUrl\":\"https:\\\/\\\/vorulagerinn.is\\\/wp-content\\\/uploads\\\/2025\\\/09\\\/OPENEAR-Forte.jpg\",\"datePublished\":\"2025-06-25T11:14:48+00:00\",\"dateModified\":\"2026-03-31T09:54:54+00:00\",\"description\":\"\u00der\u00e1\u00f0laus heyrnart\u00f3l me\u00f0 8 klst rafhl\u00f6\u00f0uendingu, IPX6 vatnsv\u00f6rn. Fullkomi\u00f0 fyrir r\u00e6ktina, g\u00f6ngu, hlaup, hj\u00f3lrei\u00f0ar og vinnuna. \u00de\u00fa heyrir \u00ed umhverfinu\",\"breadcrumb\":{\"@id\":\"https:\\\/\\\/vorulagerinn.is\\\/product\\\/forte\\\/#breadcrumb\"},\"inLanguage\":\"en-US\",\"potentialAction\":[{\"@type\":\"ReadAction\",\"target\":[\"https:\\\/\\\/vorulagerinn.is\\\/product\\\/forte\\\/\"]}]},{\"@type\":\"ImageObject\",\"inLanguage\":\"en-US\",\"@id\":\"https:\\\/\\\/vorulagerinn.is\\\/product\\\/forte\\\/#primaryimage\",\"url\":\"https:\\\/\\\/vorulagerinn.is\\\/wp-content\\\/uploads\\\/2025\\\/09\\\/OPENEAR-Forte.jpg\",\"contentUrl\":\"https:\\\/\\\/vorulagerinn.is\\\/wp-content\\\/uploads\\\/2025\\\/09\\\/OPENEAR-Forte.jpg\",\"width\":800,\"height\":800},{\"@type\":\"BreadcrumbList\",\"@id\":\"https:\\\/\\\/vorulagerinn.is\\\/product\\\/forte\\\/#breadcrumb\",\"itemListElement\":[{\"@type\":\"ListItem\",\"position\":1,\"name\":\"Home\",\"item\":\"https:\\\/\\\/vorulagerinn.is\\\/\"},{\"@type\":\"ListItem\",\"position\":2,\"name\":\"Shop\",\"item\":\"https:\\\/\\\/vorulagerinn.is\\\/en\\\/shop\\\/\"},{\"@type\":\"ListItem\",\"position\":3,\"name\":\"Forte OpenEar \u00fer\u00e1\u00f0laus heyrnart\u00f3l, Noise Canceling ENC \u00e1 hlj\u00f3\u00f0nema, BT 5.3 og IPX6 vatnsv\u00f6rn\"}]},{\"@type\":\"WebSite\",\"@id\":\"https:\\\/\\\/vorulagerinn.is\\\/#website\",\"url\":\"https:\\\/\\\/vorulagerinn.is\\\/\",\"name\":\"V\u00f6rulagerinn\",\"description\":\"L\u00e1ttu \u00fea\u00f0 eftir \u00fe\u00e9r\",\"publisher\":{\"@id\":\"https:\\\/\\\/vorulagerinn.is\\\/#organization\"},\"potentialAction\":[{\"@type\":\"SearchAction\",\"target\":{\"@type\":\"EntryPoint\",\"urlTemplate\":\"https:\\\/\\\/vorulagerinn.is\\\/?s={search_term_string}\"},\"query-input\":{\"@type\":\"PropertyValueSpecification\",\"valueRequired\":true,\"valueName\":\"search_term_string\"}}],\"inLanguage\":\"en-US\"},{\"@type\":\"Organization\",\"@id\":\"https:\\\/\\\/vorulagerinn.is\\\/#organization\",\"name\":\"V\u00f6rulagerinn\",\"url\":\"https:\\\/\\\/vorulagerinn.is\\\/\",\"logo\":{\"@type\":\"ImageObject\",\"inLanguage\":\"en-US\",\"@id\":\"https:\\\/\\\/vorulagerinn.is\\\/#\\\/schema\\\/logo\\\/image\\\/\",\"url\":\"https:\\\/\\\/vorulagerinn.is\\\/wp-content\\\/uploads\\\/2022\\\/09\\\/Vorulagerinn-Logo-588x160-1.png\",\"contentUrl\":\"https:\\\/\\\/vorulagerinn.is\\\/wp-content\\\/uploads\\\/2022\\\/09\\\/Vorulagerinn-Logo-588x160-1.png\",\"width\":588,\"height\":160,\"caption\":\"V\u00f6rulagerinn\"},\"image\":{\"@id\":\"https:\\\/\\\/vorulagerinn.is\\\/#\\\/schema\\\/logo\\\/image\\\/\"},\"sameAs\":[\"https:\\\/\\\/www.facebook.com\\\/vorulagerinn\",\"https:\\\/\\\/www.instagram.com\\\/vorulagerinn\\\/\"]}]}<\/script>\n<meta property=\"product:price:amount\" content=\"6230\" \/>\n<meta property=\"product:price:currency\" content=\"ISK\" \/>\n<meta property=\"og:availability\" content=\"instock\" \/>\n<meta property=\"product:availability\" content=\"instock\" \/>\n<meta property=\"product:retailer_item_id\" content=\"OPENEAR-FORTE\" \/>\n<meta property=\"product:condition\" content=\"new\" \/>\n<!-- \/ Yoast SEO Premium plugin. -->","yoast_head_json":{"title":"Forte OpenEar \u00fer\u00e1\u00f0laus heyrnart\u00f3l, Noise Canceling ENC & IPX6","description":"\u00der\u00e1\u00f0laus heyrnart\u00f3l me\u00f0 8 klst rafhl\u00f6\u00f0uendingu, IPX6 vatnsv\u00f6rn. Fullkomi\u00f0 fyrir r\u00e6ktina, g\u00f6ngu, hlaup, hj\u00f3lrei\u00f0ar og vinnuna. \u00de\u00fa heyrir \u00ed umhverfinu","robots":{"index":"index","follow":"follow","max-snippet":"max-snippet:-1","max-image-preview":"max-image-preview:large","max-video-preview":"max-video-preview:-1"},"canonical":"https:\/\/vorulagerinn.is\/product\/forte\/","og_locale":"en_US","og_type":"article","og_title":"Forte OpenEar \u00fer\u00e1\u00f0laus heyrnart\u00f3l, Noise Canceling ENC \u00e1 hlj\u00f3\u00f0nema, BT 5.3 og IPX6 vatnsv\u00f6rn","og_description":"\u00der\u00e1\u00f0laus heyrnart\u00f3l me\u00f0 8 klst rafhl\u00f6\u00f0uendingu, IPX6 vatnsv\u00f6rn. Fullkomi\u00f0 fyrir r\u00e6ktina, g\u00f6ngu, hlaup, hj\u00f3lrei\u00f0ar og vinnuna. \u00de\u00fa heyrir \u00ed umhverfinu","og_url":"https:\/\/vorulagerinn.is\/product\/forte\/","og_site_name":"V&ouml;rulagerinn","article_publisher":"https:\/\/www.facebook.com\/vorulagerinn","article_modified_time":"2026-03-31T09:54:54+00:00","og_image":[{"width":800,"height":800,"url":"https:\/\/vorulagerinn.is\/wp-content\/uploads\/2025\/09\/OPENEAR-Forte.jpg","type":"image\/jpeg"}],"twitter_card":"summary_large_image","twitter_misc":{"Price":"6.230&nbsp;kr.","Availability":"In stock"},"schema":{"@context":"https:\/\/schema.org","@graph":[{"@type":"WebPage","@id":"https:\/\/vorulagerinn.is\/product\/forte\/","url":"https:\/\/vorulagerinn.is\/product\/forte\/","name":"Forte OpenEar \u00fer\u00e1\u00f0laus heyrnart\u00f3l, Noise Canceling ENC & IPX6","isPartOf":{"@id":"https:\/\/vorulagerinn.is\/#website"},"primaryImageOfPage":{"@id":"https:\/\/vorulagerinn.is\/product\/forte\/#primaryimage"},"image":{"@id":"https:\/\/vorulagerinn.is\/product\/forte\/#primaryimage"},"thumbnailUrl":"https:\/\/vorulagerinn.is\/wp-content\/uploads\/2025\/09\/OPENEAR-Forte.jpg","datePublished":"2025-06-25T11:14:48+00:00","dateModified":"2026-03-31T09:54:54+00:00","description":"\u00der\u00e1\u00f0laus heyrnart\u00f3l me\u00f0 8 klst rafhl\u00f6\u00f0uendingu, IPX6 vatnsv\u00f6rn. Fullkomi\u00f0 fyrir r\u00e6ktina, g\u00f6ngu, hlaup, hj\u00f3lrei\u00f0ar og vinnuna. \u00de\u00fa heyrir \u00ed umhverfinu","breadcrumb":{"@id":"https:\/\/vorulagerinn.is\/product\/forte\/#breadcrumb"},"inLanguage":"en-US","potentialAction":[{"@type":"ReadAction","target":["https:\/\/vorulagerinn.is\/product\/forte\/"]}]},{"@type":"ImageObject","inLanguage":"en-US","@id":"https:\/\/vorulagerinn.is\/product\/forte\/#primaryimage","url":"https:\/\/vorulagerinn.is\/wp-content\/uploads\/2025\/09\/OPENEAR-Forte.jpg","contentUrl":"https:\/\/vorulagerinn.is\/wp-content\/uploads\/2025\/09\/OPENEAR-Forte.jpg","width":800,"height":800},{"@type":"BreadcrumbList","@id":"https:\/\/vorulagerinn.is\/product\/forte\/#breadcrumb","itemListElement":[{"@type":"ListItem","position":1,"name":"Home","item":"https:\/\/vorulagerinn.is\/"},{"@type":"ListItem","position":2,"name":"Shop","item":"https:\/\/vorulagerinn.is\/en\/shop\/"},{"@type":"ListItem","position":3,"name":"Forte OpenEar \u00fer\u00e1\u00f0laus heyrnart\u00f3l, Noise Canceling ENC \u00e1 hlj\u00f3\u00f0nema, BT 5.3 og IPX6 vatnsv\u00f6rn"}]},{"@type":"WebSite","@id":"https:\/\/vorulagerinn.is\/#website","url":"https:\/\/vorulagerinn.is\/","name":"V\u00f6rulagerinn","description":"L\u00e1ttu \u00fea\u00f0 eftir \u00fe\u00e9r","publisher":{"@id":"https:\/\/vorulagerinn.is\/#organization"},"potentialAction":[{"@type":"SearchAction","target":{"@type":"EntryPoint","urlTemplate":"https:\/\/vorulagerinn.is\/?s={search_term_string}"},"query-input":{"@type":"PropertyValueSpecification","valueRequired":true,"valueName":"search_term_string"}}],"inLanguage":"en-US"},{"@type":"Organization","@id":"https:\/\/vorulagerinn.is\/#organization","name":"V\u00f6rulagerinn","url":"https:\/\/vorulagerinn.is\/","logo":{"@type":"ImageObject","inLanguage":"en-US","@id":"https:\/\/vorulagerinn.is\/#\/schema\/logo\/image\/","url":"https:\/\/vorulagerinn.is\/wp-content\/uploads\/2022\/09\/Vorulagerinn-Logo-588x160-1.png","contentUrl":"https:\/\/vorulagerinn.is\/wp-content\/uploads\/2022\/09\/Vorulagerinn-Logo-588x160-1.png","width":588,"height":160,"caption":"V\u00f6rulagerinn"},"image":{"@id":"https:\/\/vorulagerinn.is\/#\/schema\/logo\/image\/"},"sameAs":["https:\/\/www.facebook.com\/vorulagerinn","https:\/\/www.instagram.com\/vorulagerinn\/"]}]},"product_price_amount":"6230","product_price_currency":"ISK","og_availability":"instock","product_availability":"instock","product_retailer_item_id":"OPENEAR-FORTE","product_condition":"new"},"_links":{"self":[{"href":"https:\/\/vorulagerinn.is\/en\/wp-json\/wp\/v2\/product\/28577","targetHints":{"allow":["GET"]}}],"collection":[{"href":"https:\/\/vorulagerinn.is\/en\/wp-json\/wp\/v2\/product"}],"about":[{"href":"https:\/\/vorulagerinn.is\/en\/wp-json\/wp\/v2\/types\/product"}],"wp:featuredmedia":[{"embeddable":true,"href":"https:\/\/vorulagerinn.is\/en\/wp-json\/wp\/v2\/media\/28575"}],"wp:attachment":[{"href":"https:\/\/vorulagerinn.is\/en\/wp-json\/wp\/v2\/media?parent=28577"}],"wp:term":[{"taxonomy":"product_brand","embeddable":true,"href":"https:\/\/vorulagerinn.is\/en\/wp-json\/wp\/v2\/product_brand?post=28577"},{"taxonomy":"product_cat","embeddable":true,"href":"https:\/\/vorulagerinn.is\/en\/wp-json\/wp\/v2\/product_cat?post=28577"},{"taxonomy":"product_tag","embeddable":true,"href":"https:\/\/vorulagerinn.is\/en\/wp-json\/wp\/v2\/product_tag?post=28577"}],"curies":[{"name":"wp","href":"https:\/\/api.w.org\/{rel}","templated":true}]}}