{"id":28592,"date":"2025-07-26T10:43:09","date_gmt":"2025-07-26T10:43:09","guid":{"rendered":"https:\/\/vorulagerinn.is\/product\/jr-oe4\/"},"modified":"2026-04-07T13:46:28","modified_gmt":"2026-04-07T13:46:28","slug":"jr-oe4","status":"publish","type":"product","link":"https:\/\/vorulagerinn.is\/en\/product\/jr-oe4\/","title":{"rendered":"\u00der\u00e1\u00f0laus heyrnat\u00f3l me\u00f0 allt a\u00f0 50 klst hlustun, BT 5.4, hlj\u00f3\u00f0nema, IPX4 vatnsv\u00f6rn \u00e1samt hle\u00f0sluboxi"},"content":{"rendered":"","protected":false},"excerpt":{"rendered":"<p>Mj\u00f6g g\u00f3\u00f0 \u00fer\u00e1\u00f0laus heyrnart\u00f3l me\u00f0 allt a\u00f0 12,5 klst spilun \u00e1 einni hle\u00f0slu og 50 klst me\u00f0 hle\u00f0sluboxi. Heyrnart\u00f3lin eru laufl\u00e9tt me\u00f0 IPX4 vatnsv\u00f6rn (rigning og sviti), g\u00f3\u00f0um bassa og Bluetooth 5.4 sem gerir tenginguna enn betri, st\u00f6\u00f0ugri og \u00f3a\u00f0finnanlegan hlj\u00f3\u00f0flutning allt a\u00f0 10 metra fr\u00e1 t\u00e6kinu. \u00de\u00fa getur hlusta\u00f0 \u00e1 t\u00f3nlist, r\u00e6tt vi\u00f0 vinnuf\u00e9laga og heyrt \u00ed umhverfinu \u00ed kringum \u00feig \u00e1n \u00feess a\u00f0 missa athygli og f\u00f3rna hlj\u00f3mg\u00e6\u00f0um.<\/p>\n<p>\u2013 Litur: Svartur<br \/>\n\u2013 \u00deyngd: A\u00f0eins 10g hvort t\u00e6ki<br \/>\n\u2013 Efni: ABS+PC<br \/>\n\u2013 Bluetooth 5.4<br \/>\n\u2013 Rafhl\u00f6\u00f0uending: Allt a\u00f0 12,5 klst hlustun \u00e1 einni hle\u00f0slu &amp; 50 klst me\u00f0 hle\u00f0sluboxi<br \/>\n\u2013 IPX4 vatnsv\u00f6rn \u2013 \u00feolir svita og rigningu<br \/>\n\u2013 Vottun: CE og ROHS<\/p>\n<p><strong>Varan inniheldur:<\/strong><br \/>\n2x Open Ear \u00fer\u00e1\u00f0laus heyrnart\u00f3l<br \/>\n1x hle\u00f0slubox<br \/>\n1x USB-C hle\u00f0slusn\u00fara<br \/>\nLei\u00f0beiningar \u00e1 ensku fylgja me\u00f0<\/p>\n","protected":false},"featured_media":28588,"template":"","meta":[],"product_brand":[420],"product_cat":[431,378],"product_tag":[],"class_list":{"0":"post-28592","1":"product","2":"type-product","3":"status-publish","4":"has-post-thumbnail","6":"product_brand-joyroom","7":"product_cat-a-eyru-on-ear","8":"product_cat-heyrnartol","10":"first","11":"instock","12":"sale","13":"taxable","14":"shipping-taxable","15":"purchasable","16":"product-type-simple"},"supplier_id":null,"supplier_sku":"","barcode":null,"atum_controlled":true,"out_stock_date":null,"out_stock_threshold":null,"inheritable":false,"inbound_stock":0,"stock_on_hold":0,"sold_today":0,"sales_last_days":1,"reserved_stock":0,"customer_returns":0,"warehouse_damage":0,"lost_in_post":0,"other_logs":0,"out_stock_days":0,"lost_sales":0,"has_location":false,"update_date":"2026-04-12T00:16:10","atum_locations":[],"atum_stock_status":"instock","restock_status":false,"low_stock_amount":"","sales_update_date":"2026-04-12T00:16:10","calc_backorders":null,"yoast_head":"<!-- This site is optimized with the Yoast SEO Premium plugin v26.6 (Yoast SEO v27.3) - https:\/\/yoast.com\/product\/yoast-seo-premium-wordpress\/ -->\n<title>\u00der\u00e1\u00f0laus heyrnat\u00f3l | Allt a\u00f0 50 klst hlustun | BT 5.4 | IPX4 vatnsv\u00f6rn<\/title>\n<meta name=\"description\" content=\"\u00d6flug \u00fer\u00e1\u00f0laus heyrnart\u00f3l me\u00f0 allt a\u00f0 12,5 klst spilun \u00e1 einni hle\u00f0slu &amp; 50 klst me\u00f0 hle\u00f0sluboxi. IPX4 vatnsv\u00f6rn (rigning og sviti). BT 5.4\" \/>\n<meta name=\"robots\" content=\"index, follow, max-snippet:-1, max-image-preview:large, max-video-preview:-1\" \/>\n<link rel=\"canonical\" href=\"https:\/\/vorulagerinn.is\/product\/jr-oe4\/\" \/>\n<meta property=\"og:locale\" content=\"en_US\" \/>\n<meta property=\"og:type\" content=\"article\" \/>\n<meta property=\"og:title\" content=\"\u00der\u00e1\u00f0laus heyrnat\u00f3l me\u00f0 allt a\u00f0 50 klst hlustun, BT 5.4, hlj\u00f3\u00f0nema, IPX4 vatnsv\u00f6rn \u00e1samt hle\u00f0sluboxi\" \/>\n<meta property=\"og:description\" content=\"\u00d6flug \u00fer\u00e1\u00f0laus heyrnart\u00f3l me\u00f0 allt a\u00f0 12,5 klst spilun \u00e1 einni hle\u00f0slu &amp; 50 klst me\u00f0 hle\u00f0sluboxi. IPX4 vatnsv\u00f6rn (rigning og sviti). BT 5.4\" \/>\n<meta property=\"og:url\" content=\"https:\/\/vorulagerinn.is\/product\/jr-oe4\/\" \/>\n<meta property=\"og:site_name\" content=\"V&ouml;rulagerinn\" \/>\n<meta property=\"article:publisher\" content=\"https:\/\/www.facebook.com\/vorulagerinn\" \/>\n<meta property=\"article:modified_time\" content=\"2026-04-07T13:46:28+00:00\" \/>\n<meta property=\"og:image\" content=\"https:\/\/vorulagerinn.is\/wp-content\/uploads\/2025\/09\/JR-OE4.jpg\" \/>\n\t<meta property=\"og:image:width\" content=\"600\" \/>\n\t<meta property=\"og:image:height\" content=\"600\" \/>\n\t<meta property=\"og:image:type\" content=\"image\/jpeg\" \/>\n<meta name=\"twitter:card\" content=\"summary_large_image\" \/>\n<meta name=\"twitter:label1\" content=\"Price\" \/>\n\t<meta name=\"twitter:data1\" content=\"13.230&nbsp;kr.\" \/>\n\t<meta name=\"twitter:label2\" content=\"Availability\" \/>\n\t<meta name=\"twitter:data2\" content=\"In stock\" \/>\n<script type=\"application\/ld+json\" class=\"yoast-schema-graph\">{\"@context\":\"https:\\\/\\\/schema.org\",\"@graph\":[{\"@type\":\"WebPage\",\"@id\":\"https:\\\/\\\/vorulagerinn.is\\\/product\\\/jr-oe4\\\/\",\"url\":\"https:\\\/\\\/vorulagerinn.is\\\/product\\\/jr-oe4\\\/\",\"name\":\"\u00der\u00e1\u00f0laus heyrnat\u00f3l | Allt a\u00f0 50 klst hlustun | BT 5.4 | IPX4 vatnsv\u00f6rn\",\"isPartOf\":{\"@id\":\"https:\\\/\\\/vorulagerinn.is\\\/#website\"},\"primaryImageOfPage\":{\"@id\":\"https:\\\/\\\/vorulagerinn.is\\\/product\\\/jr-oe4\\\/#primaryimage\"},\"image\":{\"@id\":\"https:\\\/\\\/vorulagerinn.is\\\/product\\\/jr-oe4\\\/#primaryimage\"},\"thumbnailUrl\":\"https:\\\/\\\/vorulagerinn.is\\\/wp-content\\\/uploads\\\/2025\\\/09\\\/JR-OE4.jpg\",\"datePublished\":\"2025-07-26T10:43:09+00:00\",\"dateModified\":\"2026-04-07T13:46:28+00:00\",\"description\":\"\u00d6flug \u00fer\u00e1\u00f0laus heyrnart\u00f3l me\u00f0 allt a\u00f0 12,5 klst spilun \u00e1 einni hle\u00f0slu & 50 klst me\u00f0 hle\u00f0sluboxi. IPX4 vatnsv\u00f6rn (rigning og sviti). BT 5.4\",\"breadcrumb\":{\"@id\":\"https:\\\/\\\/vorulagerinn.is\\\/product\\\/jr-oe4\\\/#breadcrumb\"},\"inLanguage\":\"en-US\",\"potentialAction\":[{\"@type\":\"ReadAction\",\"target\":[\"https:\\\/\\\/vorulagerinn.is\\\/product\\\/jr-oe4\\\/\"]}]},{\"@type\":\"ImageObject\",\"inLanguage\":\"en-US\",\"@id\":\"https:\\\/\\\/vorulagerinn.is\\\/product\\\/jr-oe4\\\/#primaryimage\",\"url\":\"https:\\\/\\\/vorulagerinn.is\\\/wp-content\\\/uploads\\\/2025\\\/09\\\/JR-OE4.jpg\",\"contentUrl\":\"https:\\\/\\\/vorulagerinn.is\\\/wp-content\\\/uploads\\\/2025\\\/09\\\/JR-OE4.jpg\",\"width\":600,\"height\":600},{\"@type\":\"BreadcrumbList\",\"@id\":\"https:\\\/\\\/vorulagerinn.is\\\/product\\\/jr-oe4\\\/#breadcrumb\",\"itemListElement\":[{\"@type\":\"ListItem\",\"position\":1,\"name\":\"Home\",\"item\":\"https:\\\/\\\/vorulagerinn.is\\\/\"},{\"@type\":\"ListItem\",\"position\":2,\"name\":\"Shop\",\"item\":\"https:\\\/\\\/vorulagerinn.is\\\/en\\\/shop\\\/\"},{\"@type\":\"ListItem\",\"position\":3,\"name\":\"\u00der\u00e1\u00f0laus heyrnat\u00f3l me\u00f0 allt a\u00f0 50 klst hlustun, BT 5.4, hlj\u00f3\u00f0nema, IPX4 vatnsv\u00f6rn \u00e1samt hle\u00f0sluboxi\"}]},{\"@type\":\"WebSite\",\"@id\":\"https:\\\/\\\/vorulagerinn.is\\\/#website\",\"url\":\"https:\\\/\\\/vorulagerinn.is\\\/\",\"name\":\"V\u00f6rulagerinn\",\"description\":\"L\u00e1ttu \u00fea\u00f0 eftir \u00fe\u00e9r\",\"publisher\":{\"@id\":\"https:\\\/\\\/vorulagerinn.is\\\/#organization\"},\"potentialAction\":[{\"@type\":\"SearchAction\",\"target\":{\"@type\":\"EntryPoint\",\"urlTemplate\":\"https:\\\/\\\/vorulagerinn.is\\\/?s={search_term_string}\"},\"query-input\":{\"@type\":\"PropertyValueSpecification\",\"valueRequired\":true,\"valueName\":\"search_term_string\"}}],\"inLanguage\":\"en-US\"},{\"@type\":\"Organization\",\"@id\":\"https:\\\/\\\/vorulagerinn.is\\\/#organization\",\"name\":\"V\u00f6rulagerinn\",\"url\":\"https:\\\/\\\/vorulagerinn.is\\\/\",\"logo\":{\"@type\":\"ImageObject\",\"inLanguage\":\"en-US\",\"@id\":\"https:\\\/\\\/vorulagerinn.is\\\/#\\\/schema\\\/logo\\\/image\\\/\",\"url\":\"https:\\\/\\\/vorulagerinn.is\\\/wp-content\\\/uploads\\\/2022\\\/09\\\/Vorulagerinn-Logo-588x160-1.png\",\"contentUrl\":\"https:\\\/\\\/vorulagerinn.is\\\/wp-content\\\/uploads\\\/2022\\\/09\\\/Vorulagerinn-Logo-588x160-1.png\",\"width\":588,\"height\":160,\"caption\":\"V\u00f6rulagerinn\"},\"image\":{\"@id\":\"https:\\\/\\\/vorulagerinn.is\\\/#\\\/schema\\\/logo\\\/image\\\/\"},\"sameAs\":[\"https:\\\/\\\/www.facebook.com\\\/vorulagerinn\",\"https:\\\/\\\/www.instagram.com\\\/vorulagerinn\\\/\"]}]}<\/script>\n<meta property=\"product:price:amount\" content=\"13230\" \/>\n<meta property=\"product:price:currency\" content=\"ISK\" \/>\n<meta property=\"og:availability\" content=\"instock\" \/>\n<meta property=\"product:availability\" content=\"instock\" \/>\n<meta property=\"product:retailer_item_id\" content=\"JR-OE4\" \/>\n<meta property=\"product:condition\" content=\"new\" \/>\n<!-- \/ Yoast SEO Premium plugin. -->","yoast_head_json":{"title":"\u00der\u00e1\u00f0laus heyrnat\u00f3l | Allt a\u00f0 50 klst hlustun | BT 5.4 | IPX4 vatnsv\u00f6rn","description":"\u00d6flug \u00fer\u00e1\u00f0laus heyrnart\u00f3l me\u00f0 allt a\u00f0 12,5 klst spilun \u00e1 einni hle\u00f0slu & 50 klst me\u00f0 hle\u00f0sluboxi. IPX4 vatnsv\u00f6rn (rigning og sviti). BT 5.4","robots":{"index":"index","follow":"follow","max-snippet":"max-snippet:-1","max-image-preview":"max-image-preview:large","max-video-preview":"max-video-preview:-1"},"canonical":"https:\/\/vorulagerinn.is\/product\/jr-oe4\/","og_locale":"en_US","og_type":"article","og_title":"\u00der\u00e1\u00f0laus heyrnat\u00f3l me\u00f0 allt a\u00f0 50 klst hlustun, BT 5.4, hlj\u00f3\u00f0nema, IPX4 vatnsv\u00f6rn \u00e1samt hle\u00f0sluboxi","og_description":"\u00d6flug \u00fer\u00e1\u00f0laus heyrnart\u00f3l me\u00f0 allt a\u00f0 12,5 klst spilun \u00e1 einni hle\u00f0slu & 50 klst me\u00f0 hle\u00f0sluboxi. IPX4 vatnsv\u00f6rn (rigning og sviti). BT 5.4","og_url":"https:\/\/vorulagerinn.is\/product\/jr-oe4\/","og_site_name":"V&ouml;rulagerinn","article_publisher":"https:\/\/www.facebook.com\/vorulagerinn","article_modified_time":"2026-04-07T13:46:28+00:00","og_image":[{"width":600,"height":600,"url":"https:\/\/vorulagerinn.is\/wp-content\/uploads\/2025\/09\/JR-OE4.jpg","type":"image\/jpeg"}],"twitter_card":"summary_large_image","twitter_misc":{"Price":"13.230&nbsp;kr.","Availability":"In stock"},"schema":{"@context":"https:\/\/schema.org","@graph":[{"@type":"WebPage","@id":"https:\/\/vorulagerinn.is\/product\/jr-oe4\/","url":"https:\/\/vorulagerinn.is\/product\/jr-oe4\/","name":"\u00der\u00e1\u00f0laus heyrnat\u00f3l | Allt a\u00f0 50 klst hlustun | BT 5.4 | IPX4 vatnsv\u00f6rn","isPartOf":{"@id":"https:\/\/vorulagerinn.is\/#website"},"primaryImageOfPage":{"@id":"https:\/\/vorulagerinn.is\/product\/jr-oe4\/#primaryimage"},"image":{"@id":"https:\/\/vorulagerinn.is\/product\/jr-oe4\/#primaryimage"},"thumbnailUrl":"https:\/\/vorulagerinn.is\/wp-content\/uploads\/2025\/09\/JR-OE4.jpg","datePublished":"2025-07-26T10:43:09+00:00","dateModified":"2026-04-07T13:46:28+00:00","description":"\u00d6flug \u00fer\u00e1\u00f0laus heyrnart\u00f3l me\u00f0 allt a\u00f0 12,5 klst spilun \u00e1 einni hle\u00f0slu & 50 klst me\u00f0 hle\u00f0sluboxi. IPX4 vatnsv\u00f6rn (rigning og sviti). BT 5.4","breadcrumb":{"@id":"https:\/\/vorulagerinn.is\/product\/jr-oe4\/#breadcrumb"},"inLanguage":"en-US","potentialAction":[{"@type":"ReadAction","target":["https:\/\/vorulagerinn.is\/product\/jr-oe4\/"]}]},{"@type":"ImageObject","inLanguage":"en-US","@id":"https:\/\/vorulagerinn.is\/product\/jr-oe4\/#primaryimage","url":"https:\/\/vorulagerinn.is\/wp-content\/uploads\/2025\/09\/JR-OE4.jpg","contentUrl":"https:\/\/vorulagerinn.is\/wp-content\/uploads\/2025\/09\/JR-OE4.jpg","width":600,"height":600},{"@type":"BreadcrumbList","@id":"https:\/\/vorulagerinn.is\/product\/jr-oe4\/#breadcrumb","itemListElement":[{"@type":"ListItem","position":1,"name":"Home","item":"https:\/\/vorulagerinn.is\/"},{"@type":"ListItem","position":2,"name":"Shop","item":"https:\/\/vorulagerinn.is\/en\/shop\/"},{"@type":"ListItem","position":3,"name":"\u00der\u00e1\u00f0laus heyrnat\u00f3l me\u00f0 allt a\u00f0 50 klst hlustun, BT 5.4, hlj\u00f3\u00f0nema, IPX4 vatnsv\u00f6rn \u00e1samt hle\u00f0sluboxi"}]},{"@type":"WebSite","@id":"https:\/\/vorulagerinn.is\/#website","url":"https:\/\/vorulagerinn.is\/","name":"V\u00f6rulagerinn","description":"L\u00e1ttu \u00fea\u00f0 eftir \u00fe\u00e9r","publisher":{"@id":"https:\/\/vorulagerinn.is\/#organization"},"potentialAction":[{"@type":"SearchAction","target":{"@type":"EntryPoint","urlTemplate":"https:\/\/vorulagerinn.is\/?s={search_term_string}"},"query-input":{"@type":"PropertyValueSpecification","valueRequired":true,"valueName":"search_term_string"}}],"inLanguage":"en-US"},{"@type":"Organization","@id":"https:\/\/vorulagerinn.is\/#organization","name":"V\u00f6rulagerinn","url":"https:\/\/vorulagerinn.is\/","logo":{"@type":"ImageObject","inLanguage":"en-US","@id":"https:\/\/vorulagerinn.is\/#\/schema\/logo\/image\/","url":"https:\/\/vorulagerinn.is\/wp-content\/uploads\/2022\/09\/Vorulagerinn-Logo-588x160-1.png","contentUrl":"https:\/\/vorulagerinn.is\/wp-content\/uploads\/2022\/09\/Vorulagerinn-Logo-588x160-1.png","width":588,"height":160,"caption":"V\u00f6rulagerinn"},"image":{"@id":"https:\/\/vorulagerinn.is\/#\/schema\/logo\/image\/"},"sameAs":["https:\/\/www.facebook.com\/vorulagerinn","https:\/\/www.instagram.com\/vorulagerinn\/"]}]},"product_price_amount":"13230","product_price_currency":"ISK","og_availability":"instock","product_availability":"instock","product_retailer_item_id":"JR-OE4","product_condition":"new"},"_links":{"self":[{"href":"https:\/\/vorulagerinn.is\/en\/wp-json\/wp\/v2\/product\/28592","targetHints":{"allow":["GET"]}}],"collection":[{"href":"https:\/\/vorulagerinn.is\/en\/wp-json\/wp\/v2\/product"}],"about":[{"href":"https:\/\/vorulagerinn.is\/en\/wp-json\/wp\/v2\/types\/product"}],"wp:featuredmedia":[{"embeddable":true,"href":"https:\/\/vorulagerinn.is\/en\/wp-json\/wp\/v2\/media\/28588"}],"wp:attachment":[{"href":"https:\/\/vorulagerinn.is\/en\/wp-json\/wp\/v2\/media?parent=28592"}],"wp:term":[{"taxonomy":"product_brand","embeddable":true,"href":"https:\/\/vorulagerinn.is\/en\/wp-json\/wp\/v2\/product_brand?post=28592"},{"taxonomy":"product_cat","embeddable":true,"href":"https:\/\/vorulagerinn.is\/en\/wp-json\/wp\/v2\/product_cat?post=28592"},{"taxonomy":"product_tag","embeddable":true,"href":"https:\/\/vorulagerinn.is\/en\/wp-json\/wp\/v2\/product_tag?post=28592"}],"curies":[{"name":"wp","href":"https:\/\/api.w.org\/{rel}","templated":true}]}}