{"id":28619,"date":"2025-07-26T11:06:32","date_gmt":"2025-07-26T11:06:32","guid":{"rendered":"https:\/\/vorulagerinn.is\/product\/jr-oe3\/"},"modified":"2026-02-19T12:40:25","modified_gmt":"2026-02-19T12:40:25","slug":"jr-oe3","status":"publish","type":"product","link":"https:\/\/vorulagerinn.is\/en\/product\/jr-oe3\/","title":{"rendered":"\u00der\u00e1\u00f0laus Clip-On heyrnart\u00f3l me\u00f0 ENC, IPX4 vatnsv\u00f6rn, Dual connections, BT 5,4"},"content":{"rendered":"<div style=\"width: 1020px;\" class=\"wp-video\"><video class=\"wp-video-shortcode\" id=\"video-28619-1\" width=\"1020\" height=\"574\" preload=\"metadata\" controls=\"controls\"><source type=\"video\/mp4\" src=\"https:\/\/fodurlandid.is\/wp-content\/uploads\/2025\/07\/JR-OE3.mp4?_=1\" \/><a href=\"https:\/\/fodurlandid.is\/wp-content\/uploads\/2025\/07\/JR-OE3.mp4\">https:\/\/fodurlandid.is\/wp-content\/uploads\/2025\/07\/JR-OE3.mp4<\/a><\/video><\/div>\n","protected":false},"excerpt":{"rendered":"<p>\u00d6flug \u00fer\u00e1\u00f0laus heyrnart\u00f3l sem koma skemmtilega \u00e1 \u00f3vart og \u00fe\u00fa finnur l\u00edti\u00f0 sem ekkert fyrir \u00fer\u00e1tt fyrir langa notkun. Heyrnart\u00f3lin eru laufl\u00e9tt e\u00f0a a\u00f0eins 4,9 gr\u00f6mm hvort um sig. AI ENC Noise Cancellation\u201c sem virkar \u00feannig a\u00f0 s\u00e1 sem \u00fe\u00fa ert a\u00f0 tala vi\u00f0 heyrir minna af umhverfishlj\u00f3\u00f0um \u00ed kringum \u00feig auk \u00feess sem r\u00f6ddin \u00fe\u00edn ver\u00f0ur sk\u00fdrari \u00e1 me\u00f0an \u00fe\u00fa talar \u00ed s\u00edmann.<\/p>\n<p>Heyrnart\u00f3lin eru me\u00f0 fr\u00e1b\u00e6rum hlj\u00f3mg\u00e6\u00f0um hvort sem \u00fe\u00fa hlustar \u00e1 t\u00f3nlist, sj\u00f3nvarp, hlj\u00f3\u00f0b\u00e6kur e\u00f0a spilar t\u00f6lvuleiki. Mj\u00f6g g\u00f3\u00f0 samh\u00e6fni \u00ed gegnum Bluetooth 5,4 og hr\u00f6\u00f0 tenging vi\u00f0 snjalls\u00edma og \u00f6nnur bluetooth t\u00e6ki. \u00de\u00fa getur hlusta\u00f0 \u00e1 t\u00f3nlist, r\u00e6tt vi\u00f0 vinnuf\u00e9laga og heyrt \u00ed umhverfinu \u00ed kringum \u00feig \u00e1n \u00feess a\u00f0 missa athygli og f\u00f3rna hlj\u00f3mg\u00e6\u00f0um.<\/p>\n<p>\u00dea\u00f0 fylgir App\u00a0 me\u00f0 t\u00e6kinu sem h\u00e6gt er a\u00f0 ni\u00f0urhala \u00ed snjalls\u00edmann. \u00cd appinu er h\u00e6gt a\u00f0 uppf\u00e6ra heyrnart\u00f3lin, s\u00fdna \u00e1 korti hvar \u00feau voru notu\u00f0 seinast og l\u00e1ti\u00f0 heyrnart\u00f3lin gefa fr\u00e1 s\u00e9r hlj\u00f3\u00f0 ef \u00fe\u00fa finnur \u00feau ekki heima. \u00dea\u00f0 er h\u00e6gt a\u00f0 stilla \u00ed appi hva\u00f0 gerist \u00feegar \u00fe\u00fa smellir tvisvar sinnum e\u00f0a \u00ferisvar sinnum \u00e1 hvort t\u00e6ki fyrir sig. \u00de\u00fa getur t.d. l\u00e1ti\u00f0 t\u00e6ki\u00f0 fara \u00e1 p\u00e1su\/kveikja \u00e1 t\u00f3nlist, n\u00e6sta lag, h\u00e6kka og l\u00e6kka me\u00f0 \u00fev\u00ed a\u00f0 smella \u00e1 h\u00e6gra e\u00f0a vinstra heyrnart\u00f3li\u00f0. \u00cd appinu er h\u00e6gt a\u00f0 stilla hvort \u00fe\u00fa vilt nota \u201ePower Rock\u201c, Clear Vocals, Pop Music, Treble Boost e\u00f0a Lounge Jazz \u00feegar \u00fe\u00fa ert a\u00f0 hlusta \u00e1 t\u00f3nlist.<\/p>\n<p>Heyrnart\u00f3lin eru me\u00f0 \u201eDual Connection\u201c sem \u00fe\u00fd\u00f0ir a\u00f0 \u00fe\u00fa getur veri\u00f0 tengdur vi\u00f0 tv\u00f6 bluetooth t\u00e6ki samt\u00edmis. \u00de\u00fa getur t.d. hlusta\u00f0 \u00e1 t\u00f3nlist \u00ed t\u00f6lvunni en um lei\u00f0 og s\u00edminn hringir \u00fe\u00e1 tekur hann yfir og \u00fe\u00fa getur svara\u00f0 \u00ed s\u00edmann. \u00de\u00fa getur nota\u00f0 heyrnart\u00f3lin \u00ed vinnunni, r\u00e6ktinni, g\u00f6ngut\u00farnum e\u00f0a heima til a\u00f0 hlusta \u00e1 hlj\u00f3\u00f0b\u00f3k, t\u00f3nlist, horfa \u00e1 sj\u00f3nvarpi\u00f0 e\u00f0a spila t\u00f6lvuleiki. Heyrnart\u00f3lin detta ekki af eyranu \u00feegar \u00fe\u00fa notar hlaupabretti e\u00f0a ert \u00fati a\u00f0 skokka.<\/p>\n<p>\u2013 Sj\u00e1 myndband af v\u00f6ru ne\u00f0ar \u00e1 s\u00ed\u00f0u<br \/>\n\u2013 Litur: Gr\u00e1r<br \/>\n\u2013 \u00deyngd: A\u00f0eins 4,9 gr\u00f6mm hvort t\u00e6ki<br \/>\n\u2013 Efni: ABS+PC<br \/>\n\u2013 Bluetooth 5.4<br \/>\n\u2013 Rafhl\u00f6\u00f0uending: 6 klst hlustun \u00e1 einni hle\u00f0slu \u2013 allt a\u00f0 25 klst me\u00f0 hle\u00f0sluboxi<br \/>\n\u2013 AI ENC Noise Cancellation\u201c<br \/>\n\u2013 IPX4 vatnsv\u00f6rn \u2013 \u00feolir svita og rigningu<br \/>\n\u2013 Vottun: CE og ROHS<\/p>\n<p><strong>Varan inniheldur:<\/strong><br \/>\n2x Open Ear \u00fer\u00e1\u00f0laus heyrnart\u00f3l<br \/>\n1x hle\u00f0slubox<br \/>\n1x UBS-C hle\u00f0slusn\u00fara<br \/>\nLei\u00f0beiningar \u00e1 ensku fylgja me\u00f0<\/p>\n","protected":false},"featured_media":28611,"template":"","meta":[],"product_brand":[420],"product_cat":[435],"product_tag":[],"class_list":{"0":"post-28619","1":"product","2":"type-product","3":"status-publish","4":"has-post-thumbnail","6":"product_brand-joyroom","7":"product_cat-i-eyru-in-ear","9":"first","10":"instock","11":"sale","12":"taxable","13":"shipping-taxable","14":"purchasable","15":"product-type-simple"},"supplier_id":null,"supplier_sku":"","barcode":null,"atum_controlled":true,"out_stock_date":null,"out_stock_threshold":null,"inheritable":false,"inbound_stock":0,"stock_on_hold":0,"sold_today":0,"sales_last_days":0,"reserved_stock":0,"customer_returns":0,"warehouse_damage":0,"lost_in_post":0,"other_logs":0,"out_stock_days":0,"lost_sales":0,"has_location":false,"update_date":"2026-04-20T00:24:08","atum_locations":[],"atum_stock_status":"instock","restock_status":false,"low_stock_amount":"","sales_update_date":"2026-04-20T00:24:08","calc_backorders":null,"yoast_head":"<!-- This site is optimized with the Yoast SEO Premium plugin v26.6 (Yoast SEO v27.3) - https:\/\/yoast.com\/product\/yoast-seo-premium-wordpress\/ -->\n<title>\u00der\u00e1\u00f0laus Clip-On heyrnart\u00f3l | ENC | IPX4 vatnsv\u00f6rn | Dual tenging<\/title>\n<meta name=\"description\" content=\"\u00d6flug heyrnart\u00f3l me\u00f0 fr\u00e1b\u00e6rum hlj\u00f3mg\u00e6\u00f0um fyrir t\u00f3nlist, kvikmyndir, hlj\u00f3\u00f0b\u00e6kur og \u00feegar spila\u00f0ir eru t\u00f6lvuleikir. A\u00f0eins 4,9 gr\u00f6mm.\" \/>\n<meta name=\"robots\" content=\"index, follow, max-snippet:-1, max-image-preview:large, max-video-preview:-1\" \/>\n<link rel=\"canonical\" href=\"https:\/\/vorulagerinn.is\/product\/jr-oe3\/\" \/>\n<meta property=\"og:locale\" content=\"en_US\" \/>\n<meta property=\"og:type\" content=\"article\" \/>\n<meta property=\"og:title\" content=\"\u00der\u00e1\u00f0laus Clip-On heyrnart\u00f3l me\u00f0 ENC, IPX4 vatnsv\u00f6rn, Dual connections, BT 5,4\" \/>\n<meta property=\"og:description\" content=\"\u00d6flug heyrnart\u00f3l me\u00f0 fr\u00e1b\u00e6rum hlj\u00f3mg\u00e6\u00f0um fyrir t\u00f3nlist, kvikmyndir, hlj\u00f3\u00f0b\u00e6kur og \u00feegar spila\u00f0ir eru t\u00f6lvuleikir. A\u00f0eins 4,9 gr\u00f6mm.\" \/>\n<meta property=\"og:url\" content=\"https:\/\/vorulagerinn.is\/product\/jr-oe3\/\" \/>\n<meta property=\"og:site_name\" content=\"V&ouml;rulagerinn\" \/>\n<meta property=\"article:publisher\" content=\"https:\/\/www.facebook.com\/vorulagerinn\" \/>\n<meta property=\"article:modified_time\" content=\"2026-02-19T12:40:25+00:00\" \/>\n<meta property=\"og:image\" content=\"https:\/\/vorulagerinn.is\/wp-content\/uploads\/2025\/09\/JR-OE3.jpg\" \/>\n\t<meta property=\"og:image:width\" content=\"600\" \/>\n\t<meta property=\"og:image:height\" content=\"600\" \/>\n\t<meta property=\"og:image:type\" content=\"image\/jpeg\" \/>\n<meta name=\"twitter:card\" content=\"summary_large_image\" \/>\n<meta name=\"twitter:label1\" content=\"Price\" \/>\n\t<meta name=\"twitter:data1\" content=\"11.130&nbsp;kr.\" \/>\n\t<meta name=\"twitter:label2\" content=\"Availability\" \/>\n\t<meta name=\"twitter:data2\" content=\"In stock\" \/>\n<script type=\"application\/ld+json\" class=\"yoast-schema-graph\">{\"@context\":\"https:\\\/\\\/schema.org\",\"@graph\":[{\"@type\":\"WebPage\",\"@id\":\"https:\\\/\\\/vorulagerinn.is\\\/product\\\/jr-oe3\\\/\",\"url\":\"https:\\\/\\\/vorulagerinn.is\\\/product\\\/jr-oe3\\\/\",\"name\":\"\u00der\u00e1\u00f0laus Clip-On heyrnart\u00f3l | ENC | IPX4 vatnsv\u00f6rn | Dual tenging\",\"isPartOf\":{\"@id\":\"https:\\\/\\\/vorulagerinn.is\\\/#website\"},\"primaryImageOfPage\":{\"@id\":\"https:\\\/\\\/vorulagerinn.is\\\/product\\\/jr-oe3\\\/#primaryimage\"},\"image\":{\"@id\":\"https:\\\/\\\/vorulagerinn.is\\\/product\\\/jr-oe3\\\/#primaryimage\"},\"thumbnailUrl\":\"https:\\\/\\\/vorulagerinn.is\\\/wp-content\\\/uploads\\\/2025\\\/09\\\/JR-OE3.jpg\",\"datePublished\":\"2025-07-26T11:06:32+00:00\",\"dateModified\":\"2026-02-19T12:40:25+00:00\",\"description\":\"\u00d6flug heyrnart\u00f3l me\u00f0 fr\u00e1b\u00e6rum hlj\u00f3mg\u00e6\u00f0um fyrir t\u00f3nlist, kvikmyndir, hlj\u00f3\u00f0b\u00e6kur og \u00feegar spila\u00f0ir eru t\u00f6lvuleikir. A\u00f0eins 4,9 gr\u00f6mm.\",\"breadcrumb\":{\"@id\":\"https:\\\/\\\/vorulagerinn.is\\\/product\\\/jr-oe3\\\/#breadcrumb\"},\"inLanguage\":\"en-US\",\"potentialAction\":[{\"@type\":\"ReadAction\",\"target\":[\"https:\\\/\\\/vorulagerinn.is\\\/product\\\/jr-oe3\\\/\"]}]},{\"@type\":\"ImageObject\",\"inLanguage\":\"en-US\",\"@id\":\"https:\\\/\\\/vorulagerinn.is\\\/product\\\/jr-oe3\\\/#primaryimage\",\"url\":\"https:\\\/\\\/vorulagerinn.is\\\/wp-content\\\/uploads\\\/2025\\\/09\\\/JR-OE3.jpg\",\"contentUrl\":\"https:\\\/\\\/vorulagerinn.is\\\/wp-content\\\/uploads\\\/2025\\\/09\\\/JR-OE3.jpg\",\"width\":600,\"height\":600},{\"@type\":\"BreadcrumbList\",\"@id\":\"https:\\\/\\\/vorulagerinn.is\\\/product\\\/jr-oe3\\\/#breadcrumb\",\"itemListElement\":[{\"@type\":\"ListItem\",\"position\":1,\"name\":\"Home\",\"item\":\"https:\\\/\\\/vorulagerinn.is\\\/\"},{\"@type\":\"ListItem\",\"position\":2,\"name\":\"Shop\",\"item\":\"https:\\\/\\\/vorulagerinn.is\\\/en\\\/shop\\\/\"},{\"@type\":\"ListItem\",\"position\":3,\"name\":\"\u00der\u00e1\u00f0laus Clip-On heyrnart\u00f3l me\u00f0 ENC, IPX4 vatnsv\u00f6rn, Dual connections, BT 5,4\"}]},{\"@type\":\"WebSite\",\"@id\":\"https:\\\/\\\/vorulagerinn.is\\\/#website\",\"url\":\"https:\\\/\\\/vorulagerinn.is\\\/\",\"name\":\"V\u00f6rulagerinn\",\"description\":\"L\u00e1ttu \u00fea\u00f0 eftir \u00fe\u00e9r\",\"publisher\":{\"@id\":\"https:\\\/\\\/vorulagerinn.is\\\/#organization\"},\"potentialAction\":[{\"@type\":\"SearchAction\",\"target\":{\"@type\":\"EntryPoint\",\"urlTemplate\":\"https:\\\/\\\/vorulagerinn.is\\\/?s={search_term_string}\"},\"query-input\":{\"@type\":\"PropertyValueSpecification\",\"valueRequired\":true,\"valueName\":\"search_term_string\"}}],\"inLanguage\":\"en-US\"},{\"@type\":\"Organization\",\"@id\":\"https:\\\/\\\/vorulagerinn.is\\\/#organization\",\"name\":\"V\u00f6rulagerinn\",\"url\":\"https:\\\/\\\/vorulagerinn.is\\\/\",\"logo\":{\"@type\":\"ImageObject\",\"inLanguage\":\"en-US\",\"@id\":\"https:\\\/\\\/vorulagerinn.is\\\/#\\\/schema\\\/logo\\\/image\\\/\",\"url\":\"https:\\\/\\\/vorulagerinn.is\\\/wp-content\\\/uploads\\\/2022\\\/09\\\/Vorulagerinn-Logo-588x160-1.png\",\"contentUrl\":\"https:\\\/\\\/vorulagerinn.is\\\/wp-content\\\/uploads\\\/2022\\\/09\\\/Vorulagerinn-Logo-588x160-1.png\",\"width\":588,\"height\":160,\"caption\":\"V\u00f6rulagerinn\"},\"image\":{\"@id\":\"https:\\\/\\\/vorulagerinn.is\\\/#\\\/schema\\\/logo\\\/image\\\/\"},\"sameAs\":[\"https:\\\/\\\/www.facebook.com\\\/vorulagerinn\",\"https:\\\/\\\/www.instagram.com\\\/vorulagerinn\\\/\"]}]}<\/script>\n<meta property=\"product:price:amount\" content=\"11130\" \/>\n<meta property=\"product:price:currency\" content=\"ISK\" \/>\n<meta property=\"og:availability\" content=\"instock\" \/>\n<meta property=\"product:availability\" content=\"instock\" \/>\n<meta property=\"product:retailer_item_id\" content=\"JR-OE3\" \/>\n<meta property=\"product:condition\" content=\"new\" \/>\n<!-- \/ Yoast SEO Premium plugin. -->","yoast_head_json":{"title":"\u00der\u00e1\u00f0laus Clip-On heyrnart\u00f3l | ENC | IPX4 vatnsv\u00f6rn | Dual tenging","description":"\u00d6flug heyrnart\u00f3l me\u00f0 fr\u00e1b\u00e6rum hlj\u00f3mg\u00e6\u00f0um fyrir t\u00f3nlist, kvikmyndir, hlj\u00f3\u00f0b\u00e6kur og \u00feegar spila\u00f0ir eru t\u00f6lvuleikir. A\u00f0eins 4,9 gr\u00f6mm.","robots":{"index":"index","follow":"follow","max-snippet":"max-snippet:-1","max-image-preview":"max-image-preview:large","max-video-preview":"max-video-preview:-1"},"canonical":"https:\/\/vorulagerinn.is\/product\/jr-oe3\/","og_locale":"en_US","og_type":"article","og_title":"\u00der\u00e1\u00f0laus Clip-On heyrnart\u00f3l me\u00f0 ENC, IPX4 vatnsv\u00f6rn, Dual connections, BT 5,4","og_description":"\u00d6flug heyrnart\u00f3l me\u00f0 fr\u00e1b\u00e6rum hlj\u00f3mg\u00e6\u00f0um fyrir t\u00f3nlist, kvikmyndir, hlj\u00f3\u00f0b\u00e6kur og \u00feegar spila\u00f0ir eru t\u00f6lvuleikir. A\u00f0eins 4,9 gr\u00f6mm.","og_url":"https:\/\/vorulagerinn.is\/product\/jr-oe3\/","og_site_name":"V&ouml;rulagerinn","article_publisher":"https:\/\/www.facebook.com\/vorulagerinn","article_modified_time":"2026-02-19T12:40:25+00:00","og_image":[{"width":600,"height":600,"url":"https:\/\/vorulagerinn.is\/wp-content\/uploads\/2025\/09\/JR-OE3.jpg","type":"image\/jpeg"}],"twitter_card":"summary_large_image","twitter_misc":{"Price":"11.130&nbsp;kr.","Availability":"In stock"},"schema":{"@context":"https:\/\/schema.org","@graph":[{"@type":"WebPage","@id":"https:\/\/vorulagerinn.is\/product\/jr-oe3\/","url":"https:\/\/vorulagerinn.is\/product\/jr-oe3\/","name":"\u00der\u00e1\u00f0laus Clip-On heyrnart\u00f3l | ENC | IPX4 vatnsv\u00f6rn | Dual tenging","isPartOf":{"@id":"https:\/\/vorulagerinn.is\/#website"},"primaryImageOfPage":{"@id":"https:\/\/vorulagerinn.is\/product\/jr-oe3\/#primaryimage"},"image":{"@id":"https:\/\/vorulagerinn.is\/product\/jr-oe3\/#primaryimage"},"thumbnailUrl":"https:\/\/vorulagerinn.is\/wp-content\/uploads\/2025\/09\/JR-OE3.jpg","datePublished":"2025-07-26T11:06:32+00:00","dateModified":"2026-02-19T12:40:25+00:00","description":"\u00d6flug heyrnart\u00f3l me\u00f0 fr\u00e1b\u00e6rum hlj\u00f3mg\u00e6\u00f0um fyrir t\u00f3nlist, kvikmyndir, hlj\u00f3\u00f0b\u00e6kur og \u00feegar spila\u00f0ir eru t\u00f6lvuleikir. A\u00f0eins 4,9 gr\u00f6mm.","breadcrumb":{"@id":"https:\/\/vorulagerinn.is\/product\/jr-oe3\/#breadcrumb"},"inLanguage":"en-US","potentialAction":[{"@type":"ReadAction","target":["https:\/\/vorulagerinn.is\/product\/jr-oe3\/"]}]},{"@type":"ImageObject","inLanguage":"en-US","@id":"https:\/\/vorulagerinn.is\/product\/jr-oe3\/#primaryimage","url":"https:\/\/vorulagerinn.is\/wp-content\/uploads\/2025\/09\/JR-OE3.jpg","contentUrl":"https:\/\/vorulagerinn.is\/wp-content\/uploads\/2025\/09\/JR-OE3.jpg","width":600,"height":600},{"@type":"BreadcrumbList","@id":"https:\/\/vorulagerinn.is\/product\/jr-oe3\/#breadcrumb","itemListElement":[{"@type":"ListItem","position":1,"name":"Home","item":"https:\/\/vorulagerinn.is\/"},{"@type":"ListItem","position":2,"name":"Shop","item":"https:\/\/vorulagerinn.is\/en\/shop\/"},{"@type":"ListItem","position":3,"name":"\u00der\u00e1\u00f0laus Clip-On heyrnart\u00f3l me\u00f0 ENC, IPX4 vatnsv\u00f6rn, Dual connections, BT 5,4"}]},{"@type":"WebSite","@id":"https:\/\/vorulagerinn.is\/#website","url":"https:\/\/vorulagerinn.is\/","name":"V\u00f6rulagerinn","description":"L\u00e1ttu \u00fea\u00f0 eftir \u00fe\u00e9r","publisher":{"@id":"https:\/\/vorulagerinn.is\/#organization"},"potentialAction":[{"@type":"SearchAction","target":{"@type":"EntryPoint","urlTemplate":"https:\/\/vorulagerinn.is\/?s={search_term_string}"},"query-input":{"@type":"PropertyValueSpecification","valueRequired":true,"valueName":"search_term_string"}}],"inLanguage":"en-US"},{"@type":"Organization","@id":"https:\/\/vorulagerinn.is\/#organization","name":"V\u00f6rulagerinn","url":"https:\/\/vorulagerinn.is\/","logo":{"@type":"ImageObject","inLanguage":"en-US","@id":"https:\/\/vorulagerinn.is\/#\/schema\/logo\/image\/","url":"https:\/\/vorulagerinn.is\/wp-content\/uploads\/2022\/09\/Vorulagerinn-Logo-588x160-1.png","contentUrl":"https:\/\/vorulagerinn.is\/wp-content\/uploads\/2022\/09\/Vorulagerinn-Logo-588x160-1.png","width":588,"height":160,"caption":"V\u00f6rulagerinn"},"image":{"@id":"https:\/\/vorulagerinn.is\/#\/schema\/logo\/image\/"},"sameAs":["https:\/\/www.facebook.com\/vorulagerinn","https:\/\/www.instagram.com\/vorulagerinn\/"]}]},"product_price_amount":"11130","product_price_currency":"ISK","og_availability":"instock","product_availability":"instock","product_retailer_item_id":"JR-OE3","product_condition":"new"},"_links":{"self":[{"href":"https:\/\/vorulagerinn.is\/en\/wp-json\/wp\/v2\/product\/28619","targetHints":{"allow":["GET"]}}],"collection":[{"href":"https:\/\/vorulagerinn.is\/en\/wp-json\/wp\/v2\/product"}],"about":[{"href":"https:\/\/vorulagerinn.is\/en\/wp-json\/wp\/v2\/types\/product"}],"wp:featuredmedia":[{"embeddable":true,"href":"https:\/\/vorulagerinn.is\/en\/wp-json\/wp\/v2\/media\/28611"}],"wp:attachment":[{"href":"https:\/\/vorulagerinn.is\/en\/wp-json\/wp\/v2\/media?parent=28619"}],"wp:term":[{"taxonomy":"product_brand","embeddable":true,"href":"https:\/\/vorulagerinn.is\/en\/wp-json\/wp\/v2\/product_brand?post=28619"},{"taxonomy":"product_cat","embeddable":true,"href":"https:\/\/vorulagerinn.is\/en\/wp-json\/wp\/v2\/product_cat?post=28619"},{"taxonomy":"product_tag","embeddable":true,"href":"https:\/\/vorulagerinn.is\/en\/wp-json\/wp\/v2\/product_tag?post=28619"}],"curies":[{"name":"wp","href":"https:\/\/api.w.org\/{rel}","templated":true}]}}