{"id":2862,"date":"2026-03-20T10:34:53","date_gmt":"2026-03-20T10:34:53","guid":{"rendered":"https:\/\/vorulagerinn.is\/?post_type=product&#038;p=2862"},"modified":"2026-03-20T14:29:08","modified_gmt":"2026-03-20T14:29:08","slug":"teiknispjald","status":"publish","type":"product","link":"https:\/\/vorulagerinn.is\/en\/product\/teiknispjald\/","title":{"rendered":"Teiknispjald marglita fyrir 3 \u00e1ra og eldri"},"content":{"rendered":"<div style=\"width: 640px;\" class=\"wp-video\"><video class=\"wp-video-shortcode\" id=\"video-2862-1\" width=\"640\" height=\"360\" preload=\"metadata\" controls=\"controls\"><source type=\"video\/mp4\" src=\"https:\/\/vorulagerinn.is\/wp-content\/uploads\/2022\/10\/Skrif-og-teiknispjald-Video.mp4?_=1\" \/><a href=\"https:\/\/vorulagerinn.is\/wp-content\/uploads\/2022\/10\/Skrif-og-teiknispjald-Video.mp4\">https:\/\/vorulagerinn.is\/wp-content\/uploads\/2022\/10\/Skrif-og-teiknispjald-Video.mp4<\/a><\/video><\/div>\n","protected":false},"excerpt":{"rendered":"<p>Marglita teiknispjaldi\u00f0 er \u00feroskandi og skemmtileg af\u00fereying fyrir b\u00f6rnin. Til a\u00f0 hreinsa spjaldi\u00f0 \u00fearf a\u00f0eins a\u00f0 smella einu sinni \u00e1 hnapp og \u00fe\u00e1 er h\u00e6gt a\u00f0 byrja a\u00f0 teikna upp \u00e1 n\u00fdtt.<\/p>\n<p>&#8211; Litur: Svartur<br \/>\n&#8211; Skj\u00e1r: 8,5&#8243; LCD skj\u00e1r<br \/>\n&#8211; Marglita teiknispjald<br \/>\n&#8211; Smellt \u00e1 hnapp til a\u00f0 hreinsa skj\u00e1inn<br \/>\n&#8211; Rafhl\u00f6\u00f0ur fylgja me\u00f0<br \/>\n&#8211; Sj\u00e1 video ne\u00f0ar \u00e1 vefs\u00ed\u00f0u<\/p>\n<p><strong>\u00deroskandi og skemmtileg gj\u00f6f fyrir 3 \u00e1ra og eldri.<\/strong><\/p>\n","protected":false},"featured_media":30676,"template":"","meta":[],"product_brand":[],"product_cat":[167,233],"product_tag":[],"class_list":{"0":"post-2862","1":"product","2":"type-product","3":"status-publish","4":"has-post-thumbnail","6":"product_cat-heimilid","7":"product_cat-raftaeki","9":"first","10":"instock","11":"sale","12":"featured","13":"taxable","14":"shipping-taxable","15":"purchasable","16":"product-type-variable"},"supplier_id":null,"supplier_sku":"","barcode":null,"atum_controlled":true,"out_stock_date":null,"out_stock_threshold":null,"inheritable":true,"inbound_stock":0,"stock_on_hold":0,"sold_today":0,"sales_last_days":0,"reserved_stock":0,"customer_returns":0,"warehouse_damage":0,"lost_in_post":0,"other_logs":0,"out_stock_days":0,"lost_sales":0,"has_location":false,"update_date":"2026-04-19T00:23:36","atum_locations":[],"atum_stock_status":"instock","restock_status":false,"low_stock_amount":"","sales_update_date":"2026-04-19T00:23:36","calc_backorders":null,"yoast_head":"<!-- This site is optimized with the Yoast SEO Premium plugin v26.6 (Yoast SEO v27.3) - https:\/\/yoast.com\/product\/yoast-seo-premium-wordpress\/ -->\n<title>Teiknispjald marglita fyrir 3 \u00e1ra og eldri | \u00deroskandi og skemmtilegt<\/title>\n<meta name=\"description\" content=\"\u00deroskandi teiknispjald og skemmtileg af\u00fereying fyrir b\u00f6rn fr\u00e1 3ja \u00e1ra. Smellt \u00e1 hnapp til a\u00f0 hreinsa spjaldi\u00f0 og \u00fe\u00e1 er h\u00e6gt a\u00f0 byrja a\u00f0 teikna upp \u00e1 n\u00fdtt.\" \/>\n<meta name=\"robots\" content=\"index, follow, max-snippet:-1, max-image-preview:large, max-video-preview:-1\" \/>\n<link rel=\"canonical\" href=\"https:\/\/vorulagerinn.is\/product\/teiknispjald\/\" \/>\n<meta property=\"og:locale\" content=\"en_US\" \/>\n<meta property=\"og:type\" content=\"article\" \/>\n<meta property=\"og:title\" content=\"Teiknispjald marglita fyrir 3 \u00e1ra og eldri\" \/>\n<meta property=\"og:description\" content=\"\u00deroskandi teiknispjald og skemmtileg af\u00fereying fyrir b\u00f6rn fr\u00e1 3ja \u00e1ra. Smellt \u00e1 hnapp til a\u00f0 hreinsa spjaldi\u00f0 og \u00fe\u00e1 er h\u00e6gt a\u00f0 byrja a\u00f0 teikna upp \u00e1 n\u00fdtt.\" \/>\n<meta property=\"og:url\" content=\"https:\/\/vorulagerinn.is\/product\/teiknispjald\/\" \/>\n<meta property=\"og:site_name\" content=\"V&ouml;rulagerinn\" \/>\n<meta property=\"article:publisher\" content=\"https:\/\/www.facebook.com\/vorulagerinn\" \/>\n<meta property=\"article:modified_time\" content=\"2026-03-20T14:29:08+00:00\" \/>\n<meta property=\"og:image\" content=\"https:\/\/vorulagerinn.is\/wp-content\/uploads\/2022\/09\/Teiknispjald_.jpg\" \/>\n\t<meta property=\"og:image:width\" content=\"600\" \/>\n\t<meta property=\"og:image:height\" content=\"600\" \/>\n\t<meta property=\"og:image:type\" content=\"image\/jpeg\" \/>\n<meta name=\"twitter:card\" content=\"summary_large_image\" \/>\n<meta name=\"twitter:label1\" content=\"Availability\" \/>\n\t<meta name=\"twitter:data1\" content=\"In stock\" \/>\n<script type=\"application\/ld+json\" class=\"yoast-schema-graph\">{\"@context\":\"https:\\\/\\\/schema.org\",\"@graph\":[{\"@type\":\"WebPage\",\"@id\":\"https:\\\/\\\/vorulagerinn.is\\\/product\\\/teiknispjald\\\/\",\"url\":\"https:\\\/\\\/vorulagerinn.is\\\/product\\\/teiknispjald\\\/\",\"name\":\"Teiknispjald marglita fyrir 3 \u00e1ra og eldri | \u00deroskandi og skemmtilegt\",\"isPartOf\":{\"@id\":\"https:\\\/\\\/vorulagerinn.is\\\/#website\"},\"primaryImageOfPage\":{\"@id\":\"https:\\\/\\\/vorulagerinn.is\\\/product\\\/teiknispjald\\\/#primaryimage\"},\"image\":{\"@id\":\"https:\\\/\\\/vorulagerinn.is\\\/product\\\/teiknispjald\\\/#primaryimage\"},\"thumbnailUrl\":\"https:\\\/\\\/vorulagerinn.is\\\/wp-content\\\/uploads\\\/2022\\\/09\\\/Teiknispjald_.jpg\",\"datePublished\":\"2026-03-20T10:34:53+00:00\",\"dateModified\":\"2026-03-20T14:29:08+00:00\",\"description\":\"\u00deroskandi teiknispjald og skemmtileg af\u00fereying fyrir b\u00f6rn fr\u00e1 3ja \u00e1ra. Smellt \u00e1 hnapp til a\u00f0 hreinsa spjaldi\u00f0 og \u00fe\u00e1 er h\u00e6gt a\u00f0 byrja a\u00f0 teikna upp \u00e1 n\u00fdtt.\",\"breadcrumb\":{\"@id\":\"https:\\\/\\\/vorulagerinn.is\\\/product\\\/teiknispjald\\\/#breadcrumb\"},\"inLanguage\":\"en-US\",\"potentialAction\":[{\"@type\":\"ReadAction\",\"target\":[\"https:\\\/\\\/vorulagerinn.is\\\/product\\\/teiknispjald\\\/\"]}]},{\"@type\":\"ImageObject\",\"inLanguage\":\"en-US\",\"@id\":\"https:\\\/\\\/vorulagerinn.is\\\/product\\\/teiknispjald\\\/#primaryimage\",\"url\":\"https:\\\/\\\/vorulagerinn.is\\\/wp-content\\\/uploads\\\/2022\\\/09\\\/Teiknispjald_.jpg\",\"contentUrl\":\"https:\\\/\\\/vorulagerinn.is\\\/wp-content\\\/uploads\\\/2022\\\/09\\\/Teiknispjald_.jpg\",\"width\":600,\"height\":600},{\"@type\":\"BreadcrumbList\",\"@id\":\"https:\\\/\\\/vorulagerinn.is\\\/product\\\/teiknispjald\\\/#breadcrumb\",\"itemListElement\":[{\"@type\":\"ListItem\",\"position\":1,\"name\":\"Home\",\"item\":\"https:\\\/\\\/vorulagerinn.is\\\/\"},{\"@type\":\"ListItem\",\"position\":2,\"name\":\"Shop\",\"item\":\"https:\\\/\\\/vorulagerinn.is\\\/en\\\/shop\\\/\"},{\"@type\":\"ListItem\",\"position\":3,\"name\":\"Teiknispjald marglita fyrir 3 \u00e1ra og eldri\"}]},{\"@type\":\"WebSite\",\"@id\":\"https:\\\/\\\/vorulagerinn.is\\\/#website\",\"url\":\"https:\\\/\\\/vorulagerinn.is\\\/\",\"name\":\"V\u00f6rulagerinn\",\"description\":\"L\u00e1ttu \u00fea\u00f0 eftir \u00fe\u00e9r\",\"publisher\":{\"@id\":\"https:\\\/\\\/vorulagerinn.is\\\/#organization\"},\"potentialAction\":[{\"@type\":\"SearchAction\",\"target\":{\"@type\":\"EntryPoint\",\"urlTemplate\":\"https:\\\/\\\/vorulagerinn.is\\\/?s={search_term_string}\"},\"query-input\":{\"@type\":\"PropertyValueSpecification\",\"valueRequired\":true,\"valueName\":\"search_term_string\"}}],\"inLanguage\":\"en-US\"},{\"@type\":\"Organization\",\"@id\":\"https:\\\/\\\/vorulagerinn.is\\\/#organization\",\"name\":\"V\u00f6rulagerinn\",\"url\":\"https:\\\/\\\/vorulagerinn.is\\\/\",\"logo\":{\"@type\":\"ImageObject\",\"inLanguage\":\"en-US\",\"@id\":\"https:\\\/\\\/vorulagerinn.is\\\/#\\\/schema\\\/logo\\\/image\\\/\",\"url\":\"https:\\\/\\\/vorulagerinn.is\\\/wp-content\\\/uploads\\\/2022\\\/09\\\/Vorulagerinn-Logo-588x160-1.png\",\"contentUrl\":\"https:\\\/\\\/vorulagerinn.is\\\/wp-content\\\/uploads\\\/2022\\\/09\\\/Vorulagerinn-Logo-588x160-1.png\",\"width\":588,\"height\":160,\"caption\":\"V\u00f6rulagerinn\"},\"image\":{\"@id\":\"https:\\\/\\\/vorulagerinn.is\\\/#\\\/schema\\\/logo\\\/image\\\/\"},\"sameAs\":[\"https:\\\/\\\/www.facebook.com\\\/vorulagerinn\",\"https:\\\/\\\/www.instagram.com\\\/vorulagerinn\\\/\"]}]}<\/script>\n<meta property=\"og:availability\" content=\"instock\" \/>\n<meta property=\"product:availability\" content=\"instock\" \/>\n<meta property=\"product:retailer_item_id\" content=\"V19\" \/>\n<meta property=\"product:condition\" content=\"new\" \/>\n<!-- \/ Yoast SEO Premium plugin. -->","yoast_head_json":{"title":"Teiknispjald marglita fyrir 3 \u00e1ra og eldri | \u00deroskandi og skemmtilegt","description":"\u00deroskandi teiknispjald og skemmtileg af\u00fereying fyrir b\u00f6rn fr\u00e1 3ja \u00e1ra. Smellt \u00e1 hnapp til a\u00f0 hreinsa spjaldi\u00f0 og \u00fe\u00e1 er h\u00e6gt a\u00f0 byrja a\u00f0 teikna upp \u00e1 n\u00fdtt.","robots":{"index":"index","follow":"follow","max-snippet":"max-snippet:-1","max-image-preview":"max-image-preview:large","max-video-preview":"max-video-preview:-1"},"canonical":"https:\/\/vorulagerinn.is\/product\/teiknispjald\/","og_locale":"en_US","og_type":"article","og_title":"Teiknispjald marglita fyrir 3 \u00e1ra og eldri","og_description":"\u00deroskandi teiknispjald og skemmtileg af\u00fereying fyrir b\u00f6rn fr\u00e1 3ja \u00e1ra. Smellt \u00e1 hnapp til a\u00f0 hreinsa spjaldi\u00f0 og \u00fe\u00e1 er h\u00e6gt a\u00f0 byrja a\u00f0 teikna upp \u00e1 n\u00fdtt.","og_url":"https:\/\/vorulagerinn.is\/product\/teiknispjald\/","og_site_name":"V&ouml;rulagerinn","article_publisher":"https:\/\/www.facebook.com\/vorulagerinn","article_modified_time":"2026-03-20T14:29:08+00:00","og_image":[{"width":600,"height":600,"url":"https:\/\/vorulagerinn.is\/wp-content\/uploads\/2022\/09\/Teiknispjald_.jpg","type":"image\/jpeg"}],"twitter_card":"summary_large_image","twitter_misc":{"Availability":"In stock"},"schema":{"@context":"https:\/\/schema.org","@graph":[{"@type":"WebPage","@id":"https:\/\/vorulagerinn.is\/product\/teiknispjald\/","url":"https:\/\/vorulagerinn.is\/product\/teiknispjald\/","name":"Teiknispjald marglita fyrir 3 \u00e1ra og eldri | \u00deroskandi og skemmtilegt","isPartOf":{"@id":"https:\/\/vorulagerinn.is\/#website"},"primaryImageOfPage":{"@id":"https:\/\/vorulagerinn.is\/product\/teiknispjald\/#primaryimage"},"image":{"@id":"https:\/\/vorulagerinn.is\/product\/teiknispjald\/#primaryimage"},"thumbnailUrl":"https:\/\/vorulagerinn.is\/wp-content\/uploads\/2022\/09\/Teiknispjald_.jpg","datePublished":"2026-03-20T10:34:53+00:00","dateModified":"2026-03-20T14:29:08+00:00","description":"\u00deroskandi teiknispjald og skemmtileg af\u00fereying fyrir b\u00f6rn fr\u00e1 3ja \u00e1ra. Smellt \u00e1 hnapp til a\u00f0 hreinsa spjaldi\u00f0 og \u00fe\u00e1 er h\u00e6gt a\u00f0 byrja a\u00f0 teikna upp \u00e1 n\u00fdtt.","breadcrumb":{"@id":"https:\/\/vorulagerinn.is\/product\/teiknispjald\/#breadcrumb"},"inLanguage":"en-US","potentialAction":[{"@type":"ReadAction","target":["https:\/\/vorulagerinn.is\/product\/teiknispjald\/"]}]},{"@type":"ImageObject","inLanguage":"en-US","@id":"https:\/\/vorulagerinn.is\/product\/teiknispjald\/#primaryimage","url":"https:\/\/vorulagerinn.is\/wp-content\/uploads\/2022\/09\/Teiknispjald_.jpg","contentUrl":"https:\/\/vorulagerinn.is\/wp-content\/uploads\/2022\/09\/Teiknispjald_.jpg","width":600,"height":600},{"@type":"BreadcrumbList","@id":"https:\/\/vorulagerinn.is\/product\/teiknispjald\/#breadcrumb","itemListElement":[{"@type":"ListItem","position":1,"name":"Home","item":"https:\/\/vorulagerinn.is\/"},{"@type":"ListItem","position":2,"name":"Shop","item":"https:\/\/vorulagerinn.is\/en\/shop\/"},{"@type":"ListItem","position":3,"name":"Teiknispjald marglita fyrir 3 \u00e1ra og eldri"}]},{"@type":"WebSite","@id":"https:\/\/vorulagerinn.is\/#website","url":"https:\/\/vorulagerinn.is\/","name":"V\u00f6rulagerinn","description":"L\u00e1ttu \u00fea\u00f0 eftir \u00fe\u00e9r","publisher":{"@id":"https:\/\/vorulagerinn.is\/#organization"},"potentialAction":[{"@type":"SearchAction","target":{"@type":"EntryPoint","urlTemplate":"https:\/\/vorulagerinn.is\/?s={search_term_string}"},"query-input":{"@type":"PropertyValueSpecification","valueRequired":true,"valueName":"search_term_string"}}],"inLanguage":"en-US"},{"@type":"Organization","@id":"https:\/\/vorulagerinn.is\/#organization","name":"V\u00f6rulagerinn","url":"https:\/\/vorulagerinn.is\/","logo":{"@type":"ImageObject","inLanguage":"en-US","@id":"https:\/\/vorulagerinn.is\/#\/schema\/logo\/image\/","url":"https:\/\/vorulagerinn.is\/wp-content\/uploads\/2022\/09\/Vorulagerinn-Logo-588x160-1.png","contentUrl":"https:\/\/vorulagerinn.is\/wp-content\/uploads\/2022\/09\/Vorulagerinn-Logo-588x160-1.png","width":588,"height":160,"caption":"V\u00f6rulagerinn"},"image":{"@id":"https:\/\/vorulagerinn.is\/#\/schema\/logo\/image\/"},"sameAs":["https:\/\/www.facebook.com\/vorulagerinn","https:\/\/www.instagram.com\/vorulagerinn\/"]}]},"og_availability":"instock","product_availability":"instock","product_retailer_item_id":"V19","product_condition":"new"},"_links":{"self":[{"href":"https:\/\/vorulagerinn.is\/en\/wp-json\/wp\/v2\/product\/2862","targetHints":{"allow":["GET"]}}],"collection":[{"href":"https:\/\/vorulagerinn.is\/en\/wp-json\/wp\/v2\/product"}],"about":[{"href":"https:\/\/vorulagerinn.is\/en\/wp-json\/wp\/v2\/types\/product"}],"wp:featuredmedia":[{"embeddable":true,"href":"https:\/\/vorulagerinn.is\/en\/wp-json\/wp\/v2\/media\/30676"}],"wp:attachment":[{"href":"https:\/\/vorulagerinn.is\/en\/wp-json\/wp\/v2\/media?parent=2862"}],"wp:term":[{"taxonomy":"product_brand","embeddable":true,"href":"https:\/\/vorulagerinn.is\/en\/wp-json\/wp\/v2\/product_brand?post=2862"},{"taxonomy":"product_cat","embeddable":true,"href":"https:\/\/vorulagerinn.is\/en\/wp-json\/wp\/v2\/product_cat?post=2862"},{"taxonomy":"product_tag","embeddable":true,"href":"https:\/\/vorulagerinn.is\/en\/wp-json\/wp\/v2\/product_tag?post=2862"}],"curies":[{"name":"wp","href":"https:\/\/api.w.org\/{rel}","templated":true}]}}