{"id":28628,"date":"2025-07-26T11:22:13","date_gmt":"2025-07-26T11:22:13","guid":{"rendered":"https:\/\/vorulagerinn.is\/product\/jr-bb3\/"},"modified":"2026-03-31T09:54:20","modified_gmt":"2026-03-31T09:54:20","slug":"jr-bb3","status":"publish","type":"product","link":"https:\/\/vorulagerinn.is\/en\/product\/jr-bb3\/","title":{"rendered":"\u00d6flug \u00fer\u00e1\u00f0laus heyrnart\u00f3l me\u00f0 fr\u00e1b\u00e6rum hlj\u00f3mg\u00e6\u00f0um, dj\u00fapum bassa, Dual-mic ENC, BT 5,4 &amp; 30 klst spilun"},"content":{"rendered":"<p>BT version: V5.4<br \/>\nAudio codec format: AAC, SBC<br \/>\nBT range: 10m<br \/>\nWater resistance: IPX5<br \/>\nPlaytime: about 7-8h (70% volume)<br \/>\nBattery life with charging case: 30h<br \/>\nBattery capacity: 40mAh (earbuds)\/400mAh (charging case)<br \/>\nCharging time: about 1.5h<br \/>\nCharging input: 5V\u23931A<br \/>\nCharging port: Type-C<br \/>\nFrequency response: 20Hz-20KHz<br \/>\nSpeaker size: \u042410mm<br \/>\nMaterial: ABS+PC<\/p>\n","protected":false},"excerpt":{"rendered":"<p>\u00d6flug \u00fer\u00e1\u00f0laus heyrnart\u00f3l me\u00f0 allt a\u00f0 8 klst hlustun \u00e1 einni hle\u00f0slu og 30 klst me\u00f0 hle\u00f0sluboxi. Heyrnart\u00f3lin eru me\u00f0 Bluetooth 5,4 (n\u00fdjasta \u00fatg\u00e1fan) sem gerir tenginguna enn betri, st\u00f6\u00f0ugri og \u00f3a\u00f0finnanlegan hlj\u00f3\u00f0flutning allt a\u00f0 10 metra fr\u00e1 t\u00e6kinu. Heyrnart\u00f3lin eru me\u00f0 s\u00e9r stillingu fyrir t\u00f3nlist og a\u00f0ra fyrir t\u00f6lvuleiki.<\/p>\n<p>Innbyggt AI Dual-mic ENC sem virkar \u00feannig a\u00f0 s\u00e1 sem \u00fe\u00fa ert a\u00f0 tala vi\u00f0 heyrir minna af umhverfishlj\u00f3\u00f0um \u00ed kringum \u00feig auk \u00feess sem r\u00f6ddin \u00fe\u00edn ver\u00f0ur sk\u00fdrari. \u00c1 hle\u00f0sluboxinu er LED skj\u00e1r sem s\u00fdnir hversu mikil rafhla\u00f0a er eftir \u00ed t\u00f6ppunum.<\/p>\n<p>Heyrnart\u00f3lin eru a\u00f0eins 3,9 gr\u00f6mm hvort um sig og eru me\u00f0 IPX5 svita- og vatnsv\u00f6rn.<\/p>\n<p>&#8211; Framlei\u00f0slu\u00e1r: 2025<br \/>\n&#8211; Litur: Svartur<br \/>\n&#8211; Tappar a\u00f0eins 3,9 gr\u00f6mm hvor um sig<br \/>\n&#8211; Dual-Mic-ENC fyrir sk\u00fdr s\u00edmt\u00f6l<br \/>\n&#8211; LED skj\u00e1r sem s\u00fdnir st\u00f6\u00f0u \u00e1 hle\u00f0slu \u00ed t\u00f6ppum<br \/>\n&#8211; Allt a\u00f0 30 klst rafhla\u00f0a<br \/>\n&#8211; S\u00e9r stilling fyrir t\u00f3nlist og t\u00f6lvuleiki<br \/>\n&#8211; Efni: ABS+PC<br \/>\n&#8211; USB-C hle\u00f0slusn\u00fara<br \/>\n&#8211; Lei\u00f0beiningar fylgja me\u00f0<br \/>\n&#8211; Vottun: CE &amp; ROHS<\/p>\n","protected":false},"featured_media":28620,"template":"","meta":[],"product_brand":[420],"product_cat":[378,435],"product_tag":[],"class_list":{"0":"post-28628","1":"product","2":"type-product","3":"status-publish","4":"has-post-thumbnail","6":"product_brand-joyroom","7":"product_cat-heyrnartol","8":"product_cat-i-eyru-in-ear","10":"first","11":"instock","12":"sale","13":"taxable","14":"shipping-taxable","15":"purchasable","16":"product-type-simple"},"supplier_id":null,"supplier_sku":"","barcode":null,"atum_controlled":true,"out_stock_date":null,"out_stock_threshold":null,"inheritable":false,"inbound_stock":0,"stock_on_hold":0,"sold_today":0,"sales_last_days":0,"reserved_stock":0,"customer_returns":0,"warehouse_damage":0,"lost_in_post":0,"other_logs":0,"out_stock_days":0,"lost_sales":0,"has_location":false,"update_date":"2026-04-19T00:23:33","atum_locations":[],"atum_stock_status":"instock","restock_status":false,"low_stock_amount":"","sales_update_date":"2026-04-19T00:23:33","calc_backorders":null,"yoast_head":"<!-- This site is optimized with the Yoast SEO Premium plugin v26.6 (Yoast SEO v27.3) - https:\/\/yoast.com\/product\/yoast-seo-premium-wordpress\/ -->\n<title>\u00d6flug heyrnart\u00f3l | Fr\u00e1b\u00e6r hlj\u00f3mg\u00e6\u00f0i | Kraftmikill bassi | BT 5,4<\/title>\n<meta name=\"description\" content=\"\u00d6flug \u00fer\u00e1\u00f0laus heyrnart\u00f3l me\u00f0 fr\u00e1b\u00e6rum hlj\u00f3mg\u00e6\u00f0um, dj\u00fapum bassa, Dual-mic ENC, BT 5.4 &amp; 30 klst hle\u00f0slu me\u00f0 hle\u00f0sluboxi. Framlei\u00f0slu\u00e1r: 2025\" \/>\n<meta name=\"robots\" content=\"index, follow, max-snippet:-1, max-image-preview:large, max-video-preview:-1\" \/>\n<link rel=\"canonical\" href=\"https:\/\/vorulagerinn.is\/product\/jr-bb3\/\" \/>\n<meta property=\"og:locale\" content=\"en_US\" \/>\n<meta property=\"og:type\" content=\"article\" \/>\n<meta property=\"og:title\" content=\"\u00d6flug \u00fer\u00e1\u00f0laus heyrnart\u00f3l me\u00f0 fr\u00e1b\u00e6rum hlj\u00f3mg\u00e6\u00f0um, dj\u00fapum bassa, Dual-mic ENC, BT 5,4 &amp; 30 klst spilun\" \/>\n<meta property=\"og:description\" content=\"\u00d6flug \u00fer\u00e1\u00f0laus heyrnart\u00f3l me\u00f0 fr\u00e1b\u00e6rum hlj\u00f3mg\u00e6\u00f0um, dj\u00fapum bassa, Dual-mic ENC, BT 5.4 &amp; 30 klst hle\u00f0slu me\u00f0 hle\u00f0sluboxi. Framlei\u00f0slu\u00e1r: 2025\" \/>\n<meta property=\"og:url\" content=\"https:\/\/vorulagerinn.is\/product\/jr-bb3\/\" \/>\n<meta property=\"og:site_name\" content=\"V&ouml;rulagerinn\" \/>\n<meta property=\"article:publisher\" content=\"https:\/\/www.facebook.com\/vorulagerinn\" \/>\n<meta property=\"article:modified_time\" content=\"2026-03-31T09:54:20+00:00\" \/>\n<meta property=\"og:image\" content=\"https:\/\/vorulagerinn.is\/wp-content\/uploads\/2025\/09\/JR-BB3.jpg\" \/>\n\t<meta property=\"og:image:width\" content=\"495\" \/>\n\t<meta property=\"og:image:height\" content=\"502\" \/>\n\t<meta property=\"og:image:type\" content=\"image\/jpeg\" \/>\n<meta name=\"twitter:card\" content=\"summary_large_image\" \/>\n<meta name=\"twitter:label1\" content=\"Price\" \/>\n\t<meta name=\"twitter:data1\" content=\"9.030&nbsp;kr.\" \/>\n\t<meta name=\"twitter:label2\" content=\"Availability\" \/>\n\t<meta name=\"twitter:data2\" content=\"In stock\" \/>\n<script type=\"application\/ld+json\" class=\"yoast-schema-graph\">{\"@context\":\"https:\\\/\\\/schema.org\",\"@graph\":[{\"@type\":\"WebPage\",\"@id\":\"https:\\\/\\\/vorulagerinn.is\\\/product\\\/jr-bb3\\\/\",\"url\":\"https:\\\/\\\/vorulagerinn.is\\\/product\\\/jr-bb3\\\/\",\"name\":\"\u00d6flug heyrnart\u00f3l | Fr\u00e1b\u00e6r hlj\u00f3mg\u00e6\u00f0i | Kraftmikill bassi | BT 5,4\",\"isPartOf\":{\"@id\":\"https:\\\/\\\/vorulagerinn.is\\\/#website\"},\"primaryImageOfPage\":{\"@id\":\"https:\\\/\\\/vorulagerinn.is\\\/product\\\/jr-bb3\\\/#primaryimage\"},\"image\":{\"@id\":\"https:\\\/\\\/vorulagerinn.is\\\/product\\\/jr-bb3\\\/#primaryimage\"},\"thumbnailUrl\":\"https:\\\/\\\/vorulagerinn.is\\\/wp-content\\\/uploads\\\/2025\\\/09\\\/JR-BB3.jpg\",\"datePublished\":\"2025-07-26T11:22:13+00:00\",\"dateModified\":\"2026-03-31T09:54:20+00:00\",\"description\":\"\u00d6flug \u00fer\u00e1\u00f0laus heyrnart\u00f3l me\u00f0 fr\u00e1b\u00e6rum hlj\u00f3mg\u00e6\u00f0um, dj\u00fapum bassa, Dual-mic ENC, BT 5.4 & 30 klst hle\u00f0slu me\u00f0 hle\u00f0sluboxi. Framlei\u00f0slu\u00e1r: 2025\",\"breadcrumb\":{\"@id\":\"https:\\\/\\\/vorulagerinn.is\\\/product\\\/jr-bb3\\\/#breadcrumb\"},\"inLanguage\":\"en-US\",\"potentialAction\":[{\"@type\":\"ReadAction\",\"target\":[\"https:\\\/\\\/vorulagerinn.is\\\/product\\\/jr-bb3\\\/\"]}]},{\"@type\":\"ImageObject\",\"inLanguage\":\"en-US\",\"@id\":\"https:\\\/\\\/vorulagerinn.is\\\/product\\\/jr-bb3\\\/#primaryimage\",\"url\":\"https:\\\/\\\/vorulagerinn.is\\\/wp-content\\\/uploads\\\/2025\\\/09\\\/JR-BB3.jpg\",\"contentUrl\":\"https:\\\/\\\/vorulagerinn.is\\\/wp-content\\\/uploads\\\/2025\\\/09\\\/JR-BB3.jpg\",\"width\":495,\"height\":502},{\"@type\":\"BreadcrumbList\",\"@id\":\"https:\\\/\\\/vorulagerinn.is\\\/product\\\/jr-bb3\\\/#breadcrumb\",\"itemListElement\":[{\"@type\":\"ListItem\",\"position\":1,\"name\":\"Home\",\"item\":\"https:\\\/\\\/vorulagerinn.is\\\/\"},{\"@type\":\"ListItem\",\"position\":2,\"name\":\"Shop\",\"item\":\"https:\\\/\\\/vorulagerinn.is\\\/en\\\/shop\\\/\"},{\"@type\":\"ListItem\",\"position\":3,\"name\":\"\u00d6flug \u00fer\u00e1\u00f0laus heyrnart\u00f3l me\u00f0 fr\u00e1b\u00e6rum hlj\u00f3mg\u00e6\u00f0um, dj\u00fapum bassa, Dual-mic ENC, BT 5,4 &amp; 30 klst spilun\"}]},{\"@type\":\"WebSite\",\"@id\":\"https:\\\/\\\/vorulagerinn.is\\\/#website\",\"url\":\"https:\\\/\\\/vorulagerinn.is\\\/\",\"name\":\"V\u00f6rulagerinn\",\"description\":\"L\u00e1ttu \u00fea\u00f0 eftir \u00fe\u00e9r\",\"publisher\":{\"@id\":\"https:\\\/\\\/vorulagerinn.is\\\/#organization\"},\"potentialAction\":[{\"@type\":\"SearchAction\",\"target\":{\"@type\":\"EntryPoint\",\"urlTemplate\":\"https:\\\/\\\/vorulagerinn.is\\\/?s={search_term_string}\"},\"query-input\":{\"@type\":\"PropertyValueSpecification\",\"valueRequired\":true,\"valueName\":\"search_term_string\"}}],\"inLanguage\":\"en-US\"},{\"@type\":\"Organization\",\"@id\":\"https:\\\/\\\/vorulagerinn.is\\\/#organization\",\"name\":\"V\u00f6rulagerinn\",\"url\":\"https:\\\/\\\/vorulagerinn.is\\\/\",\"logo\":{\"@type\":\"ImageObject\",\"inLanguage\":\"en-US\",\"@id\":\"https:\\\/\\\/vorulagerinn.is\\\/#\\\/schema\\\/logo\\\/image\\\/\",\"url\":\"https:\\\/\\\/vorulagerinn.is\\\/wp-content\\\/uploads\\\/2022\\\/09\\\/Vorulagerinn-Logo-588x160-1.png\",\"contentUrl\":\"https:\\\/\\\/vorulagerinn.is\\\/wp-content\\\/uploads\\\/2022\\\/09\\\/Vorulagerinn-Logo-588x160-1.png\",\"width\":588,\"height\":160,\"caption\":\"V\u00f6rulagerinn\"},\"image\":{\"@id\":\"https:\\\/\\\/vorulagerinn.is\\\/#\\\/schema\\\/logo\\\/image\\\/\"},\"sameAs\":[\"https:\\\/\\\/www.facebook.com\\\/vorulagerinn\",\"https:\\\/\\\/www.instagram.com\\\/vorulagerinn\\\/\"]}]}<\/script>\n<meta property=\"product:price:amount\" content=\"9030\" \/>\n<meta property=\"product:price:currency\" content=\"ISK\" \/>\n<meta property=\"og:availability\" content=\"instock\" \/>\n<meta property=\"product:availability\" content=\"instock\" \/>\n<meta property=\"product:retailer_item_id\" content=\"JR-BB3\" \/>\n<meta property=\"product:condition\" content=\"new\" \/>\n<!-- \/ Yoast SEO Premium plugin. -->","yoast_head_json":{"title":"\u00d6flug heyrnart\u00f3l | Fr\u00e1b\u00e6r hlj\u00f3mg\u00e6\u00f0i | Kraftmikill bassi | BT 5,4","description":"\u00d6flug \u00fer\u00e1\u00f0laus heyrnart\u00f3l me\u00f0 fr\u00e1b\u00e6rum hlj\u00f3mg\u00e6\u00f0um, dj\u00fapum bassa, Dual-mic ENC, BT 5.4 & 30 klst hle\u00f0slu me\u00f0 hle\u00f0sluboxi. Framlei\u00f0slu\u00e1r: 2025","robots":{"index":"index","follow":"follow","max-snippet":"max-snippet:-1","max-image-preview":"max-image-preview:large","max-video-preview":"max-video-preview:-1"},"canonical":"https:\/\/vorulagerinn.is\/product\/jr-bb3\/","og_locale":"en_US","og_type":"article","og_title":"\u00d6flug \u00fer\u00e1\u00f0laus heyrnart\u00f3l me\u00f0 fr\u00e1b\u00e6rum hlj\u00f3mg\u00e6\u00f0um, dj\u00fapum bassa, Dual-mic ENC, BT 5,4 &amp; 30 klst spilun","og_description":"\u00d6flug \u00fer\u00e1\u00f0laus heyrnart\u00f3l me\u00f0 fr\u00e1b\u00e6rum hlj\u00f3mg\u00e6\u00f0um, dj\u00fapum bassa, Dual-mic ENC, BT 5.4 & 30 klst hle\u00f0slu me\u00f0 hle\u00f0sluboxi. Framlei\u00f0slu\u00e1r: 2025","og_url":"https:\/\/vorulagerinn.is\/product\/jr-bb3\/","og_site_name":"V&ouml;rulagerinn","article_publisher":"https:\/\/www.facebook.com\/vorulagerinn","article_modified_time":"2026-03-31T09:54:20+00:00","og_image":[{"width":495,"height":502,"url":"https:\/\/vorulagerinn.is\/wp-content\/uploads\/2025\/09\/JR-BB3.jpg","type":"image\/jpeg"}],"twitter_card":"summary_large_image","twitter_misc":{"Price":"9.030&nbsp;kr.","Availability":"In stock"},"schema":{"@context":"https:\/\/schema.org","@graph":[{"@type":"WebPage","@id":"https:\/\/vorulagerinn.is\/product\/jr-bb3\/","url":"https:\/\/vorulagerinn.is\/product\/jr-bb3\/","name":"\u00d6flug heyrnart\u00f3l | Fr\u00e1b\u00e6r hlj\u00f3mg\u00e6\u00f0i | Kraftmikill bassi | BT 5,4","isPartOf":{"@id":"https:\/\/vorulagerinn.is\/#website"},"primaryImageOfPage":{"@id":"https:\/\/vorulagerinn.is\/product\/jr-bb3\/#primaryimage"},"image":{"@id":"https:\/\/vorulagerinn.is\/product\/jr-bb3\/#primaryimage"},"thumbnailUrl":"https:\/\/vorulagerinn.is\/wp-content\/uploads\/2025\/09\/JR-BB3.jpg","datePublished":"2025-07-26T11:22:13+00:00","dateModified":"2026-03-31T09:54:20+00:00","description":"\u00d6flug \u00fer\u00e1\u00f0laus heyrnart\u00f3l me\u00f0 fr\u00e1b\u00e6rum hlj\u00f3mg\u00e6\u00f0um, dj\u00fapum bassa, Dual-mic ENC, BT 5.4 & 30 klst hle\u00f0slu me\u00f0 hle\u00f0sluboxi. Framlei\u00f0slu\u00e1r: 2025","breadcrumb":{"@id":"https:\/\/vorulagerinn.is\/product\/jr-bb3\/#breadcrumb"},"inLanguage":"en-US","potentialAction":[{"@type":"ReadAction","target":["https:\/\/vorulagerinn.is\/product\/jr-bb3\/"]}]},{"@type":"ImageObject","inLanguage":"en-US","@id":"https:\/\/vorulagerinn.is\/product\/jr-bb3\/#primaryimage","url":"https:\/\/vorulagerinn.is\/wp-content\/uploads\/2025\/09\/JR-BB3.jpg","contentUrl":"https:\/\/vorulagerinn.is\/wp-content\/uploads\/2025\/09\/JR-BB3.jpg","width":495,"height":502},{"@type":"BreadcrumbList","@id":"https:\/\/vorulagerinn.is\/product\/jr-bb3\/#breadcrumb","itemListElement":[{"@type":"ListItem","position":1,"name":"Home","item":"https:\/\/vorulagerinn.is\/"},{"@type":"ListItem","position":2,"name":"Shop","item":"https:\/\/vorulagerinn.is\/en\/shop\/"},{"@type":"ListItem","position":3,"name":"\u00d6flug \u00fer\u00e1\u00f0laus heyrnart\u00f3l me\u00f0 fr\u00e1b\u00e6rum hlj\u00f3mg\u00e6\u00f0um, dj\u00fapum bassa, Dual-mic ENC, BT 5,4 &amp; 30 klst spilun"}]},{"@type":"WebSite","@id":"https:\/\/vorulagerinn.is\/#website","url":"https:\/\/vorulagerinn.is\/","name":"V\u00f6rulagerinn","description":"L\u00e1ttu \u00fea\u00f0 eftir \u00fe\u00e9r","publisher":{"@id":"https:\/\/vorulagerinn.is\/#organization"},"potentialAction":[{"@type":"SearchAction","target":{"@type":"EntryPoint","urlTemplate":"https:\/\/vorulagerinn.is\/?s={search_term_string}"},"query-input":{"@type":"PropertyValueSpecification","valueRequired":true,"valueName":"search_term_string"}}],"inLanguage":"en-US"},{"@type":"Organization","@id":"https:\/\/vorulagerinn.is\/#organization","name":"V\u00f6rulagerinn","url":"https:\/\/vorulagerinn.is\/","logo":{"@type":"ImageObject","inLanguage":"en-US","@id":"https:\/\/vorulagerinn.is\/#\/schema\/logo\/image\/","url":"https:\/\/vorulagerinn.is\/wp-content\/uploads\/2022\/09\/Vorulagerinn-Logo-588x160-1.png","contentUrl":"https:\/\/vorulagerinn.is\/wp-content\/uploads\/2022\/09\/Vorulagerinn-Logo-588x160-1.png","width":588,"height":160,"caption":"V\u00f6rulagerinn"},"image":{"@id":"https:\/\/vorulagerinn.is\/#\/schema\/logo\/image\/"},"sameAs":["https:\/\/www.facebook.com\/vorulagerinn","https:\/\/www.instagram.com\/vorulagerinn\/"]}]},"product_price_amount":"9030","product_price_currency":"ISK","og_availability":"instock","product_availability":"instock","product_retailer_item_id":"JR-BB3","product_condition":"new"},"_links":{"self":[{"href":"https:\/\/vorulagerinn.is\/en\/wp-json\/wp\/v2\/product\/28628","targetHints":{"allow":["GET"]}}],"collection":[{"href":"https:\/\/vorulagerinn.is\/en\/wp-json\/wp\/v2\/product"}],"about":[{"href":"https:\/\/vorulagerinn.is\/en\/wp-json\/wp\/v2\/types\/product"}],"wp:featuredmedia":[{"embeddable":true,"href":"https:\/\/vorulagerinn.is\/en\/wp-json\/wp\/v2\/media\/28620"}],"wp:attachment":[{"href":"https:\/\/vorulagerinn.is\/en\/wp-json\/wp\/v2\/media?parent=28628"}],"wp:term":[{"taxonomy":"product_brand","embeddable":true,"href":"https:\/\/vorulagerinn.is\/en\/wp-json\/wp\/v2\/product_brand?post=28628"},{"taxonomy":"product_cat","embeddable":true,"href":"https:\/\/vorulagerinn.is\/en\/wp-json\/wp\/v2\/product_cat?post=28628"},{"taxonomy":"product_tag","embeddable":true,"href":"https:\/\/vorulagerinn.is\/en\/wp-json\/wp\/v2\/product_tag?post=28628"}],"curies":[{"name":"wp","href":"https:\/\/api.w.org\/{rel}","templated":true}]}}