{"id":28631,"date":"2025-07-27T10:12:17","date_gmt":"2025-07-27T10:12:17","guid":{"rendered":"https:\/\/vorulagerinn.is\/product\/jr-d8\/"},"modified":"2026-02-15T17:26:00","modified_gmt":"2026-02-15T17:26:00","slug":"jr-d8","status":"publish","type":"product","link":"https:\/\/vorulagerinn.is\/en\/product\/jr-d8\/","title":{"rendered":"\u00der\u00e1\u00f0laust h\u00e1lsband me\u00f0 30 klst spilun \u00e1 einni hle\u00f0slu, BT 5,4, Dual tengingu og IP54 vatnsv\u00f6rn"},"content":{"rendered":"<p>1. \u03c614.2mm dynamic Driver(PU composite diaphragm acoustic technology, powerful bass)<br \/>\n2. 30Hrs Playtime\uff08A single charge delivers days of listening\uff09<br \/>\n3. Dual Connection (supports connecting to 2 devices wirelessly)<br \/>\n4. Low latency technology (sound and picture in sync, 65ms low latency)<br \/>\n5.AI-Enhanced Clear Calls ( An AI algorithm ensure that your voice is always heard clearly on calls)<br \/>\n6.Magnetic Design\uff08 Built-in magnets clasp the earpieces together for easy carrying and wearing\uff09<br \/>\n7.BT 5.4 (higher anti-interference capability, lower consumption\uff09<br \/>\n8. Tilt design, long-lasting comfort (snug fit, more comfortable to wear)<br \/>\n9. IP54 water resistant (IP54 waterproof rating, withstands rain and sweat)<\/p>\n","protected":false},"excerpt":{"rendered":"<p>\u00d6flugt h\u00e1lsband (heyrnart\u00f3l) me\u00f0 g\u00f3\u00f0um hlj\u00f3mg\u00e6\u00f0um og bassa sem veitir g\u00f3\u00f0a t\u00f3nlistarupplifun. H\u00e1lsbandi\u00f0 er me\u00f0 allt a\u00f0 30 klst spilun \u00e1 einni hle\u00f0slu og um 24 klst \u00ed tali. \u00dea\u00f0 er h\u00e6gt a\u00f0 tengja h\u00e1lsbandi\u00f0 vi\u00f0 tv\u00f6 t\u00e6ki (dual connection) \u00ed gegnum n\u00fdjustu \u00fatg\u00e1fu af Bluetooth 5,4 sem gerir tenginguna enn betri, st\u00f6\u00f0ugri og \u00f3a\u00f0finnanlegan hlj\u00f3\u00f0flutning allt a\u00f0 10 metra fr\u00e1 t\u00e6kinu. \u00c1 h\u00e1lsbandinu er fjarst\u00fdring til a\u00f0 skipta um l\u00f6g, svara s\u00edmt\u00f6lum, h\u00e6kka og l\u00e6kka \u00ed hlj\u00f3\u00f0i.<\/p>\n<p>AI t\u00e6kni er \u00ed heyrnart\u00f3lunum sem tryggir a\u00f0 \u00fea\u00f0 heyrist vel \u00ed \u00fe\u00e9r \u00feegar tala\u00f0 er \u00ed s\u00edma. Heyrnart\u00f3lin eru a\u00f0eins 20 gr\u00f6mm og eru me\u00f0 IP54 vantsv\u00f6rn sem \u00feola rigningu og svita. Aftan \u00e1 t\u00f6ppunum er segull sem heldur \u00feeim saman \u00feegar heyrnart\u00f3lin eru ekki \u00ed notkun.<\/p>\n<p>&#8211; Litur: Svartur<br \/>\n&#8211; \u00deyngd: 20 gr\u00f6mm<br \/>\n&#8211; Spilun: Allt a\u00f0 30 klst og 24 klst \u00ed tali<br \/>\n&#8211; H\u00e6gt a\u00f0 tengja tv\u00f6 t\u00e6ki vi\u00f0 heyrnart\u00f3lin (dual connection)<br \/>\n&#8211; Bluetooth: 5,4 (n\u00fdjasta \u00fatg\u00e1fan)<br \/>\n&#8211; AI t\u00e6kni sem tryggir a\u00f0 \u00fea\u00f0 heyrist vel \u00ed \u00fe\u00e9r \u00feegar \u00fe\u00fa talar \u00ed s\u00edma<br \/>\n&#8211; Tekur a\u00f0eins 2 klst a\u00f0 fullhla\u00f0a heyrnart\u00f3lin<br \/>\n&#8211; Lei\u00f0beiningar og UBS-C hle\u00f0slusn\u00fara fylgir me\u00f0<br \/>\n&#8211; Vottun: CE og Rohs<\/p>\n","protected":false},"featured_media":28629,"template":"","meta":[],"product_brand":[420],"product_cat":[435],"product_tag":[],"class_list":{"0":"post-28631","1":"product","2":"type-product","3":"status-publish","4":"has-post-thumbnail","6":"product_brand-joyroom","7":"product_cat-i-eyru-in-ear","9":"first","10":"instock","11":"sale","12":"taxable","13":"shipping-taxable","14":"purchasable","15":"product-type-simple"},"supplier_id":null,"supplier_sku":"","barcode":null,"atum_controlled":true,"out_stock_date":null,"out_stock_threshold":null,"inheritable":false,"inbound_stock":0,"stock_on_hold":0,"sold_today":0,"sales_last_days":0,"reserved_stock":0,"customer_returns":0,"warehouse_damage":0,"lost_in_post":0,"other_logs":0,"out_stock_days":0,"lost_sales":0,"has_location":false,"update_date":"2026-04-13T00:15:21","atum_locations":[],"atum_stock_status":"instock","restock_status":false,"low_stock_amount":"","sales_update_date":"2026-04-13T00:15:21","calc_backorders":null,"yoast_head":"<!-- This site is optimized with the Yoast SEO Premium plugin v26.6 (Yoast SEO v27.3) - https:\/\/yoast.com\/product\/yoast-seo-premium-wordpress\/ -->\n<title>\u00der\u00e1\u00f0laust h\u00e1lsband me\u00f0 30 klst spilun | BT 5,4 | Dual tengingu<\/title>\n<meta name=\"description\" content=\"\u00d6flug heyrnart\u00f3l me\u00f0 g\u00f3\u00f0um hlj\u00f3mg\u00e6\u00f0um &amp; bassa. Allt a\u00f0 30 klst spilun \u00e1 einni hle\u00f0slu. H\u00e6gt a\u00f0 tengja h\u00e1lsbandi\u00f0 vi\u00f0 tv\u00f6 t\u00e6ki (dual connection), BT 5,4\" \/>\n<meta name=\"robots\" content=\"index, follow, max-snippet:-1, max-image-preview:large, max-video-preview:-1\" \/>\n<link rel=\"canonical\" href=\"https:\/\/vorulagerinn.is\/product\/jr-d8\/\" \/>\n<meta property=\"og:locale\" content=\"en_US\" \/>\n<meta property=\"og:type\" content=\"article\" \/>\n<meta property=\"og:title\" content=\"\u00der\u00e1\u00f0laust h\u00e1lsband me\u00f0 30 klst spilun \u00e1 einni hle\u00f0slu, BT 5,4, Dual tengingu og IP54 vatnsv\u00f6rn\" \/>\n<meta property=\"og:description\" content=\"\u00d6flug heyrnart\u00f3l me\u00f0 g\u00f3\u00f0um hlj\u00f3mg\u00e6\u00f0um &amp; bassa. Allt a\u00f0 30 klst spilun \u00e1 einni hle\u00f0slu. H\u00e6gt a\u00f0 tengja h\u00e1lsbandi\u00f0 vi\u00f0 tv\u00f6 t\u00e6ki (dual connection), BT 5,4\" \/>\n<meta property=\"og:url\" content=\"https:\/\/vorulagerinn.is\/product\/jr-d8\/\" \/>\n<meta property=\"og:site_name\" content=\"V&ouml;rulagerinn\" \/>\n<meta property=\"article:publisher\" content=\"https:\/\/www.facebook.com\/vorulagerinn\" \/>\n<meta property=\"article:modified_time\" content=\"2026-02-15T17:26:00+00:00\" \/>\n<meta property=\"og:image\" content=\"https:\/\/vorulagerinn.is\/wp-content\/uploads\/2025\/09\/JR-D8-1.jpg\" \/>\n\t<meta property=\"og:image:width\" content=\"600\" \/>\n\t<meta property=\"og:image:height\" content=\"600\" \/>\n\t<meta property=\"og:image:type\" content=\"image\/jpeg\" \/>\n<meta name=\"twitter:card\" content=\"summary_large_image\" \/>\n<meta name=\"twitter:label1\" content=\"Price\" \/>\n\t<meta name=\"twitter:data1\" content=\"4.620&nbsp;kr.\" \/>\n\t<meta name=\"twitter:label2\" content=\"Availability\" \/>\n\t<meta name=\"twitter:data2\" content=\"In stock\" \/>\n<script type=\"application\/ld+json\" class=\"yoast-schema-graph\">{\"@context\":\"https:\\\/\\\/schema.org\",\"@graph\":[{\"@type\":\"WebPage\",\"@id\":\"https:\\\/\\\/vorulagerinn.is\\\/product\\\/jr-d8\\\/\",\"url\":\"https:\\\/\\\/vorulagerinn.is\\\/product\\\/jr-d8\\\/\",\"name\":\"\u00der\u00e1\u00f0laust h\u00e1lsband me\u00f0 30 klst spilun | BT 5,4 | Dual tengingu\",\"isPartOf\":{\"@id\":\"https:\\\/\\\/vorulagerinn.is\\\/#website\"},\"primaryImageOfPage\":{\"@id\":\"https:\\\/\\\/vorulagerinn.is\\\/product\\\/jr-d8\\\/#primaryimage\"},\"image\":{\"@id\":\"https:\\\/\\\/vorulagerinn.is\\\/product\\\/jr-d8\\\/#primaryimage\"},\"thumbnailUrl\":\"https:\\\/\\\/vorulagerinn.is\\\/wp-content\\\/uploads\\\/2025\\\/09\\\/JR-D8-1.jpg\",\"datePublished\":\"2025-07-27T10:12:17+00:00\",\"dateModified\":\"2026-02-15T17:26:00+00:00\",\"description\":\"\u00d6flug heyrnart\u00f3l me\u00f0 g\u00f3\u00f0um hlj\u00f3mg\u00e6\u00f0um & bassa. Allt a\u00f0 30 klst spilun \u00e1 einni hle\u00f0slu. H\u00e6gt a\u00f0 tengja h\u00e1lsbandi\u00f0 vi\u00f0 tv\u00f6 t\u00e6ki (dual connection), BT 5,4\",\"breadcrumb\":{\"@id\":\"https:\\\/\\\/vorulagerinn.is\\\/product\\\/jr-d8\\\/#breadcrumb\"},\"inLanguage\":\"en-US\",\"potentialAction\":[{\"@type\":\"ReadAction\",\"target\":[\"https:\\\/\\\/vorulagerinn.is\\\/product\\\/jr-d8\\\/\"]}]},{\"@type\":\"ImageObject\",\"inLanguage\":\"en-US\",\"@id\":\"https:\\\/\\\/vorulagerinn.is\\\/product\\\/jr-d8\\\/#primaryimage\",\"url\":\"https:\\\/\\\/vorulagerinn.is\\\/wp-content\\\/uploads\\\/2025\\\/09\\\/JR-D8-1.jpg\",\"contentUrl\":\"https:\\\/\\\/vorulagerinn.is\\\/wp-content\\\/uploads\\\/2025\\\/09\\\/JR-D8-1.jpg\",\"width\":600,\"height\":600},{\"@type\":\"BreadcrumbList\",\"@id\":\"https:\\\/\\\/vorulagerinn.is\\\/product\\\/jr-d8\\\/#breadcrumb\",\"itemListElement\":[{\"@type\":\"ListItem\",\"position\":1,\"name\":\"Home\",\"item\":\"https:\\\/\\\/vorulagerinn.is\\\/\"},{\"@type\":\"ListItem\",\"position\":2,\"name\":\"Shop\",\"item\":\"https:\\\/\\\/vorulagerinn.is\\\/en\\\/shop\\\/\"},{\"@type\":\"ListItem\",\"position\":3,\"name\":\"\u00der\u00e1\u00f0laust h\u00e1lsband me\u00f0 30 klst spilun \u00e1 einni hle\u00f0slu, BT 5,4, Dual tengingu og IP54 vatnsv\u00f6rn\"}]},{\"@type\":\"WebSite\",\"@id\":\"https:\\\/\\\/vorulagerinn.is\\\/#website\",\"url\":\"https:\\\/\\\/vorulagerinn.is\\\/\",\"name\":\"V\u00f6rulagerinn\",\"description\":\"L\u00e1ttu \u00fea\u00f0 eftir \u00fe\u00e9r\",\"publisher\":{\"@id\":\"https:\\\/\\\/vorulagerinn.is\\\/#organization\"},\"potentialAction\":[{\"@type\":\"SearchAction\",\"target\":{\"@type\":\"EntryPoint\",\"urlTemplate\":\"https:\\\/\\\/vorulagerinn.is\\\/?s={search_term_string}\"},\"query-input\":{\"@type\":\"PropertyValueSpecification\",\"valueRequired\":true,\"valueName\":\"search_term_string\"}}],\"inLanguage\":\"en-US\"},{\"@type\":\"Organization\",\"@id\":\"https:\\\/\\\/vorulagerinn.is\\\/#organization\",\"name\":\"V\u00f6rulagerinn\",\"url\":\"https:\\\/\\\/vorulagerinn.is\\\/\",\"logo\":{\"@type\":\"ImageObject\",\"inLanguage\":\"en-US\",\"@id\":\"https:\\\/\\\/vorulagerinn.is\\\/#\\\/schema\\\/logo\\\/image\\\/\",\"url\":\"https:\\\/\\\/vorulagerinn.is\\\/wp-content\\\/uploads\\\/2022\\\/09\\\/Vorulagerinn-Logo-588x160-1.png\",\"contentUrl\":\"https:\\\/\\\/vorulagerinn.is\\\/wp-content\\\/uploads\\\/2022\\\/09\\\/Vorulagerinn-Logo-588x160-1.png\",\"width\":588,\"height\":160,\"caption\":\"V\u00f6rulagerinn\"},\"image\":{\"@id\":\"https:\\\/\\\/vorulagerinn.is\\\/#\\\/schema\\\/logo\\\/image\\\/\"},\"sameAs\":[\"https:\\\/\\\/www.facebook.com\\\/vorulagerinn\",\"https:\\\/\\\/www.instagram.com\\\/vorulagerinn\\\/\"]}]}<\/script>\n<meta property=\"product:price:amount\" content=\"4620\" \/>\n<meta property=\"product:price:currency\" content=\"ISK\" \/>\n<meta property=\"og:availability\" content=\"instock\" \/>\n<meta property=\"product:availability\" content=\"instock\" \/>\n<meta property=\"product:retailer_item_id\" content=\"JR-D8\" \/>\n<meta property=\"product:condition\" content=\"new\" \/>\n<!-- \/ Yoast SEO Premium plugin. -->","yoast_head_json":{"title":"\u00der\u00e1\u00f0laust h\u00e1lsband me\u00f0 30 klst spilun | BT 5,4 | Dual tengingu","description":"\u00d6flug heyrnart\u00f3l me\u00f0 g\u00f3\u00f0um hlj\u00f3mg\u00e6\u00f0um & bassa. Allt a\u00f0 30 klst spilun \u00e1 einni hle\u00f0slu. H\u00e6gt a\u00f0 tengja h\u00e1lsbandi\u00f0 vi\u00f0 tv\u00f6 t\u00e6ki (dual connection), BT 5,4","robots":{"index":"index","follow":"follow","max-snippet":"max-snippet:-1","max-image-preview":"max-image-preview:large","max-video-preview":"max-video-preview:-1"},"canonical":"https:\/\/vorulagerinn.is\/product\/jr-d8\/","og_locale":"en_US","og_type":"article","og_title":"\u00der\u00e1\u00f0laust h\u00e1lsband me\u00f0 30 klst spilun \u00e1 einni hle\u00f0slu, BT 5,4, Dual tengingu og IP54 vatnsv\u00f6rn","og_description":"\u00d6flug heyrnart\u00f3l me\u00f0 g\u00f3\u00f0um hlj\u00f3mg\u00e6\u00f0um & bassa. Allt a\u00f0 30 klst spilun \u00e1 einni hle\u00f0slu. H\u00e6gt a\u00f0 tengja h\u00e1lsbandi\u00f0 vi\u00f0 tv\u00f6 t\u00e6ki (dual connection), BT 5,4","og_url":"https:\/\/vorulagerinn.is\/product\/jr-d8\/","og_site_name":"V&ouml;rulagerinn","article_publisher":"https:\/\/www.facebook.com\/vorulagerinn","article_modified_time":"2026-02-15T17:26:00+00:00","og_image":[{"width":600,"height":600,"url":"https:\/\/vorulagerinn.is\/wp-content\/uploads\/2025\/09\/JR-D8-1.jpg","type":"image\/jpeg"}],"twitter_card":"summary_large_image","twitter_misc":{"Price":"4.620&nbsp;kr.","Availability":"In stock"},"schema":{"@context":"https:\/\/schema.org","@graph":[{"@type":"WebPage","@id":"https:\/\/vorulagerinn.is\/product\/jr-d8\/","url":"https:\/\/vorulagerinn.is\/product\/jr-d8\/","name":"\u00der\u00e1\u00f0laust h\u00e1lsband me\u00f0 30 klst spilun | BT 5,4 | Dual tengingu","isPartOf":{"@id":"https:\/\/vorulagerinn.is\/#website"},"primaryImageOfPage":{"@id":"https:\/\/vorulagerinn.is\/product\/jr-d8\/#primaryimage"},"image":{"@id":"https:\/\/vorulagerinn.is\/product\/jr-d8\/#primaryimage"},"thumbnailUrl":"https:\/\/vorulagerinn.is\/wp-content\/uploads\/2025\/09\/JR-D8-1.jpg","datePublished":"2025-07-27T10:12:17+00:00","dateModified":"2026-02-15T17:26:00+00:00","description":"\u00d6flug heyrnart\u00f3l me\u00f0 g\u00f3\u00f0um hlj\u00f3mg\u00e6\u00f0um & bassa. Allt a\u00f0 30 klst spilun \u00e1 einni hle\u00f0slu. H\u00e6gt a\u00f0 tengja h\u00e1lsbandi\u00f0 vi\u00f0 tv\u00f6 t\u00e6ki (dual connection), BT 5,4","breadcrumb":{"@id":"https:\/\/vorulagerinn.is\/product\/jr-d8\/#breadcrumb"},"inLanguage":"en-US","potentialAction":[{"@type":"ReadAction","target":["https:\/\/vorulagerinn.is\/product\/jr-d8\/"]}]},{"@type":"ImageObject","inLanguage":"en-US","@id":"https:\/\/vorulagerinn.is\/product\/jr-d8\/#primaryimage","url":"https:\/\/vorulagerinn.is\/wp-content\/uploads\/2025\/09\/JR-D8-1.jpg","contentUrl":"https:\/\/vorulagerinn.is\/wp-content\/uploads\/2025\/09\/JR-D8-1.jpg","width":600,"height":600},{"@type":"BreadcrumbList","@id":"https:\/\/vorulagerinn.is\/product\/jr-d8\/#breadcrumb","itemListElement":[{"@type":"ListItem","position":1,"name":"Home","item":"https:\/\/vorulagerinn.is\/"},{"@type":"ListItem","position":2,"name":"Shop","item":"https:\/\/vorulagerinn.is\/en\/shop\/"},{"@type":"ListItem","position":3,"name":"\u00der\u00e1\u00f0laust h\u00e1lsband me\u00f0 30 klst spilun \u00e1 einni hle\u00f0slu, BT 5,4, Dual tengingu og IP54 vatnsv\u00f6rn"}]},{"@type":"WebSite","@id":"https:\/\/vorulagerinn.is\/#website","url":"https:\/\/vorulagerinn.is\/","name":"V\u00f6rulagerinn","description":"L\u00e1ttu \u00fea\u00f0 eftir \u00fe\u00e9r","publisher":{"@id":"https:\/\/vorulagerinn.is\/#organization"},"potentialAction":[{"@type":"SearchAction","target":{"@type":"EntryPoint","urlTemplate":"https:\/\/vorulagerinn.is\/?s={search_term_string}"},"query-input":{"@type":"PropertyValueSpecification","valueRequired":true,"valueName":"search_term_string"}}],"inLanguage":"en-US"},{"@type":"Organization","@id":"https:\/\/vorulagerinn.is\/#organization","name":"V\u00f6rulagerinn","url":"https:\/\/vorulagerinn.is\/","logo":{"@type":"ImageObject","inLanguage":"en-US","@id":"https:\/\/vorulagerinn.is\/#\/schema\/logo\/image\/","url":"https:\/\/vorulagerinn.is\/wp-content\/uploads\/2022\/09\/Vorulagerinn-Logo-588x160-1.png","contentUrl":"https:\/\/vorulagerinn.is\/wp-content\/uploads\/2022\/09\/Vorulagerinn-Logo-588x160-1.png","width":588,"height":160,"caption":"V\u00f6rulagerinn"},"image":{"@id":"https:\/\/vorulagerinn.is\/#\/schema\/logo\/image\/"},"sameAs":["https:\/\/www.facebook.com\/vorulagerinn","https:\/\/www.instagram.com\/vorulagerinn\/"]}]},"product_price_amount":"4620","product_price_currency":"ISK","og_availability":"instock","product_availability":"instock","product_retailer_item_id":"JR-D8","product_condition":"new"},"_links":{"self":[{"href":"https:\/\/vorulagerinn.is\/en\/wp-json\/wp\/v2\/product\/28631","targetHints":{"allow":["GET"]}}],"collection":[{"href":"https:\/\/vorulagerinn.is\/en\/wp-json\/wp\/v2\/product"}],"about":[{"href":"https:\/\/vorulagerinn.is\/en\/wp-json\/wp\/v2\/types\/product"}],"wp:featuredmedia":[{"embeddable":true,"href":"https:\/\/vorulagerinn.is\/en\/wp-json\/wp\/v2\/media\/28629"}],"wp:attachment":[{"href":"https:\/\/vorulagerinn.is\/en\/wp-json\/wp\/v2\/media?parent=28631"}],"wp:term":[{"taxonomy":"product_brand","embeddable":true,"href":"https:\/\/vorulagerinn.is\/en\/wp-json\/wp\/v2\/product_brand?post=28631"},{"taxonomy":"product_cat","embeddable":true,"href":"https:\/\/vorulagerinn.is\/en\/wp-json\/wp\/v2\/product_cat?post=28631"},{"taxonomy":"product_tag","embeddable":true,"href":"https:\/\/vorulagerinn.is\/en\/wp-json\/wp\/v2\/product_tag?post=28631"}],"curies":[{"name":"wp","href":"https:\/\/api.w.org\/{rel}","templated":true}]}}