{"id":28636,"date":"2025-07-27T10:24:35","date_gmt":"2025-07-27T10:24:35","guid":{"rendered":"https:\/\/vorulagerinn.is\/product\/fn1\/"},"modified":"2026-03-31T09:53:46","modified_gmt":"2026-03-31T09:53:46","slug":"fn1","status":"publish","type":"product","link":"https:\/\/vorulagerinn.is\/en\/product\/fn1\/","title":{"rendered":"\u00der\u00e1\u00f0laus heyrnart\u00f3l me\u00f0 allt a\u00f0 35 klst hlustun, ANC hlj\u00f3\u00f0einangrun, BT 5.4 &amp; IPX4 vatnsv\u00f6rn"},"content":{"rendered":"<p>Name: True Wireless Earbuds<br \/>\nPaired name\uff1a Joyroom Funpods FN1<br \/>\nWearing style\uff1ain ear<br \/>\nColor\uff1aBlack\u3001White<br \/>\nChip\uff1aBT8952F<br \/>\nBT version: V5.4<br \/>\nAudio decoding: AAC, SBC<br \/>\nSupported protocols: HFP, A2DP, AVRCP<br \/>\nWorking frequency: 2402MHz-2480MHz<br \/>\nFrequency response range: 20Hz-20KHz<br \/>\nEarphone Battery capacity: 35mAh<br \/>\nCase Battery capacity: 400mAh<br \/>\nSpeaker: \u03c610mm<br \/>\nMusic time\uff08ANC off\uff09: about 7h (70% volume)<br \/>\nMusic time\uff08ANC on\uff09: about 4h (70% volume)<br \/>\nCalling time: about 5h (70% volume)<br \/>\nTotal music time\uff1a35h<br \/>\nStandby time (connected): about48h<br \/>\nEarphone Power input: 5V\u2393200mA<br \/>\nCase Power input: 5V\u23931A<br \/>\nCharging port: Type-C<br \/>\nCycle counts: about 4 times<br \/>\nEarphone Charging time: about 1h<br \/>\nCase Charging time: about 1.5h<br \/>\nWaterproof\uff1aIP54<br \/>\nMaterial: ABS+PC<br \/>\nEarphone weight:3g;<br \/>\nCase weight:39g;<\/p>\n","protected":false},"excerpt":{"rendered":"<div>\u00der\u00e1\u00f0laus heyrnat\u00f3l me\u00f0 fr\u00e1b\u00e6um hlj\u00f3mg\u00e6\u00f0um, Bluetooth 5,4 (n\u00fdjasta \u00fatg\u00e1fan) og ANC h\u00e1va\u00f0adeyfingu (noice cancelling). \u00dea\u00f0 er h\u00e6gt a\u00f0 tengja tv\u00f6 t\u00e6ki vi\u00f0 heyrnat\u00f3lin (dual connection). Allt a\u00f0 35 klst hlustun me\u00f0 hle\u00f0sluboxi. \u00dea\u00f0 tekur 1 klst a\u00f0 hla\u00f0a heyrnat\u00f3lin og 10 m\u00edn hle\u00f0sla gefur 1,5 klst \u00ed hlustun.<\/div>\n<div><\/div>\n<div>Bluetooth 5.4 tenging veitir sterkari sendingu og minna tap \u00e1 hlj\u00f3mg\u00e6\u00f0um. Heyrnart\u00f3lin tengjast sj\u00e1lfkrafa \u00feegar hle\u00f0sluboxi\u00f0 er opna\u00f0. \u00deau eru me\u00f0 IPX4 vatnsv\u00f6rn (l\u00e9tt rigning &amp; svita\u00feolin). \u00dea\u00f0 er h\u00e6gt a\u00f0 stilla \u00e1 transparency mode sem gerir notanda kleift a\u00f0 heyra sk\u00fdrt \u00ed umhverfinu og vi\u00f0m\u00e6landa \u00e1n \u00feess a\u00f0 taka heyrnart\u00f3lin \u00far eyranu. \u00de\u00e1 er h\u00e6gt a\u00f0 velja \u00e1 milli classic mode e\u00f0a Bass boost \u00feegar hlusta\u00f0 er \u00e1 t\u00f3nlist, horft \u00e1 kvikmyndir e\u00f0a spila\u00f0 t\u00f6lvuleiki.<\/div>\n<p>\u2013 Litur: Hv\u00edtur<br \/>\n\u2013 ANC hlj\u00f3\u00f0einangrun (noise cancelling)<br \/>\n\u2013 Bluetooth 5.4<br \/>\n\u2013 Allt a\u00f0 35 klst (hlustun) rafhl\u00f6\u00f0uending me\u00f0 hle\u00f0sluboxi<br \/>\n\u2013 IPX4 vatnsv\u00f6rn<br \/>\n\u2013 Dual connections<br \/>\n\u2013 Lei\u00f0beiningar og USB-C hle\u00f0slusn\u00fara fylgja me\u00f0<br \/>\n\u2013 Vottun: CE &amp; ROHS<\/p>\n","protected":false},"featured_media":28632,"template":"","meta":[],"product_brand":[420],"product_cat":[435],"product_tag":[],"class_list":{"0":"post-28636","1":"product","2":"type-product","3":"status-publish","4":"has-post-thumbnail","6":"product_brand-joyroom","7":"product_cat-i-eyru-in-ear","9":"first","10":"instock","11":"sale","12":"taxable","13":"shipping-taxable","14":"purchasable","15":"product-type-simple"},"supplier_id":null,"supplier_sku":"","barcode":null,"atum_controlled":true,"out_stock_date":null,"out_stock_threshold":null,"inheritable":false,"inbound_stock":0,"stock_on_hold":0,"sold_today":0,"sales_last_days":0,"reserved_stock":0,"customer_returns":0,"warehouse_damage":0,"lost_in_post":0,"other_logs":0,"out_stock_days":0,"lost_sales":0,"has_location":false,"update_date":"2026-04-19T00:23:31","atum_locations":[],"atum_stock_status":"instock","restock_status":false,"low_stock_amount":"","sales_update_date":"2026-04-19T00:23:31","calc_backorders":null,"yoast_head":"<!-- This site is optimized with the Yoast SEO Premium plugin v26.6 (Yoast SEO v27.3) - https:\/\/yoast.com\/product\/yoast-seo-premium-wordpress\/ -->\n<title>\u00der\u00e1\u00f0laus heyrnart\u00f3l | 35 klst hlustun | ANC hlj\u00f3\u00f0einangrun | BT 5.4<\/title>\n<meta name=\"description\" content=\"Heyrnat\u00f3l me\u00f0 fr\u00e1b\u00e6um hlj\u00f3mg\u00e6\u00f0um, Bluetooth 5,4 (n\u00fdjasta \u00fatg\u00e1fan) og ANC h\u00e1va\u00f0adeyfingu. Dual connection og allt a\u00f0 35 klst hlustun me\u00f0 hle\u00f0sluboxi.\" \/>\n<meta name=\"robots\" content=\"index, follow, max-snippet:-1, max-image-preview:large, max-video-preview:-1\" \/>\n<link rel=\"canonical\" href=\"https:\/\/vorulagerinn.is\/product\/fn1\/\" \/>\n<meta property=\"og:locale\" content=\"en_US\" \/>\n<meta property=\"og:type\" content=\"article\" \/>\n<meta property=\"og:title\" content=\"\u00der\u00e1\u00f0laus heyrnart\u00f3l me\u00f0 allt a\u00f0 35 klst hlustun, ANC hlj\u00f3\u00f0einangrun, BT 5.4 &amp; IPX4 vatnsv\u00f6rn\" \/>\n<meta property=\"og:description\" content=\"Heyrnat\u00f3l me\u00f0 fr\u00e1b\u00e6um hlj\u00f3mg\u00e6\u00f0um, Bluetooth 5,4 (n\u00fdjasta \u00fatg\u00e1fan) og ANC h\u00e1va\u00f0adeyfingu. Dual connection og allt a\u00f0 35 klst hlustun me\u00f0 hle\u00f0sluboxi.\" \/>\n<meta property=\"og:url\" content=\"https:\/\/vorulagerinn.is\/product\/fn1\/\" \/>\n<meta property=\"og:site_name\" content=\"V&ouml;rulagerinn\" \/>\n<meta property=\"article:publisher\" content=\"https:\/\/www.facebook.com\/vorulagerinn\" \/>\n<meta property=\"article:modified_time\" content=\"2026-03-31T09:53:46+00:00\" \/>\n<meta property=\"og:image\" content=\"https:\/\/vorulagerinn.is\/wp-content\/uploads\/2025\/09\/JT-FN1.jpg\" \/>\n\t<meta property=\"og:image:width\" content=\"600\" \/>\n\t<meta property=\"og:image:height\" content=\"600\" \/>\n\t<meta property=\"og:image:type\" content=\"image\/jpeg\" \/>\n<meta name=\"twitter:card\" content=\"summary_large_image\" \/>\n<meta name=\"twitter:label1\" content=\"Price\" \/>\n\t<meta name=\"twitter:data1\" content=\"8.890&nbsp;kr.\" \/>\n\t<meta name=\"twitter:label2\" content=\"Availability\" \/>\n\t<meta name=\"twitter:data2\" content=\"In stock\" \/>\n<script type=\"application\/ld+json\" class=\"yoast-schema-graph\">{\"@context\":\"https:\\\/\\\/schema.org\",\"@graph\":[{\"@type\":\"WebPage\",\"@id\":\"https:\\\/\\\/vorulagerinn.is\\\/product\\\/fn1\\\/\",\"url\":\"https:\\\/\\\/vorulagerinn.is\\\/product\\\/fn1\\\/\",\"name\":\"\u00der\u00e1\u00f0laus heyrnart\u00f3l | 35 klst hlustun | ANC hlj\u00f3\u00f0einangrun | BT 5.4\",\"isPartOf\":{\"@id\":\"https:\\\/\\\/vorulagerinn.is\\\/#website\"},\"primaryImageOfPage\":{\"@id\":\"https:\\\/\\\/vorulagerinn.is\\\/product\\\/fn1\\\/#primaryimage\"},\"image\":{\"@id\":\"https:\\\/\\\/vorulagerinn.is\\\/product\\\/fn1\\\/#primaryimage\"},\"thumbnailUrl\":\"https:\\\/\\\/vorulagerinn.is\\\/wp-content\\\/uploads\\\/2025\\\/09\\\/JT-FN1.jpg\",\"datePublished\":\"2025-07-27T10:24:35+00:00\",\"dateModified\":\"2026-03-31T09:53:46+00:00\",\"description\":\"Heyrnat\u00f3l me\u00f0 fr\u00e1b\u00e6um hlj\u00f3mg\u00e6\u00f0um, Bluetooth 5,4 (n\u00fdjasta \u00fatg\u00e1fan) og ANC h\u00e1va\u00f0adeyfingu. Dual connection og allt a\u00f0 35 klst hlustun me\u00f0 hle\u00f0sluboxi.\",\"breadcrumb\":{\"@id\":\"https:\\\/\\\/vorulagerinn.is\\\/product\\\/fn1\\\/#breadcrumb\"},\"inLanguage\":\"en-US\",\"potentialAction\":[{\"@type\":\"ReadAction\",\"target\":[\"https:\\\/\\\/vorulagerinn.is\\\/product\\\/fn1\\\/\"]}]},{\"@type\":\"ImageObject\",\"inLanguage\":\"en-US\",\"@id\":\"https:\\\/\\\/vorulagerinn.is\\\/product\\\/fn1\\\/#primaryimage\",\"url\":\"https:\\\/\\\/vorulagerinn.is\\\/wp-content\\\/uploads\\\/2025\\\/09\\\/JT-FN1.jpg\",\"contentUrl\":\"https:\\\/\\\/vorulagerinn.is\\\/wp-content\\\/uploads\\\/2025\\\/09\\\/JT-FN1.jpg\",\"width\":600,\"height\":600},{\"@type\":\"BreadcrumbList\",\"@id\":\"https:\\\/\\\/vorulagerinn.is\\\/product\\\/fn1\\\/#breadcrumb\",\"itemListElement\":[{\"@type\":\"ListItem\",\"position\":1,\"name\":\"Home\",\"item\":\"https:\\\/\\\/vorulagerinn.is\\\/\"},{\"@type\":\"ListItem\",\"position\":2,\"name\":\"Shop\",\"item\":\"https:\\\/\\\/vorulagerinn.is\\\/en\\\/shop\\\/\"},{\"@type\":\"ListItem\",\"position\":3,\"name\":\"\u00der\u00e1\u00f0laus heyrnart\u00f3l me\u00f0 allt a\u00f0 35 klst hlustun, ANC hlj\u00f3\u00f0einangrun, BT 5.4 &amp; IPX4 vatnsv\u00f6rn\"}]},{\"@type\":\"WebSite\",\"@id\":\"https:\\\/\\\/vorulagerinn.is\\\/#website\",\"url\":\"https:\\\/\\\/vorulagerinn.is\\\/\",\"name\":\"V\u00f6rulagerinn\",\"description\":\"L\u00e1ttu \u00fea\u00f0 eftir \u00fe\u00e9r\",\"publisher\":{\"@id\":\"https:\\\/\\\/vorulagerinn.is\\\/#organization\"},\"potentialAction\":[{\"@type\":\"SearchAction\",\"target\":{\"@type\":\"EntryPoint\",\"urlTemplate\":\"https:\\\/\\\/vorulagerinn.is\\\/?s={search_term_string}\"},\"query-input\":{\"@type\":\"PropertyValueSpecification\",\"valueRequired\":true,\"valueName\":\"search_term_string\"}}],\"inLanguage\":\"en-US\"},{\"@type\":\"Organization\",\"@id\":\"https:\\\/\\\/vorulagerinn.is\\\/#organization\",\"name\":\"V\u00f6rulagerinn\",\"url\":\"https:\\\/\\\/vorulagerinn.is\\\/\",\"logo\":{\"@type\":\"ImageObject\",\"inLanguage\":\"en-US\",\"@id\":\"https:\\\/\\\/vorulagerinn.is\\\/#\\\/schema\\\/logo\\\/image\\\/\",\"url\":\"https:\\\/\\\/vorulagerinn.is\\\/wp-content\\\/uploads\\\/2022\\\/09\\\/Vorulagerinn-Logo-588x160-1.png\",\"contentUrl\":\"https:\\\/\\\/vorulagerinn.is\\\/wp-content\\\/uploads\\\/2022\\\/09\\\/Vorulagerinn-Logo-588x160-1.png\",\"width\":588,\"height\":160,\"caption\":\"V\u00f6rulagerinn\"},\"image\":{\"@id\":\"https:\\\/\\\/vorulagerinn.is\\\/#\\\/schema\\\/logo\\\/image\\\/\"},\"sameAs\":[\"https:\\\/\\\/www.facebook.com\\\/vorulagerinn\",\"https:\\\/\\\/www.instagram.com\\\/vorulagerinn\\\/\"]}]}<\/script>\n<meta property=\"product:price:amount\" content=\"8890\" \/>\n<meta property=\"product:price:currency\" content=\"ISK\" \/>\n<meta property=\"og:availability\" content=\"instock\" \/>\n<meta property=\"product:availability\" content=\"instock\" \/>\n<meta property=\"product:retailer_item_id\" content=\"JR-FN1\" \/>\n<meta property=\"product:condition\" content=\"new\" \/>\n<!-- \/ Yoast SEO Premium plugin. -->","yoast_head_json":{"title":"\u00der\u00e1\u00f0laus heyrnart\u00f3l | 35 klst hlustun | ANC hlj\u00f3\u00f0einangrun | BT 5.4","description":"Heyrnat\u00f3l me\u00f0 fr\u00e1b\u00e6um hlj\u00f3mg\u00e6\u00f0um, Bluetooth 5,4 (n\u00fdjasta \u00fatg\u00e1fan) og ANC h\u00e1va\u00f0adeyfingu. Dual connection og allt a\u00f0 35 klst hlustun me\u00f0 hle\u00f0sluboxi.","robots":{"index":"index","follow":"follow","max-snippet":"max-snippet:-1","max-image-preview":"max-image-preview:large","max-video-preview":"max-video-preview:-1"},"canonical":"https:\/\/vorulagerinn.is\/product\/fn1\/","og_locale":"en_US","og_type":"article","og_title":"\u00der\u00e1\u00f0laus heyrnart\u00f3l me\u00f0 allt a\u00f0 35 klst hlustun, ANC hlj\u00f3\u00f0einangrun, BT 5.4 &amp; IPX4 vatnsv\u00f6rn","og_description":"Heyrnat\u00f3l me\u00f0 fr\u00e1b\u00e6um hlj\u00f3mg\u00e6\u00f0um, Bluetooth 5,4 (n\u00fdjasta \u00fatg\u00e1fan) og ANC h\u00e1va\u00f0adeyfingu. Dual connection og allt a\u00f0 35 klst hlustun me\u00f0 hle\u00f0sluboxi.","og_url":"https:\/\/vorulagerinn.is\/product\/fn1\/","og_site_name":"V&ouml;rulagerinn","article_publisher":"https:\/\/www.facebook.com\/vorulagerinn","article_modified_time":"2026-03-31T09:53:46+00:00","og_image":[{"width":600,"height":600,"url":"https:\/\/vorulagerinn.is\/wp-content\/uploads\/2025\/09\/JT-FN1.jpg","type":"image\/jpeg"}],"twitter_card":"summary_large_image","twitter_misc":{"Price":"8.890&nbsp;kr.","Availability":"In stock"},"schema":{"@context":"https:\/\/schema.org","@graph":[{"@type":"WebPage","@id":"https:\/\/vorulagerinn.is\/product\/fn1\/","url":"https:\/\/vorulagerinn.is\/product\/fn1\/","name":"\u00der\u00e1\u00f0laus heyrnart\u00f3l | 35 klst hlustun | ANC hlj\u00f3\u00f0einangrun | BT 5.4","isPartOf":{"@id":"https:\/\/vorulagerinn.is\/#website"},"primaryImageOfPage":{"@id":"https:\/\/vorulagerinn.is\/product\/fn1\/#primaryimage"},"image":{"@id":"https:\/\/vorulagerinn.is\/product\/fn1\/#primaryimage"},"thumbnailUrl":"https:\/\/vorulagerinn.is\/wp-content\/uploads\/2025\/09\/JT-FN1.jpg","datePublished":"2025-07-27T10:24:35+00:00","dateModified":"2026-03-31T09:53:46+00:00","description":"Heyrnat\u00f3l me\u00f0 fr\u00e1b\u00e6um hlj\u00f3mg\u00e6\u00f0um, Bluetooth 5,4 (n\u00fdjasta \u00fatg\u00e1fan) og ANC h\u00e1va\u00f0adeyfingu. Dual connection og allt a\u00f0 35 klst hlustun me\u00f0 hle\u00f0sluboxi.","breadcrumb":{"@id":"https:\/\/vorulagerinn.is\/product\/fn1\/#breadcrumb"},"inLanguage":"en-US","potentialAction":[{"@type":"ReadAction","target":["https:\/\/vorulagerinn.is\/product\/fn1\/"]}]},{"@type":"ImageObject","inLanguage":"en-US","@id":"https:\/\/vorulagerinn.is\/product\/fn1\/#primaryimage","url":"https:\/\/vorulagerinn.is\/wp-content\/uploads\/2025\/09\/JT-FN1.jpg","contentUrl":"https:\/\/vorulagerinn.is\/wp-content\/uploads\/2025\/09\/JT-FN1.jpg","width":600,"height":600},{"@type":"BreadcrumbList","@id":"https:\/\/vorulagerinn.is\/product\/fn1\/#breadcrumb","itemListElement":[{"@type":"ListItem","position":1,"name":"Home","item":"https:\/\/vorulagerinn.is\/"},{"@type":"ListItem","position":2,"name":"Shop","item":"https:\/\/vorulagerinn.is\/en\/shop\/"},{"@type":"ListItem","position":3,"name":"\u00der\u00e1\u00f0laus heyrnart\u00f3l me\u00f0 allt a\u00f0 35 klst hlustun, ANC hlj\u00f3\u00f0einangrun, BT 5.4 &amp; IPX4 vatnsv\u00f6rn"}]},{"@type":"WebSite","@id":"https:\/\/vorulagerinn.is\/#website","url":"https:\/\/vorulagerinn.is\/","name":"V\u00f6rulagerinn","description":"L\u00e1ttu \u00fea\u00f0 eftir \u00fe\u00e9r","publisher":{"@id":"https:\/\/vorulagerinn.is\/#organization"},"potentialAction":[{"@type":"SearchAction","target":{"@type":"EntryPoint","urlTemplate":"https:\/\/vorulagerinn.is\/?s={search_term_string}"},"query-input":{"@type":"PropertyValueSpecification","valueRequired":true,"valueName":"search_term_string"}}],"inLanguage":"en-US"},{"@type":"Organization","@id":"https:\/\/vorulagerinn.is\/#organization","name":"V\u00f6rulagerinn","url":"https:\/\/vorulagerinn.is\/","logo":{"@type":"ImageObject","inLanguage":"en-US","@id":"https:\/\/vorulagerinn.is\/#\/schema\/logo\/image\/","url":"https:\/\/vorulagerinn.is\/wp-content\/uploads\/2022\/09\/Vorulagerinn-Logo-588x160-1.png","contentUrl":"https:\/\/vorulagerinn.is\/wp-content\/uploads\/2022\/09\/Vorulagerinn-Logo-588x160-1.png","width":588,"height":160,"caption":"V\u00f6rulagerinn"},"image":{"@id":"https:\/\/vorulagerinn.is\/#\/schema\/logo\/image\/"},"sameAs":["https:\/\/www.facebook.com\/vorulagerinn","https:\/\/www.instagram.com\/vorulagerinn\/"]}]},"product_price_amount":"8890","product_price_currency":"ISK","og_availability":"instock","product_availability":"instock","product_retailer_item_id":"JR-FN1","product_condition":"new"},"_links":{"self":[{"href":"https:\/\/vorulagerinn.is\/en\/wp-json\/wp\/v2\/product\/28636","targetHints":{"allow":["GET"]}}],"collection":[{"href":"https:\/\/vorulagerinn.is\/en\/wp-json\/wp\/v2\/product"}],"about":[{"href":"https:\/\/vorulagerinn.is\/en\/wp-json\/wp\/v2\/types\/product"}],"wp:featuredmedia":[{"embeddable":true,"href":"https:\/\/vorulagerinn.is\/en\/wp-json\/wp\/v2\/media\/28632"}],"wp:attachment":[{"href":"https:\/\/vorulagerinn.is\/en\/wp-json\/wp\/v2\/media?parent=28636"}],"wp:term":[{"taxonomy":"product_brand","embeddable":true,"href":"https:\/\/vorulagerinn.is\/en\/wp-json\/wp\/v2\/product_brand?post=28636"},{"taxonomy":"product_cat","embeddable":true,"href":"https:\/\/vorulagerinn.is\/en\/wp-json\/wp\/v2\/product_cat?post=28636"},{"taxonomy":"product_tag","embeddable":true,"href":"https:\/\/vorulagerinn.is\/en\/wp-json\/wp\/v2\/product_tag?post=28636"}],"curies":[{"name":"wp","href":"https:\/\/api.w.org\/{rel}","templated":true}]}}