{"id":28659,"date":"2025-07-27T09:52:17","date_gmt":"2025-07-27T09:52:17","guid":{"rendered":"https:\/\/vorulagerinn.is\/product\/jr-ec06\/"},"modified":"2026-03-31T09:54:07","modified_gmt":"2026-03-31T09:54:07","slug":"jr-ec06","status":"publish","type":"product","link":"https:\/\/vorulagerinn.is\/en\/product\/jr-ec06\/","title":{"rendered":"Heyrnart\u00f3l me\u00f0 fjarst\u00fdringu \u00e1 sn\u00faru og USB-C tengi"},"content":{"rendered":"","protected":false},"excerpt":{"rendered":"<p>St\u00edlhreint og l\u00e9tt heyrnart\u00f3l me\u00f0 n\u00e6man hlj\u00f3\u00f0nema og fjarst\u00fdringu \u00e1 sn\u00faru til a\u00f0 skipta um l\u00f6g, svara s\u00edmt\u00f6lum, h\u00e6kka og l\u00e6kka \u00ed hlj\u00f3\u00f0i. Tapparnir eru \u00ed 45 gr\u00e1\u00f0u og falla vel a\u00f0 eyra og skila g\u00f3\u00f0um hlj\u00f3mum. S\u00edmt\u00f6l eru \u00ed HD. \u00dea\u00f0 er upplagt a\u00f0 nota heyrnat\u00f3lin til a\u00f0 hlusta \u00e1 hlj\u00f3\u00f0b\u00e6kur, t\u00f3nlist, horfa \u00e1 YouTube, kvikmyndir e\u00f0a til a\u00f0 spila t\u00f6lvuleiki.<\/p>\n<p>\u2013 Litur: Svartur<br \/>\n\u2013 Sn\u00fara: 1,2 metrar<br \/>\n\u2013 Tengi: USB-C<br \/>\n\u2013 Vottun: CE, ROHS &amp; UKCA<\/p>\n","protected":false},"featured_media":28655,"template":"","meta":[],"product_brand":[420],"product_cat":[435],"product_tag":[],"class_list":{"0":"post-28659","1":"product","2":"type-product","3":"status-publish","4":"has-post-thumbnail","6":"product_brand-joyroom","7":"product_cat-i-eyru-in-ear","9":"first","10":"instock","11":"sale","12":"taxable","13":"shipping-taxable","14":"purchasable","15":"product-type-simple"},"supplier_id":null,"supplier_sku":"","barcode":null,"atum_controlled":true,"out_stock_date":null,"out_stock_threshold":null,"inheritable":false,"inbound_stock":0,"stock_on_hold":0,"sold_today":0,"sales_last_days":0,"reserved_stock":0,"customer_returns":0,"warehouse_damage":0,"lost_in_post":0,"other_logs":0,"out_stock_days":0,"lost_sales":0,"has_location":false,"update_date":"2026-04-19T00:23:31","atum_locations":[],"atum_stock_status":"instock","restock_status":false,"low_stock_amount":"","sales_update_date":"2026-04-19T00:23:31","calc_backorders":null,"yoast_head":"<!-- This site is optimized with the Yoast SEO Premium plugin v26.6 (Yoast SEO v27.3) - https:\/\/yoast.com\/product\/yoast-seo-premium-wordpress\/ -->\n<title>Heyrnart\u00f3l me\u00f0 fjarst\u00fdringu \u00e1 sn\u00faru og USB-C tengi<\/title>\n<meta name=\"description\" content=\"Heyrnart\u00f3l me\u00f0 fjarst\u00fdringu \u00e1 sn\u00faru &amp; USB-C tengi sem veita \u00fe\u00e9r fr\u00e1b\u00e6r hlj\u00f3\u00f0g\u00e6\u00f0i fyrir t\u00f3nlist, hlj\u00f3\u00f0b\u00e6kur, kvikmyndir, Youtube og t\u00f6lvuleiki.\" \/>\n<meta name=\"robots\" content=\"index, follow, max-snippet:-1, max-image-preview:large, max-video-preview:-1\" \/>\n<link rel=\"canonical\" href=\"https:\/\/vorulagerinn.is\/product\/jr-ec06\/\" \/>\n<meta property=\"og:locale\" content=\"en_US\" \/>\n<meta property=\"og:type\" content=\"article\" \/>\n<meta property=\"og:title\" content=\"Heyrnart\u00f3l me\u00f0 fjarst\u00fdringu \u00e1 sn\u00faru og USB-C tengi\" \/>\n<meta property=\"og:description\" content=\"Heyrnart\u00f3l me\u00f0 fjarst\u00fdringu \u00e1 sn\u00faru &amp; USB-C tengi sem veita \u00fe\u00e9r fr\u00e1b\u00e6r hlj\u00f3\u00f0g\u00e6\u00f0i fyrir t\u00f3nlist, hlj\u00f3\u00f0b\u00e6kur, kvikmyndir, Youtube og t\u00f6lvuleiki.\" \/>\n<meta property=\"og:url\" content=\"https:\/\/vorulagerinn.is\/product\/jr-ec06\/\" \/>\n<meta property=\"og:site_name\" content=\"V&ouml;rulagerinn\" \/>\n<meta property=\"article:publisher\" content=\"https:\/\/www.facebook.com\/vorulagerinn\" \/>\n<meta property=\"article:modified_time\" content=\"2026-03-31T09:54:07+00:00\" \/>\n<meta property=\"og:image\" content=\"https:\/\/vorulagerinn.is\/wp-content\/uploads\/2025\/09\/JR-EC06-.jpg\" \/>\n\t<meta property=\"og:image:width\" content=\"600\" \/>\n\t<meta property=\"og:image:height\" content=\"600\" \/>\n\t<meta property=\"og:image:type\" content=\"image\/jpeg\" \/>\n<meta name=\"twitter:card\" content=\"summary_large_image\" \/>\n<meta name=\"twitter:label1\" content=\"Price\" \/>\n\t<meta name=\"twitter:data1\" content=\"1.750&nbsp;kr.\" \/>\n\t<meta name=\"twitter:label2\" content=\"Availability\" \/>\n\t<meta name=\"twitter:data2\" content=\"In stock\" \/>\n<script type=\"application\/ld+json\" class=\"yoast-schema-graph\">{\"@context\":\"https:\\\/\\\/schema.org\",\"@graph\":[{\"@type\":\"WebPage\",\"@id\":\"https:\\\/\\\/vorulagerinn.is\\\/product\\\/jr-ec06\\\/\",\"url\":\"https:\\\/\\\/vorulagerinn.is\\\/product\\\/jr-ec06\\\/\",\"name\":\"Heyrnart\u00f3l me\u00f0 fjarst\u00fdringu \u00e1 sn\u00faru og USB-C tengi\",\"isPartOf\":{\"@id\":\"https:\\\/\\\/vorulagerinn.is\\\/#website\"},\"primaryImageOfPage\":{\"@id\":\"https:\\\/\\\/vorulagerinn.is\\\/product\\\/jr-ec06\\\/#primaryimage\"},\"image\":{\"@id\":\"https:\\\/\\\/vorulagerinn.is\\\/product\\\/jr-ec06\\\/#primaryimage\"},\"thumbnailUrl\":\"https:\\\/\\\/vorulagerinn.is\\\/wp-content\\\/uploads\\\/2025\\\/09\\\/JR-EC06-.jpg\",\"datePublished\":\"2025-07-27T09:52:17+00:00\",\"dateModified\":\"2026-03-31T09:54:07+00:00\",\"description\":\"Heyrnart\u00f3l me\u00f0 fjarst\u00fdringu \u00e1 sn\u00faru & USB-C tengi sem veita \u00fe\u00e9r fr\u00e1b\u00e6r hlj\u00f3\u00f0g\u00e6\u00f0i fyrir t\u00f3nlist, hlj\u00f3\u00f0b\u00e6kur, kvikmyndir, Youtube og t\u00f6lvuleiki.\",\"breadcrumb\":{\"@id\":\"https:\\\/\\\/vorulagerinn.is\\\/product\\\/jr-ec06\\\/#breadcrumb\"},\"inLanguage\":\"en-US\",\"potentialAction\":[{\"@type\":\"ReadAction\",\"target\":[\"https:\\\/\\\/vorulagerinn.is\\\/product\\\/jr-ec06\\\/\"]}]},{\"@type\":\"ImageObject\",\"inLanguage\":\"en-US\",\"@id\":\"https:\\\/\\\/vorulagerinn.is\\\/product\\\/jr-ec06\\\/#primaryimage\",\"url\":\"https:\\\/\\\/vorulagerinn.is\\\/wp-content\\\/uploads\\\/2025\\\/09\\\/JR-EC06-.jpg\",\"contentUrl\":\"https:\\\/\\\/vorulagerinn.is\\\/wp-content\\\/uploads\\\/2025\\\/09\\\/JR-EC06-.jpg\",\"width\":600,\"height\":600},{\"@type\":\"BreadcrumbList\",\"@id\":\"https:\\\/\\\/vorulagerinn.is\\\/product\\\/jr-ec06\\\/#breadcrumb\",\"itemListElement\":[{\"@type\":\"ListItem\",\"position\":1,\"name\":\"Home\",\"item\":\"https:\\\/\\\/vorulagerinn.is\\\/\"},{\"@type\":\"ListItem\",\"position\":2,\"name\":\"Shop\",\"item\":\"https:\\\/\\\/vorulagerinn.is\\\/en\\\/shop\\\/\"},{\"@type\":\"ListItem\",\"position\":3,\"name\":\"Heyrnart\u00f3l me\u00f0 fjarst\u00fdringu \u00e1 sn\u00faru og USB-C tengi\"}]},{\"@type\":\"WebSite\",\"@id\":\"https:\\\/\\\/vorulagerinn.is\\\/#website\",\"url\":\"https:\\\/\\\/vorulagerinn.is\\\/\",\"name\":\"V\u00f6rulagerinn\",\"description\":\"L\u00e1ttu \u00fea\u00f0 eftir \u00fe\u00e9r\",\"publisher\":{\"@id\":\"https:\\\/\\\/vorulagerinn.is\\\/#organization\"},\"potentialAction\":[{\"@type\":\"SearchAction\",\"target\":{\"@type\":\"EntryPoint\",\"urlTemplate\":\"https:\\\/\\\/vorulagerinn.is\\\/?s={search_term_string}\"},\"query-input\":{\"@type\":\"PropertyValueSpecification\",\"valueRequired\":true,\"valueName\":\"search_term_string\"}}],\"inLanguage\":\"en-US\"},{\"@type\":\"Organization\",\"@id\":\"https:\\\/\\\/vorulagerinn.is\\\/#organization\",\"name\":\"V\u00f6rulagerinn\",\"url\":\"https:\\\/\\\/vorulagerinn.is\\\/\",\"logo\":{\"@type\":\"ImageObject\",\"inLanguage\":\"en-US\",\"@id\":\"https:\\\/\\\/vorulagerinn.is\\\/#\\\/schema\\\/logo\\\/image\\\/\",\"url\":\"https:\\\/\\\/vorulagerinn.is\\\/wp-content\\\/uploads\\\/2022\\\/09\\\/Vorulagerinn-Logo-588x160-1.png\",\"contentUrl\":\"https:\\\/\\\/vorulagerinn.is\\\/wp-content\\\/uploads\\\/2022\\\/09\\\/Vorulagerinn-Logo-588x160-1.png\",\"width\":588,\"height\":160,\"caption\":\"V\u00f6rulagerinn\"},\"image\":{\"@id\":\"https:\\\/\\\/vorulagerinn.is\\\/#\\\/schema\\\/logo\\\/image\\\/\"},\"sameAs\":[\"https:\\\/\\\/www.facebook.com\\\/vorulagerinn\",\"https:\\\/\\\/www.instagram.com\\\/vorulagerinn\\\/\"]}]}<\/script>\n<meta property=\"product:price:amount\" content=\"1750\" \/>\n<meta property=\"product:price:currency\" content=\"ISK\" \/>\n<meta property=\"og:availability\" content=\"instock\" \/>\n<meta property=\"product:availability\" content=\"instock\" \/>\n<meta property=\"product:retailer_item_id\" content=\"JR-EC06\" \/>\n<meta property=\"product:condition\" content=\"new\" \/>\n<!-- \/ Yoast SEO Premium plugin. -->","yoast_head_json":{"title":"Heyrnart\u00f3l me\u00f0 fjarst\u00fdringu \u00e1 sn\u00faru og USB-C tengi","description":"Heyrnart\u00f3l me\u00f0 fjarst\u00fdringu \u00e1 sn\u00faru & USB-C tengi sem veita \u00fe\u00e9r fr\u00e1b\u00e6r hlj\u00f3\u00f0g\u00e6\u00f0i fyrir t\u00f3nlist, hlj\u00f3\u00f0b\u00e6kur, kvikmyndir, Youtube og t\u00f6lvuleiki.","robots":{"index":"index","follow":"follow","max-snippet":"max-snippet:-1","max-image-preview":"max-image-preview:large","max-video-preview":"max-video-preview:-1"},"canonical":"https:\/\/vorulagerinn.is\/product\/jr-ec06\/","og_locale":"en_US","og_type":"article","og_title":"Heyrnart\u00f3l me\u00f0 fjarst\u00fdringu \u00e1 sn\u00faru og USB-C tengi","og_description":"Heyrnart\u00f3l me\u00f0 fjarst\u00fdringu \u00e1 sn\u00faru & USB-C tengi sem veita \u00fe\u00e9r fr\u00e1b\u00e6r hlj\u00f3\u00f0g\u00e6\u00f0i fyrir t\u00f3nlist, hlj\u00f3\u00f0b\u00e6kur, kvikmyndir, Youtube og t\u00f6lvuleiki.","og_url":"https:\/\/vorulagerinn.is\/product\/jr-ec06\/","og_site_name":"V&ouml;rulagerinn","article_publisher":"https:\/\/www.facebook.com\/vorulagerinn","article_modified_time":"2026-03-31T09:54:07+00:00","og_image":[{"width":600,"height":600,"url":"https:\/\/vorulagerinn.is\/wp-content\/uploads\/2025\/09\/JR-EC06-.jpg","type":"image\/jpeg"}],"twitter_card":"summary_large_image","twitter_misc":{"Price":"1.750&nbsp;kr.","Availability":"In stock"},"schema":{"@context":"https:\/\/schema.org","@graph":[{"@type":"WebPage","@id":"https:\/\/vorulagerinn.is\/product\/jr-ec06\/","url":"https:\/\/vorulagerinn.is\/product\/jr-ec06\/","name":"Heyrnart\u00f3l me\u00f0 fjarst\u00fdringu \u00e1 sn\u00faru og USB-C tengi","isPartOf":{"@id":"https:\/\/vorulagerinn.is\/#website"},"primaryImageOfPage":{"@id":"https:\/\/vorulagerinn.is\/product\/jr-ec06\/#primaryimage"},"image":{"@id":"https:\/\/vorulagerinn.is\/product\/jr-ec06\/#primaryimage"},"thumbnailUrl":"https:\/\/vorulagerinn.is\/wp-content\/uploads\/2025\/09\/JR-EC06-.jpg","datePublished":"2025-07-27T09:52:17+00:00","dateModified":"2026-03-31T09:54:07+00:00","description":"Heyrnart\u00f3l me\u00f0 fjarst\u00fdringu \u00e1 sn\u00faru & USB-C tengi sem veita \u00fe\u00e9r fr\u00e1b\u00e6r hlj\u00f3\u00f0g\u00e6\u00f0i fyrir t\u00f3nlist, hlj\u00f3\u00f0b\u00e6kur, kvikmyndir, Youtube og t\u00f6lvuleiki.","breadcrumb":{"@id":"https:\/\/vorulagerinn.is\/product\/jr-ec06\/#breadcrumb"},"inLanguage":"en-US","potentialAction":[{"@type":"ReadAction","target":["https:\/\/vorulagerinn.is\/product\/jr-ec06\/"]}]},{"@type":"ImageObject","inLanguage":"en-US","@id":"https:\/\/vorulagerinn.is\/product\/jr-ec06\/#primaryimage","url":"https:\/\/vorulagerinn.is\/wp-content\/uploads\/2025\/09\/JR-EC06-.jpg","contentUrl":"https:\/\/vorulagerinn.is\/wp-content\/uploads\/2025\/09\/JR-EC06-.jpg","width":600,"height":600},{"@type":"BreadcrumbList","@id":"https:\/\/vorulagerinn.is\/product\/jr-ec06\/#breadcrumb","itemListElement":[{"@type":"ListItem","position":1,"name":"Home","item":"https:\/\/vorulagerinn.is\/"},{"@type":"ListItem","position":2,"name":"Shop","item":"https:\/\/vorulagerinn.is\/en\/shop\/"},{"@type":"ListItem","position":3,"name":"Heyrnart\u00f3l me\u00f0 fjarst\u00fdringu \u00e1 sn\u00faru og USB-C tengi"}]},{"@type":"WebSite","@id":"https:\/\/vorulagerinn.is\/#website","url":"https:\/\/vorulagerinn.is\/","name":"V\u00f6rulagerinn","description":"L\u00e1ttu \u00fea\u00f0 eftir \u00fe\u00e9r","publisher":{"@id":"https:\/\/vorulagerinn.is\/#organization"},"potentialAction":[{"@type":"SearchAction","target":{"@type":"EntryPoint","urlTemplate":"https:\/\/vorulagerinn.is\/?s={search_term_string}"},"query-input":{"@type":"PropertyValueSpecification","valueRequired":true,"valueName":"search_term_string"}}],"inLanguage":"en-US"},{"@type":"Organization","@id":"https:\/\/vorulagerinn.is\/#organization","name":"V\u00f6rulagerinn","url":"https:\/\/vorulagerinn.is\/","logo":{"@type":"ImageObject","inLanguage":"en-US","@id":"https:\/\/vorulagerinn.is\/#\/schema\/logo\/image\/","url":"https:\/\/vorulagerinn.is\/wp-content\/uploads\/2022\/09\/Vorulagerinn-Logo-588x160-1.png","contentUrl":"https:\/\/vorulagerinn.is\/wp-content\/uploads\/2022\/09\/Vorulagerinn-Logo-588x160-1.png","width":588,"height":160,"caption":"V\u00f6rulagerinn"},"image":{"@id":"https:\/\/vorulagerinn.is\/#\/schema\/logo\/image\/"},"sameAs":["https:\/\/www.facebook.com\/vorulagerinn","https:\/\/www.instagram.com\/vorulagerinn\/"]}]},"product_price_amount":"1750","product_price_currency":"ISK","og_availability":"instock","product_availability":"instock","product_retailer_item_id":"JR-EC06","product_condition":"new"},"_links":{"self":[{"href":"https:\/\/vorulagerinn.is\/en\/wp-json\/wp\/v2\/product\/28659","targetHints":{"allow":["GET"]}}],"collection":[{"href":"https:\/\/vorulagerinn.is\/en\/wp-json\/wp\/v2\/product"}],"about":[{"href":"https:\/\/vorulagerinn.is\/en\/wp-json\/wp\/v2\/types\/product"}],"wp:featuredmedia":[{"embeddable":true,"href":"https:\/\/vorulagerinn.is\/en\/wp-json\/wp\/v2\/media\/28655"}],"wp:attachment":[{"href":"https:\/\/vorulagerinn.is\/en\/wp-json\/wp\/v2\/media?parent=28659"}],"wp:term":[{"taxonomy":"product_brand","embeddable":true,"href":"https:\/\/vorulagerinn.is\/en\/wp-json\/wp\/v2\/product_brand?post=28659"},{"taxonomy":"product_cat","embeddable":true,"href":"https:\/\/vorulagerinn.is\/en\/wp-json\/wp\/v2\/product_cat?post=28659"},{"taxonomy":"product_tag","embeddable":true,"href":"https:\/\/vorulagerinn.is\/en\/wp-json\/wp\/v2\/product_tag?post=28659"}],"curies":[{"name":"wp","href":"https:\/\/api.w.org\/{rel}","templated":true}]}}