{"id":28671,"date":"2025-07-27T11:55:36","date_gmt":"2025-07-27T11:55:36","guid":{"rendered":"https:\/\/vorulagerinn.is\/product\/jr-ep1\/"},"modified":"2026-03-31T09:52:05","modified_gmt":"2026-03-31T09:52:05","slug":"jr-ep1","status":"publish","type":"product","link":"https:\/\/vorulagerinn.is\/en\/product\/jr-ep1\/","title":{"rendered":"Heyrnart\u00f3l me\u00f0 fjarst\u00fdringu \u00e1 sn\u00faru me\u00f0 \u00f6flugum bassa &amp; t\u00e6rum hlj\u00f3mum"},"content":{"rendered":"","protected":false},"excerpt":{"rendered":"<p>Heyrnart\u00f3lin eru l\u00e9tt og einf\u00f6ld \u00ed notkun. \u00deau eru me\u00f0 n\u00e6man hlj\u00f3\u00f0nema og fjarst\u00fdringu \u00e1 sn\u00faru til a\u00f0 skipta um l\u00f6g, svara s\u00edmt\u00f6lum, h\u00e6kka og l\u00e6kka \u00ed hlj\u00f3\u00f0i. Tapparnir falla \u00fe\u00e6ginlega a\u00f0 eyra og skila t\u00e6rum hlj\u00f3mum (\u00f6flugur bassi). S\u00edmt\u00f6l eru \u00ed HD. \u00dea\u00f0 er upplagt a\u00f0 nota heyrnart\u00f3lin til a\u00f0 hlusta \u00e1 t\u00f3nlist, horfa \u00e1 YouTube, kvikmyndir e\u00f0a til a\u00f0 spila t\u00f6lvuleiki. \u00de\u00e1 koma \u00feau a\u00f0 g\u00f3\u00f0um notkum \u00feegar horft er \u00e1 af\u00fereyingu \u00ed Icelandair flugv\u00e9l til og fr\u00e1 \u00cdslandi.<\/p>\n<p>\u2013 Litur: Hv\u00edtur<br \/>\n\u2013 \u00deyngd: 46,5g<br \/>\n\u2013 Sn\u00fara: 1,2 metrar<br \/>\n\u2013 Tengi: 3.5mm jack<br \/>\n\u2013 Vottun: CE, ROHS og FCC<\/p>\n","protected":false},"featured_media":28667,"template":"","meta":[],"product_brand":[420],"product_cat":[378,435],"product_tag":[],"class_list":{"0":"post-28671","1":"product","2":"type-product","3":"status-publish","4":"has-post-thumbnail","6":"product_brand-joyroom","7":"product_cat-heyrnartol","8":"product_cat-i-eyru-in-ear","10":"first","11":"instock","12":"sale","13":"taxable","14":"shipping-taxable","15":"purchasable","16":"product-type-simple"},"supplier_id":null,"supplier_sku":"","barcode":null,"atum_controlled":true,"out_stock_date":null,"out_stock_threshold":null,"inheritable":false,"inbound_stock":0,"stock_on_hold":0,"sold_today":0,"sales_last_days":0,"reserved_stock":0,"customer_returns":0,"warehouse_damage":0,"lost_in_post":0,"other_logs":0,"out_stock_days":0,"lost_sales":0,"has_location":false,"update_date":"2026-04-19T00:23:31","atum_locations":[],"atum_stock_status":"instock","restock_status":false,"low_stock_amount":"","sales_update_date":"2026-04-19T00:23:31","calc_backorders":null,"yoast_head":"<!-- This site is optimized with the Yoast SEO Premium plugin v26.6 (Yoast SEO v27.3) - https:\/\/yoast.com\/product\/yoast-seo-premium-wordpress\/ -->\n<title>Heyrnart\u00f3l me\u00f0 fjarst\u00fdringu \u00e1 sn\u00faru: H\u00e1g\u00e6\u00f0a HD s\u00edmt\u00f6l &amp; \u00f6flugur bassi<\/title>\n<meta name=\"description\" content=\"Nj\u00f3ttu t\u00f3nlistar og \u00f6flugs bassa. Heyrnart\u00f3l me\u00f0 fjarst\u00fdringu er g\u00f3\u00f0ur valkostur til a\u00f0 hlusta \u00e1 t\u00f3nlist, kvikmyndir, hlj\u00f3b\u00e6kur o.fl.\" \/>\n<meta name=\"robots\" content=\"index, follow, max-snippet:-1, max-image-preview:large, max-video-preview:-1\" \/>\n<link rel=\"canonical\" href=\"https:\/\/vorulagerinn.is\/product\/jr-ep1\/\" \/>\n<meta property=\"og:locale\" content=\"en_US\" \/>\n<meta property=\"og:type\" content=\"article\" \/>\n<meta property=\"og:title\" content=\"Heyrnart\u00f3l me\u00f0 fjarst\u00fdringu \u00e1 sn\u00faru me\u00f0 \u00f6flugum bassa &amp; t\u00e6rum hlj\u00f3mum\" \/>\n<meta property=\"og:description\" content=\"Nj\u00f3ttu t\u00f3nlistar og \u00f6flugs bassa. Heyrnart\u00f3l me\u00f0 fjarst\u00fdringu er g\u00f3\u00f0ur valkostur til a\u00f0 hlusta \u00e1 t\u00f3nlist, kvikmyndir, hlj\u00f3b\u00e6kur o.fl.\" \/>\n<meta property=\"og:url\" content=\"https:\/\/vorulagerinn.is\/product\/jr-ep1\/\" \/>\n<meta property=\"og:site_name\" content=\"V&ouml;rulagerinn\" \/>\n<meta property=\"article:publisher\" content=\"https:\/\/www.facebook.com\/vorulagerinn\" \/>\n<meta property=\"article:modified_time\" content=\"2026-03-31T09:52:05+00:00\" \/>\n<meta property=\"og:image\" content=\"https:\/\/vorulagerinn.is\/wp-content\/uploads\/2025\/09\/jr-ep1.jpg\" \/>\n\t<meta property=\"og:image:width\" content=\"600\" \/>\n\t<meta property=\"og:image:height\" content=\"600\" \/>\n\t<meta property=\"og:image:type\" content=\"image\/jpeg\" \/>\n<meta name=\"twitter:card\" content=\"summary_large_image\" \/>\n<meta name=\"twitter:label1\" content=\"Price\" \/>\n\t<meta name=\"twitter:data1\" content=\"2.590&nbsp;kr.\" \/>\n\t<meta name=\"twitter:label2\" content=\"Availability\" \/>\n\t<meta name=\"twitter:data2\" content=\"In stock\" \/>\n<script type=\"application\/ld+json\" class=\"yoast-schema-graph\">{\"@context\":\"https:\\\/\\\/schema.org\",\"@graph\":[{\"@type\":\"WebPage\",\"@id\":\"https:\\\/\\\/vorulagerinn.is\\\/product\\\/jr-ep1\\\/\",\"url\":\"https:\\\/\\\/vorulagerinn.is\\\/product\\\/jr-ep1\\\/\",\"name\":\"Heyrnart\u00f3l me\u00f0 fjarst\u00fdringu \u00e1 sn\u00faru: H\u00e1g\u00e6\u00f0a HD s\u00edmt\u00f6l & \u00f6flugur bassi\",\"isPartOf\":{\"@id\":\"https:\\\/\\\/vorulagerinn.is\\\/#website\"},\"primaryImageOfPage\":{\"@id\":\"https:\\\/\\\/vorulagerinn.is\\\/product\\\/jr-ep1\\\/#primaryimage\"},\"image\":{\"@id\":\"https:\\\/\\\/vorulagerinn.is\\\/product\\\/jr-ep1\\\/#primaryimage\"},\"thumbnailUrl\":\"https:\\\/\\\/vorulagerinn.is\\\/wp-content\\\/uploads\\\/2025\\\/09\\\/jr-ep1.jpg\",\"datePublished\":\"2025-07-27T11:55:36+00:00\",\"dateModified\":\"2026-03-31T09:52:05+00:00\",\"description\":\"Nj\u00f3ttu t\u00f3nlistar og \u00f6flugs bassa. Heyrnart\u00f3l me\u00f0 fjarst\u00fdringu er g\u00f3\u00f0ur valkostur til a\u00f0 hlusta \u00e1 t\u00f3nlist, kvikmyndir, hlj\u00f3b\u00e6kur o.fl.\",\"breadcrumb\":{\"@id\":\"https:\\\/\\\/vorulagerinn.is\\\/product\\\/jr-ep1\\\/#breadcrumb\"},\"inLanguage\":\"en-US\",\"potentialAction\":[{\"@type\":\"ReadAction\",\"target\":[\"https:\\\/\\\/vorulagerinn.is\\\/product\\\/jr-ep1\\\/\"]}]},{\"@type\":\"ImageObject\",\"inLanguage\":\"en-US\",\"@id\":\"https:\\\/\\\/vorulagerinn.is\\\/product\\\/jr-ep1\\\/#primaryimage\",\"url\":\"https:\\\/\\\/vorulagerinn.is\\\/wp-content\\\/uploads\\\/2025\\\/09\\\/jr-ep1.jpg\",\"contentUrl\":\"https:\\\/\\\/vorulagerinn.is\\\/wp-content\\\/uploads\\\/2025\\\/09\\\/jr-ep1.jpg\",\"width\":600,\"height\":600},{\"@type\":\"BreadcrumbList\",\"@id\":\"https:\\\/\\\/vorulagerinn.is\\\/product\\\/jr-ep1\\\/#breadcrumb\",\"itemListElement\":[{\"@type\":\"ListItem\",\"position\":1,\"name\":\"Home\",\"item\":\"https:\\\/\\\/vorulagerinn.is\\\/\"},{\"@type\":\"ListItem\",\"position\":2,\"name\":\"Shop\",\"item\":\"https:\\\/\\\/vorulagerinn.is\\\/en\\\/shop\\\/\"},{\"@type\":\"ListItem\",\"position\":3,\"name\":\"Heyrnart\u00f3l me\u00f0 fjarst\u00fdringu \u00e1 sn\u00faru me\u00f0 \u00f6flugum bassa &amp; t\u00e6rum hlj\u00f3mum\"}]},{\"@type\":\"WebSite\",\"@id\":\"https:\\\/\\\/vorulagerinn.is\\\/#website\",\"url\":\"https:\\\/\\\/vorulagerinn.is\\\/\",\"name\":\"V\u00f6rulagerinn\",\"description\":\"L\u00e1ttu \u00fea\u00f0 eftir \u00fe\u00e9r\",\"publisher\":{\"@id\":\"https:\\\/\\\/vorulagerinn.is\\\/#organization\"},\"potentialAction\":[{\"@type\":\"SearchAction\",\"target\":{\"@type\":\"EntryPoint\",\"urlTemplate\":\"https:\\\/\\\/vorulagerinn.is\\\/?s={search_term_string}\"},\"query-input\":{\"@type\":\"PropertyValueSpecification\",\"valueRequired\":true,\"valueName\":\"search_term_string\"}}],\"inLanguage\":\"en-US\"},{\"@type\":\"Organization\",\"@id\":\"https:\\\/\\\/vorulagerinn.is\\\/#organization\",\"name\":\"V\u00f6rulagerinn\",\"url\":\"https:\\\/\\\/vorulagerinn.is\\\/\",\"logo\":{\"@type\":\"ImageObject\",\"inLanguage\":\"en-US\",\"@id\":\"https:\\\/\\\/vorulagerinn.is\\\/#\\\/schema\\\/logo\\\/image\\\/\",\"url\":\"https:\\\/\\\/vorulagerinn.is\\\/wp-content\\\/uploads\\\/2022\\\/09\\\/Vorulagerinn-Logo-588x160-1.png\",\"contentUrl\":\"https:\\\/\\\/vorulagerinn.is\\\/wp-content\\\/uploads\\\/2022\\\/09\\\/Vorulagerinn-Logo-588x160-1.png\",\"width\":588,\"height\":160,\"caption\":\"V\u00f6rulagerinn\"},\"image\":{\"@id\":\"https:\\\/\\\/vorulagerinn.is\\\/#\\\/schema\\\/logo\\\/image\\\/\"},\"sameAs\":[\"https:\\\/\\\/www.facebook.com\\\/vorulagerinn\",\"https:\\\/\\\/www.instagram.com\\\/vorulagerinn\\\/\"]}]}<\/script>\n<meta property=\"product:price:amount\" content=\"2590\" \/>\n<meta property=\"product:price:currency\" content=\"ISK\" \/>\n<meta property=\"og:availability\" content=\"instock\" \/>\n<meta property=\"product:availability\" content=\"instock\" \/>\n<meta property=\"product:retailer_item_id\" content=\"JR-EP1\" \/>\n<meta property=\"product:condition\" content=\"new\" \/>\n<!-- \/ Yoast SEO Premium plugin. -->","yoast_head_json":{"title":"Heyrnart\u00f3l me\u00f0 fjarst\u00fdringu \u00e1 sn\u00faru: H\u00e1g\u00e6\u00f0a HD s\u00edmt\u00f6l & \u00f6flugur bassi","description":"Nj\u00f3ttu t\u00f3nlistar og \u00f6flugs bassa. Heyrnart\u00f3l me\u00f0 fjarst\u00fdringu er g\u00f3\u00f0ur valkostur til a\u00f0 hlusta \u00e1 t\u00f3nlist, kvikmyndir, hlj\u00f3b\u00e6kur o.fl.","robots":{"index":"index","follow":"follow","max-snippet":"max-snippet:-1","max-image-preview":"max-image-preview:large","max-video-preview":"max-video-preview:-1"},"canonical":"https:\/\/vorulagerinn.is\/product\/jr-ep1\/","og_locale":"en_US","og_type":"article","og_title":"Heyrnart\u00f3l me\u00f0 fjarst\u00fdringu \u00e1 sn\u00faru me\u00f0 \u00f6flugum bassa &amp; t\u00e6rum hlj\u00f3mum","og_description":"Nj\u00f3ttu t\u00f3nlistar og \u00f6flugs bassa. Heyrnart\u00f3l me\u00f0 fjarst\u00fdringu er g\u00f3\u00f0ur valkostur til a\u00f0 hlusta \u00e1 t\u00f3nlist, kvikmyndir, hlj\u00f3b\u00e6kur o.fl.","og_url":"https:\/\/vorulagerinn.is\/product\/jr-ep1\/","og_site_name":"V&ouml;rulagerinn","article_publisher":"https:\/\/www.facebook.com\/vorulagerinn","article_modified_time":"2026-03-31T09:52:05+00:00","og_image":[{"width":600,"height":600,"url":"https:\/\/vorulagerinn.is\/wp-content\/uploads\/2025\/09\/jr-ep1.jpg","type":"image\/jpeg"}],"twitter_card":"summary_large_image","twitter_misc":{"Price":"2.590&nbsp;kr.","Availability":"In stock"},"schema":{"@context":"https:\/\/schema.org","@graph":[{"@type":"WebPage","@id":"https:\/\/vorulagerinn.is\/product\/jr-ep1\/","url":"https:\/\/vorulagerinn.is\/product\/jr-ep1\/","name":"Heyrnart\u00f3l me\u00f0 fjarst\u00fdringu \u00e1 sn\u00faru: H\u00e1g\u00e6\u00f0a HD s\u00edmt\u00f6l & \u00f6flugur bassi","isPartOf":{"@id":"https:\/\/vorulagerinn.is\/#website"},"primaryImageOfPage":{"@id":"https:\/\/vorulagerinn.is\/product\/jr-ep1\/#primaryimage"},"image":{"@id":"https:\/\/vorulagerinn.is\/product\/jr-ep1\/#primaryimage"},"thumbnailUrl":"https:\/\/vorulagerinn.is\/wp-content\/uploads\/2025\/09\/jr-ep1.jpg","datePublished":"2025-07-27T11:55:36+00:00","dateModified":"2026-03-31T09:52:05+00:00","description":"Nj\u00f3ttu t\u00f3nlistar og \u00f6flugs bassa. Heyrnart\u00f3l me\u00f0 fjarst\u00fdringu er g\u00f3\u00f0ur valkostur til a\u00f0 hlusta \u00e1 t\u00f3nlist, kvikmyndir, hlj\u00f3b\u00e6kur o.fl.","breadcrumb":{"@id":"https:\/\/vorulagerinn.is\/product\/jr-ep1\/#breadcrumb"},"inLanguage":"en-US","potentialAction":[{"@type":"ReadAction","target":["https:\/\/vorulagerinn.is\/product\/jr-ep1\/"]}]},{"@type":"ImageObject","inLanguage":"en-US","@id":"https:\/\/vorulagerinn.is\/product\/jr-ep1\/#primaryimage","url":"https:\/\/vorulagerinn.is\/wp-content\/uploads\/2025\/09\/jr-ep1.jpg","contentUrl":"https:\/\/vorulagerinn.is\/wp-content\/uploads\/2025\/09\/jr-ep1.jpg","width":600,"height":600},{"@type":"BreadcrumbList","@id":"https:\/\/vorulagerinn.is\/product\/jr-ep1\/#breadcrumb","itemListElement":[{"@type":"ListItem","position":1,"name":"Home","item":"https:\/\/vorulagerinn.is\/"},{"@type":"ListItem","position":2,"name":"Shop","item":"https:\/\/vorulagerinn.is\/en\/shop\/"},{"@type":"ListItem","position":3,"name":"Heyrnart\u00f3l me\u00f0 fjarst\u00fdringu \u00e1 sn\u00faru me\u00f0 \u00f6flugum bassa &amp; t\u00e6rum hlj\u00f3mum"}]},{"@type":"WebSite","@id":"https:\/\/vorulagerinn.is\/#website","url":"https:\/\/vorulagerinn.is\/","name":"V\u00f6rulagerinn","description":"L\u00e1ttu \u00fea\u00f0 eftir \u00fe\u00e9r","publisher":{"@id":"https:\/\/vorulagerinn.is\/#organization"},"potentialAction":[{"@type":"SearchAction","target":{"@type":"EntryPoint","urlTemplate":"https:\/\/vorulagerinn.is\/?s={search_term_string}"},"query-input":{"@type":"PropertyValueSpecification","valueRequired":true,"valueName":"search_term_string"}}],"inLanguage":"en-US"},{"@type":"Organization","@id":"https:\/\/vorulagerinn.is\/#organization","name":"V\u00f6rulagerinn","url":"https:\/\/vorulagerinn.is\/","logo":{"@type":"ImageObject","inLanguage":"en-US","@id":"https:\/\/vorulagerinn.is\/#\/schema\/logo\/image\/","url":"https:\/\/vorulagerinn.is\/wp-content\/uploads\/2022\/09\/Vorulagerinn-Logo-588x160-1.png","contentUrl":"https:\/\/vorulagerinn.is\/wp-content\/uploads\/2022\/09\/Vorulagerinn-Logo-588x160-1.png","width":588,"height":160,"caption":"V\u00f6rulagerinn"},"image":{"@id":"https:\/\/vorulagerinn.is\/#\/schema\/logo\/image\/"},"sameAs":["https:\/\/www.facebook.com\/vorulagerinn","https:\/\/www.instagram.com\/vorulagerinn\/"]}]},"product_price_amount":"2590","product_price_currency":"ISK","og_availability":"instock","product_availability":"instock","product_retailer_item_id":"JR-EP1","product_condition":"new"},"_links":{"self":[{"href":"https:\/\/vorulagerinn.is\/en\/wp-json\/wp\/v2\/product\/28671","targetHints":{"allow":["GET"]}}],"collection":[{"href":"https:\/\/vorulagerinn.is\/en\/wp-json\/wp\/v2\/product"}],"about":[{"href":"https:\/\/vorulagerinn.is\/en\/wp-json\/wp\/v2\/types\/product"}],"wp:featuredmedia":[{"embeddable":true,"href":"https:\/\/vorulagerinn.is\/en\/wp-json\/wp\/v2\/media\/28667"}],"wp:attachment":[{"href":"https:\/\/vorulagerinn.is\/en\/wp-json\/wp\/v2\/media?parent=28671"}],"wp:term":[{"taxonomy":"product_brand","embeddable":true,"href":"https:\/\/vorulagerinn.is\/en\/wp-json\/wp\/v2\/product_brand?post=28671"},{"taxonomy":"product_cat","embeddable":true,"href":"https:\/\/vorulagerinn.is\/en\/wp-json\/wp\/v2\/product_cat?post=28671"},{"taxonomy":"product_tag","embeddable":true,"href":"https:\/\/vorulagerinn.is\/en\/wp-json\/wp\/v2\/product_tag?post=28671"}],"curies":[{"name":"wp","href":"https:\/\/api.w.org\/{rel}","templated":true}]}}