{"id":28684,"date":"2025-07-27T12:10:18","date_gmt":"2025-07-27T12:10:18","guid":{"rendered":"https:\/\/vorulagerinn.is\/product\/jr-ew03\/"},"modified":"2026-03-31T09:51:43","modified_gmt":"2026-03-31T09:51:43","slug":"jr-ew03","status":"publish","type":"product","link":"https:\/\/vorulagerinn.is\/en\/product\/jr-ew03\/","title":{"rendered":"Heyrnart\u00f3l me\u00f0 fjarst\u00fdringu \u00e1 sn\u00faru og 45 gr\u00e1\u00f0u tappa sem falla \u00fe\u00e6gilega a\u00f0 eyra. \u00d6flugur bassi og t\u00e6rir hlj\u00f3mar"},"content":{"rendered":"","protected":false},"excerpt":{"rendered":"<p>Heyrnart\u00f3lin eru l\u00e9tt og einf\u00f6ld \u00ed notkun. \u00deau eru me\u00f0 n\u00e6man hlj\u00f3\u00f0nema og fjarst\u00fdringu \u00e1 sn\u00faru til a\u00f0 skipta um l\u00f6g, svara s\u00edmt\u00f6lum, h\u00e6kka og l\u00e6kka \u00ed hlj\u00f3\u00f0i. Tapparnir eru \u00ed 45 gr\u00e1\u00f0u beygju og falla \u00fe\u00e6ginlega a\u00f0 eyra og skila t\u00e6rum hlj\u00f3mum \u00e1samt \u00f6flugum bassahlj\u00f3mum. S\u00edmt\u00f6l eru \u00ed HD. \u00dea\u00f0 er upplagt a\u00f0 nota heyrnart\u00f3lin til a\u00f0 hlusta \u00e1 t\u00f3nlist, horfa \u00e1 YouTube, \u00fe\u00e6tti og kvikmyndir e\u00f0a til a\u00f0 spila t\u00f6lvuleiki.<\/p>\n<p>\u00de\u00e1 koma \u00feau a\u00f0 g\u00f3\u00f0um notkum \u00feegar horft er \u00e1 af\u00fereyingu \u00ed Icelandair flugv\u00e9l til og fr\u00e1 \u00cdslandi.<\/p>\n<p>\u2013 Litur: Svartur<br \/>\n\u2013 Sn\u00fara: 1,2 metrar<br \/>\n\u2013 Tengi: 3.5mm jack<br \/>\n\u2013 2x auka tappar fylgja me\u00f0<br \/>\n\u2013 T\u00e6rir hlj\u00f3mar og \u00f6flugur bassi<br \/>\n\u2013 Efni: J\u00e1rn og ABS<br \/>\n\u2013 Vottun: CE, ROHS og UKCA<\/p>\n","protected":false},"featured_media":28672,"template":"","meta":[],"product_brand":[420],"product_cat":[435],"product_tag":[],"class_list":{"0":"post-28684","1":"product","2":"type-product","3":"status-publish","4":"has-post-thumbnail","6":"product_brand-joyroom","7":"product_cat-i-eyru-in-ear","9":"first","10":"instock","11":"sale","12":"taxable","13":"shipping-taxable","14":"purchasable","15":"product-type-variable"},"supplier_id":null,"supplier_sku":"","barcode":null,"atum_controlled":true,"out_stock_date":null,"out_stock_threshold":null,"inheritable":true,"inbound_stock":0,"stock_on_hold":0,"sold_today":0,"sales_last_days":0,"reserved_stock":0,"customer_returns":0,"warehouse_damage":0,"lost_in_post":0,"other_logs":0,"out_stock_days":0,"lost_sales":0,"has_location":false,"update_date":"2026-04-19T00:23:33","atum_locations":[],"atum_stock_status":"instock","restock_status":false,"low_stock_amount":"","sales_update_date":"2026-04-19T00:23:33","calc_backorders":null,"yoast_head":"<!-- This site is optimized with the Yoast SEO Premium plugin v26.6 (Yoast SEO v27.3) - https:\/\/yoast.com\/product\/yoast-seo-premium-wordpress\/ -->\n<title>Heyrnart\u00f3l me\u00f0 fjarst\u00fdringu \u00e1 sn\u00faru | 45 gr\u00e1\u00f0u tappar | T\u00e6rir hlj\u00f3mar<\/title>\n<meta name=\"description\" content=\"Heyrnart\u00f3l me\u00f0 45 gr\u00e1\u00f0u tappa sem fara vel \u00ed eyra og fjarst\u00fdringu \u00e1 sn\u00faru! \u00deau eru l\u00e9tt, einf\u00f6ld \u00ed notkun me\u00f0 \u00f6flugum bassa og t\u00e6rum hlj\u00f3mum.\" \/>\n<meta name=\"robots\" content=\"index, follow, max-snippet:-1, max-image-preview:large, max-video-preview:-1\" \/>\n<link rel=\"canonical\" href=\"https:\/\/vorulagerinn.is\/product\/jr-ew03\/\" \/>\n<meta property=\"og:locale\" content=\"en_US\" \/>\n<meta property=\"og:type\" content=\"article\" \/>\n<meta property=\"og:title\" content=\"Heyrnart\u00f3l me\u00f0 fjarst\u00fdringu \u00e1 sn\u00faru og 45 gr\u00e1\u00f0u tappa sem falla \u00fe\u00e6gilega a\u00f0 eyra. \u00d6flugur bassi og t\u00e6rir hlj\u00f3mar\" \/>\n<meta property=\"og:description\" content=\"Heyrnart\u00f3l me\u00f0 45 gr\u00e1\u00f0u tappa sem fara vel \u00ed eyra og fjarst\u00fdringu \u00e1 sn\u00faru! \u00deau eru l\u00e9tt, einf\u00f6ld \u00ed notkun me\u00f0 \u00f6flugum bassa og t\u00e6rum hlj\u00f3mum.\" \/>\n<meta property=\"og:url\" content=\"https:\/\/vorulagerinn.is\/product\/jr-ew03\/\" \/>\n<meta property=\"og:site_name\" content=\"V&ouml;rulagerinn\" \/>\n<meta property=\"article:publisher\" content=\"https:\/\/www.facebook.com\/vorulagerinn\" \/>\n<meta property=\"article:modified_time\" content=\"2026-03-31T09:51:43+00:00\" \/>\n<meta property=\"og:image\" content=\"https:\/\/vorulagerinn.is\/wp-content\/uploads\/2025\/09\/JR-EW03l_6.jpg\" \/>\n\t<meta property=\"og:image:width\" content=\"600\" \/>\n\t<meta property=\"og:image:height\" content=\"600\" \/>\n\t<meta property=\"og:image:type\" content=\"image\/jpeg\" \/>\n<meta name=\"twitter:card\" content=\"summary_large_image\" \/>\n<meta name=\"twitter:label1\" content=\"Availability\" \/>\n\t<meta name=\"twitter:data1\" content=\"In stock\" \/>\n<script type=\"application\/ld+json\" class=\"yoast-schema-graph\">{\"@context\":\"https:\\\/\\\/schema.org\",\"@graph\":[{\"@type\":\"WebPage\",\"@id\":\"https:\\\/\\\/vorulagerinn.is\\\/product\\\/jr-ew03\\\/\",\"url\":\"https:\\\/\\\/vorulagerinn.is\\\/product\\\/jr-ew03\\\/\",\"name\":\"Heyrnart\u00f3l me\u00f0 fjarst\u00fdringu \u00e1 sn\u00faru | 45 gr\u00e1\u00f0u tappar | T\u00e6rir hlj\u00f3mar\",\"isPartOf\":{\"@id\":\"https:\\\/\\\/vorulagerinn.is\\\/#website\"},\"primaryImageOfPage\":{\"@id\":\"https:\\\/\\\/vorulagerinn.is\\\/product\\\/jr-ew03\\\/#primaryimage\"},\"image\":{\"@id\":\"https:\\\/\\\/vorulagerinn.is\\\/product\\\/jr-ew03\\\/#primaryimage\"},\"thumbnailUrl\":\"https:\\\/\\\/vorulagerinn.is\\\/wp-content\\\/uploads\\\/2025\\\/09\\\/JR-EW03l_6.jpg\",\"datePublished\":\"2025-07-27T12:10:18+00:00\",\"dateModified\":\"2026-03-31T09:51:43+00:00\",\"description\":\"Heyrnart\u00f3l me\u00f0 45 gr\u00e1\u00f0u tappa sem fara vel \u00ed eyra og fjarst\u00fdringu \u00e1 sn\u00faru! \u00deau eru l\u00e9tt, einf\u00f6ld \u00ed notkun me\u00f0 \u00f6flugum bassa og t\u00e6rum hlj\u00f3mum.\",\"breadcrumb\":{\"@id\":\"https:\\\/\\\/vorulagerinn.is\\\/product\\\/jr-ew03\\\/#breadcrumb\"},\"inLanguage\":\"en-US\",\"potentialAction\":[{\"@type\":\"ReadAction\",\"target\":[\"https:\\\/\\\/vorulagerinn.is\\\/product\\\/jr-ew03\\\/\"]}]},{\"@type\":\"ImageObject\",\"inLanguage\":\"en-US\",\"@id\":\"https:\\\/\\\/vorulagerinn.is\\\/product\\\/jr-ew03\\\/#primaryimage\",\"url\":\"https:\\\/\\\/vorulagerinn.is\\\/wp-content\\\/uploads\\\/2025\\\/09\\\/JR-EW03l_6.jpg\",\"contentUrl\":\"https:\\\/\\\/vorulagerinn.is\\\/wp-content\\\/uploads\\\/2025\\\/09\\\/JR-EW03l_6.jpg\",\"width\":600,\"height\":600},{\"@type\":\"BreadcrumbList\",\"@id\":\"https:\\\/\\\/vorulagerinn.is\\\/product\\\/jr-ew03\\\/#breadcrumb\",\"itemListElement\":[{\"@type\":\"ListItem\",\"position\":1,\"name\":\"Home\",\"item\":\"https:\\\/\\\/vorulagerinn.is\\\/\"},{\"@type\":\"ListItem\",\"position\":2,\"name\":\"Shop\",\"item\":\"https:\\\/\\\/vorulagerinn.is\\\/en\\\/shop\\\/\"},{\"@type\":\"ListItem\",\"position\":3,\"name\":\"Heyrnart\u00f3l me\u00f0 fjarst\u00fdringu \u00e1 sn\u00faru og 45 gr\u00e1\u00f0u tappa sem falla \u00fe\u00e6gilega a\u00f0 eyra. \u00d6flugur bassi og t\u00e6rir hlj\u00f3mar\"}]},{\"@type\":\"WebSite\",\"@id\":\"https:\\\/\\\/vorulagerinn.is\\\/#website\",\"url\":\"https:\\\/\\\/vorulagerinn.is\\\/\",\"name\":\"V\u00f6rulagerinn\",\"description\":\"L\u00e1ttu \u00fea\u00f0 eftir \u00fe\u00e9r\",\"publisher\":{\"@id\":\"https:\\\/\\\/vorulagerinn.is\\\/#organization\"},\"potentialAction\":[{\"@type\":\"SearchAction\",\"target\":{\"@type\":\"EntryPoint\",\"urlTemplate\":\"https:\\\/\\\/vorulagerinn.is\\\/?s={search_term_string}\"},\"query-input\":{\"@type\":\"PropertyValueSpecification\",\"valueRequired\":true,\"valueName\":\"search_term_string\"}}],\"inLanguage\":\"en-US\"},{\"@type\":\"Organization\",\"@id\":\"https:\\\/\\\/vorulagerinn.is\\\/#organization\",\"name\":\"V\u00f6rulagerinn\",\"url\":\"https:\\\/\\\/vorulagerinn.is\\\/\",\"logo\":{\"@type\":\"ImageObject\",\"inLanguage\":\"en-US\",\"@id\":\"https:\\\/\\\/vorulagerinn.is\\\/#\\\/schema\\\/logo\\\/image\\\/\",\"url\":\"https:\\\/\\\/vorulagerinn.is\\\/wp-content\\\/uploads\\\/2022\\\/09\\\/Vorulagerinn-Logo-588x160-1.png\",\"contentUrl\":\"https:\\\/\\\/vorulagerinn.is\\\/wp-content\\\/uploads\\\/2022\\\/09\\\/Vorulagerinn-Logo-588x160-1.png\",\"width\":588,\"height\":160,\"caption\":\"V\u00f6rulagerinn\"},\"image\":{\"@id\":\"https:\\\/\\\/vorulagerinn.is\\\/#\\\/schema\\\/logo\\\/image\\\/\"},\"sameAs\":[\"https:\\\/\\\/www.facebook.com\\\/vorulagerinn\",\"https:\\\/\\\/www.instagram.com\\\/vorulagerinn\\\/\"]}]}<\/script>\n<meta property=\"og:availability\" content=\"instock\" \/>\n<meta property=\"product:availability\" content=\"instock\" \/>\n<meta property=\"product:retailer_item_id\" content=\"JR-EW03\" \/>\n<meta property=\"product:condition\" content=\"new\" \/>\n<!-- \/ Yoast SEO Premium plugin. -->","yoast_head_json":{"title":"Heyrnart\u00f3l me\u00f0 fjarst\u00fdringu \u00e1 sn\u00faru | 45 gr\u00e1\u00f0u tappar | T\u00e6rir hlj\u00f3mar","description":"Heyrnart\u00f3l me\u00f0 45 gr\u00e1\u00f0u tappa sem fara vel \u00ed eyra og fjarst\u00fdringu \u00e1 sn\u00faru! \u00deau eru l\u00e9tt, einf\u00f6ld \u00ed notkun me\u00f0 \u00f6flugum bassa og t\u00e6rum hlj\u00f3mum.","robots":{"index":"index","follow":"follow","max-snippet":"max-snippet:-1","max-image-preview":"max-image-preview:large","max-video-preview":"max-video-preview:-1"},"canonical":"https:\/\/vorulagerinn.is\/product\/jr-ew03\/","og_locale":"en_US","og_type":"article","og_title":"Heyrnart\u00f3l me\u00f0 fjarst\u00fdringu \u00e1 sn\u00faru og 45 gr\u00e1\u00f0u tappa sem falla \u00fe\u00e6gilega a\u00f0 eyra. \u00d6flugur bassi og t\u00e6rir hlj\u00f3mar","og_description":"Heyrnart\u00f3l me\u00f0 45 gr\u00e1\u00f0u tappa sem fara vel \u00ed eyra og fjarst\u00fdringu \u00e1 sn\u00faru! \u00deau eru l\u00e9tt, einf\u00f6ld \u00ed notkun me\u00f0 \u00f6flugum bassa og t\u00e6rum hlj\u00f3mum.","og_url":"https:\/\/vorulagerinn.is\/product\/jr-ew03\/","og_site_name":"V&ouml;rulagerinn","article_publisher":"https:\/\/www.facebook.com\/vorulagerinn","article_modified_time":"2026-03-31T09:51:43+00:00","og_image":[{"width":600,"height":600,"url":"https:\/\/vorulagerinn.is\/wp-content\/uploads\/2025\/09\/JR-EW03l_6.jpg","type":"image\/jpeg"}],"twitter_card":"summary_large_image","twitter_misc":{"Availability":"In stock"},"schema":{"@context":"https:\/\/schema.org","@graph":[{"@type":"WebPage","@id":"https:\/\/vorulagerinn.is\/product\/jr-ew03\/","url":"https:\/\/vorulagerinn.is\/product\/jr-ew03\/","name":"Heyrnart\u00f3l me\u00f0 fjarst\u00fdringu \u00e1 sn\u00faru | 45 gr\u00e1\u00f0u tappar | T\u00e6rir hlj\u00f3mar","isPartOf":{"@id":"https:\/\/vorulagerinn.is\/#website"},"primaryImageOfPage":{"@id":"https:\/\/vorulagerinn.is\/product\/jr-ew03\/#primaryimage"},"image":{"@id":"https:\/\/vorulagerinn.is\/product\/jr-ew03\/#primaryimage"},"thumbnailUrl":"https:\/\/vorulagerinn.is\/wp-content\/uploads\/2025\/09\/JR-EW03l_6.jpg","datePublished":"2025-07-27T12:10:18+00:00","dateModified":"2026-03-31T09:51:43+00:00","description":"Heyrnart\u00f3l me\u00f0 45 gr\u00e1\u00f0u tappa sem fara vel \u00ed eyra og fjarst\u00fdringu \u00e1 sn\u00faru! \u00deau eru l\u00e9tt, einf\u00f6ld \u00ed notkun me\u00f0 \u00f6flugum bassa og t\u00e6rum hlj\u00f3mum.","breadcrumb":{"@id":"https:\/\/vorulagerinn.is\/product\/jr-ew03\/#breadcrumb"},"inLanguage":"en-US","potentialAction":[{"@type":"ReadAction","target":["https:\/\/vorulagerinn.is\/product\/jr-ew03\/"]}]},{"@type":"ImageObject","inLanguage":"en-US","@id":"https:\/\/vorulagerinn.is\/product\/jr-ew03\/#primaryimage","url":"https:\/\/vorulagerinn.is\/wp-content\/uploads\/2025\/09\/JR-EW03l_6.jpg","contentUrl":"https:\/\/vorulagerinn.is\/wp-content\/uploads\/2025\/09\/JR-EW03l_6.jpg","width":600,"height":600},{"@type":"BreadcrumbList","@id":"https:\/\/vorulagerinn.is\/product\/jr-ew03\/#breadcrumb","itemListElement":[{"@type":"ListItem","position":1,"name":"Home","item":"https:\/\/vorulagerinn.is\/"},{"@type":"ListItem","position":2,"name":"Shop","item":"https:\/\/vorulagerinn.is\/en\/shop\/"},{"@type":"ListItem","position":3,"name":"Heyrnart\u00f3l me\u00f0 fjarst\u00fdringu \u00e1 sn\u00faru og 45 gr\u00e1\u00f0u tappa sem falla \u00fe\u00e6gilega a\u00f0 eyra. \u00d6flugur bassi og t\u00e6rir hlj\u00f3mar"}]},{"@type":"WebSite","@id":"https:\/\/vorulagerinn.is\/#website","url":"https:\/\/vorulagerinn.is\/","name":"V\u00f6rulagerinn","description":"L\u00e1ttu \u00fea\u00f0 eftir \u00fe\u00e9r","publisher":{"@id":"https:\/\/vorulagerinn.is\/#organization"},"potentialAction":[{"@type":"SearchAction","target":{"@type":"EntryPoint","urlTemplate":"https:\/\/vorulagerinn.is\/?s={search_term_string}"},"query-input":{"@type":"PropertyValueSpecification","valueRequired":true,"valueName":"search_term_string"}}],"inLanguage":"en-US"},{"@type":"Organization","@id":"https:\/\/vorulagerinn.is\/#organization","name":"V\u00f6rulagerinn","url":"https:\/\/vorulagerinn.is\/","logo":{"@type":"ImageObject","inLanguage":"en-US","@id":"https:\/\/vorulagerinn.is\/#\/schema\/logo\/image\/","url":"https:\/\/vorulagerinn.is\/wp-content\/uploads\/2022\/09\/Vorulagerinn-Logo-588x160-1.png","contentUrl":"https:\/\/vorulagerinn.is\/wp-content\/uploads\/2022\/09\/Vorulagerinn-Logo-588x160-1.png","width":588,"height":160,"caption":"V\u00f6rulagerinn"},"image":{"@id":"https:\/\/vorulagerinn.is\/#\/schema\/logo\/image\/"},"sameAs":["https:\/\/www.facebook.com\/vorulagerinn","https:\/\/www.instagram.com\/vorulagerinn\/"]}]},"og_availability":"instock","product_availability":"instock","product_retailer_item_id":"JR-EW03","product_condition":"new"},"_links":{"self":[{"href":"https:\/\/vorulagerinn.is\/en\/wp-json\/wp\/v2\/product\/28684","targetHints":{"allow":["GET"]}}],"collection":[{"href":"https:\/\/vorulagerinn.is\/en\/wp-json\/wp\/v2\/product"}],"about":[{"href":"https:\/\/vorulagerinn.is\/en\/wp-json\/wp\/v2\/types\/product"}],"wp:featuredmedia":[{"embeddable":true,"href":"https:\/\/vorulagerinn.is\/en\/wp-json\/wp\/v2\/media\/28672"}],"wp:attachment":[{"href":"https:\/\/vorulagerinn.is\/en\/wp-json\/wp\/v2\/media?parent=28684"}],"wp:term":[{"taxonomy":"product_brand","embeddable":true,"href":"https:\/\/vorulagerinn.is\/en\/wp-json\/wp\/v2\/product_brand?post=28684"},{"taxonomy":"product_cat","embeddable":true,"href":"https:\/\/vorulagerinn.is\/en\/wp-json\/wp\/v2\/product_cat?post=28684"},{"taxonomy":"product_tag","embeddable":true,"href":"https:\/\/vorulagerinn.is\/en\/wp-json\/wp\/v2\/product_tag?post=28684"}],"curies":[{"name":"wp","href":"https:\/\/api.w.org\/{rel}","templated":true}]}}