{"id":28725,"date":"2025-07-12T09:34:49","date_gmt":"2025-07-12T09:34:49","guid":{"rendered":"https:\/\/vorulagerinn.is\/product\/metroflex\/"},"modified":"2026-01-21T12:26:53","modified_gmt":"2026-01-21T12:26:53","slug":"metroflex","status":"publish","type":"product","link":"https:\/\/vorulagerinn.is\/en\/product\/metroflex\/","title":{"rendered":"MetroFlex Crossbody \/ mittistaska me\u00f0 g\u00f3\u00f0u geymslur\u00fdmi &amp; m\u00f6rgum v\u00f6sum"},"content":{"rendered":"<div style=\"width: 606px;\" class=\"wp-video\"><video class=\"wp-video-shortcode\" id=\"video-28725-1\" width=\"606\" height=\"1080\" preload=\"metadata\" controls=\"controls\"><source type=\"video\/mp4\" src=\"https:\/\/fodurlandid.is\/wp-content\/uploads\/2025\/07\/MR5860.mp4?_=1\" \/><a href=\"https:\/\/fodurlandid.is\/wp-content\/uploads\/2025\/07\/MR5860.mp4\">https:\/\/fodurlandid.is\/wp-content\/uploads\/2025\/07\/MR5860.mp4<\/a><\/video><\/div>\n","protected":false},"excerpt":{"rendered":"<p>Gl\u00e6sileg og r\u00famg\u00f3\u00f0 taska sem hentar b\u00e6\u00f0i sem mittistaska og Crossbody taska. Framan \u00e1 t\u00f6skunni er st\u00f3r renndur vasi. Innra r\u00fdmi t\u00f6skunnar er r\u00famgott og samanstendur af einum renndum vasa og tveimur opnum v\u00f6sum. Mi\u00f0r\u00fdmi t\u00f6skunnar er r\u00famgott en fyrirfer\u00f0al\u00edti\u00f0 vegna tv\u00f6faldri festingu beggja megin \u00e1 t\u00f6skunni. Taskan er me\u00f0 h\u00e1g\u00e6\u00f0a YKK rennil\u00e1s sem hefur mun lengri endingu. YKK rennil\u00e1sin er talinn s\u00e1 besti \u00ed heimi og er nota\u00f0ur \u00e1 l\u00faxusv\u00f6rur \u00e1 bor\u00f0 vi\u00f0 GUCCI, DIORMCM, LV o.s.frv.<\/p>\n<p>Sj\u00e1\u00f0u myndband af v\u00f6runni ne\u00f0ar \u00e1 \u00feessari s\u00ed\u00f0u.<\/p>\n<p>\u2013 Litur: Svartur<br \/>\n\u2013 St\u00e6r\u00f0: 36 x 14 x 8 cm<br \/>\n\u2013 \u00deyngd: 0,33 kg<br \/>\n\u2013 Efni: Oxford efni,PU vatnsheldni, slit\u00feoli\u00f0 og au\u00f0velt \u00ed \u00ferifum<br \/>\n\u2013 Tegund: Mittistaska \/ Crossbody taska<br \/>\n\u2013 H\u00e1g\u00e6\u00f0a YKK rennil\u00e1s<\/p>\n","protected":false},"featured_media":28715,"template":"","meta":[],"product_brand":[412],"product_cat":[437,438],"product_tag":[],"class_list":{"0":"post-28725","1":"product","2":"type-product","3":"status-publish","4":"has-post-thumbnail","6":"product_brand-mark-ryden","7":"product_cat-hlidartoskur-cross-body-bakpokar","8":"product_cat-mittistoskur","10":"first","11":"outofstock","12":"taxable","13":"shipping-taxable","14":"purchasable","15":"product-type-simple"},"supplier_id":null,"supplier_sku":"","barcode":null,"atum_controlled":true,"out_stock_date":"2026-01-21 12:26:53","out_stock_threshold":null,"inheritable":false,"inbound_stock":0,"stock_on_hold":0,"sold_today":0,"sales_last_days":0,"reserved_stock":0,"customer_returns":0,"warehouse_damage":0,"lost_in_post":0,"other_logs":0,"out_stock_days":80,"lost_sales":0,"has_location":false,"update_date":"2026-04-12T00:16:07","atum_locations":[],"atum_stock_status":"outofstock","restock_status":false,"low_stock_amount":"","sales_update_date":"2026-04-12T00:16:07","calc_backorders":null,"yoast_head":"<!-- This site is optimized with the Yoast SEO Premium plugin v26.6 (Yoast SEO v27.3) - https:\/\/yoast.com\/product\/yoast-seo-premium-wordpress\/ -->\n<title>MetroFlex Crossbody \/ mittistaska | Gott geymslur\u00fdmi &amp; YKK<\/title>\n<meta name=\"description\" content=\"MetroFlex Crossbody \/ mittistaska er me\u00f0 r\u00famg\u00f3\u00f0u innra r\u00fdmi og h\u00e1g\u00e6\u00f0a YKK rennil\u00e1sum. Taskan er r\u00famg\u00f3\u00f0 me\u00f0 m\u00f6rgum v\u00f6sum.\" \/>\n<meta name=\"robots\" content=\"index, follow, max-snippet:-1, max-image-preview:large, max-video-preview:-1\" \/>\n<link rel=\"canonical\" href=\"https:\/\/vorulagerinn.is\/product\/metroflex\/\" \/>\n<meta property=\"og:locale\" content=\"en_US\" \/>\n<meta property=\"og:type\" content=\"article\" \/>\n<meta property=\"og:title\" content=\"MetroFlex Crossbody \/ mittistaska me\u00f0 g\u00f3\u00f0u geymslur\u00fdmi &amp; m\u00f6rgum v\u00f6sum\" \/>\n<meta property=\"og:description\" content=\"MetroFlex Crossbody \/ mittistaska er me\u00f0 r\u00famg\u00f3\u00f0u innra r\u00fdmi og h\u00e1g\u00e6\u00f0a YKK rennil\u00e1sum. Taskan er r\u00famg\u00f3\u00f0 me\u00f0 m\u00f6rgum v\u00f6sum.\" \/>\n<meta property=\"og:url\" content=\"https:\/\/vorulagerinn.is\/product\/metroflex\/\" \/>\n<meta property=\"og:site_name\" content=\"V&ouml;rulagerinn\" \/>\n<meta property=\"article:publisher\" content=\"https:\/\/www.facebook.com\/vorulagerinn\" \/>\n<meta property=\"article:modified_time\" content=\"2026-01-21T12:26:53+00:00\" \/>\n<meta property=\"og:image\" content=\"https:\/\/vorulagerinn.is\/wp-content\/uploads\/2025\/09\/MR5860-Mark-Ryden_-2.jpg\" \/>\n\t<meta property=\"og:image:width\" content=\"600\" \/>\n\t<meta property=\"og:image:height\" content=\"600\" \/>\n\t<meta property=\"og:image:type\" content=\"image\/jpeg\" \/>\n<meta name=\"twitter:card\" content=\"summary_large_image\" \/>\n<meta name=\"twitter:label1\" content=\"Price\" \/>\n\t<meta name=\"twitter:data1\" content=\"9.400&nbsp;kr.\" \/>\n\t<meta name=\"twitter:label2\" content=\"Availability\" \/>\n\t<meta name=\"twitter:data2\" content=\"Out of stock\" \/>\n<script type=\"application\/ld+json\" class=\"yoast-schema-graph\">{\"@context\":\"https:\\\/\\\/schema.org\",\"@graph\":[{\"@type\":\"WebPage\",\"@id\":\"https:\\\/\\\/vorulagerinn.is\\\/product\\\/metroflex\\\/\",\"url\":\"https:\\\/\\\/vorulagerinn.is\\\/product\\\/metroflex\\\/\",\"name\":\"MetroFlex Crossbody \\\/ mittistaska | Gott geymslur\u00fdmi & YKK\",\"isPartOf\":{\"@id\":\"https:\\\/\\\/vorulagerinn.is\\\/#website\"},\"primaryImageOfPage\":{\"@id\":\"https:\\\/\\\/vorulagerinn.is\\\/product\\\/metroflex\\\/#primaryimage\"},\"image\":{\"@id\":\"https:\\\/\\\/vorulagerinn.is\\\/product\\\/metroflex\\\/#primaryimage\"},\"thumbnailUrl\":\"https:\\\/\\\/vorulagerinn.is\\\/wp-content\\\/uploads\\\/2025\\\/09\\\/MR5860-Mark-Ryden_-2.jpg\",\"datePublished\":\"2025-07-12T09:34:49+00:00\",\"dateModified\":\"2026-01-21T12:26:53+00:00\",\"description\":\"MetroFlex Crossbody \\\/ mittistaska er me\u00f0 r\u00famg\u00f3\u00f0u innra r\u00fdmi og h\u00e1g\u00e6\u00f0a YKK rennil\u00e1sum. Taskan er r\u00famg\u00f3\u00f0 me\u00f0 m\u00f6rgum v\u00f6sum.\",\"breadcrumb\":{\"@id\":\"https:\\\/\\\/vorulagerinn.is\\\/product\\\/metroflex\\\/#breadcrumb\"},\"inLanguage\":\"en-US\",\"potentialAction\":[{\"@type\":\"ReadAction\",\"target\":[\"https:\\\/\\\/vorulagerinn.is\\\/product\\\/metroflex\\\/\"]}]},{\"@type\":\"ImageObject\",\"inLanguage\":\"en-US\",\"@id\":\"https:\\\/\\\/vorulagerinn.is\\\/product\\\/metroflex\\\/#primaryimage\",\"url\":\"https:\\\/\\\/vorulagerinn.is\\\/wp-content\\\/uploads\\\/2025\\\/09\\\/MR5860-Mark-Ryden_-2.jpg\",\"contentUrl\":\"https:\\\/\\\/vorulagerinn.is\\\/wp-content\\\/uploads\\\/2025\\\/09\\\/MR5860-Mark-Ryden_-2.jpg\",\"width\":600,\"height\":600},{\"@type\":\"BreadcrumbList\",\"@id\":\"https:\\\/\\\/vorulagerinn.is\\\/product\\\/metroflex\\\/#breadcrumb\",\"itemListElement\":[{\"@type\":\"ListItem\",\"position\":1,\"name\":\"Home\",\"item\":\"https:\\\/\\\/vorulagerinn.is\\\/\"},{\"@type\":\"ListItem\",\"position\":2,\"name\":\"Shop\",\"item\":\"https:\\\/\\\/vorulagerinn.is\\\/en\\\/shop\\\/\"},{\"@type\":\"ListItem\",\"position\":3,\"name\":\"MetroFlex Crossbody \\\/ mittistaska me\u00f0 g\u00f3\u00f0u geymslur\u00fdmi &amp; m\u00f6rgum v\u00f6sum\"}]},{\"@type\":\"WebSite\",\"@id\":\"https:\\\/\\\/vorulagerinn.is\\\/#website\",\"url\":\"https:\\\/\\\/vorulagerinn.is\\\/\",\"name\":\"V\u00f6rulagerinn\",\"description\":\"L\u00e1ttu \u00fea\u00f0 eftir \u00fe\u00e9r\",\"publisher\":{\"@id\":\"https:\\\/\\\/vorulagerinn.is\\\/#organization\"},\"potentialAction\":[{\"@type\":\"SearchAction\",\"target\":{\"@type\":\"EntryPoint\",\"urlTemplate\":\"https:\\\/\\\/vorulagerinn.is\\\/?s={search_term_string}\"},\"query-input\":{\"@type\":\"PropertyValueSpecification\",\"valueRequired\":true,\"valueName\":\"search_term_string\"}}],\"inLanguage\":\"en-US\"},{\"@type\":\"Organization\",\"@id\":\"https:\\\/\\\/vorulagerinn.is\\\/#organization\",\"name\":\"V\u00f6rulagerinn\",\"url\":\"https:\\\/\\\/vorulagerinn.is\\\/\",\"logo\":{\"@type\":\"ImageObject\",\"inLanguage\":\"en-US\",\"@id\":\"https:\\\/\\\/vorulagerinn.is\\\/#\\\/schema\\\/logo\\\/image\\\/\",\"url\":\"https:\\\/\\\/vorulagerinn.is\\\/wp-content\\\/uploads\\\/2022\\\/09\\\/Vorulagerinn-Logo-588x160-1.png\",\"contentUrl\":\"https:\\\/\\\/vorulagerinn.is\\\/wp-content\\\/uploads\\\/2022\\\/09\\\/Vorulagerinn-Logo-588x160-1.png\",\"width\":588,\"height\":160,\"caption\":\"V\u00f6rulagerinn\"},\"image\":{\"@id\":\"https:\\\/\\\/vorulagerinn.is\\\/#\\\/schema\\\/logo\\\/image\\\/\"},\"sameAs\":[\"https:\\\/\\\/www.facebook.com\\\/vorulagerinn\",\"https:\\\/\\\/www.instagram.com\\\/vorulagerinn\\\/\"]}]}<\/script>\n<meta property=\"product:price:amount\" content=\"9400\" \/>\n<meta property=\"product:price:currency\" content=\"ISK\" \/>\n<meta property=\"og:availability\" content=\"out of stock\" \/>\n<meta property=\"product:availability\" content=\"out of stock\" \/>\n<meta property=\"product:retailer_item_id\" content=\"MR5860\" \/>\n<meta property=\"product:condition\" content=\"new\" \/>\n<!-- \/ Yoast SEO Premium plugin. -->","yoast_head_json":{"title":"MetroFlex Crossbody \/ mittistaska | Gott geymslur\u00fdmi & YKK","description":"MetroFlex Crossbody \/ mittistaska er me\u00f0 r\u00famg\u00f3\u00f0u innra r\u00fdmi og h\u00e1g\u00e6\u00f0a YKK rennil\u00e1sum. Taskan er r\u00famg\u00f3\u00f0 me\u00f0 m\u00f6rgum v\u00f6sum.","robots":{"index":"index","follow":"follow","max-snippet":"max-snippet:-1","max-image-preview":"max-image-preview:large","max-video-preview":"max-video-preview:-1"},"canonical":"https:\/\/vorulagerinn.is\/product\/metroflex\/","og_locale":"en_US","og_type":"article","og_title":"MetroFlex Crossbody \/ mittistaska me\u00f0 g\u00f3\u00f0u geymslur\u00fdmi &amp; m\u00f6rgum v\u00f6sum","og_description":"MetroFlex Crossbody \/ mittistaska er me\u00f0 r\u00famg\u00f3\u00f0u innra r\u00fdmi og h\u00e1g\u00e6\u00f0a YKK rennil\u00e1sum. Taskan er r\u00famg\u00f3\u00f0 me\u00f0 m\u00f6rgum v\u00f6sum.","og_url":"https:\/\/vorulagerinn.is\/product\/metroflex\/","og_site_name":"V&ouml;rulagerinn","article_publisher":"https:\/\/www.facebook.com\/vorulagerinn","article_modified_time":"2026-01-21T12:26:53+00:00","og_image":[{"width":600,"height":600,"url":"https:\/\/vorulagerinn.is\/wp-content\/uploads\/2025\/09\/MR5860-Mark-Ryden_-2.jpg","type":"image\/jpeg"}],"twitter_card":"summary_large_image","twitter_misc":{"Price":"9.400&nbsp;kr.","Availability":"Out of stock"},"schema":{"@context":"https:\/\/schema.org","@graph":[{"@type":"WebPage","@id":"https:\/\/vorulagerinn.is\/product\/metroflex\/","url":"https:\/\/vorulagerinn.is\/product\/metroflex\/","name":"MetroFlex Crossbody \/ mittistaska | Gott geymslur\u00fdmi & YKK","isPartOf":{"@id":"https:\/\/vorulagerinn.is\/#website"},"primaryImageOfPage":{"@id":"https:\/\/vorulagerinn.is\/product\/metroflex\/#primaryimage"},"image":{"@id":"https:\/\/vorulagerinn.is\/product\/metroflex\/#primaryimage"},"thumbnailUrl":"https:\/\/vorulagerinn.is\/wp-content\/uploads\/2025\/09\/MR5860-Mark-Ryden_-2.jpg","datePublished":"2025-07-12T09:34:49+00:00","dateModified":"2026-01-21T12:26:53+00:00","description":"MetroFlex Crossbody \/ mittistaska er me\u00f0 r\u00famg\u00f3\u00f0u innra r\u00fdmi og h\u00e1g\u00e6\u00f0a YKK rennil\u00e1sum. Taskan er r\u00famg\u00f3\u00f0 me\u00f0 m\u00f6rgum v\u00f6sum.","breadcrumb":{"@id":"https:\/\/vorulagerinn.is\/product\/metroflex\/#breadcrumb"},"inLanguage":"en-US","potentialAction":[{"@type":"ReadAction","target":["https:\/\/vorulagerinn.is\/product\/metroflex\/"]}]},{"@type":"ImageObject","inLanguage":"en-US","@id":"https:\/\/vorulagerinn.is\/product\/metroflex\/#primaryimage","url":"https:\/\/vorulagerinn.is\/wp-content\/uploads\/2025\/09\/MR5860-Mark-Ryden_-2.jpg","contentUrl":"https:\/\/vorulagerinn.is\/wp-content\/uploads\/2025\/09\/MR5860-Mark-Ryden_-2.jpg","width":600,"height":600},{"@type":"BreadcrumbList","@id":"https:\/\/vorulagerinn.is\/product\/metroflex\/#breadcrumb","itemListElement":[{"@type":"ListItem","position":1,"name":"Home","item":"https:\/\/vorulagerinn.is\/"},{"@type":"ListItem","position":2,"name":"Shop","item":"https:\/\/vorulagerinn.is\/en\/shop\/"},{"@type":"ListItem","position":3,"name":"MetroFlex Crossbody \/ mittistaska me\u00f0 g\u00f3\u00f0u geymslur\u00fdmi &amp; m\u00f6rgum v\u00f6sum"}]},{"@type":"WebSite","@id":"https:\/\/vorulagerinn.is\/#website","url":"https:\/\/vorulagerinn.is\/","name":"V\u00f6rulagerinn","description":"L\u00e1ttu \u00fea\u00f0 eftir \u00fe\u00e9r","publisher":{"@id":"https:\/\/vorulagerinn.is\/#organization"},"potentialAction":[{"@type":"SearchAction","target":{"@type":"EntryPoint","urlTemplate":"https:\/\/vorulagerinn.is\/?s={search_term_string}"},"query-input":{"@type":"PropertyValueSpecification","valueRequired":true,"valueName":"search_term_string"}}],"inLanguage":"en-US"},{"@type":"Organization","@id":"https:\/\/vorulagerinn.is\/#organization","name":"V\u00f6rulagerinn","url":"https:\/\/vorulagerinn.is\/","logo":{"@type":"ImageObject","inLanguage":"en-US","@id":"https:\/\/vorulagerinn.is\/#\/schema\/logo\/image\/","url":"https:\/\/vorulagerinn.is\/wp-content\/uploads\/2022\/09\/Vorulagerinn-Logo-588x160-1.png","contentUrl":"https:\/\/vorulagerinn.is\/wp-content\/uploads\/2022\/09\/Vorulagerinn-Logo-588x160-1.png","width":588,"height":160,"caption":"V\u00f6rulagerinn"},"image":{"@id":"https:\/\/vorulagerinn.is\/#\/schema\/logo\/image\/"},"sameAs":["https:\/\/www.facebook.com\/vorulagerinn","https:\/\/www.instagram.com\/vorulagerinn\/"]}]},"product_price_amount":"9400","product_price_currency":"ISK","og_availability":"out of stock","product_availability":"out of stock","product_retailer_item_id":"MR5860","product_condition":"new"},"_links":{"self":[{"href":"https:\/\/vorulagerinn.is\/en\/wp-json\/wp\/v2\/product\/28725","targetHints":{"allow":["GET"]}}],"collection":[{"href":"https:\/\/vorulagerinn.is\/en\/wp-json\/wp\/v2\/product"}],"about":[{"href":"https:\/\/vorulagerinn.is\/en\/wp-json\/wp\/v2\/types\/product"}],"wp:featuredmedia":[{"embeddable":true,"href":"https:\/\/vorulagerinn.is\/en\/wp-json\/wp\/v2\/media\/28715"}],"wp:attachment":[{"href":"https:\/\/vorulagerinn.is\/en\/wp-json\/wp\/v2\/media?parent=28725"}],"wp:term":[{"taxonomy":"product_brand","embeddable":true,"href":"https:\/\/vorulagerinn.is\/en\/wp-json\/wp\/v2\/product_brand?post=28725"},{"taxonomy":"product_cat","embeddable":true,"href":"https:\/\/vorulagerinn.is\/en\/wp-json\/wp\/v2\/product_cat?post=28725"},{"taxonomy":"product_tag","embeddable":true,"href":"https:\/\/vorulagerinn.is\/en\/wp-json\/wp\/v2\/product_tag?post=28725"}],"curies":[{"name":"wp","href":"https:\/\/api.w.org\/{rel}","templated":true}]}}