{"id":28736,"date":"2025-07-13T10:40:42","date_gmt":"2025-07-13T10:40:42","guid":{"rendered":"https:\/\/vorulagerinn.is\/product\/bulk\/"},"modified":"2026-03-09T17:19:46","modified_gmt":"2026-03-09T17:19:46","slug":"bulk","status":"publish","type":"product","link":"https:\/\/vorulagerinn.is\/en\/product\/bulk\/","title":{"rendered":"Bulk er l\u00e9ttur &amp; vatnsheldur 11,2 l\u00edtra hli\u00f0artaska \/ Crossbody bakpoki me\u00f0 h\u00e1g\u00e6\u00f0a YKK rennil\u00e1sum, g\u00f3\u00f0ri \u00f6ndun &amp; RFID kortav\u00f6rn"},"content":{"rendered":"<div style=\"width: 540px;\" class=\"wp-video\"><video class=\"wp-video-shortcode\" id=\"video-28736-1\" width=\"540\" height=\"720\" preload=\"metadata\" controls=\"controls\"><source type=\"video\/mp4\" src=\"https:\/\/fodurlandid.is\/wp-content\/uploads\/2025\/07\/MR-7633-Mark-Ryden.mp4?_=1\" \/><a href=\"https:\/\/fodurlandid.is\/wp-content\/uploads\/2025\/07\/MR-7633-Mark-Ryden.mp4\">https:\/\/fodurlandid.is\/wp-content\/uploads\/2025\/07\/MR-7633-Mark-Ryden.mp4<\/a><\/video><\/div>\n","protected":false},"excerpt":{"rendered":"<p>Gl\u00e6silegur Bulk bakpoki fr\u00e1 Mark Ryden er 11,2 l\u00edtra, vatnsheldur me\u00f0 Crossbody strappa yfir a\u00f0ra \u00f6xlina og h\u00f3lf fyrir spjaldt\u00f6lvur, s\u00edma o.fl. \u00cd t\u00f6skunni er vasi me\u00f0 RFID v\u00f6rn sem kemur \u00ed veg fyrir a\u00f0 \u00fea\u00f0 s\u00e9 h\u00e6gt a\u00f0 stela af \u00fe\u00e9r kortauppl\u00fdsingum e\u00f0a vegabr\u00e9fauppl\u00fdsingum \u00fer\u00e1\u00f0laust. Bakpokinn er me\u00f0 tv\u00f6 h\u00f3lf a\u00f0 framan. Efra h\u00f3lfi\u00f0 er r\u00famgott me\u00f0 rennil\u00e1s og getur geymt flestar st\u00e6r\u00f0ir fars\u00edma \u00e1samt festingu fyrir lykla sem er losanleg me\u00f0 smellu. Ne\u00f0ra h\u00f3lfi\u00f0 er me\u00f0 rennil\u00e1s \u00e1samt tveimur opnum v\u00f6sum. Vi\u00f0 bak t\u00f6skunar er st\u00f3rt rennt h\u00f3lf fyrir allt a\u00f0 9,7\u201d spjaldt\u00f6lvur.<\/p>\n<p>\u00dea\u00f0 er h\u00e6gt a\u00f0 opna t\u00f6skuna \u00ed 180 gr\u00e1\u00f0ur. Inni \u00ed t\u00f6skunni eru \u00fdmis h\u00f3lf, \u00fear \u00e1 me\u00f0al eitt me\u00f0 RFID v\u00f6rn og \u00fear fyrir framan er opinn r\u00famg\u00f3\u00f0ur vasi. Hinum megin a\u00f0 innan er vasi fyrir 9,7\u201d spjaldt\u00f6lvur og fyrir framan er rennt h\u00f3lf me\u00f0 neti. Mj\u00f6g skemmtileg og nett taska me\u00f0 miki\u00f0 notagildi.<\/p>\n<p>\u2013 Sj\u00e1 myndband ne\u00f0ar \u00e1 s\u00ed\u00f0u<br \/>\n\u2013 Litur: Svartur<br \/>\n\u2013 St\u00e6r\u00f0: 36cm x 24cm x 13cm<br \/>\n\u2013 \u00deyngd: 0,67 kg<br \/>\n\u2013 Efni: Oxford fabric, vatnsheldur, slit\u00feolin me\u00f0 blettav\u00f6rn<br \/>\n\u2013 H\u00e1g\u00e6\u00f0a YKK rennil\u00e1s<br \/>\n\u2013 RFID vasi me\u00f0 kortav\u00f6rn<\/p>\n","protected":false},"featured_media":28726,"template":"","meta":[],"product_brand":[412],"product_cat":[249,437],"product_tag":[],"class_list":{"0":"post-28736","1":"product","2":"type-product","3":"status-publish","4":"has-post-thumbnail","6":"product_brand-mark-ryden","7":"product_cat-bakpokar-toskur","8":"product_cat-hlidartoskur-cross-body-bakpokar","10":"first","11":"outofstock","12":"sale","13":"taxable","14":"shipping-taxable","15":"purchasable","16":"product-type-simple"},"supplier_id":null,"supplier_sku":"","barcode":null,"atum_controlled":true,"out_stock_date":null,"out_stock_threshold":null,"inheritable":false,"inbound_stock":0,"stock_on_hold":0,"sold_today":0,"sales_last_days":0,"reserved_stock":0,"customer_returns":0,"warehouse_damage":0,"lost_in_post":0,"other_logs":0,"out_stock_days":0,"lost_sales":0,"has_location":false,"update_date":"2026-04-12T00:16:07","atum_locations":[],"atum_stock_status":"outofstock","restock_status":false,"low_stock_amount":"","sales_update_date":"2026-04-12T00:16:07","calc_backorders":null,"yoast_head":"<!-- This site is optimized with the Yoast SEO Premium plugin v26.6 (Yoast SEO v27.3) - https:\/\/yoast.com\/product\/yoast-seo-premium-wordpress\/ -->\n<title>Mark Ryden Bulk \u2013 Vatnsheld hli\u00f0artaska | 11,2 L &amp; RFID kortav\u00f6rn<\/title>\n<meta name=\"description\" content=\"Bulk hli\u00f0artaskan fr\u00e1 Mark Ryden er 11,2 l\u00edtra, vatnsheld me\u00f0 YKK rennil\u00e1sa og RFID kortav\u00f6rn. Taskan er me\u00f0 h\u00f3lf fyrir spjaldt\u00f6lvur, s\u00edma o.fl.\" \/>\n<meta name=\"robots\" content=\"index, follow, max-snippet:-1, max-image-preview:large, max-video-preview:-1\" \/>\n<link rel=\"canonical\" href=\"https:\/\/vorulagerinn.is\/product\/bulk\/\" \/>\n<meta property=\"og:locale\" content=\"en_US\" \/>\n<meta property=\"og:type\" content=\"article\" \/>\n<meta property=\"og:title\" content=\"Bulk er l\u00e9ttur &amp; vatnsheldur 11,2 l\u00edtra hli\u00f0artaska \/ Crossbody bakpoki me\u00f0 h\u00e1g\u00e6\u00f0a YKK rennil\u00e1sum, g\u00f3\u00f0ri \u00f6ndun &amp; RFID kortav\u00f6rn\" \/>\n<meta property=\"og:description\" content=\"Bulk hli\u00f0artaskan fr\u00e1 Mark Ryden er 11,2 l\u00edtra, vatnsheld me\u00f0 YKK rennil\u00e1sa og RFID kortav\u00f6rn. Taskan er me\u00f0 h\u00f3lf fyrir spjaldt\u00f6lvur, s\u00edma o.fl.\" \/>\n<meta property=\"og:url\" content=\"https:\/\/vorulagerinn.is\/product\/bulk\/\" \/>\n<meta property=\"og:site_name\" content=\"V&ouml;rulagerinn\" \/>\n<meta property=\"article:publisher\" content=\"https:\/\/www.facebook.com\/vorulagerinn\" \/>\n<meta property=\"article:modified_time\" content=\"2026-03-09T17:19:46+00:00\" \/>\n<meta property=\"og:image\" content=\"https:\/\/vorulagerinn.is\/wp-content\/uploads\/2025\/09\/MR-7366_.jpg\" \/>\n\t<meta property=\"og:image:width\" content=\"600\" \/>\n\t<meta property=\"og:image:height\" content=\"600\" \/>\n\t<meta property=\"og:image:type\" content=\"image\/jpeg\" \/>\n<meta name=\"twitter:card\" content=\"summary_large_image\" \/>\n<meta name=\"twitter:label1\" content=\"Price\" \/>\n\t<meta name=\"twitter:data1\" content=\"13.360&nbsp;kr.\" \/>\n\t<meta name=\"twitter:label2\" content=\"Availability\" \/>\n\t<meta name=\"twitter:data2\" content=\"Out of stock\" \/>\n<script type=\"application\/ld+json\" class=\"yoast-schema-graph\">{\"@context\":\"https:\\\/\\\/schema.org\",\"@graph\":[{\"@type\":\"WebPage\",\"@id\":\"https:\\\/\\\/vorulagerinn.is\\\/product\\\/bulk\\\/\",\"url\":\"https:\\\/\\\/vorulagerinn.is\\\/product\\\/bulk\\\/\",\"name\":\"Mark Ryden Bulk \u2013 Vatnsheld hli\u00f0artaska | 11,2 L & RFID kortav\u00f6rn\",\"isPartOf\":{\"@id\":\"https:\\\/\\\/vorulagerinn.is\\\/#website\"},\"primaryImageOfPage\":{\"@id\":\"https:\\\/\\\/vorulagerinn.is\\\/product\\\/bulk\\\/#primaryimage\"},\"image\":{\"@id\":\"https:\\\/\\\/vorulagerinn.is\\\/product\\\/bulk\\\/#primaryimage\"},\"thumbnailUrl\":\"https:\\\/\\\/vorulagerinn.is\\\/wp-content\\\/uploads\\\/2025\\\/09\\\/MR-7366_.jpg\",\"datePublished\":\"2025-07-13T10:40:42+00:00\",\"dateModified\":\"2026-03-09T17:19:46+00:00\",\"description\":\"Bulk hli\u00f0artaskan fr\u00e1 Mark Ryden er 11,2 l\u00edtra, vatnsheld me\u00f0 YKK rennil\u00e1sa og RFID kortav\u00f6rn. Taskan er me\u00f0 h\u00f3lf fyrir spjaldt\u00f6lvur, s\u00edma o.fl.\",\"breadcrumb\":{\"@id\":\"https:\\\/\\\/vorulagerinn.is\\\/product\\\/bulk\\\/#breadcrumb\"},\"inLanguage\":\"en-US\",\"potentialAction\":[{\"@type\":\"ReadAction\",\"target\":[\"https:\\\/\\\/vorulagerinn.is\\\/product\\\/bulk\\\/\"]}]},{\"@type\":\"ImageObject\",\"inLanguage\":\"en-US\",\"@id\":\"https:\\\/\\\/vorulagerinn.is\\\/product\\\/bulk\\\/#primaryimage\",\"url\":\"https:\\\/\\\/vorulagerinn.is\\\/wp-content\\\/uploads\\\/2025\\\/09\\\/MR-7366_.jpg\",\"contentUrl\":\"https:\\\/\\\/vorulagerinn.is\\\/wp-content\\\/uploads\\\/2025\\\/09\\\/MR-7366_.jpg\",\"width\":600,\"height\":600},{\"@type\":\"BreadcrumbList\",\"@id\":\"https:\\\/\\\/vorulagerinn.is\\\/product\\\/bulk\\\/#breadcrumb\",\"itemListElement\":[{\"@type\":\"ListItem\",\"position\":1,\"name\":\"Home\",\"item\":\"https:\\\/\\\/vorulagerinn.is\\\/\"},{\"@type\":\"ListItem\",\"position\":2,\"name\":\"Shop\",\"item\":\"https:\\\/\\\/vorulagerinn.is\\\/en\\\/shop\\\/\"},{\"@type\":\"ListItem\",\"position\":3,\"name\":\"Bulk er l\u00e9ttur &amp; vatnsheldur 11,2 l\u00edtra hli\u00f0artaska \\\/ Crossbody bakpoki me\u00f0 h\u00e1g\u00e6\u00f0a YKK rennil\u00e1sum, g\u00f3\u00f0ri \u00f6ndun &amp; RFID kortav\u00f6rn\"}]},{\"@type\":\"WebSite\",\"@id\":\"https:\\\/\\\/vorulagerinn.is\\\/#website\",\"url\":\"https:\\\/\\\/vorulagerinn.is\\\/\",\"name\":\"V\u00f6rulagerinn\",\"description\":\"L\u00e1ttu \u00fea\u00f0 eftir \u00fe\u00e9r\",\"publisher\":{\"@id\":\"https:\\\/\\\/vorulagerinn.is\\\/#organization\"},\"potentialAction\":[{\"@type\":\"SearchAction\",\"target\":{\"@type\":\"EntryPoint\",\"urlTemplate\":\"https:\\\/\\\/vorulagerinn.is\\\/?s={search_term_string}\"},\"query-input\":{\"@type\":\"PropertyValueSpecification\",\"valueRequired\":true,\"valueName\":\"search_term_string\"}}],\"inLanguage\":\"en-US\"},{\"@type\":\"Organization\",\"@id\":\"https:\\\/\\\/vorulagerinn.is\\\/#organization\",\"name\":\"V\u00f6rulagerinn\",\"url\":\"https:\\\/\\\/vorulagerinn.is\\\/\",\"logo\":{\"@type\":\"ImageObject\",\"inLanguage\":\"en-US\",\"@id\":\"https:\\\/\\\/vorulagerinn.is\\\/#\\\/schema\\\/logo\\\/image\\\/\",\"url\":\"https:\\\/\\\/vorulagerinn.is\\\/wp-content\\\/uploads\\\/2022\\\/09\\\/Vorulagerinn-Logo-588x160-1.png\",\"contentUrl\":\"https:\\\/\\\/vorulagerinn.is\\\/wp-content\\\/uploads\\\/2022\\\/09\\\/Vorulagerinn-Logo-588x160-1.png\",\"width\":588,\"height\":160,\"caption\":\"V\u00f6rulagerinn\"},\"image\":{\"@id\":\"https:\\\/\\\/vorulagerinn.is\\\/#\\\/schema\\\/logo\\\/image\\\/\"},\"sameAs\":[\"https:\\\/\\\/www.facebook.com\\\/vorulagerinn\",\"https:\\\/\\\/www.instagram.com\\\/vorulagerinn\\\/\"]}]}<\/script>\n<meta property=\"product:price:amount\" content=\"13360\" \/>\n<meta property=\"product:price:currency\" content=\"ISK\" \/>\n<meta property=\"og:availability\" content=\"out of stock\" \/>\n<meta property=\"product:availability\" content=\"out of stock\" \/>\n<meta property=\"product:retailer_item_id\" content=\"MR-7633\" \/>\n<meta property=\"product:condition\" content=\"new\" \/>\n<!-- \/ Yoast SEO Premium plugin. -->","yoast_head_json":{"title":"Mark Ryden Bulk \u2013 Vatnsheld hli\u00f0artaska | 11,2 L & RFID kortav\u00f6rn","description":"Bulk hli\u00f0artaskan fr\u00e1 Mark Ryden er 11,2 l\u00edtra, vatnsheld me\u00f0 YKK rennil\u00e1sa og RFID kortav\u00f6rn. Taskan er me\u00f0 h\u00f3lf fyrir spjaldt\u00f6lvur, s\u00edma o.fl.","robots":{"index":"index","follow":"follow","max-snippet":"max-snippet:-1","max-image-preview":"max-image-preview:large","max-video-preview":"max-video-preview:-1"},"canonical":"https:\/\/vorulagerinn.is\/product\/bulk\/","og_locale":"en_US","og_type":"article","og_title":"Bulk er l\u00e9ttur &amp; vatnsheldur 11,2 l\u00edtra hli\u00f0artaska \/ Crossbody bakpoki me\u00f0 h\u00e1g\u00e6\u00f0a YKK rennil\u00e1sum, g\u00f3\u00f0ri \u00f6ndun &amp; RFID kortav\u00f6rn","og_description":"Bulk hli\u00f0artaskan fr\u00e1 Mark Ryden er 11,2 l\u00edtra, vatnsheld me\u00f0 YKK rennil\u00e1sa og RFID kortav\u00f6rn. Taskan er me\u00f0 h\u00f3lf fyrir spjaldt\u00f6lvur, s\u00edma o.fl.","og_url":"https:\/\/vorulagerinn.is\/product\/bulk\/","og_site_name":"V&ouml;rulagerinn","article_publisher":"https:\/\/www.facebook.com\/vorulagerinn","article_modified_time":"2026-03-09T17:19:46+00:00","og_image":[{"width":600,"height":600,"url":"https:\/\/vorulagerinn.is\/wp-content\/uploads\/2025\/09\/MR-7366_.jpg","type":"image\/jpeg"}],"twitter_card":"summary_large_image","twitter_misc":{"Price":"13.360&nbsp;kr.","Availability":"Out of stock"},"schema":{"@context":"https:\/\/schema.org","@graph":[{"@type":"WebPage","@id":"https:\/\/vorulagerinn.is\/product\/bulk\/","url":"https:\/\/vorulagerinn.is\/product\/bulk\/","name":"Mark Ryden Bulk \u2013 Vatnsheld hli\u00f0artaska | 11,2 L & RFID kortav\u00f6rn","isPartOf":{"@id":"https:\/\/vorulagerinn.is\/#website"},"primaryImageOfPage":{"@id":"https:\/\/vorulagerinn.is\/product\/bulk\/#primaryimage"},"image":{"@id":"https:\/\/vorulagerinn.is\/product\/bulk\/#primaryimage"},"thumbnailUrl":"https:\/\/vorulagerinn.is\/wp-content\/uploads\/2025\/09\/MR-7366_.jpg","datePublished":"2025-07-13T10:40:42+00:00","dateModified":"2026-03-09T17:19:46+00:00","description":"Bulk hli\u00f0artaskan fr\u00e1 Mark Ryden er 11,2 l\u00edtra, vatnsheld me\u00f0 YKK rennil\u00e1sa og RFID kortav\u00f6rn. Taskan er me\u00f0 h\u00f3lf fyrir spjaldt\u00f6lvur, s\u00edma o.fl.","breadcrumb":{"@id":"https:\/\/vorulagerinn.is\/product\/bulk\/#breadcrumb"},"inLanguage":"en-US","potentialAction":[{"@type":"ReadAction","target":["https:\/\/vorulagerinn.is\/product\/bulk\/"]}]},{"@type":"ImageObject","inLanguage":"en-US","@id":"https:\/\/vorulagerinn.is\/product\/bulk\/#primaryimage","url":"https:\/\/vorulagerinn.is\/wp-content\/uploads\/2025\/09\/MR-7366_.jpg","contentUrl":"https:\/\/vorulagerinn.is\/wp-content\/uploads\/2025\/09\/MR-7366_.jpg","width":600,"height":600},{"@type":"BreadcrumbList","@id":"https:\/\/vorulagerinn.is\/product\/bulk\/#breadcrumb","itemListElement":[{"@type":"ListItem","position":1,"name":"Home","item":"https:\/\/vorulagerinn.is\/"},{"@type":"ListItem","position":2,"name":"Shop","item":"https:\/\/vorulagerinn.is\/en\/shop\/"},{"@type":"ListItem","position":3,"name":"Bulk er l\u00e9ttur &amp; vatnsheldur 11,2 l\u00edtra hli\u00f0artaska \/ Crossbody bakpoki me\u00f0 h\u00e1g\u00e6\u00f0a YKK rennil\u00e1sum, g\u00f3\u00f0ri \u00f6ndun &amp; RFID kortav\u00f6rn"}]},{"@type":"WebSite","@id":"https:\/\/vorulagerinn.is\/#website","url":"https:\/\/vorulagerinn.is\/","name":"V\u00f6rulagerinn","description":"L\u00e1ttu \u00fea\u00f0 eftir \u00fe\u00e9r","publisher":{"@id":"https:\/\/vorulagerinn.is\/#organization"},"potentialAction":[{"@type":"SearchAction","target":{"@type":"EntryPoint","urlTemplate":"https:\/\/vorulagerinn.is\/?s={search_term_string}"},"query-input":{"@type":"PropertyValueSpecification","valueRequired":true,"valueName":"search_term_string"}}],"inLanguage":"en-US"},{"@type":"Organization","@id":"https:\/\/vorulagerinn.is\/#organization","name":"V\u00f6rulagerinn","url":"https:\/\/vorulagerinn.is\/","logo":{"@type":"ImageObject","inLanguage":"en-US","@id":"https:\/\/vorulagerinn.is\/#\/schema\/logo\/image\/","url":"https:\/\/vorulagerinn.is\/wp-content\/uploads\/2022\/09\/Vorulagerinn-Logo-588x160-1.png","contentUrl":"https:\/\/vorulagerinn.is\/wp-content\/uploads\/2022\/09\/Vorulagerinn-Logo-588x160-1.png","width":588,"height":160,"caption":"V\u00f6rulagerinn"},"image":{"@id":"https:\/\/vorulagerinn.is\/#\/schema\/logo\/image\/"},"sameAs":["https:\/\/www.facebook.com\/vorulagerinn","https:\/\/www.instagram.com\/vorulagerinn\/"]}]},"product_price_amount":"13360","product_price_currency":"ISK","og_availability":"out of stock","product_availability":"out of stock","product_retailer_item_id":"MR-7633","product_condition":"new"},"_links":{"self":[{"href":"https:\/\/vorulagerinn.is\/en\/wp-json\/wp\/v2\/product\/28736","targetHints":{"allow":["GET"]}}],"collection":[{"href":"https:\/\/vorulagerinn.is\/en\/wp-json\/wp\/v2\/product"}],"about":[{"href":"https:\/\/vorulagerinn.is\/en\/wp-json\/wp\/v2\/types\/product"}],"wp:featuredmedia":[{"embeddable":true,"href":"https:\/\/vorulagerinn.is\/en\/wp-json\/wp\/v2\/media\/28726"}],"wp:attachment":[{"href":"https:\/\/vorulagerinn.is\/en\/wp-json\/wp\/v2\/media?parent=28736"}],"wp:term":[{"taxonomy":"product_brand","embeddable":true,"href":"https:\/\/vorulagerinn.is\/en\/wp-json\/wp\/v2\/product_brand?post=28736"},{"taxonomy":"product_cat","embeddable":true,"href":"https:\/\/vorulagerinn.is\/en\/wp-json\/wp\/v2\/product_cat?post=28736"},{"taxonomy":"product_tag","embeddable":true,"href":"https:\/\/vorulagerinn.is\/en\/wp-json\/wp\/v2\/product_tag?post=28736"}],"curies":[{"name":"wp","href":"https:\/\/api.w.org\/{rel}","templated":true}]}}