{"id":28758,"date":"2025-07-12T14:59:08","date_gmt":"2025-07-12T14:59:08","guid":{"rendered":"https:\/\/vorulagerinn.is\/product\/clear\/"},"modified":"2026-03-09T17:19:48","modified_gmt":"2026-03-09T17:19:48","slug":"clear","status":"publish","type":"product","link":"https:\/\/vorulagerinn.is\/en\/product\/clear\/","title":{"rendered":"Clear hli\u00f0artaskan er l\u00e9tt, \u00fe\u00e6gileg &amp; vatnsheld me\u00f0 h\u00e1g\u00e6\u00f0a YKK rennil\u00e1s"},"content":{"rendered":"<div style=\"width: 540px;\" class=\"wp-video\"><video class=\"wp-video-shortcode\" id=\"video-28758-1\" width=\"540\" height=\"720\" preload=\"metadata\" controls=\"controls\"><source type=\"video\/mp4\" src=\"https:\/\/fodurlandid.is\/wp-content\/uploads\/2025\/07\/MR8518.mp4?_=1\" \/><a href=\"https:\/\/fodurlandid.is\/wp-content\/uploads\/2025\/07\/MR8518.mp4\">https:\/\/fodurlandid.is\/wp-content\/uploads\/2025\/07\/MR8518.mp4<\/a><\/video><\/div>\n","protected":false},"excerpt":{"rendered":"<p>Gl\u00e6sileg og vatnsheld hli\u00f0artaska fr\u00e1 Mark Ryden sem au\u00f0velt er a\u00f0 fer\u00f0ast me\u00f0. A\u00f0 framan er renndur r\u00famg\u00f3\u00f0ur vasi en a\u00f0 aftan er renndur r\u00famg\u00f3\u00f0ur vasi. Innra r\u00fdmi t\u00f6skunnar samanstendur af h\u00f3lfi fyrir 8\u201d spjaldt\u00f6lvu og \u00e1 m\u00f3ti er renndur vasi og gott pl\u00e1ss \u00ed r\u00fdminu \u00fear \u00e1 milli. Taskan er me\u00f0 h\u00e1g\u00e6\u00f0a YKK rennil\u00e1s sem er talinn s\u00e1 besti \u00ed heimi og er nota\u00f0ur \u00e1 l\u00faxusv\u00f6rur \u00e1 bor\u00f0 vi\u00f0 GUCCI, DIORMCM, LV o.s.frv.<\/p>\n<p>Sj\u00e1\u00f0u myndband af v\u00f6ru ne\u00f0ar \u00e1 s\u00ed\u00f0u.<\/p>\n<p>\u2013 Litur: Svartur<br \/>\n\u2013 \u00deyngd: 0,3 kg<br \/>\n\u2013 Efni: Vatnshelt Oxford<br \/>\n\u2013 St\u00e6r\u00f0: 26 x 15 x 8 cm<br \/>\n\u2013 H\u00e1g\u00e6\u00f0a YKK rennil\u00e1s<\/p>\n","protected":false},"featured_media":28750,"template":"","meta":[],"product_brand":[412],"product_cat":[437],"product_tag":[],"class_list":{"0":"post-28758","1":"product","2":"type-product","3":"status-publish","4":"has-post-thumbnail","6":"product_brand-mark-ryden","7":"product_cat-hlidartoskur-cross-body-bakpokar","9":"first","10":"outofstock","11":"sale","12":"taxable","13":"shipping-taxable","14":"purchasable","15":"product-type-simple"},"supplier_id":null,"supplier_sku":"","barcode":null,"atum_controlled":true,"out_stock_date":null,"out_stock_threshold":null,"inheritable":false,"inbound_stock":0,"stock_on_hold":0,"sold_today":0,"sales_last_days":0,"reserved_stock":0,"customer_returns":0,"warehouse_damage":0,"lost_in_post":0,"other_logs":0,"out_stock_days":0,"lost_sales":0,"has_location":false,"update_date":"2026-04-12T00:16:07","atum_locations":[],"atum_stock_status":"outofstock","restock_status":false,"low_stock_amount":"","sales_update_date":"2026-04-12T00:16:07","calc_backorders":null,"yoast_head":"<!-- This site is optimized with the Yoast SEO Premium plugin v26.6 (Yoast SEO v27.3) - https:\/\/yoast.com\/product\/yoast-seo-premium-wordpress\/ -->\n<title>Clear hli\u00f0artaskan er l\u00e9tt &amp; \u00fe\u00e6gileg me\u00f0 h\u00e1g\u00e6\u00f0a YKK rennil\u00e1sum<\/title>\n<meta name=\"description\" content=\"Gl\u00e6sileg hli\u00f0artaska fr\u00e1 Mark Ryden sem au\u00f0velt er a\u00f0 fer\u00f0ast me\u00f0. H\u00fan er me\u00f0 h\u00e1g\u00e6\u00f0a YKK rennil\u00e1sum og h\u00f3lfi fyrir t.d. 8&quot; spjaldt\u00f6lvur o.fl.\" \/>\n<meta name=\"robots\" content=\"index, follow, max-snippet:-1, max-image-preview:large, max-video-preview:-1\" \/>\n<link rel=\"canonical\" href=\"https:\/\/vorulagerinn.is\/product\/clear\/\" \/>\n<meta property=\"og:locale\" content=\"en_US\" \/>\n<meta property=\"og:type\" content=\"article\" \/>\n<meta property=\"og:title\" content=\"Clear hli\u00f0artaskan er l\u00e9tt, \u00fe\u00e6gileg &amp; vatnsheld me\u00f0 h\u00e1g\u00e6\u00f0a YKK rennil\u00e1s\" \/>\n<meta property=\"og:description\" content=\"Gl\u00e6sileg hli\u00f0artaska fr\u00e1 Mark Ryden sem au\u00f0velt er a\u00f0 fer\u00f0ast me\u00f0. H\u00fan er me\u00f0 h\u00e1g\u00e6\u00f0a YKK rennil\u00e1sum og h\u00f3lfi fyrir t.d. 8&quot; spjaldt\u00f6lvur o.fl.\" \/>\n<meta property=\"og:url\" content=\"https:\/\/vorulagerinn.is\/product\/clear\/\" \/>\n<meta property=\"og:site_name\" content=\"V&ouml;rulagerinn\" \/>\n<meta property=\"article:publisher\" content=\"https:\/\/www.facebook.com\/vorulagerinn\" \/>\n<meta property=\"article:modified_time\" content=\"2026-03-09T17:19:48+00:00\" \/>\n<meta property=\"og:image\" content=\"https:\/\/vorulagerinn.is\/wp-content\/uploads\/2025\/09\/MR-8518-Mark-Ryden_-1.jpg\" \/>\n\t<meta property=\"og:image:width\" content=\"600\" \/>\n\t<meta property=\"og:image:height\" content=\"600\" \/>\n\t<meta property=\"og:image:type\" content=\"image\/jpeg\" \/>\n<meta name=\"twitter:card\" content=\"summary_large_image\" \/>\n<meta name=\"twitter:label1\" content=\"Price\" \/>\n\t<meta name=\"twitter:data1\" content=\"9.360&nbsp;kr.\" \/>\n\t<meta name=\"twitter:label2\" content=\"Availability\" \/>\n\t<meta name=\"twitter:data2\" content=\"Out of stock\" \/>\n<script type=\"application\/ld+json\" class=\"yoast-schema-graph\">{\"@context\":\"https:\\\/\\\/schema.org\",\"@graph\":[{\"@type\":\"WebPage\",\"@id\":\"https:\\\/\\\/vorulagerinn.is\\\/product\\\/clear\\\/\",\"url\":\"https:\\\/\\\/vorulagerinn.is\\\/product\\\/clear\\\/\",\"name\":\"Clear hli\u00f0artaskan er l\u00e9tt & \u00fe\u00e6gileg me\u00f0 h\u00e1g\u00e6\u00f0a YKK rennil\u00e1sum\",\"isPartOf\":{\"@id\":\"https:\\\/\\\/vorulagerinn.is\\\/#website\"},\"primaryImageOfPage\":{\"@id\":\"https:\\\/\\\/vorulagerinn.is\\\/product\\\/clear\\\/#primaryimage\"},\"image\":{\"@id\":\"https:\\\/\\\/vorulagerinn.is\\\/product\\\/clear\\\/#primaryimage\"},\"thumbnailUrl\":\"https:\\\/\\\/vorulagerinn.is\\\/wp-content\\\/uploads\\\/2025\\\/09\\\/MR-8518-Mark-Ryden_-1.jpg\",\"datePublished\":\"2025-07-12T14:59:08+00:00\",\"dateModified\":\"2026-03-09T17:19:48+00:00\",\"description\":\"Gl\u00e6sileg hli\u00f0artaska fr\u00e1 Mark Ryden sem au\u00f0velt er a\u00f0 fer\u00f0ast me\u00f0. H\u00fan er me\u00f0 h\u00e1g\u00e6\u00f0a YKK rennil\u00e1sum og h\u00f3lfi fyrir t.d. 8\\\" spjaldt\u00f6lvur o.fl.\",\"breadcrumb\":{\"@id\":\"https:\\\/\\\/vorulagerinn.is\\\/product\\\/clear\\\/#breadcrumb\"},\"inLanguage\":\"en-US\",\"potentialAction\":[{\"@type\":\"ReadAction\",\"target\":[\"https:\\\/\\\/vorulagerinn.is\\\/product\\\/clear\\\/\"]}]},{\"@type\":\"ImageObject\",\"inLanguage\":\"en-US\",\"@id\":\"https:\\\/\\\/vorulagerinn.is\\\/product\\\/clear\\\/#primaryimage\",\"url\":\"https:\\\/\\\/vorulagerinn.is\\\/wp-content\\\/uploads\\\/2025\\\/09\\\/MR-8518-Mark-Ryden_-1.jpg\",\"contentUrl\":\"https:\\\/\\\/vorulagerinn.is\\\/wp-content\\\/uploads\\\/2025\\\/09\\\/MR-8518-Mark-Ryden_-1.jpg\",\"width\":600,\"height\":600},{\"@type\":\"BreadcrumbList\",\"@id\":\"https:\\\/\\\/vorulagerinn.is\\\/product\\\/clear\\\/#breadcrumb\",\"itemListElement\":[{\"@type\":\"ListItem\",\"position\":1,\"name\":\"Home\",\"item\":\"https:\\\/\\\/vorulagerinn.is\\\/\"},{\"@type\":\"ListItem\",\"position\":2,\"name\":\"Shop\",\"item\":\"https:\\\/\\\/vorulagerinn.is\\\/en\\\/shop\\\/\"},{\"@type\":\"ListItem\",\"position\":3,\"name\":\"Clear hli\u00f0artaskan er l\u00e9tt, \u00fe\u00e6gileg &amp; vatnsheld me\u00f0 h\u00e1g\u00e6\u00f0a YKK rennil\u00e1s\"}]},{\"@type\":\"WebSite\",\"@id\":\"https:\\\/\\\/vorulagerinn.is\\\/#website\",\"url\":\"https:\\\/\\\/vorulagerinn.is\\\/\",\"name\":\"V\u00f6rulagerinn\",\"description\":\"L\u00e1ttu \u00fea\u00f0 eftir \u00fe\u00e9r\",\"publisher\":{\"@id\":\"https:\\\/\\\/vorulagerinn.is\\\/#organization\"},\"potentialAction\":[{\"@type\":\"SearchAction\",\"target\":{\"@type\":\"EntryPoint\",\"urlTemplate\":\"https:\\\/\\\/vorulagerinn.is\\\/?s={search_term_string}\"},\"query-input\":{\"@type\":\"PropertyValueSpecification\",\"valueRequired\":true,\"valueName\":\"search_term_string\"}}],\"inLanguage\":\"en-US\"},{\"@type\":\"Organization\",\"@id\":\"https:\\\/\\\/vorulagerinn.is\\\/#organization\",\"name\":\"V\u00f6rulagerinn\",\"url\":\"https:\\\/\\\/vorulagerinn.is\\\/\",\"logo\":{\"@type\":\"ImageObject\",\"inLanguage\":\"en-US\",\"@id\":\"https:\\\/\\\/vorulagerinn.is\\\/#\\\/schema\\\/logo\\\/image\\\/\",\"url\":\"https:\\\/\\\/vorulagerinn.is\\\/wp-content\\\/uploads\\\/2022\\\/09\\\/Vorulagerinn-Logo-588x160-1.png\",\"contentUrl\":\"https:\\\/\\\/vorulagerinn.is\\\/wp-content\\\/uploads\\\/2022\\\/09\\\/Vorulagerinn-Logo-588x160-1.png\",\"width\":588,\"height\":160,\"caption\":\"V\u00f6rulagerinn\"},\"image\":{\"@id\":\"https:\\\/\\\/vorulagerinn.is\\\/#\\\/schema\\\/logo\\\/image\\\/\"},\"sameAs\":[\"https:\\\/\\\/www.facebook.com\\\/vorulagerinn\",\"https:\\\/\\\/www.instagram.com\\\/vorulagerinn\\\/\"]}]}<\/script>\n<meta property=\"product:price:amount\" content=\"9360\" \/>\n<meta property=\"product:price:currency\" content=\"ISK\" \/>\n<meta property=\"og:availability\" content=\"out of stock\" \/>\n<meta property=\"product:availability\" content=\"out of stock\" \/>\n<meta property=\"product:retailer_item_id\" content=\"MR-8518\" \/>\n<meta property=\"product:condition\" content=\"new\" \/>\n<!-- \/ Yoast SEO Premium plugin. -->","yoast_head_json":{"title":"Clear hli\u00f0artaskan er l\u00e9tt & \u00fe\u00e6gileg me\u00f0 h\u00e1g\u00e6\u00f0a YKK rennil\u00e1sum","description":"Gl\u00e6sileg hli\u00f0artaska fr\u00e1 Mark Ryden sem au\u00f0velt er a\u00f0 fer\u00f0ast me\u00f0. H\u00fan er me\u00f0 h\u00e1g\u00e6\u00f0a YKK rennil\u00e1sum og h\u00f3lfi fyrir t.d. 8\" spjaldt\u00f6lvur o.fl.","robots":{"index":"index","follow":"follow","max-snippet":"max-snippet:-1","max-image-preview":"max-image-preview:large","max-video-preview":"max-video-preview:-1"},"canonical":"https:\/\/vorulagerinn.is\/product\/clear\/","og_locale":"en_US","og_type":"article","og_title":"Clear hli\u00f0artaskan er l\u00e9tt, \u00fe\u00e6gileg &amp; vatnsheld me\u00f0 h\u00e1g\u00e6\u00f0a YKK rennil\u00e1s","og_description":"Gl\u00e6sileg hli\u00f0artaska fr\u00e1 Mark Ryden sem au\u00f0velt er a\u00f0 fer\u00f0ast me\u00f0. H\u00fan er me\u00f0 h\u00e1g\u00e6\u00f0a YKK rennil\u00e1sum og h\u00f3lfi fyrir t.d. 8\" spjaldt\u00f6lvur o.fl.","og_url":"https:\/\/vorulagerinn.is\/product\/clear\/","og_site_name":"V&ouml;rulagerinn","article_publisher":"https:\/\/www.facebook.com\/vorulagerinn","article_modified_time":"2026-03-09T17:19:48+00:00","og_image":[{"width":600,"height":600,"url":"https:\/\/vorulagerinn.is\/wp-content\/uploads\/2025\/09\/MR-8518-Mark-Ryden_-1.jpg","type":"image\/jpeg"}],"twitter_card":"summary_large_image","twitter_misc":{"Price":"9.360&nbsp;kr.","Availability":"Out of stock"},"schema":{"@context":"https:\/\/schema.org","@graph":[{"@type":"WebPage","@id":"https:\/\/vorulagerinn.is\/product\/clear\/","url":"https:\/\/vorulagerinn.is\/product\/clear\/","name":"Clear hli\u00f0artaskan er l\u00e9tt & \u00fe\u00e6gileg me\u00f0 h\u00e1g\u00e6\u00f0a YKK rennil\u00e1sum","isPartOf":{"@id":"https:\/\/vorulagerinn.is\/#website"},"primaryImageOfPage":{"@id":"https:\/\/vorulagerinn.is\/product\/clear\/#primaryimage"},"image":{"@id":"https:\/\/vorulagerinn.is\/product\/clear\/#primaryimage"},"thumbnailUrl":"https:\/\/vorulagerinn.is\/wp-content\/uploads\/2025\/09\/MR-8518-Mark-Ryden_-1.jpg","datePublished":"2025-07-12T14:59:08+00:00","dateModified":"2026-03-09T17:19:48+00:00","description":"Gl\u00e6sileg hli\u00f0artaska fr\u00e1 Mark Ryden sem au\u00f0velt er a\u00f0 fer\u00f0ast me\u00f0. H\u00fan er me\u00f0 h\u00e1g\u00e6\u00f0a YKK rennil\u00e1sum og h\u00f3lfi fyrir t.d. 8\" spjaldt\u00f6lvur o.fl.","breadcrumb":{"@id":"https:\/\/vorulagerinn.is\/product\/clear\/#breadcrumb"},"inLanguage":"en-US","potentialAction":[{"@type":"ReadAction","target":["https:\/\/vorulagerinn.is\/product\/clear\/"]}]},{"@type":"ImageObject","inLanguage":"en-US","@id":"https:\/\/vorulagerinn.is\/product\/clear\/#primaryimage","url":"https:\/\/vorulagerinn.is\/wp-content\/uploads\/2025\/09\/MR-8518-Mark-Ryden_-1.jpg","contentUrl":"https:\/\/vorulagerinn.is\/wp-content\/uploads\/2025\/09\/MR-8518-Mark-Ryden_-1.jpg","width":600,"height":600},{"@type":"BreadcrumbList","@id":"https:\/\/vorulagerinn.is\/product\/clear\/#breadcrumb","itemListElement":[{"@type":"ListItem","position":1,"name":"Home","item":"https:\/\/vorulagerinn.is\/"},{"@type":"ListItem","position":2,"name":"Shop","item":"https:\/\/vorulagerinn.is\/en\/shop\/"},{"@type":"ListItem","position":3,"name":"Clear hli\u00f0artaskan er l\u00e9tt, \u00fe\u00e6gileg &amp; vatnsheld me\u00f0 h\u00e1g\u00e6\u00f0a YKK rennil\u00e1s"}]},{"@type":"WebSite","@id":"https:\/\/vorulagerinn.is\/#website","url":"https:\/\/vorulagerinn.is\/","name":"V\u00f6rulagerinn","description":"L\u00e1ttu \u00fea\u00f0 eftir \u00fe\u00e9r","publisher":{"@id":"https:\/\/vorulagerinn.is\/#organization"},"potentialAction":[{"@type":"SearchAction","target":{"@type":"EntryPoint","urlTemplate":"https:\/\/vorulagerinn.is\/?s={search_term_string}"},"query-input":{"@type":"PropertyValueSpecification","valueRequired":true,"valueName":"search_term_string"}}],"inLanguage":"en-US"},{"@type":"Organization","@id":"https:\/\/vorulagerinn.is\/#organization","name":"V\u00f6rulagerinn","url":"https:\/\/vorulagerinn.is\/","logo":{"@type":"ImageObject","inLanguage":"en-US","@id":"https:\/\/vorulagerinn.is\/#\/schema\/logo\/image\/","url":"https:\/\/vorulagerinn.is\/wp-content\/uploads\/2022\/09\/Vorulagerinn-Logo-588x160-1.png","contentUrl":"https:\/\/vorulagerinn.is\/wp-content\/uploads\/2022\/09\/Vorulagerinn-Logo-588x160-1.png","width":588,"height":160,"caption":"V\u00f6rulagerinn"},"image":{"@id":"https:\/\/vorulagerinn.is\/#\/schema\/logo\/image\/"},"sameAs":["https:\/\/www.facebook.com\/vorulagerinn","https:\/\/www.instagram.com\/vorulagerinn\/"]}]},"product_price_amount":"9360","product_price_currency":"ISK","og_availability":"out of stock","product_availability":"out of stock","product_retailer_item_id":"MR-8518","product_condition":"new"},"_links":{"self":[{"href":"https:\/\/vorulagerinn.is\/en\/wp-json\/wp\/v2\/product\/28758","targetHints":{"allow":["GET"]}}],"collection":[{"href":"https:\/\/vorulagerinn.is\/en\/wp-json\/wp\/v2\/product"}],"about":[{"href":"https:\/\/vorulagerinn.is\/en\/wp-json\/wp\/v2\/types\/product"}],"wp:featuredmedia":[{"embeddable":true,"href":"https:\/\/vorulagerinn.is\/en\/wp-json\/wp\/v2\/media\/28750"}],"wp:attachment":[{"href":"https:\/\/vorulagerinn.is\/en\/wp-json\/wp\/v2\/media?parent=28758"}],"wp:term":[{"taxonomy":"product_brand","embeddable":true,"href":"https:\/\/vorulagerinn.is\/en\/wp-json\/wp\/v2\/product_brand?post=28758"},{"taxonomy":"product_cat","embeddable":true,"href":"https:\/\/vorulagerinn.is\/en\/wp-json\/wp\/v2\/product_cat?post=28758"},{"taxonomy":"product_tag","embeddable":true,"href":"https:\/\/vorulagerinn.is\/en\/wp-json\/wp\/v2\/product_tag?post=28758"}],"curies":[{"name":"wp","href":"https:\/\/api.w.org\/{rel}","templated":true}]}}