{"id":28767,"date":"2025-07-12T10:18:26","date_gmt":"2025-07-12T10:18:26","guid":{"rendered":"https:\/\/vorulagerinn.is\/product\/mr5818\/"},"modified":"2026-03-09T17:19:48","modified_gmt":"2026-03-09T17:19:48","slug":"mr5818","status":"publish","type":"product","link":"https:\/\/vorulagerinn.is\/en\/product\/mr5818\/","title":{"rendered":"13,2 l\u00edtra hli\u00f0artaska \/ Crossbody bakpoki fyrir allt a\u00f0 12,9&#8243; spjaldt\u00f6lvur, vatnsheld &amp; slit\u00feolin"},"content":{"rendered":"","protected":false},"excerpt":{"rendered":"<p>St\u00edlhrein og falleg 13,2 l\u00edtra hli\u00f0artaska \/ crossbody bakpoki fr\u00e1 Mark Ryden \u00far vatnsfr\u00e1hrindandi Polyester efni. A\u00f0 framan er vasi me\u00f0 vatnsheldum rennil\u00e1s. Taskan lokast me\u00f0 segulsmellum sem halda t\u00f6skunni loka\u00f0ri. \u00deegar framhli\u00f0 t\u00f6sku er opnu\u00f0 er annar renndur r\u00famg\u00f3\u00f0ur vasi. Innra r\u00fdmi t\u00f6skunnar er r\u00famgott og opi\u00f0. \u00c1 hli\u00f0 t\u00f6skunnar er vasi sem hentar fyrir vatnsfl\u00f6skur, regnhl\u00edf o.\u00fe.h. \u00dea\u00f0 er h\u00e6gt a\u00f0 setja allt a\u00f0 12,9\u2033 spjaldt\u00f6lvur \u00ed t\u00f6skuna \u00e1samt \u00fev\u00ed helsta.<\/p>\n<p>\u2013 Litur: Svartur<br \/>\n\u2013 St\u00e6r\u00f0: 41 x 30,5 x 7 cm<br \/>\n\u2013 \u00deyngd: 0,69 kg<br \/>\n\u2013 Efni: Oxford, vatnhelt, slit\u00feoli\u00f0 og au\u00f0velt \u00ed \u00ferifum<\/p>\n","protected":false},"featured_media":28759,"template":"","meta":[],"product_brand":[412],"product_cat":[437],"product_tag":[],"class_list":{"0":"post-28767","1":"product","2":"type-product","3":"status-publish","4":"has-post-thumbnail","6":"product_brand-mark-ryden","7":"product_cat-hlidartoskur-cross-body-bakpokar","9":"first","10":"instock","11":"sale","12":"taxable","13":"shipping-taxable","14":"purchasable","15":"product-type-simple"},"supplier_id":null,"supplier_sku":"","barcode":null,"atum_controlled":true,"out_stock_date":null,"out_stock_threshold":null,"inheritable":false,"inbound_stock":0,"stock_on_hold":0,"sold_today":0,"sales_last_days":0,"reserved_stock":0,"customer_returns":0,"warehouse_damage":0,"lost_in_post":0,"other_logs":0,"out_stock_days":0,"lost_sales":0,"has_location":false,"update_date":"2026-04-12T00:16:05","atum_locations":[],"atum_stock_status":"instock","restock_status":false,"low_stock_amount":"","sales_update_date":"2026-04-12T00:16:05","calc_backorders":null,"yoast_head":"<!-- This site is optimized with the Yoast SEO Premium plugin v26.6 (Yoast SEO v27.3) - https:\/\/yoast.com\/product\/yoast-seo-premium-wordpress\/ -->\n<title>13.2 l\u00edtra hli\u00f0artaska \/ Crossbody bakpoki | Vatnsheld &amp; slit\u00feolin<\/title>\n<meta name=\"description\" content=\"Gl\u00e6sileg 13,2 l\u00edtra hli\u00f0artaska \/ Crossbody bakpoki fr\u00e1 Mark Ryden. Vatnsheld og slit\u00feolin me\u00f0 g\u00f3\u00f0um v\u00f6sum. Fyrir allt a\u00f0 12,9&quot; spjaldt\u00f6lvur og margt fleira\" \/>\n<meta name=\"robots\" content=\"index, follow, max-snippet:-1, max-image-preview:large, max-video-preview:-1\" \/>\n<link rel=\"canonical\" href=\"https:\/\/vorulagerinn.is\/product\/mr5818\/\" \/>\n<meta property=\"og:locale\" content=\"en_US\" \/>\n<meta property=\"og:type\" content=\"article\" \/>\n<meta property=\"og:title\" content=\"13,2 l\u00edtra hli\u00f0artaska \/ Crossbody bakpoki fyrir allt a\u00f0 12,9&quot; spjaldt\u00f6lvur, vatnsheld &amp; slit\u00feolin\" \/>\n<meta property=\"og:description\" content=\"Gl\u00e6sileg 13,2 l\u00edtra hli\u00f0artaska \/ Crossbody bakpoki fr\u00e1 Mark Ryden. Vatnsheld og slit\u00feolin me\u00f0 g\u00f3\u00f0um v\u00f6sum. Fyrir allt a\u00f0 12,9&quot; spjaldt\u00f6lvur og margt fleira\" \/>\n<meta property=\"og:url\" content=\"https:\/\/vorulagerinn.is\/product\/mr5818\/\" \/>\n<meta property=\"og:site_name\" content=\"V&ouml;rulagerinn\" \/>\n<meta property=\"article:publisher\" content=\"https:\/\/www.facebook.com\/vorulagerinn\" \/>\n<meta property=\"article:modified_time\" content=\"2026-03-09T17:19:48+00:00\" \/>\n<meta property=\"og:image\" content=\"https:\/\/vorulagerinn.is\/wp-content\/uploads\/2025\/09\/MR-5818_-5.jpg\" \/>\n\t<meta property=\"og:image:width\" content=\"600\" \/>\n\t<meta property=\"og:image:height\" content=\"600\" \/>\n\t<meta property=\"og:image:type\" content=\"image\/jpeg\" \/>\n<meta name=\"twitter:card\" content=\"summary_large_image\" \/>\n<meta name=\"twitter:label1\" content=\"Price\" \/>\n\t<meta name=\"twitter:data1\" content=\"9.520&nbsp;kr.\" \/>\n\t<meta name=\"twitter:label2\" content=\"Availability\" \/>\n\t<meta name=\"twitter:data2\" content=\"In stock\" \/>\n<script type=\"application\/ld+json\" class=\"yoast-schema-graph\">{\"@context\":\"https:\\\/\\\/schema.org\",\"@graph\":[{\"@type\":\"WebPage\",\"@id\":\"https:\\\/\\\/vorulagerinn.is\\\/product\\\/mr5818\\\/\",\"url\":\"https:\\\/\\\/vorulagerinn.is\\\/product\\\/mr5818\\\/\",\"name\":\"13.2 l\u00edtra hli\u00f0artaska \\\/ Crossbody bakpoki | Vatnsheld & slit\u00feolin\",\"isPartOf\":{\"@id\":\"https:\\\/\\\/vorulagerinn.is\\\/#website\"},\"primaryImageOfPage\":{\"@id\":\"https:\\\/\\\/vorulagerinn.is\\\/product\\\/mr5818\\\/#primaryimage\"},\"image\":{\"@id\":\"https:\\\/\\\/vorulagerinn.is\\\/product\\\/mr5818\\\/#primaryimage\"},\"thumbnailUrl\":\"https:\\\/\\\/vorulagerinn.is\\\/wp-content\\\/uploads\\\/2025\\\/09\\\/MR-5818_-5.jpg\",\"datePublished\":\"2025-07-12T10:18:26+00:00\",\"dateModified\":\"2026-03-09T17:19:48+00:00\",\"description\":\"Gl\u00e6sileg 13,2 l\u00edtra hli\u00f0artaska \\\/ Crossbody bakpoki fr\u00e1 Mark Ryden. Vatnsheld og slit\u00feolin me\u00f0 g\u00f3\u00f0um v\u00f6sum. Fyrir allt a\u00f0 12,9\\\" spjaldt\u00f6lvur og margt fleira\",\"breadcrumb\":{\"@id\":\"https:\\\/\\\/vorulagerinn.is\\\/product\\\/mr5818\\\/#breadcrumb\"},\"inLanguage\":\"en-US\",\"potentialAction\":[{\"@type\":\"ReadAction\",\"target\":[\"https:\\\/\\\/vorulagerinn.is\\\/product\\\/mr5818\\\/\"]}]},{\"@type\":\"ImageObject\",\"inLanguage\":\"en-US\",\"@id\":\"https:\\\/\\\/vorulagerinn.is\\\/product\\\/mr5818\\\/#primaryimage\",\"url\":\"https:\\\/\\\/vorulagerinn.is\\\/wp-content\\\/uploads\\\/2025\\\/09\\\/MR-5818_-5.jpg\",\"contentUrl\":\"https:\\\/\\\/vorulagerinn.is\\\/wp-content\\\/uploads\\\/2025\\\/09\\\/MR-5818_-5.jpg\",\"width\":600,\"height\":600},{\"@type\":\"BreadcrumbList\",\"@id\":\"https:\\\/\\\/vorulagerinn.is\\\/product\\\/mr5818\\\/#breadcrumb\",\"itemListElement\":[{\"@type\":\"ListItem\",\"position\":1,\"name\":\"Home\",\"item\":\"https:\\\/\\\/vorulagerinn.is\\\/\"},{\"@type\":\"ListItem\",\"position\":2,\"name\":\"Shop\",\"item\":\"https:\\\/\\\/vorulagerinn.is\\\/en\\\/shop\\\/\"},{\"@type\":\"ListItem\",\"position\":3,\"name\":\"13,2 l\u00edtra hli\u00f0artaska \\\/ Crossbody bakpoki fyrir allt a\u00f0 12,9&#8243; spjaldt\u00f6lvur, vatnsheld &amp; slit\u00feolin\"}]},{\"@type\":\"WebSite\",\"@id\":\"https:\\\/\\\/vorulagerinn.is\\\/#website\",\"url\":\"https:\\\/\\\/vorulagerinn.is\\\/\",\"name\":\"V\u00f6rulagerinn\",\"description\":\"L\u00e1ttu \u00fea\u00f0 eftir \u00fe\u00e9r\",\"publisher\":{\"@id\":\"https:\\\/\\\/vorulagerinn.is\\\/#organization\"},\"potentialAction\":[{\"@type\":\"SearchAction\",\"target\":{\"@type\":\"EntryPoint\",\"urlTemplate\":\"https:\\\/\\\/vorulagerinn.is\\\/?s={search_term_string}\"},\"query-input\":{\"@type\":\"PropertyValueSpecification\",\"valueRequired\":true,\"valueName\":\"search_term_string\"}}],\"inLanguage\":\"en-US\"},{\"@type\":\"Organization\",\"@id\":\"https:\\\/\\\/vorulagerinn.is\\\/#organization\",\"name\":\"V\u00f6rulagerinn\",\"url\":\"https:\\\/\\\/vorulagerinn.is\\\/\",\"logo\":{\"@type\":\"ImageObject\",\"inLanguage\":\"en-US\",\"@id\":\"https:\\\/\\\/vorulagerinn.is\\\/#\\\/schema\\\/logo\\\/image\\\/\",\"url\":\"https:\\\/\\\/vorulagerinn.is\\\/wp-content\\\/uploads\\\/2022\\\/09\\\/Vorulagerinn-Logo-588x160-1.png\",\"contentUrl\":\"https:\\\/\\\/vorulagerinn.is\\\/wp-content\\\/uploads\\\/2022\\\/09\\\/Vorulagerinn-Logo-588x160-1.png\",\"width\":588,\"height\":160,\"caption\":\"V\u00f6rulagerinn\"},\"image\":{\"@id\":\"https:\\\/\\\/vorulagerinn.is\\\/#\\\/schema\\\/logo\\\/image\\\/\"},\"sameAs\":[\"https:\\\/\\\/www.facebook.com\\\/vorulagerinn\",\"https:\\\/\\\/www.instagram.com\\\/vorulagerinn\\\/\"]}]}<\/script>\n<meta property=\"product:price:amount\" content=\"9520\" \/>\n<meta property=\"product:price:currency\" content=\"ISK\" \/>\n<meta property=\"og:availability\" content=\"instock\" \/>\n<meta property=\"product:availability\" content=\"instock\" \/>\n<meta property=\"product:retailer_item_id\" content=\"MR-5818\" \/>\n<meta property=\"product:condition\" content=\"new\" \/>\n<!-- \/ Yoast SEO Premium plugin. -->","yoast_head_json":{"title":"13.2 l\u00edtra hli\u00f0artaska \/ Crossbody bakpoki | Vatnsheld & slit\u00feolin","description":"Gl\u00e6sileg 13,2 l\u00edtra hli\u00f0artaska \/ Crossbody bakpoki fr\u00e1 Mark Ryden. Vatnsheld og slit\u00feolin me\u00f0 g\u00f3\u00f0um v\u00f6sum. Fyrir allt a\u00f0 12,9\" spjaldt\u00f6lvur og margt fleira","robots":{"index":"index","follow":"follow","max-snippet":"max-snippet:-1","max-image-preview":"max-image-preview:large","max-video-preview":"max-video-preview:-1"},"canonical":"https:\/\/vorulagerinn.is\/product\/mr5818\/","og_locale":"en_US","og_type":"article","og_title":"13,2 l\u00edtra hli\u00f0artaska \/ Crossbody bakpoki fyrir allt a\u00f0 12,9\" spjaldt\u00f6lvur, vatnsheld &amp; slit\u00feolin","og_description":"Gl\u00e6sileg 13,2 l\u00edtra hli\u00f0artaska \/ Crossbody bakpoki fr\u00e1 Mark Ryden. Vatnsheld og slit\u00feolin me\u00f0 g\u00f3\u00f0um v\u00f6sum. Fyrir allt a\u00f0 12,9\" spjaldt\u00f6lvur og margt fleira","og_url":"https:\/\/vorulagerinn.is\/product\/mr5818\/","og_site_name":"V&ouml;rulagerinn","article_publisher":"https:\/\/www.facebook.com\/vorulagerinn","article_modified_time":"2026-03-09T17:19:48+00:00","og_image":[{"width":600,"height":600,"url":"https:\/\/vorulagerinn.is\/wp-content\/uploads\/2025\/09\/MR-5818_-5.jpg","type":"image\/jpeg"}],"twitter_card":"summary_large_image","twitter_misc":{"Price":"9.520&nbsp;kr.","Availability":"In stock"},"schema":{"@context":"https:\/\/schema.org","@graph":[{"@type":"WebPage","@id":"https:\/\/vorulagerinn.is\/product\/mr5818\/","url":"https:\/\/vorulagerinn.is\/product\/mr5818\/","name":"13.2 l\u00edtra hli\u00f0artaska \/ Crossbody bakpoki | Vatnsheld & slit\u00feolin","isPartOf":{"@id":"https:\/\/vorulagerinn.is\/#website"},"primaryImageOfPage":{"@id":"https:\/\/vorulagerinn.is\/product\/mr5818\/#primaryimage"},"image":{"@id":"https:\/\/vorulagerinn.is\/product\/mr5818\/#primaryimage"},"thumbnailUrl":"https:\/\/vorulagerinn.is\/wp-content\/uploads\/2025\/09\/MR-5818_-5.jpg","datePublished":"2025-07-12T10:18:26+00:00","dateModified":"2026-03-09T17:19:48+00:00","description":"Gl\u00e6sileg 13,2 l\u00edtra hli\u00f0artaska \/ Crossbody bakpoki fr\u00e1 Mark Ryden. Vatnsheld og slit\u00feolin me\u00f0 g\u00f3\u00f0um v\u00f6sum. Fyrir allt a\u00f0 12,9\" spjaldt\u00f6lvur og margt fleira","breadcrumb":{"@id":"https:\/\/vorulagerinn.is\/product\/mr5818\/#breadcrumb"},"inLanguage":"en-US","potentialAction":[{"@type":"ReadAction","target":["https:\/\/vorulagerinn.is\/product\/mr5818\/"]}]},{"@type":"ImageObject","inLanguage":"en-US","@id":"https:\/\/vorulagerinn.is\/product\/mr5818\/#primaryimage","url":"https:\/\/vorulagerinn.is\/wp-content\/uploads\/2025\/09\/MR-5818_-5.jpg","contentUrl":"https:\/\/vorulagerinn.is\/wp-content\/uploads\/2025\/09\/MR-5818_-5.jpg","width":600,"height":600},{"@type":"BreadcrumbList","@id":"https:\/\/vorulagerinn.is\/product\/mr5818\/#breadcrumb","itemListElement":[{"@type":"ListItem","position":1,"name":"Home","item":"https:\/\/vorulagerinn.is\/"},{"@type":"ListItem","position":2,"name":"Shop","item":"https:\/\/vorulagerinn.is\/en\/shop\/"},{"@type":"ListItem","position":3,"name":"13,2 l\u00edtra hli\u00f0artaska \/ Crossbody bakpoki fyrir allt a\u00f0 12,9&#8243; spjaldt\u00f6lvur, vatnsheld &amp; slit\u00feolin"}]},{"@type":"WebSite","@id":"https:\/\/vorulagerinn.is\/#website","url":"https:\/\/vorulagerinn.is\/","name":"V\u00f6rulagerinn","description":"L\u00e1ttu \u00fea\u00f0 eftir \u00fe\u00e9r","publisher":{"@id":"https:\/\/vorulagerinn.is\/#organization"},"potentialAction":[{"@type":"SearchAction","target":{"@type":"EntryPoint","urlTemplate":"https:\/\/vorulagerinn.is\/?s={search_term_string}"},"query-input":{"@type":"PropertyValueSpecification","valueRequired":true,"valueName":"search_term_string"}}],"inLanguage":"en-US"},{"@type":"Organization","@id":"https:\/\/vorulagerinn.is\/#organization","name":"V\u00f6rulagerinn","url":"https:\/\/vorulagerinn.is\/","logo":{"@type":"ImageObject","inLanguage":"en-US","@id":"https:\/\/vorulagerinn.is\/#\/schema\/logo\/image\/","url":"https:\/\/vorulagerinn.is\/wp-content\/uploads\/2022\/09\/Vorulagerinn-Logo-588x160-1.png","contentUrl":"https:\/\/vorulagerinn.is\/wp-content\/uploads\/2022\/09\/Vorulagerinn-Logo-588x160-1.png","width":588,"height":160,"caption":"V\u00f6rulagerinn"},"image":{"@id":"https:\/\/vorulagerinn.is\/#\/schema\/logo\/image\/"},"sameAs":["https:\/\/www.facebook.com\/vorulagerinn","https:\/\/www.instagram.com\/vorulagerinn\/"]}]},"product_price_amount":"9520","product_price_currency":"ISK","og_availability":"instock","product_availability":"instock","product_retailer_item_id":"MR-5818","product_condition":"new"},"_links":{"self":[{"href":"https:\/\/vorulagerinn.is\/en\/wp-json\/wp\/v2\/product\/28767","targetHints":{"allow":["GET"]}}],"collection":[{"href":"https:\/\/vorulagerinn.is\/en\/wp-json\/wp\/v2\/product"}],"about":[{"href":"https:\/\/vorulagerinn.is\/en\/wp-json\/wp\/v2\/types\/product"}],"wp:featuredmedia":[{"embeddable":true,"href":"https:\/\/vorulagerinn.is\/en\/wp-json\/wp\/v2\/media\/28759"}],"wp:attachment":[{"href":"https:\/\/vorulagerinn.is\/en\/wp-json\/wp\/v2\/media?parent=28767"}],"wp:term":[{"taxonomy":"product_brand","embeddable":true,"href":"https:\/\/vorulagerinn.is\/en\/wp-json\/wp\/v2\/product_brand?post=28767"},{"taxonomy":"product_cat","embeddable":true,"href":"https:\/\/vorulagerinn.is\/en\/wp-json\/wp\/v2\/product_cat?post=28767"},{"taxonomy":"product_tag","embeddable":true,"href":"https:\/\/vorulagerinn.is\/en\/wp-json\/wp\/v2\/product_tag?post=28767"}],"curies":[{"name":"wp","href":"https:\/\/api.w.org\/{rel}","templated":true}]}}