{"id":28790,"date":"2025-07-10T08:11:27","date_gmt":"2025-07-10T08:11:27","guid":{"rendered":"https:\/\/vorulagerinn.is\/product\/the-mini-bastion\/"},"modified":"2026-03-09T17:19:48","modified_gmt":"2026-03-09T17:19:48","slug":"the-mini-bastion","status":"publish","type":"product","link":"https:\/\/vorulagerinn.is\/en\/product\/the-mini-bastion\/","title":{"rendered":"The Mini Bastion vatnsheld 8,6 l\u00edtra hli\u00f0artaska \/ Cross Body taska me\u00f0 USB tengi &amp; talnal\u00e1s"},"content":{"rendered":"","protected":false},"excerpt":{"rendered":"<p>St\u00edlhreinn, vanda\u00f0ur og l\u00e9ttur fer\u00f0af\u00e9lagi sem heldur utan um \u00fea\u00f0 mikilv\u00e6gasta hvort sem \u00fe\u00fa ert a\u00f0 fer\u00f0ast innanlands e\u00f0a erlendis. Hli\u00f0artaskan er me\u00f0 s\u00e9r h\u00f3lf fyrir allt a\u00f0 9,7&#8243; spjaldt\u00f6lvu, USB rauf til a\u00f0 hla\u00f0a snjallt\u00e6kin \u00e1 fer\u00f0inni og TSA l\u00e6singu fyrir a\u00f0alh\u00f3lfi\u00f0 \u00e1 t\u00f6skunni.<\/p>\n<p>Framan \u00e1 t\u00f6skunni eru tveir renndir vasar, rauf fyrir USB-A tengi sem tengist vi\u00f0 hle\u00f0slubanka ofan \u00ed t\u00f6skunni \u00e1samt TSA l\u00e6singu. Aftan \u00e1 t\u00f6skunni er vasi me\u00f0 rennil\u00e1s og annar \u00e1 \u00f3linni fyrir t.d. kort e\u00f0a se\u00f0la. Ofan \u00ed t\u00f6skunni er vasi fyrir allt a\u00f0 9,7&#8243; spjaldt\u00f6lvu \u00e1samt \u00feremur v\u00f6sum auk tveggja undir penna.<\/p>\n<p>\u2013 Litur: Svartur<br \/>\n\u2013 St\u00e6r\u00f0: 31cm x 10cm x 22cm<br \/>\n\u2013 \u00deyngd: 0,6 kg<br \/>\n\u2013 Efni: Oxford fabric, vatnsheldur &amp; slit\u00feolin<\/p>\n","protected":false},"featured_media":28784,"template":"","meta":[],"product_brand":[412],"product_cat":[437],"product_tag":[],"class_list":{"0":"post-28790","1":"product","2":"type-product","3":"status-publish","4":"has-post-thumbnail","6":"product_brand-mark-ryden","7":"product_cat-hlidartoskur-cross-body-bakpokar","9":"first","10":"outofstock","11":"sale","12":"taxable","13":"shipping-taxable","14":"purchasable","15":"product-type-simple"},"supplier_id":null,"supplier_sku":"","barcode":null,"atum_controlled":true,"out_stock_date":null,"out_stock_threshold":null,"inheritable":false,"inbound_stock":0,"stock_on_hold":0,"sold_today":0,"sales_last_days":0,"reserved_stock":0,"customer_returns":0,"warehouse_damage":0,"lost_in_post":0,"other_logs":0,"out_stock_days":0,"lost_sales":0,"has_location":false,"update_date":"2026-04-12T00:16:07","atum_locations":[],"atum_stock_status":"outofstock","restock_status":false,"low_stock_amount":"","sales_update_date":"2026-04-12T00:16:07","calc_backorders":null,"yoast_head":"<!-- This site is optimized with the Yoast SEO Premium plugin v26.6 (Yoast SEO v27.3) - https:\/\/yoast.com\/product\/yoast-seo-premium-wordpress\/ -->\n<title>The Mini Bastion er 8,6 l\u00edtra hli\u00f0artaska me\u00f0 USB tengi &amp; talnal\u00e1s<\/title>\n<meta name=\"description\" content=\"The Mini Bastion hli\u00f0artaskan er vanda\u00f0ur &amp; l\u00e9ttur fer\u00f0af\u00e9lagi me\u00f0 s\u00e9r h\u00f3lfi fyrir 9,7&quot; spjaldt\u00f6lvu, USB rauf til a\u00f0 hla\u00f0a snjallt\u00e6kin &amp; TSA l\u00e6singu.\" \/>\n<meta name=\"robots\" content=\"index, follow, max-snippet:-1, max-image-preview:large, max-video-preview:-1\" \/>\n<link rel=\"canonical\" href=\"https:\/\/vorulagerinn.is\/product\/the-mini-bastion\/\" \/>\n<meta property=\"og:locale\" content=\"en_US\" \/>\n<meta property=\"og:type\" content=\"article\" \/>\n<meta property=\"og:title\" content=\"The Mini Bastion vatnsheld 8,6 l\u00edtra hli\u00f0artaska \/ Cross Body taska me\u00f0 USB tengi &amp; talnal\u00e1s\" \/>\n<meta property=\"og:description\" content=\"The Mini Bastion hli\u00f0artaskan er vanda\u00f0ur &amp; l\u00e9ttur fer\u00f0af\u00e9lagi me\u00f0 s\u00e9r h\u00f3lfi fyrir 9,7&quot; spjaldt\u00f6lvu, USB rauf til a\u00f0 hla\u00f0a snjallt\u00e6kin &amp; TSA l\u00e6singu.\" \/>\n<meta property=\"og:url\" content=\"https:\/\/vorulagerinn.is\/product\/the-mini-bastion\/\" \/>\n<meta property=\"og:site_name\" content=\"V&ouml;rulagerinn\" \/>\n<meta property=\"article:publisher\" content=\"https:\/\/www.facebook.com\/vorulagerinn\" \/>\n<meta property=\"article:modified_time\" content=\"2026-03-09T17:19:48+00:00\" \/>\n<meta property=\"og:image\" content=\"https:\/\/vorulagerinn.is\/wp-content\/uploads\/2025\/09\/MR7039.jpg\" \/>\n\t<meta property=\"og:image:width\" content=\"600\" \/>\n\t<meta property=\"og:image:height\" content=\"600\" \/>\n\t<meta property=\"og:image:type\" content=\"image\/jpeg\" \/>\n<meta name=\"twitter:card\" content=\"summary_large_image\" \/>\n<meta name=\"twitter:label1\" content=\"Price\" \/>\n\t<meta name=\"twitter:data1\" content=\"11.920&nbsp;kr.\" \/>\n\t<meta name=\"twitter:label2\" content=\"Availability\" \/>\n\t<meta name=\"twitter:data2\" content=\"Out of stock\" \/>\n<script type=\"application\/ld+json\" class=\"yoast-schema-graph\">{\"@context\":\"https:\\\/\\\/schema.org\",\"@graph\":[{\"@type\":\"WebPage\",\"@id\":\"https:\\\/\\\/vorulagerinn.is\\\/product\\\/the-mini-bastion\\\/\",\"url\":\"https:\\\/\\\/vorulagerinn.is\\\/product\\\/the-mini-bastion\\\/\",\"name\":\"The Mini Bastion er 8,6 l\u00edtra hli\u00f0artaska me\u00f0 USB tengi & talnal\u00e1s\",\"isPartOf\":{\"@id\":\"https:\\\/\\\/vorulagerinn.is\\\/#website\"},\"primaryImageOfPage\":{\"@id\":\"https:\\\/\\\/vorulagerinn.is\\\/product\\\/the-mini-bastion\\\/#primaryimage\"},\"image\":{\"@id\":\"https:\\\/\\\/vorulagerinn.is\\\/product\\\/the-mini-bastion\\\/#primaryimage\"},\"thumbnailUrl\":\"https:\\\/\\\/vorulagerinn.is\\\/wp-content\\\/uploads\\\/2025\\\/09\\\/MR7039.jpg\",\"datePublished\":\"2025-07-10T08:11:27+00:00\",\"dateModified\":\"2026-03-09T17:19:48+00:00\",\"description\":\"The Mini Bastion hli\u00f0artaskan er vanda\u00f0ur & l\u00e9ttur fer\u00f0af\u00e9lagi me\u00f0 s\u00e9r h\u00f3lfi fyrir 9,7\\\" spjaldt\u00f6lvu, USB rauf til a\u00f0 hla\u00f0a snjallt\u00e6kin & TSA l\u00e6singu.\",\"breadcrumb\":{\"@id\":\"https:\\\/\\\/vorulagerinn.is\\\/product\\\/the-mini-bastion\\\/#breadcrumb\"},\"inLanguage\":\"en-US\",\"potentialAction\":[{\"@type\":\"ReadAction\",\"target\":[\"https:\\\/\\\/vorulagerinn.is\\\/product\\\/the-mini-bastion\\\/\"]}]},{\"@type\":\"ImageObject\",\"inLanguage\":\"en-US\",\"@id\":\"https:\\\/\\\/vorulagerinn.is\\\/product\\\/the-mini-bastion\\\/#primaryimage\",\"url\":\"https:\\\/\\\/vorulagerinn.is\\\/wp-content\\\/uploads\\\/2025\\\/09\\\/MR7039.jpg\",\"contentUrl\":\"https:\\\/\\\/vorulagerinn.is\\\/wp-content\\\/uploads\\\/2025\\\/09\\\/MR7039.jpg\",\"width\":600,\"height\":600},{\"@type\":\"BreadcrumbList\",\"@id\":\"https:\\\/\\\/vorulagerinn.is\\\/product\\\/the-mini-bastion\\\/#breadcrumb\",\"itemListElement\":[{\"@type\":\"ListItem\",\"position\":1,\"name\":\"Home\",\"item\":\"https:\\\/\\\/vorulagerinn.is\\\/\"},{\"@type\":\"ListItem\",\"position\":2,\"name\":\"Shop\",\"item\":\"https:\\\/\\\/vorulagerinn.is\\\/en\\\/shop\\\/\"},{\"@type\":\"ListItem\",\"position\":3,\"name\":\"The Mini Bastion vatnsheld 8,6 l\u00edtra hli\u00f0artaska \\\/ Cross Body taska me\u00f0 USB tengi &amp; talnal\u00e1s\"}]},{\"@type\":\"WebSite\",\"@id\":\"https:\\\/\\\/vorulagerinn.is\\\/#website\",\"url\":\"https:\\\/\\\/vorulagerinn.is\\\/\",\"name\":\"V\u00f6rulagerinn\",\"description\":\"L\u00e1ttu \u00fea\u00f0 eftir \u00fe\u00e9r\",\"publisher\":{\"@id\":\"https:\\\/\\\/vorulagerinn.is\\\/#organization\"},\"potentialAction\":[{\"@type\":\"SearchAction\",\"target\":{\"@type\":\"EntryPoint\",\"urlTemplate\":\"https:\\\/\\\/vorulagerinn.is\\\/?s={search_term_string}\"},\"query-input\":{\"@type\":\"PropertyValueSpecification\",\"valueRequired\":true,\"valueName\":\"search_term_string\"}}],\"inLanguage\":\"en-US\"},{\"@type\":\"Organization\",\"@id\":\"https:\\\/\\\/vorulagerinn.is\\\/#organization\",\"name\":\"V\u00f6rulagerinn\",\"url\":\"https:\\\/\\\/vorulagerinn.is\\\/\",\"logo\":{\"@type\":\"ImageObject\",\"inLanguage\":\"en-US\",\"@id\":\"https:\\\/\\\/vorulagerinn.is\\\/#\\\/schema\\\/logo\\\/image\\\/\",\"url\":\"https:\\\/\\\/vorulagerinn.is\\\/wp-content\\\/uploads\\\/2022\\\/09\\\/Vorulagerinn-Logo-588x160-1.png\",\"contentUrl\":\"https:\\\/\\\/vorulagerinn.is\\\/wp-content\\\/uploads\\\/2022\\\/09\\\/Vorulagerinn-Logo-588x160-1.png\",\"width\":588,\"height\":160,\"caption\":\"V\u00f6rulagerinn\"},\"image\":{\"@id\":\"https:\\\/\\\/vorulagerinn.is\\\/#\\\/schema\\\/logo\\\/image\\\/\"},\"sameAs\":[\"https:\\\/\\\/www.facebook.com\\\/vorulagerinn\",\"https:\\\/\\\/www.instagram.com\\\/vorulagerinn\\\/\"]}]}<\/script>\n<meta property=\"product:price:amount\" content=\"11920\" \/>\n<meta property=\"product:price:currency\" content=\"ISK\" \/>\n<meta property=\"og:availability\" content=\"out of stock\" \/>\n<meta property=\"product:availability\" content=\"out of stock\" \/>\n<meta property=\"product:retailer_item_id\" content=\"MR7039\" \/>\n<meta property=\"product:condition\" content=\"new\" \/>\n<!-- \/ Yoast SEO Premium plugin. -->","yoast_head_json":{"title":"The Mini Bastion er 8,6 l\u00edtra hli\u00f0artaska me\u00f0 USB tengi & talnal\u00e1s","description":"The Mini Bastion hli\u00f0artaskan er vanda\u00f0ur & l\u00e9ttur fer\u00f0af\u00e9lagi me\u00f0 s\u00e9r h\u00f3lfi fyrir 9,7\" spjaldt\u00f6lvu, USB rauf til a\u00f0 hla\u00f0a snjallt\u00e6kin & TSA l\u00e6singu.","robots":{"index":"index","follow":"follow","max-snippet":"max-snippet:-1","max-image-preview":"max-image-preview:large","max-video-preview":"max-video-preview:-1"},"canonical":"https:\/\/vorulagerinn.is\/product\/the-mini-bastion\/","og_locale":"en_US","og_type":"article","og_title":"The Mini Bastion vatnsheld 8,6 l\u00edtra hli\u00f0artaska \/ Cross Body taska me\u00f0 USB tengi &amp; talnal\u00e1s","og_description":"The Mini Bastion hli\u00f0artaskan er vanda\u00f0ur & l\u00e9ttur fer\u00f0af\u00e9lagi me\u00f0 s\u00e9r h\u00f3lfi fyrir 9,7\" spjaldt\u00f6lvu, USB rauf til a\u00f0 hla\u00f0a snjallt\u00e6kin & TSA l\u00e6singu.","og_url":"https:\/\/vorulagerinn.is\/product\/the-mini-bastion\/","og_site_name":"V&ouml;rulagerinn","article_publisher":"https:\/\/www.facebook.com\/vorulagerinn","article_modified_time":"2026-03-09T17:19:48+00:00","og_image":[{"width":600,"height":600,"url":"https:\/\/vorulagerinn.is\/wp-content\/uploads\/2025\/09\/MR7039.jpg","type":"image\/jpeg"}],"twitter_card":"summary_large_image","twitter_misc":{"Price":"11.920&nbsp;kr.","Availability":"Out of stock"},"schema":{"@context":"https:\/\/schema.org","@graph":[{"@type":"WebPage","@id":"https:\/\/vorulagerinn.is\/product\/the-mini-bastion\/","url":"https:\/\/vorulagerinn.is\/product\/the-mini-bastion\/","name":"The Mini Bastion er 8,6 l\u00edtra hli\u00f0artaska me\u00f0 USB tengi & talnal\u00e1s","isPartOf":{"@id":"https:\/\/vorulagerinn.is\/#website"},"primaryImageOfPage":{"@id":"https:\/\/vorulagerinn.is\/product\/the-mini-bastion\/#primaryimage"},"image":{"@id":"https:\/\/vorulagerinn.is\/product\/the-mini-bastion\/#primaryimage"},"thumbnailUrl":"https:\/\/vorulagerinn.is\/wp-content\/uploads\/2025\/09\/MR7039.jpg","datePublished":"2025-07-10T08:11:27+00:00","dateModified":"2026-03-09T17:19:48+00:00","description":"The Mini Bastion hli\u00f0artaskan er vanda\u00f0ur & l\u00e9ttur fer\u00f0af\u00e9lagi me\u00f0 s\u00e9r h\u00f3lfi fyrir 9,7\" spjaldt\u00f6lvu, USB rauf til a\u00f0 hla\u00f0a snjallt\u00e6kin & TSA l\u00e6singu.","breadcrumb":{"@id":"https:\/\/vorulagerinn.is\/product\/the-mini-bastion\/#breadcrumb"},"inLanguage":"en-US","potentialAction":[{"@type":"ReadAction","target":["https:\/\/vorulagerinn.is\/product\/the-mini-bastion\/"]}]},{"@type":"ImageObject","inLanguage":"en-US","@id":"https:\/\/vorulagerinn.is\/product\/the-mini-bastion\/#primaryimage","url":"https:\/\/vorulagerinn.is\/wp-content\/uploads\/2025\/09\/MR7039.jpg","contentUrl":"https:\/\/vorulagerinn.is\/wp-content\/uploads\/2025\/09\/MR7039.jpg","width":600,"height":600},{"@type":"BreadcrumbList","@id":"https:\/\/vorulagerinn.is\/product\/the-mini-bastion\/#breadcrumb","itemListElement":[{"@type":"ListItem","position":1,"name":"Home","item":"https:\/\/vorulagerinn.is\/"},{"@type":"ListItem","position":2,"name":"Shop","item":"https:\/\/vorulagerinn.is\/en\/shop\/"},{"@type":"ListItem","position":3,"name":"The Mini Bastion vatnsheld 8,6 l\u00edtra hli\u00f0artaska \/ Cross Body taska me\u00f0 USB tengi &amp; talnal\u00e1s"}]},{"@type":"WebSite","@id":"https:\/\/vorulagerinn.is\/#website","url":"https:\/\/vorulagerinn.is\/","name":"V\u00f6rulagerinn","description":"L\u00e1ttu \u00fea\u00f0 eftir \u00fe\u00e9r","publisher":{"@id":"https:\/\/vorulagerinn.is\/#organization"},"potentialAction":[{"@type":"SearchAction","target":{"@type":"EntryPoint","urlTemplate":"https:\/\/vorulagerinn.is\/?s={search_term_string}"},"query-input":{"@type":"PropertyValueSpecification","valueRequired":true,"valueName":"search_term_string"}}],"inLanguage":"en-US"},{"@type":"Organization","@id":"https:\/\/vorulagerinn.is\/#organization","name":"V\u00f6rulagerinn","url":"https:\/\/vorulagerinn.is\/","logo":{"@type":"ImageObject","inLanguage":"en-US","@id":"https:\/\/vorulagerinn.is\/#\/schema\/logo\/image\/","url":"https:\/\/vorulagerinn.is\/wp-content\/uploads\/2022\/09\/Vorulagerinn-Logo-588x160-1.png","contentUrl":"https:\/\/vorulagerinn.is\/wp-content\/uploads\/2022\/09\/Vorulagerinn-Logo-588x160-1.png","width":588,"height":160,"caption":"V\u00f6rulagerinn"},"image":{"@id":"https:\/\/vorulagerinn.is\/#\/schema\/logo\/image\/"},"sameAs":["https:\/\/www.facebook.com\/vorulagerinn","https:\/\/www.instagram.com\/vorulagerinn\/"]}]},"product_price_amount":"11920","product_price_currency":"ISK","og_availability":"out of stock","product_availability":"out of stock","product_retailer_item_id":"MR7039","product_condition":"new"},"_links":{"self":[{"href":"https:\/\/vorulagerinn.is\/en\/wp-json\/wp\/v2\/product\/28790","targetHints":{"allow":["GET"]}}],"collection":[{"href":"https:\/\/vorulagerinn.is\/en\/wp-json\/wp\/v2\/product"}],"about":[{"href":"https:\/\/vorulagerinn.is\/en\/wp-json\/wp\/v2\/types\/product"}],"wp:featuredmedia":[{"embeddable":true,"href":"https:\/\/vorulagerinn.is\/en\/wp-json\/wp\/v2\/media\/28784"}],"wp:attachment":[{"href":"https:\/\/vorulagerinn.is\/en\/wp-json\/wp\/v2\/media?parent=28790"}],"wp:term":[{"taxonomy":"product_brand","embeddable":true,"href":"https:\/\/vorulagerinn.is\/en\/wp-json\/wp\/v2\/product_brand?post=28790"},{"taxonomy":"product_cat","embeddable":true,"href":"https:\/\/vorulagerinn.is\/en\/wp-json\/wp\/v2\/product_cat?post=28790"},{"taxonomy":"product_tag","embeddable":true,"href":"https:\/\/vorulagerinn.is\/en\/wp-json\/wp\/v2\/product_tag?post=28790"}],"curies":[{"name":"wp","href":"https:\/\/api.w.org\/{rel}","templated":true}]}}