{"id":28799,"date":"2025-07-10T08:22:40","date_gmt":"2025-07-10T08:22:40","guid":{"rendered":"https:\/\/vorulagerinn.is\/product\/the-deformable-ii\/"},"modified":"2025-12-29T19:46:21","modified_gmt":"2025-12-29T19:46:21","slug":"the-deformable-ii","status":"publish","type":"product","link":"https:\/\/vorulagerinn.is\/en\/product\/the-deformable-ii\/","title":{"rendered":"The Deformable II er 32,5 l\u00edtra helgartaska me\u00f0 st\u00f3ru a\u00f0alh\u00f3lfi &amp; s\u00e9r h\u00f3lfi me\u00f0 loftun fyrir sk\u00f3b\u00fana\u00f0"},"content":{"rendered":"<div style=\"width: 1020px;\" class=\"wp-video\"><video class=\"wp-video-shortcode\" id=\"video-28799-1\" width=\"1020\" height=\"574\" preload=\"metadata\" controls=\"controls\"><source type=\"video\/mp4\" src=\"https:\/\/fodurlandid.is\/wp-content\/uploads\/2025\/07\/Mr3006.mp4?_=1\" \/><a href=\"https:\/\/fodurlandid.is\/wp-content\/uploads\/2025\/07\/Mr3006.mp4\">https:\/\/fodurlandid.is\/wp-content\/uploads\/2025\/07\/Mr3006.mp4<\/a><\/video><\/div>\n","protected":false},"excerpt":{"rendered":"<p>Falleg, st\u00edlhrein og v\u00f6ndu\u00f0 helgartaska sem hentar einstaklega vel \u00ed r\u00e6ktina, \u00ed\u00fer\u00f3ttir og b\u00fasta\u00f0inn. Taskan er 32,5 l\u00edtra me\u00f0 s\u00e9r h\u00f3lfi me\u00f0 loftun fyrir sk\u00f3b\u00fana\u00f0 e\u00f0a blaut f\u00f6t til a\u00f0 halda a\u00f0skildum fr\u00e1 \u00f6\u00f0rum. A\u00f0alh\u00f3lfi\u00f0 er me\u00f0 tveimur hli\u00f0arv\u00f6sum og einum renndum. \u00dea\u00f0 eru tveir st\u00f3rir renndir vasar \u00e1 sitt hvorri hli\u00f0inni \u00e1 t\u00f6skunni og \u00e1 endum er annars vegar h\u00f3lf fyrir sk\u00f3gb\u00fana\u00f0 me\u00f0 rennil\u00e1s og hins vegar vasi fyrir t.d. sjamp\u00f3 og h\u00e1rn\u00e6ringu loka\u00f0 me\u00f0 rennil\u00e1s. Taskan er me\u00f0 YKK rennil\u00e1sum sem eru taldir \u00feeir bestu \u00e1 marka\u00f0inum og endast mun lengur.<\/p>\n<p>Sj\u00e1\u00f0u myndband af t\u00f6skunni ne\u00f0ar \u00e1 \u00feessari s\u00ed\u00f0u.<\/p>\n<p>\u2013 Litur: Svartur<br \/>\n\u2013 St\u00e6r\u00f0: 50cm x 25cm x 26cm (32,5 l\u00edtrar)<br \/>\n\u2013 \u00deyngd: 0,84 kg<br \/>\n\u2013 Efni: Oxford<br \/>\n\u2013 YKK rennil\u00e1sar<\/p>\n","protected":false},"featured_media":28791,"template":"","meta":[],"product_brand":[412],"product_cat":[400],"product_tag":[],"class_list":{"0":"post-28799","1":"product","2":"type-product","3":"status-publish","4":"has-post-thumbnail","6":"product_brand-mark-ryden","7":"product_cat-helgar-og-ithrottatoskur","9":"first","10":"instock","11":"sale","12":"taxable","13":"shipping-taxable","14":"purchasable","15":"product-type-simple"},"supplier_id":null,"supplier_sku":"","barcode":null,"atum_controlled":true,"out_stock_date":null,"out_stock_threshold":null,"inheritable":false,"inbound_stock":0,"stock_on_hold":0,"sold_today":0,"sales_last_days":0,"reserved_stock":0,"customer_returns":0,"warehouse_damage":0,"lost_in_post":0,"other_logs":0,"out_stock_days":0,"lost_sales":0,"has_location":false,"update_date":"2026-04-19T00:23:33","atum_locations":[],"atum_stock_status":"instock","restock_status":false,"low_stock_amount":"","sales_update_date":"2026-04-19T00:23:33","calc_backorders":null,"yoast_head":"<!-- This site is optimized with the Yoast SEO Premium plugin v26.6 (Yoast SEO v27.3) - https:\/\/yoast.com\/product\/yoast-seo-premium-wordpress\/ -->\n<title>The Deformable II er 32.5 l\u00edtra helgartaska | H\u00f3lf fyrir sk\u00f3b\u00fana\u00f0<\/title>\n<meta name=\"description\" content=\"V\u00f6ndu\u00f0 helgartaska, fullkomin fyrir \u00ed\u00fer\u00f3ttir og r\u00e6ktina! The Deformable II fr\u00e1 Mark Ryden er 32,5 l\u00edtra me\u00f0 s\u00e9r h\u00f3lfi fyrir sk\u00f3b\u00fana\u00f0 e\u00f0a blaut f\u00f6t.\" \/>\n<meta name=\"robots\" content=\"index, follow, max-snippet:-1, max-image-preview:large, max-video-preview:-1\" \/>\n<link rel=\"canonical\" href=\"https:\/\/vorulagerinn.is\/product\/the-deformable-ii\/\" \/>\n<meta property=\"og:locale\" content=\"en_US\" \/>\n<meta property=\"og:type\" content=\"article\" \/>\n<meta property=\"og:title\" content=\"The Deformable II er 32,5 l\u00edtra helgartaska me\u00f0 st\u00f3ru a\u00f0alh\u00f3lfi &amp; s\u00e9r h\u00f3lfi me\u00f0 loftun fyrir sk\u00f3b\u00fana\u00f0\" \/>\n<meta property=\"og:description\" content=\"V\u00f6ndu\u00f0 helgartaska, fullkomin fyrir \u00ed\u00fer\u00f3ttir og r\u00e6ktina! The Deformable II fr\u00e1 Mark Ryden er 32,5 l\u00edtra me\u00f0 s\u00e9r h\u00f3lfi fyrir sk\u00f3b\u00fana\u00f0 e\u00f0a blaut f\u00f6t.\" \/>\n<meta property=\"og:url\" content=\"https:\/\/vorulagerinn.is\/product\/the-deformable-ii\/\" \/>\n<meta property=\"og:site_name\" content=\"V&ouml;rulagerinn\" \/>\n<meta property=\"article:publisher\" content=\"https:\/\/www.facebook.com\/vorulagerinn\" \/>\n<meta property=\"article:modified_time\" content=\"2025-12-29T19:46:21+00:00\" \/>\n<meta property=\"og:image\" content=\"https:\/\/vorulagerinn.is\/wp-content\/uploads\/2025\/09\/MR3006.jpg\" \/>\n\t<meta property=\"og:image:width\" content=\"600\" \/>\n\t<meta property=\"og:image:height\" content=\"600\" \/>\n\t<meta property=\"og:image:type\" content=\"image\/jpeg\" \/>\n<meta name=\"twitter:card\" content=\"summary_large_image\" \/>\n<meta name=\"twitter:label1\" content=\"Price\" \/>\n\t<meta name=\"twitter:data1\" content=\"15.990&nbsp;kr.\" \/>\n\t<meta name=\"twitter:label2\" content=\"Availability\" \/>\n\t<meta name=\"twitter:data2\" content=\"In stock\" \/>\n<script type=\"application\/ld+json\" class=\"yoast-schema-graph\">{\"@context\":\"https:\\\/\\\/schema.org\",\"@graph\":[{\"@type\":\"WebPage\",\"@id\":\"https:\\\/\\\/vorulagerinn.is\\\/product\\\/the-deformable-ii\\\/\",\"url\":\"https:\\\/\\\/vorulagerinn.is\\\/product\\\/the-deformable-ii\\\/\",\"name\":\"The Deformable II er 32.5 l\u00edtra helgartaska | H\u00f3lf fyrir sk\u00f3b\u00fana\u00f0\",\"isPartOf\":{\"@id\":\"https:\\\/\\\/vorulagerinn.is\\\/#website\"},\"primaryImageOfPage\":{\"@id\":\"https:\\\/\\\/vorulagerinn.is\\\/product\\\/the-deformable-ii\\\/#primaryimage\"},\"image\":{\"@id\":\"https:\\\/\\\/vorulagerinn.is\\\/product\\\/the-deformable-ii\\\/#primaryimage\"},\"thumbnailUrl\":\"https:\\\/\\\/vorulagerinn.is\\\/wp-content\\\/uploads\\\/2025\\\/09\\\/MR3006.jpg\",\"datePublished\":\"2025-07-10T08:22:40+00:00\",\"dateModified\":\"2025-12-29T19:46:21+00:00\",\"description\":\"V\u00f6ndu\u00f0 helgartaska, fullkomin fyrir \u00ed\u00fer\u00f3ttir og r\u00e6ktina! The Deformable II fr\u00e1 Mark Ryden er 32,5 l\u00edtra me\u00f0 s\u00e9r h\u00f3lfi fyrir sk\u00f3b\u00fana\u00f0 e\u00f0a blaut f\u00f6t.\",\"breadcrumb\":{\"@id\":\"https:\\\/\\\/vorulagerinn.is\\\/product\\\/the-deformable-ii\\\/#breadcrumb\"},\"inLanguage\":\"en-US\",\"potentialAction\":[{\"@type\":\"ReadAction\",\"target\":[\"https:\\\/\\\/vorulagerinn.is\\\/product\\\/the-deformable-ii\\\/\"]}]},{\"@type\":\"ImageObject\",\"inLanguage\":\"en-US\",\"@id\":\"https:\\\/\\\/vorulagerinn.is\\\/product\\\/the-deformable-ii\\\/#primaryimage\",\"url\":\"https:\\\/\\\/vorulagerinn.is\\\/wp-content\\\/uploads\\\/2025\\\/09\\\/MR3006.jpg\",\"contentUrl\":\"https:\\\/\\\/vorulagerinn.is\\\/wp-content\\\/uploads\\\/2025\\\/09\\\/MR3006.jpg\",\"width\":600,\"height\":600},{\"@type\":\"BreadcrumbList\",\"@id\":\"https:\\\/\\\/vorulagerinn.is\\\/product\\\/the-deformable-ii\\\/#breadcrumb\",\"itemListElement\":[{\"@type\":\"ListItem\",\"position\":1,\"name\":\"Home\",\"item\":\"https:\\\/\\\/vorulagerinn.is\\\/\"},{\"@type\":\"ListItem\",\"position\":2,\"name\":\"Shop\",\"item\":\"https:\\\/\\\/vorulagerinn.is\\\/en\\\/shop\\\/\"},{\"@type\":\"ListItem\",\"position\":3,\"name\":\"The Deformable II er 32,5 l\u00edtra helgartaska me\u00f0 st\u00f3ru a\u00f0alh\u00f3lfi &amp; s\u00e9r h\u00f3lfi me\u00f0 loftun fyrir sk\u00f3b\u00fana\u00f0\"}]},{\"@type\":\"WebSite\",\"@id\":\"https:\\\/\\\/vorulagerinn.is\\\/#website\",\"url\":\"https:\\\/\\\/vorulagerinn.is\\\/\",\"name\":\"V\u00f6rulagerinn\",\"description\":\"L\u00e1ttu \u00fea\u00f0 eftir \u00fe\u00e9r\",\"publisher\":{\"@id\":\"https:\\\/\\\/vorulagerinn.is\\\/#organization\"},\"potentialAction\":[{\"@type\":\"SearchAction\",\"target\":{\"@type\":\"EntryPoint\",\"urlTemplate\":\"https:\\\/\\\/vorulagerinn.is\\\/?s={search_term_string}\"},\"query-input\":{\"@type\":\"PropertyValueSpecification\",\"valueRequired\":true,\"valueName\":\"search_term_string\"}}],\"inLanguage\":\"en-US\"},{\"@type\":\"Organization\",\"@id\":\"https:\\\/\\\/vorulagerinn.is\\\/#organization\",\"name\":\"V\u00f6rulagerinn\",\"url\":\"https:\\\/\\\/vorulagerinn.is\\\/\",\"logo\":{\"@type\":\"ImageObject\",\"inLanguage\":\"en-US\",\"@id\":\"https:\\\/\\\/vorulagerinn.is\\\/#\\\/schema\\\/logo\\\/image\\\/\",\"url\":\"https:\\\/\\\/vorulagerinn.is\\\/wp-content\\\/uploads\\\/2022\\\/09\\\/Vorulagerinn-Logo-588x160-1.png\",\"contentUrl\":\"https:\\\/\\\/vorulagerinn.is\\\/wp-content\\\/uploads\\\/2022\\\/09\\\/Vorulagerinn-Logo-588x160-1.png\",\"width\":588,\"height\":160,\"caption\":\"V\u00f6rulagerinn\"},\"image\":{\"@id\":\"https:\\\/\\\/vorulagerinn.is\\\/#\\\/schema\\\/logo\\\/image\\\/\"},\"sameAs\":[\"https:\\\/\\\/www.facebook.com\\\/vorulagerinn\",\"https:\\\/\\\/www.instagram.com\\\/vorulagerinn\\\/\"]}]}<\/script>\n<meta property=\"product:price:amount\" content=\"15990\" \/>\n<meta property=\"product:price:currency\" content=\"ISK\" \/>\n<meta property=\"og:availability\" content=\"instock\" \/>\n<meta property=\"product:availability\" content=\"instock\" \/>\n<meta property=\"product:retailer_item_id\" content=\"MR3006\" \/>\n<meta property=\"product:condition\" content=\"new\" \/>\n<!-- \/ Yoast SEO Premium plugin. -->","yoast_head_json":{"title":"The Deformable II er 32.5 l\u00edtra helgartaska | H\u00f3lf fyrir sk\u00f3b\u00fana\u00f0","description":"V\u00f6ndu\u00f0 helgartaska, fullkomin fyrir \u00ed\u00fer\u00f3ttir og r\u00e6ktina! The Deformable II fr\u00e1 Mark Ryden er 32,5 l\u00edtra me\u00f0 s\u00e9r h\u00f3lfi fyrir sk\u00f3b\u00fana\u00f0 e\u00f0a blaut f\u00f6t.","robots":{"index":"index","follow":"follow","max-snippet":"max-snippet:-1","max-image-preview":"max-image-preview:large","max-video-preview":"max-video-preview:-1"},"canonical":"https:\/\/vorulagerinn.is\/product\/the-deformable-ii\/","og_locale":"en_US","og_type":"article","og_title":"The Deformable II er 32,5 l\u00edtra helgartaska me\u00f0 st\u00f3ru a\u00f0alh\u00f3lfi &amp; s\u00e9r h\u00f3lfi me\u00f0 loftun fyrir sk\u00f3b\u00fana\u00f0","og_description":"V\u00f6ndu\u00f0 helgartaska, fullkomin fyrir \u00ed\u00fer\u00f3ttir og r\u00e6ktina! The Deformable II fr\u00e1 Mark Ryden er 32,5 l\u00edtra me\u00f0 s\u00e9r h\u00f3lfi fyrir sk\u00f3b\u00fana\u00f0 e\u00f0a blaut f\u00f6t.","og_url":"https:\/\/vorulagerinn.is\/product\/the-deformable-ii\/","og_site_name":"V&ouml;rulagerinn","article_publisher":"https:\/\/www.facebook.com\/vorulagerinn","article_modified_time":"2025-12-29T19:46:21+00:00","og_image":[{"width":600,"height":600,"url":"https:\/\/vorulagerinn.is\/wp-content\/uploads\/2025\/09\/MR3006.jpg","type":"image\/jpeg"}],"twitter_card":"summary_large_image","twitter_misc":{"Price":"15.990&nbsp;kr.","Availability":"In stock"},"schema":{"@context":"https:\/\/schema.org","@graph":[{"@type":"WebPage","@id":"https:\/\/vorulagerinn.is\/product\/the-deformable-ii\/","url":"https:\/\/vorulagerinn.is\/product\/the-deformable-ii\/","name":"The Deformable II er 32.5 l\u00edtra helgartaska | H\u00f3lf fyrir sk\u00f3b\u00fana\u00f0","isPartOf":{"@id":"https:\/\/vorulagerinn.is\/#website"},"primaryImageOfPage":{"@id":"https:\/\/vorulagerinn.is\/product\/the-deformable-ii\/#primaryimage"},"image":{"@id":"https:\/\/vorulagerinn.is\/product\/the-deformable-ii\/#primaryimage"},"thumbnailUrl":"https:\/\/vorulagerinn.is\/wp-content\/uploads\/2025\/09\/MR3006.jpg","datePublished":"2025-07-10T08:22:40+00:00","dateModified":"2025-12-29T19:46:21+00:00","description":"V\u00f6ndu\u00f0 helgartaska, fullkomin fyrir \u00ed\u00fer\u00f3ttir og r\u00e6ktina! The Deformable II fr\u00e1 Mark Ryden er 32,5 l\u00edtra me\u00f0 s\u00e9r h\u00f3lfi fyrir sk\u00f3b\u00fana\u00f0 e\u00f0a blaut f\u00f6t.","breadcrumb":{"@id":"https:\/\/vorulagerinn.is\/product\/the-deformable-ii\/#breadcrumb"},"inLanguage":"en-US","potentialAction":[{"@type":"ReadAction","target":["https:\/\/vorulagerinn.is\/product\/the-deformable-ii\/"]}]},{"@type":"ImageObject","inLanguage":"en-US","@id":"https:\/\/vorulagerinn.is\/product\/the-deformable-ii\/#primaryimage","url":"https:\/\/vorulagerinn.is\/wp-content\/uploads\/2025\/09\/MR3006.jpg","contentUrl":"https:\/\/vorulagerinn.is\/wp-content\/uploads\/2025\/09\/MR3006.jpg","width":600,"height":600},{"@type":"BreadcrumbList","@id":"https:\/\/vorulagerinn.is\/product\/the-deformable-ii\/#breadcrumb","itemListElement":[{"@type":"ListItem","position":1,"name":"Home","item":"https:\/\/vorulagerinn.is\/"},{"@type":"ListItem","position":2,"name":"Shop","item":"https:\/\/vorulagerinn.is\/en\/shop\/"},{"@type":"ListItem","position":3,"name":"The Deformable II er 32,5 l\u00edtra helgartaska me\u00f0 st\u00f3ru a\u00f0alh\u00f3lfi &amp; s\u00e9r h\u00f3lfi me\u00f0 loftun fyrir sk\u00f3b\u00fana\u00f0"}]},{"@type":"WebSite","@id":"https:\/\/vorulagerinn.is\/#website","url":"https:\/\/vorulagerinn.is\/","name":"V\u00f6rulagerinn","description":"L\u00e1ttu \u00fea\u00f0 eftir \u00fe\u00e9r","publisher":{"@id":"https:\/\/vorulagerinn.is\/#organization"},"potentialAction":[{"@type":"SearchAction","target":{"@type":"EntryPoint","urlTemplate":"https:\/\/vorulagerinn.is\/?s={search_term_string}"},"query-input":{"@type":"PropertyValueSpecification","valueRequired":true,"valueName":"search_term_string"}}],"inLanguage":"en-US"},{"@type":"Organization","@id":"https:\/\/vorulagerinn.is\/#organization","name":"V\u00f6rulagerinn","url":"https:\/\/vorulagerinn.is\/","logo":{"@type":"ImageObject","inLanguage":"en-US","@id":"https:\/\/vorulagerinn.is\/#\/schema\/logo\/image\/","url":"https:\/\/vorulagerinn.is\/wp-content\/uploads\/2022\/09\/Vorulagerinn-Logo-588x160-1.png","contentUrl":"https:\/\/vorulagerinn.is\/wp-content\/uploads\/2022\/09\/Vorulagerinn-Logo-588x160-1.png","width":588,"height":160,"caption":"V\u00f6rulagerinn"},"image":{"@id":"https:\/\/vorulagerinn.is\/#\/schema\/logo\/image\/"},"sameAs":["https:\/\/www.facebook.com\/vorulagerinn","https:\/\/www.instagram.com\/vorulagerinn\/"]}]},"product_price_amount":"15990","product_price_currency":"ISK","og_availability":"instock","product_availability":"instock","product_retailer_item_id":"MR3006","product_condition":"new"},"_links":{"self":[{"href":"https:\/\/vorulagerinn.is\/en\/wp-json\/wp\/v2\/product\/28799","targetHints":{"allow":["GET"]}}],"collection":[{"href":"https:\/\/vorulagerinn.is\/en\/wp-json\/wp\/v2\/product"}],"about":[{"href":"https:\/\/vorulagerinn.is\/en\/wp-json\/wp\/v2\/types\/product"}],"wp:featuredmedia":[{"embeddable":true,"href":"https:\/\/vorulagerinn.is\/en\/wp-json\/wp\/v2\/media\/28791"}],"wp:attachment":[{"href":"https:\/\/vorulagerinn.is\/en\/wp-json\/wp\/v2\/media?parent=28799"}],"wp:term":[{"taxonomy":"product_brand","embeddable":true,"href":"https:\/\/vorulagerinn.is\/en\/wp-json\/wp\/v2\/product_brand?post=28799"},{"taxonomy":"product_cat","embeddable":true,"href":"https:\/\/vorulagerinn.is\/en\/wp-json\/wp\/v2\/product_cat?post=28799"},{"taxonomy":"product_tag","embeddable":true,"href":"https:\/\/vorulagerinn.is\/en\/wp-json\/wp\/v2\/product_tag?post=28799"}],"curies":[{"name":"wp","href":"https:\/\/api.w.org\/{rel}","templated":true}]}}