{"id":28815,"date":"2025-07-10T10:26:01","date_gmt":"2025-07-10T10:26:01","guid":{"rendered":"https:\/\/vorulagerinn.is\/product\/the-worksman\/"},"modified":"2026-01-21T12:15:38","modified_gmt":"2026-01-21T12:15:38","slug":"the-worksman","status":"publish","type":"product","link":"https:\/\/vorulagerinn.is\/en\/product\/the-worksman\/","title":{"rendered":"The Worksman er 45 l\u00edtra st\u00edlhrein helgar- og \u00ed\u00fer\u00f3ttataska me\u00f0 s\u00e9r h\u00f3lfi fyrir sk\u00f3b\u00fana\u00f0"},"content":{"rendered":"<div style=\"width: 540px;\" class=\"wp-video\"><video class=\"wp-video-shortcode\" id=\"video-28815-1\" width=\"540\" height=\"540\" preload=\"metadata\" controls=\"controls\"><source type=\"video\/mp4\" src=\"https:\/\/fodurlandid.is\/wp-content\/uploads\/2025\/07\/MR-8206.mp4?_=1\" \/><a href=\"https:\/\/fodurlandid.is\/wp-content\/uploads\/2025\/07\/MR-8206.mp4\">https:\/\/fodurlandid.is\/wp-content\/uploads\/2025\/07\/MR-8206.mp4<\/a><\/video><\/div>\n","protected":false},"excerpt":{"rendered":"<p>St\u00edlhrein og gl\u00e6sileg 45 l\u00edtra helgar- og \u00ed\u00fer\u00f3ttataska me\u00f0 einu a\u00f0alh\u00f3lfi, \u00feremur v\u00f6sum me\u00f0 rennil\u00e1s og tveimur opnum v\u00f6sum. A\u00f0 framan er einn st\u00f3r vasi me\u00f0 rennil\u00e1s \u00e1samt tveimur opnum v\u00f6sum. A\u00f0 aftan er einn vasi me\u00f0 rennil\u00e1s og einn opin vasi. \u00c1 annari hli\u00f0inni er vasi me\u00f0 rennil\u00e1s en \u00e1 hinni er st\u00f3r vasi me\u00f0 loftun og rennil\u00e1s fyrir sk\u00f3b\u00fana\u00f0. Taskan er vatnsheld og hentar einstaklega vel undir \u00fea\u00f0 helsta \u00ed fer\u00f0alagi\u00f0, r\u00e6ktina, sund, \u00e6fingu, b\u00fasta\u00f0inn e\u00f0a erlendis.<\/p>\n<p>Sj\u00e1\u00f0u myndbandi\u00f0 af v\u00f6runni ne\u00f0ar \u00e1 \u00feessari s\u00ed\u00f0u.<\/p>\n<p>\u2013 Litur: Svartur<br \/>\n\u2013 St\u00e6r\u00f0: 55x33x25 cm (45,4 l\u00edtra)<br \/>\n\u2013 \u00deyngd: 1,54 kg<br \/>\n\u2013 Efni: Oxford (vatnsheld)<br \/>\n\u2013 S\u00e9r h\u00f3lf fyrir sk\u00f3b\u00fana\u00f0 (max nr. 45)<\/p>\n","protected":false},"featured_media":28809,"template":"","meta":[],"product_brand":[412],"product_cat":[400],"product_tag":[],"class_list":{"0":"post-28815","1":"product","2":"type-product","3":"status-publish","4":"has-post-thumbnail","6":"product_brand-mark-ryden","7":"product_cat-helgar-og-ithrottatoskur","9":"first","10":"instock","11":"sale","12":"taxable","13":"shipping-taxable","14":"purchasable","15":"product-type-simple"},"supplier_id":null,"supplier_sku":"","barcode":null,"atum_controlled":true,"out_stock_date":null,"out_stock_threshold":null,"inheritable":false,"inbound_stock":0,"stock_on_hold":0,"sold_today":0,"sales_last_days":0,"reserved_stock":0,"customer_returns":0,"warehouse_damage":0,"lost_in_post":0,"other_logs":0,"out_stock_days":0,"lost_sales":0,"has_location":false,"update_date":"2026-04-19T00:23:33","atum_locations":[],"atum_stock_status":"instock","restock_status":false,"low_stock_amount":"","sales_update_date":"2026-04-19T00:23:33","calc_backorders":null,"yoast_head":"<!-- This site is optimized with the Yoast SEO Premium plugin v26.6 (Yoast SEO v27.3) - https:\/\/yoast.com\/product\/yoast-seo-premium-wordpress\/ -->\n<title>The Worksman | 45 l\u00edtra helgar- og \u00ed\u00fer\u00f3ttataska | H\u00f3lf f. sk\u00f3b\u00fana\u00f0<\/title>\n<meta name=\"description\" content=\"Worksman 45 l\u00edtra helgar- og \u00ed\u00fer\u00f3ttat\u00f6skunni fr\u00e1 Mark Ryden. S\u00e9r h\u00f3lf fyrir sk\u00f3b\u00fana\u00f0 og\/e\u00f0a blaut f\u00f6t. Fr\u00e1b\u00e6r taska f. r\u00e6ktina, sund, \u00e6fingu e\u00f0a b\u00fasta\u00f0inn.\" \/>\n<meta name=\"robots\" content=\"index, follow, max-snippet:-1, max-image-preview:large, max-video-preview:-1\" \/>\n<link rel=\"canonical\" href=\"https:\/\/vorulagerinn.is\/product\/the-worksman\/\" \/>\n<meta property=\"og:locale\" content=\"en_US\" \/>\n<meta property=\"og:type\" content=\"article\" \/>\n<meta property=\"og:title\" content=\"The Worksman er 45 l\u00edtra st\u00edlhrein helgar- og \u00ed\u00fer\u00f3ttataska me\u00f0 s\u00e9r h\u00f3lfi fyrir sk\u00f3b\u00fana\u00f0\" \/>\n<meta property=\"og:description\" content=\"Worksman 45 l\u00edtra helgar- og \u00ed\u00fer\u00f3ttat\u00f6skunni fr\u00e1 Mark Ryden. S\u00e9r h\u00f3lf fyrir sk\u00f3b\u00fana\u00f0 og\/e\u00f0a blaut f\u00f6t. Fr\u00e1b\u00e6r taska f. r\u00e6ktina, sund, \u00e6fingu e\u00f0a b\u00fasta\u00f0inn.\" \/>\n<meta property=\"og:url\" content=\"https:\/\/vorulagerinn.is\/product\/the-worksman\/\" \/>\n<meta property=\"og:site_name\" content=\"V&ouml;rulagerinn\" \/>\n<meta property=\"article:publisher\" content=\"https:\/\/www.facebook.com\/vorulagerinn\" \/>\n<meta property=\"article:modified_time\" content=\"2026-01-21T12:15:38+00:00\" \/>\n<meta property=\"og:image\" content=\"https:\/\/vorulagerinn.is\/wp-content\/uploads\/2025\/09\/MR-8206-_-.jpg\" \/>\n\t<meta property=\"og:image:width\" content=\"600\" \/>\n\t<meta property=\"og:image:height\" content=\"600\" \/>\n\t<meta property=\"og:image:type\" content=\"image\/jpeg\" \/>\n<meta name=\"twitter:card\" content=\"summary_large_image\" \/>\n<meta name=\"twitter:label1\" content=\"Price\" \/>\n\t<meta name=\"twitter:data1\" content=\"16.350&nbsp;kr.\" \/>\n\t<meta name=\"twitter:label2\" content=\"Availability\" \/>\n\t<meta name=\"twitter:data2\" content=\"In stock\" \/>\n<script type=\"application\/ld+json\" class=\"yoast-schema-graph\">{\"@context\":\"https:\\\/\\\/schema.org\",\"@graph\":[{\"@type\":\"WebPage\",\"@id\":\"https:\\\/\\\/vorulagerinn.is\\\/product\\\/the-worksman\\\/\",\"url\":\"https:\\\/\\\/vorulagerinn.is\\\/product\\\/the-worksman\\\/\",\"name\":\"The Worksman | 45 l\u00edtra helgar- og \u00ed\u00fer\u00f3ttataska | H\u00f3lf f. sk\u00f3b\u00fana\u00f0\",\"isPartOf\":{\"@id\":\"https:\\\/\\\/vorulagerinn.is\\\/#website\"},\"primaryImageOfPage\":{\"@id\":\"https:\\\/\\\/vorulagerinn.is\\\/product\\\/the-worksman\\\/#primaryimage\"},\"image\":{\"@id\":\"https:\\\/\\\/vorulagerinn.is\\\/product\\\/the-worksman\\\/#primaryimage\"},\"thumbnailUrl\":\"https:\\\/\\\/vorulagerinn.is\\\/wp-content\\\/uploads\\\/2025\\\/09\\\/MR-8206-_-.jpg\",\"datePublished\":\"2025-07-10T10:26:01+00:00\",\"dateModified\":\"2026-01-21T12:15:38+00:00\",\"description\":\"Worksman 45 l\u00edtra helgar- og \u00ed\u00fer\u00f3ttat\u00f6skunni fr\u00e1 Mark Ryden. S\u00e9r h\u00f3lf fyrir sk\u00f3b\u00fana\u00f0 og\\\/e\u00f0a blaut f\u00f6t. Fr\u00e1b\u00e6r taska f. r\u00e6ktina, sund, \u00e6fingu e\u00f0a b\u00fasta\u00f0inn.\",\"breadcrumb\":{\"@id\":\"https:\\\/\\\/vorulagerinn.is\\\/product\\\/the-worksman\\\/#breadcrumb\"},\"inLanguage\":\"en-US\",\"potentialAction\":[{\"@type\":\"ReadAction\",\"target\":[\"https:\\\/\\\/vorulagerinn.is\\\/product\\\/the-worksman\\\/\"]}]},{\"@type\":\"ImageObject\",\"inLanguage\":\"en-US\",\"@id\":\"https:\\\/\\\/vorulagerinn.is\\\/product\\\/the-worksman\\\/#primaryimage\",\"url\":\"https:\\\/\\\/vorulagerinn.is\\\/wp-content\\\/uploads\\\/2025\\\/09\\\/MR-8206-_-.jpg\",\"contentUrl\":\"https:\\\/\\\/vorulagerinn.is\\\/wp-content\\\/uploads\\\/2025\\\/09\\\/MR-8206-_-.jpg\",\"width\":600,\"height\":600},{\"@type\":\"BreadcrumbList\",\"@id\":\"https:\\\/\\\/vorulagerinn.is\\\/product\\\/the-worksman\\\/#breadcrumb\",\"itemListElement\":[{\"@type\":\"ListItem\",\"position\":1,\"name\":\"Home\",\"item\":\"https:\\\/\\\/vorulagerinn.is\\\/\"},{\"@type\":\"ListItem\",\"position\":2,\"name\":\"Shop\",\"item\":\"https:\\\/\\\/vorulagerinn.is\\\/en\\\/shop\\\/\"},{\"@type\":\"ListItem\",\"position\":3,\"name\":\"The Worksman er 45 l\u00edtra st\u00edlhrein helgar- og \u00ed\u00fer\u00f3ttataska me\u00f0 s\u00e9r h\u00f3lfi fyrir sk\u00f3b\u00fana\u00f0\"}]},{\"@type\":\"WebSite\",\"@id\":\"https:\\\/\\\/vorulagerinn.is\\\/#website\",\"url\":\"https:\\\/\\\/vorulagerinn.is\\\/\",\"name\":\"V\u00f6rulagerinn\",\"description\":\"L\u00e1ttu \u00fea\u00f0 eftir \u00fe\u00e9r\",\"publisher\":{\"@id\":\"https:\\\/\\\/vorulagerinn.is\\\/#organization\"},\"potentialAction\":[{\"@type\":\"SearchAction\",\"target\":{\"@type\":\"EntryPoint\",\"urlTemplate\":\"https:\\\/\\\/vorulagerinn.is\\\/?s={search_term_string}\"},\"query-input\":{\"@type\":\"PropertyValueSpecification\",\"valueRequired\":true,\"valueName\":\"search_term_string\"}}],\"inLanguage\":\"en-US\"},{\"@type\":\"Organization\",\"@id\":\"https:\\\/\\\/vorulagerinn.is\\\/#organization\",\"name\":\"V\u00f6rulagerinn\",\"url\":\"https:\\\/\\\/vorulagerinn.is\\\/\",\"logo\":{\"@type\":\"ImageObject\",\"inLanguage\":\"en-US\",\"@id\":\"https:\\\/\\\/vorulagerinn.is\\\/#\\\/schema\\\/logo\\\/image\\\/\",\"url\":\"https:\\\/\\\/vorulagerinn.is\\\/wp-content\\\/uploads\\\/2022\\\/09\\\/Vorulagerinn-Logo-588x160-1.png\",\"contentUrl\":\"https:\\\/\\\/vorulagerinn.is\\\/wp-content\\\/uploads\\\/2022\\\/09\\\/Vorulagerinn-Logo-588x160-1.png\",\"width\":588,\"height\":160,\"caption\":\"V\u00f6rulagerinn\"},\"image\":{\"@id\":\"https:\\\/\\\/vorulagerinn.is\\\/#\\\/schema\\\/logo\\\/image\\\/\"},\"sameAs\":[\"https:\\\/\\\/www.facebook.com\\\/vorulagerinn\",\"https:\\\/\\\/www.instagram.com\\\/vorulagerinn\\\/\"]}]}<\/script>\n<meta property=\"product:price:amount\" content=\"16350\" \/>\n<meta property=\"product:price:currency\" content=\"ISK\" \/>\n<meta property=\"og:availability\" content=\"instock\" \/>\n<meta property=\"product:availability\" content=\"instock\" \/>\n<meta property=\"product:retailer_item_id\" content=\"MR-8206\" \/>\n<meta property=\"product:condition\" content=\"new\" \/>\n<!-- \/ Yoast SEO Premium plugin. -->","yoast_head_json":{"title":"The Worksman | 45 l\u00edtra helgar- og \u00ed\u00fer\u00f3ttataska | H\u00f3lf f. sk\u00f3b\u00fana\u00f0","description":"Worksman 45 l\u00edtra helgar- og \u00ed\u00fer\u00f3ttat\u00f6skunni fr\u00e1 Mark Ryden. S\u00e9r h\u00f3lf fyrir sk\u00f3b\u00fana\u00f0 og\/e\u00f0a blaut f\u00f6t. Fr\u00e1b\u00e6r taska f. r\u00e6ktina, sund, \u00e6fingu e\u00f0a b\u00fasta\u00f0inn.","robots":{"index":"index","follow":"follow","max-snippet":"max-snippet:-1","max-image-preview":"max-image-preview:large","max-video-preview":"max-video-preview:-1"},"canonical":"https:\/\/vorulagerinn.is\/product\/the-worksman\/","og_locale":"en_US","og_type":"article","og_title":"The Worksman er 45 l\u00edtra st\u00edlhrein helgar- og \u00ed\u00fer\u00f3ttataska me\u00f0 s\u00e9r h\u00f3lfi fyrir sk\u00f3b\u00fana\u00f0","og_description":"Worksman 45 l\u00edtra helgar- og \u00ed\u00fer\u00f3ttat\u00f6skunni fr\u00e1 Mark Ryden. S\u00e9r h\u00f3lf fyrir sk\u00f3b\u00fana\u00f0 og\/e\u00f0a blaut f\u00f6t. Fr\u00e1b\u00e6r taska f. r\u00e6ktina, sund, \u00e6fingu e\u00f0a b\u00fasta\u00f0inn.","og_url":"https:\/\/vorulagerinn.is\/product\/the-worksman\/","og_site_name":"V&ouml;rulagerinn","article_publisher":"https:\/\/www.facebook.com\/vorulagerinn","article_modified_time":"2026-01-21T12:15:38+00:00","og_image":[{"width":600,"height":600,"url":"https:\/\/vorulagerinn.is\/wp-content\/uploads\/2025\/09\/MR-8206-_-.jpg","type":"image\/jpeg"}],"twitter_card":"summary_large_image","twitter_misc":{"Price":"16.350&nbsp;kr.","Availability":"In stock"},"schema":{"@context":"https:\/\/schema.org","@graph":[{"@type":"WebPage","@id":"https:\/\/vorulagerinn.is\/product\/the-worksman\/","url":"https:\/\/vorulagerinn.is\/product\/the-worksman\/","name":"The Worksman | 45 l\u00edtra helgar- og \u00ed\u00fer\u00f3ttataska | H\u00f3lf f. sk\u00f3b\u00fana\u00f0","isPartOf":{"@id":"https:\/\/vorulagerinn.is\/#website"},"primaryImageOfPage":{"@id":"https:\/\/vorulagerinn.is\/product\/the-worksman\/#primaryimage"},"image":{"@id":"https:\/\/vorulagerinn.is\/product\/the-worksman\/#primaryimage"},"thumbnailUrl":"https:\/\/vorulagerinn.is\/wp-content\/uploads\/2025\/09\/MR-8206-_-.jpg","datePublished":"2025-07-10T10:26:01+00:00","dateModified":"2026-01-21T12:15:38+00:00","description":"Worksman 45 l\u00edtra helgar- og \u00ed\u00fer\u00f3ttat\u00f6skunni fr\u00e1 Mark Ryden. S\u00e9r h\u00f3lf fyrir sk\u00f3b\u00fana\u00f0 og\/e\u00f0a blaut f\u00f6t. Fr\u00e1b\u00e6r taska f. r\u00e6ktina, sund, \u00e6fingu e\u00f0a b\u00fasta\u00f0inn.","breadcrumb":{"@id":"https:\/\/vorulagerinn.is\/product\/the-worksman\/#breadcrumb"},"inLanguage":"en-US","potentialAction":[{"@type":"ReadAction","target":["https:\/\/vorulagerinn.is\/product\/the-worksman\/"]}]},{"@type":"ImageObject","inLanguage":"en-US","@id":"https:\/\/vorulagerinn.is\/product\/the-worksman\/#primaryimage","url":"https:\/\/vorulagerinn.is\/wp-content\/uploads\/2025\/09\/MR-8206-_-.jpg","contentUrl":"https:\/\/vorulagerinn.is\/wp-content\/uploads\/2025\/09\/MR-8206-_-.jpg","width":600,"height":600},{"@type":"BreadcrumbList","@id":"https:\/\/vorulagerinn.is\/product\/the-worksman\/#breadcrumb","itemListElement":[{"@type":"ListItem","position":1,"name":"Home","item":"https:\/\/vorulagerinn.is\/"},{"@type":"ListItem","position":2,"name":"Shop","item":"https:\/\/vorulagerinn.is\/en\/shop\/"},{"@type":"ListItem","position":3,"name":"The Worksman er 45 l\u00edtra st\u00edlhrein helgar- og \u00ed\u00fer\u00f3ttataska me\u00f0 s\u00e9r h\u00f3lfi fyrir sk\u00f3b\u00fana\u00f0"}]},{"@type":"WebSite","@id":"https:\/\/vorulagerinn.is\/#website","url":"https:\/\/vorulagerinn.is\/","name":"V\u00f6rulagerinn","description":"L\u00e1ttu \u00fea\u00f0 eftir \u00fe\u00e9r","publisher":{"@id":"https:\/\/vorulagerinn.is\/#organization"},"potentialAction":[{"@type":"SearchAction","target":{"@type":"EntryPoint","urlTemplate":"https:\/\/vorulagerinn.is\/?s={search_term_string}"},"query-input":{"@type":"PropertyValueSpecification","valueRequired":true,"valueName":"search_term_string"}}],"inLanguage":"en-US"},{"@type":"Organization","@id":"https:\/\/vorulagerinn.is\/#organization","name":"V\u00f6rulagerinn","url":"https:\/\/vorulagerinn.is\/","logo":{"@type":"ImageObject","inLanguage":"en-US","@id":"https:\/\/vorulagerinn.is\/#\/schema\/logo\/image\/","url":"https:\/\/vorulagerinn.is\/wp-content\/uploads\/2022\/09\/Vorulagerinn-Logo-588x160-1.png","contentUrl":"https:\/\/vorulagerinn.is\/wp-content\/uploads\/2022\/09\/Vorulagerinn-Logo-588x160-1.png","width":588,"height":160,"caption":"V\u00f6rulagerinn"},"image":{"@id":"https:\/\/vorulagerinn.is\/#\/schema\/logo\/image\/"},"sameAs":["https:\/\/www.facebook.com\/vorulagerinn","https:\/\/www.instagram.com\/vorulagerinn\/"]}]},"product_price_amount":"16350","product_price_currency":"ISK","og_availability":"instock","product_availability":"instock","product_retailer_item_id":"MR-8206","product_condition":"new"},"_links":{"self":[{"href":"https:\/\/vorulagerinn.is\/en\/wp-json\/wp\/v2\/product\/28815","targetHints":{"allow":["GET"]}}],"collection":[{"href":"https:\/\/vorulagerinn.is\/en\/wp-json\/wp\/v2\/product"}],"about":[{"href":"https:\/\/vorulagerinn.is\/en\/wp-json\/wp\/v2\/types\/product"}],"wp:featuredmedia":[{"embeddable":true,"href":"https:\/\/vorulagerinn.is\/en\/wp-json\/wp\/v2\/media\/28809"}],"wp:attachment":[{"href":"https:\/\/vorulagerinn.is\/en\/wp-json\/wp\/v2\/media?parent=28815"}],"wp:term":[{"taxonomy":"product_brand","embeddable":true,"href":"https:\/\/vorulagerinn.is\/en\/wp-json\/wp\/v2\/product_brand?post=28815"},{"taxonomy":"product_cat","embeddable":true,"href":"https:\/\/vorulagerinn.is\/en\/wp-json\/wp\/v2\/product_cat?post=28815"},{"taxonomy":"product_tag","embeddable":true,"href":"https:\/\/vorulagerinn.is\/en\/wp-json\/wp\/v2\/product_tag?post=28815"}],"curies":[{"name":"wp","href":"https:\/\/api.w.org\/{rel}","templated":true}]}}