{"id":28896,"date":"2025-07-14T12:14:28","date_gmt":"2025-07-14T12:14:28","guid":{"rendered":"https:\/\/vorulagerinn.is\/product\/duohuepack\/"},"modified":"2026-03-31T08:42:58","modified_gmt":"2026-03-31T08:42:58","slug":"duohuepack","status":"publish","type":"product","link":"https:\/\/vorulagerinn.is\/en\/product\/duohuepack\/","title":{"rendered":"DuoHuePack er 22 l\u00edtra fart\u00f6lvubakpoki \/ sk\u00f3lataska fyrir allt a\u00f0 15,6&#8243; fart\u00f6lvur &amp; USB hle\u00f0slutengi fyrir snjallt\u00e6ki"},"content":{"rendered":"","protected":false},"excerpt":{"rendered":"<p>Taskan er 22 l\u00edtra me\u00f0 r\u00famg\u00f3\u00f0u r\u00fdmi og er \u00far vatnsfr\u00e1hrindandi Oxford efni. \u00c1 t\u00f6skunni eru m\u00f6rg h\u00f3lf. A\u00f0 framan er st\u00f3r renndur vasi og aftan \u00e1 t\u00f6skunni er annar renndur vasi a\u00f0 svipa\u00f0ri st\u00e6r\u00f0. \u00c1 hli\u00f0um t\u00f6skunnar eru vasar sem henta fyrir vatnsbr\u00fasa, regnhl\u00edfar o.\u00fe.h. Innan \u00ed baki t\u00f6skunnar er s\u00e9r h\u00f3lf fyrir allt a\u00f0 15,6\u2033 fart\u00f6lvu, anna\u00f0 h\u00f3lf fyrir allt a\u00f0 12,9\u2033 spjaldt\u00f6lvu og \u00e1 m\u00f3ti eru tveir vasar annar renndur og hinn opinn. \u00c1 annari hli\u00f0inni er USB-A og USB-C hle\u00f0slutengi sem tengt er vi\u00f0 hle\u00f0slubanka ofan \u00ed t\u00f6skunni og \u00fev\u00ed h\u00e6gt a\u00f0 hla\u00f0a fart\u00f6lvuna og snjalls\u00edmann \u00feegar \u00feess er \u00fe\u00f6rf.<\/p>\n<p>Taskan hentar einstaklega vel sem sk\u00f3lataska \u00fev\u00ed h\u00fan er l\u00e9tt, r\u00famg\u00f3\u00f0 og \u00far vatnsfr\u00e1hrindandi efni.<\/p>\n<p>\u2013 St\u00e6r\u00f0: 45 x 32 x 15 cm (22 l\u00edtrar)<br \/>\n\u2013 Litur: Gr\u00e1r og hv\u00edtur<br \/>\n\u2013 Efni: Oxford 600D (vatnsfr\u00e1hrindandi)<br \/>\n\u2013 \u00deyngd: 0,6 kg<\/p>\n","protected":false},"featured_media":28890,"template":"","meta":[],"product_brand":[412],"product_cat":[362],"product_tag":[],"class_list":{"0":"post-28896","1":"product","2":"type-product","3":"status-publish","4":"has-post-thumbnail","6":"product_brand-mark-ryden","7":"product_cat-bakpokar","9":"first","10":"instock","11":"sale","12":"taxable","13":"shipping-taxable","14":"purchasable","15":"product-type-variable"},"supplier_id":null,"supplier_sku":"","barcode":null,"atum_controlled":true,"out_stock_date":null,"out_stock_threshold":null,"inheritable":true,"inbound_stock":null,"stock_on_hold":0,"sold_today":0,"sales_last_days":0,"reserved_stock":null,"customer_returns":null,"warehouse_damage":null,"lost_in_post":null,"other_logs":null,"out_stock_days":0,"lost_sales":0,"has_location":false,"update_date":"2026-04-11T00:15:05","atum_locations":[],"atum_stock_status":"instock","restock_status":false,"low_stock_amount":"","sales_update_date":"2026-04-11T00:15:05","calc_backorders":null,"yoast_head":"<!-- This site is optimized with the Yoast SEO Premium plugin v26.6 (Yoast SEO v27.3) - https:\/\/yoast.com\/product\/yoast-seo-premium-wordpress\/ -->\n<title>DuoHuePack 22 l\u00edtra sk\u00f3lataska | 15.6&quot; fart\u00f6lvur | USB hle\u00f0slutengi<\/title>\n<meta name=\"description\" content=\"22 l\u00edtra sk\u00f3lataska fr\u00e1 Mark Ryden. H\u00fan er l\u00e9tt, \u00fe\u00e6gileg &amp; r\u00famg\u00f3\u00f0. Utan \u00e1 t\u00f6skunni eru USB-A &amp; USB-C hle\u00f0slutengi til a\u00f0 hla\u00f0a fart\u00f6lvuna &amp; GSM \u00e1 fer\u00f0inni.\" \/>\n<meta name=\"robots\" content=\"index, follow, max-snippet:-1, max-image-preview:large, max-video-preview:-1\" \/>\n<link rel=\"canonical\" href=\"https:\/\/vorulagerinn.is\/product\/duohuepack\/\" \/>\n<meta property=\"og:locale\" content=\"en_US\" \/>\n<meta property=\"og:type\" content=\"article\" \/>\n<meta property=\"og:title\" content=\"DuoHuePack er 22 l\u00edtra fart\u00f6lvubakpoki \/ sk\u00f3lataska fyrir allt a\u00f0 15,6&quot; fart\u00f6lvur &amp; USB hle\u00f0slutengi fyrir snjallt\u00e6ki\" \/>\n<meta property=\"og:description\" content=\"22 l\u00edtra sk\u00f3lataska fr\u00e1 Mark Ryden. H\u00fan er l\u00e9tt, \u00fe\u00e6gileg &amp; r\u00famg\u00f3\u00f0. Utan \u00e1 t\u00f6skunni eru USB-A &amp; USB-C hle\u00f0slutengi til a\u00f0 hla\u00f0a fart\u00f6lvuna &amp; GSM \u00e1 fer\u00f0inni.\" \/>\n<meta property=\"og:url\" content=\"https:\/\/vorulagerinn.is\/product\/duohuepack\/\" \/>\n<meta property=\"og:site_name\" content=\"V&ouml;rulagerinn\" \/>\n<meta property=\"article:publisher\" content=\"https:\/\/www.facebook.com\/vorulagerinn\" \/>\n<meta property=\"article:modified_time\" content=\"2026-03-31T08:42:58+00:00\" \/>\n<meta property=\"og:image\" content=\"https:\/\/vorulagerinn.is\/wp-content\/uploads\/2025\/09\/MR3606-3.jpg\" \/>\n\t<meta property=\"og:image:width\" content=\"600\" \/>\n\t<meta property=\"og:image:height\" content=\"600\" \/>\n\t<meta property=\"og:image:type\" content=\"image\/jpeg\" \/>\n<meta name=\"twitter:card\" content=\"summary_large_image\" \/>\n<meta name=\"twitter:label1\" content=\"Availability\" \/>\n\t<meta name=\"twitter:data1\" content=\"In stock\" \/>\n<script type=\"application\/ld+json\" class=\"yoast-schema-graph\">{\"@context\":\"https:\\\/\\\/schema.org\",\"@graph\":[{\"@type\":\"WebPage\",\"@id\":\"https:\\\/\\\/vorulagerinn.is\\\/product\\\/duohuepack\\\/\",\"url\":\"https:\\\/\\\/vorulagerinn.is\\\/product\\\/duohuepack\\\/\",\"name\":\"DuoHuePack 22 l\u00edtra sk\u00f3lataska | 15.6\\\" fart\u00f6lvur | USB hle\u00f0slutengi\",\"isPartOf\":{\"@id\":\"https:\\\/\\\/vorulagerinn.is\\\/#website\"},\"primaryImageOfPage\":{\"@id\":\"https:\\\/\\\/vorulagerinn.is\\\/product\\\/duohuepack\\\/#primaryimage\"},\"image\":{\"@id\":\"https:\\\/\\\/vorulagerinn.is\\\/product\\\/duohuepack\\\/#primaryimage\"},\"thumbnailUrl\":\"https:\\\/\\\/vorulagerinn.is\\\/wp-content\\\/uploads\\\/2025\\\/09\\\/MR3606-3.jpg\",\"datePublished\":\"2025-07-14T12:14:28+00:00\",\"dateModified\":\"2026-03-31T08:42:58+00:00\",\"description\":\"22 l\u00edtra sk\u00f3lataska fr\u00e1 Mark Ryden. H\u00fan er l\u00e9tt, \u00fe\u00e6gileg & r\u00famg\u00f3\u00f0. Utan \u00e1 t\u00f6skunni eru USB-A & USB-C hle\u00f0slutengi til a\u00f0 hla\u00f0a fart\u00f6lvuna & GSM \u00e1 fer\u00f0inni.\",\"breadcrumb\":{\"@id\":\"https:\\\/\\\/vorulagerinn.is\\\/product\\\/duohuepack\\\/#breadcrumb\"},\"inLanguage\":\"en-US\",\"potentialAction\":[{\"@type\":\"ReadAction\",\"target\":[\"https:\\\/\\\/vorulagerinn.is\\\/product\\\/duohuepack\\\/\"]}]},{\"@type\":\"ImageObject\",\"inLanguage\":\"en-US\",\"@id\":\"https:\\\/\\\/vorulagerinn.is\\\/product\\\/duohuepack\\\/#primaryimage\",\"url\":\"https:\\\/\\\/vorulagerinn.is\\\/wp-content\\\/uploads\\\/2025\\\/09\\\/MR3606-3.jpg\",\"contentUrl\":\"https:\\\/\\\/vorulagerinn.is\\\/wp-content\\\/uploads\\\/2025\\\/09\\\/MR3606-3.jpg\",\"width\":600,\"height\":600},{\"@type\":\"BreadcrumbList\",\"@id\":\"https:\\\/\\\/vorulagerinn.is\\\/product\\\/duohuepack\\\/#breadcrumb\",\"itemListElement\":[{\"@type\":\"ListItem\",\"position\":1,\"name\":\"Home\",\"item\":\"https:\\\/\\\/vorulagerinn.is\\\/\"},{\"@type\":\"ListItem\",\"position\":2,\"name\":\"Shop\",\"item\":\"https:\\\/\\\/vorulagerinn.is\\\/en\\\/shop\\\/\"},{\"@type\":\"ListItem\",\"position\":3,\"name\":\"DuoHuePack er 22 l\u00edtra fart\u00f6lvubakpoki \\\/ sk\u00f3lataska fyrir allt a\u00f0 15,6&#8243; fart\u00f6lvur &amp; USB hle\u00f0slutengi fyrir snjallt\u00e6ki\"}]},{\"@type\":\"WebSite\",\"@id\":\"https:\\\/\\\/vorulagerinn.is\\\/#website\",\"url\":\"https:\\\/\\\/vorulagerinn.is\\\/\",\"name\":\"V\u00f6rulagerinn\",\"description\":\"L\u00e1ttu \u00fea\u00f0 eftir \u00fe\u00e9r\",\"publisher\":{\"@id\":\"https:\\\/\\\/vorulagerinn.is\\\/#organization\"},\"potentialAction\":[{\"@type\":\"SearchAction\",\"target\":{\"@type\":\"EntryPoint\",\"urlTemplate\":\"https:\\\/\\\/vorulagerinn.is\\\/?s={search_term_string}\"},\"query-input\":{\"@type\":\"PropertyValueSpecification\",\"valueRequired\":true,\"valueName\":\"search_term_string\"}}],\"inLanguage\":\"en-US\"},{\"@type\":\"Organization\",\"@id\":\"https:\\\/\\\/vorulagerinn.is\\\/#organization\",\"name\":\"V\u00f6rulagerinn\",\"url\":\"https:\\\/\\\/vorulagerinn.is\\\/\",\"logo\":{\"@type\":\"ImageObject\",\"inLanguage\":\"en-US\",\"@id\":\"https:\\\/\\\/vorulagerinn.is\\\/#\\\/schema\\\/logo\\\/image\\\/\",\"url\":\"https:\\\/\\\/vorulagerinn.is\\\/wp-content\\\/uploads\\\/2022\\\/09\\\/Vorulagerinn-Logo-588x160-1.png\",\"contentUrl\":\"https:\\\/\\\/vorulagerinn.is\\\/wp-content\\\/uploads\\\/2022\\\/09\\\/Vorulagerinn-Logo-588x160-1.png\",\"width\":588,\"height\":160,\"caption\":\"V\u00f6rulagerinn\"},\"image\":{\"@id\":\"https:\\\/\\\/vorulagerinn.is\\\/#\\\/schema\\\/logo\\\/image\\\/\"},\"sameAs\":[\"https:\\\/\\\/www.facebook.com\\\/vorulagerinn\",\"https:\\\/\\\/www.instagram.com\\\/vorulagerinn\\\/\"]}]}<\/script>\n<meta property=\"og:availability\" content=\"instock\" \/>\n<meta property=\"product:availability\" content=\"instock\" \/>\n<meta property=\"product:retailer_item_id\" content=\"MR-3606\" \/>\n<meta property=\"product:condition\" content=\"new\" \/>\n<!-- \/ Yoast SEO Premium plugin. -->","yoast_head_json":{"title":"DuoHuePack 22 l\u00edtra sk\u00f3lataska | 15.6\" fart\u00f6lvur | USB hle\u00f0slutengi","description":"22 l\u00edtra sk\u00f3lataska fr\u00e1 Mark Ryden. H\u00fan er l\u00e9tt, \u00fe\u00e6gileg & r\u00famg\u00f3\u00f0. Utan \u00e1 t\u00f6skunni eru USB-A & USB-C hle\u00f0slutengi til a\u00f0 hla\u00f0a fart\u00f6lvuna & GSM \u00e1 fer\u00f0inni.","robots":{"index":"index","follow":"follow","max-snippet":"max-snippet:-1","max-image-preview":"max-image-preview:large","max-video-preview":"max-video-preview:-1"},"canonical":"https:\/\/vorulagerinn.is\/product\/duohuepack\/","og_locale":"en_US","og_type":"article","og_title":"DuoHuePack er 22 l\u00edtra fart\u00f6lvubakpoki \/ sk\u00f3lataska fyrir allt a\u00f0 15,6\" fart\u00f6lvur &amp; USB hle\u00f0slutengi fyrir snjallt\u00e6ki","og_description":"22 l\u00edtra sk\u00f3lataska fr\u00e1 Mark Ryden. H\u00fan er l\u00e9tt, \u00fe\u00e6gileg & r\u00famg\u00f3\u00f0. Utan \u00e1 t\u00f6skunni eru USB-A & USB-C hle\u00f0slutengi til a\u00f0 hla\u00f0a fart\u00f6lvuna & GSM \u00e1 fer\u00f0inni.","og_url":"https:\/\/vorulagerinn.is\/product\/duohuepack\/","og_site_name":"V&ouml;rulagerinn","article_publisher":"https:\/\/www.facebook.com\/vorulagerinn","article_modified_time":"2026-03-31T08:42:58+00:00","og_image":[{"width":600,"height":600,"url":"https:\/\/vorulagerinn.is\/wp-content\/uploads\/2025\/09\/MR3606-3.jpg","type":"image\/jpeg"}],"twitter_card":"summary_large_image","twitter_misc":{"Availability":"In stock"},"schema":{"@context":"https:\/\/schema.org","@graph":[{"@type":"WebPage","@id":"https:\/\/vorulagerinn.is\/product\/duohuepack\/","url":"https:\/\/vorulagerinn.is\/product\/duohuepack\/","name":"DuoHuePack 22 l\u00edtra sk\u00f3lataska | 15.6\" fart\u00f6lvur | USB hle\u00f0slutengi","isPartOf":{"@id":"https:\/\/vorulagerinn.is\/#website"},"primaryImageOfPage":{"@id":"https:\/\/vorulagerinn.is\/product\/duohuepack\/#primaryimage"},"image":{"@id":"https:\/\/vorulagerinn.is\/product\/duohuepack\/#primaryimage"},"thumbnailUrl":"https:\/\/vorulagerinn.is\/wp-content\/uploads\/2025\/09\/MR3606-3.jpg","datePublished":"2025-07-14T12:14:28+00:00","dateModified":"2026-03-31T08:42:58+00:00","description":"22 l\u00edtra sk\u00f3lataska fr\u00e1 Mark Ryden. H\u00fan er l\u00e9tt, \u00fe\u00e6gileg & r\u00famg\u00f3\u00f0. Utan \u00e1 t\u00f6skunni eru USB-A & USB-C hle\u00f0slutengi til a\u00f0 hla\u00f0a fart\u00f6lvuna & GSM \u00e1 fer\u00f0inni.","breadcrumb":{"@id":"https:\/\/vorulagerinn.is\/product\/duohuepack\/#breadcrumb"},"inLanguage":"en-US","potentialAction":[{"@type":"ReadAction","target":["https:\/\/vorulagerinn.is\/product\/duohuepack\/"]}]},{"@type":"ImageObject","inLanguage":"en-US","@id":"https:\/\/vorulagerinn.is\/product\/duohuepack\/#primaryimage","url":"https:\/\/vorulagerinn.is\/wp-content\/uploads\/2025\/09\/MR3606-3.jpg","contentUrl":"https:\/\/vorulagerinn.is\/wp-content\/uploads\/2025\/09\/MR3606-3.jpg","width":600,"height":600},{"@type":"BreadcrumbList","@id":"https:\/\/vorulagerinn.is\/product\/duohuepack\/#breadcrumb","itemListElement":[{"@type":"ListItem","position":1,"name":"Home","item":"https:\/\/vorulagerinn.is\/"},{"@type":"ListItem","position":2,"name":"Shop","item":"https:\/\/vorulagerinn.is\/en\/shop\/"},{"@type":"ListItem","position":3,"name":"DuoHuePack er 22 l\u00edtra fart\u00f6lvubakpoki \/ sk\u00f3lataska fyrir allt a\u00f0 15,6&#8243; fart\u00f6lvur &amp; USB hle\u00f0slutengi fyrir snjallt\u00e6ki"}]},{"@type":"WebSite","@id":"https:\/\/vorulagerinn.is\/#website","url":"https:\/\/vorulagerinn.is\/","name":"V\u00f6rulagerinn","description":"L\u00e1ttu \u00fea\u00f0 eftir \u00fe\u00e9r","publisher":{"@id":"https:\/\/vorulagerinn.is\/#organization"},"potentialAction":[{"@type":"SearchAction","target":{"@type":"EntryPoint","urlTemplate":"https:\/\/vorulagerinn.is\/?s={search_term_string}"},"query-input":{"@type":"PropertyValueSpecification","valueRequired":true,"valueName":"search_term_string"}}],"inLanguage":"en-US"},{"@type":"Organization","@id":"https:\/\/vorulagerinn.is\/#organization","name":"V\u00f6rulagerinn","url":"https:\/\/vorulagerinn.is\/","logo":{"@type":"ImageObject","inLanguage":"en-US","@id":"https:\/\/vorulagerinn.is\/#\/schema\/logo\/image\/","url":"https:\/\/vorulagerinn.is\/wp-content\/uploads\/2022\/09\/Vorulagerinn-Logo-588x160-1.png","contentUrl":"https:\/\/vorulagerinn.is\/wp-content\/uploads\/2022\/09\/Vorulagerinn-Logo-588x160-1.png","width":588,"height":160,"caption":"V\u00f6rulagerinn"},"image":{"@id":"https:\/\/vorulagerinn.is\/#\/schema\/logo\/image\/"},"sameAs":["https:\/\/www.facebook.com\/vorulagerinn","https:\/\/www.instagram.com\/vorulagerinn\/"]}]},"og_availability":"instock","product_availability":"instock","product_retailer_item_id":"MR-3606","product_condition":"new"},"_links":{"self":[{"href":"https:\/\/vorulagerinn.is\/en\/wp-json\/wp\/v2\/product\/28896","targetHints":{"allow":["GET"]}}],"collection":[{"href":"https:\/\/vorulagerinn.is\/en\/wp-json\/wp\/v2\/product"}],"about":[{"href":"https:\/\/vorulagerinn.is\/en\/wp-json\/wp\/v2\/types\/product"}],"wp:featuredmedia":[{"embeddable":true,"href":"https:\/\/vorulagerinn.is\/en\/wp-json\/wp\/v2\/media\/28890"}],"wp:attachment":[{"href":"https:\/\/vorulagerinn.is\/en\/wp-json\/wp\/v2\/media?parent=28896"}],"wp:term":[{"taxonomy":"product_brand","embeddable":true,"href":"https:\/\/vorulagerinn.is\/en\/wp-json\/wp\/v2\/product_brand?post=28896"},{"taxonomy":"product_cat","embeddable":true,"href":"https:\/\/vorulagerinn.is\/en\/wp-json\/wp\/v2\/product_cat?post=28896"},{"taxonomy":"product_tag","embeddable":true,"href":"https:\/\/vorulagerinn.is\/en\/wp-json\/wp\/v2\/product_tag?post=28896"}],"curies":[{"name":"wp","href":"https:\/\/api.w.org\/{rel}","templated":true}]}}