{"id":28931,"date":"2025-07-13T09:44:49","date_gmt":"2025-07-13T09:44:49","guid":{"rendered":"https:\/\/vorulagerinn.is\/product\/muke-ii\/"},"modified":"2026-03-09T17:19:49","modified_gmt":"2026-03-09T17:19:49","slug":"muke-ii","status":"publish","type":"product","link":"https:\/\/vorulagerinn.is\/en\/product\/muke-ii\/","title":{"rendered":"Muke II er st\u00edlhreinn og gl\u00e6silegur bakpoki fyrir allt a\u00f0 15,6&#8243; fart\u00f6lvur"},"content":{"rendered":"","protected":false},"excerpt":{"rendered":"<p>Muke II fr\u00e1 Mark Ryden er me\u00f0 st\u00edlhreina h\u00f6nnun sem vekur mikla athygli. Taskan er \u00far Oxford efni og PU me\u00f0 g\u00f3\u00f0a vatnsheldni. H\u00fan lokar innra r\u00fdmi me\u00f0 rennil\u00e1s og smellum \u00e1 hli\u00f0um en svo leggst toppurinn yfir og smellist a\u00f0 framan me\u00f0 segulsmellum. A\u00f0 framan eru tveir renndir r\u00famg\u00f3\u00f0ir vasar og einn st\u00f3r me\u00f0 fr\u00f6nskum rennil\u00e1s. Innra r\u00fdmi t\u00f6skunnar samanstendur af h\u00f3lfi fyrir allt a\u00f0 15,6\u201d fart\u00f6lvur og hinum megin er renndur vasi \u00e1samt tveimur opnum. Aftan \u00e1 t\u00f6sku vi\u00f0 bak er falinn renndur vasi me\u00f0 miklu geymslur\u00fdmi. Gl\u00e6sileg taska fyrir f\u00f3lk \u00e1 fer\u00f0inni sem teki\u00f0 er eftir.<\/p>\n<p>-\u200c Sj\u00e1 myndband ne\u00f0ar \u00e1 s\u00ed\u00f0u<br \/>\n\u2013 Litur: Svartur<br \/>\n\u2013 St\u00e6r\u00f0: 40 x 30 x 13 cm (15,6 l\u00edtra)<br \/>\n\u2013 \u00deyngd: 0,85 kg.<br \/>\n\u2013 Efni \u00ed t\u00f6sku: Oxford efni &amp; PU. Vatnsvarin<br \/>\n\u2013 St\u00e6kkanlegar axlar\u00f3lar: 45-90 cm<\/p>\n","protected":false},"featured_media":28923,"template":"","meta":[],"product_brand":[412],"product_cat":[362],"product_tag":[],"class_list":{"0":"post-28931","1":"product","2":"type-product","3":"status-publish","4":"has-post-thumbnail","6":"product_brand-mark-ryden","7":"product_cat-bakpokar","9":"first","10":"outofstock","11":"sale","12":"taxable","13":"shipping-taxable","14":"purchasable","15":"product-type-simple"},"supplier_id":null,"supplier_sku":"","barcode":null,"atum_controlled":true,"out_stock_date":null,"out_stock_threshold":null,"inheritable":false,"inbound_stock":0,"stock_on_hold":0,"sold_today":0,"sales_last_days":0,"reserved_stock":0,"customer_returns":0,"warehouse_damage":0,"lost_in_post":0,"other_logs":0,"out_stock_days":0,"lost_sales":0,"has_location":false,"update_date":"2026-04-22T00:25:29","atum_locations":[],"atum_stock_status":"outofstock","restock_status":false,"low_stock_amount":"","sales_update_date":"2026-04-22T00:25:29","calc_backorders":null,"yoast_head":"<!-- This site is optimized with the Yoast SEO Premium plugin v26.6 (Yoast SEO v27.3) - https:\/\/yoast.com\/product\/yoast-seo-premium-wordpress\/ -->\n<title>Muke II er h\u00e1g\u00e6\u00f0a pakpoki fyrir allt a\u00f0 15,6&quot; fart\u00f6lvur<\/title>\n<meta name=\"description\" content=\"Muke II bakpokinn er fallegur, endingarg\u00f3\u00f0ur og hanna\u00f0ur me\u00f0 \u00fe\u00e6gindi og st\u00edl \u00ed huga. Fullkominn f\u00e9lagi fyrir f\u00f3lk \u00e1 fer\u00f0inni, sk\u00f3la e\u00f0a til og fr\u00e1 vinnu.\" \/>\n<meta name=\"robots\" content=\"index, follow, max-snippet:-1, max-image-preview:large, max-video-preview:-1\" \/>\n<link rel=\"canonical\" href=\"https:\/\/vorulagerinn.is\/product\/muke-ii\/\" \/>\n<meta property=\"og:locale\" content=\"en_US\" \/>\n<meta property=\"og:type\" content=\"article\" \/>\n<meta property=\"og:title\" content=\"Muke II er st\u00edlhreinn og gl\u00e6silegur bakpoki fyrir allt a\u00f0 15,6&quot; fart\u00f6lvur\" \/>\n<meta property=\"og:description\" content=\"Muke II bakpokinn er fallegur, endingarg\u00f3\u00f0ur og hanna\u00f0ur me\u00f0 \u00fe\u00e6gindi og st\u00edl \u00ed huga. Fullkominn f\u00e9lagi fyrir f\u00f3lk \u00e1 fer\u00f0inni, sk\u00f3la e\u00f0a til og fr\u00e1 vinnu.\" \/>\n<meta property=\"og:url\" content=\"https:\/\/vorulagerinn.is\/product\/muke-ii\/\" \/>\n<meta property=\"og:site_name\" content=\"V&ouml;rulagerinn\" \/>\n<meta property=\"article:publisher\" content=\"https:\/\/www.facebook.com\/vorulagerinn\" \/>\n<meta property=\"article:modified_time\" content=\"2026-03-09T17:19:49+00:00\" \/>\n<meta property=\"og:image\" content=\"https:\/\/vorulagerinn.is\/wp-content\/uploads\/2025\/09\/MR-1622-Mark-Ryden-bakpoki_-2.jpg\" \/>\n\t<meta property=\"og:image:width\" content=\"600\" \/>\n\t<meta property=\"og:image:height\" content=\"600\" \/>\n\t<meta property=\"og:image:type\" content=\"image\/jpeg\" \/>\n<meta name=\"twitter:card\" content=\"summary_large_image\" \/>\n<meta name=\"twitter:label1\" content=\"Price\" \/>\n\t<meta name=\"twitter:data1\" content=\"15.120&nbsp;kr.\" \/>\n\t<meta name=\"twitter:label2\" content=\"Availability\" \/>\n\t<meta name=\"twitter:data2\" content=\"Out of stock\" \/>\n<script type=\"application\/ld+json\" class=\"yoast-schema-graph\">{\"@context\":\"https:\\\/\\\/schema.org\",\"@graph\":[{\"@type\":\"WebPage\",\"@id\":\"https:\\\/\\\/vorulagerinn.is\\\/product\\\/muke-ii\\\/\",\"url\":\"https:\\\/\\\/vorulagerinn.is\\\/product\\\/muke-ii\\\/\",\"name\":\"Muke II er h\u00e1g\u00e6\u00f0a pakpoki fyrir allt a\u00f0 15,6\\\" fart\u00f6lvur\",\"isPartOf\":{\"@id\":\"https:\\\/\\\/vorulagerinn.is\\\/#website\"},\"primaryImageOfPage\":{\"@id\":\"https:\\\/\\\/vorulagerinn.is\\\/product\\\/muke-ii\\\/#primaryimage\"},\"image\":{\"@id\":\"https:\\\/\\\/vorulagerinn.is\\\/product\\\/muke-ii\\\/#primaryimage\"},\"thumbnailUrl\":\"https:\\\/\\\/vorulagerinn.is\\\/wp-content\\\/uploads\\\/2025\\\/09\\\/MR-1622-Mark-Ryden-bakpoki_-2.jpg\",\"datePublished\":\"2025-07-13T09:44:49+00:00\",\"dateModified\":\"2026-03-09T17:19:49+00:00\",\"description\":\"Muke II bakpokinn er fallegur, endingarg\u00f3\u00f0ur og hanna\u00f0ur me\u00f0 \u00fe\u00e6gindi og st\u00edl \u00ed huga. Fullkominn f\u00e9lagi fyrir f\u00f3lk \u00e1 fer\u00f0inni, sk\u00f3la e\u00f0a til og fr\u00e1 vinnu.\",\"breadcrumb\":{\"@id\":\"https:\\\/\\\/vorulagerinn.is\\\/product\\\/muke-ii\\\/#breadcrumb\"},\"inLanguage\":\"en-US\",\"potentialAction\":[{\"@type\":\"ReadAction\",\"target\":[\"https:\\\/\\\/vorulagerinn.is\\\/product\\\/muke-ii\\\/\"]}]},{\"@type\":\"ImageObject\",\"inLanguage\":\"en-US\",\"@id\":\"https:\\\/\\\/vorulagerinn.is\\\/product\\\/muke-ii\\\/#primaryimage\",\"url\":\"https:\\\/\\\/vorulagerinn.is\\\/wp-content\\\/uploads\\\/2025\\\/09\\\/MR-1622-Mark-Ryden-bakpoki_-2.jpg\",\"contentUrl\":\"https:\\\/\\\/vorulagerinn.is\\\/wp-content\\\/uploads\\\/2025\\\/09\\\/MR-1622-Mark-Ryden-bakpoki_-2.jpg\",\"width\":600,\"height\":600},{\"@type\":\"BreadcrumbList\",\"@id\":\"https:\\\/\\\/vorulagerinn.is\\\/product\\\/muke-ii\\\/#breadcrumb\",\"itemListElement\":[{\"@type\":\"ListItem\",\"position\":1,\"name\":\"Home\",\"item\":\"https:\\\/\\\/vorulagerinn.is\\\/\"},{\"@type\":\"ListItem\",\"position\":2,\"name\":\"Shop\",\"item\":\"https:\\\/\\\/vorulagerinn.is\\\/en\\\/shop\\\/\"},{\"@type\":\"ListItem\",\"position\":3,\"name\":\"Muke II er st\u00edlhreinn og gl\u00e6silegur bakpoki fyrir allt a\u00f0 15,6&#8243; fart\u00f6lvur\"}]},{\"@type\":\"WebSite\",\"@id\":\"https:\\\/\\\/vorulagerinn.is\\\/#website\",\"url\":\"https:\\\/\\\/vorulagerinn.is\\\/\",\"name\":\"V\u00f6rulagerinn\",\"description\":\"L\u00e1ttu \u00fea\u00f0 eftir \u00fe\u00e9r\",\"publisher\":{\"@id\":\"https:\\\/\\\/vorulagerinn.is\\\/#organization\"},\"potentialAction\":[{\"@type\":\"SearchAction\",\"target\":{\"@type\":\"EntryPoint\",\"urlTemplate\":\"https:\\\/\\\/vorulagerinn.is\\\/?s={search_term_string}\"},\"query-input\":{\"@type\":\"PropertyValueSpecification\",\"valueRequired\":true,\"valueName\":\"search_term_string\"}}],\"inLanguage\":\"en-US\"},{\"@type\":\"Organization\",\"@id\":\"https:\\\/\\\/vorulagerinn.is\\\/#organization\",\"name\":\"V\u00f6rulagerinn\",\"url\":\"https:\\\/\\\/vorulagerinn.is\\\/\",\"logo\":{\"@type\":\"ImageObject\",\"inLanguage\":\"en-US\",\"@id\":\"https:\\\/\\\/vorulagerinn.is\\\/#\\\/schema\\\/logo\\\/image\\\/\",\"url\":\"https:\\\/\\\/vorulagerinn.is\\\/wp-content\\\/uploads\\\/2022\\\/09\\\/Vorulagerinn-Logo-588x160-1.png\",\"contentUrl\":\"https:\\\/\\\/vorulagerinn.is\\\/wp-content\\\/uploads\\\/2022\\\/09\\\/Vorulagerinn-Logo-588x160-1.png\",\"width\":588,\"height\":160,\"caption\":\"V\u00f6rulagerinn\"},\"image\":{\"@id\":\"https:\\\/\\\/vorulagerinn.is\\\/#\\\/schema\\\/logo\\\/image\\\/\"},\"sameAs\":[\"https:\\\/\\\/www.facebook.com\\\/vorulagerinn\",\"https:\\\/\\\/www.instagram.com\\\/vorulagerinn\\\/\"]}]}<\/script>\n<meta property=\"product:price:amount\" content=\"15120\" \/>\n<meta property=\"product:price:currency\" content=\"ISK\" \/>\n<meta property=\"og:availability\" content=\"out of stock\" \/>\n<meta property=\"product:availability\" content=\"out of stock\" \/>\n<meta property=\"product:retailer_item_id\" content=\"MR1622\" \/>\n<meta property=\"product:condition\" content=\"new\" \/>\n<!-- \/ Yoast SEO Premium plugin. -->","yoast_head_json":{"title":"Muke II er h\u00e1g\u00e6\u00f0a pakpoki fyrir allt a\u00f0 15,6\" fart\u00f6lvur","description":"Muke II bakpokinn er fallegur, endingarg\u00f3\u00f0ur og hanna\u00f0ur me\u00f0 \u00fe\u00e6gindi og st\u00edl \u00ed huga. Fullkominn f\u00e9lagi fyrir f\u00f3lk \u00e1 fer\u00f0inni, sk\u00f3la e\u00f0a til og fr\u00e1 vinnu.","robots":{"index":"index","follow":"follow","max-snippet":"max-snippet:-1","max-image-preview":"max-image-preview:large","max-video-preview":"max-video-preview:-1"},"canonical":"https:\/\/vorulagerinn.is\/product\/muke-ii\/","og_locale":"en_US","og_type":"article","og_title":"Muke II er st\u00edlhreinn og gl\u00e6silegur bakpoki fyrir allt a\u00f0 15,6\" fart\u00f6lvur","og_description":"Muke II bakpokinn er fallegur, endingarg\u00f3\u00f0ur og hanna\u00f0ur me\u00f0 \u00fe\u00e6gindi og st\u00edl \u00ed huga. Fullkominn f\u00e9lagi fyrir f\u00f3lk \u00e1 fer\u00f0inni, sk\u00f3la e\u00f0a til og fr\u00e1 vinnu.","og_url":"https:\/\/vorulagerinn.is\/product\/muke-ii\/","og_site_name":"V&ouml;rulagerinn","article_publisher":"https:\/\/www.facebook.com\/vorulagerinn","article_modified_time":"2026-03-09T17:19:49+00:00","og_image":[{"width":600,"height":600,"url":"https:\/\/vorulagerinn.is\/wp-content\/uploads\/2025\/09\/MR-1622-Mark-Ryden-bakpoki_-2.jpg","type":"image\/jpeg"}],"twitter_card":"summary_large_image","twitter_misc":{"Price":"15.120&nbsp;kr.","Availability":"Out of stock"},"schema":{"@context":"https:\/\/schema.org","@graph":[{"@type":"WebPage","@id":"https:\/\/vorulagerinn.is\/product\/muke-ii\/","url":"https:\/\/vorulagerinn.is\/product\/muke-ii\/","name":"Muke II er h\u00e1g\u00e6\u00f0a pakpoki fyrir allt a\u00f0 15,6\" fart\u00f6lvur","isPartOf":{"@id":"https:\/\/vorulagerinn.is\/#website"},"primaryImageOfPage":{"@id":"https:\/\/vorulagerinn.is\/product\/muke-ii\/#primaryimage"},"image":{"@id":"https:\/\/vorulagerinn.is\/product\/muke-ii\/#primaryimage"},"thumbnailUrl":"https:\/\/vorulagerinn.is\/wp-content\/uploads\/2025\/09\/MR-1622-Mark-Ryden-bakpoki_-2.jpg","datePublished":"2025-07-13T09:44:49+00:00","dateModified":"2026-03-09T17:19:49+00:00","description":"Muke II bakpokinn er fallegur, endingarg\u00f3\u00f0ur og hanna\u00f0ur me\u00f0 \u00fe\u00e6gindi og st\u00edl \u00ed huga. Fullkominn f\u00e9lagi fyrir f\u00f3lk \u00e1 fer\u00f0inni, sk\u00f3la e\u00f0a til og fr\u00e1 vinnu.","breadcrumb":{"@id":"https:\/\/vorulagerinn.is\/product\/muke-ii\/#breadcrumb"},"inLanguage":"en-US","potentialAction":[{"@type":"ReadAction","target":["https:\/\/vorulagerinn.is\/product\/muke-ii\/"]}]},{"@type":"ImageObject","inLanguage":"en-US","@id":"https:\/\/vorulagerinn.is\/product\/muke-ii\/#primaryimage","url":"https:\/\/vorulagerinn.is\/wp-content\/uploads\/2025\/09\/MR-1622-Mark-Ryden-bakpoki_-2.jpg","contentUrl":"https:\/\/vorulagerinn.is\/wp-content\/uploads\/2025\/09\/MR-1622-Mark-Ryden-bakpoki_-2.jpg","width":600,"height":600},{"@type":"BreadcrumbList","@id":"https:\/\/vorulagerinn.is\/product\/muke-ii\/#breadcrumb","itemListElement":[{"@type":"ListItem","position":1,"name":"Home","item":"https:\/\/vorulagerinn.is\/"},{"@type":"ListItem","position":2,"name":"Shop","item":"https:\/\/vorulagerinn.is\/en\/shop\/"},{"@type":"ListItem","position":3,"name":"Muke II er st\u00edlhreinn og gl\u00e6silegur bakpoki fyrir allt a\u00f0 15,6&#8243; fart\u00f6lvur"}]},{"@type":"WebSite","@id":"https:\/\/vorulagerinn.is\/#website","url":"https:\/\/vorulagerinn.is\/","name":"V\u00f6rulagerinn","description":"L\u00e1ttu \u00fea\u00f0 eftir \u00fe\u00e9r","publisher":{"@id":"https:\/\/vorulagerinn.is\/#organization"},"potentialAction":[{"@type":"SearchAction","target":{"@type":"EntryPoint","urlTemplate":"https:\/\/vorulagerinn.is\/?s={search_term_string}"},"query-input":{"@type":"PropertyValueSpecification","valueRequired":true,"valueName":"search_term_string"}}],"inLanguage":"en-US"},{"@type":"Organization","@id":"https:\/\/vorulagerinn.is\/#organization","name":"V\u00f6rulagerinn","url":"https:\/\/vorulagerinn.is\/","logo":{"@type":"ImageObject","inLanguage":"en-US","@id":"https:\/\/vorulagerinn.is\/#\/schema\/logo\/image\/","url":"https:\/\/vorulagerinn.is\/wp-content\/uploads\/2022\/09\/Vorulagerinn-Logo-588x160-1.png","contentUrl":"https:\/\/vorulagerinn.is\/wp-content\/uploads\/2022\/09\/Vorulagerinn-Logo-588x160-1.png","width":588,"height":160,"caption":"V\u00f6rulagerinn"},"image":{"@id":"https:\/\/vorulagerinn.is\/#\/schema\/logo\/image\/"},"sameAs":["https:\/\/www.facebook.com\/vorulagerinn","https:\/\/www.instagram.com\/vorulagerinn\/"]}]},"product_price_amount":"15120","product_price_currency":"ISK","og_availability":"out of stock","product_availability":"out of stock","product_retailer_item_id":"MR1622","product_condition":"new"},"_links":{"self":[{"href":"https:\/\/vorulagerinn.is\/en\/wp-json\/wp\/v2\/product\/28931","targetHints":{"allow":["GET"]}}],"collection":[{"href":"https:\/\/vorulagerinn.is\/en\/wp-json\/wp\/v2\/product"}],"about":[{"href":"https:\/\/vorulagerinn.is\/en\/wp-json\/wp\/v2\/types\/product"}],"wp:featuredmedia":[{"embeddable":true,"href":"https:\/\/vorulagerinn.is\/en\/wp-json\/wp\/v2\/media\/28923"}],"wp:attachment":[{"href":"https:\/\/vorulagerinn.is\/en\/wp-json\/wp\/v2\/media?parent=28931"}],"wp:term":[{"taxonomy":"product_brand","embeddable":true,"href":"https:\/\/vorulagerinn.is\/en\/wp-json\/wp\/v2\/product_brand?post=28931"},{"taxonomy":"product_cat","embeddable":true,"href":"https:\/\/vorulagerinn.is\/en\/wp-json\/wp\/v2\/product_cat?post=28931"},{"taxonomy":"product_tag","embeddable":true,"href":"https:\/\/vorulagerinn.is\/en\/wp-json\/wp\/v2\/product_tag?post=28931"}],"curies":[{"name":"wp","href":"https:\/\/api.w.org\/{rel}","templated":true}]}}