{"id":28940,"date":"2025-07-10T09:56:31","date_gmt":"2025-07-10T09:56:31","guid":{"rendered":"https:\/\/vorulagerinn.is\/product\/versatech-pro\/"},"modified":"2025-12-29T19:46:21","modified_gmt":"2025-12-29T19:46:21","slug":"versatech-pro","status":"publish","type":"product","link":"https:\/\/vorulagerinn.is\/en\/product\/versatech-pro\/","title":{"rendered":"VersaTech Pro er hinn fullkomni, l\u00e9tti og endingarg\u00f3\u00f0i 15,6&#8243; fart\u00f6lvubakpoki me\u00f0 YKK rennil\u00e1s"},"content":{"rendered":"<div style=\"width: 1020px;\" class=\"wp-video\"><video class=\"wp-video-shortcode\" id=\"video-28940-1\" width=\"1020\" height=\"574\" preload=\"metadata\" controls=\"controls\"><source type=\"video\/mp4\" src=\"https:\/\/fodurlandid.is\/wp-content\/uploads\/2025\/07\/L_MR4666_00.mp4?_=1\" \/><a href=\"https:\/\/fodurlandid.is\/wp-content\/uploads\/2025\/07\/L_MR4666_00.mp4\">https:\/\/fodurlandid.is\/wp-content\/uploads\/2025\/07\/L_MR4666_00.mp4<\/a><\/video><\/div>\n","protected":false},"excerpt":{"rendered":"<p>VersaTech Pro er fullkominn, l\u00e9ttur og endingarg\u00f3\u00f0ur fart\u00f6lvubakpoki fr\u00e1 Mark Ryden. Falleg og st\u00edlhrein h\u00f6nnun me\u00f0 g\u00f3\u00f0u skipulagi \u00far endingarg\u00f3\u00f0u efni og h\u00e1g\u00e6\u00f0a YKK rennil\u00e1sum. Me\u00f0 stillanlegum axlar\u00f3lum og YKK rennil\u00e1sum f\u00e6r\u00f0u bakpoka sem stenst \u00e1lag og endist lengur. S\u00e9r h\u00f3lf fyrir allt a\u00f0 15,6\u201d fart\u00f6lvu og vel skipulag\u00f0ir vasar.\u00a0Framan \u00e1 t\u00f6skunni eru tveir st\u00f3rir vasar me\u00f0 rennil\u00e1s og einn st\u00f3r vasi a\u00f0 aftan me\u00f0 rennil\u00e1s. \u00c1 hli\u00f0um eru st\u00e6kkanleg h\u00f3lf fyrir drykki. Ofan \u00ed t\u00f6skunni er s\u00e9r h\u00f3lf fyrir allt a\u00f0 15,6\u2033 fart\u00f6lvu, anna\u00f0 fyrir spjaldt\u00f6lvu \u00e1samt einum vasa. Eitt st\u00f3rt a\u00f0alh\u00f3lf \u00e1samt tveimur v\u00f6sum.<\/p>\n<p>St\u00edlhrein, l\u00e9tt og vel skipul\u00f6g\u00f0 fart\u00f6lvutaska fyrir sk\u00f3lann, vinnuna og fer\u00f0alagi\u00f0.<br \/>\nSj\u00e1 myndband af bakpokanum ne\u00f0ar \u00e1 \u00feessari s\u00ed\u00f0u.<\/p>\n<p>\u2013 Litur: Svartur<br \/>\n\u2013 St\u00e6r\u00f0: 27cm x 16cm x 45cm<br \/>\n\u2013 Efni \u00ed t\u00f6sku: Vatnsheld Oxford efni<br \/>\n\u2013 \u00deyngd: 0,78 kg<br \/>\n\u2013 YKK rennil\u00e1sar<\/p>\n","protected":false},"featured_media":28932,"template":"","meta":[],"product_brand":[412],"product_cat":[362],"product_tag":[],"class_list":{"0":"post-28940","1":"product","2":"type-product","3":"status-publish","4":"has-post-thumbnail","6":"product_brand-mark-ryden","7":"product_cat-bakpokar","9":"first","10":"instock","11":"sale","12":"taxable","13":"shipping-taxable","14":"purchasable","15":"product-type-simple"},"supplier_id":null,"supplier_sku":"","barcode":null,"atum_controlled":true,"out_stock_date":null,"out_stock_threshold":null,"inheritable":false,"inbound_stock":0,"stock_on_hold":0,"sold_today":0,"sales_last_days":0,"reserved_stock":0,"customer_returns":0,"warehouse_damage":0,"lost_in_post":0,"other_logs":0,"out_stock_days":0,"lost_sales":0,"has_location":false,"update_date":"2026-04-11T00:15:00","atum_locations":[],"atum_stock_status":"instock","restock_status":false,"low_stock_amount":"","sales_update_date":"2026-04-11T00:14:59","calc_backorders":null,"yoast_head":"<!-- This site is optimized with the Yoast SEO Premium plugin v26.6 (Yoast SEO v27.3) - https:\/\/yoast.com\/product\/yoast-seo-premium-wordpress\/ -->\n<title>VersaTech Pro bakpoki fyrir allt a\u00f0 15,4&quot; fart\u00f6lvur | YKK rennil\u00e1sar<\/title>\n<meta name=\"description\" content=\"Vel skipul\u00f6g\u00f0 fart\u00f6lvutaska me\u00f0 h\u00e1g\u00e6\u00f0a YKK rennil\u00e1sum fr\u00e1 Mark Ryden. S\u00e9r h\u00f3lf fyrir allt a\u00f0 15,6\u201d fart\u00f6lvur. \u00de\u00fa fer\u00f0ast me\u00f0 st\u00edl svo eftir er teki\u00f0.\" \/>\n<meta name=\"robots\" content=\"index, follow, max-snippet:-1, max-image-preview:large, max-video-preview:-1\" \/>\n<link rel=\"canonical\" href=\"https:\/\/vorulagerinn.is\/product\/versatech-pro\/\" \/>\n<meta property=\"og:locale\" content=\"en_US\" \/>\n<meta property=\"og:type\" content=\"article\" \/>\n<meta property=\"og:title\" content=\"VersaTech Pro er hinn fullkomni, l\u00e9tti og endingarg\u00f3\u00f0i 15,6&quot; fart\u00f6lvubakpoki me\u00f0 YKK rennil\u00e1s\" \/>\n<meta property=\"og:description\" content=\"Vel skipul\u00f6g\u00f0 fart\u00f6lvutaska me\u00f0 h\u00e1g\u00e6\u00f0a YKK rennil\u00e1sum fr\u00e1 Mark Ryden. S\u00e9r h\u00f3lf fyrir allt a\u00f0 15,6\u201d fart\u00f6lvur. \u00de\u00fa fer\u00f0ast me\u00f0 st\u00edl svo eftir er teki\u00f0.\" \/>\n<meta property=\"og:url\" content=\"https:\/\/vorulagerinn.is\/product\/versatech-pro\/\" \/>\n<meta property=\"og:site_name\" content=\"V&ouml;rulagerinn\" \/>\n<meta property=\"article:publisher\" content=\"https:\/\/www.facebook.com\/vorulagerinn\" \/>\n<meta property=\"article:modified_time\" content=\"2025-12-29T19:46:21+00:00\" \/>\n<meta property=\"og:image\" content=\"https:\/\/vorulagerinn.is\/wp-content\/uploads\/2025\/09\/L_MR4666_00.jpg\" \/>\n\t<meta property=\"og:image:width\" content=\"600\" \/>\n\t<meta property=\"og:image:height\" content=\"600\" \/>\n\t<meta property=\"og:image:type\" content=\"image\/jpeg\" \/>\n<meta name=\"twitter:card\" content=\"summary_large_image\" \/>\n<meta name=\"twitter:label1\" content=\"Price\" \/>\n\t<meta name=\"twitter:data1\" content=\"15.760&nbsp;kr.\" \/>\n\t<meta name=\"twitter:label2\" content=\"Availability\" \/>\n\t<meta name=\"twitter:data2\" content=\"In stock\" \/>\n<script type=\"application\/ld+json\" class=\"yoast-schema-graph\">{\"@context\":\"https:\\\/\\\/schema.org\",\"@graph\":[{\"@type\":\"WebPage\",\"@id\":\"https:\\\/\\\/vorulagerinn.is\\\/product\\\/versatech-pro\\\/\",\"url\":\"https:\\\/\\\/vorulagerinn.is\\\/product\\\/versatech-pro\\\/\",\"name\":\"VersaTech Pro bakpoki fyrir allt a\u00f0 15,4\\\" fart\u00f6lvur | YKK rennil\u00e1sar\",\"isPartOf\":{\"@id\":\"https:\\\/\\\/vorulagerinn.is\\\/#website\"},\"primaryImageOfPage\":{\"@id\":\"https:\\\/\\\/vorulagerinn.is\\\/product\\\/versatech-pro\\\/#primaryimage\"},\"image\":{\"@id\":\"https:\\\/\\\/vorulagerinn.is\\\/product\\\/versatech-pro\\\/#primaryimage\"},\"thumbnailUrl\":\"https:\\\/\\\/vorulagerinn.is\\\/wp-content\\\/uploads\\\/2025\\\/09\\\/L_MR4666_00.jpg\",\"datePublished\":\"2025-07-10T09:56:31+00:00\",\"dateModified\":\"2025-12-29T19:46:21+00:00\",\"description\":\"Vel skipul\u00f6g\u00f0 fart\u00f6lvutaska me\u00f0 h\u00e1g\u00e6\u00f0a YKK rennil\u00e1sum fr\u00e1 Mark Ryden. S\u00e9r h\u00f3lf fyrir allt a\u00f0 15,6\u201d fart\u00f6lvur. \u00de\u00fa fer\u00f0ast me\u00f0 st\u00edl svo eftir er teki\u00f0.\",\"breadcrumb\":{\"@id\":\"https:\\\/\\\/vorulagerinn.is\\\/product\\\/versatech-pro\\\/#breadcrumb\"},\"inLanguage\":\"en-US\",\"potentialAction\":[{\"@type\":\"ReadAction\",\"target\":[\"https:\\\/\\\/vorulagerinn.is\\\/product\\\/versatech-pro\\\/\"]}]},{\"@type\":\"ImageObject\",\"inLanguage\":\"en-US\",\"@id\":\"https:\\\/\\\/vorulagerinn.is\\\/product\\\/versatech-pro\\\/#primaryimage\",\"url\":\"https:\\\/\\\/vorulagerinn.is\\\/wp-content\\\/uploads\\\/2025\\\/09\\\/L_MR4666_00.jpg\",\"contentUrl\":\"https:\\\/\\\/vorulagerinn.is\\\/wp-content\\\/uploads\\\/2025\\\/09\\\/L_MR4666_00.jpg\",\"width\":600,\"height\":600},{\"@type\":\"BreadcrumbList\",\"@id\":\"https:\\\/\\\/vorulagerinn.is\\\/product\\\/versatech-pro\\\/#breadcrumb\",\"itemListElement\":[{\"@type\":\"ListItem\",\"position\":1,\"name\":\"Home\",\"item\":\"https:\\\/\\\/vorulagerinn.is\\\/\"},{\"@type\":\"ListItem\",\"position\":2,\"name\":\"Shop\",\"item\":\"https:\\\/\\\/vorulagerinn.is\\\/en\\\/shop\\\/\"},{\"@type\":\"ListItem\",\"position\":3,\"name\":\"VersaTech Pro er hinn fullkomni, l\u00e9tti og endingarg\u00f3\u00f0i 15,6&#8243; fart\u00f6lvubakpoki me\u00f0 YKK rennil\u00e1s\"}]},{\"@type\":\"WebSite\",\"@id\":\"https:\\\/\\\/vorulagerinn.is\\\/#website\",\"url\":\"https:\\\/\\\/vorulagerinn.is\\\/\",\"name\":\"V\u00f6rulagerinn\",\"description\":\"L\u00e1ttu \u00fea\u00f0 eftir \u00fe\u00e9r\",\"publisher\":{\"@id\":\"https:\\\/\\\/vorulagerinn.is\\\/#organization\"},\"potentialAction\":[{\"@type\":\"SearchAction\",\"target\":{\"@type\":\"EntryPoint\",\"urlTemplate\":\"https:\\\/\\\/vorulagerinn.is\\\/?s={search_term_string}\"},\"query-input\":{\"@type\":\"PropertyValueSpecification\",\"valueRequired\":true,\"valueName\":\"search_term_string\"}}],\"inLanguage\":\"en-US\"},{\"@type\":\"Organization\",\"@id\":\"https:\\\/\\\/vorulagerinn.is\\\/#organization\",\"name\":\"V\u00f6rulagerinn\",\"url\":\"https:\\\/\\\/vorulagerinn.is\\\/\",\"logo\":{\"@type\":\"ImageObject\",\"inLanguage\":\"en-US\",\"@id\":\"https:\\\/\\\/vorulagerinn.is\\\/#\\\/schema\\\/logo\\\/image\\\/\",\"url\":\"https:\\\/\\\/vorulagerinn.is\\\/wp-content\\\/uploads\\\/2022\\\/09\\\/Vorulagerinn-Logo-588x160-1.png\",\"contentUrl\":\"https:\\\/\\\/vorulagerinn.is\\\/wp-content\\\/uploads\\\/2022\\\/09\\\/Vorulagerinn-Logo-588x160-1.png\",\"width\":588,\"height\":160,\"caption\":\"V\u00f6rulagerinn\"},\"image\":{\"@id\":\"https:\\\/\\\/vorulagerinn.is\\\/#\\\/schema\\\/logo\\\/image\\\/\"},\"sameAs\":[\"https:\\\/\\\/www.facebook.com\\\/vorulagerinn\",\"https:\\\/\\\/www.instagram.com\\\/vorulagerinn\\\/\"]}]}<\/script>\n<meta property=\"product:price:amount\" content=\"15760\" \/>\n<meta property=\"product:price:currency\" content=\"ISK\" \/>\n<meta property=\"og:availability\" content=\"instock\" \/>\n<meta property=\"product:availability\" content=\"instock\" \/>\n<meta property=\"product:retailer_item_id\" content=\"L_MR4666\" \/>\n<meta property=\"product:condition\" content=\"new\" \/>\n<!-- \/ Yoast SEO Premium plugin. -->","yoast_head_json":{"title":"VersaTech Pro bakpoki fyrir allt a\u00f0 15,4\" fart\u00f6lvur | YKK rennil\u00e1sar","description":"Vel skipul\u00f6g\u00f0 fart\u00f6lvutaska me\u00f0 h\u00e1g\u00e6\u00f0a YKK rennil\u00e1sum fr\u00e1 Mark Ryden. S\u00e9r h\u00f3lf fyrir allt a\u00f0 15,6\u201d fart\u00f6lvur. \u00de\u00fa fer\u00f0ast me\u00f0 st\u00edl svo eftir er teki\u00f0.","robots":{"index":"index","follow":"follow","max-snippet":"max-snippet:-1","max-image-preview":"max-image-preview:large","max-video-preview":"max-video-preview:-1"},"canonical":"https:\/\/vorulagerinn.is\/product\/versatech-pro\/","og_locale":"en_US","og_type":"article","og_title":"VersaTech Pro er hinn fullkomni, l\u00e9tti og endingarg\u00f3\u00f0i 15,6\" fart\u00f6lvubakpoki me\u00f0 YKK rennil\u00e1s","og_description":"Vel skipul\u00f6g\u00f0 fart\u00f6lvutaska me\u00f0 h\u00e1g\u00e6\u00f0a YKK rennil\u00e1sum fr\u00e1 Mark Ryden. S\u00e9r h\u00f3lf fyrir allt a\u00f0 15,6\u201d fart\u00f6lvur. \u00de\u00fa fer\u00f0ast me\u00f0 st\u00edl svo eftir er teki\u00f0.","og_url":"https:\/\/vorulagerinn.is\/product\/versatech-pro\/","og_site_name":"V&ouml;rulagerinn","article_publisher":"https:\/\/www.facebook.com\/vorulagerinn","article_modified_time":"2025-12-29T19:46:21+00:00","og_image":[{"width":600,"height":600,"url":"https:\/\/vorulagerinn.is\/wp-content\/uploads\/2025\/09\/L_MR4666_00.jpg","type":"image\/jpeg"}],"twitter_card":"summary_large_image","twitter_misc":{"Price":"15.760&nbsp;kr.","Availability":"In stock"},"schema":{"@context":"https:\/\/schema.org","@graph":[{"@type":"WebPage","@id":"https:\/\/vorulagerinn.is\/product\/versatech-pro\/","url":"https:\/\/vorulagerinn.is\/product\/versatech-pro\/","name":"VersaTech Pro bakpoki fyrir allt a\u00f0 15,4\" fart\u00f6lvur | YKK rennil\u00e1sar","isPartOf":{"@id":"https:\/\/vorulagerinn.is\/#website"},"primaryImageOfPage":{"@id":"https:\/\/vorulagerinn.is\/product\/versatech-pro\/#primaryimage"},"image":{"@id":"https:\/\/vorulagerinn.is\/product\/versatech-pro\/#primaryimage"},"thumbnailUrl":"https:\/\/vorulagerinn.is\/wp-content\/uploads\/2025\/09\/L_MR4666_00.jpg","datePublished":"2025-07-10T09:56:31+00:00","dateModified":"2025-12-29T19:46:21+00:00","description":"Vel skipul\u00f6g\u00f0 fart\u00f6lvutaska me\u00f0 h\u00e1g\u00e6\u00f0a YKK rennil\u00e1sum fr\u00e1 Mark Ryden. S\u00e9r h\u00f3lf fyrir allt a\u00f0 15,6\u201d fart\u00f6lvur. \u00de\u00fa fer\u00f0ast me\u00f0 st\u00edl svo eftir er teki\u00f0.","breadcrumb":{"@id":"https:\/\/vorulagerinn.is\/product\/versatech-pro\/#breadcrumb"},"inLanguage":"en-US","potentialAction":[{"@type":"ReadAction","target":["https:\/\/vorulagerinn.is\/product\/versatech-pro\/"]}]},{"@type":"ImageObject","inLanguage":"en-US","@id":"https:\/\/vorulagerinn.is\/product\/versatech-pro\/#primaryimage","url":"https:\/\/vorulagerinn.is\/wp-content\/uploads\/2025\/09\/L_MR4666_00.jpg","contentUrl":"https:\/\/vorulagerinn.is\/wp-content\/uploads\/2025\/09\/L_MR4666_00.jpg","width":600,"height":600},{"@type":"BreadcrumbList","@id":"https:\/\/vorulagerinn.is\/product\/versatech-pro\/#breadcrumb","itemListElement":[{"@type":"ListItem","position":1,"name":"Home","item":"https:\/\/vorulagerinn.is\/"},{"@type":"ListItem","position":2,"name":"Shop","item":"https:\/\/vorulagerinn.is\/en\/shop\/"},{"@type":"ListItem","position":3,"name":"VersaTech Pro er hinn fullkomni, l\u00e9tti og endingarg\u00f3\u00f0i 15,6&#8243; fart\u00f6lvubakpoki me\u00f0 YKK rennil\u00e1s"}]},{"@type":"WebSite","@id":"https:\/\/vorulagerinn.is\/#website","url":"https:\/\/vorulagerinn.is\/","name":"V\u00f6rulagerinn","description":"L\u00e1ttu \u00fea\u00f0 eftir \u00fe\u00e9r","publisher":{"@id":"https:\/\/vorulagerinn.is\/#organization"},"potentialAction":[{"@type":"SearchAction","target":{"@type":"EntryPoint","urlTemplate":"https:\/\/vorulagerinn.is\/?s={search_term_string}"},"query-input":{"@type":"PropertyValueSpecification","valueRequired":true,"valueName":"search_term_string"}}],"inLanguage":"en-US"},{"@type":"Organization","@id":"https:\/\/vorulagerinn.is\/#organization","name":"V\u00f6rulagerinn","url":"https:\/\/vorulagerinn.is\/","logo":{"@type":"ImageObject","inLanguage":"en-US","@id":"https:\/\/vorulagerinn.is\/#\/schema\/logo\/image\/","url":"https:\/\/vorulagerinn.is\/wp-content\/uploads\/2022\/09\/Vorulagerinn-Logo-588x160-1.png","contentUrl":"https:\/\/vorulagerinn.is\/wp-content\/uploads\/2022\/09\/Vorulagerinn-Logo-588x160-1.png","width":588,"height":160,"caption":"V\u00f6rulagerinn"},"image":{"@id":"https:\/\/vorulagerinn.is\/#\/schema\/logo\/image\/"},"sameAs":["https:\/\/www.facebook.com\/vorulagerinn","https:\/\/www.instagram.com\/vorulagerinn\/"]}]},"product_price_amount":"15760","product_price_currency":"ISK","og_availability":"instock","product_availability":"instock","product_retailer_item_id":"L_MR4666","product_condition":"new"},"_links":{"self":[{"href":"https:\/\/vorulagerinn.is\/en\/wp-json\/wp\/v2\/product\/28940","targetHints":{"allow":["GET"]}}],"collection":[{"href":"https:\/\/vorulagerinn.is\/en\/wp-json\/wp\/v2\/product"}],"about":[{"href":"https:\/\/vorulagerinn.is\/en\/wp-json\/wp\/v2\/types\/product"}],"wp:featuredmedia":[{"embeddable":true,"href":"https:\/\/vorulagerinn.is\/en\/wp-json\/wp\/v2\/media\/28932"}],"wp:attachment":[{"href":"https:\/\/vorulagerinn.is\/en\/wp-json\/wp\/v2\/media?parent=28940"}],"wp:term":[{"taxonomy":"product_brand","embeddable":true,"href":"https:\/\/vorulagerinn.is\/en\/wp-json\/wp\/v2\/product_brand?post=28940"},{"taxonomy":"product_cat","embeddable":true,"href":"https:\/\/vorulagerinn.is\/en\/wp-json\/wp\/v2\/product_cat?post=28940"},{"taxonomy":"product_tag","embeddable":true,"href":"https:\/\/vorulagerinn.is\/en\/wp-json\/wp\/v2\/product_tag?post=28940"}],"curies":[{"name":"wp","href":"https:\/\/api.w.org\/{rel}","templated":true}]}}