{"id":28982,"date":"2025-07-10T06:36:44","date_gmt":"2025-07-10T06:36:44","guid":{"rendered":"https:\/\/vorulagerinn.is\/product\/softologic-i-skolataska-fartolvutaska-fyrir-allt-ad-156%e2%80%b3-fartolvur-rauf-fyrir-usb-a-og-usb-c-tengi-til-ad-hlada-snjalltaekin\/"},"modified":"2026-03-09T17:19:49","modified_gmt":"2026-03-09T17:19:49","slug":"mr9809","status":"publish","type":"product","link":"https:\/\/vorulagerinn.is\/en\/product\/mr9809\/","title":{"rendered":"Softologic I sk\u00f3lataska \/ fart\u00f6lvutaska fyrir allt a\u00f0 15,6\u2033 fart\u00f6lvur &amp; rauf fyrir USB-A og USB-C tengi til a\u00f0 hla\u00f0a snjallt\u00e6kin"},"content":{"rendered":"","protected":false},"excerpt":{"rendered":"<p>St\u00edlhrein og gl\u00e6sileg sk\u00f3lataska \/ bakpoki fr\u00e1 Mark Ryden. Utan \u00e1 t\u00f6skunni eru USB-A og USB-C raufar sem tengt er vi\u00f0 hle\u00f0slubanka ofan \u00ed t\u00f6skunni. \u00de\u00fa stingur einfaldlega hle\u00f0slusn\u00faru \u00ed USB rauf \u00e1 t\u00f6skunni og hle\u00f0ur snjallt\u00e6kin \u00e1 fer\u00f0inni. Taskan er me\u00f0 YKK rennil\u00e1sum sem eru \u00feeir bestu \u00e1 marka\u00f0inum \u00ed dag og endast mun lengur.<\/p>\n<p>Framan \u00e1 t\u00f6skunni er renndur vasi. \u00c1 b\u00e1\u00f0um hli\u00f0um eru vasar undir t.d. drykki \u00e1samt rauf fyrir USB-A og USA-C tengi. Baki\u00f0 er me\u00f0 g\u00f3\u00f0ri loftun, renndum vasa \u00e1 \u00f3l og festingu til a\u00f0 hengja t\u00f6skuna \u00e1 handfangi\u00f0 \u00e1 fer\u00f0at\u00f6sku sem vi\u00f0 dr\u00f6gum eftir okkur. Ofan \u00ed t\u00f6skunni er h\u00f3lf fyrir allt a\u00f0 15,6\u2033 fart\u00f6lvu og anna\u00f0 h\u00f3lf fyrir allt a\u00f0 12,9\u2033 spjaldt\u00f6lvu. \u00dea\u00f0 er 1 renndur vasi og tveir opnir.<\/p>\n<p>\u2013 Litur: Svartur<br \/>\n\u2013 St\u00e6r\u00f0: 29 x 17 x 44 cm<br \/>\n\u2013 \u00deyngd: 0,7 kg<br \/>\n\u2013 Efni: Oxford + PU<br \/>\n\u2013 Stillanleg b\u00f6nd: 40-90 cm<br \/>\n\u2013 S\u00e9r h\u00f3lf fyrir allt a\u00f0 15,6\u2033 fart\u00f6lvur<br \/>\n\u2013 YKK rennil\u00e1sar<\/p>\n","protected":false},"featured_media":28972,"template":"","meta":[],"product_brand":[412],"product_cat":[362],"product_tag":[],"class_list":{"0":"post-28982","1":"product","2":"type-product","3":"status-publish","4":"has-post-thumbnail","6":"product_brand-mark-ryden","7":"product_cat-bakpokar","9":"first","10":"instock","11":"sale","12":"taxable","13":"shipping-taxable","14":"purchasable","15":"product-type-simple"},"supplier_id":null,"supplier_sku":"","barcode":null,"atum_controlled":true,"out_stock_date":null,"out_stock_threshold":null,"inheritable":false,"inbound_stock":0,"stock_on_hold":0,"sold_today":0,"sales_last_days":0,"reserved_stock":0,"customer_returns":0,"warehouse_damage":0,"lost_in_post":0,"other_logs":0,"out_stock_days":0,"lost_sales":0,"has_location":false,"update_date":"2026-04-19T00:23:32","atum_locations":[],"atum_stock_status":"instock","restock_status":false,"low_stock_amount":"","sales_update_date":"2026-04-19T00:23:32","calc_backorders":null,"yoast_head":"<!-- This site is optimized with the Yoast SEO Premium plugin v26.6 (Yoast SEO v27.3) - https:\/\/yoast.com\/product\/yoast-seo-premium-wordpress\/ -->\n<title>Softologic I sk\u00f3lataska \/ fart\u00f6lvutaska er fyrir allt a\u00f0 15,6\u2033 fart\u00f6lvur<\/title>\n<meta name=\"description\" content=\"Gl\u00e6silegur bakpoki \/ sk\u00f3lataska fr\u00e1 Mark Ryden. Utan\u00e1liggjandi USB-A &amp; USB-C raufar tengt vi\u00f0 hle\u00f0slubanka til a\u00f0 hla\u00f0a t\u00f6lvuna \/ snjalls\u00edmann \u00e1 fer\u00f0inni\" \/>\n<meta name=\"robots\" content=\"index, follow, max-snippet:-1, max-image-preview:large, max-video-preview:-1\" \/>\n<link rel=\"canonical\" href=\"https:\/\/vorulagerinn.is\/product\/mr9809\/\" \/>\n<meta property=\"og:locale\" content=\"en_US\" \/>\n<meta property=\"og:type\" content=\"article\" \/>\n<meta property=\"og:title\" content=\"Softologic I sk\u00f3lataska \/ fart\u00f6lvutaska fyrir allt a\u00f0 15,6\u2033 fart\u00f6lvur &amp; rauf fyrir USB-A og USB-C tengi til a\u00f0 hla\u00f0a snjallt\u00e6kin\" \/>\n<meta property=\"og:description\" content=\"Gl\u00e6silegur bakpoki \/ sk\u00f3lataska fr\u00e1 Mark Ryden. Utan\u00e1liggjandi USB-A &amp; USB-C raufar tengt vi\u00f0 hle\u00f0slubanka til a\u00f0 hla\u00f0a t\u00f6lvuna \/ snjalls\u00edmann \u00e1 fer\u00f0inni\" \/>\n<meta property=\"og:url\" content=\"https:\/\/vorulagerinn.is\/product\/mr9809\/\" \/>\n<meta property=\"og:site_name\" content=\"V&ouml;rulagerinn\" \/>\n<meta property=\"article:publisher\" content=\"https:\/\/www.facebook.com\/vorulagerinn\" \/>\n<meta property=\"article:modified_time\" content=\"2026-03-09T17:19:49+00:00\" \/>\n<meta property=\"og:image\" content=\"https:\/\/vorulagerinn.is\/wp-content\/uploads\/2025\/09\/MR9809.jpg\" \/>\n\t<meta property=\"og:image:width\" content=\"600\" \/>\n\t<meta property=\"og:image:height\" content=\"600\" \/>\n\t<meta property=\"og:image:type\" content=\"image\/jpeg\" \/>\n<meta name=\"twitter:card\" content=\"summary_large_image\" \/>\n<meta name=\"twitter:label1\" content=\"Price\" \/>\n\t<meta name=\"twitter:data1\" content=\"13.520&nbsp;kr.\" \/>\n\t<meta name=\"twitter:label2\" content=\"Availability\" \/>\n\t<meta name=\"twitter:data2\" content=\"In stock\" \/>\n<script type=\"application\/ld+json\" class=\"yoast-schema-graph\">{\"@context\":\"https:\\\/\\\/schema.org\",\"@graph\":[{\"@type\":\"WebPage\",\"@id\":\"https:\\\/\\\/vorulagerinn.is\\\/product\\\/mr9809\\\/\",\"url\":\"https:\\\/\\\/vorulagerinn.is\\\/product\\\/mr9809\\\/\",\"name\":\"Softologic I sk\u00f3lataska \\\/ fart\u00f6lvutaska er fyrir allt a\u00f0 15,6\u2033 fart\u00f6lvur\",\"isPartOf\":{\"@id\":\"https:\\\/\\\/vorulagerinn.is\\\/#website\"},\"primaryImageOfPage\":{\"@id\":\"https:\\\/\\\/vorulagerinn.is\\\/product\\\/mr9809\\\/#primaryimage\"},\"image\":{\"@id\":\"https:\\\/\\\/vorulagerinn.is\\\/product\\\/mr9809\\\/#primaryimage\"},\"thumbnailUrl\":\"https:\\\/\\\/vorulagerinn.is\\\/wp-content\\\/uploads\\\/2025\\\/09\\\/MR9809.jpg\",\"datePublished\":\"2025-07-10T06:36:44+00:00\",\"dateModified\":\"2026-03-09T17:19:49+00:00\",\"description\":\"Gl\u00e6silegur bakpoki \\\/ sk\u00f3lataska fr\u00e1 Mark Ryden. Utan\u00e1liggjandi USB-A & USB-C raufar tengt vi\u00f0 hle\u00f0slubanka til a\u00f0 hla\u00f0a t\u00f6lvuna \\\/ snjalls\u00edmann \u00e1 fer\u00f0inni\",\"breadcrumb\":{\"@id\":\"https:\\\/\\\/vorulagerinn.is\\\/product\\\/mr9809\\\/#breadcrumb\"},\"inLanguage\":\"en-US\",\"potentialAction\":[{\"@type\":\"ReadAction\",\"target\":[\"https:\\\/\\\/vorulagerinn.is\\\/product\\\/mr9809\\\/\"]}]},{\"@type\":\"ImageObject\",\"inLanguage\":\"en-US\",\"@id\":\"https:\\\/\\\/vorulagerinn.is\\\/product\\\/mr9809\\\/#primaryimage\",\"url\":\"https:\\\/\\\/vorulagerinn.is\\\/wp-content\\\/uploads\\\/2025\\\/09\\\/MR9809.jpg\",\"contentUrl\":\"https:\\\/\\\/vorulagerinn.is\\\/wp-content\\\/uploads\\\/2025\\\/09\\\/MR9809.jpg\",\"width\":600,\"height\":600},{\"@type\":\"BreadcrumbList\",\"@id\":\"https:\\\/\\\/vorulagerinn.is\\\/product\\\/mr9809\\\/#breadcrumb\",\"itemListElement\":[{\"@type\":\"ListItem\",\"position\":1,\"name\":\"Home\",\"item\":\"https:\\\/\\\/vorulagerinn.is\\\/\"},{\"@type\":\"ListItem\",\"position\":2,\"name\":\"Shop\",\"item\":\"https:\\\/\\\/vorulagerinn.is\\\/en\\\/shop\\\/\"},{\"@type\":\"ListItem\",\"position\":3,\"name\":\"Softologic I sk\u00f3lataska \\\/ fart\u00f6lvutaska fyrir allt a\u00f0 15,6\u2033 fart\u00f6lvur &amp; rauf fyrir USB-A og USB-C tengi til a\u00f0 hla\u00f0a snjallt\u00e6kin\"}]},{\"@type\":\"WebSite\",\"@id\":\"https:\\\/\\\/vorulagerinn.is\\\/#website\",\"url\":\"https:\\\/\\\/vorulagerinn.is\\\/\",\"name\":\"V\u00f6rulagerinn\",\"description\":\"L\u00e1ttu \u00fea\u00f0 eftir \u00fe\u00e9r\",\"publisher\":{\"@id\":\"https:\\\/\\\/vorulagerinn.is\\\/#organization\"},\"potentialAction\":[{\"@type\":\"SearchAction\",\"target\":{\"@type\":\"EntryPoint\",\"urlTemplate\":\"https:\\\/\\\/vorulagerinn.is\\\/?s={search_term_string}\"},\"query-input\":{\"@type\":\"PropertyValueSpecification\",\"valueRequired\":true,\"valueName\":\"search_term_string\"}}],\"inLanguage\":\"en-US\"},{\"@type\":\"Organization\",\"@id\":\"https:\\\/\\\/vorulagerinn.is\\\/#organization\",\"name\":\"V\u00f6rulagerinn\",\"url\":\"https:\\\/\\\/vorulagerinn.is\\\/\",\"logo\":{\"@type\":\"ImageObject\",\"inLanguage\":\"en-US\",\"@id\":\"https:\\\/\\\/vorulagerinn.is\\\/#\\\/schema\\\/logo\\\/image\\\/\",\"url\":\"https:\\\/\\\/vorulagerinn.is\\\/wp-content\\\/uploads\\\/2022\\\/09\\\/Vorulagerinn-Logo-588x160-1.png\",\"contentUrl\":\"https:\\\/\\\/vorulagerinn.is\\\/wp-content\\\/uploads\\\/2022\\\/09\\\/Vorulagerinn-Logo-588x160-1.png\",\"width\":588,\"height\":160,\"caption\":\"V\u00f6rulagerinn\"},\"image\":{\"@id\":\"https:\\\/\\\/vorulagerinn.is\\\/#\\\/schema\\\/logo\\\/image\\\/\"},\"sameAs\":[\"https:\\\/\\\/www.facebook.com\\\/vorulagerinn\",\"https:\\\/\\\/www.instagram.com\\\/vorulagerinn\\\/\"]}]}<\/script>\n<meta property=\"product:price:amount\" content=\"13520\" \/>\n<meta property=\"product:price:currency\" content=\"ISK\" \/>\n<meta property=\"og:availability\" content=\"instock\" \/>\n<meta property=\"product:availability\" content=\"instock\" \/>\n<meta property=\"product:retailer_item_id\" content=\"MR9809\" \/>\n<meta property=\"product:condition\" content=\"new\" \/>\n<!-- \/ Yoast SEO Premium plugin. -->","yoast_head_json":{"title":"Softologic I sk\u00f3lataska \/ fart\u00f6lvutaska er fyrir allt a\u00f0 15,6\u2033 fart\u00f6lvur","description":"Gl\u00e6silegur bakpoki \/ sk\u00f3lataska fr\u00e1 Mark Ryden. Utan\u00e1liggjandi USB-A & USB-C raufar tengt vi\u00f0 hle\u00f0slubanka til a\u00f0 hla\u00f0a t\u00f6lvuna \/ snjalls\u00edmann \u00e1 fer\u00f0inni","robots":{"index":"index","follow":"follow","max-snippet":"max-snippet:-1","max-image-preview":"max-image-preview:large","max-video-preview":"max-video-preview:-1"},"canonical":"https:\/\/vorulagerinn.is\/product\/mr9809\/","og_locale":"en_US","og_type":"article","og_title":"Softologic I sk\u00f3lataska \/ fart\u00f6lvutaska fyrir allt a\u00f0 15,6\u2033 fart\u00f6lvur &amp; rauf fyrir USB-A og USB-C tengi til a\u00f0 hla\u00f0a snjallt\u00e6kin","og_description":"Gl\u00e6silegur bakpoki \/ sk\u00f3lataska fr\u00e1 Mark Ryden. Utan\u00e1liggjandi USB-A & USB-C raufar tengt vi\u00f0 hle\u00f0slubanka til a\u00f0 hla\u00f0a t\u00f6lvuna \/ snjalls\u00edmann \u00e1 fer\u00f0inni","og_url":"https:\/\/vorulagerinn.is\/product\/mr9809\/","og_site_name":"V&ouml;rulagerinn","article_publisher":"https:\/\/www.facebook.com\/vorulagerinn","article_modified_time":"2026-03-09T17:19:49+00:00","og_image":[{"width":600,"height":600,"url":"https:\/\/vorulagerinn.is\/wp-content\/uploads\/2025\/09\/MR9809.jpg","type":"image\/jpeg"}],"twitter_card":"summary_large_image","twitter_misc":{"Price":"13.520&nbsp;kr.","Availability":"In stock"},"schema":{"@context":"https:\/\/schema.org","@graph":[{"@type":"WebPage","@id":"https:\/\/vorulagerinn.is\/product\/mr9809\/","url":"https:\/\/vorulagerinn.is\/product\/mr9809\/","name":"Softologic I sk\u00f3lataska \/ fart\u00f6lvutaska er fyrir allt a\u00f0 15,6\u2033 fart\u00f6lvur","isPartOf":{"@id":"https:\/\/vorulagerinn.is\/#website"},"primaryImageOfPage":{"@id":"https:\/\/vorulagerinn.is\/product\/mr9809\/#primaryimage"},"image":{"@id":"https:\/\/vorulagerinn.is\/product\/mr9809\/#primaryimage"},"thumbnailUrl":"https:\/\/vorulagerinn.is\/wp-content\/uploads\/2025\/09\/MR9809.jpg","datePublished":"2025-07-10T06:36:44+00:00","dateModified":"2026-03-09T17:19:49+00:00","description":"Gl\u00e6silegur bakpoki \/ sk\u00f3lataska fr\u00e1 Mark Ryden. Utan\u00e1liggjandi USB-A & USB-C raufar tengt vi\u00f0 hle\u00f0slubanka til a\u00f0 hla\u00f0a t\u00f6lvuna \/ snjalls\u00edmann \u00e1 fer\u00f0inni","breadcrumb":{"@id":"https:\/\/vorulagerinn.is\/product\/mr9809\/#breadcrumb"},"inLanguage":"en-US","potentialAction":[{"@type":"ReadAction","target":["https:\/\/vorulagerinn.is\/product\/mr9809\/"]}]},{"@type":"ImageObject","inLanguage":"en-US","@id":"https:\/\/vorulagerinn.is\/product\/mr9809\/#primaryimage","url":"https:\/\/vorulagerinn.is\/wp-content\/uploads\/2025\/09\/MR9809.jpg","contentUrl":"https:\/\/vorulagerinn.is\/wp-content\/uploads\/2025\/09\/MR9809.jpg","width":600,"height":600},{"@type":"BreadcrumbList","@id":"https:\/\/vorulagerinn.is\/product\/mr9809\/#breadcrumb","itemListElement":[{"@type":"ListItem","position":1,"name":"Home","item":"https:\/\/vorulagerinn.is\/"},{"@type":"ListItem","position":2,"name":"Shop","item":"https:\/\/vorulagerinn.is\/en\/shop\/"},{"@type":"ListItem","position":3,"name":"Softologic I sk\u00f3lataska \/ fart\u00f6lvutaska fyrir allt a\u00f0 15,6\u2033 fart\u00f6lvur &amp; rauf fyrir USB-A og USB-C tengi til a\u00f0 hla\u00f0a snjallt\u00e6kin"}]},{"@type":"WebSite","@id":"https:\/\/vorulagerinn.is\/#website","url":"https:\/\/vorulagerinn.is\/","name":"V\u00f6rulagerinn","description":"L\u00e1ttu \u00fea\u00f0 eftir \u00fe\u00e9r","publisher":{"@id":"https:\/\/vorulagerinn.is\/#organization"},"potentialAction":[{"@type":"SearchAction","target":{"@type":"EntryPoint","urlTemplate":"https:\/\/vorulagerinn.is\/?s={search_term_string}"},"query-input":{"@type":"PropertyValueSpecification","valueRequired":true,"valueName":"search_term_string"}}],"inLanguage":"en-US"},{"@type":"Organization","@id":"https:\/\/vorulagerinn.is\/#organization","name":"V\u00f6rulagerinn","url":"https:\/\/vorulagerinn.is\/","logo":{"@type":"ImageObject","inLanguage":"en-US","@id":"https:\/\/vorulagerinn.is\/#\/schema\/logo\/image\/","url":"https:\/\/vorulagerinn.is\/wp-content\/uploads\/2022\/09\/Vorulagerinn-Logo-588x160-1.png","contentUrl":"https:\/\/vorulagerinn.is\/wp-content\/uploads\/2022\/09\/Vorulagerinn-Logo-588x160-1.png","width":588,"height":160,"caption":"V\u00f6rulagerinn"},"image":{"@id":"https:\/\/vorulagerinn.is\/#\/schema\/logo\/image\/"},"sameAs":["https:\/\/www.facebook.com\/vorulagerinn","https:\/\/www.instagram.com\/vorulagerinn\/"]}]},"product_price_amount":"13520","product_price_currency":"ISK","og_availability":"instock","product_availability":"instock","product_retailer_item_id":"MR9809","product_condition":"new"},"_links":{"self":[{"href":"https:\/\/vorulagerinn.is\/en\/wp-json\/wp\/v2\/product\/28982","targetHints":{"allow":["GET"]}}],"collection":[{"href":"https:\/\/vorulagerinn.is\/en\/wp-json\/wp\/v2\/product"}],"about":[{"href":"https:\/\/vorulagerinn.is\/en\/wp-json\/wp\/v2\/types\/product"}],"wp:featuredmedia":[{"embeddable":true,"href":"https:\/\/vorulagerinn.is\/en\/wp-json\/wp\/v2\/media\/28972"}],"wp:attachment":[{"href":"https:\/\/vorulagerinn.is\/en\/wp-json\/wp\/v2\/media?parent=28982"}],"wp:term":[{"taxonomy":"product_brand","embeddable":true,"href":"https:\/\/vorulagerinn.is\/en\/wp-json\/wp\/v2\/product_brand?post=28982"},{"taxonomy":"product_cat","embeddable":true,"href":"https:\/\/vorulagerinn.is\/en\/wp-json\/wp\/v2\/product_cat?post=28982"},{"taxonomy":"product_tag","embeddable":true,"href":"https:\/\/vorulagerinn.is\/en\/wp-json\/wp\/v2\/product_tag?post=28982"}],"curies":[{"name":"wp","href":"https:\/\/api.w.org\/{rel}","templated":true}]}}