{"id":28989,"date":"2025-06-29T19:20:03","date_gmt":"2025-06-29T19:20:03","guid":{"rendered":"https:\/\/vorulagerinn.is\/product\/capaflex-2\/"},"modified":"2025-10-29T12:11:29","modified_gmt":"2025-10-29T12:11:29","slug":"capaflex","status":"publish","type":"product","link":"https:\/\/vorulagerinn.is\/en\/product\/capaflex\/","title":{"rendered":"CapaFlex er r\u00famg\u00f3\u00f0ur &amp; st\u00e6kkanlegur 22-29 l\u00edtra bakpoki me\u00f0 vasa fyrir allt a\u00f0 17,3&#8243; fart\u00f6lvur &amp; 12,9&#8243; spjaldt\u00f6lvu"},"content":{"rendered":"","protected":false},"excerpt":{"rendered":"<p>Vanda\u00f0ur, st\u00edlhreinn og st\u00e6kkanlegur 22-29 l\u00edtra bakpoki me\u00f0 s\u00e9r vasa fyrir allt a\u00f0 17,3&#8243; fart\u00f6lvur og 12,9&#8243; spjaldt\u00f6lvur. Framan \u00e1 t\u00f6skunni er mj\u00f6g r\u00famg\u00f3\u00f0ur vasi \u00e1samt tveimur v\u00f6sum me\u00f0 rennil\u00e1s. \u00c1 hli\u00f0um eru vasar fyrir t.d. regnhl\u00edf og drykki. \u00c1 baki er r\u00famg\u00f3\u00f0ur renndur vasi. Innra r\u00fdmi t\u00f6skunnar er me\u00f0 s\u00e9r v\u00f6sum fyrir fart\u00f6lvur og spjaldt\u00f6lvur \u00e1samt tveimur opnum v\u00f6sum og einum renndum.<\/p>\n<p>&#8211; Litur: Svartur<br \/>\n&#8211; St\u00e6r\u00f0: 32 x 15 x 45 cm<br \/>\n&#8211; \u00deyngd: 1,2 kg<br \/>\n&#8211; Efni: Oxford<br \/>\n&#8211; Stillanleg b\u00f6nd: 45-95 cm<br \/>\n&#8211; S\u00e9r h\u00f3lf fyrir allt a\u00f0 15,6&#8243; fart\u00f6lvu<\/p>\n","protected":false},"featured_media":28983,"template":"","meta":[],"product_brand":[412],"product_cat":[362,249],"product_tag":[],"class_list":{"0":"post-28989","1":"product","2":"type-product","3":"status-publish","4":"has-post-thumbnail","6":"product_brand-mark-ryden","7":"product_cat-bakpokar","8":"product_cat-bakpokar-toskur","10":"first","11":"instock","12":"sale","13":"taxable","14":"shipping-taxable","15":"purchasable","16":"product-type-simple"},"supplier_id":null,"supplier_sku":"","barcode":null,"atum_controlled":true,"out_stock_date":null,"out_stock_threshold":null,"inheritable":false,"inbound_stock":0,"stock_on_hold":0,"sold_today":0,"sales_last_days":0,"reserved_stock":0,"customer_returns":0,"warehouse_damage":0,"lost_in_post":0,"other_logs":0,"out_stock_days":0,"lost_sales":0,"has_location":false,"update_date":"2026-04-11T00:15:00","atum_locations":[],"atum_stock_status":"instock","restock_status":false,"low_stock_amount":"","sales_update_date":"2026-04-11T00:15:00","calc_backorders":null,"yoast_head":"<!-- This site is optimized with the Yoast SEO Premium plugin v26.6 (Yoast SEO v27.3) - https:\/\/yoast.com\/product\/yoast-seo-premium-wordpress\/ -->\n<title>CapaFlex er st\u00e6kkanlegur 22-29 l\u00edtra bakpoki. 17,3&quot; fart\u00f6lvur<\/title>\n<meta name=\"description\" content=\"CapaFlex fr\u00e1 Mark Ryden er gl\u00e6silegur, r\u00famg\u00f3\u00f0ur &amp; st\u00e6kkanlegur 22-29 l\u00edtra bakpoki fyrir allt a\u00f0 17,3&quot; fart\u00f6lvur. Falleg taska sem teki\u00f0 er eftir.\" \/>\n<meta name=\"robots\" content=\"index, follow, max-snippet:-1, max-image-preview:large, max-video-preview:-1\" \/>\n<link rel=\"canonical\" href=\"https:\/\/vorulagerinn.is\/product\/capaflex\/\" \/>\n<meta property=\"og:locale\" content=\"en_US\" \/>\n<meta property=\"og:type\" content=\"article\" \/>\n<meta property=\"og:title\" content=\"CapaFlex er r\u00famg\u00f3\u00f0ur &amp; st\u00e6kkanlegur 22-29 l\u00edtra bakpoki me\u00f0 vasa fyrir allt a\u00f0 17,3&quot; fart\u00f6lvur &amp; 12,9&quot; spjaldt\u00f6lvu\" \/>\n<meta property=\"og:description\" content=\"CapaFlex fr\u00e1 Mark Ryden er gl\u00e6silegur, r\u00famg\u00f3\u00f0ur &amp; st\u00e6kkanlegur 22-29 l\u00edtra bakpoki fyrir allt a\u00f0 17,3&quot; fart\u00f6lvur. Falleg taska sem teki\u00f0 er eftir.\" \/>\n<meta property=\"og:url\" content=\"https:\/\/vorulagerinn.is\/product\/capaflex\/\" \/>\n<meta property=\"og:site_name\" content=\"V&ouml;rulagerinn\" \/>\n<meta property=\"article:publisher\" content=\"https:\/\/www.facebook.com\/vorulagerinn\" \/>\n<meta property=\"article:modified_time\" content=\"2025-10-29T12:11:29+00:00\" \/>\n<meta property=\"og:image\" content=\"https:\/\/vorulagerinn.is\/wp-content\/uploads\/2025\/09\/MR9779.jpg\" \/>\n\t<meta property=\"og:image:width\" content=\"600\" \/>\n\t<meta property=\"og:image:height\" content=\"600\" \/>\n\t<meta property=\"og:image:type\" content=\"image\/jpeg\" \/>\n<meta name=\"twitter:card\" content=\"summary_large_image\" \/>\n<meta name=\"twitter:label1\" content=\"Price\" \/>\n\t<meta name=\"twitter:data1\" content=\"18.160&nbsp;kr.\" \/>\n\t<meta name=\"twitter:label2\" content=\"Availability\" \/>\n\t<meta name=\"twitter:data2\" content=\"In stock\" \/>\n<script type=\"application\/ld+json\" class=\"yoast-schema-graph\">{\"@context\":\"https:\\\/\\\/schema.org\",\"@graph\":[{\"@type\":\"WebPage\",\"@id\":\"https:\\\/\\\/vorulagerinn.is\\\/product\\\/capaflex\\\/\",\"url\":\"https:\\\/\\\/vorulagerinn.is\\\/product\\\/capaflex\\\/\",\"name\":\"CapaFlex er st\u00e6kkanlegur 22-29 l\u00edtra bakpoki. 17,3\\\" fart\u00f6lvur\",\"isPartOf\":{\"@id\":\"https:\\\/\\\/vorulagerinn.is\\\/#website\"},\"primaryImageOfPage\":{\"@id\":\"https:\\\/\\\/vorulagerinn.is\\\/product\\\/capaflex\\\/#primaryimage\"},\"image\":{\"@id\":\"https:\\\/\\\/vorulagerinn.is\\\/product\\\/capaflex\\\/#primaryimage\"},\"thumbnailUrl\":\"https:\\\/\\\/vorulagerinn.is\\\/wp-content\\\/uploads\\\/2025\\\/09\\\/MR9779.jpg\",\"datePublished\":\"2025-06-29T19:20:03+00:00\",\"dateModified\":\"2025-10-29T12:11:29+00:00\",\"description\":\"CapaFlex fr\u00e1 Mark Ryden er gl\u00e6silegur, r\u00famg\u00f3\u00f0ur & st\u00e6kkanlegur 22-29 l\u00edtra bakpoki fyrir allt a\u00f0 17,3\\\" fart\u00f6lvur. Falleg taska sem teki\u00f0 er eftir.\",\"breadcrumb\":{\"@id\":\"https:\\\/\\\/vorulagerinn.is\\\/product\\\/capaflex\\\/#breadcrumb\"},\"inLanguage\":\"en-US\",\"potentialAction\":[{\"@type\":\"ReadAction\",\"target\":[\"https:\\\/\\\/vorulagerinn.is\\\/product\\\/capaflex\\\/\"]}]},{\"@type\":\"ImageObject\",\"inLanguage\":\"en-US\",\"@id\":\"https:\\\/\\\/vorulagerinn.is\\\/product\\\/capaflex\\\/#primaryimage\",\"url\":\"https:\\\/\\\/vorulagerinn.is\\\/wp-content\\\/uploads\\\/2025\\\/09\\\/MR9779.jpg\",\"contentUrl\":\"https:\\\/\\\/vorulagerinn.is\\\/wp-content\\\/uploads\\\/2025\\\/09\\\/MR9779.jpg\",\"width\":600,\"height\":600},{\"@type\":\"BreadcrumbList\",\"@id\":\"https:\\\/\\\/vorulagerinn.is\\\/product\\\/capaflex\\\/#breadcrumb\",\"itemListElement\":[{\"@type\":\"ListItem\",\"position\":1,\"name\":\"Home\",\"item\":\"https:\\\/\\\/vorulagerinn.is\\\/\"},{\"@type\":\"ListItem\",\"position\":2,\"name\":\"Shop\",\"item\":\"https:\\\/\\\/vorulagerinn.is\\\/en\\\/shop\\\/\"},{\"@type\":\"ListItem\",\"position\":3,\"name\":\"CapaFlex er r\u00famg\u00f3\u00f0ur &amp; st\u00e6kkanlegur 22-29 l\u00edtra bakpoki me\u00f0 vasa fyrir allt a\u00f0 17,3&#8243; fart\u00f6lvur &amp; 12,9&#8243; spjaldt\u00f6lvu\"}]},{\"@type\":\"WebSite\",\"@id\":\"https:\\\/\\\/vorulagerinn.is\\\/#website\",\"url\":\"https:\\\/\\\/vorulagerinn.is\\\/\",\"name\":\"V\u00f6rulagerinn\",\"description\":\"L\u00e1ttu \u00fea\u00f0 eftir \u00fe\u00e9r\",\"publisher\":{\"@id\":\"https:\\\/\\\/vorulagerinn.is\\\/#organization\"},\"potentialAction\":[{\"@type\":\"SearchAction\",\"target\":{\"@type\":\"EntryPoint\",\"urlTemplate\":\"https:\\\/\\\/vorulagerinn.is\\\/?s={search_term_string}\"},\"query-input\":{\"@type\":\"PropertyValueSpecification\",\"valueRequired\":true,\"valueName\":\"search_term_string\"}}],\"inLanguage\":\"en-US\"},{\"@type\":\"Organization\",\"@id\":\"https:\\\/\\\/vorulagerinn.is\\\/#organization\",\"name\":\"V\u00f6rulagerinn\",\"url\":\"https:\\\/\\\/vorulagerinn.is\\\/\",\"logo\":{\"@type\":\"ImageObject\",\"inLanguage\":\"en-US\",\"@id\":\"https:\\\/\\\/vorulagerinn.is\\\/#\\\/schema\\\/logo\\\/image\\\/\",\"url\":\"https:\\\/\\\/vorulagerinn.is\\\/wp-content\\\/uploads\\\/2022\\\/09\\\/Vorulagerinn-Logo-588x160-1.png\",\"contentUrl\":\"https:\\\/\\\/vorulagerinn.is\\\/wp-content\\\/uploads\\\/2022\\\/09\\\/Vorulagerinn-Logo-588x160-1.png\",\"width\":588,\"height\":160,\"caption\":\"V\u00f6rulagerinn\"},\"image\":{\"@id\":\"https:\\\/\\\/vorulagerinn.is\\\/#\\\/schema\\\/logo\\\/image\\\/\"},\"sameAs\":[\"https:\\\/\\\/www.facebook.com\\\/vorulagerinn\",\"https:\\\/\\\/www.instagram.com\\\/vorulagerinn\\\/\"]}]}<\/script>\n<meta property=\"product:price:amount\" content=\"18160\" \/>\n<meta property=\"product:price:currency\" content=\"ISK\" \/>\n<meta property=\"og:availability\" content=\"instock\" \/>\n<meta property=\"product:availability\" content=\"instock\" \/>\n<meta property=\"product:retailer_item_id\" content=\"MR9779\" \/>\n<meta property=\"product:condition\" content=\"new\" \/>\n<!-- \/ Yoast SEO Premium plugin. -->","yoast_head_json":{"title":"CapaFlex er st\u00e6kkanlegur 22-29 l\u00edtra bakpoki. 17,3\" fart\u00f6lvur","description":"CapaFlex fr\u00e1 Mark Ryden er gl\u00e6silegur, r\u00famg\u00f3\u00f0ur & st\u00e6kkanlegur 22-29 l\u00edtra bakpoki fyrir allt a\u00f0 17,3\" fart\u00f6lvur. Falleg taska sem teki\u00f0 er eftir.","robots":{"index":"index","follow":"follow","max-snippet":"max-snippet:-1","max-image-preview":"max-image-preview:large","max-video-preview":"max-video-preview:-1"},"canonical":"https:\/\/vorulagerinn.is\/product\/capaflex\/","og_locale":"en_US","og_type":"article","og_title":"CapaFlex er r\u00famg\u00f3\u00f0ur &amp; st\u00e6kkanlegur 22-29 l\u00edtra bakpoki me\u00f0 vasa fyrir allt a\u00f0 17,3\" fart\u00f6lvur &amp; 12,9\" spjaldt\u00f6lvu","og_description":"CapaFlex fr\u00e1 Mark Ryden er gl\u00e6silegur, r\u00famg\u00f3\u00f0ur & st\u00e6kkanlegur 22-29 l\u00edtra bakpoki fyrir allt a\u00f0 17,3\" fart\u00f6lvur. Falleg taska sem teki\u00f0 er eftir.","og_url":"https:\/\/vorulagerinn.is\/product\/capaflex\/","og_site_name":"V&ouml;rulagerinn","article_publisher":"https:\/\/www.facebook.com\/vorulagerinn","article_modified_time":"2025-10-29T12:11:29+00:00","og_image":[{"width":600,"height":600,"url":"https:\/\/vorulagerinn.is\/wp-content\/uploads\/2025\/09\/MR9779.jpg","type":"image\/jpeg"}],"twitter_card":"summary_large_image","twitter_misc":{"Price":"18.160&nbsp;kr.","Availability":"In stock"},"schema":{"@context":"https:\/\/schema.org","@graph":[{"@type":"WebPage","@id":"https:\/\/vorulagerinn.is\/product\/capaflex\/","url":"https:\/\/vorulagerinn.is\/product\/capaflex\/","name":"CapaFlex er st\u00e6kkanlegur 22-29 l\u00edtra bakpoki. 17,3\" fart\u00f6lvur","isPartOf":{"@id":"https:\/\/vorulagerinn.is\/#website"},"primaryImageOfPage":{"@id":"https:\/\/vorulagerinn.is\/product\/capaflex\/#primaryimage"},"image":{"@id":"https:\/\/vorulagerinn.is\/product\/capaflex\/#primaryimage"},"thumbnailUrl":"https:\/\/vorulagerinn.is\/wp-content\/uploads\/2025\/09\/MR9779.jpg","datePublished":"2025-06-29T19:20:03+00:00","dateModified":"2025-10-29T12:11:29+00:00","description":"CapaFlex fr\u00e1 Mark Ryden er gl\u00e6silegur, r\u00famg\u00f3\u00f0ur & st\u00e6kkanlegur 22-29 l\u00edtra bakpoki fyrir allt a\u00f0 17,3\" fart\u00f6lvur. Falleg taska sem teki\u00f0 er eftir.","breadcrumb":{"@id":"https:\/\/vorulagerinn.is\/product\/capaflex\/#breadcrumb"},"inLanguage":"en-US","potentialAction":[{"@type":"ReadAction","target":["https:\/\/vorulagerinn.is\/product\/capaflex\/"]}]},{"@type":"ImageObject","inLanguage":"en-US","@id":"https:\/\/vorulagerinn.is\/product\/capaflex\/#primaryimage","url":"https:\/\/vorulagerinn.is\/wp-content\/uploads\/2025\/09\/MR9779.jpg","contentUrl":"https:\/\/vorulagerinn.is\/wp-content\/uploads\/2025\/09\/MR9779.jpg","width":600,"height":600},{"@type":"BreadcrumbList","@id":"https:\/\/vorulagerinn.is\/product\/capaflex\/#breadcrumb","itemListElement":[{"@type":"ListItem","position":1,"name":"Home","item":"https:\/\/vorulagerinn.is\/"},{"@type":"ListItem","position":2,"name":"Shop","item":"https:\/\/vorulagerinn.is\/en\/shop\/"},{"@type":"ListItem","position":3,"name":"CapaFlex er r\u00famg\u00f3\u00f0ur &amp; st\u00e6kkanlegur 22-29 l\u00edtra bakpoki me\u00f0 vasa fyrir allt a\u00f0 17,3&#8243; fart\u00f6lvur &amp; 12,9&#8243; spjaldt\u00f6lvu"}]},{"@type":"WebSite","@id":"https:\/\/vorulagerinn.is\/#website","url":"https:\/\/vorulagerinn.is\/","name":"V\u00f6rulagerinn","description":"L\u00e1ttu \u00fea\u00f0 eftir \u00fe\u00e9r","publisher":{"@id":"https:\/\/vorulagerinn.is\/#organization"},"potentialAction":[{"@type":"SearchAction","target":{"@type":"EntryPoint","urlTemplate":"https:\/\/vorulagerinn.is\/?s={search_term_string}"},"query-input":{"@type":"PropertyValueSpecification","valueRequired":true,"valueName":"search_term_string"}}],"inLanguage":"en-US"},{"@type":"Organization","@id":"https:\/\/vorulagerinn.is\/#organization","name":"V\u00f6rulagerinn","url":"https:\/\/vorulagerinn.is\/","logo":{"@type":"ImageObject","inLanguage":"en-US","@id":"https:\/\/vorulagerinn.is\/#\/schema\/logo\/image\/","url":"https:\/\/vorulagerinn.is\/wp-content\/uploads\/2022\/09\/Vorulagerinn-Logo-588x160-1.png","contentUrl":"https:\/\/vorulagerinn.is\/wp-content\/uploads\/2022\/09\/Vorulagerinn-Logo-588x160-1.png","width":588,"height":160,"caption":"V\u00f6rulagerinn"},"image":{"@id":"https:\/\/vorulagerinn.is\/#\/schema\/logo\/image\/"},"sameAs":["https:\/\/www.facebook.com\/vorulagerinn","https:\/\/www.instagram.com\/vorulagerinn\/"]}]},"product_price_amount":"18160","product_price_currency":"ISK","og_availability":"instock","product_availability":"instock","product_retailer_item_id":"MR9779","product_condition":"new"},"_links":{"self":[{"href":"https:\/\/vorulagerinn.is\/en\/wp-json\/wp\/v2\/product\/28989","targetHints":{"allow":["GET"]}}],"collection":[{"href":"https:\/\/vorulagerinn.is\/en\/wp-json\/wp\/v2\/product"}],"about":[{"href":"https:\/\/vorulagerinn.is\/en\/wp-json\/wp\/v2\/types\/product"}],"wp:featuredmedia":[{"embeddable":true,"href":"https:\/\/vorulagerinn.is\/en\/wp-json\/wp\/v2\/media\/28983"}],"wp:attachment":[{"href":"https:\/\/vorulagerinn.is\/en\/wp-json\/wp\/v2\/media?parent=28989"}],"wp:term":[{"taxonomy":"product_brand","embeddable":true,"href":"https:\/\/vorulagerinn.is\/en\/wp-json\/wp\/v2\/product_brand?post=28989"},{"taxonomy":"product_cat","embeddable":true,"href":"https:\/\/vorulagerinn.is\/en\/wp-json\/wp\/v2\/product_cat?post=28989"},{"taxonomy":"product_tag","embeddable":true,"href":"https:\/\/vorulagerinn.is\/en\/wp-json\/wp\/v2\/product_tag?post=28989"}],"curies":[{"name":"wp","href":"https:\/\/api.w.org\/{rel}","templated":true}]}}