{"id":29000,"date":"2025-06-29T13:42:25","date_gmt":"2025-06-29T13:42:25","guid":{"rendered":"https:\/\/vorulagerinn.is\/product\/slim1\/"},"modified":"2026-03-09T17:19:49","modified_gmt":"2026-03-09T17:19:49","slug":"slim1","status":"publish","type":"product","link":"https:\/\/vorulagerinn.is\/en\/product\/slim1\/","title":{"rendered":"Slim I er l\u00e9ttur fart\u00f6lvubakpoki (0,75 kg) sem er hanna\u00f0ur fyrir f\u00f3lk \u00e1 fer\u00f0inni"},"content":{"rendered":"<div style=\"width: 960px;\" class=\"wp-video\"><video class=\"wp-video-shortcode\" id=\"video-29000-1\" width=\"960\" height=\"540\" preload=\"metadata\" controls=\"controls\"><source type=\"video\/mp4\" src=\"https:\/\/fodurlandid.is\/wp-content\/uploads\/2025\/06\/MR-9813-Mark-Ryden.mp4?_=1\" \/><a href=\"https:\/\/fodurlandid.is\/wp-content\/uploads\/2025\/06\/MR-9813-Mark-Ryden.mp4\">https:\/\/fodurlandid.is\/wp-content\/uploads\/2025\/06\/MR-9813-Mark-Ryden.mp4<\/a><\/video><\/div>\n","protected":false},"excerpt":{"rendered":"<p>Slim I bakpokinn fr\u00e1 Mark Ryden er l\u00e9ttur (a\u00f0eins 0,75 kg), nettur me\u00f0 vatnsfr\u00e1hrindandi oxford efni. \u00dea\u00f0 er renndur vasi \u00e1 framhli\u00f0 t\u00f6skunnar me\u00f0 st\u00f3ru h\u00f3lfi. Innra r\u00fdmi t\u00f6skunnar er tv\u00edskipt \u00ed tv\u00f6 a\u00f0skilin h\u00f3lf me\u00f0 rennil\u00e1sum. Fremra h\u00f3lfi\u00f0 er r\u00famgott me\u00f0 2 litlum opnum h\u00f3lfum og einu st\u00e6rra \u00e1samt lyklafestingu.\u00a0Aftara r\u00fdmi\u00f0 er mj\u00f6g r\u00famgott me\u00f0 h\u00f3lfi fyrir allt a\u00f0 15,6 tommur fart\u00f6lvu me\u00f0 fr\u00f6nskum rennil\u00e1s til \u00feess a\u00f0 halda vi\u00f0 fart\u00f6lvuna. \u00dear a\u00f0 framan er vasi sem hentar fyrir spjaldt\u00f6lvur, s\u00edma og margt fleira. Hinum megin eru tveir opnir netavasar og einn renndur. Gl\u00e6sileg taska, l\u00e9tt og me\u00f0f\u00e6rileg.<\/p>\n<p>&#8211; Sj\u00e1 myndband ne\u00f0ar \u00e1 s\u00ed\u00f0u<br \/>\n&#8211; Litur: Svartur<br \/>\n&#8211; St\u00e6r\u00f0: 43 x 30 x 10 cm<br \/>\n&#8211; \u00deyngd: 0,75 kg.<br \/>\n&#8211; Efni: High-density Oxford fabric, vatnsfr\u00e1hrindandi<br \/>\n&#8211; Fyrir allt a\u00f0 15,6&#8243; fart\u00f6lvu<\/p>\n","protected":false},"featured_media":28990,"template":"","meta":[],"product_brand":[412],"product_cat":[362,249],"product_tag":[],"class_list":{"0":"post-29000","1":"product","2":"type-product","3":"status-publish","4":"has-post-thumbnail","6":"product_brand-mark-ryden","7":"product_cat-bakpokar","8":"product_cat-bakpokar-toskur","10":"first","11":"instock","12":"sale","13":"taxable","14":"shipping-taxable","15":"purchasable","16":"product-type-simple"},"supplier_id":null,"supplier_sku":"","barcode":null,"atum_controlled":true,"out_stock_date":null,"out_stock_threshold":null,"inheritable":false,"inbound_stock":0,"stock_on_hold":0,"sold_today":0,"sales_last_days":0,"reserved_stock":0,"customer_returns":0,"warehouse_damage":0,"lost_in_post":0,"other_logs":0,"out_stock_days":0,"lost_sales":0,"has_location":false,"update_date":"2026-04-12T00:16:05","atum_locations":[],"atum_stock_status":"instock","restock_status":false,"low_stock_amount":"","sales_update_date":"2026-04-12T00:16:05","calc_backorders":null,"yoast_head":"<!-- This site is optimized with the Yoast SEO Premium plugin v26.6 (Yoast SEO v27.3) - https:\/\/yoast.com\/product\/yoast-seo-premium-wordpress\/ -->\n<title>Slim I fart\u00f6lvubakpoki (0.75 kg) er hanna\u00f0ur fyrir f\u00f3lk \u00e1 fer\u00f0inni<\/title>\n<meta name=\"description\" content=\"Slim I fr\u00e1 Mark Ryden er gl\u00e6silegur og l\u00e9ttur fart\u00f6lvubakpoki fyrir allt a\u00f0 15,6 fart\u00f6lvur. Margir vasar, gott pl\u00e1ss og a\u00f0eins a\u00f0eins 0,75 kg.\" \/>\n<meta name=\"robots\" content=\"index, follow, max-snippet:-1, max-image-preview:large, max-video-preview:-1\" \/>\n<link rel=\"canonical\" href=\"https:\/\/vorulagerinn.is\/product\/slim1\/\" \/>\n<meta property=\"og:locale\" content=\"en_US\" \/>\n<meta property=\"og:type\" content=\"article\" \/>\n<meta property=\"og:title\" content=\"Slim I er l\u00e9ttur fart\u00f6lvubakpoki (0,75 kg) sem er hanna\u00f0ur fyrir f\u00f3lk \u00e1 fer\u00f0inni\" \/>\n<meta property=\"og:description\" content=\"Slim I fr\u00e1 Mark Ryden er gl\u00e6silegur og l\u00e9ttur fart\u00f6lvubakpoki fyrir allt a\u00f0 15,6 fart\u00f6lvur. Margir vasar, gott pl\u00e1ss og a\u00f0eins a\u00f0eins 0,75 kg.\" \/>\n<meta property=\"og:url\" content=\"https:\/\/vorulagerinn.is\/product\/slim1\/\" \/>\n<meta property=\"og:site_name\" content=\"V&ouml;rulagerinn\" \/>\n<meta property=\"article:publisher\" content=\"https:\/\/www.facebook.com\/vorulagerinn\" \/>\n<meta property=\"article:modified_time\" content=\"2026-03-09T17:19:49+00:00\" \/>\n<meta property=\"og:image\" content=\"https:\/\/vorulagerinn.is\/wp-content\/uploads\/2025\/09\/MR-9813-Mark-Ryden.jpg\" \/>\n\t<meta property=\"og:image:width\" content=\"600\" \/>\n\t<meta property=\"og:image:height\" content=\"600\" \/>\n\t<meta property=\"og:image:type\" content=\"image\/jpeg\" \/>\n<meta name=\"twitter:card\" content=\"summary_large_image\" \/>\n<meta name=\"twitter:label1\" content=\"Price\" \/>\n\t<meta name=\"twitter:data1\" content=\"13.840&nbsp;kr.\" \/>\n\t<meta name=\"twitter:label2\" content=\"Availability\" \/>\n\t<meta name=\"twitter:data2\" content=\"In stock\" \/>\n<script type=\"application\/ld+json\" class=\"yoast-schema-graph\">{\"@context\":\"https:\\\/\\\/schema.org\",\"@graph\":[{\"@type\":\"WebPage\",\"@id\":\"https:\\\/\\\/vorulagerinn.is\\\/product\\\/slim1\\\/\",\"url\":\"https:\\\/\\\/vorulagerinn.is\\\/product\\\/slim1\\\/\",\"name\":\"Slim I fart\u00f6lvubakpoki (0.75 kg) er hanna\u00f0ur fyrir f\u00f3lk \u00e1 fer\u00f0inni\",\"isPartOf\":{\"@id\":\"https:\\\/\\\/vorulagerinn.is\\\/#website\"},\"primaryImageOfPage\":{\"@id\":\"https:\\\/\\\/vorulagerinn.is\\\/product\\\/slim1\\\/#primaryimage\"},\"image\":{\"@id\":\"https:\\\/\\\/vorulagerinn.is\\\/product\\\/slim1\\\/#primaryimage\"},\"thumbnailUrl\":\"https:\\\/\\\/vorulagerinn.is\\\/wp-content\\\/uploads\\\/2025\\\/09\\\/MR-9813-Mark-Ryden.jpg\",\"datePublished\":\"2025-06-29T13:42:25+00:00\",\"dateModified\":\"2026-03-09T17:19:49+00:00\",\"description\":\"Slim I fr\u00e1 Mark Ryden er gl\u00e6silegur og l\u00e9ttur fart\u00f6lvubakpoki fyrir allt a\u00f0 15,6 fart\u00f6lvur. Margir vasar, gott pl\u00e1ss og a\u00f0eins a\u00f0eins 0,75 kg.\",\"breadcrumb\":{\"@id\":\"https:\\\/\\\/vorulagerinn.is\\\/product\\\/slim1\\\/#breadcrumb\"},\"inLanguage\":\"en-US\",\"potentialAction\":[{\"@type\":\"ReadAction\",\"target\":[\"https:\\\/\\\/vorulagerinn.is\\\/product\\\/slim1\\\/\"]}]},{\"@type\":\"ImageObject\",\"inLanguage\":\"en-US\",\"@id\":\"https:\\\/\\\/vorulagerinn.is\\\/product\\\/slim1\\\/#primaryimage\",\"url\":\"https:\\\/\\\/vorulagerinn.is\\\/wp-content\\\/uploads\\\/2025\\\/09\\\/MR-9813-Mark-Ryden.jpg\",\"contentUrl\":\"https:\\\/\\\/vorulagerinn.is\\\/wp-content\\\/uploads\\\/2025\\\/09\\\/MR-9813-Mark-Ryden.jpg\",\"width\":600,\"height\":600},{\"@type\":\"BreadcrumbList\",\"@id\":\"https:\\\/\\\/vorulagerinn.is\\\/product\\\/slim1\\\/#breadcrumb\",\"itemListElement\":[{\"@type\":\"ListItem\",\"position\":1,\"name\":\"Home\",\"item\":\"https:\\\/\\\/vorulagerinn.is\\\/\"},{\"@type\":\"ListItem\",\"position\":2,\"name\":\"Shop\",\"item\":\"https:\\\/\\\/vorulagerinn.is\\\/en\\\/shop\\\/\"},{\"@type\":\"ListItem\",\"position\":3,\"name\":\"Slim I er l\u00e9ttur fart\u00f6lvubakpoki (0,75 kg) sem er hanna\u00f0ur fyrir f\u00f3lk \u00e1 fer\u00f0inni\"}]},{\"@type\":\"WebSite\",\"@id\":\"https:\\\/\\\/vorulagerinn.is\\\/#website\",\"url\":\"https:\\\/\\\/vorulagerinn.is\\\/\",\"name\":\"V\u00f6rulagerinn\",\"description\":\"L\u00e1ttu \u00fea\u00f0 eftir \u00fe\u00e9r\",\"publisher\":{\"@id\":\"https:\\\/\\\/vorulagerinn.is\\\/#organization\"},\"potentialAction\":[{\"@type\":\"SearchAction\",\"target\":{\"@type\":\"EntryPoint\",\"urlTemplate\":\"https:\\\/\\\/vorulagerinn.is\\\/?s={search_term_string}\"},\"query-input\":{\"@type\":\"PropertyValueSpecification\",\"valueRequired\":true,\"valueName\":\"search_term_string\"}}],\"inLanguage\":\"en-US\"},{\"@type\":\"Organization\",\"@id\":\"https:\\\/\\\/vorulagerinn.is\\\/#organization\",\"name\":\"V\u00f6rulagerinn\",\"url\":\"https:\\\/\\\/vorulagerinn.is\\\/\",\"logo\":{\"@type\":\"ImageObject\",\"inLanguage\":\"en-US\",\"@id\":\"https:\\\/\\\/vorulagerinn.is\\\/#\\\/schema\\\/logo\\\/image\\\/\",\"url\":\"https:\\\/\\\/vorulagerinn.is\\\/wp-content\\\/uploads\\\/2022\\\/09\\\/Vorulagerinn-Logo-588x160-1.png\",\"contentUrl\":\"https:\\\/\\\/vorulagerinn.is\\\/wp-content\\\/uploads\\\/2022\\\/09\\\/Vorulagerinn-Logo-588x160-1.png\",\"width\":588,\"height\":160,\"caption\":\"V\u00f6rulagerinn\"},\"image\":{\"@id\":\"https:\\\/\\\/vorulagerinn.is\\\/#\\\/schema\\\/logo\\\/image\\\/\"},\"sameAs\":[\"https:\\\/\\\/www.facebook.com\\\/vorulagerinn\",\"https:\\\/\\\/www.instagram.com\\\/vorulagerinn\\\/\"]}]}<\/script>\n<meta property=\"product:price:amount\" content=\"13840\" \/>\n<meta property=\"product:price:currency\" content=\"ISK\" \/>\n<meta property=\"og:availability\" content=\"instock\" \/>\n<meta property=\"product:availability\" content=\"instock\" \/>\n<meta property=\"product:retailer_item_id\" content=\"MR-9813_00\" \/>\n<meta property=\"product:condition\" content=\"new\" \/>\n<!-- \/ Yoast SEO Premium plugin. -->","yoast_head_json":{"title":"Slim I fart\u00f6lvubakpoki (0.75 kg) er hanna\u00f0ur fyrir f\u00f3lk \u00e1 fer\u00f0inni","description":"Slim I fr\u00e1 Mark Ryden er gl\u00e6silegur og l\u00e9ttur fart\u00f6lvubakpoki fyrir allt a\u00f0 15,6 fart\u00f6lvur. Margir vasar, gott pl\u00e1ss og a\u00f0eins a\u00f0eins 0,75 kg.","robots":{"index":"index","follow":"follow","max-snippet":"max-snippet:-1","max-image-preview":"max-image-preview:large","max-video-preview":"max-video-preview:-1"},"canonical":"https:\/\/vorulagerinn.is\/product\/slim1\/","og_locale":"en_US","og_type":"article","og_title":"Slim I er l\u00e9ttur fart\u00f6lvubakpoki (0,75 kg) sem er hanna\u00f0ur fyrir f\u00f3lk \u00e1 fer\u00f0inni","og_description":"Slim I fr\u00e1 Mark Ryden er gl\u00e6silegur og l\u00e9ttur fart\u00f6lvubakpoki fyrir allt a\u00f0 15,6 fart\u00f6lvur. Margir vasar, gott pl\u00e1ss og a\u00f0eins a\u00f0eins 0,75 kg.","og_url":"https:\/\/vorulagerinn.is\/product\/slim1\/","og_site_name":"V&ouml;rulagerinn","article_publisher":"https:\/\/www.facebook.com\/vorulagerinn","article_modified_time":"2026-03-09T17:19:49+00:00","og_image":[{"width":600,"height":600,"url":"https:\/\/vorulagerinn.is\/wp-content\/uploads\/2025\/09\/MR-9813-Mark-Ryden.jpg","type":"image\/jpeg"}],"twitter_card":"summary_large_image","twitter_misc":{"Price":"13.840&nbsp;kr.","Availability":"In stock"},"schema":{"@context":"https:\/\/schema.org","@graph":[{"@type":"WebPage","@id":"https:\/\/vorulagerinn.is\/product\/slim1\/","url":"https:\/\/vorulagerinn.is\/product\/slim1\/","name":"Slim I fart\u00f6lvubakpoki (0.75 kg) er hanna\u00f0ur fyrir f\u00f3lk \u00e1 fer\u00f0inni","isPartOf":{"@id":"https:\/\/vorulagerinn.is\/#website"},"primaryImageOfPage":{"@id":"https:\/\/vorulagerinn.is\/product\/slim1\/#primaryimage"},"image":{"@id":"https:\/\/vorulagerinn.is\/product\/slim1\/#primaryimage"},"thumbnailUrl":"https:\/\/vorulagerinn.is\/wp-content\/uploads\/2025\/09\/MR-9813-Mark-Ryden.jpg","datePublished":"2025-06-29T13:42:25+00:00","dateModified":"2026-03-09T17:19:49+00:00","description":"Slim I fr\u00e1 Mark Ryden er gl\u00e6silegur og l\u00e9ttur fart\u00f6lvubakpoki fyrir allt a\u00f0 15,6 fart\u00f6lvur. Margir vasar, gott pl\u00e1ss og a\u00f0eins a\u00f0eins 0,75 kg.","breadcrumb":{"@id":"https:\/\/vorulagerinn.is\/product\/slim1\/#breadcrumb"},"inLanguage":"en-US","potentialAction":[{"@type":"ReadAction","target":["https:\/\/vorulagerinn.is\/product\/slim1\/"]}]},{"@type":"ImageObject","inLanguage":"en-US","@id":"https:\/\/vorulagerinn.is\/product\/slim1\/#primaryimage","url":"https:\/\/vorulagerinn.is\/wp-content\/uploads\/2025\/09\/MR-9813-Mark-Ryden.jpg","contentUrl":"https:\/\/vorulagerinn.is\/wp-content\/uploads\/2025\/09\/MR-9813-Mark-Ryden.jpg","width":600,"height":600},{"@type":"BreadcrumbList","@id":"https:\/\/vorulagerinn.is\/product\/slim1\/#breadcrumb","itemListElement":[{"@type":"ListItem","position":1,"name":"Home","item":"https:\/\/vorulagerinn.is\/"},{"@type":"ListItem","position":2,"name":"Shop","item":"https:\/\/vorulagerinn.is\/en\/shop\/"},{"@type":"ListItem","position":3,"name":"Slim I er l\u00e9ttur fart\u00f6lvubakpoki (0,75 kg) sem er hanna\u00f0ur fyrir f\u00f3lk \u00e1 fer\u00f0inni"}]},{"@type":"WebSite","@id":"https:\/\/vorulagerinn.is\/#website","url":"https:\/\/vorulagerinn.is\/","name":"V\u00f6rulagerinn","description":"L\u00e1ttu \u00fea\u00f0 eftir \u00fe\u00e9r","publisher":{"@id":"https:\/\/vorulagerinn.is\/#organization"},"potentialAction":[{"@type":"SearchAction","target":{"@type":"EntryPoint","urlTemplate":"https:\/\/vorulagerinn.is\/?s={search_term_string}"},"query-input":{"@type":"PropertyValueSpecification","valueRequired":true,"valueName":"search_term_string"}}],"inLanguage":"en-US"},{"@type":"Organization","@id":"https:\/\/vorulagerinn.is\/#organization","name":"V\u00f6rulagerinn","url":"https:\/\/vorulagerinn.is\/","logo":{"@type":"ImageObject","inLanguage":"en-US","@id":"https:\/\/vorulagerinn.is\/#\/schema\/logo\/image\/","url":"https:\/\/vorulagerinn.is\/wp-content\/uploads\/2022\/09\/Vorulagerinn-Logo-588x160-1.png","contentUrl":"https:\/\/vorulagerinn.is\/wp-content\/uploads\/2022\/09\/Vorulagerinn-Logo-588x160-1.png","width":588,"height":160,"caption":"V\u00f6rulagerinn"},"image":{"@id":"https:\/\/vorulagerinn.is\/#\/schema\/logo\/image\/"},"sameAs":["https:\/\/www.facebook.com\/vorulagerinn","https:\/\/www.instagram.com\/vorulagerinn\/"]}]},"product_price_amount":"13840","product_price_currency":"ISK","og_availability":"instock","product_availability":"instock","product_retailer_item_id":"MR-9813_00","product_condition":"new"},"_links":{"self":[{"href":"https:\/\/vorulagerinn.is\/en\/wp-json\/wp\/v2\/product\/29000","targetHints":{"allow":["GET"]}}],"collection":[{"href":"https:\/\/vorulagerinn.is\/en\/wp-json\/wp\/v2\/product"}],"about":[{"href":"https:\/\/vorulagerinn.is\/en\/wp-json\/wp\/v2\/types\/product"}],"wp:featuredmedia":[{"embeddable":true,"href":"https:\/\/vorulagerinn.is\/en\/wp-json\/wp\/v2\/media\/28990"}],"wp:attachment":[{"href":"https:\/\/vorulagerinn.is\/en\/wp-json\/wp\/v2\/media?parent=29000"}],"wp:term":[{"taxonomy":"product_brand","embeddable":true,"href":"https:\/\/vorulagerinn.is\/en\/wp-json\/wp\/v2\/product_brand?post=29000"},{"taxonomy":"product_cat","embeddable":true,"href":"https:\/\/vorulagerinn.is\/en\/wp-json\/wp\/v2\/product_cat?post=29000"},{"taxonomy":"product_tag","embeddable":true,"href":"https:\/\/vorulagerinn.is\/en\/wp-json\/wp\/v2\/product_tag?post=29000"}],"curies":[{"name":"wp","href":"https:\/\/api.w.org\/{rel}","templated":true}]}}